{"id":6121,"date":"2023-12-05T15:13:05","date_gmt":"2023-12-05T23:13:05","guid":{"rendered":"https:\/\/ingenieria.mxl.uabc.mx\/fim\/?page_id=6121"},"modified":"2025-06-23T09:24:16","modified_gmt":"2025-06-23T17:24:16","slug":"nuevo-ingreso-inicio-lic","status":"publish","type":"page","link":"https:\/\/ingenieria.mxl.uabc.mx\/fim\/nuevo-ingreso-inicio-lic\/","title":{"rendered":"Nuevo Ingreso Inicio &#8211; Licenciatura"},"content":{"rendered":"\t\t<div data-elementor-type=\"wp-page\" data-elementor-id=\"6121\" class=\"elementor elementor-6121\">\n\t\t\t\t<div class=\"elementor-element elementor-element-a32812a e-con-full e-flex e-con e-parent\" data-id=\"a32812a\" data-element_type=\"container\" data-e-type=\"container\">\n\t\t<div class=\"elementor-element elementor-element-d6f681b e-con-full e-flex e-con e-child\" data-id=\"d6f681b\" data-element_type=\"container\" data-e-type=\"container\">\n\t\t<div class=\"elementor-element elementor-element-09bf7bd e-con-full e-flex e-con e-child\" data-id=\"09bf7bd\" data-element_type=\"container\" data-e-type=\"container\" data-settings=\"{&quot;background_background&quot;:&quot;classic&quot;}\">\n\t\t\t\t<div class=\"elementor-element elementor-element-4513d07 elementor-widget elementor-widget-heading\" data-id=\"4513d07\" data-element_type=\"widget\" data-e-type=\"widget\" data-widget_type=\"heading.default\">\n\t\t\t\t<div class=\"elementor-widget-container\">\n\t\t\t\t\t<h2 class=\"elementor-heading-title elementor-size-default\">Curso Proped\u00e9utico y Curso de Inducci\u00f3n<\/h2>\t\t\t\t<\/div>\n\t\t\t\t<\/div>\n\t\t\t\t<div class=\"elementor-element elementor-element-98b2e9a elementor-widget-divider--view-line elementor-widget elementor-widget-divider\" data-id=\"98b2e9a\" data-element_type=\"widget\" data-e-type=\"widget\" data-widget_type=\"divider.default\">\n\t\t\t\t<div class=\"elementor-widget-container\">\n\t\t\t\t\t\t\t<div class=\"elementor-divider\">\n\t\t\t<span class=\"elementor-divider-separator\">\n\t\t\t\t\t\t<\/span>\n\t\t<\/div>\n\t\t\t\t\t\t<\/div>\n\t\t\t\t<\/div>\n\t\t\t\t<div class=\"elementor-element elementor-element-9fbee0b hfe-nav-menu__align-left hfe-submenu-icon-arrow hfe-link-redirect-child hfe-nav-menu__breakpoint-tablet elementor-widget elementor-widget-navigation-menu\" data-id=\"9fbee0b\" data-element_type=\"widget\" data-e-type=\"widget\" data-settings=\"{&quot;padding_horizontal_menu_item&quot;:{&quot;unit&quot;:&quot;px&quot;,&quot;size&quot;:0,&quot;sizes&quot;:[]},&quot;padding_vertical_menu_item&quot;:{&quot;unit&quot;:&quot;px&quot;,&quot;size&quot;:10,&quot;sizes&quot;:[]},&quot;menu_space_between&quot;:{&quot;unit&quot;:&quot;px&quot;,&quot;size&quot;:0,&quot;sizes&quot;:[]},&quot;padding_horizontal_menu_item_tablet&quot;:{&quot;unit&quot;:&quot;px&quot;,&quot;size&quot;:&quot;&quot;,&quot;sizes&quot;:[]},&quot;padding_horizontal_menu_item_mobile&quot;:{&quot;unit&quot;:&quot;px&quot;,&quot;size&quot;:&quot;&quot;,&quot;sizes&quot;:[]},&quot;padding_vertical_menu_item_tablet&quot;:{&quot;unit&quot;:&quot;px&quot;,&quot;size&quot;:&quot;&quot;,&quot;sizes&quot;:[]},&quot;padding_vertical_menu_item_mobile&quot;:{&quot;unit&quot;:&quot;px&quot;,&quot;size&quot;:&quot;&quot;,&quot;sizes&quot;:[]},&quot;menu_space_between_tablet&quot;:{&quot;unit&quot;:&quot;px&quot;,&quot;size&quot;:&quot;&quot;,&quot;sizes&quot;:[]},&quot;menu_space_between_mobile&quot;:{&quot;unit&quot;:&quot;px&quot;,&quot;size&quot;:&quot;&quot;,&quot;sizes&quot;:[]},&quot;dropdown_border_radius&quot;:{&quot;unit&quot;:&quot;px&quot;,&quot;top&quot;:&quot;&quot;,&quot;right&quot;:&quot;&quot;,&quot;bottom&quot;:&quot;&quot;,&quot;left&quot;:&quot;&quot;,&quot;isLinked&quot;:true},&quot;dropdown_border_radius_tablet&quot;:{&quot;unit&quot;:&quot;px&quot;,&quot;top&quot;:&quot;&quot;,&quot;right&quot;:&quot;&quot;,&quot;bottom&quot;:&quot;&quot;,&quot;left&quot;:&quot;&quot;,&quot;isLinked&quot;:true},&quot;dropdown_border_radius_mobile&quot;:{&quot;unit&quot;:&quot;px&quot;,&quot;top&quot;:&quot;&quot;,&quot;right&quot;:&quot;&quot;,&quot;bottom&quot;:&quot;&quot;,&quot;left&quot;:&quot;&quot;,&quot;isLinked&quot;:true},&quot;padding_horizontal_dropdown_item&quot;:{&quot;unit&quot;:&quot;px&quot;,&quot;size&quot;:&quot;&quot;,&quot;sizes&quot;:[]},&quot;padding_horizontal_dropdown_item_tablet&quot;:{&quot;unit&quot;:&quot;px&quot;,&quot;size&quot;:&quot;&quot;,&quot;sizes&quot;:[]},&quot;padding_horizontal_dropdown_item_mobile&quot;:{&quot;unit&quot;:&quot;px&quot;,&quot;size&quot;:&quot;&quot;,&quot;sizes&quot;:[]},&quot;padding_vertical_dropdown_item&quot;:{&quot;unit&quot;:&quot;px&quot;,&quot;size&quot;:15,&quot;sizes&quot;:[]},&quot;padding_vertical_dropdown_item_tablet&quot;:{&quot;unit&quot;:&quot;px&quot;,&quot;size&quot;:&quot;&quot;,&quot;sizes&quot;:[]},&quot;padding_vertical_dropdown_item_mobile&quot;:{&quot;unit&quot;:&quot;px&quot;,&quot;size&quot;:&quot;&quot;,&quot;sizes&quot;:[]},&quot;distance_from_menu&quot;:{&quot;unit&quot;:&quot;px&quot;,&quot;size&quot;:&quot;&quot;,&quot;sizes&quot;:[]},&quot;distance_from_menu_tablet&quot;:{&quot;unit&quot;:&quot;px&quot;,&quot;size&quot;:&quot;&quot;,&quot;sizes&quot;:[]},&quot;distance_from_menu_mobile&quot;:{&quot;unit&quot;:&quot;px&quot;,&quot;size&quot;:&quot;&quot;,&quot;sizes&quot;:[]},&quot;toggle_size&quot;:{&quot;unit&quot;:&quot;px&quot;,&quot;size&quot;:&quot;&quot;,&quot;sizes&quot;:[]},&quot;toggle_size_tablet&quot;:{&quot;unit&quot;:&quot;px&quot;,&quot;size&quot;:&quot;&quot;,&quot;sizes&quot;:[]},&quot;toggle_size_mobile&quot;:{&quot;unit&quot;:&quot;px&quot;,&quot;size&quot;:&quot;&quot;,&quot;sizes&quot;:[]},&quot;toggle_border_width&quot;:{&quot;unit&quot;:&quot;px&quot;,&quot;size&quot;:&quot;&quot;,&quot;sizes&quot;:[]},&quot;toggle_border_width_tablet&quot;:{&quot;unit&quot;:&quot;px&quot;,&quot;size&quot;:&quot;&quot;,&quot;sizes&quot;:[]},&quot;toggle_border_width_mobile&quot;:{&quot;unit&quot;:&quot;px&quot;,&quot;size&quot;:&quot;&quot;,&quot;sizes&quot;:[]},&quot;toggle_border_radius&quot;:{&quot;unit&quot;:&quot;px&quot;,&quot;size&quot;:&quot;&quot;,&quot;sizes&quot;:[]},&quot;toggle_border_radius_tablet&quot;:{&quot;unit&quot;:&quot;px&quot;,&quot;size&quot;:&quot;&quot;,&quot;sizes&quot;:[]},&quot;toggle_border_radius_mobile&quot;:{&quot;unit&quot;:&quot;px&quot;,&quot;size&quot;:&quot;&quot;,&quot;sizes&quot;:[]}}\" data-widget_type=\"navigation-menu.default\">\n\t\t\t\t<div class=\"elementor-widget-container\">\n\t\t\t\t\t\t\t\t<div class=\"hfe-nav-menu hfe-layout-vertical hfe-nav-menu-layout vertical\" data-layout=\"vertical\">\n\t\t\t\t<div role=\"button\" class=\"hfe-nav-menu__toggle elementor-clickable\" tabindex=\"0\" aria-label=\"Alternar men\u00fa\">\n\t\t\t\t\t<span class=\"screen-reader-text\">Men\u00fa<\/span>\n\t\t\t\t\t<div class=\"hfe-nav-menu-icon\">\n\t\t\t\t\t\t<i aria-hidden=\"true\"  class=\"fas fa-align-justify\"><\/i>\t\t\t\t\t<\/div>\n\t\t\t\t<\/div>\n\t\t\t\t<nav class=\"hfe-nav-menu__layout-vertical hfe-nav-menu__submenu-arrow\" data-toggle-icon=\"&lt;i aria-hidden=&quot;true&quot; tabindex=&quot;0&quot; class=&quot;fas fa-align-justify&quot;&gt;&lt;\/i&gt;\" data-close-icon=\"&lt;i aria-hidden=&quot;true&quot; tabindex=&quot;0&quot; class=&quot;far fa-window-close&quot;&gt;&lt;\/i&gt;\" data-full-width=\"yes\">\n\t\t\t\t\t<ul id=\"menu-1-9fbee0b\" class=\"hfe-nav-menu\"><li id=\"menu-item-6112\" class=\"menu-item menu-item-type-custom menu-item-object-custom parent hfe-creative-menu\"><a href=\"https:\/\/ingenieria.mxl.uabc.mx\/fim\/nuevo-ingreso-inicio-lic\/\" class = \"hfe-menu-item\">Inicio<\/a><\/li>\n<li id=\"menu-item-6114\" class=\"menu-item menu-item-type-custom menu-item-object-custom menu-item-has-children parent hfe-has-submenu hfe-creative-menu\"><div class=\"hfe-has-submenu-container\" tabindex=\"0\" role=\"button\" aria-haspopup=\"true\" aria-expanded=\"false\"><a role=\"button\" aria-expanded=\"false\" href=\"#\" class = \"hfe-menu-item\">Informaci\u00f3n de los cursos<span class='hfe-menu-toggle sub-arrow hfe-menu-child-0'><i class='fa'><\/i><\/span><\/a><\/div>\n<ul class=\"sub-menu\">\n\t<li id=\"menu-item-6118\" class=\"menu-item menu-item-type-custom menu-item-object-custom hfe-creative-menu\"><a href=\"https:\/\/ingenieria.mxl.uabc.mx\/fim\/info-curso-propedeutico-licenciatura\/\" class = \"hfe-sub-menu-item\">Curso Proped\u00e9utico<\/a><\/li>\n\t<li id=\"menu-item-6119\" class=\"menu-item menu-item-type-custom menu-item-object-custom hfe-creative-menu\"><a href=\"https:\/\/ingenieria.mxl.uabc.mx\/fim\/informacion-curso-nivelacion-licenciatura\/\" class = \"hfe-sub-menu-item\">Curso de Nivelaci\u00f3n<\/a><\/li>\n\t<li id=\"menu-item-6120\" class=\"menu-item menu-item-type-custom menu-item-object-custom hfe-creative-menu\"><a href=\"https:\/\/ingenieria.mxl.uabc.mx\/fim\/informacion-curso-induccion-licenciatura\/\" class = \"hfe-sub-menu-item\">Curso de Inducci\u00f3n<\/a><\/li>\n<\/ul>\n<\/li>\n<li id=\"menu-item-6115\" class=\"menu-item menu-item-type-custom menu-item-object-custom parent hfe-creative-menu\"><a href=\"https:\/\/ingenieria.mxl.uabc.mx\/fim\/oferta-educativa-licenciatura\/\" class = \"hfe-menu-item\">Oferta Educativa<\/a><\/li>\n<\/ul> \n\t\t\t\t<\/nav>\n\t\t\t<\/div>\n\t\t\t\t\t\t\t<\/div>\n\t\t\t\t<\/div>\n\t\t\t\t<\/div>\n\t\t\t\t<\/div>\n\t\t<div class=\"elementor-element elementor-element-d700dbe e-con-full e-flex e-con e-child\" data-id=\"d700dbe\" data-element_type=\"container\" data-e-type=\"container\">\n\t\t<div class=\"elementor-element elementor-element-7f8a134 e-con-full e-flex e-con e-child\" data-id=\"7f8a134\" data-element_type=\"container\" data-e-type=\"container\" data-settings=\"{&quot;background_background&quot;:&quot;classic&quot;}\">\n\t\t\t\t<div class=\"elementor-element elementor-element-7e30e08 elementor-widget elementor-widget-heading\" data-id=\"7e30e08\" data-element_type=\"widget\" data-e-type=\"widget\" data-widget_type=\"heading.default\">\n\t\t\t\t<div class=\"elementor-widget-container\">\n\t\t\t\t\t<h1 class=\"elementor-heading-title elementor-size-default\">Bienvenido<\/h1>\t\t\t\t<\/div>\n\t\t\t\t<\/div>\n\t\t\t\t<div class=\"elementor-element elementor-element-66d7613 elementor-widget-divider--view-line elementor-widget elementor-widget-divider\" data-id=\"66d7613\" data-element_type=\"widget\" data-e-type=\"widget\" data-widget_type=\"divider.default\">\n\t\t\t\t<div class=\"elementor-widget-container\">\n\t\t\t\t\t\t\t<div class=\"elementor-divider\">\n\t\t\t<span class=\"elementor-divider-separator\">\n\t\t\t\t\t\t<\/span>\n\t\t<\/div>\n\t\t\t\t\t\t<\/div>\n\t\t\t\t<\/div>\n\t\t\t\t<div class=\"elementor-element elementor-element-93d33d4 elementor-widget elementor-widget-text-editor\" data-id=\"93d33d4\" data-element_type=\"widget\" data-e-type=\"widget\" data-widget_type=\"text-editor.default\">\n\t\t\t\t<div class=\"elementor-widget-container\">\n\t\t\t\t\t\t\t\t\t<p><span style=\"font-size: 14pt;\"><strong>\u00a1Bienvenido alumno de nuevo ingreso!<\/strong><\/span><\/p><p>\u00a0<\/p><p><span style=\"font-size: 14pt;\">Recibe una cordial bienvenida a la<strong>\u00a0Facultad de Ingenier\u00eda Campus Mexicali<\/strong>, que ser\u00e1 tu segundo hogar en los pr\u00f3ximos a\u00f1os de tu formaci\u00f3n profesional.<\/span><\/p>\t\t\t\t\t\t\t\t<\/div>\n\t\t\t\t<\/div>\n\t\t\t\t<div class=\"elementor-element elementor-element-6754050 elementor-widget elementor-widget-image\" data-id=\"6754050\" data-element_type=\"widget\" data-e-type=\"widget\" data-widget_type=\"image.default\">\n\t\t\t\t<div class=\"elementor-widget-container\">\n\t\t\t\t\t\t\t\t\t\t\t\t\t\t\t<img fetchpriority=\"high\" decoding=\"async\" width=\"470\" height=\"154\" src=\"https:\/\/ingenieria.mxl.uabc.mx\/fim\/wp-content\/uploads\/2023\/12\/ing-int.jpg\" class=\"attachment-large size-large wp-image-6127\" alt=\"\" srcset=\"https:\/\/ingenieria.mxl.uabc.mx\/fim\/wp-content\/uploads\/2023\/12\/ing-int.jpg 470w, https:\/\/ingenieria.mxl.uabc.mx\/fim\/wp-content\/uploads\/2023\/12\/ing-int-300x98.jpg 300w\" sizes=\"(max-width: 470px) 100vw, 470px\" \/>\t\t\t\t\t\t\t\t\t\t\t\t\t\t\t<\/div>\n\t\t\t\t<\/div>\n\t\t\t\t<div class=\"elementor-element elementor-element-15ff8cb elementor-widget elementor-widget-text-editor\" data-id=\"15ff8cb\" data-element_type=\"widget\" data-e-type=\"widget\" data-widget_type=\"text-editor.default\">\n\t\t\t\t<div class=\"elementor-widget-container\">\n\t\t\t\t\t\t\t\t\t<p>\u00a0<\/p><p><span style=\"font-size: 14pt;\">Antes de iniciar formalmente tu primer semestre deber\u00e1s asistir a dos cursos importantes y necesarios para el inicio de tu nueva etapa estudantil.<\/span><\/p><p>\u00a0<\/p><ul><li><p><span style=\"font-size: 14pt;\"><strong>Curso Preparatorio:<\/strong>\u00a0los estudiantes que ingresan en el mes de agosto deber\u00e1n tomar un curso preparatorio llamado\u00a0<strong>Curso Proped\u00e9utico<\/strong>. Los estudiantes que ingresen en el mes de febrero tomar\u00e1n un\u00a0<strong>Curso de Nivelaci\u00f3n<\/strong>\u00a0que les ayudar\u00e1 a reforzar los conocimientos en el \u00e1rea de matem\u00e1ticas.<\/span><\/p><\/li><li><p><span style=\"font-size: 14pt;\"><strong>Curso de Inducci\u00f3n:<\/strong>\u00a0este curso ayuda a los estudiantes a conocer aspectos importantes de la Universidad y de la Facultad de Ingenier\u00eda.<\/span><\/p><\/li><\/ul><p><span style=\"font-size: 14pt;\">Tanto el Curso Preparatorio como el Curso de Inducci\u00f3n son\u00a0<strong>obligatorios<\/strong>\u00a0para cualquier estudiante de nuevo ingreso.<\/span><\/p>\t\t\t\t\t\t\t\t<\/div>\n\t\t\t\t<\/div>\n\t\t\t\t<\/div>\n\t\t\t\t<\/div>\n\t\t<div class=\"elementor-element elementor-element-7f413a1 e-con-full e-flex e-con e-child\" data-id=\"7f413a1\" data-element_type=\"container\" data-e-type=\"container\">\n\t\t<div class=\"elementor-element elementor-element-0f972e2 e-con-full e-flex e-con e-child\" data-id=\"0f972e2\" data-element_type=\"container\" data-e-type=\"container\" data-settings=\"{&quot;background_background&quot;:&quot;classic&quot;}\">\n\t\t\t\t<div class=\"elementor-element elementor-element-1cc6521 elementor-widget elementor-widget-heading\" data-id=\"1cc6521\" data-element_type=\"widget\" data-e-type=\"widget\" data-widget_type=\"heading.default\">\n\t\t\t\t<div class=\"elementor-widget-container\">\n\t\t\t\t\t<h2 class=\"elementor-heading-title elementor-size-default\">Contacto<\/h2>\t\t\t\t<\/div>\n\t\t\t\t<\/div>\n\t\t\t\t<div class=\"elementor-element elementor-element-a38254b elementor-widget-divider--view-line elementor-widget elementor-widget-divider\" data-id=\"a38254b\" data-element_type=\"widget\" data-e-type=\"widget\" data-widget_type=\"divider.default\">\n\t\t\t\t<div class=\"elementor-widget-container\">\n\t\t\t\t\t\t\t<div class=\"elementor-divider\">\n\t\t\t<span class=\"elementor-divider-separator\">\n\t\t\t\t\t\t<\/span>\n\t\t<\/div>\n\t\t\t\t\t\t<\/div>\n\t\t\t\t<\/div>\n\t\t\t\t<div class=\"elementor-element elementor-element-1312f45 elementor-widget elementor-widget-text-editor\" data-id=\"1312f45\" data-element_type=\"widget\" data-e-type=\"widget\" data-widget_type=\"text-editor.default\">\n\t\t\t\t<div class=\"elementor-widget-container\">\n\t\t\t\t\t\t\t\t\t<p><span style=\"font-size: 12pt;\"><span style=\"color: #ffcc00;\"><b style=\"color: #ffcc00; font-size: 12pt;\">Curso <\/b><span style=\"color: #ffcc00;\"><b>Proped\u00e9utico<\/b><\/span><\/span><\/span><\/p><p><span style=\"color: #339966; font-size: 12pt;\"><strong>Ing. Ana Liduvina L\u00f3pez Vargas<\/strong><\/span><br \/><span style=\"font-size: 12pt; color: #000000;\"><b style=\"font-size: 12pt;\">Coordinadora<\/b><\/span><\/p><p><span style=\"font-size: 12pt;\"><strong><span style=\"color: #339966;\">Email:<\/span><\/strong><\/span><span style=\"font-size: 12pt;\"><strong><span style=\"color: #000000;\"><a style=\"color: #000000;\" href=\"mailto:propedeutico.fim@uabc.edu.mx\"> propedeutico.fim@uabc.edu.mx<\/a><\/span><\/strong><\/span><br \/><span style=\"font-size: 12pt;\"><strong><span style=\"color: #339966;\">Telefono: <\/span><\/strong><\/span><strong style=\"font-size: 12pt;\">+52 (686) 841-82-35<\/strong><\/p><p><span style=\"font-size: 12pt;\"><strong><span style=\"color: #339966;\">Ext.<\/span> 44347<\/strong><\/span><\/p><p><span style=\"font-size: 12pt;\"><span style=\"color: #ffcc00;\"><b style=\"color: #ffcc00; font-size: 12pt;\"><br \/>Curso de Inducci\u00f3n e Integraci\u00f3n a la UABC &#8211; CIIU UABC<\/b><\/span><\/span><\/p><p><span style=\"color: #339966; font-size: 12pt;\"><strong>Psic. Mar\u00eda de los \u00c1ngeles Gonz\u00e1lez Barajas<\/strong><\/span><br \/><span style=\"font-size: 12pt; color: #000000;\"><b style=\"font-size: 12pt;\">Coordinadora<\/b><\/span><\/p><p><span style=\"font-size: 12pt;\"><strong><span style=\"color: #339966;\">Email:<\/span><\/strong><\/span><span style=\"font-size: 12pt;\"><strong><span style=\"color: #000000;\"><a style=\"color: #000000;\" href=\"mailto:angygo@uabc.edu.mx\"> angygo@uabc.edu.mx<\/a><\/span><\/strong><\/span><br \/><span style=\"font-size: 12pt;\"><strong><span style=\"color: #339966;\">Telefono: <\/span><\/strong><\/span><strong style=\"font-size: 12pt;\">+52 (686) 841-82-35<\/strong><\/p><p><span style=\"font-size: 12pt;\"><strong><span style=\"color: #339966;\">Ext.<\/span> 44339<\/strong><\/span><\/p>\t\t\t\t\t\t\t\t<\/div>\n\t\t\t\t<\/div>\n\t\t\t\t<\/div>\n\t\t\t\t<\/div>\n\t\t\t\t<\/div>\n\t\t\t\t<\/div>\n\t\t","protected":false},"excerpt":{"rendered":"<p>Curso Proped\u00e9utico y Curso de Inducci\u00f3n Men\u00fa Inicio Informaci\u00f3n de los cursos Curso Proped\u00e9utico Curso de Nivelaci\u00f3n Curso de Inducci\u00f3n Oferta Educativa Bienvenido \u00a1Bienvenido alumno de nuevo ingreso! \u00a0 Recibe una cordial bienvenida a la\u00a0Facultad de Ingenier\u00eda Campus Mexicali, que ser\u00e1 tu segundo hogar en los pr\u00f3ximos a\u00f1os de tu formaci\u00f3n profesional. \u00a0 Antes de [&hellip;]<\/p>\n","protected":false},"author":3,"featured_media":0,"parent":0,"menu_order":0,"comment_status":"closed","ping_status":"closed","template":"","meta":{"site-sidebar-layout":"no-sidebar","site-content-layout":"page-builder","ast-site-content-layout":"full-width-container","site-content-style":"default","site-sidebar-style":"default","ast-global-header-display":"","ast-banner-title-visibility":"","ast-main-header-display":"","ast-hfb-above-header-display":"","ast-hfb-below-header-display":"","ast-hfb-mobile-header-display":"","site-post-title":"disabled","ast-breadcrumbs-content":"","ast-featured-img":"disabled","footer-sml-layout":"","ast-disable-related-posts":"","theme-transparent-header-meta":"default","adv-header-id-meta":"","stick-header-meta":"","header-above-stick-meta":"","header-main-stick-meta":"","header-below-stick-meta":"","astra-migrate-meta-layouts":"set","ast-page-background-enabled":"default","ast-page-background-meta":{"desktop":{"background-color":"","background-image":"","background-repeat":"repeat","background-position":"center center","background-size":"auto","background-attachment":"scroll","background-type":"","background-media":"","overlay-type":"","overlay-color":"","overlay-opacity":"","overlay-gradient":""},"tablet":{"background-color":"","background-image":"","background-repeat":"repeat","background-position":"center center","background-size":"auto","background-attachment":"scroll","background-type":"","background-media":"","overlay-type":"","overlay-color":"","overlay-opacity":"","overlay-gradient":""},"mobile":{"background-color":"","background-image":"","background-repeat":"repeat","background-position":"center center","background-size":"auto","background-attachment":"scroll","background-type":"","background-media":"","overlay-type":"","overlay-color":"","overlay-opacity":"","overlay-gradient":""}},"ast-content-background-meta":{"desktop":{"background-color":"var(--ast-global-color-5)","background-image":"","background-repeat":"repeat","background-position":"center center","background-size":"auto","background-attachment":"scroll","background-type":"","background-media":"","overlay-type":"","overlay-color":"","overlay-opacity":"","overlay-gradient":""},"tablet":{"background-color":"var(--ast-global-color-5)","background-image":"","background-repeat":"repeat","background-position":"center center","background-size":"auto","background-attachment":"scroll","background-type":"","background-media":"","overlay-type":"","overlay-color":"","overlay-opacity":"","overlay-gradient":""},"mobile":{"background-color":"var(--ast-global-color-5)","background-image":"","background-repeat":"repeat","background-position":"center center","background-size":"auto","background-attachment":"scroll","background-type":"","background-media":"","overlay-type":"","overlay-color":"","overlay-opacity":"","overlay-gradient":""}},"footnotes":""},"class_list":["post-6121","page","type-page","status-publish","hentry"],"_links":{"self":[{"href":"https:\/\/ingenieria.mxl.uabc.mx\/fim\/wp-json\/wp\/v2\/pages\/6121","targetHints":{"allow":["GET"]}}],"collection":[{"href":"https:\/\/ingenieria.mxl.uabc.mx\/fim\/wp-json\/wp\/v2\/pages"}],"about":[{"href":"https:\/\/ingenieria.mxl.uabc.mx\/fim\/wp-json\/wp\/v2\/types\/page"}],"author":[{"embeddable":true,"href":"https:\/\/ingenieria.mxl.uabc.mx\/fim\/wp-json\/wp\/v2\/users\/3"}],"replies":[{"embeddable":true,"href":"https:\/\/ingenieria.mxl.uabc.mx\/fim\/wp-json\/wp\/v2\/comments?post=6121"}],"version-history":[{"count":37,"href":"https:\/\/ingenieria.mxl.uabc.mx\/fim\/wp-json\/wp\/v2\/pages\/6121\/revisions"}],"predecessor-version":[{"id":10994,"href":"https:\/\/ingenieria.mxl.uabc.mx\/fim\/wp-json\/wp\/v2\/pages\/6121\/revisions\/10994"}],"wp:attachment":[{"href":"https:\/\/ingenieria.mxl.uabc.mx\/fim\/wp-json\/wp\/v2\/media?parent=6121"}],"curies":[{"name":"wp","href":"https:\/\/api.w.org\/{rel}","templated":true}]}}