{"id":6325,"date":"2023-12-11T14:17:46","date_gmt":"2023-12-11T22:17:46","guid":{"rendered":"https:\/\/ingenieria.mxl.uabc.mx\/fim\/?page_id=6325"},"modified":"2026-01-22T12:17:18","modified_gmt":"2026-01-22T20:17:18","slug":"boletines-informativos-inicio","status":"publish","type":"page","link":"https:\/\/ingenieria.mxl.uabc.mx\/fim\/boletines-informativos-inicio\/","title":{"rendered":"Boletines Informativos &#8211; Inicio"},"content":{"rendered":"\t\t<div data-elementor-type=\"wp-page\" data-elementor-id=\"6325\" class=\"elementor elementor-6325\">\n\t\t\t\t<div class=\"elementor-element elementor-element-a32812a e-con-full e-flex e-con e-parent\" data-id=\"a32812a\" data-element_type=\"container\" data-e-type=\"container\">\n\t\t<div class=\"elementor-element elementor-element-d700dbe e-con-full e-flex e-con e-child\" data-id=\"d700dbe\" data-element_type=\"container\" data-e-type=\"container\">\n\t\t<div class=\"elementor-element elementor-element-7f8a134 e-con-full e-flex e-con e-child\" data-id=\"7f8a134\" data-element_type=\"container\" data-e-type=\"container\" data-settings=\"{&quot;background_background&quot;:&quot;classic&quot;}\">\n\t\t\t\t<div class=\"elementor-element elementor-element-7e30e08 elementor-widget elementor-widget-heading\" data-id=\"7e30e08\" data-element_type=\"widget\" data-e-type=\"widget\" data-widget_type=\"heading.default\">\n\t\t\t\t<div class=\"elementor-widget-container\">\n\t\t\t\t\t<h1 class=\"elementor-heading-title elementor-size-default\">Bolet\u00edn Informativo FIM<\/h1>\t\t\t\t<\/div>\n\t\t\t\t<\/div>\n\t\t\t\t<div class=\"elementor-element elementor-element-66d7613 elementor-widget-divider--view-line elementor-widget elementor-widget-divider\" data-id=\"66d7613\" data-element_type=\"widget\" data-e-type=\"widget\" data-widget_type=\"divider.default\">\n\t\t\t\t<div class=\"elementor-widget-container\">\n\t\t\t\t\t\t\t<div class=\"elementor-divider\">\n\t\t\t<span class=\"elementor-divider-separator\">\n\t\t\t\t\t\t<\/span>\n\t\t<\/div>\n\t\t\t\t\t\t<\/div>\n\t\t\t\t<\/div>\n\t\t\t\t<div class=\"elementor-element elementor-element-15ff8cb elementor-widget elementor-widget-text-editor\" data-id=\"15ff8cb\" data-element_type=\"widget\" data-e-type=\"widget\" data-widget_type=\"text-editor.default\">\n\t\t\t\t<div class=\"elementor-widget-container\">\n\t\t\t\t\t\t\t\t\t<div class=\"CjVfdc\"><span style=\"font-size: 14pt;\">En cumplimiento al Plan de Desarrollo de la Facultad de Ingenier\u00eda, les presentamos nuestro Bolet\u00edn Informativo FIM, el cual se publicar\u00e1 peri\u00f3dicamente para mantener informada a nuestra comunidad de los acontecimientos m\u00e1s relevantes desarrollados como parte de la vida universitaria.<\/span><\/div><div>\u00a0<\/div><div><div><a style=\"font-size: 14pt; background-color: #ffffff;\" href=\"https:\/\/ingenieria.mxl.uabc.mx\/fim\/wp-content\/uploads\/2026\/01\/Boletin-Informativo_FIM-2025-2.pdf\" target=\"_blank\" rel=\"noopener\">Bolet\u00edn #14 Informativo FIM (julio-diciembre 2025)<\/a><\/div><div><div><a style=\"font-size: 14pt; background-color: #ffffff;\" href=\"https:\/\/ingenieria.mxl.uabc.mx\/fim\/wp-content\/uploads\/2026\/01\/Boletin-Informativo_FIM-2025-1.pdf\" target=\"_blank\" rel=\"noopener\">Bolet\u00edn #13 Informativo FIM (enero-mayo 2024)<\/a><\/div><\/div><\/div><div><div><a style=\"font-size: 14pt; background-color: #ffffff;\" href=\"https:\/\/drive.google.com\/file\/d\/1SSXPpnLRP6lXCl6cuhXOD8_4emn_gWox\/view?usp=sharing\" target=\"_blank\" rel=\"noopener\">Bolet\u00edn #12 Informativo FIM (junio-octubre 2024)<\/a><\/div><div><div><a style=\"font-size: 14pt; background-color: #ffffff;\" href=\"https:\/\/www.yumpu.com\/es\/document\/read\/68728514\/boletin-fim-uabc-2024-1\" target=\"_blank\" rel=\"noopener\">Bolet\u00edn #11 Informativo FIM (enero-mayo 2024)<\/a><\/div><\/div><\/div><div><div><a style=\"font-size: 14pt; background-color: #ffffff;\" href=\"https:\/\/www.yumpu.com\/es\/document\/read\/68581199\/boletin-informativo-fim-2023-2\" target=\"_blank\" rel=\"noopener\">Bolet\u00edn #10 Informativo FIM (agosto-diciembre 2023)<\/a><\/div><\/div><div><span style=\"font-size: 14pt;\"><a href=\"https:\/\/www.yumpu.com\/es\/document\/read\/68398515\/boletin-fim-uabc-mayo-junio-2023\" target=\"_blank\" rel=\"noopener\">Bolet\u00edn #9 Informativo FIM (mayo-junio 2023)<\/a><\/span><\/div><div><span style=\"font-size: 14pt;\"><a href=\"https:\/\/www.yumpu.com\/es\/document\/read\/68249884\/boletin-fim-febrero-abril-2023-1\" target=\"_blank\" rel=\"noopener\">Bolet\u00edn #8 Informativo FIM (febrero &#8211; marzo &#8211; abril 2023)<\/a><\/span><\/div><div><span style=\"font-size: 14pt;\"><a href=\"https:\/\/www.yumpu.com\/es\/document\/read\/67544709\/boletin-fim-noviembre-2022-2-enero2023-1\" target=\"_blank\" rel=\"noopener\">Bolet\u00edn #7 informativo FIM (nov. 2022 &#8211; enero 2023)<\/a><\/span><\/div><div><span style=\"font-size: 14pt;\"><a href=\"https:\/\/www.yumpu.com\/es\/document\/read\/67433306\/boletin-fim-uabc-agosto-octubre-2022-2\" target=\"_blank\" rel=\"noopener noreferrer\">Bolet\u00edn #6 informativo FIM (agosto &#8211; octubre 2022)<\/a><\/span><\/div><div><span style=\"font-size: 14pt;\"><a href=\"https:\/\/www.yumpu.com\/es\/document\/read\/67098588\/boletin-facultad-de-ingenieria-mayo-junio\" target=\"_blank\" rel=\"noopener\">Bolet\u00edn #5 Informativo FIM (mayo &#8211; junio 2022)<\/a><\/span><\/div><div><span style=\"font-size: 14pt;\"><a href=\"https:\/\/www.yumpu.com\/es\/document\/read\/66984859\/boletin-informativo-fim\" target=\"_blank\" rel=\"noopener\">Bolet\u00edn #4 Informativo FIM (febrero &#8211; marzo &#8211; abril 2022)<\/a><\/span><\/div><div><span style=\"font-size: 14pt;\"><a href=\"https:\/\/www.yumpu.com\/es\/document\/read\/66441898\/boletin-informativo-facultad-de-ingenieria\" target=\"_blank\" rel=\"noopener\">Bolet\u00edn #3 Informativo FIM (noviembre\u00a0 &#8211; diciembre 2021 &#8211; enero 2022)<\/a><\/span><\/div><div><span style=\"font-size: 14pt;\"><a href=\"https:\/\/www.yumpu.com\/es\/document\/read\/65998202\/boletin-facultad-de-ingenieria-2021-2\" target=\"_blank\" rel=\"noopener\">Bolet\u00edn #2 Informativo FIM (agosto &#8211; septiembre &#8211; octubre 2021)<\/a><\/span><\/div><div><span style=\"font-size: 14pt;\"><a href=\"https:\/\/www.yumpu.com\/es\/document\/read\/65848943\/boletin-facultad-de-ingenieria-2021-1\" target=\"_blank\" rel=\"noopener\">Bolet\u00edn #1 Informativo FIM (mayo &#8211; junio 2021)<\/a><\/span><\/div><div>\u00a0<\/div><div>\u00a0<\/div>\t\t\t\t\t\t\t\t<\/div>\n\t\t\t\t<\/div>\n\t\t\t\t<\/div>\n\t\t\t\t<\/div>\n\t\t<div class=\"elementor-element elementor-element-7f413a1 e-con-full e-flex e-con e-child\" data-id=\"7f413a1\" data-element_type=\"container\" data-e-type=\"container\">\n\t\t<div class=\"elementor-element elementor-element-0f972e2 e-con-full e-flex e-con e-child\" data-id=\"0f972e2\" data-element_type=\"container\" data-e-type=\"container\" data-settings=\"{&quot;background_background&quot;:&quot;classic&quot;}\">\n\t\t\t\t<div class=\"elementor-element elementor-element-1cc6521 elementor-widget elementor-widget-heading\" data-id=\"1cc6521\" data-element_type=\"widget\" data-e-type=\"widget\" data-widget_type=\"heading.default\">\n\t\t\t\t<div class=\"elementor-widget-container\">\n\t\t\t\t\t<h2 class=\"elementor-heading-title elementor-size-default\">Contacto<\/h2>\t\t\t\t<\/div>\n\t\t\t\t<\/div>\n\t\t\t\t<div class=\"elementor-element elementor-element-a38254b elementor-widget-divider--view-line elementor-widget elementor-widget-divider\" data-id=\"a38254b\" data-element_type=\"widget\" data-e-type=\"widget\" data-widget_type=\"divider.default\">\n\t\t\t\t<div class=\"elementor-widget-container\">\n\t\t\t\t\t\t\t<div class=\"elementor-divider\">\n\t\t\t<span class=\"elementor-divider-separator\">\n\t\t\t\t\t\t<\/span>\n\t\t<\/div>\n\t\t\t\t\t\t<\/div>\n\t\t\t\t<\/div>\n\t\t\t\t<div class=\"elementor-element elementor-element-1312f45 elementor-widget elementor-widget-text-editor\" data-id=\"1312f45\" data-element_type=\"widget\" data-e-type=\"widget\" data-widget_type=\"text-editor.default\">\n\t\t\t\t<div class=\"elementor-widget-container\">\n\t\t\t\t\t\t\t\t\t<p><span style=\"color: #339966; font-size: 12pt;\"><strong>Dra. Araceli Celina Justo L\u00f3pez<\/strong><\/span><br \/><span style=\"font-size: 12pt;\"><span style=\"color: #ffcc00;\"><strong>Directora<\/strong><\/span><\/span><\/p><p>\u00a0<\/p><p><span style=\"font-size: 12pt;\"><strong><span style=\"color: #339966;\">Email:<\/span><\/strong><\/span><span style=\"font-size: 12pt;\"><strong><span style=\"color: #000000;\"><a style=\"color: #000000;\" href=\"mailto:directora_fim@uabc.edu.mx\"> directora.fim@uabc.edu.mx<\/a><\/span><\/strong><\/span><br \/><span style=\"font-size: 12pt;\"><strong><span style=\"color: #339966;\">Telefono: <\/span><\/strong><\/span><strong style=\"font-size: 12pt;\">+52 (686) 841-82-35<\/strong><\/p><p><span style=\"font-size: 12pt;\"><strong><span style=\"color: #339966;\">Ext.<\/span> 44301<\/strong><\/span><\/p>\t\t\t\t\t\t\t\t<\/div>\n\t\t\t\t<\/div>\n\t\t\t\t<div class=\"elementor-element elementor-element-97a8645 elementor-widget elementor-widget-image\" data-id=\"97a8645\" data-element_type=\"widget\" data-e-type=\"widget\" data-widget_type=\"image.default\">\n\t\t\t\t<div class=\"elementor-widget-container\">\n\t\t\t\t\t\t\t\t\t\t\t\t\t\t\t\t<a href=\"https:\/\/www.facebook.com\/fimuabc\" target=\"_blank\">\n\t\t\t\t\t\t\t<img decoding=\"async\" width=\"188\" height=\"45\" src=\"https:\/\/ingenieria.mxl.uabc.mx\/fim\/wp-content\/uploads\/2023\/11\/facebookfim2.png\" class=\"attachment-large size-large wp-image-4982\" alt=\"facebook fim\" \/>\t\t\t\t\t\t\t\t<\/a>\n\t\t\t\t\t\t\t\t\t\t\t\t\t\t\t<\/div>\n\t\t\t\t<\/div>\n\t\t\t\t<\/div>\n\t\t\t\t<\/div>\n\t\t\t\t<\/div>\n\t\t\t\t<\/div>\n\t\t","protected":false},"excerpt":{"rendered":"<p>Bolet\u00edn Informativo FIM En cumplimiento al Plan de Desarrollo de la Facultad de Ingenier\u00eda, les presentamos nuestro Bolet\u00edn Informativo FIM, el cual se publicar\u00e1 peri\u00f3dicamente para mantener informada a nuestra comunidad de los acontecimientos m\u00e1s relevantes desarrollados como parte de la vida universitaria.\u00a0Bolet\u00edn #14 Informativo FIM (julio-diciembre 2025)Bolet\u00edn #13 Informativo FIM (enero-mayo 2024)Bolet\u00edn #12 Informativo [&hellip;]<\/p>\n","protected":false},"author":3,"featured_media":0,"parent":0,"menu_order":0,"comment_status":"closed","ping_status":"closed","template":"","meta":{"site-sidebar-layout":"no-sidebar","site-content-layout":"page-builder","ast-site-content-layout":"full-width-container","site-content-style":"default","site-sidebar-style":"default","ast-global-header-display":"","ast-banner-title-visibility":"","ast-main-header-display":"","ast-hfb-above-header-display":"","ast-hfb-below-header-display":"","ast-hfb-mobile-header-display":"","site-post-title":"disabled","ast-breadcrumbs-content":"","ast-featured-img":"disabled","footer-sml-layout":"","ast-disable-related-posts":"","theme-transparent-header-meta":"default","adv-header-id-meta":"","stick-header-meta":"","header-above-stick-meta":"","header-main-stick-meta":"","header-below-stick-meta":"","astra-migrate-meta-layouts":"set","ast-page-background-enabled":"default","ast-page-background-meta":{"desktop":{"background-color":"","background-image":"","background-repeat":"repeat","background-position":"center center","background-size":"auto","background-attachment":"scroll","background-type":"","background-media":"","overlay-type":"","overlay-color":"","overlay-opacity":"","overlay-gradient":""},"tablet":{"background-color":"","background-image":"","background-repeat":"repeat","background-position":"center center","background-size":"auto","background-attachment":"scroll","background-type":"","background-media":"","overlay-type":"","overlay-color":"","overlay-opacity":"","overlay-gradient":""},"mobile":{"background-color":"","background-image":"","background-repeat":"repeat","background-position":"center center","background-size":"auto","background-attachment":"scroll","background-type":"","background-media":"","overlay-type":"","overlay-color":"","overlay-opacity":"","overlay-gradient":""}},"ast-content-background-meta":{"desktop":{"background-color":"var(--ast-global-color-5)","background-image":"","background-repeat":"repeat","background-position":"center center","background-size":"auto","background-attachment":"scroll","background-type":"","background-media":"","overlay-type":"","overlay-color":"","overlay-opacity":"","overlay-gradient":""},"tablet":{"background-color":"var(--ast-global-color-5)","background-image":"","background-repeat":"repeat","background-position":"center center","background-size":"auto","background-attachment":"scroll","background-type":"","background-media":"","overlay-type":"","overlay-color":"","overlay-opacity":"","overlay-gradient":""},"mobile":{"background-color":"var(--ast-global-color-5)","background-image":"","background-repeat":"repeat","background-position":"center center","background-size":"auto","background-attachment":"scroll","background-type":"","background-media":"","overlay-type":"","overlay-color":"","overlay-opacity":"","overlay-gradient":""}},"footnotes":""},"class_list":["post-6325","page","type-page","status-publish","hentry"],"_links":{"self":[{"href":"https:\/\/ingenieria.mxl.uabc.mx\/fim\/wp-json\/wp\/v2\/pages\/6325","targetHints":{"allow":["GET"]}}],"collection":[{"href":"https:\/\/ingenieria.mxl.uabc.mx\/fim\/wp-json\/wp\/v2\/pages"}],"about":[{"href":"https:\/\/ingenieria.mxl.uabc.mx\/fim\/wp-json\/wp\/v2\/types\/page"}],"author":[{"embeddable":true,"href":"https:\/\/ingenieria.mxl.uabc.mx\/fim\/wp-json\/wp\/v2\/users\/3"}],"replies":[{"embeddable":true,"href":"https:\/\/ingenieria.mxl.uabc.mx\/fim\/wp-json\/wp\/v2\/comments?post=6325"}],"version-history":[{"count":47,"href":"https:\/\/ingenieria.mxl.uabc.mx\/fim\/wp-json\/wp\/v2\/pages\/6325\/revisions"}],"predecessor-version":[{"id":11404,"href":"https:\/\/ingenieria.mxl.uabc.mx\/fim\/wp-json\/wp\/v2\/pages\/6325\/revisions\/11404"}],"wp:attachment":[{"href":"https:\/\/ingenieria.mxl.uabc.mx\/fim\/wp-json\/wp\/v2\/media?parent=6325"}],"curies":[{"name":"wp","href":"https:\/\/api.w.org\/{rel}","templated":true}]}}