{"id":7373,"date":"2024-01-16T13:54:42","date_gmt":"2024-01-16T21:54:42","guid":{"rendered":"https:\/\/ingenieria.mxl.uabc.mx\/fim\/?page_id=7373"},"modified":"2025-02-17T11:51:52","modified_gmt":"2025-02-17T19:51:52","slug":"investigacion-academicos-prodep-inv-y-pos","status":"publish","type":"page","link":"https:\/\/ingenieria.mxl.uabc.mx\/fim\/investigacion-academicos-prodep-inv-y-pos\/","title":{"rendered":"Investigacion &#8211; Academicos Perfil PRODEP &#8211; Inv y Pos"},"content":{"rendered":"\t\t<div data-elementor-type=\"wp-page\" data-elementor-id=\"7373\" class=\"elementor elementor-7373\">\n\t\t\t\t<div class=\"elementor-element elementor-element-a32812a e-con-full e-flex e-con e-parent\" data-id=\"a32812a\" data-element_type=\"container\" data-e-type=\"container\">\n\t\t<div class=\"elementor-element elementor-element-d6f681b e-con-full elementor-hidden-tablet elementor-hidden-mobile e-flex e-con e-child\" data-id=\"d6f681b\" data-element_type=\"container\" data-e-type=\"container\">\n\t\t<div class=\"elementor-element elementor-element-09bf7bd e-con-full e-flex e-con e-child\" data-id=\"09bf7bd\" data-element_type=\"container\" data-e-type=\"container\" data-settings=\"{&quot;background_background&quot;:&quot;classic&quot;}\">\n\t\t\t\t<div class=\"elementor-element elementor-element-4513d07 elementor-widget elementor-widget-heading\" data-id=\"4513d07\" data-element_type=\"widget\" data-e-type=\"widget\" data-widget_type=\"heading.default\">\n\t\t\t\t<div class=\"elementor-widget-container\">\n\t\t\t\t\t<h2 class=\"elementor-heading-title elementor-size-default\">Investigaci\u00f3n<\/h2>\t\t\t\t<\/div>\n\t\t\t\t<\/div>\n\t\t\t\t<div class=\"elementor-element elementor-element-98b2e9a elementor-widget-divider--view-line elementor-widget elementor-widget-divider\" data-id=\"98b2e9a\" data-element_type=\"widget\" data-e-type=\"widget\" data-widget_type=\"divider.default\">\n\t\t\t\t<div class=\"elementor-widget-container\">\n\t\t\t\t\t\t\t<div class=\"elementor-divider\">\n\t\t\t<span class=\"elementor-divider-separator\">\n\t\t\t\t\t\t<\/span>\n\t\t<\/div>\n\t\t\t\t\t\t<\/div>\n\t\t\t\t<\/div>\n\t\t\t\t<div class=\"elementor-element elementor-element-9fbee0b hfe-nav-menu__align-left hfe-submenu-icon-arrow hfe-link-redirect-child hfe-nav-menu__breakpoint-tablet elementor-widget elementor-widget-navigation-menu\" data-id=\"9fbee0b\" data-element_type=\"widget\" data-e-type=\"widget\" data-settings=\"{&quot;padding_horizontal_menu_item&quot;:{&quot;unit&quot;:&quot;px&quot;,&quot;size&quot;:0,&quot;sizes&quot;:[]},&quot;padding_vertical_menu_item&quot;:{&quot;unit&quot;:&quot;px&quot;,&quot;size&quot;:10,&quot;sizes&quot;:[]},&quot;menu_space_between&quot;:{&quot;unit&quot;:&quot;px&quot;,&quot;size&quot;:0,&quot;sizes&quot;:[]},&quot;padding_horizontal_menu_item_tablet&quot;:{&quot;unit&quot;:&quot;px&quot;,&quot;size&quot;:&quot;&quot;,&quot;sizes&quot;:[]},&quot;padding_horizontal_menu_item_mobile&quot;:{&quot;unit&quot;:&quot;px&quot;,&quot;size&quot;:&quot;&quot;,&quot;sizes&quot;:[]},&quot;padding_vertical_menu_item_tablet&quot;:{&quot;unit&quot;:&quot;px&quot;,&quot;size&quot;:&quot;&quot;,&quot;sizes&quot;:[]},&quot;padding_vertical_menu_item_mobile&quot;:{&quot;unit&quot;:&quot;px&quot;,&quot;size&quot;:&quot;&quot;,&quot;sizes&quot;:[]},&quot;menu_space_between_tablet&quot;:{&quot;unit&quot;:&quot;px&quot;,&quot;size&quot;:&quot;&quot;,&quot;sizes&quot;:[]},&quot;menu_space_between_mobile&quot;:{&quot;unit&quot;:&quot;px&quot;,&quot;size&quot;:&quot;&quot;,&quot;sizes&quot;:[]},&quot;dropdown_border_radius&quot;:{&quot;unit&quot;:&quot;px&quot;,&quot;top&quot;:&quot;&quot;,&quot;right&quot;:&quot;&quot;,&quot;bottom&quot;:&quot;&quot;,&quot;left&quot;:&quot;&quot;,&quot;isLinked&quot;:true},&quot;dropdown_border_radius_tablet&quot;:{&quot;unit&quot;:&quot;px&quot;,&quot;top&quot;:&quot;&quot;,&quot;right&quot;:&quot;&quot;,&quot;bottom&quot;:&quot;&quot;,&quot;left&quot;:&quot;&quot;,&quot;isLinked&quot;:true},&quot;dropdown_border_radius_mobile&quot;:{&quot;unit&quot;:&quot;px&quot;,&quot;top&quot;:&quot;&quot;,&quot;right&quot;:&quot;&quot;,&quot;bottom&quot;:&quot;&quot;,&quot;left&quot;:&quot;&quot;,&quot;isLinked&quot;:true},&quot;padding_horizontal_dropdown_item&quot;:{&quot;unit&quot;:&quot;px&quot;,&quot;size&quot;:&quot;&quot;,&quot;sizes&quot;:[]},&quot;padding_horizontal_dropdown_item_tablet&quot;:{&quot;unit&quot;:&quot;px&quot;,&quot;size&quot;:&quot;&quot;,&quot;sizes&quot;:[]},&quot;padding_horizontal_dropdown_item_mobile&quot;:{&quot;unit&quot;:&quot;px&quot;,&quot;size&quot;:&quot;&quot;,&quot;sizes&quot;:[]},&quot;padding_vertical_dropdown_item&quot;:{&quot;unit&quot;:&quot;px&quot;,&quot;size&quot;:15,&quot;sizes&quot;:[]},&quot;padding_vertical_dropdown_item_tablet&quot;:{&quot;unit&quot;:&quot;px&quot;,&quot;size&quot;:&quot;&quot;,&quot;sizes&quot;:[]},&quot;padding_vertical_dropdown_item_mobile&quot;:{&quot;unit&quot;:&quot;px&quot;,&quot;size&quot;:&quot;&quot;,&quot;sizes&quot;:[]},&quot;distance_from_menu&quot;:{&quot;unit&quot;:&quot;px&quot;,&quot;size&quot;:&quot;&quot;,&quot;sizes&quot;:[]},&quot;distance_from_menu_tablet&quot;:{&quot;unit&quot;:&quot;px&quot;,&quot;size&quot;:&quot;&quot;,&quot;sizes&quot;:[]},&quot;distance_from_menu_mobile&quot;:{&quot;unit&quot;:&quot;px&quot;,&quot;size&quot;:&quot;&quot;,&quot;sizes&quot;:[]},&quot;toggle_size&quot;:{&quot;unit&quot;:&quot;px&quot;,&quot;size&quot;:&quot;&quot;,&quot;sizes&quot;:[]},&quot;toggle_size_tablet&quot;:{&quot;unit&quot;:&quot;px&quot;,&quot;size&quot;:&quot;&quot;,&quot;sizes&quot;:[]},&quot;toggle_size_mobile&quot;:{&quot;unit&quot;:&quot;px&quot;,&quot;size&quot;:&quot;&quot;,&quot;sizes&quot;:[]},&quot;toggle_border_width&quot;:{&quot;unit&quot;:&quot;px&quot;,&quot;size&quot;:&quot;&quot;,&quot;sizes&quot;:[]},&quot;toggle_border_width_tablet&quot;:{&quot;unit&quot;:&quot;px&quot;,&quot;size&quot;:&quot;&quot;,&quot;sizes&quot;:[]},&quot;toggle_border_width_mobile&quot;:{&quot;unit&quot;:&quot;px&quot;,&quot;size&quot;:&quot;&quot;,&quot;sizes&quot;:[]},&quot;toggle_border_radius&quot;:{&quot;unit&quot;:&quot;px&quot;,&quot;size&quot;:&quot;&quot;,&quot;sizes&quot;:[]},&quot;toggle_border_radius_tablet&quot;:{&quot;unit&quot;:&quot;px&quot;,&quot;size&quot;:&quot;&quot;,&quot;sizes&quot;:[]},&quot;toggle_border_radius_mobile&quot;:{&quot;unit&quot;:&quot;px&quot;,&quot;size&quot;:&quot;&quot;,&quot;sizes&quot;:[]}}\" data-widget_type=\"navigation-menu.default\">\n\t\t\t\t<div class=\"elementor-widget-container\">\n\t\t\t\t\t\t\t\t<div class=\"hfe-nav-menu hfe-layout-vertical hfe-nav-menu-layout vertical\" data-layout=\"vertical\">\n\t\t\t\t<div role=\"button\" class=\"hfe-nav-menu__toggle elementor-clickable\" tabindex=\"0\" aria-label=\"Alternar men\u00fa\">\n\t\t\t\t\t<span class=\"screen-reader-text\">Men\u00fa<\/span>\n\t\t\t\t\t<div class=\"hfe-nav-menu-icon\">\n\t\t\t\t\t\t<i aria-hidden=\"true\"  class=\"fas fa-align-justify\"><\/i>\t\t\t\t\t<\/div>\n\t\t\t\t<\/div>\n\t\t\t\t<nav class=\"hfe-nav-menu__layout-vertical hfe-nav-menu__submenu-arrow\" data-toggle-icon=\"&lt;i aria-hidden=&quot;true&quot; tabindex=&quot;0&quot; class=&quot;fas fa-align-justify&quot;&gt;&lt;\/i&gt;\" data-close-icon=\"&lt;i aria-hidden=&quot;true&quot; tabindex=&quot;0&quot; class=&quot;far fa-window-close&quot;&gt;&lt;\/i&gt;\" data-full-width=\"yes\">\n\t\t\t\t\t<ul id=\"menu-1-9fbee0b\" class=\"hfe-nav-menu\"><li id=\"menu-item-6905\" class=\"menu-item menu-item-type-custom menu-item-object-custom parent hfe-creative-menu\"><a href=\"https:\/\/ingenieria.mxl.uabc.mx\/fim\/investigacion-profesor-investigador-inv-y-pos\/\" class = \"hfe-menu-item\">Profesores &#8211; Investigadores<\/a><\/li>\n<li id=\"menu-item-6906\" class=\"menu-item menu-item-type-custom menu-item-object-custom parent hfe-creative-menu\"><a href=\"https:\/\/ingenieria.mxl.uabc.mx\/fim\/investigacion-academicos-prodep-inv-y-pos\/\" class = \"hfe-menu-item\">Acad\u00e9micos Perfil PRODEP<\/a><\/li>\n<li id=\"menu-item-6907\" class=\"menu-item menu-item-type-custom menu-item-object-custom parent hfe-creative-menu\"><a href=\"https:\/\/ingenieria.mxl.uabc.mx\/fim\/investigacion-miembros-sni-inv-y-pos\/\" class = \"hfe-menu-item\">Miembros del SNI<\/a><\/li>\n<li id=\"menu-item-6908\" class=\"menu-item menu-item-type-custom menu-item-object-custom menu-item-has-children parent hfe-has-submenu hfe-creative-menu\"><div class=\"hfe-has-submenu-container\" tabindex=\"0\" role=\"button\" aria-haspopup=\"true\" aria-expanded=\"false\"><a aria-expanded=\"false\" href=\"#\" class = \"hfe-menu-item\">CA y LGAC<span class='hfe-menu-toggle sub-arrow hfe-menu-child-0'><i class='fa'><\/i><\/span><\/a><\/div>\n<ul class=\"sub-menu\">\n\t<li id=\"menu-item-8624\" class=\"menu-item menu-item-type-custom menu-item-object-custom hfe-creative-menu\"><a target=\"_blank\"rel=\"noopener\" href=\"https:\/\/sites.google.com\/uabc.edu.mx\/bioinformtica-y-biofotnica\" class = \"hfe-sub-menu-item\">Bioinform\u00e1tica y biofot\u00f3nica<\/a><\/li>\n\t<li id=\"menu-item-6909\" class=\"menu-item menu-item-type-custom menu-item-object-custom hfe-creative-menu\"><a target=\"_blank\"rel=\"noopener\" href=\"https:\/\/sites.google.com\/uabc.edu.mx\/bioingeniera-y-salud-ambiental\/\" class = \"hfe-sub-menu-item\">Bioingenier\u00eda y salud ambiental<\/a><\/li>\n\t<li id=\"menu-item-6910\" class=\"menu-item menu-item-type-custom menu-item-object-custom hfe-creative-menu\"><a target=\"_blank\"rel=\"noopener\" href=\"https:\/\/sites.google.com\/uabc.edu.mx\/bioingeniera-y-sistemas\/\" class = \"hfe-sub-menu-item\">Bioingenier\u00eda y sistemas electroqu\u00edmicos<\/a><\/li>\n\t<li id=\"menu-item-6911\" class=\"menu-item menu-item-type-custom menu-item-object-custom hfe-creative-menu\"><a target=\"_blank\"rel=\"noopener\" href=\"https:\/\/sites.google.com\/uabc.edu.mx\/biotecnologaycuidadoambientall\/\" class = \"hfe-sub-menu-item\">Biotecnolog\u00eda y cuidado ambiental<\/a><\/li>\n\t<li id=\"menu-item-6912\" class=\"menu-item menu-item-type-custom menu-item-object-custom hfe-creative-menu\"><a target=\"_blank\"rel=\"noopener\" href=\"https:\/\/sites.google.com\/uabc.edu.mx\/cienciasbsicasdelaingeniera\/\" class = \"hfe-sub-menu-item\">Ciencias b\u00e1sicas de la ingenier\u00eda<\/a><\/li>\n\t<li id=\"menu-item-6913\" class=\"menu-item menu-item-type-custom menu-item-object-custom hfe-creative-menu\"><a target=\"_blank\"rel=\"noopener\" href=\"https:\/\/sites.google.com\/uabc.edu.mx\/cmputo-cientfico\/\" class = \"hfe-sub-menu-item\">C\u00f3mputo cient\u00edfico<\/a><\/li>\n\t<li id=\"menu-item-6914\" class=\"menu-item menu-item-type-custom menu-item-object-custom hfe-creative-menu\"><a target=\"_blank\"rel=\"noopener\" href=\"https:\/\/sites.google.com\/uabc.edu.mx\/desarrollo-de-sistemas-integra\/\" class = \"hfe-sub-menu-item\">Desarrollo de sistemas integrales electr\u00f3nicos y aeroespaciales aplicados<\/a><\/li>\n\t<li id=\"menu-item-6915\" class=\"menu-item menu-item-type-custom menu-item-object-custom hfe-creative-menu\"><a target=\"_blank\"rel=\"noopener\" href=\"https:\/\/sites.google.com\/uabc.edu.mx\/energia1\/\" class = \"hfe-sub-menu-item\">Energ\u00eda<\/a><\/li>\n\t<li id=\"menu-item-6916\" class=\"menu-item menu-item-type-custom menu-item-object-custom hfe-creative-menu\"><a target=\"_blank\"rel=\"noopener\" href=\"https:\/\/sites.google.com\/uabc.edu.mx\/fsicaaplicada\/\" class = \"hfe-sub-menu-item\">F\u00edsica aplicada<\/a><\/li>\n\t<li id=\"menu-item-6917\" class=\"menu-item menu-item-type-custom menu-item-object-custom hfe-creative-menu\"><a target=\"_blank\"rel=\"noopener\" href=\"https:\/\/sites.google.com\/uabc.edu.mx\/infraestructuradeltransporte\/\" class = \"hfe-sub-menu-item\">Infraestructura del transporte, desarrollo regional e impacto social<\/a><\/li>\n\t<li id=\"menu-item-6918\" class=\"menu-item menu-item-type-custom menu-item-object-custom hfe-creative-menu\"><a target=\"_blank\"rel=\"noopener\" href=\"https:\/\/sites.google.com\/uabc.edu.mx\/ingenieracivilysustentabilidad\/\" class = \"hfe-sub-menu-item\">Ingenier\u00eda civil y sustentabilidad<\/a><\/li>\n\t<li id=\"menu-item-8620\" class=\"menu-item menu-item-type-custom menu-item-object-custom hfe-creative-menu\"><a target=\"_blank\"rel=\"noopener\" href=\"https:\/\/sites.google.com\/uabc.edu.mx\/ingeniera-elctrica\" class = \"hfe-sub-menu-item\">Ingenier\u00eda el\u00e9ctrica<\/a><\/li>\n\t<li id=\"menu-item-6919\" class=\"menu-item menu-item-type-custom menu-item-object-custom hfe-creative-menu\"><a target=\"_blank\"rel=\"noopener\" href=\"https:\/\/sites.google.com\/uabc.edu.mx\/ingeniera-industrialyeducacion\/\" class = \"hfe-sub-menu-item\">Ingenier\u00eda industrial y educaci\u00f3n<\/a><\/li>\n\t<li id=\"menu-item-6920\" class=\"menu-item menu-item-type-custom menu-item-object-custom hfe-creative-menu\"><a target=\"_blank\"rel=\"noopener\" href=\"https:\/\/sites.google.com\/uabc.edu.mx\/ingenieraytecnologa\/\" class = \"hfe-sub-menu-item\">Ingenier\u00eda y tecnolog\u00eda de los materiales<\/a><\/li>\n\t<li id=\"menu-item-6921\" class=\"menu-item menu-item-type-custom menu-item-object-custom hfe-creative-menu\"><a target=\"_blank\"rel=\"noopener\" href=\"https:\/\/sites.google.com\/uabc.edu.mx\/manufactura-y-salud-ocupaciona\/\" class = \"hfe-sub-menu-item\">Manufactura y salud ocupacional<\/a><\/li>\n\t<li id=\"menu-item-6922\" class=\"menu-item menu-item-type-custom menu-item-object-custom hfe-creative-menu\"><a target=\"_blank\"rel=\"noopener\" href=\"https:\/\/sites.google.com\/uabc.edu.mx\/optimizacindeprocesos\/\" class = \"hfe-sub-menu-item\">Optimizaci\u00f3n de procesos productivos y sustentabilidad<\/a><\/li>\n\t<li id=\"menu-item-6923\" class=\"menu-item menu-item-type-custom menu-item-object-custom hfe-creative-menu\"><a target=\"_blank\"rel=\"noopener\" href=\"https:\/\/sites.google.com\/uabc.edu.mx\/optoelectronica\/\" class = \"hfe-sub-menu-item\">Optoelectr\u00f3nica y mediciones autom\u00e1ticas<\/a><\/li>\n\t<li id=\"menu-item-6924\" class=\"menu-item menu-item-type-custom menu-item-object-custom hfe-creative-menu\"><a target=\"_blank\"rel=\"noopener\" href=\"https:\/\/sites.google.com\/uabc.edu.mx\/sistemas-de-manufactura\/\" class = \"hfe-sub-menu-item\">Sistemas de manufactura y producci\u00f3n<\/a><\/li>\n\t<li id=\"menu-item-6925\" class=\"menu-item menu-item-type-custom menu-item-object-custom hfe-creative-menu\"><a target=\"_blank\"rel=\"noopener\" href=\"https:\/\/sites.google.com\/uabc.edu.mx\/sistemas-energticos\/\" class = \"hfe-sub-menu-item\">Sistemas energ\u00e9ticos<\/a><\/li>\n\t<li id=\"menu-item-6926\" class=\"menu-item menu-item-type-custom menu-item-object-custom hfe-creative-menu\"><a target=\"_blank\"rel=\"noopener\" href=\"https:\/\/sites.google.com\/uabc.edu.mx\/tecnologiascomputacional\/\" class = \"hfe-sub-menu-item\">Tecnolog\u00edas computacionales para la gesti\u00f3n del conocimiento<\/a><\/li>\n\t<li id=\"menu-item-6927\" class=\"menu-item menu-item-type-custom menu-item-object-custom hfe-creative-menu\"><a target=\"_blank\"rel=\"noopener\" href=\"https:\/\/sites.google.com\/uabc.edu.mx\/tecnologas-de-ingeniera\/\" class = \"hfe-sub-menu-item\">Tecnolog\u00edas de ingenier\u00eda y manufactura aeroespacial<\/a><\/li>\n\t<li id=\"menu-item-6928\" class=\"menu-item menu-item-type-custom menu-item-object-custom hfe-creative-menu\"><a target=\"_blank\"rel=\"noopener\" href=\"https:\/\/sites.google.com\/uabc.edu.mx\/tecnologasparaambientes\/\" class = \"hfe-sub-menu-item\">Tecnolog\u00edas para ambientes inteligentes<\/a><\/li>\n<\/ul>\n<\/li>\n<li id=\"menu-item-6929\" class=\"menu-item menu-item-type-custom menu-item-object-custom parent hfe-creative-menu\"><a href=\"https:\/\/ingenieria.mxl.uabc.mx\/fim\/investigacion-proyectos-inv-y-pos\/\" class = \"hfe-menu-item\">Proyectos de Investigaci\u00f3n<\/a><\/li>\n<li id=\"menu-item-6930\" class=\"menu-item menu-item-type-custom menu-item-object-custom parent hfe-creative-menu\"><a href=\"https:\/\/ingenieria.mxl.uabc.mx\/fim\/investigacion-productividad-inv-y-pos\/\" class = \"hfe-menu-item\">Productividad<\/a><\/li>\n<li id=\"menu-item-6931\" class=\"menu-item menu-item-type-custom menu-item-object-custom parent hfe-creative-menu\"><a href=\"https:\/\/ingenieria.mxl.uabc.mx\/fim\/investigacion-propiedad-intelectual-inv-y-pos\/\" class = \"hfe-menu-item\">PI y Transferencia<\/a><\/li>\n<li id=\"menu-item-6932\" class=\"menu-item menu-item-type-custom menu-item-object-custom parent hfe-creative-menu\"><a href=\"https:\/\/ingenieria.mxl.uabc.mx\/fim\/investigacion-difusion-divulgacion-inv-y-pos\/\" class = \"hfe-menu-item\">Difusi\u00f3n y Divulgaci\u00f3n<\/a><\/li>\n<\/ul> \n\t\t\t\t<\/nav>\n\t\t\t<\/div>\n\t\t\t\t\t\t\t<\/div>\n\t\t\t\t<\/div>\n\t\t\t\t<\/div>\n\t\t\t\t<\/div>\n\t\t<div class=\"elementor-element elementor-element-d700dbe e-con-full e-flex e-con e-child\" data-id=\"d700dbe\" data-element_type=\"container\" data-e-type=\"container\">\n\t\t<div class=\"elementor-element elementor-element-7f8a134 e-con-full e-flex e-con e-child\" data-id=\"7f8a134\" data-element_type=\"container\" data-e-type=\"container\" data-settings=\"{&quot;background_background&quot;:&quot;classic&quot;}\">\n\t\t\t\t<div class=\"elementor-element elementor-element-7e30e08 elementor-widget elementor-widget-heading\" data-id=\"7e30e08\" data-element_type=\"widget\" data-e-type=\"widget\" data-widget_type=\"heading.default\">\n\t\t\t\t<div class=\"elementor-widget-container\">\n\t\t\t\t\t<h1 class=\"elementor-heading-title elementor-size-default\">Acad\u00e9micos Perfil PRODEP<\/h1>\t\t\t\t<\/div>\n\t\t\t\t<\/div>\n\t\t\t\t<div class=\"elementor-element elementor-element-66d7613 elementor-widget-divider--view-line elementor-widget elementor-widget-divider\" data-id=\"66d7613\" data-element_type=\"widget\" data-e-type=\"widget\" data-widget_type=\"divider.default\">\n\t\t\t\t<div class=\"elementor-widget-container\">\n\t\t\t\t\t\t\t<div class=\"elementor-divider\">\n\t\t\t<span class=\"elementor-divider-separator\">\n\t\t\t\t\t\t<\/span>\n\t\t<\/div>\n\t\t\t\t\t\t<\/div>\n\t\t\t\t<\/div>\n\t\t\t\t<div class=\"elementor-element elementor-element-93d33d4 elementor-widget elementor-widget-text-editor\" data-id=\"93d33d4\" data-element_type=\"widget\" data-e-type=\"widget\" data-widget_type=\"text-editor.default\">\n\t\t\t\t<div class=\"elementor-widget-container\">\n\t\t\t\t\t\t\t\t\t<p><span style=\"font-size: 14pt;\">Documento en blanco<\/span><\/p>\t\t\t\t\t\t\t\t<\/div>\n\t\t\t\t<\/div>\n\t\t\t\t<\/div>\n\t\t\t\t<\/div>\n\t\t<div class=\"elementor-element elementor-element-7f413a1 e-con-full e-flex e-con e-child\" data-id=\"7f413a1\" data-element_type=\"container\" data-e-type=\"container\">\n\t\t<div class=\"elementor-element elementor-element-0f972e2 e-con-full e-flex e-con e-child\" data-id=\"0f972e2\" data-element_type=\"container\" data-e-type=\"container\" data-settings=\"{&quot;background_background&quot;:&quot;classic&quot;}\">\n\t\t\t\t<div class=\"elementor-element elementor-element-1cc6521 elementor-widget elementor-widget-heading\" data-id=\"1cc6521\" data-element_type=\"widget\" data-e-type=\"widget\" data-widget_type=\"heading.default\">\n\t\t\t\t<div class=\"elementor-widget-container\">\n\t\t\t\t\t<h2 class=\"elementor-heading-title elementor-size-default\">Contacto<\/h2>\t\t\t\t<\/div>\n\t\t\t\t<\/div>\n\t\t\t\t<div class=\"elementor-element elementor-element-a38254b elementor-widget-divider--view-line elementor-widget elementor-widget-divider\" data-id=\"a38254b\" data-element_type=\"widget\" data-e-type=\"widget\" data-widget_type=\"divider.default\">\n\t\t\t\t<div class=\"elementor-widget-container\">\n\t\t\t\t\t\t\t<div class=\"elementor-divider\">\n\t\t\t<span class=\"elementor-divider-separator\">\n\t\t\t\t\t\t<\/span>\n\t\t<\/div>\n\t\t\t\t\t\t<\/div>\n\t\t\t\t<\/div>\n\t\t\t\t<div class=\"elementor-element elementor-element-1312f45 elementor-widget elementor-widget-text-editor\" data-id=\"1312f45\" data-element_type=\"widget\" data-e-type=\"widget\" data-widget_type=\"text-editor.default\">\n\t\t\t\t<div class=\"elementor-widget-container\">\n\t\t\t\t\t\t\t\t\t<p><span style=\"color: #339966; font-size: 12pt;\"><strong>Dr. Juan Pablo Garc\u00eda V\u00e1zquez\u00a0<\/strong><\/span><br \/><span style=\"font-size: 12pt; color: #ffcc00;\"><b style=\"font-size: 12pt;\">Coordinador de Investigaci\u00f3n y Posgrado<\/b><\/span><\/p><p>\u00a0<\/p><p><span style=\"font-size: 12pt;\"><strong><span style=\"color: #339966;\">Email:<\/span><\/strong><\/span><span style=\"font-size: 12pt;\"><strong><span style=\"color: #000000;\"><a style=\"color: #000000;\" href=\"mailto:posgrado_fim@uabc.edu.mx\"> posgrado_fim@uabc.edu.mx<\/a><\/span><\/strong><\/span><br \/><span style=\"font-size: 12pt;\"><strong><span style=\"color: #339966;\">Tel\u00e9fono: <\/span><\/strong><\/span><strong style=\"font-size: 12pt;\">+52 (686) 841-82-35<\/strong><\/p><p><span style=\"font-size: 12pt;\"><strong><span style=\"color: #339966;\">Ext.<\/span> 44330<\/strong><\/span><\/p>\t\t\t\t\t\t\t\t<\/div>\n\t\t\t\t<\/div>\n\t\t\t\t<div class=\"elementor-element elementor-element-0f48188 elementor-widget elementor-widget-image\" data-id=\"0f48188\" data-element_type=\"widget\" data-e-type=\"widget\" data-widget_type=\"image.default\">\n\t\t\t\t<div class=\"elementor-widget-container\">\n\t\t\t\t\t\t\t\t\t\t\t\t\t\t\t\t<a href=\"https:\/\/www.facebook.com\/Investigaci%C3%B3n-y-Posgrado-FIM-UABC-101383645811035\" target=\"_blank\">\n\t\t\t\t\t\t\t<img decoding=\"async\" width=\"188\" height=\"45\" src=\"https:\/\/ingenieria.mxl.uabc.mx\/fim\/wp-content\/uploads\/2023\/11\/facebookfim2.png\" class=\"attachment-large size-large wp-image-4982\" alt=\"facebook fim\" \/>\t\t\t\t\t\t\t\t<\/a>\n\t\t\t\t\t\t\t\t\t\t\t\t\t\t\t<\/div>\n\t\t\t\t<\/div>\n\t\t\t\t<\/div>\n\t\t\t\t<\/div>\n\t\t\t\t<\/div>\n\t\t\t\t<\/div>\n\t\t","protected":false},"excerpt":{"rendered":"<p>Investigaci\u00f3n Men\u00fa Profesores &#8211; Investigadores Acad\u00e9micos Perfil PRODEP Miembros del SNI CA y LGAC Bioinform\u00e1tica y biofot\u00f3nica Bioingenier\u00eda y salud ambiental Bioingenier\u00eda y sistemas electroqu\u00edmicos Biotecnolog\u00eda y cuidado ambiental Ciencias b\u00e1sicas de la ingenier\u00eda C\u00f3mputo cient\u00edfico Desarrollo de sistemas integrales electr\u00f3nicos y aeroespaciales aplicados Energ\u00eda F\u00edsica aplicada Infraestructura del transporte, desarrollo regional e impacto social [&hellip;]<\/p>\n","protected":false},"author":3,"featured_media":0,"parent":0,"menu_order":0,"comment_status":"closed","ping_status":"closed","template":"","meta":{"site-sidebar-layout":"no-sidebar","site-content-layout":"page-builder","ast-site-content-layout":"full-width-container","site-content-style":"default","site-sidebar-style":"default","ast-global-header-display":"","ast-banner-title-visibility":"","ast-main-header-display":"","ast-hfb-above-header-display":"","ast-hfb-below-header-display":"","ast-hfb-mobile-header-display":"","site-post-title":"disabled","ast-breadcrumbs-content":"","ast-featured-img":"disabled","footer-sml-layout":"","ast-disable-related-posts":"","theme-transparent-header-meta":"default","adv-header-id-meta":"","stick-header-meta":"","header-above-stick-meta":"","header-main-stick-meta":"","header-below-stick-meta":"","astra-migrate-meta-layouts":"set","ast-page-background-enabled":"default","ast-page-background-meta":{"desktop":{"background-color":"","background-image":"","background-repeat":"repeat","background-position":"center center","background-size":"auto","background-attachment":"scroll","background-type":"","background-media":"","overlay-type":"","overlay-color":"","overlay-opacity":"","overlay-gradient":""},"tablet":{"background-color":"","background-image":"","background-repeat":"repeat","background-position":"center center","background-size":"auto","background-attachment":"scroll","background-type":"","background-media":"","overlay-type":"","overlay-color":"","overlay-opacity":"","overlay-gradient":""},"mobile":{"background-color":"","background-image":"","background-repeat":"repeat","background-position":"center center","background-size":"auto","background-attachment":"scroll","background-type":"","background-media":"","overlay-type":"","overlay-color":"","overlay-opacity":"","overlay-gradient":""}},"ast-content-background-meta":{"desktop":{"background-color":"var(--ast-global-color-5)","background-image":"","background-repeat":"repeat","background-position":"center center","background-size":"auto","background-attachment":"scroll","background-type":"","background-media":"","overlay-type":"","overlay-color":"","overlay-opacity":"","overlay-gradient":""},"tablet":{"background-color":"var(--ast-global-color-5)","background-image":"","background-repeat":"repeat","background-position":"center center","background-size":"auto","background-attachment":"scroll","background-type":"","background-media":"","overlay-type":"","overlay-color":"","overlay-opacity":"","overlay-gradient":""},"mobile":{"background-color":"var(--ast-global-color-5)","background-image":"","background-repeat":"repeat","background-position":"center center","background-size":"auto","background-attachment":"scroll","background-type":"","background-media":"","overlay-type":"","overlay-color":"","overlay-opacity":"","overlay-gradient":""}},"footnotes":""},"class_list":["post-7373","page","type-page","status-publish","hentry"],"_links":{"self":[{"href":"https:\/\/ingenieria.mxl.uabc.mx\/fim\/wp-json\/wp\/v2\/pages\/7373","targetHints":{"allow":["GET"]}}],"collection":[{"href":"https:\/\/ingenieria.mxl.uabc.mx\/fim\/wp-json\/wp\/v2\/pages"}],"about":[{"href":"https:\/\/ingenieria.mxl.uabc.mx\/fim\/wp-json\/wp\/v2\/types\/page"}],"author":[{"embeddable":true,"href":"https:\/\/ingenieria.mxl.uabc.mx\/fim\/wp-json\/wp\/v2\/users\/3"}],"replies":[{"embeddable":true,"href":"https:\/\/ingenieria.mxl.uabc.mx\/fim\/wp-json\/wp\/v2\/comments?post=7373"}],"version-history":[{"count":8,"href":"https:\/\/ingenieria.mxl.uabc.mx\/fim\/wp-json\/wp\/v2\/pages\/7373\/revisions"}],"predecessor-version":[{"id":10534,"href":"https:\/\/ingenieria.mxl.uabc.mx\/fim\/wp-json\/wp\/v2\/pages\/7373\/revisions\/10534"}],"wp:attachment":[{"href":"https:\/\/ingenieria.mxl.uabc.mx\/fim\/wp-json\/wp\/v2\/media?parent=7373"}],"curies":[{"name":"wp","href":"https:\/\/api.w.org\/{rel}","templated":true}]}}