{"id":7502,"date":"2024-01-16T15:28:54","date_gmt":"2024-01-16T23:28:54","guid":{"rendered":"https:\/\/ingenieria.mxl.uabc.mx\/fim\/?page_id=7502"},"modified":"2025-02-26T13:34:28","modified_gmt":"2025-02-26T21:34:28","slug":"becas-vinculacion-licenciatura","status":"publish","type":"page","link":"https:\/\/ingenieria.mxl.uabc.mx\/fim\/becas-vinculacion-licenciatura\/","title":{"rendered":"Becas Vinculacion &#8211; Licenciatura"},"content":{"rendered":"\t\t<div data-elementor-type=\"wp-page\" data-elementor-id=\"7502\" class=\"elementor elementor-7502\">\n\t\t\t\t<div class=\"elementor-element elementor-element-a32812a e-con-full e-flex e-con e-parent\" data-id=\"a32812a\" data-element_type=\"container\" data-e-type=\"container\">\n\t\t<div class=\"elementor-element elementor-element-d6f681b e-con-full e-flex e-con e-child\" data-id=\"d6f681b\" data-element_type=\"container\" data-e-type=\"container\">\n\t\t<div class=\"elementor-element elementor-element-09bf7bd e-con-full e-flex e-con e-child\" data-id=\"09bf7bd\" data-element_type=\"container\" data-e-type=\"container\" data-settings=\"{&quot;background_background&quot;:&quot;classic&quot;}\">\n\t\t\t\t<div class=\"elementor-element elementor-element-4513d07 elementor-widget elementor-widget-heading\" data-id=\"4513d07\" data-element_type=\"widget\" data-e-type=\"widget\" data-widget_type=\"heading.default\">\n\t\t\t\t<div class=\"elementor-widget-container\">\n\t\t\t\t\t<h2 class=\"elementor-heading-title elementor-size-default\">Becas<\/h2>\t\t\t\t<\/div>\n\t\t\t\t<\/div>\n\t\t\t\t<div class=\"elementor-element elementor-element-98b2e9a elementor-widget-divider--view-line elementor-widget elementor-widget-divider\" data-id=\"98b2e9a\" data-element_type=\"widget\" data-e-type=\"widget\" data-widget_type=\"divider.default\">\n\t\t\t\t<div class=\"elementor-widget-container\">\n\t\t\t\t\t\t\t<div class=\"elementor-divider\">\n\t\t\t<span class=\"elementor-divider-separator\">\n\t\t\t\t\t\t<\/span>\n\t\t<\/div>\n\t\t\t\t\t\t<\/div>\n\t\t\t\t<\/div>\n\t\t\t\t<div class=\"elementor-element elementor-element-9fbee0b hfe-nav-menu__align-left hfe-submenu-icon-arrow hfe-link-redirect-child hfe-nav-menu__breakpoint-tablet elementor-widget elementor-widget-navigation-menu\" data-id=\"9fbee0b\" data-element_type=\"widget\" data-e-type=\"widget\" data-settings=\"{&quot;padding_horizontal_menu_item&quot;:{&quot;unit&quot;:&quot;px&quot;,&quot;size&quot;:0,&quot;sizes&quot;:[]},&quot;padding_vertical_menu_item&quot;:{&quot;unit&quot;:&quot;px&quot;,&quot;size&quot;:10,&quot;sizes&quot;:[]},&quot;menu_space_between&quot;:{&quot;unit&quot;:&quot;px&quot;,&quot;size&quot;:0,&quot;sizes&quot;:[]},&quot;padding_horizontal_menu_item_tablet&quot;:{&quot;unit&quot;:&quot;px&quot;,&quot;size&quot;:&quot;&quot;,&quot;sizes&quot;:[]},&quot;padding_horizontal_menu_item_mobile&quot;:{&quot;unit&quot;:&quot;px&quot;,&quot;size&quot;:&quot;&quot;,&quot;sizes&quot;:[]},&quot;padding_vertical_menu_item_tablet&quot;:{&quot;unit&quot;:&quot;px&quot;,&quot;size&quot;:&quot;&quot;,&quot;sizes&quot;:[]},&quot;padding_vertical_menu_item_mobile&quot;:{&quot;unit&quot;:&quot;px&quot;,&quot;size&quot;:&quot;&quot;,&quot;sizes&quot;:[]},&quot;menu_space_between_tablet&quot;:{&quot;unit&quot;:&quot;px&quot;,&quot;size&quot;:&quot;&quot;,&quot;sizes&quot;:[]},&quot;menu_space_between_mobile&quot;:{&quot;unit&quot;:&quot;px&quot;,&quot;size&quot;:&quot;&quot;,&quot;sizes&quot;:[]},&quot;dropdown_border_radius&quot;:{&quot;unit&quot;:&quot;px&quot;,&quot;top&quot;:&quot;&quot;,&quot;right&quot;:&quot;&quot;,&quot;bottom&quot;:&quot;&quot;,&quot;left&quot;:&quot;&quot;,&quot;isLinked&quot;:true},&quot;dropdown_border_radius_tablet&quot;:{&quot;unit&quot;:&quot;px&quot;,&quot;top&quot;:&quot;&quot;,&quot;right&quot;:&quot;&quot;,&quot;bottom&quot;:&quot;&quot;,&quot;left&quot;:&quot;&quot;,&quot;isLinked&quot;:true},&quot;dropdown_border_radius_mobile&quot;:{&quot;unit&quot;:&quot;px&quot;,&quot;top&quot;:&quot;&quot;,&quot;right&quot;:&quot;&quot;,&quot;bottom&quot;:&quot;&quot;,&quot;left&quot;:&quot;&quot;,&quot;isLinked&quot;:true},&quot;padding_horizontal_dropdown_item&quot;:{&quot;unit&quot;:&quot;px&quot;,&quot;size&quot;:&quot;&quot;,&quot;sizes&quot;:[]},&quot;padding_horizontal_dropdown_item_tablet&quot;:{&quot;unit&quot;:&quot;px&quot;,&quot;size&quot;:&quot;&quot;,&quot;sizes&quot;:[]},&quot;padding_horizontal_dropdown_item_mobile&quot;:{&quot;unit&quot;:&quot;px&quot;,&quot;size&quot;:&quot;&quot;,&quot;sizes&quot;:[]},&quot;padding_vertical_dropdown_item&quot;:{&quot;unit&quot;:&quot;px&quot;,&quot;size&quot;:15,&quot;sizes&quot;:[]},&quot;padding_vertical_dropdown_item_tablet&quot;:{&quot;unit&quot;:&quot;px&quot;,&quot;size&quot;:&quot;&quot;,&quot;sizes&quot;:[]},&quot;padding_vertical_dropdown_item_mobile&quot;:{&quot;unit&quot;:&quot;px&quot;,&quot;size&quot;:&quot;&quot;,&quot;sizes&quot;:[]},&quot;distance_from_menu&quot;:{&quot;unit&quot;:&quot;px&quot;,&quot;size&quot;:&quot;&quot;,&quot;sizes&quot;:[]},&quot;distance_from_menu_tablet&quot;:{&quot;unit&quot;:&quot;px&quot;,&quot;size&quot;:&quot;&quot;,&quot;sizes&quot;:[]},&quot;distance_from_menu_mobile&quot;:{&quot;unit&quot;:&quot;px&quot;,&quot;size&quot;:&quot;&quot;,&quot;sizes&quot;:[]},&quot;toggle_size&quot;:{&quot;unit&quot;:&quot;px&quot;,&quot;size&quot;:&quot;&quot;,&quot;sizes&quot;:[]},&quot;toggle_size_tablet&quot;:{&quot;unit&quot;:&quot;px&quot;,&quot;size&quot;:&quot;&quot;,&quot;sizes&quot;:[]},&quot;toggle_size_mobile&quot;:{&quot;unit&quot;:&quot;px&quot;,&quot;size&quot;:&quot;&quot;,&quot;sizes&quot;:[]},&quot;toggle_border_width&quot;:{&quot;unit&quot;:&quot;px&quot;,&quot;size&quot;:&quot;&quot;,&quot;sizes&quot;:[]},&quot;toggle_border_width_tablet&quot;:{&quot;unit&quot;:&quot;px&quot;,&quot;size&quot;:&quot;&quot;,&quot;sizes&quot;:[]},&quot;toggle_border_width_mobile&quot;:{&quot;unit&quot;:&quot;px&quot;,&quot;size&quot;:&quot;&quot;,&quot;sizes&quot;:[]},&quot;toggle_border_radius&quot;:{&quot;unit&quot;:&quot;px&quot;,&quot;size&quot;:&quot;&quot;,&quot;sizes&quot;:[]},&quot;toggle_border_radius_tablet&quot;:{&quot;unit&quot;:&quot;px&quot;,&quot;size&quot;:&quot;&quot;,&quot;sizes&quot;:[]},&quot;toggle_border_radius_mobile&quot;:{&quot;unit&quot;:&quot;px&quot;,&quot;size&quot;:&quot;&quot;,&quot;sizes&quot;:[]}}\" data-widget_type=\"navigation-menu.default\">\n\t\t\t\t<div class=\"elementor-widget-container\">\n\t\t\t\t\t\t\t\t<div class=\"hfe-nav-menu hfe-layout-vertical hfe-nav-menu-layout vertical\" data-layout=\"vertical\">\n\t\t\t\t<div role=\"button\" class=\"hfe-nav-menu__toggle elementor-clickable\" tabindex=\"0\" aria-label=\"Alternar men\u00fa\">\n\t\t\t\t\t<span class=\"screen-reader-text\">Men\u00fa<\/span>\n\t\t\t\t\t<div class=\"hfe-nav-menu-icon\">\n\t\t\t\t\t\t<i aria-hidden=\"true\"  class=\"fas fa-align-justify\"><\/i>\t\t\t\t\t<\/div>\n\t\t\t\t<\/div>\n\t\t\t\t<nav class=\"hfe-nav-menu__layout-vertical hfe-nav-menu__submenu-arrow\" data-toggle-icon=\"&lt;i aria-hidden=&quot;true&quot; tabindex=&quot;0&quot; class=&quot;fas fa-align-justify&quot;&gt;&lt;\/i&gt;\" data-close-icon=\"&lt;i aria-hidden=&quot;true&quot; tabindex=&quot;0&quot; class=&quot;far fa-window-close&quot;&gt;&lt;\/i&gt;\" data-full-width=\"yes\">\n\t\t\t\t\t<ul id=\"menu-1-9fbee0b\" class=\"hfe-nav-menu\"><li id=\"menu-item-7474\" class=\"menu-item menu-item-type-custom menu-item-object-custom parent hfe-creative-menu\"><a href=\"https:\/\/ingenieria.mxl.uabc.mx\/fim\/becas-inicio-licenciatura\/\" class = \"hfe-menu-item\">Inicio<\/a><\/li>\n<li id=\"menu-item-7475\" class=\"menu-item menu-item-type-custom menu-item-object-custom parent hfe-creative-menu\"><a href=\"https:\/\/ingenieria.mxl.uabc.mx\/fim\/becas-colegiatura-licenciatura\/\" class = \"hfe-menu-item\">Becas Colegiatura<\/a><\/li>\n<li id=\"menu-item-7476\" class=\"menu-item menu-item-type-custom menu-item-object-custom parent hfe-creative-menu\"><a href=\"https:\/\/ingenieria.mxl.uabc.mx\/fim\/becas-compensacion-licenciatura\/\" class = \"hfe-menu-item\">Becas Compensaci\u00f3n<\/a><\/li>\n<li id=\"menu-item-7477\" class=\"menu-item menu-item-type-custom menu-item-object-custom parent hfe-creative-menu\"><a href=\"https:\/\/ingenieria.mxl.uabc.mx\/fim\/becas-investigacion-licenciatura\/\" class = \"hfe-menu-item\">Becas Investigaci\u00f3n<\/a><\/li>\n<li id=\"menu-item-7478\" class=\"menu-item menu-item-type-custom menu-item-object-custom parent hfe-creative-menu\"><a href=\"https:\/\/ingenieria.mxl.uabc.mx\/fim\/becas-vinculacion-licenciatura\/\" class = \"hfe-menu-item\">Becas Vinculaci\u00f3n<\/a><\/li>\n<\/ul> \n\t\t\t\t<\/nav>\n\t\t\t<\/div>\n\t\t\t\t\t\t\t<\/div>\n\t\t\t\t<\/div>\n\t\t\t\t<\/div>\n\t\t\t\t<\/div>\n\t\t<div class=\"elementor-element elementor-element-d700dbe e-con-full e-flex e-con e-child\" data-id=\"d700dbe\" data-element_type=\"container\" data-e-type=\"container\">\n\t\t<div class=\"elementor-element elementor-element-7f8a134 e-con-full e-flex e-con e-child\" data-id=\"7f8a134\" data-element_type=\"container\" data-e-type=\"container\" data-settings=\"{&quot;background_background&quot;:&quot;classic&quot;}\">\n\t\t\t\t<div class=\"elementor-element elementor-element-7e30e08 elementor-widget elementor-widget-heading\" data-id=\"7e30e08\" data-element_type=\"widget\" data-e-type=\"widget\" data-widget_type=\"heading.default\">\n\t\t\t\t<div class=\"elementor-widget-container\">\n\t\t\t\t\t<h1 class=\"elementor-heading-title elementor-size-default\">Becas Vinculaci\u00f3n<\/h1>\t\t\t\t<\/div>\n\t\t\t\t<\/div>\n\t\t\t\t<div class=\"elementor-element elementor-element-66d7613 elementor-widget-divider--view-line elementor-widget elementor-widget-divider\" data-id=\"66d7613\" data-element_type=\"widget\" data-e-type=\"widget\" data-widget_type=\"divider.default\">\n\t\t\t\t<div class=\"elementor-widget-container\">\n\t\t\t\t\t\t\t<div class=\"elementor-divider\">\n\t\t\t<span class=\"elementor-divider-separator\">\n\t\t\t\t\t\t<\/span>\n\t\t<\/div>\n\t\t\t\t\t\t<\/div>\n\t\t\t\t<\/div>\n\t\t\t\t<div class=\"elementor-element elementor-element-93d33d4 elementor-widget elementor-widget-text-editor\" data-id=\"93d33d4\" data-element_type=\"widget\" data-e-type=\"widget\" data-widget_type=\"text-editor.default\">\n\t\t\t\t<div class=\"elementor-widget-container\">\n\t\t\t\t\t\t\t\t\t<p><span style=\"font-size: 14pt;\">Esta beca consiste en aportaciones econ\u00f3micas que se podr\u00e1n otorgar a los alumnos, para movilidad, intercambio acad\u00e9mico, realizaci\u00f3n de pr\u00e1cticas profesionales o prestaci\u00f3n de servicio en programas de vinculaci\u00f3n que desarrolla la Universidad, a trav\u00e9s de convenios espec\u00edficos con otras instituciones.<\/span><\/p><p>\u00a0<\/p><p style=\"text-align: left;\" align=\"center\"><span style=\"font-size: 14pt;\"><strong>Requisitos espec\u00edficos:<\/strong><\/span><\/p><ul><li><p><span style=\"font-size: 14pt;\">Ser alumno de nivel licenciatura.<\/span><\/p><\/li><li><p><span style=\"font-size: 14pt;\">Llenar e imprimir solicitud electr\u00f3nica, disponible en la direcci\u00f3n\u00a0<a>http:\/\/alumnos.uabc.mx<\/a><\/span><\/p><\/li><li><p><span style=\"font-size: 14pt;\">Presentar la solicitud impresa correspondiente.<\/span><strong style=\"font-size: 14pt;\">\u00a0<\/strong><\/p><\/li><\/ul><p><span style=\"font-size: 14pt;\"><strong>Procedimiento de tr\u00e1mite para Beca Vinculaci\u00f3n<\/strong><\/span><\/p><ol><li><p><span style=\"font-size: 14pt;\">El alumno elige la convocatoria correspondiente a su condici\u00f3n. Para realizar la selecci\u00f3n, la Facultad de Ingenier\u00eda emite, en el Portal de Alumnos (p\u00e1gina oficial de la UABC en la direcci\u00f3n\u00a0<a href=\"http:\/\/alumnos.uabc.mx\/\" target=\"_blank\" rel=\"noopener\">http:\/\/alumnos.uabc.mx<\/a>), las Convocatorias necesarias para cada tipo de Beca con las actividades especificas que se requieran.<\/span><\/p><\/li><li><p><span style=\"font-size: 14pt;\">Llenar el formato de becas en el Portal de Alumnos en la direcci\u00f3n\u00a0<a href=\"http:\/\/alumnos.uabc.mx\/\" target=\"_blank\" rel=\"noopener\">http:\/\/alumnos.uabc.mx<\/a>\u00a0(No imprimir en este paso).<\/span><\/p><\/li><li><p><span style=\"font-size: 14pt;\">Esperar a que el departamento de Becas complemente la informaci\u00f3n en la solicitud, con el monto a pagar y el per\u00edodo de la beca.<\/span><\/p><\/li><li><p><span style=\"font-size: 14pt;\">El alumno imprime su solicitud y recaba las firmas del responsable del becario y del Director (escribir nombre y firma de los tres requeridos).<\/span><\/p><\/li><li><p><span style=\"font-size: 14pt;\">El alumno entrega su solicitud al departamento de Becas.<\/span><\/p><\/li><li><p><span style=\"font-size: 14pt;\">El departamento de Becas entrega a administraci\u00f3n las solicitudes, quien solicitar\u00e1 mediante oficio al Departamento de Servicios Estudiantiles y Control Escolar, se gestione el pago de la beca, la que ser\u00e1 depositada mensualmente (en los primeros 10 d\u00edas del mes) a la cuenta de la tarjeta universitaria activada del alumno.<\/span><\/p><\/li><\/ol><p><span style=\"font-size: 14pt;\">Este tr\u00e1mite\u00a0<strong>NO<\/strong>\u00a0tiene costo.<\/span><\/p>\t\t\t\t\t\t\t\t<\/div>\n\t\t\t\t<\/div>\n\t\t\t\t<\/div>\n\t\t\t\t<\/div>\n\t\t<div class=\"elementor-element elementor-element-7f413a1 e-con-full e-flex e-con e-child\" data-id=\"7f413a1\" data-element_type=\"container\" data-e-type=\"container\">\n\t\t<div class=\"elementor-element elementor-element-0f972e2 e-con-full e-flex e-con e-child\" data-id=\"0f972e2\" data-element_type=\"container\" data-e-type=\"container\" data-settings=\"{&quot;background_background&quot;:&quot;classic&quot;}\">\n\t\t\t\t<div class=\"elementor-element elementor-element-1cc6521 elementor-widget elementor-widget-heading\" data-id=\"1cc6521\" data-element_type=\"widget\" data-e-type=\"widget\" data-widget_type=\"heading.default\">\n\t\t\t\t<div class=\"elementor-widget-container\">\n\t\t\t\t\t<h2 class=\"elementor-heading-title elementor-size-default\">Contacto<\/h2>\t\t\t\t<\/div>\n\t\t\t\t<\/div>\n\t\t\t\t<div class=\"elementor-element elementor-element-a38254b elementor-widget-divider--view-line elementor-widget elementor-widget-divider\" data-id=\"a38254b\" data-element_type=\"widget\" data-e-type=\"widget\" data-widget_type=\"divider.default\">\n\t\t\t\t<div class=\"elementor-widget-container\">\n\t\t\t\t\t\t\t<div class=\"elementor-divider\">\n\t\t\t<span class=\"elementor-divider-separator\">\n\t\t\t\t\t\t<\/span>\n\t\t<\/div>\n\t\t\t\t\t\t<\/div>\n\t\t\t\t<\/div>\n\t\t\t\t<div class=\"elementor-element elementor-element-1312f45 elementor-widget elementor-widget-text-editor\" data-id=\"1312f45\" data-element_type=\"widget\" data-e-type=\"widget\" data-widget_type=\"text-editor.default\">\n\t\t\t\t<div class=\"elementor-widget-container\">\n\t\t\t\t\t\t\t\t\t<p><span style=\"color: #339966; font-size: 12pt;\"><strong>M.C. Monceni Anabel P\u00e9rez Maciel <\/strong><\/span><br \/><span style=\"font-size: 12pt; color: #000000;\"><b style=\"font-size: 12pt;\"><span style=\"font-size: 12pt;\"><span style=\"color: #ffcc00;\"><b style=\"color: #ffcc00; font-size: 12pt;\">Encargada de intercambio, idiomas y becas FIM<\/b><\/span><\/span><\/b><\/span><\/p><p>\u00a0<\/p><p><span style=\"font-size: 12pt;\"><strong><span style=\"color: #339966;\">Email:<\/span><\/strong><\/span><span style=\"font-size: 12pt;\"><strong><span style=\"color: #000000;\"><a style=\"color: #000000;\" href=\"mailto:monceni@uabc.edu.mx\"> monceni@uabc.edu.mx<\/a><\/span><\/strong><\/span><br \/><span style=\"font-size: 12pt;\"><strong><span style=\"color: #339966;\">Telefono: <\/span><\/strong><\/span><strong style=\"font-size: 12pt;\">+52 (686) 841-82-35<\/strong><\/p><p><span style=\"font-size: 12pt;\"><strong><span style=\"color: #339966;\">Ext.<\/span> 44340<\/strong><\/span><\/p>\t\t\t\t\t\t\t\t<\/div>\n\t\t\t\t<\/div>\n\t\t\t\t<\/div>\n\t\t\t\t<\/div>\n\t\t\t\t<\/div>\n\t\t\t\t<\/div>\n\t\t","protected":false},"excerpt":{"rendered":"<p>Becas Men\u00fa Inicio Becas Colegiatura Becas Compensaci\u00f3n Becas Investigaci\u00f3n Becas Vinculaci\u00f3n Becas Vinculaci\u00f3n Esta beca consiste en aportaciones econ\u00f3micas que se podr\u00e1n otorgar a los alumnos, para movilidad, intercambio acad\u00e9mico, realizaci\u00f3n de pr\u00e1cticas profesionales o prestaci\u00f3n de servicio en programas de vinculaci\u00f3n que desarrolla la Universidad, a trav\u00e9s de convenios espec\u00edficos con otras instituciones. \u00a0 [&hellip;]<\/p>\n","protected":false},"author":3,"featured_media":0,"parent":0,"menu_order":0,"comment_status":"closed","ping_status":"closed","template":"","meta":{"site-sidebar-layout":"no-sidebar","site-content-layout":"page-builder","ast-site-content-layout":"full-width-container","site-content-style":"default","site-sidebar-style":"default","ast-global-header-display":"","ast-banner-title-visibility":"","ast-main-header-display":"","ast-hfb-above-header-display":"","ast-hfb-below-header-display":"","ast-hfb-mobile-header-display":"","site-post-title":"disabled","ast-breadcrumbs-content":"","ast-featured-img":"disabled","footer-sml-layout":"","ast-disable-related-posts":"","theme-transparent-header-meta":"default","adv-header-id-meta":"","stick-header-meta":"","header-above-stick-meta":"","header-main-stick-meta":"","header-below-stick-meta":"","astra-migrate-meta-layouts":"set","ast-page-background-enabled":"default","ast-page-background-meta":{"desktop":{"background-color":"","background-image":"","background-repeat":"repeat","background-position":"center center","background-size":"auto","background-attachment":"scroll","background-type":"","background-media":"","overlay-type":"","overlay-color":"","overlay-opacity":"","overlay-gradient":""},"tablet":{"background-color":"","background-image":"","background-repeat":"repeat","background-position":"center center","background-size":"auto","background-attachment":"scroll","background-type":"","background-media":"","overlay-type":"","overlay-color":"","overlay-opacity":"","overlay-gradient":""},"mobile":{"background-color":"","background-image":"","background-repeat":"repeat","background-position":"center center","background-size":"auto","background-attachment":"scroll","background-type":"","background-media":"","overlay-type":"","overlay-color":"","overlay-opacity":"","overlay-gradient":""}},"ast-content-background-meta":{"desktop":{"background-color":"var(--ast-global-color-5)","background-image":"","background-repeat":"repeat","background-position":"center center","background-size":"auto","background-attachment":"scroll","background-type":"","background-media":"","overlay-type":"","overlay-color":"","overlay-opacity":"","overlay-gradient":""},"tablet":{"background-color":"var(--ast-global-color-5)","background-image":"","background-repeat":"repeat","background-position":"center center","background-size":"auto","background-attachment":"scroll","background-type":"","background-media":"","overlay-type":"","overlay-color":"","overlay-opacity":"","overlay-gradient":""},"mobile":{"background-color":"var(--ast-global-color-5)","background-image":"","background-repeat":"repeat","background-position":"center center","background-size":"auto","background-attachment":"scroll","background-type":"","background-media":"","overlay-type":"","overlay-color":"","overlay-opacity":"","overlay-gradient":""}},"footnotes":""},"class_list":["post-7502","page","type-page","status-publish","hentry"],"_links":{"self":[{"href":"https:\/\/ingenieria.mxl.uabc.mx\/fim\/wp-json\/wp\/v2\/pages\/7502","targetHints":{"allow":["GET"]}}],"collection":[{"href":"https:\/\/ingenieria.mxl.uabc.mx\/fim\/wp-json\/wp\/v2\/pages"}],"about":[{"href":"https:\/\/ingenieria.mxl.uabc.mx\/fim\/wp-json\/wp\/v2\/types\/page"}],"author":[{"embeddable":true,"href":"https:\/\/ingenieria.mxl.uabc.mx\/fim\/wp-json\/wp\/v2\/users\/3"}],"replies":[{"embeddable":true,"href":"https:\/\/ingenieria.mxl.uabc.mx\/fim\/wp-json\/wp\/v2\/comments?post=7502"}],"version-history":[{"count":7,"href":"https:\/\/ingenieria.mxl.uabc.mx\/fim\/wp-json\/wp\/v2\/pages\/7502\/revisions"}],"predecessor-version":[{"id":10709,"href":"https:\/\/ingenieria.mxl.uabc.mx\/fim\/wp-json\/wp\/v2\/pages\/7502\/revisions\/10709"}],"wp:attachment":[{"href":"https:\/\/ingenieria.mxl.uabc.mx\/fim\/wp-json\/wp\/v2\/media?parent=7502"}],"curies":[{"name":"wp","href":"https:\/\/api.w.org\/{rel}","templated":true}]}}