{"id":7507,"date":"2024-01-16T16:17:43","date_gmt":"2024-01-17T00:17:43","guid":{"rendered":"https:\/\/ingenieria.mxl.uabc.mx\/fim\/?page_id=7507"},"modified":"2024-04-16T10:24:54","modified_gmt":"2024-04-16T18:24:54","slug":"acreditar-segundo-idioma-licenciatura","status":"publish","type":"page","link":"https:\/\/ingenieria.mxl.uabc.mx\/fim\/acreditar-segundo-idioma-licenciatura\/","title":{"rendered":"Acreditar segundo idioma &#8211; Licenciatura"},"content":{"rendered":"\t\t<div data-elementor-type=\"wp-page\" data-elementor-id=\"7507\" class=\"elementor elementor-7507\">\n\t\t\t\t<div class=\"elementor-element elementor-element-a32812a e-con-full e-flex e-con e-parent\" data-id=\"a32812a\" data-element_type=\"container\" data-e-type=\"container\">\n\t\t<div class=\"elementor-element elementor-element-d700dbe e-con-full e-flex e-con e-child\" data-id=\"d700dbe\" data-element_type=\"container\" data-e-type=\"container\">\n\t\t<div class=\"elementor-element elementor-element-7f8a134 e-con-full e-flex e-con e-child\" data-id=\"7f8a134\" data-element_type=\"container\" data-e-type=\"container\" data-settings=\"{&quot;background_background&quot;:&quot;classic&quot;}\">\n\t\t\t\t<div class=\"elementor-element elementor-element-7e30e08 elementor-widget elementor-widget-heading\" data-id=\"7e30e08\" data-element_type=\"widget\" data-e-type=\"widget\" data-widget_type=\"heading.default\">\n\t\t\t\t<div class=\"elementor-widget-container\">\n\t\t\t\t\t<h1 class=\"elementor-heading-title elementor-size-default\">Acreditar segundo idioma<\/h1>\t\t\t\t<\/div>\n\t\t\t\t<\/div>\n\t\t\t\t<div class=\"elementor-element elementor-element-66d7613 elementor-widget-divider--view-line elementor-widget elementor-widget-divider\" data-id=\"66d7613\" data-element_type=\"widget\" data-e-type=\"widget\" data-widget_type=\"divider.default\">\n\t\t\t\t<div class=\"elementor-widget-container\">\n\t\t\t\t\t\t\t<div class=\"elementor-divider\">\n\t\t\t<span class=\"elementor-divider-separator\">\n\t\t\t\t\t\t<\/span>\n\t\t<\/div>\n\t\t\t\t\t\t<\/div>\n\t\t\t\t<\/div>\n\t\t\t\t<div class=\"elementor-element elementor-element-93d33d4 elementor-widget elementor-widget-text-editor\" data-id=\"93d33d4\" data-element_type=\"widget\" data-e-type=\"widget\" data-widget_type=\"text-editor.default\">\n\t\t\t\t<div class=\"elementor-widget-container\">\n\t\t\t\t\t\t\t\t\t<p class=\"style1\"><span style=\"font-size: 14pt;\"><strong>Informaci\u00f3n del curso preparatorio para la acreditaci\u00f3n del examen de egreso.<\/strong><\/span><\/p><p>\u00a0<\/p><p><span style=\"font-size: 14pt;\">El curso de ingl\u00e9s preparatorio para la acreditaci\u00f3n del examen de egreso de licenciatura es un curso con temario especial, que se oferta en la facultad de ingenier\u00eda en coordinaci\u00f3n con la facultad de idiomas. Su prop\u00f3sito es dar un repaso de los conocimientos m\u00ednimos requeridos que el estudiante debe tener para aprobar el examen de egreso de licenciatura.<\/span><\/p><p>\u00a0<\/p><p><span style=\"font-size: 14pt;\"><strong>El curso no da cr\u00e9ditos\u00a0<\/strong>y es indicado para estudiantes que ya han concluido sus estudios y por alguna raz\u00f3n, no han acreditado el segundo idioma requisito de egreso y deseen hacerlo con ingl\u00e9s. Tambi\u00e9n pueden inscribirse estudiantes que hayan cumplido m\u00e1s del 80% de los cr\u00e9ditos de su carrera o bien, que egresen en un per\u00edodo inferior a un a\u00f1o.<\/span><\/p><p>\u00a0<\/p><p><span style=\"font-size: 14pt;\">Es competencia de la facultad de idiomas, si se realiza el examen de egreso computacional en sus instalaciones al termino de cada curso, sin embargo, por convenio con la facultad de ingenier\u00eda, en el precio del curso ya est\u00e1 incluida la aplicaci\u00f3n del examen computacional, en caso de que as\u00ed lo decida idiomas.<\/span><\/p><p>\u00a0<\/p><p><span style=\"font-size: 14pt;\">Los cursos est\u00e1n abiertos todo el a\u00f1o, sin embargo,\u00a0<strong>se elabora publicidad antes del inicio de cada curso que se ofertar\u00e1<\/strong>, por lo general, un mes antes de su inicio, considerando las restricciones que indique la administraci\u00f3n de la facultad de ingenier\u00eda:<\/span><\/p><p>\u00a0<\/p><ul><li><span style=\"font-size: 14pt;\">Si el curso de su inter\u00e9s se ofrece durante el transcurso de un semestre, ser\u00e1 en s\u00e1bados, con sesiones de 4 horas, hasta completar la duraci\u00f3n del curso. Por lo general comienzan un mes despu\u00e9s de haber iniciado las clases.<\/span><\/li><\/ul><ul><li><span style=\"font-size: 14pt;\">Si es en per\u00edodo intersemestral, las clases ser\u00e1n de lunes a viernes con una duraci\u00f3n de 3 horas diarias hasta completar la duraci\u00f3n del curso.<\/span><\/li><\/ul><p><span style=\"font-size: 14pt;\">Es importante mencionar que\u00a0<em>la validez de los resultados de cada curso es de un a\u00f1o calendario, a partir de la fecha en que se entregue a la facultad de idiomas, la lista firmada por su instructor(a), y por los responsables del curso en la faculta de ingenier\u00eda e idiomas.<\/em><\/span><\/p><p>\u00a0<\/p><p><span style=\"font-size: 14pt;\"><strong>La constancia de acreditaci\u00f3n se tramita en la facultad de idiomas de la UABC, siguiendo al pie de la letra, las instrucciones que aparecen en el siguiente enlace:<\/strong><\/span><\/p><p><span style=\"font-size: 14pt;\"><a href=\"https:\/\/idiomas.uabc.mx\/cartaacreditacion\/\">https:\/\/idiomas.uabc.mx\/cartaacreditacion\/<\/a><\/span><\/p><p>\u00a0<\/p><p><span style=\"font-size: 14pt;\">Una vez que le elaboren la constancia de acreditaci\u00f3n, est\u00e1 no tiene vencimiento y el estudiante deber\u00e1 llevarla a digitalizar al\u00a0<strong>departamento de escolares en vicerrectoria.<\/strong><\/span><\/p><p>\u00a0<\/p><p><span style=\"font-size: 14pt;\">Para mayor informaci\u00f3n<\/span><\/p><p><span id=\"cloak91059\" style=\"font-size: 14pt;\"><a href=\"mailto:monceni@uabc.edu.mx\">monceni@uabc.edu.mx<\/a><\/span><\/p><p><span style=\"font-size: 14pt;\">Encargada de Intercambio, Idiomas y Becas FIM<\/span><\/p><p>\u00a0<\/p><p><span style=\"font-size: 14pt;\">Para conocer m\u00e1s sobre estos cursos, visitar la informaci\u00f3n del pr\u00f3ximo curso intersemestral para acreditar el segundo idioma como requisito de egreso, dar clic en\u00a0<a href=\"https:\/\/ingenieria.mxl.uabc.mx\/fim\/wp-content\/uploads\/2024\/01\/ingles_intersemestral20231.jpg\" target=\"_blank\" rel=\"noopener noreferrer\">este enlace<\/a>.<\/span><\/p>\t\t\t\t\t\t\t\t<\/div>\n\t\t\t\t<\/div>\n\t\t\t\t<\/div>\n\t\t\t\t<\/div>\n\t\t<div class=\"elementor-element elementor-element-7f413a1 e-con-full e-flex e-con e-child\" data-id=\"7f413a1\" data-element_type=\"container\" data-e-type=\"container\">\n\t\t<div class=\"elementor-element elementor-element-0f972e2 e-con-full e-flex e-con e-child\" data-id=\"0f972e2\" data-element_type=\"container\" data-e-type=\"container\" data-settings=\"{&quot;background_background&quot;:&quot;classic&quot;}\">\n\t\t\t\t<div class=\"elementor-element elementor-element-1cc6521 elementor-widget elementor-widget-heading\" data-id=\"1cc6521\" data-element_type=\"widget\" data-e-type=\"widget\" data-widget_type=\"heading.default\">\n\t\t\t\t<div class=\"elementor-widget-container\">\n\t\t\t\t\t<h2 class=\"elementor-heading-title elementor-size-default\">Contacto<\/h2>\t\t\t\t<\/div>\n\t\t\t\t<\/div>\n\t\t\t\t<div class=\"elementor-element elementor-element-a38254b elementor-widget-divider--view-line elementor-widget elementor-widget-divider\" data-id=\"a38254b\" data-element_type=\"widget\" data-e-type=\"widget\" data-widget_type=\"divider.default\">\n\t\t\t\t<div class=\"elementor-widget-container\">\n\t\t\t\t\t\t\t<div class=\"elementor-divider\">\n\t\t\t<span class=\"elementor-divider-separator\">\n\t\t\t\t\t\t<\/span>\n\t\t<\/div>\n\t\t\t\t\t\t<\/div>\n\t\t\t\t<\/div>\n\t\t\t\t<div class=\"elementor-element elementor-element-1312f45 elementor-widget elementor-widget-text-editor\" data-id=\"1312f45\" data-element_type=\"widget\" data-e-type=\"widget\" data-widget_type=\"text-editor.default\">\n\t\t\t\t<div class=\"elementor-widget-container\">\n\t\t\t\t\t\t\t\t\t<p><span style=\"color: #339966; font-size: 12pt;\"><strong>M.C. Monceni Anabel P\u00e9rez Maciel <\/strong><\/span><br \/><span style=\"font-size: 12pt; color: #000000;\"><b style=\"font-size: 12pt;\"><span style=\"font-size: 12pt;\"><span style=\"color: #ffcc00;\"><b style=\"color: #ffcc00; font-size: 12pt;\">Encargada de intercambio, idiomas y becas FIM<\/b><\/span><\/span><\/b><\/span><\/p><p>\u00a0<\/p><p><span style=\"font-size: 12pt;\"><strong><span style=\"color: #339966;\">Email:<\/span><\/strong><\/span><span style=\"font-size: 12pt;\"><strong><span style=\"color: #000000;\"><a style=\"color: #000000;\" href=\"mailto:monceni@uabc.edu.mx\"> monceni@uabc.edu.mx<\/a><\/span><\/strong><\/span><br \/><span style=\"font-size: 12pt;\"><strong><span style=\"color: #339966;\">Telefono: <\/span><\/strong><\/span><strong style=\"font-size: 12pt;\">+52 (686) 841-82-35<\/strong><\/p><p><span style=\"font-size: 12pt;\"><strong><span style=\"color: #339966;\">Ext.<\/span> 44340<\/strong><\/span><\/p>\t\t\t\t\t\t\t\t<\/div>\n\t\t\t\t<\/div>\n\t\t\t\t<\/div>\n\t\t\t\t<\/div>\n\t\t\t\t<\/div>\n\t\t\t\t<\/div>\n\t\t","protected":false},"excerpt":{"rendered":"<p>Acreditar segundo idioma Informaci\u00f3n del curso preparatorio para la acreditaci\u00f3n del examen de egreso. \u00a0 El curso de ingl\u00e9s preparatorio para la acreditaci\u00f3n del examen de egreso de licenciatura es un curso con temario especial, que se oferta en la facultad de ingenier\u00eda en coordinaci\u00f3n con la facultad de idiomas. Su prop\u00f3sito es dar un [&hellip;]<\/p>\n","protected":false},"author":3,"featured_media":0,"parent":0,"menu_order":0,"comment_status":"closed","ping_status":"closed","template":"","meta":{"site-sidebar-layout":"no-sidebar","site-content-layout":"page-builder","ast-site-content-layout":"full-width-container","site-content-style":"default","site-sidebar-style":"default","ast-global-header-display":"","ast-banner-title-visibility":"","ast-main-header-display":"","ast-hfb-above-header-display":"","ast-hfb-below-header-display":"","ast-hfb-mobile-header-display":"","site-post-title":"disabled","ast-breadcrumbs-content":"","ast-featured-img":"disabled","footer-sml-layout":"","ast-disable-related-posts":"","theme-transparent-header-meta":"default","adv-header-id-meta":"","stick-header-meta":"","header-above-stick-meta":"","header-main-stick-meta":"","header-below-stick-meta":"","astra-migrate-meta-layouts":"set","ast-page-background-enabled":"default","ast-page-background-meta":{"desktop":{"background-color":"","background-image":"","background-repeat":"repeat","background-position":"center center","background-size":"auto","background-attachment":"scroll","background-type":"","background-media":"","overlay-type":"","overlay-color":"","overlay-opacity":"","overlay-gradient":""},"tablet":{"background-color":"","background-image":"","background-repeat":"repeat","background-position":"center center","background-size":"auto","background-attachment":"scroll","background-type":"","background-media":"","overlay-type":"","overlay-color":"","overlay-opacity":"","overlay-gradient":""},"mobile":{"background-color":"","background-image":"","background-repeat":"repeat","background-position":"center center","background-size":"auto","background-attachment":"scroll","background-type":"","background-media":"","overlay-type":"","overlay-color":"","overlay-opacity":"","overlay-gradient":""}},"ast-content-background-meta":{"desktop":{"background-color":"var(--ast-global-color-5)","background-image":"","background-repeat":"repeat","background-position":"center center","background-size":"auto","background-attachment":"scroll","background-type":"","background-media":"","overlay-type":"","overlay-color":"","overlay-opacity":"","overlay-gradient":""},"tablet":{"background-color":"var(--ast-global-color-5)","background-image":"","background-repeat":"repeat","background-position":"center center","background-size":"auto","background-attachment":"scroll","background-type":"","background-media":"","overlay-type":"","overlay-color":"","overlay-opacity":"","overlay-gradient":""},"mobile":{"background-color":"var(--ast-global-color-5)","background-image":"","background-repeat":"repeat","background-position":"center center","background-size":"auto","background-attachment":"scroll","background-type":"","background-media":"","overlay-type":"","overlay-color":"","overlay-opacity":"","overlay-gradient":""}},"footnotes":""},"class_list":["post-7507","page","type-page","status-publish","hentry"],"_links":{"self":[{"href":"https:\/\/ingenieria.mxl.uabc.mx\/fim\/wp-json\/wp\/v2\/pages\/7507","targetHints":{"allow":["GET"]}}],"collection":[{"href":"https:\/\/ingenieria.mxl.uabc.mx\/fim\/wp-json\/wp\/v2\/pages"}],"about":[{"href":"https:\/\/ingenieria.mxl.uabc.mx\/fim\/wp-json\/wp\/v2\/types\/page"}],"author":[{"embeddable":true,"href":"https:\/\/ingenieria.mxl.uabc.mx\/fim\/wp-json\/wp\/v2\/users\/3"}],"replies":[{"embeddable":true,"href":"https:\/\/ingenieria.mxl.uabc.mx\/fim\/wp-json\/wp\/v2\/comments?post=7507"}],"version-history":[{"count":10,"href":"https:\/\/ingenieria.mxl.uabc.mx\/fim\/wp-json\/wp\/v2\/pages\/7507\/revisions"}],"predecessor-version":[{"id":8891,"href":"https:\/\/ingenieria.mxl.uabc.mx\/fim\/wp-json\/wp\/v2\/pages\/7507\/revisions\/8891"}],"wp:attachment":[{"href":"https:\/\/ingenieria.mxl.uabc.mx\/fim\/wp-json\/wp\/v2\/media?parent=7507"}],"curies":[{"name":"wp","href":"https:\/\/api.w.org\/{rel}","templated":true}]}}