{"id":7626,"date":"2024-02-01T14:07:55","date_gmt":"2024-02-01T22:07:55","guid":{"rendered":"https:\/\/ingenieria.mxl.uabc.mx\/fim\/?page_id=7626"},"modified":"2025-02-26T13:48:30","modified_gmt":"2025-02-26T21:48:30","slug":"tutorias-proceso-licenciatura","status":"publish","type":"page","link":"https:\/\/ingenieria.mxl.uabc.mx\/fim\/tutorias-proceso-licenciatura\/","title":{"rendered":"Tutorias Proceso &#8211; Licenciatura"},"content":{"rendered":"\t\t<div data-elementor-type=\"wp-page\" data-elementor-id=\"7626\" class=\"elementor elementor-7626\">\n\t\t\t\t<div class=\"elementor-element elementor-element-a32812a e-con-full e-flex e-con e-parent\" data-id=\"a32812a\" data-element_type=\"container\" data-e-type=\"container\">\n\t\t<div class=\"elementor-element elementor-element-d6f681b e-con-full e-flex e-con e-child\" data-id=\"d6f681b\" data-element_type=\"container\" data-e-type=\"container\">\n\t\t<div class=\"elementor-element elementor-element-09bf7bd e-con-full e-flex e-con e-child\" data-id=\"09bf7bd\" data-element_type=\"container\" data-e-type=\"container\" data-settings=\"{&quot;background_background&quot;:&quot;classic&quot;}\">\n\t\t\t\t<div class=\"elementor-element elementor-element-4513d07 elementor-widget elementor-widget-heading\" data-id=\"4513d07\" data-element_type=\"widget\" data-e-type=\"widget\" data-widget_type=\"heading.default\">\n\t\t\t\t<div class=\"elementor-widget-container\">\n\t\t\t\t\t<h2 class=\"elementor-heading-title elementor-size-default\">Tutor\u00edas<\/h2>\t\t\t\t<\/div>\n\t\t\t\t<\/div>\n\t\t\t\t<div class=\"elementor-element elementor-element-98b2e9a elementor-widget-divider--view-line elementor-widget elementor-widget-divider\" data-id=\"98b2e9a\" data-element_type=\"widget\" data-e-type=\"widget\" data-widget_type=\"divider.default\">\n\t\t\t\t<div class=\"elementor-widget-container\">\n\t\t\t\t\t\t\t<div class=\"elementor-divider\">\n\t\t\t<span class=\"elementor-divider-separator\">\n\t\t\t\t\t\t<\/span>\n\t\t<\/div>\n\t\t\t\t\t\t<\/div>\n\t\t\t\t<\/div>\n\t\t\t\t<div class=\"elementor-element elementor-element-9fbee0b hfe-nav-menu__align-left hfe-submenu-icon-arrow hfe-link-redirect-child hfe-nav-menu__breakpoint-tablet elementor-widget elementor-widget-navigation-menu\" data-id=\"9fbee0b\" data-element_type=\"widget\" data-e-type=\"widget\" data-settings=\"{&quot;padding_horizontal_menu_item&quot;:{&quot;unit&quot;:&quot;px&quot;,&quot;size&quot;:0,&quot;sizes&quot;:[]},&quot;padding_vertical_menu_item&quot;:{&quot;unit&quot;:&quot;px&quot;,&quot;size&quot;:10,&quot;sizes&quot;:[]},&quot;menu_space_between&quot;:{&quot;unit&quot;:&quot;px&quot;,&quot;size&quot;:0,&quot;sizes&quot;:[]},&quot;padding_horizontal_menu_item_tablet&quot;:{&quot;unit&quot;:&quot;px&quot;,&quot;size&quot;:&quot;&quot;,&quot;sizes&quot;:[]},&quot;padding_horizontal_menu_item_mobile&quot;:{&quot;unit&quot;:&quot;px&quot;,&quot;size&quot;:&quot;&quot;,&quot;sizes&quot;:[]},&quot;padding_vertical_menu_item_tablet&quot;:{&quot;unit&quot;:&quot;px&quot;,&quot;size&quot;:&quot;&quot;,&quot;sizes&quot;:[]},&quot;padding_vertical_menu_item_mobile&quot;:{&quot;unit&quot;:&quot;px&quot;,&quot;size&quot;:&quot;&quot;,&quot;sizes&quot;:[]},&quot;menu_space_between_tablet&quot;:{&quot;unit&quot;:&quot;px&quot;,&quot;size&quot;:&quot;&quot;,&quot;sizes&quot;:[]},&quot;menu_space_between_mobile&quot;:{&quot;unit&quot;:&quot;px&quot;,&quot;size&quot;:&quot;&quot;,&quot;sizes&quot;:[]},&quot;dropdown_border_radius&quot;:{&quot;unit&quot;:&quot;px&quot;,&quot;top&quot;:&quot;&quot;,&quot;right&quot;:&quot;&quot;,&quot;bottom&quot;:&quot;&quot;,&quot;left&quot;:&quot;&quot;,&quot;isLinked&quot;:true},&quot;dropdown_border_radius_tablet&quot;:{&quot;unit&quot;:&quot;px&quot;,&quot;top&quot;:&quot;&quot;,&quot;right&quot;:&quot;&quot;,&quot;bottom&quot;:&quot;&quot;,&quot;left&quot;:&quot;&quot;,&quot;isLinked&quot;:true},&quot;dropdown_border_radius_mobile&quot;:{&quot;unit&quot;:&quot;px&quot;,&quot;top&quot;:&quot;&quot;,&quot;right&quot;:&quot;&quot;,&quot;bottom&quot;:&quot;&quot;,&quot;left&quot;:&quot;&quot;,&quot;isLinked&quot;:true},&quot;padding_horizontal_dropdown_item&quot;:{&quot;unit&quot;:&quot;px&quot;,&quot;size&quot;:&quot;&quot;,&quot;sizes&quot;:[]},&quot;padding_horizontal_dropdown_item_tablet&quot;:{&quot;unit&quot;:&quot;px&quot;,&quot;size&quot;:&quot;&quot;,&quot;sizes&quot;:[]},&quot;padding_horizontal_dropdown_item_mobile&quot;:{&quot;unit&quot;:&quot;px&quot;,&quot;size&quot;:&quot;&quot;,&quot;sizes&quot;:[]},&quot;padding_vertical_dropdown_item&quot;:{&quot;unit&quot;:&quot;px&quot;,&quot;size&quot;:15,&quot;sizes&quot;:[]},&quot;padding_vertical_dropdown_item_tablet&quot;:{&quot;unit&quot;:&quot;px&quot;,&quot;size&quot;:&quot;&quot;,&quot;sizes&quot;:[]},&quot;padding_vertical_dropdown_item_mobile&quot;:{&quot;unit&quot;:&quot;px&quot;,&quot;size&quot;:&quot;&quot;,&quot;sizes&quot;:[]},&quot;distance_from_menu&quot;:{&quot;unit&quot;:&quot;px&quot;,&quot;size&quot;:&quot;&quot;,&quot;sizes&quot;:[]},&quot;distance_from_menu_tablet&quot;:{&quot;unit&quot;:&quot;px&quot;,&quot;size&quot;:&quot;&quot;,&quot;sizes&quot;:[]},&quot;distance_from_menu_mobile&quot;:{&quot;unit&quot;:&quot;px&quot;,&quot;size&quot;:&quot;&quot;,&quot;sizes&quot;:[]},&quot;toggle_size&quot;:{&quot;unit&quot;:&quot;px&quot;,&quot;size&quot;:&quot;&quot;,&quot;sizes&quot;:[]},&quot;toggle_size_tablet&quot;:{&quot;unit&quot;:&quot;px&quot;,&quot;size&quot;:&quot;&quot;,&quot;sizes&quot;:[]},&quot;toggle_size_mobile&quot;:{&quot;unit&quot;:&quot;px&quot;,&quot;size&quot;:&quot;&quot;,&quot;sizes&quot;:[]},&quot;toggle_border_width&quot;:{&quot;unit&quot;:&quot;px&quot;,&quot;size&quot;:&quot;&quot;,&quot;sizes&quot;:[]},&quot;toggle_border_width_tablet&quot;:{&quot;unit&quot;:&quot;px&quot;,&quot;size&quot;:&quot;&quot;,&quot;sizes&quot;:[]},&quot;toggle_border_width_mobile&quot;:{&quot;unit&quot;:&quot;px&quot;,&quot;size&quot;:&quot;&quot;,&quot;sizes&quot;:[]},&quot;toggle_border_radius&quot;:{&quot;unit&quot;:&quot;px&quot;,&quot;size&quot;:&quot;&quot;,&quot;sizes&quot;:[]},&quot;toggle_border_radius_tablet&quot;:{&quot;unit&quot;:&quot;px&quot;,&quot;size&quot;:&quot;&quot;,&quot;sizes&quot;:[]},&quot;toggle_border_radius_mobile&quot;:{&quot;unit&quot;:&quot;px&quot;,&quot;size&quot;:&quot;&quot;,&quot;sizes&quot;:[]}}\" data-widget_type=\"navigation-menu.default\">\n\t\t\t\t<div class=\"elementor-widget-container\">\n\t\t\t\t\t\t\t\t<div class=\"hfe-nav-menu hfe-layout-vertical hfe-nav-menu-layout vertical\" data-layout=\"vertical\">\n\t\t\t\t<div role=\"button\" class=\"hfe-nav-menu__toggle elementor-clickable\" tabindex=\"0\" aria-label=\"Alternar men\u00fa\">\n\t\t\t\t\t<span class=\"screen-reader-text\">Men\u00fa<\/span>\n\t\t\t\t\t<div class=\"hfe-nav-menu-icon\">\n\t\t\t\t\t\t<i aria-hidden=\"true\"  class=\"fas fa-align-justify\"><\/i>\t\t\t\t\t<\/div>\n\t\t\t\t<\/div>\n\t\t\t\t<nav class=\"hfe-nav-menu__layout-vertical hfe-nav-menu__submenu-arrow\" data-toggle-icon=\"&lt;i aria-hidden=&quot;true&quot; tabindex=&quot;0&quot; class=&quot;fas fa-align-justify&quot;&gt;&lt;\/i&gt;\" data-close-icon=\"&lt;i aria-hidden=&quot;true&quot; tabindex=&quot;0&quot; class=&quot;far fa-window-close&quot;&gt;&lt;\/i&gt;\" data-full-width=\"yes\">\n\t\t\t\t\t<ul id=\"menu-1-9fbee0b\" class=\"hfe-nav-menu\"><li id=\"menu-item-7540\" class=\"menu-item menu-item-type-custom menu-item-object-custom parent hfe-creative-menu\"><a href=\"https:\/\/ingenieria.mxl.uabc.mx\/fim\/tutorias-inicio-licenciatura\/\" class = \"hfe-menu-item\">Inicio<\/a><\/li>\n<li id=\"menu-item-7541\" class=\"menu-item menu-item-type-custom menu-item-object-custom parent hfe-creative-menu\"><a href=\"https:\/\/ingenieria.mxl.uabc.mx\/fim\/tutorias-proceso-licenciatura\/\" class = \"hfe-menu-item\">Proceso de Tutor\u00edas<\/a><\/li>\n<li id=\"menu-item-7542\" class=\"menu-item menu-item-type-custom menu-item-object-custom parent hfe-creative-menu\"><a href=\"https:\/\/ingenieria.mxl.uabc.mx\/fim\/tutorias-manual-licenciatura\/\" class = \"hfe-menu-item\">Manual de Tutor\u00edas<\/a><\/li>\n<li id=\"menu-item-7543\" class=\"menu-item menu-item-type-custom menu-item-object-custom menu-item-has-children parent hfe-has-submenu hfe-creative-menu\"><div class=\"hfe-has-submenu-container\" tabindex=\"0\" role=\"button\" aria-haspopup=\"true\" aria-expanded=\"false\"><a role=\"button\" aria-expanded=\"false\" href=\"#\" class = \"hfe-menu-item\">Tutores<span class='hfe-menu-toggle sub-arrow hfe-menu-child-0'><i class='fa'><\/i><\/span><\/a><\/div>\n<ul class=\"sub-menu\">\n\t<li id=\"menu-item-7544\" class=\"menu-item menu-item-type-custom menu-item-object-custom hfe-creative-menu\"><a href=\"https:\/\/ingenieria.mxl.uabc.mx\/fim\/tutorias-tutores-tronco-licenciatura\/\" class = \"hfe-sub-menu-item\">Tronco Com\u00fan<\/a><\/li>\n\t<li id=\"menu-item-7545\" class=\"menu-item menu-item-type-custom menu-item-object-custom hfe-creative-menu\"><a href=\"https:\/\/ingenieria.mxl.uabc.mx\/fim\/tutorias-tutores-bioingenieria-licenciatura\/\" class = \"hfe-sub-menu-item\">Bioingenier\u00eda<\/a><\/li>\n\t<li id=\"menu-item-7546\" class=\"menu-item menu-item-type-custom menu-item-object-custom hfe-creative-menu\"><a href=\"https:\/\/ingenieria.mxl.uabc.mx\/fim\/tutorias-tutores-aeroespacial-licenciatura\/\" class = \"hfe-sub-menu-item\">Ing. Aeroespacial<\/a><\/li>\n\t<li id=\"menu-item-7547\" class=\"menu-item menu-item-type-custom menu-item-object-custom hfe-creative-menu\"><a href=\"https:\/\/ingenieria.mxl.uabc.mx\/fim\/tutorias-tutores-civil-licenciatura\/\" class = \"hfe-sub-menu-item\">Ing. Civil<\/a><\/li>\n\t<li id=\"menu-item-7548\" class=\"menu-item menu-item-type-custom menu-item-object-custom hfe-creative-menu\"><a href=\"https:\/\/ingenieria.mxl.uabc.mx\/fim\/tutorias-tutores-computacion-licenciatura\/\" class = \"hfe-sub-menu-item\">Ing. Computaci\u00f3n<\/a><\/li>\n\t<li id=\"menu-item-7549\" class=\"menu-item menu-item-type-custom menu-item-object-custom hfe-creative-menu\"><a href=\"https:\/\/ingenieria.mxl.uabc.mx\/fim\/tutorias-tutores-electronica-licenciatura\/\" class = \"hfe-sub-menu-item\">Ing. Electr\u00f3nica<\/a><\/li>\n\t<li id=\"menu-item-7550\" class=\"menu-item menu-item-type-custom menu-item-object-custom hfe-creative-menu\"><a href=\"https:\/\/ingenieria.mxl.uabc.mx\/fim\/tutorias-tutores-electrica-licenciatura\/\" class = \"hfe-sub-menu-item\">Ing. El\u00e9ctrica<\/a><\/li>\n\t<li id=\"menu-item-7551\" class=\"menu-item menu-item-type-custom menu-item-object-custom hfe-creative-menu\"><a href=\"https:\/\/ingenieria.mxl.uabc.mx\/fim\/tutorias-tutores-energias-licenciatura\/\" class = \"hfe-sub-menu-item\">Ing. Energ\u00edas Renovables<\/a><\/li>\n\t<li id=\"menu-item-7552\" class=\"menu-item menu-item-type-custom menu-item-object-custom hfe-creative-menu\"><a href=\"https:\/\/ingenieria.mxl.uabc.mx\/fim\/tutorias-tutores-industrial-licenciatura\/\" class = \"hfe-sub-menu-item\">Ing. Industrial<\/a><\/li>\n\t<li id=\"menu-item-7553\" class=\"menu-item menu-item-type-custom menu-item-object-custom hfe-creative-menu\"><a href=\"https:\/\/ingenieria.mxl.uabc.mx\/fim\/tutorias-tutores-mecanica-licenciatura\/\" class = \"hfe-sub-menu-item\">Ing. Mec\u00e1nica<\/a><\/li>\n\t<li id=\"menu-item-7554\" class=\"menu-item menu-item-type-custom menu-item-object-custom hfe-creative-menu\"><a href=\"https:\/\/ingenieria.mxl.uabc.mx\/fim\/tutorias-tutores-mecatronica-licenciatura\/\" class = \"hfe-sub-menu-item\">Ing. Mecatr\u00f3nica<\/a><\/li>\n\t<li id=\"menu-item-7555\" class=\"menu-item menu-item-type-custom menu-item-object-custom hfe-creative-menu\"><a href=\"https:\/\/ingenieria.mxl.uabc.mx\/fim\/tutorias-tutores-lsc-licenciatura\/\" class = \"hfe-sub-menu-item\">Sistemas Computacionales<\/a><\/li>\n<\/ul>\n<\/li>\n<li id=\"menu-item-7556\" class=\"menu-item menu-item-type-custom menu-item-object-custom parent hfe-creative-menu\"><a href=\"https:\/\/ingenieria.mxl.uabc.mx\/fim\/tutorias-sistema-institucional-licenciatura\/\" class = \"hfe-menu-item\">Sistema Institucional de Tutor\u00edas<\/a><\/li>\n<\/ul> \n\t\t\t\t<\/nav>\n\t\t\t<\/div>\n\t\t\t\t\t\t\t<\/div>\n\t\t\t\t<\/div>\n\t\t\t\t<\/div>\n\t\t\t\t<\/div>\n\t\t<div class=\"elementor-element elementor-element-d700dbe e-con-full e-flex e-con e-child\" data-id=\"d700dbe\" data-element_type=\"container\" data-e-type=\"container\">\n\t\t<div class=\"elementor-element elementor-element-7f8a134 e-con-full e-flex e-con e-child\" data-id=\"7f8a134\" data-element_type=\"container\" data-e-type=\"container\" data-settings=\"{&quot;background_background&quot;:&quot;classic&quot;}\">\n\t\t\t\t<div class=\"elementor-element elementor-element-7e30e08 elementor-widget elementor-widget-heading\" data-id=\"7e30e08\" data-element_type=\"widget\" data-e-type=\"widget\" data-widget_type=\"heading.default\">\n\t\t\t\t<div class=\"elementor-widget-container\">\n\t\t\t\t\t<h1 class=\"elementor-heading-title elementor-size-default\">Proceso de Tutor\u00edas<\/h1>\t\t\t\t<\/div>\n\t\t\t\t<\/div>\n\t\t\t\t<div class=\"elementor-element elementor-element-66d7613 elementor-widget-divider--view-line elementor-widget elementor-widget-divider\" data-id=\"66d7613\" data-element_type=\"widget\" data-e-type=\"widget\" data-widget_type=\"divider.default\">\n\t\t\t\t<div class=\"elementor-widget-container\">\n\t\t\t\t\t\t\t<div class=\"elementor-divider\">\n\t\t\t<span class=\"elementor-divider-separator\">\n\t\t\t\t\t\t<\/span>\n\t\t<\/div>\n\t\t\t\t\t\t<\/div>\n\t\t\t\t<\/div>\n\t\t\t\t<div class=\"elementor-element elementor-element-93d33d4 elementor-widget elementor-widget-text-editor\" data-id=\"93d33d4\" data-element_type=\"widget\" data-e-type=\"widget\" data-widget_type=\"text-editor.default\">\n\t\t\t\t<div class=\"elementor-widget-container\">\n\t\t\t\t\t\t\t\t\t<p><span style=\"font-size: 14pt;\">El proceso de tutor\u00edas, define una de las dimensiones sustantivas del docente orientando su funci\u00f3n como gu\u00eda del estudiante durante el proceso de licenciatura, supervisando su formaci\u00f3n en materia de construcci\u00f3n de habilidades y valores asociados a un desempe\u00f1o profesional eficiente y \u00e9tico, para lograr su buen funcionamiento a lo largo de su trayectoria acad\u00e9mica.<\/span><\/p>\t\t\t\t\t\t\t\t<\/div>\n\t\t\t\t<\/div>\n\t\t\t\t<div class=\"elementor-element elementor-element-3ec7752 elementor-widget elementor-widget-image\" data-id=\"3ec7752\" data-element_type=\"widget\" data-e-type=\"widget\" data-widget_type=\"image.default\">\n\t\t\t\t<div class=\"elementor-widget-container\">\n\t\t\t\t\t\t\t\t\t\t\t\t\t\t\t<img fetchpriority=\"high\" decoding=\"async\" width=\"1024\" height=\"862\" src=\"https:\/\/ingenieria.mxl.uabc.mx\/fim\/wp-content\/uploads\/2024\/02\/ProcesoTutorias-1024x862.jpg\" class=\"attachment-large size-large wp-image-7628\" alt=\"Proceso de Tutorias\" srcset=\"https:\/\/ingenieria.mxl.uabc.mx\/fim\/wp-content\/uploads\/2024\/02\/ProcesoTutorias-1024x862.jpg 1024w, https:\/\/ingenieria.mxl.uabc.mx\/fim\/wp-content\/uploads\/2024\/02\/ProcesoTutorias-300x253.jpg 300w, https:\/\/ingenieria.mxl.uabc.mx\/fim\/wp-content\/uploads\/2024\/02\/ProcesoTutorias-768x647.jpg 768w, https:\/\/ingenieria.mxl.uabc.mx\/fim\/wp-content\/uploads\/2024\/02\/ProcesoTutorias-1536x1293.jpg 1536w, https:\/\/ingenieria.mxl.uabc.mx\/fim\/wp-content\/uploads\/2024\/02\/ProcesoTutorias-2048x1725.jpg 2048w\" sizes=\"(max-width: 1024px) 100vw, 1024px\" \/>\t\t\t\t\t\t\t\t\t\t\t\t\t\t\t<\/div>\n\t\t\t\t<\/div>\n\t\t\t\t<\/div>\n\t\t\t\t<\/div>\n\t\t<div class=\"elementor-element elementor-element-7f413a1 e-con-full e-flex e-con e-child\" data-id=\"7f413a1\" data-element_type=\"container\" data-e-type=\"container\">\n\t\t<div class=\"elementor-element elementor-element-0f972e2 e-con-full e-flex e-con e-child\" data-id=\"0f972e2\" data-element_type=\"container\" data-e-type=\"container\" data-settings=\"{&quot;background_background&quot;:&quot;classic&quot;}\">\n\t\t\t\t<div class=\"elementor-element elementor-element-1cc6521 elementor-widget elementor-widget-heading\" data-id=\"1cc6521\" data-element_type=\"widget\" data-e-type=\"widget\" data-widget_type=\"heading.default\">\n\t\t\t\t<div class=\"elementor-widget-container\">\n\t\t\t\t\t<h2 class=\"elementor-heading-title elementor-size-default\">Contacto<\/h2>\t\t\t\t<\/div>\n\t\t\t\t<\/div>\n\t\t\t\t<div class=\"elementor-element elementor-element-a38254b elementor-widget-divider--view-line elementor-widget elementor-widget-divider\" data-id=\"a38254b\" data-element_type=\"widget\" data-e-type=\"widget\" data-widget_type=\"divider.default\">\n\t\t\t\t<div class=\"elementor-widget-container\">\n\t\t\t\t\t\t\t<div class=\"elementor-divider\">\n\t\t\t<span class=\"elementor-divider-separator\">\n\t\t\t\t\t\t<\/span>\n\t\t<\/div>\n\t\t\t\t\t\t<\/div>\n\t\t\t\t<\/div>\n\t\t\t\t<div class=\"elementor-element elementor-element-1312f45 elementor-widget elementor-widget-text-editor\" data-id=\"1312f45\" data-element_type=\"widget\" data-e-type=\"widget\" data-widget_type=\"text-editor.default\">\n\t\t\t\t<div class=\"elementor-widget-container\">\n\t\t\t\t\t\t\t\t\t<p><span style=\"color: #339966; font-size: 12pt;\"><strong>Mtra. Ana Dolores Mart\u00ednez Molina<\/strong><\/span><br \/><span style=\"font-size: 12pt; color: #000000;\"><b style=\"font-size: 12pt;\"><span style=\"font-size: 12pt;\"><span style=\"color: #ffcc00;\"><b style=\"color: #ffcc00; font-size: 12pt;\"><strong>Responsable de tutor\u00edas acad\u00e9micas<\/strong><\/b><\/span><\/span><\/b><\/span><\/p><p>\u00a0<\/p><p><span style=\"font-size: 12pt;\"><strong><span style=\"color: #339966;\">Email:<\/span><\/strong><\/span><span style=\"font-size: 12pt;\"><strong><span style=\"color: #000000;\"><a style=\"color: #000000;\" href=\"mailto:ana.dolores.martinez.molina@uabc.edu\">ana.dolores.martinez.molina@uabc.edu.mx<\/a><\/span><\/strong><\/span><br \/><span style=\"font-size: 12pt;\"><strong><span style=\"color: #339966;\">Telefono: <\/span><\/strong><\/span><strong style=\"font-size: 12pt;\">+52 (686) 841-82-35<\/strong><\/p><p><span style=\"font-size: 12pt;\"><strong><span style=\"color: #339966;\">Ext.<\/span> 44487<\/strong><\/span><\/p>\t\t\t\t\t\t\t\t<\/div>\n\t\t\t\t<\/div>\n\t\t\t\t<\/div>\n\t\t\t\t<\/div>\n\t\t\t\t<\/div>\n\t\t\t\t<\/div>\n\t\t","protected":false},"excerpt":{"rendered":"<p>Tutor\u00edas Men\u00fa Inicio Proceso de Tutor\u00edas Manual de Tutor\u00edas Tutores Tronco Com\u00fan Bioingenier\u00eda Ing. Aeroespacial Ing. Civil Ing. Computaci\u00f3n Ing. Electr\u00f3nica Ing. El\u00e9ctrica Ing. Energ\u00edas Renovables Ing. Industrial Ing. Mec\u00e1nica Ing. Mecatr\u00f3nica Sistemas Computacionales Sistema Institucional de Tutor\u00edas Proceso de Tutor\u00edas El proceso de tutor\u00edas, define una de las dimensiones sustantivas del docente orientando su [&hellip;]<\/p>\n","protected":false},"author":3,"featured_media":0,"parent":0,"menu_order":0,"comment_status":"closed","ping_status":"closed","template":"","meta":{"site-sidebar-layout":"no-sidebar","site-content-layout":"page-builder","ast-site-content-layout":"full-width-container","site-content-style":"default","site-sidebar-style":"default","ast-global-header-display":"","ast-banner-title-visibility":"","ast-main-header-display":"","ast-hfb-above-header-display":"","ast-hfb-below-header-display":"","ast-hfb-mobile-header-display":"","site-post-title":"disabled","ast-breadcrumbs-content":"","ast-featured-img":"disabled","footer-sml-layout":"","ast-disable-related-posts":"","theme-transparent-header-meta":"default","adv-header-id-meta":"","stick-header-meta":"","header-above-stick-meta":"","header-main-stick-meta":"","header-below-stick-meta":"","astra-migrate-meta-layouts":"set","ast-page-background-enabled":"default","ast-page-background-meta":{"desktop":{"background-color":"","background-image":"","background-repeat":"repeat","background-position":"center center","background-size":"auto","background-attachment":"scroll","background-type":"","background-media":"","overlay-type":"","overlay-color":"","overlay-opacity":"","overlay-gradient":""},"tablet":{"background-color":"","background-image":"","background-repeat":"repeat","background-position":"center center","background-size":"auto","background-attachment":"scroll","background-type":"","background-media":"","overlay-type":"","overlay-color":"","overlay-opacity":"","overlay-gradient":""},"mobile":{"background-color":"","background-image":"","background-repeat":"repeat","background-position":"center center","background-size":"auto","background-attachment":"scroll","background-type":"","background-media":"","overlay-type":"","overlay-color":"","overlay-opacity":"","overlay-gradient":""}},"ast-content-background-meta":{"desktop":{"background-color":"var(--ast-global-color-5)","background-image":"","background-repeat":"repeat","background-position":"center center","background-size":"auto","background-attachment":"scroll","background-type":"","background-media":"","overlay-type":"","overlay-color":"","overlay-opacity":"","overlay-gradient":""},"tablet":{"background-color":"var(--ast-global-color-5)","background-image":"","background-repeat":"repeat","background-position":"center center","background-size":"auto","background-attachment":"scroll","background-type":"","background-media":"","overlay-type":"","overlay-color":"","overlay-opacity":"","overlay-gradient":""},"mobile":{"background-color":"var(--ast-global-color-5)","background-image":"","background-repeat":"repeat","background-position":"center center","background-size":"auto","background-attachment":"scroll","background-type":"","background-media":"","overlay-type":"","overlay-color":"","overlay-opacity":"","overlay-gradient":""}},"footnotes":""},"class_list":["post-7626","page","type-page","status-publish","hentry"],"_links":{"self":[{"href":"https:\/\/ingenieria.mxl.uabc.mx\/fim\/wp-json\/wp\/v2\/pages\/7626","targetHints":{"allow":["GET"]}}],"collection":[{"href":"https:\/\/ingenieria.mxl.uabc.mx\/fim\/wp-json\/wp\/v2\/pages"}],"about":[{"href":"https:\/\/ingenieria.mxl.uabc.mx\/fim\/wp-json\/wp\/v2\/types\/page"}],"author":[{"embeddable":true,"href":"https:\/\/ingenieria.mxl.uabc.mx\/fim\/wp-json\/wp\/v2\/users\/3"}],"replies":[{"embeddable":true,"href":"https:\/\/ingenieria.mxl.uabc.mx\/fim\/wp-json\/wp\/v2\/comments?post=7626"}],"version-history":[{"count":7,"href":"https:\/\/ingenieria.mxl.uabc.mx\/fim\/wp-json\/wp\/v2\/pages\/7626\/revisions"}],"predecessor-version":[{"id":10742,"href":"https:\/\/ingenieria.mxl.uabc.mx\/fim\/wp-json\/wp\/v2\/pages\/7626\/revisions\/10742"}],"wp:attachment":[{"href":"https:\/\/ingenieria.mxl.uabc.mx\/fim\/wp-json\/wp\/v2\/media?parent=7626"}],"curies":[{"name":"wp","href":"https:\/\/api.w.org\/{rel}","templated":true}]}}