{"id":8175,"date":"2024-02-12T13:04:18","date_gmt":"2024-02-12T21:04:18","guid":{"rendered":"https:\/\/ingenieria.mxl.uabc.mx\/fim\/?page_id=8175"},"modified":"2026-01-29T13:07:45","modified_gmt":"2026-01-29T21:07:45","slug":"tramites-ssp-reporte-final-linea-licenciatura","status":"publish","type":"page","link":"https:\/\/ingenieria.mxl.uabc.mx\/fim\/tramites-ssp-reporte-final-linea-licenciatura\/","title":{"rendered":"Tramites SSP Reporte Final Linea &#8211; Licenciatura"},"content":{"rendered":"\t\t<div data-elementor-type=\"wp-page\" data-elementor-id=\"8175\" class=\"elementor elementor-8175\">\n\t\t\t\t<div class=\"elementor-element elementor-element-a32812a e-con-full e-flex e-con e-parent\" data-id=\"a32812a\" data-element_type=\"container\" data-e-type=\"container\">\n\t\t<div class=\"elementor-element elementor-element-d6f681b e-con-full e-flex e-con e-child\" data-id=\"d6f681b\" data-element_type=\"container\" data-e-type=\"container\">\n\t\t<div class=\"elementor-element elementor-element-09bf7bd e-con-full e-flex e-con e-child\" data-id=\"09bf7bd\" data-element_type=\"container\" data-e-type=\"container\" data-settings=\"{&quot;background_background&quot;:&quot;classic&quot;}\">\n\t\t\t\t<div class=\"elementor-element elementor-element-4513d07 elementor-hidden-tablet elementor-widget elementor-widget-heading\" data-id=\"4513d07\" data-element_type=\"widget\" data-e-type=\"widget\" data-widget_type=\"heading.default\">\n\t\t\t\t<div class=\"elementor-widget-container\">\n\t\t\t\t\t<h2 class=\"elementor-heading-title elementor-size-default\">Servicio Social Profesional<\/h2>\t\t\t\t<\/div>\n\t\t\t\t<\/div>\n\t\t\t\t<div class=\"elementor-element elementor-element-98b2e9a elementor-widget-divider--view-line elementor-widget elementor-widget-divider\" data-id=\"98b2e9a\" data-element_type=\"widget\" data-e-type=\"widget\" data-widget_type=\"divider.default\">\n\t\t\t\t<div class=\"elementor-widget-container\">\n\t\t\t\t\t\t\t<div class=\"elementor-divider\">\n\t\t\t<span class=\"elementor-divider-separator\">\n\t\t\t\t\t\t<\/span>\n\t\t<\/div>\n\t\t\t\t\t\t<\/div>\n\t\t\t\t<\/div>\n\t\t\t\t<div class=\"elementor-element elementor-element-9fbee0b hfe-nav-menu__align-left hfe-submenu-icon-arrow hfe-link-redirect-child hfe-nav-menu__breakpoint-tablet elementor-widget elementor-widget-navigation-menu\" data-id=\"9fbee0b\" data-element_type=\"widget\" data-e-type=\"widget\" data-settings=\"{&quot;padding_horizontal_menu_item&quot;:{&quot;unit&quot;:&quot;px&quot;,&quot;size&quot;:0,&quot;sizes&quot;:[]},&quot;padding_vertical_menu_item&quot;:{&quot;unit&quot;:&quot;px&quot;,&quot;size&quot;:10,&quot;sizes&quot;:[]},&quot;menu_space_between&quot;:{&quot;unit&quot;:&quot;px&quot;,&quot;size&quot;:0,&quot;sizes&quot;:[]},&quot;padding_horizontal_menu_item_tablet&quot;:{&quot;unit&quot;:&quot;px&quot;,&quot;size&quot;:&quot;&quot;,&quot;sizes&quot;:[]},&quot;padding_horizontal_menu_item_mobile&quot;:{&quot;unit&quot;:&quot;px&quot;,&quot;size&quot;:&quot;&quot;,&quot;sizes&quot;:[]},&quot;padding_vertical_menu_item_tablet&quot;:{&quot;unit&quot;:&quot;px&quot;,&quot;size&quot;:&quot;&quot;,&quot;sizes&quot;:[]},&quot;padding_vertical_menu_item_mobile&quot;:{&quot;unit&quot;:&quot;px&quot;,&quot;size&quot;:&quot;&quot;,&quot;sizes&quot;:[]},&quot;menu_space_between_tablet&quot;:{&quot;unit&quot;:&quot;px&quot;,&quot;size&quot;:&quot;&quot;,&quot;sizes&quot;:[]},&quot;menu_space_between_mobile&quot;:{&quot;unit&quot;:&quot;px&quot;,&quot;size&quot;:&quot;&quot;,&quot;sizes&quot;:[]},&quot;dropdown_border_radius&quot;:{&quot;unit&quot;:&quot;px&quot;,&quot;top&quot;:&quot;&quot;,&quot;right&quot;:&quot;&quot;,&quot;bottom&quot;:&quot;&quot;,&quot;left&quot;:&quot;&quot;,&quot;isLinked&quot;:true},&quot;dropdown_border_radius_tablet&quot;:{&quot;unit&quot;:&quot;px&quot;,&quot;top&quot;:&quot;&quot;,&quot;right&quot;:&quot;&quot;,&quot;bottom&quot;:&quot;&quot;,&quot;left&quot;:&quot;&quot;,&quot;isLinked&quot;:true},&quot;dropdown_border_radius_mobile&quot;:{&quot;unit&quot;:&quot;px&quot;,&quot;top&quot;:&quot;&quot;,&quot;right&quot;:&quot;&quot;,&quot;bottom&quot;:&quot;&quot;,&quot;left&quot;:&quot;&quot;,&quot;isLinked&quot;:true},&quot;padding_horizontal_dropdown_item&quot;:{&quot;unit&quot;:&quot;px&quot;,&quot;size&quot;:&quot;&quot;,&quot;sizes&quot;:[]},&quot;padding_horizontal_dropdown_item_tablet&quot;:{&quot;unit&quot;:&quot;px&quot;,&quot;size&quot;:&quot;&quot;,&quot;sizes&quot;:[]},&quot;padding_horizontal_dropdown_item_mobile&quot;:{&quot;unit&quot;:&quot;px&quot;,&quot;size&quot;:&quot;&quot;,&quot;sizes&quot;:[]},&quot;padding_vertical_dropdown_item&quot;:{&quot;unit&quot;:&quot;px&quot;,&quot;size&quot;:15,&quot;sizes&quot;:[]},&quot;padding_vertical_dropdown_item_tablet&quot;:{&quot;unit&quot;:&quot;px&quot;,&quot;size&quot;:&quot;&quot;,&quot;sizes&quot;:[]},&quot;padding_vertical_dropdown_item_mobile&quot;:{&quot;unit&quot;:&quot;px&quot;,&quot;size&quot;:&quot;&quot;,&quot;sizes&quot;:[]},&quot;distance_from_menu&quot;:{&quot;unit&quot;:&quot;px&quot;,&quot;size&quot;:&quot;&quot;,&quot;sizes&quot;:[]},&quot;distance_from_menu_tablet&quot;:{&quot;unit&quot;:&quot;px&quot;,&quot;size&quot;:&quot;&quot;,&quot;sizes&quot;:[]},&quot;distance_from_menu_mobile&quot;:{&quot;unit&quot;:&quot;px&quot;,&quot;size&quot;:&quot;&quot;,&quot;sizes&quot;:[]},&quot;toggle_size&quot;:{&quot;unit&quot;:&quot;px&quot;,&quot;size&quot;:&quot;&quot;,&quot;sizes&quot;:[]},&quot;toggle_size_tablet&quot;:{&quot;unit&quot;:&quot;px&quot;,&quot;size&quot;:&quot;&quot;,&quot;sizes&quot;:[]},&quot;toggle_size_mobile&quot;:{&quot;unit&quot;:&quot;px&quot;,&quot;size&quot;:&quot;&quot;,&quot;sizes&quot;:[]},&quot;toggle_border_width&quot;:{&quot;unit&quot;:&quot;px&quot;,&quot;size&quot;:&quot;&quot;,&quot;sizes&quot;:[]},&quot;toggle_border_width_tablet&quot;:{&quot;unit&quot;:&quot;px&quot;,&quot;size&quot;:&quot;&quot;,&quot;sizes&quot;:[]},&quot;toggle_border_width_mobile&quot;:{&quot;unit&quot;:&quot;px&quot;,&quot;size&quot;:&quot;&quot;,&quot;sizes&quot;:[]},&quot;toggle_border_radius&quot;:{&quot;unit&quot;:&quot;px&quot;,&quot;size&quot;:&quot;&quot;,&quot;sizes&quot;:[]},&quot;toggle_border_radius_tablet&quot;:{&quot;unit&quot;:&quot;px&quot;,&quot;size&quot;:&quot;&quot;,&quot;sizes&quot;:[]},&quot;toggle_border_radius_mobile&quot;:{&quot;unit&quot;:&quot;px&quot;,&quot;size&quot;:&quot;&quot;,&quot;sizes&quot;:[]}}\" data-widget_type=\"navigation-menu.default\">\n\t\t\t\t<div class=\"elementor-widget-container\">\n\t\t\t\t\t\t\t\t<div class=\"hfe-nav-menu hfe-layout-vertical hfe-nav-menu-layout vertical\" data-layout=\"vertical\">\n\t\t\t\t<div role=\"button\" class=\"hfe-nav-menu__toggle elementor-clickable\" tabindex=\"0\" aria-label=\"Alternar men\u00fa\">\n\t\t\t\t\t<span class=\"screen-reader-text\">Men\u00fa<\/span>\n\t\t\t\t\t<div class=\"hfe-nav-menu-icon\">\n\t\t\t\t\t\t<i aria-hidden=\"true\"  class=\"fas fa-align-justify\"><\/i>\t\t\t\t\t<\/div>\n\t\t\t\t<\/div>\n\t\t\t\t<nav class=\"hfe-nav-menu__layout-vertical hfe-nav-menu__submenu-arrow\" data-toggle-icon=\"&lt;i aria-hidden=&quot;true&quot; tabindex=&quot;0&quot; class=&quot;fas fa-align-justify&quot;&gt;&lt;\/i&gt;\" data-close-icon=\"&lt;i aria-hidden=&quot;true&quot; tabindex=&quot;0&quot; class=&quot;far fa-window-close&quot;&gt;&lt;\/i&gt;\" data-full-width=\"yes\">\n\t\t\t\t\t<ul id=\"menu-1-9fbee0b\" class=\"hfe-nav-menu\"><li id=\"menu-item-7847\" class=\"menu-item menu-item-type-custom menu-item-object-custom parent hfe-creative-menu\"><a href=\"https:\/\/ingenieria.mxl.uabc.mx\/fim\/tramites-ssp-inicio-licenciatura\/\" class = \"hfe-menu-item\">Inicio<\/a><\/li>\n<li id=\"menu-item-7848\" class=\"menu-item menu-item-type-custom menu-item-object-custom parent hfe-creative-menu\"><a href=\"https:\/\/ingenieria.mxl.uabc.mx\/fim\/tramites-ssp-modalidades-licenciatura\/\" class = \"hfe-menu-item\">Modalidades<\/a><\/li>\n<li id=\"menu-item-7849\" class=\"menu-item menu-item-type-custom menu-item-object-custom menu-item-has-children parent hfe-has-submenu hfe-creative-menu\"><div class=\"hfe-has-submenu-container\" tabindex=\"0\" role=\"button\" aria-haspopup=\"true\" aria-expanded=\"false\"><a aria-expanded=\"false\" href=\"#\" class = \"hfe-menu-item\">Asignaci\u00f3n<span class='hfe-menu-toggle sub-arrow hfe-menu-child-0'><i class='fa'><\/i><\/span><\/a><\/div>\n<ul class=\"sub-menu\">\n\t<li id=\"menu-item-7850\" class=\"menu-item menu-item-type-custom menu-item-object-custom hfe-creative-menu\"><a href=\"https:\/\/ingenieria.mxl.uabc.mx\/fim\/tramites-ssp-asig-linea-licenciatura\/\" class = \"hfe-sub-menu-item\">Asignaci\u00f3n en L\u00ednea<\/a><\/li>\n\t<li id=\"menu-item-7851\" class=\"menu-item menu-item-type-custom menu-item-object-custom hfe-creative-menu\"><a href=\"https:\/\/ingenieria.mxl.uabc.mx\/fim\/tramites-ssp-asignacion-manual-licenciatura\/\" class = \"hfe-sub-menu-item\">Asignaci\u00f3n Manual<\/a><\/li>\n<\/ul>\n<\/li>\n<li id=\"menu-item-7852\" class=\"menu-item menu-item-type-custom menu-item-object-custom menu-item-has-children parent hfe-has-submenu hfe-creative-menu\"><div class=\"hfe-has-submenu-container\" tabindex=\"0\" role=\"button\" aria-haspopup=\"true\" aria-expanded=\"false\"><a aria-expanded=\"false\" href=\"#\" class = \"hfe-menu-item\">Reporte Trimestral<span class='hfe-menu-toggle sub-arrow hfe-menu-child-0'><i class='fa'><\/i><\/span><\/a><\/div>\n<ul class=\"sub-menu\">\n\t<li id=\"menu-item-7853\" class=\"menu-item menu-item-type-custom menu-item-object-custom hfe-creative-menu\"><a href=\"https:\/\/ingenieria.mxl.uabc.mx\/fim\/tramites-ssp-rep-trim-linea-licenciatura\/\" class = \"hfe-sub-menu-item\">Reporte Trimestral en L\u00ednea<\/a><\/li>\n\t<li id=\"menu-item-7854\" class=\"menu-item menu-item-type-custom menu-item-object-custom hfe-creative-menu\"><a href=\"https:\/\/ingenieria.mxl.uabc.mx\/fim\/tramites-ssp-reporte-trimestral-manual-licenciatura\/\" class = \"hfe-sub-menu-item\">Reporte Trimestral Manual<\/a><\/li>\n<\/ul>\n<\/li>\n<li id=\"menu-item-7855\" class=\"menu-item menu-item-type-custom menu-item-object-custom menu-item-has-children parent hfe-has-submenu hfe-creative-menu\"><div class=\"hfe-has-submenu-container\" tabindex=\"0\" role=\"button\" aria-haspopup=\"true\" aria-expanded=\"false\"><a aria-expanded=\"false\" href=\"#\" class = \"hfe-menu-item\">Informe Final<span class='hfe-menu-toggle sub-arrow hfe-menu-child-0'><i class='fa'><\/i><\/span><\/a><\/div>\n<ul class=\"sub-menu\">\n\t<li id=\"menu-item-7856\" class=\"menu-item menu-item-type-custom menu-item-object-custom hfe-creative-menu\"><a href=\"https:\/\/ingenieria.mxl.uabc.mx\/fim\/tramites-ssp-reporte-final-linea-licenciatura\/\" class = \"hfe-sub-menu-item\">Informe Final en L\u00ednea<\/a><\/li>\n\t<li id=\"menu-item-7857\" class=\"menu-item menu-item-type-custom menu-item-object-custom hfe-creative-menu\"><a href=\"https:\/\/ingenieria.mxl.uabc.mx\/fim\/tramites-ssp-reporte-final-manual-licenciatura\/\" class = \"hfe-sub-menu-item\">Informe Final Manual<\/a><\/li>\n<\/ul>\n<\/li>\n<li id=\"menu-item-7858\" class=\"menu-item menu-item-type-custom menu-item-object-custom parent hfe-creative-menu\"><a href=\"https:\/\/ingenieria.mxl.uabc.mx\/fim\/tramites-ssp-taller-linea-licenciatura\/\" class = \"hfe-menu-item\">Taller en l\u00ednea<\/a><\/li>\n<\/ul> \n\t\t\t\t<\/nav>\n\t\t\t<\/div>\n\t\t\t\t\t\t\t<\/div>\n\t\t\t\t<\/div>\n\t\t\t\t<\/div>\n\t\t\t\t<\/div>\n\t\t<div class=\"elementor-element elementor-element-d700dbe e-con-full e-flex e-con e-child\" data-id=\"d700dbe\" data-element_type=\"container\" data-e-type=\"container\">\n\t\t<div class=\"elementor-element elementor-element-7f8a134 e-con-full e-flex e-con e-child\" data-id=\"7f8a134\" data-element_type=\"container\" data-e-type=\"container\" data-settings=\"{&quot;background_background&quot;:&quot;classic&quot;}\">\n\t\t\t\t<div class=\"elementor-element elementor-element-7e30e08 elementor-widget elementor-widget-heading\" data-id=\"7e30e08\" data-element_type=\"widget\" data-e-type=\"widget\" data-widget_type=\"heading.default\">\n\t\t\t\t<div class=\"elementor-widget-container\">\n\t\t\t\t\t<h1 class=\"elementor-heading-title elementor-size-default\">Informe Final en L\u00ednea<\/h1>\t\t\t\t<\/div>\n\t\t\t\t<\/div>\n\t\t\t\t<div class=\"elementor-element elementor-element-66d7613 elementor-widget-divider--view-line elementor-widget elementor-widget-divider\" data-id=\"66d7613\" data-element_type=\"widget\" data-e-type=\"widget\" data-widget_type=\"divider.default\">\n\t\t\t\t<div class=\"elementor-widget-container\">\n\t\t\t\t\t\t\t<div class=\"elementor-divider\">\n\t\t\t<span class=\"elementor-divider-separator\">\n\t\t\t\t\t\t<\/span>\n\t\t<\/div>\n\t\t\t\t\t\t<\/div>\n\t\t\t\t<\/div>\n\t\t\t\t<div class=\"elementor-element elementor-element-93d33d4 elementor-widget elementor-widget-text-editor\" data-id=\"93d33d4\" data-element_type=\"widget\" data-e-type=\"widget\" data-widget_type=\"text-editor.default\">\n\t\t\t\t<div class=\"elementor-widget-container\">\n\t\t\t\t\t\t\t\t\t<p><span style=\"font-size: 14pt;\">Los alumnos asignados a un programa de servicio social deben elaborar un informe final de actividades de acuerdo a lo siguiente:<\/span><\/p><p>\u00a0<\/p><ul><li><div><span style=\"font-size: 14pt;\">El informe final o de liberaci\u00f3n, se debe elaborar a los 6 meses, cumplidos a partir de la fecha de asignaci\u00f3n y posteriores a la realizaci\u00f3n de 480 horas como m\u00ednimo, en un lapso de tiempo no menor de 6 meses ni mayor a 2 a\u00f1os (exceptuando las liberaciones parciales).<\/span><\/div><\/li><\/ul><ul><li><div><span style=\"font-size: 14pt;\">Se deber\u00e1 realizar dentro de los 20 d\u00edas naturales posteriores al vencimiento de ese per\u00edodo de tiempo (art. 36 del Reglamento de SS de la UABC) y comprender\u00e1 todas las actividades realizadas durante esos 6 meses.<\/span><\/div><\/li><\/ul><ul><li><div><span style=\"font-size: 14pt;\">Las liberaciones parciales se podr\u00e1n realizar a partir de los 2 meses de asignaci\u00f3n, contando con la realizaci\u00f3n de 200 horas como m\u00ednimo. Se solicita que dichas liberaciones lleven como t\u00edtulo inicial: LIBERACI\u00d3N PARCIAL, para evitar errores que retrasen la aprobaci\u00f3n de dicho informe.<\/span><\/div><\/li><\/ul><ul><li><div><span style=\"font-size: 14pt;\">Se requiere que el alumno realice una descripci\u00f3n de actividades completa, con Introducci\u00f3n, descripci\u00f3n de actividades en pasado y primera persona, impacto social, sin faltas de ortograf\u00eda, m\u00ednimo media cuartilla, uso de may\u00fasculas y min\u00fasculas.<\/span><\/div><\/li><\/ul><p><span style=\"font-size: 14pt;\">El procedimiento general para la elaboraci\u00f3n del informe final en l\u00ednea se describe a continuaci\u00f3n:<\/span><\/p><ol><li><span style=\"font-size: 14pt;\">Ingresar a la p\u00e1gina de Servicio Social\u00a0<a href=\"http:\/\/serviciosocial.uabc.mx\/\" target=\"_blank\" rel=\"noopener\">http:\/\/serviciosocial.uabc.mx\/<\/a><\/span><\/li><li><span style=\"font-size: 14pt;\">Dar clic en la liga\u00a0<strong>Alumnos<\/strong><\/span><\/li><li><span style=\"font-size: 14pt;\">Dar clic en la liga\u00a0<strong>Mi estado de servicio social<\/strong><\/span><\/li><li><span style=\"font-size: 14pt;\">Ingresar la cuenta del correo y contrase\u00f1a de la plataforma .edu y dar clic en validar.<\/span><\/li><li><span style=\"font-size: 14pt;\">En\u00a0<strong>Mis programas de servicio social<\/strong>\u00a0dar clic en la liga\u00a0<strong>Informe final<\/strong><\/span><\/li><li><span style=\"font-size: 14pt;\">Dar clic en\u00a0<strong>Agregar informe<\/strong><\/span><\/li><li><span style=\"font-size: 14pt;\">En el\u00a0<strong>Per\u00edodo<\/strong>, contabilizar m\u00ednimo 6 meses a partir de la fecha de asignaci\u00f3n (a excepci\u00f3n de liberaci\u00f3n parcial, que ser\u00e1 a partir de 2 meses).<\/span><\/li><li><span style=\"font-size: 14pt;\">En\u00a0<strong>Horas realizadas<\/strong>, ser\u00e1n m\u00ednimo 480 hrs.<\/span><\/li><li><span style=\"font-size: 14pt;\">En\u00a0<strong>Descripci\u00f3n de actividades realizadas durante el per\u00edodo indicado<\/strong>, describir en un m\u00ednimo de media cuartilla (con letra No. 8), de forma clara y cronol\u00f3gicamente las actividades realizadas, cuidando la ortograf\u00eda, los verbos en primera persona y en pasado, e incluir una introducci\u00f3n y una conclusi\u00f3n o impacto social.<\/span><\/li><li><span style=\"font-size: 14pt;\">Una vez terminado el Informe dar clic en\u00a0<strong>Aceptar<\/strong><\/span><\/li><li><span style=\"font-size: 14pt;\">Verificar que el supervisor del programa revise y acepte el Informe final.<\/span><\/li><li><span style=\"font-size: 14pt;\">Finalmente la Coordinaci\u00f3n de Servicio Social Profesional lo recibir\u00e1 y de estar correcto, aceptar\u00e1 el Informe, acreditando las horas realizadas.<\/span><\/li><li><span style=\"font-size: 14pt;\">Revisar\u00a0<strong>Mi estado de servicio Social<\/strong>\u00a0para corroborar la acreditaci\u00f3n en el link:\u00a0<strong>Informe Final<\/strong>, si el informe fue rechazado , ver motivos en\u00a0<strong>Cambiar informe<\/strong>,\u00a0<strong>Ver motivo de rechazo aqu\u00ed<\/strong>, hacer las correcciones necesarias y dar clic en\u00a0<strong>Aceptar<\/strong>, verificando que su informe sea revisado nuevamente en la unidad acad\u00e9mica.<\/span><\/li><\/ol><p><span style=\"font-size: 14pt;\"><strong>Una vez acreditado en la U. A. y liberado por Vicerrector\u00eda, acude 3 semanas despu\u00e9s a la Coordinaci\u00f3n de Servicio Social Profesional en el 3er piso de la Facultad de Ingenier\u00eda para recoger el oficio a profesiones ya digitalizado.<\/strong><\/span><\/p><p>\u00a0<\/p><p><span style=\"font-size: 14pt;\">Para descargar el procedimiento detallado para la elaboraci\u00f3n del informe final, haz clic en\u00a0<a href=\"https:\/\/ingenieria.mxl.uabc.mx\/fim\/wp-content\/uploads\/2024\/02\/comoelaboromiinformefinal.pdf\" target=\"_blank\" rel=\"noopener\">este enlace<\/a>. Si necesitas ayuda adicional para elaborar tu informe final, puedes descargar algunos tips haciendo clic\u00a0<a href=\"https:\/\/ingenieria.mxl.uabc.mx\/fim\/wp-content\/uploads\/2024\/02\/tipsinformefinal.pdf\" target=\"_blank\" rel=\"noopener\">aqu\u00ed<\/a>.<\/span><\/p><p>\u00a0<\/p><p><span style=\"font-size: 14pt;\">Este tr\u00e1mite\u00a0<strong>NO<\/strong>\u00a0tiene costo.<\/span><\/p>\t\t\t\t\t\t\t\t<\/div>\n\t\t\t\t<\/div>\n\t\t\t\t<\/div>\n\t\t\t\t<\/div>\n\t\t<div class=\"elementor-element elementor-element-7f413a1 e-con-full e-flex e-con e-child\" data-id=\"7f413a1\" data-element_type=\"container\" data-e-type=\"container\">\n\t\t<div class=\"elementor-element elementor-element-0f972e2 e-con-full e-flex e-con e-child\" data-id=\"0f972e2\" data-element_type=\"container\" data-e-type=\"container\" data-settings=\"{&quot;background_background&quot;:&quot;classic&quot;}\">\n\t\t\t\t<div class=\"elementor-element elementor-element-1cc6521 elementor-widget elementor-widget-heading\" data-id=\"1cc6521\" data-element_type=\"widget\" data-e-type=\"widget\" data-widget_type=\"heading.default\">\n\t\t\t\t<div class=\"elementor-widget-container\">\n\t\t\t\t\t<h2 class=\"elementor-heading-title elementor-size-default\">Contacto<\/h2>\t\t\t\t<\/div>\n\t\t\t\t<\/div>\n\t\t\t\t<div class=\"elementor-element elementor-element-a38254b elementor-widget-divider--view-line elementor-widget elementor-widget-divider\" data-id=\"a38254b\" data-element_type=\"widget\" data-e-type=\"widget\" data-widget_type=\"divider.default\">\n\t\t\t\t<div class=\"elementor-widget-container\">\n\t\t\t\t\t\t\t<div class=\"elementor-divider\">\n\t\t\t<span class=\"elementor-divider-separator\">\n\t\t\t\t\t\t<\/span>\n\t\t<\/div>\n\t\t\t\t\t\t<\/div>\n\t\t\t\t<\/div>\n\t\t\t\t<div class=\"elementor-element elementor-element-1312f45 elementor-widget elementor-widget-text-editor\" data-id=\"1312f45\" data-element_type=\"widget\" data-e-type=\"widget\" data-widget_type=\"text-editor.default\">\n\t\t\t\t<div class=\"elementor-widget-container\">\n\t\t\t\t\t\t\t\t\t<p><span style=\"color: #339966; font-size: 12pt;\"><strong>Lic. Elda Judit\u00a0 Tavarez Dur\u00e1n<\/strong><\/span><br \/><span style=\"font-size: 12pt; color: #ffcc00;\"><b style=\"font-size: 12pt;\">Encargada de Servicio Social Profesional<br \/><br \/><\/b><\/span><\/p><p><span style=\"font-size: 12pt;\"><strong><span style=\"color: #339966;\">Email:<\/span><\/strong><\/span><span style=\"font-size: 12pt;\"><strong><span style=\"color: #000000;\"><a style=\"color: #000000;\" href=\"mailto:ssp.fim@uabc.edu.mx\"> ssp.fim@uabc.edu.mx<\/a><\/span><\/strong><\/span><\/p><p><span style=\"font-size: 12pt;\"><strong><span style=\"color: #339966;\">Tel\u00e9fono: <\/span><\/strong><\/span><strong style=\"font-size: 12pt;\">+52 (686) 841-82-35<\/strong><\/p><p><span style=\"font-size: 12pt;\"><strong><span style=\"color: #339966;\">Ext.<\/span> 44321<\/strong><\/span><\/p>\t\t\t\t\t\t\t\t<\/div>\n\t\t\t\t<\/div>\n\t\t\t\t<div class=\"elementor-element elementor-element-fb87801 elementor-widget elementor-widget-image\" data-id=\"fb87801\" data-element_type=\"widget\" data-e-type=\"widget\" data-widget_type=\"image.default\">\n\t\t\t\t<div class=\"elementor-widget-container\">\n\t\t\t\t\t\t\t\t\t\t\t\t\t\t\t\t<a href=\"https:\/\/www.facebook.com\/profile.php?id=100079321377223\" target=\"_blank\">\n\t\t\t\t\t\t\t<img decoding=\"async\" width=\"188\" height=\"45\" src=\"https:\/\/ingenieria.mxl.uabc.mx\/fim\/wp-content\/uploads\/2023\/11\/facebookfim2.png\" class=\"attachment-large size-large wp-image-4982\" alt=\"facebook fim\" \/>\t\t\t\t\t\t\t\t<\/a>\n\t\t\t\t\t\t\t\t\t\t\t\t\t\t\t<\/div>\n\t\t\t\t<\/div>\n\t\t\t\t<\/div>\n\t\t\t\t<\/div>\n\t\t\t\t<\/div>\n\t\t\t\t<\/div>\n\t\t","protected":false},"excerpt":{"rendered":"<p>Servicio Social Profesional Men\u00fa Inicio Modalidades Asignaci\u00f3n Asignaci\u00f3n en L\u00ednea Asignaci\u00f3n Manual Reporte Trimestral Reporte Trimestral en L\u00ednea Reporte Trimestral Manual Informe Final Informe Final en L\u00ednea Informe Final Manual Taller en l\u00ednea Informe Final en L\u00ednea Los alumnos asignados a un programa de servicio social deben elaborar un informe final de actividades de acuerdo [&hellip;]<\/p>\n","protected":false},"author":3,"featured_media":0,"parent":0,"menu_order":0,"comment_status":"closed","ping_status":"closed","template":"","meta":{"site-sidebar-layout":"no-sidebar","site-content-layout":"page-builder","ast-site-content-layout":"full-width-container","site-content-style":"default","site-sidebar-style":"default","ast-global-header-display":"","ast-banner-title-visibility":"","ast-main-header-display":"","ast-hfb-above-header-display":"","ast-hfb-below-header-display":"","ast-hfb-mobile-header-display":"","site-post-title":"disabled","ast-breadcrumbs-content":"","ast-featured-img":"disabled","footer-sml-layout":"","ast-disable-related-posts":"","theme-transparent-header-meta":"default","adv-header-id-meta":"","stick-header-meta":"","header-above-stick-meta":"","header-main-stick-meta":"","header-below-stick-meta":"","astra-migrate-meta-layouts":"set","ast-page-background-enabled":"default","ast-page-background-meta":{"desktop":{"background-color":"","background-image":"","background-repeat":"repeat","background-position":"center center","background-size":"auto","background-attachment":"scroll","background-type":"","background-media":"","overlay-type":"","overlay-color":"","overlay-opacity":"","overlay-gradient":""},"tablet":{"background-color":"","background-image":"","background-repeat":"repeat","background-position":"center center","background-size":"auto","background-attachment":"scroll","background-type":"","background-media":"","overlay-type":"","overlay-color":"","overlay-opacity":"","overlay-gradient":""},"mobile":{"background-color":"","background-image":"","background-repeat":"repeat","background-position":"center center","background-size":"auto","background-attachment":"scroll","background-type":"","background-media":"","overlay-type":"","overlay-color":"","overlay-opacity":"","overlay-gradient":""}},"ast-content-background-meta":{"desktop":{"background-color":"var(--ast-global-color-5)","background-image":"","background-repeat":"repeat","background-position":"center center","background-size":"auto","background-attachment":"scroll","background-type":"","background-media":"","overlay-type":"","overlay-color":"","overlay-opacity":"","overlay-gradient":""},"tablet":{"background-color":"var(--ast-global-color-5)","background-image":"","background-repeat":"repeat","background-position":"center center","background-size":"auto","background-attachment":"scroll","background-type":"","background-media":"","overlay-type":"","overlay-color":"","overlay-opacity":"","overlay-gradient":""},"mobile":{"background-color":"var(--ast-global-color-5)","background-image":"","background-repeat":"repeat","background-position":"center center","background-size":"auto","background-attachment":"scroll","background-type":"","background-media":"","overlay-type":"","overlay-color":"","overlay-opacity":"","overlay-gradient":""}},"footnotes":""},"class_list":["post-8175","page","type-page","status-publish","hentry"],"_links":{"self":[{"href":"https:\/\/ingenieria.mxl.uabc.mx\/fim\/wp-json\/wp\/v2\/pages\/8175","targetHints":{"allow":["GET"]}}],"collection":[{"href":"https:\/\/ingenieria.mxl.uabc.mx\/fim\/wp-json\/wp\/v2\/pages"}],"about":[{"href":"https:\/\/ingenieria.mxl.uabc.mx\/fim\/wp-json\/wp\/v2\/types\/page"}],"author":[{"embeddable":true,"href":"https:\/\/ingenieria.mxl.uabc.mx\/fim\/wp-json\/wp\/v2\/users\/3"}],"replies":[{"embeddable":true,"href":"https:\/\/ingenieria.mxl.uabc.mx\/fim\/wp-json\/wp\/v2\/comments?post=8175"}],"version-history":[{"count":19,"href":"https:\/\/ingenieria.mxl.uabc.mx\/fim\/wp-json\/wp\/v2\/pages\/8175\/revisions"}],"predecessor-version":[{"id":11498,"href":"https:\/\/ingenieria.mxl.uabc.mx\/fim\/wp-json\/wp\/v2\/pages\/8175\/revisions\/11498"}],"wp:attachment":[{"href":"https:\/\/ingenieria.mxl.uabc.mx\/fim\/wp-json\/wp\/v2\/media?parent=8175"}],"curies":[{"name":"wp","href":"https:\/\/api.w.org\/{rel}","templated":true}]}}