{"id":8206,"date":"2024-02-12T13:59:32","date_gmt":"2024-02-12T21:59:32","guid":{"rendered":"https:\/\/ingenieria.mxl.uabc.mx\/fim\/?page_id=8206"},"modified":"2024-06-24T11:57:40","modified_gmt":"2024-06-24T19:57:40","slug":"tramites-titulacion-inicio-licenciatura","status":"publish","type":"page","link":"https:\/\/ingenieria.mxl.uabc.mx\/fim\/tramites-titulacion-inicio-licenciatura\/","title":{"rendered":"Tramites Titulacion Inicio &#8211; Licenciatura"},"content":{"rendered":"\t\t<div data-elementor-type=\"wp-page\" data-elementor-id=\"8206\" class=\"elementor elementor-8206\">\n\t\t\t\t<div class=\"elementor-element elementor-element-a32812a e-con-full e-flex e-con e-parent\" data-id=\"a32812a\" data-element_type=\"container\" data-e-type=\"container\">\n\t\t<div class=\"elementor-element elementor-element-d6f681b e-con-full e-flex e-con e-child\" data-id=\"d6f681b\" data-element_type=\"container\" data-e-type=\"container\">\n\t\t<div class=\"elementor-element elementor-element-09bf7bd e-con-full e-flex e-con e-child\" data-id=\"09bf7bd\" data-element_type=\"container\" data-e-type=\"container\" data-settings=\"{&quot;background_background&quot;:&quot;classic&quot;}\">\n\t\t\t\t<div class=\"elementor-element elementor-element-4513d07 elementor-hidden-tablet elementor-widget elementor-widget-heading\" data-id=\"4513d07\" data-element_type=\"widget\" data-e-type=\"widget\" data-widget_type=\"heading.default\">\n\t\t\t\t<div class=\"elementor-widget-container\">\n\t\t\t\t\t<h2 class=\"elementor-heading-title elementor-size-default\">Titulaci\u00f3n<\/h2>\t\t\t\t<\/div>\n\t\t\t\t<\/div>\n\t\t\t\t<div class=\"elementor-element elementor-element-98b2e9a elementor-widget-divider--view-line elementor-widget elementor-widget-divider\" data-id=\"98b2e9a\" data-element_type=\"widget\" data-e-type=\"widget\" data-widget_type=\"divider.default\">\n\t\t\t\t<div class=\"elementor-widget-container\">\n\t\t\t\t\t\t\t<div class=\"elementor-divider\">\n\t\t\t<span class=\"elementor-divider-separator\">\n\t\t\t\t\t\t<\/span>\n\t\t<\/div>\n\t\t\t\t\t\t<\/div>\n\t\t\t\t<\/div>\n\t\t\t\t<div class=\"elementor-element elementor-element-9fbee0b hfe-nav-menu__align-left hfe-submenu-icon-arrow hfe-link-redirect-child hfe-nav-menu__breakpoint-tablet elementor-widget elementor-widget-navigation-menu\" data-id=\"9fbee0b\" data-element_type=\"widget\" data-e-type=\"widget\" data-settings=\"{&quot;padding_horizontal_menu_item&quot;:{&quot;unit&quot;:&quot;px&quot;,&quot;size&quot;:0,&quot;sizes&quot;:[]},&quot;padding_vertical_menu_item&quot;:{&quot;unit&quot;:&quot;px&quot;,&quot;size&quot;:10,&quot;sizes&quot;:[]},&quot;menu_space_between&quot;:{&quot;unit&quot;:&quot;px&quot;,&quot;size&quot;:0,&quot;sizes&quot;:[]},&quot;padding_horizontal_menu_item_tablet&quot;:{&quot;unit&quot;:&quot;px&quot;,&quot;size&quot;:&quot;&quot;,&quot;sizes&quot;:[]},&quot;padding_horizontal_menu_item_mobile&quot;:{&quot;unit&quot;:&quot;px&quot;,&quot;size&quot;:&quot;&quot;,&quot;sizes&quot;:[]},&quot;padding_vertical_menu_item_tablet&quot;:{&quot;unit&quot;:&quot;px&quot;,&quot;size&quot;:&quot;&quot;,&quot;sizes&quot;:[]},&quot;padding_vertical_menu_item_mobile&quot;:{&quot;unit&quot;:&quot;px&quot;,&quot;size&quot;:&quot;&quot;,&quot;sizes&quot;:[]},&quot;menu_space_between_tablet&quot;:{&quot;unit&quot;:&quot;px&quot;,&quot;size&quot;:&quot;&quot;,&quot;sizes&quot;:[]},&quot;menu_space_between_mobile&quot;:{&quot;unit&quot;:&quot;px&quot;,&quot;size&quot;:&quot;&quot;,&quot;sizes&quot;:[]},&quot;dropdown_border_radius&quot;:{&quot;unit&quot;:&quot;px&quot;,&quot;top&quot;:&quot;&quot;,&quot;right&quot;:&quot;&quot;,&quot;bottom&quot;:&quot;&quot;,&quot;left&quot;:&quot;&quot;,&quot;isLinked&quot;:true},&quot;dropdown_border_radius_tablet&quot;:{&quot;unit&quot;:&quot;px&quot;,&quot;top&quot;:&quot;&quot;,&quot;right&quot;:&quot;&quot;,&quot;bottom&quot;:&quot;&quot;,&quot;left&quot;:&quot;&quot;,&quot;isLinked&quot;:true},&quot;dropdown_border_radius_mobile&quot;:{&quot;unit&quot;:&quot;px&quot;,&quot;top&quot;:&quot;&quot;,&quot;right&quot;:&quot;&quot;,&quot;bottom&quot;:&quot;&quot;,&quot;left&quot;:&quot;&quot;,&quot;isLinked&quot;:true},&quot;padding_horizontal_dropdown_item&quot;:{&quot;unit&quot;:&quot;px&quot;,&quot;size&quot;:&quot;&quot;,&quot;sizes&quot;:[]},&quot;padding_horizontal_dropdown_item_tablet&quot;:{&quot;unit&quot;:&quot;px&quot;,&quot;size&quot;:&quot;&quot;,&quot;sizes&quot;:[]},&quot;padding_horizontal_dropdown_item_mobile&quot;:{&quot;unit&quot;:&quot;px&quot;,&quot;size&quot;:&quot;&quot;,&quot;sizes&quot;:[]},&quot;padding_vertical_dropdown_item&quot;:{&quot;unit&quot;:&quot;px&quot;,&quot;size&quot;:15,&quot;sizes&quot;:[]},&quot;padding_vertical_dropdown_item_tablet&quot;:{&quot;unit&quot;:&quot;px&quot;,&quot;size&quot;:&quot;&quot;,&quot;sizes&quot;:[]},&quot;padding_vertical_dropdown_item_mobile&quot;:{&quot;unit&quot;:&quot;px&quot;,&quot;size&quot;:&quot;&quot;,&quot;sizes&quot;:[]},&quot;distance_from_menu&quot;:{&quot;unit&quot;:&quot;px&quot;,&quot;size&quot;:&quot;&quot;,&quot;sizes&quot;:[]},&quot;distance_from_menu_tablet&quot;:{&quot;unit&quot;:&quot;px&quot;,&quot;size&quot;:&quot;&quot;,&quot;sizes&quot;:[]},&quot;distance_from_menu_mobile&quot;:{&quot;unit&quot;:&quot;px&quot;,&quot;size&quot;:&quot;&quot;,&quot;sizes&quot;:[]},&quot;toggle_size&quot;:{&quot;unit&quot;:&quot;px&quot;,&quot;size&quot;:&quot;&quot;,&quot;sizes&quot;:[]},&quot;toggle_size_tablet&quot;:{&quot;unit&quot;:&quot;px&quot;,&quot;size&quot;:&quot;&quot;,&quot;sizes&quot;:[]},&quot;toggle_size_mobile&quot;:{&quot;unit&quot;:&quot;px&quot;,&quot;size&quot;:&quot;&quot;,&quot;sizes&quot;:[]},&quot;toggle_border_width&quot;:{&quot;unit&quot;:&quot;px&quot;,&quot;size&quot;:&quot;&quot;,&quot;sizes&quot;:[]},&quot;toggle_border_width_tablet&quot;:{&quot;unit&quot;:&quot;px&quot;,&quot;size&quot;:&quot;&quot;,&quot;sizes&quot;:[]},&quot;toggle_border_width_mobile&quot;:{&quot;unit&quot;:&quot;px&quot;,&quot;size&quot;:&quot;&quot;,&quot;sizes&quot;:[]},&quot;toggle_border_radius&quot;:{&quot;unit&quot;:&quot;px&quot;,&quot;size&quot;:&quot;&quot;,&quot;sizes&quot;:[]},&quot;toggle_border_radius_tablet&quot;:{&quot;unit&quot;:&quot;px&quot;,&quot;size&quot;:&quot;&quot;,&quot;sizes&quot;:[]},&quot;toggle_border_radius_mobile&quot;:{&quot;unit&quot;:&quot;px&quot;,&quot;size&quot;:&quot;&quot;,&quot;sizes&quot;:[]}}\" data-widget_type=\"navigation-menu.default\">\n\t\t\t\t<div class=\"elementor-widget-container\">\n\t\t\t\t\t\t\t\t<div class=\"hfe-nav-menu hfe-layout-vertical hfe-nav-menu-layout vertical\" data-layout=\"vertical\">\n\t\t\t\t<div role=\"button\" class=\"hfe-nav-menu__toggle elementor-clickable\" tabindex=\"0\" aria-label=\"Alternar men\u00fa\">\n\t\t\t\t\t<span class=\"screen-reader-text\">Men\u00fa<\/span>\n\t\t\t\t\t<div class=\"hfe-nav-menu-icon\">\n\t\t\t\t\t\t<i aria-hidden=\"true\"  class=\"fas fa-align-justify\"><\/i>\t\t\t\t\t<\/div>\n\t\t\t\t<\/div>\n\t\t\t\t<nav class=\"hfe-nav-menu__layout-vertical hfe-nav-menu__submenu-arrow\" data-toggle-icon=\"&lt;i aria-hidden=&quot;true&quot; tabindex=&quot;0&quot; class=&quot;fas fa-align-justify&quot;&gt;&lt;\/i&gt;\" data-close-icon=\"&lt;i aria-hidden=&quot;true&quot; tabindex=&quot;0&quot; class=&quot;far fa-window-close&quot;&gt;&lt;\/i&gt;\" data-full-width=\"yes\">\n\t\t\t\t\t<ul id=\"menu-1-9fbee0b\" class=\"hfe-nav-menu\"><li id=\"menu-item-7859\" class=\"menu-item menu-item-type-custom menu-item-object-custom parent hfe-creative-menu\"><a href=\"https:\/\/ingenieria.mxl.uabc.mx\/fim\/tramites-titulacion-inicio-licenciatura\/\" class = \"hfe-menu-item\">Inicio<\/a><\/li>\n<li id=\"menu-item-7860\" class=\"menu-item menu-item-type-custom menu-item-object-custom parent hfe-creative-menu\"><a href=\"https:\/\/ingenieria.mxl.uabc.mx\/fim\/tramites-titulacion-requisitos-licenciatura\/\" class = \"hfe-menu-item\">Requisitos de Titulaci\u00f3n<\/a><\/li>\n<li id=\"menu-item-7861\" class=\"menu-item menu-item-type-custom menu-item-object-custom menu-item-has-children parent hfe-has-submenu hfe-creative-menu\"><div class=\"hfe-has-submenu-container\" tabindex=\"0\" role=\"button\" aria-haspopup=\"true\" aria-expanded=\"false\"><a aria-expanded=\"false\" href=\"#\" class = \"hfe-menu-item\">Modalidades<span class='hfe-menu-toggle sub-arrow hfe-menu-child-0'><i class='fa'><\/i><\/span><\/a><\/div>\n<ul class=\"sub-menu\">\n\t<li id=\"menu-item-7862\" class=\"menu-item menu-item-type-custom menu-item-object-custom hfe-creative-menu\"><a href=\"https:\/\/ingenieria.mxl.uabc.mx\/fim\/tramites-titulacion-mod-merito-licenciatura\/\" class = \"hfe-sub-menu-item\">M\u00e9rito Escolar<\/a><\/li>\n\t<li id=\"menu-item-7863\" class=\"menu-item menu-item-type-custom menu-item-object-custom hfe-creative-menu\"><a href=\"https:\/\/ingenieria.mxl.uabc.mx\/fim\/tramites-titulacion-modalidad-promedio-licenciatura\/\" class = \"hfe-sub-menu-item\">Promedio Gral de Calificaciones<\/a><\/li>\n\t<li id=\"menu-item-7864\" class=\"menu-item menu-item-type-custom menu-item-object-custom hfe-creative-menu\"><a href=\"https:\/\/ingenieria.mxl.uabc.mx\/fim\/tramites-titulacion-modalidad-ceneval-licenciatura\/\" class = \"hfe-sub-menu-item\">EGEL-CENEVAL<\/a><\/li>\n\t<li id=\"menu-item-7865\" class=\"menu-item menu-item-type-custom menu-item-object-custom hfe-creative-menu\"><a href=\"https:\/\/ingenieria.mxl.uabc.mx\/fim\/tramites-titulacion-modalidad-pe-calidad-licenciatura\/\" class = \"hfe-sub-menu-item\">Prog. Educ. de Buena Calidad<\/a><\/li>\n\t<li id=\"menu-item-7866\" class=\"menu-item menu-item-type-custom menu-item-object-custom hfe-creative-menu\"><a href=\"https:\/\/ingenieria.mxl.uabc.mx\/fim\/tramites-titulacion-modalidad-prac-prof-licenciatura\/\" class = \"hfe-sub-menu-item\">Ejercicio o Pr\u00e1ctica Profesional<\/a><\/li>\n\t<li id=\"menu-item-7867\" class=\"menu-item menu-item-type-custom menu-item-object-custom hfe-creative-menu\"><a href=\"https:\/\/ingenieria.mxl.uabc.mx\/fim\/tramites-titulacion-modalidad-posgrado-licenciatura\/\" class = \"hfe-sub-menu-item\">Estudios de Posgrado<\/a><\/li>\n\t<li id=\"menu-item-7868\" class=\"menu-item menu-item-type-custom menu-item-object-custom hfe-creative-menu\"><a href=\"https:\/\/ingenieria.mxl.uabc.mx\/fim\/tramites-titulacion-modalidad-ss-licenciatura\/\" class = \"hfe-sub-menu-item\">Servicio Social<\/a><\/li>\n\t<li id=\"menu-item-7869\" class=\"menu-item menu-item-type-custom menu-item-object-custom hfe-creative-menu\"><a href=\"https:\/\/ingenieria.mxl.uabc.mx\/fim\/tramites-titulacion-modalidad-diplomado-licenciatura\/\" class = \"hfe-sub-menu-item\">Curso de Titulaci\u00f3n o Diplomado<\/a><\/li>\n\t<li id=\"menu-item-7870\" class=\"menu-item menu-item-type-custom menu-item-object-custom hfe-creative-menu\"><a href=\"https:\/\/ingenieria.mxl.uabc.mx\/fim\/tramites-titulacion-modalidad-tesis-licenciatura\/\" class = \"hfe-sub-menu-item\">Tesis<\/a><\/li>\n\t<li id=\"menu-item-7871\" class=\"menu-item menu-item-type-custom menu-item-object-custom hfe-creative-menu\"><a href=\"https:\/\/ingenieria.mxl.uabc.mx\/fim\/tramites-titulacion-modalidad-audiovisual-licenciatura\/\" class = \"hfe-sub-menu-item\">Unidad Audiovisual<\/a><\/li>\n\t<li id=\"menu-item-7872\" class=\"menu-item menu-item-type-custom menu-item-object-custom hfe-creative-menu\"><a href=\"https:\/\/ingenieria.mxl.uabc.mx\/fim\/tramites-titulacion-modalidad-articulo-licenciatura\/\" class = \"hfe-sub-menu-item\">Publicaci\u00f3n Art\u00edculo con Arbitraje<\/a><\/li>\n<\/ul>\n<\/li>\n<li id=\"menu-item-7873\" class=\"menu-item menu-item-type-custom menu-item-object-custom parent hfe-creative-menu\"><a href=\"https:\/\/ingenieria.mxl.uabc.mx\/fim\/tramites-titulacion-reglamento-licenciatura\/\" class = \"hfe-menu-item\">Reglamento de Titulaci\u00f3n<\/a><\/li>\n<\/ul> \n\t\t\t\t<\/nav>\n\t\t\t<\/div>\n\t\t\t\t\t\t\t<\/div>\n\t\t\t\t<\/div>\n\t\t\t\t<\/div>\n\t\t\t\t<\/div>\n\t\t<div class=\"elementor-element elementor-element-d700dbe e-con-full e-flex e-con e-child\" data-id=\"d700dbe\" data-element_type=\"container\" data-e-type=\"container\">\n\t\t<div class=\"elementor-element elementor-element-7f8a134 e-con-full e-flex e-con e-child\" data-id=\"7f8a134\" data-element_type=\"container\" data-e-type=\"container\" data-settings=\"{&quot;background_background&quot;:&quot;classic&quot;}\">\n\t\t\t\t<div class=\"elementor-element elementor-element-7e30e08 elementor-widget elementor-widget-heading\" data-id=\"7e30e08\" data-element_type=\"widget\" data-e-type=\"widget\" data-widget_type=\"heading.default\">\n\t\t\t\t<div class=\"elementor-widget-container\">\n\t\t\t\t\t<h1 class=\"elementor-heading-title elementor-size-default\">Titulaci\u00f3n<\/h1>\t\t\t\t<\/div>\n\t\t\t\t<\/div>\n\t\t\t\t<div class=\"elementor-element elementor-element-66d7613 elementor-widget-divider--view-line elementor-widget elementor-widget-divider\" data-id=\"66d7613\" data-element_type=\"widget\" data-e-type=\"widget\" data-widget_type=\"divider.default\">\n\t\t\t\t<div class=\"elementor-widget-container\">\n\t\t\t\t\t\t\t<div class=\"elementor-divider\">\n\t\t\t<span class=\"elementor-divider-separator\">\n\t\t\t\t\t\t<\/span>\n\t\t<\/div>\n\t\t\t\t\t\t<\/div>\n\t\t\t\t<\/div>\n\t\t\t\t<div class=\"elementor-element elementor-element-93d33d4 elementor-widget elementor-widget-text-editor\" data-id=\"93d33d4\" data-element_type=\"widget\" data-e-type=\"widget\" data-widget_type=\"text-editor.default\">\n\t\t\t\t<div class=\"elementor-widget-container\">\n\t\t\t\t\t\t\t\t\t<p><span style=\"font-size: 14pt;\">Los egresados de los diferentes programas educativos de la Facultad de Ingenier\u00eda pueden consultar en esta secci\u00f3n las diversas modalidades, que de acuerdo con el\u00a0<strong>art\u00edculo 104 del Estatuto Escolar<\/strong>, puede elegir para realizar el tr\u00e1mite de su\u00a0<strong>T\u00edtulo Profesional.<\/strong><\/span><\/p><p>\u00a0<\/p><p><span style=\"font-size: 14pt;\">Toda la informaci\u00f3n relacionada con los requisitos y tr\u00e1mites para cada una de las modalidades puedes consultarla en este espacio, utilizando la opci\u00f3n de\u00a0<a href=\"https:\/\/ingenieria.mxl.uabc.mx\/fim\/tramites-titulacion-mod-merito-licenciatura\/\" target=\"_self\">Modalidades\u00a0<\/a>del men\u00fa de navegaci\u00f3n del lado izquierdo.<\/span><\/p><p>\u00a0<\/p><p><span style=\"font-size: 14pt;\">Adem\u00e1s a trav\u00e9s del mismo men\u00fa de navegaci\u00f3n tendr\u00e1s acceso a los requisitos generales de titulaci\u00f3n as\u00ed como al reglamento.<\/span><\/p>\t\t\t\t\t\t\t\t<\/div>\n\t\t\t\t<\/div>\n\t\t\t\t<\/div>\n\t\t\t\t<\/div>\n\t\t<div class=\"elementor-element elementor-element-7f413a1 e-con-full e-flex e-con e-child\" data-id=\"7f413a1\" data-element_type=\"container\" data-e-type=\"container\">\n\t\t<div class=\"elementor-element elementor-element-0f972e2 e-con-full e-flex e-con e-child\" data-id=\"0f972e2\" data-element_type=\"container\" data-e-type=\"container\" data-settings=\"{&quot;background_background&quot;:&quot;classic&quot;}\">\n\t\t\t\t<div class=\"elementor-element elementor-element-1cc6521 elementor-widget elementor-widget-heading\" data-id=\"1cc6521\" data-element_type=\"widget\" data-e-type=\"widget\" data-widget_type=\"heading.default\">\n\t\t\t\t<div class=\"elementor-widget-container\">\n\t\t\t\t\t<h2 class=\"elementor-heading-title elementor-size-default\">Contacto<\/h2>\t\t\t\t<\/div>\n\t\t\t\t<\/div>\n\t\t\t\t<div class=\"elementor-element elementor-element-a38254b elementor-widget-divider--view-line elementor-widget elementor-widget-divider\" data-id=\"a38254b\" data-element_type=\"widget\" data-e-type=\"widget\" data-widget_type=\"divider.default\">\n\t\t\t\t<div class=\"elementor-widget-container\">\n\t\t\t\t\t\t\t<div class=\"elementor-divider\">\n\t\t\t<span class=\"elementor-divider-separator\">\n\t\t\t\t\t\t<\/span>\n\t\t<\/div>\n\t\t\t\t\t\t<\/div>\n\t\t\t\t<\/div>\n\t\t\t\t<div class=\"elementor-element elementor-element-1312f45 elementor-widget elementor-widget-text-editor\" data-id=\"1312f45\" data-element_type=\"widget\" data-e-type=\"widget\" data-widget_type=\"text-editor.default\">\n\t\t\t\t<div class=\"elementor-widget-container\">\n\t\t\t\t\t\t\t\t\t<p><span style=\"color: #339966; font-size: 12pt;\"><strong>L.C.C. Martha Ver\u00f3nica R\u00edos Natera<\/strong><\/span><br \/><span style=\"font-size: 12pt; color: #000000;\"><b style=\"font-size: 12pt;\"><span style=\"font-size: 12pt;\"><span style=\"color: #ffcc00;\"><b style=\"color: #ffcc00; font-size: 12pt;\"><strong>Encargada de Titulaci\u00f3n<\/strong><\/b><\/span><\/span><\/b><\/span><\/p><p>\u00a0<\/p><p><span style=\"font-size: 12pt;\"><strong><span style=\"color: #339966;\">Email:<\/span><\/strong><\/span><span style=\"font-size: 12pt;\"><strong><span style=\"color: #000000;\"><a style=\"color: #000000;\" href=\"mailto:titulacion_fim@uabc.edu.mx\">titulacion_fim@uabc.edu.mx<\/a><\/span><\/strong><\/span><br \/><span style=\"font-size: 12pt;\"><strong><span style=\"color: #339966;\">Telefono: <\/span><\/strong><\/span><strong style=\"font-size: 12pt;\">+52 (686) 841-82-35<\/strong><\/p><p><span style=\"font-size: 12pt;\"><strong><span style=\"color: #339966;\">Ext.<\/span> 44332<\/strong><\/span><\/p><p>\u00a0<\/p><p><span style=\"color: #339966; font-size: 12pt;\"><strong>Sherlen Michelle C\u00e1rdenas Herrera<\/strong><\/span><br \/><span style=\"font-size: 12pt; color: #000000;\"><b style=\"font-size: 12pt;\"><span style=\"font-size: 12pt;\"><span style=\"color: #ffcc00;\"><b style=\"color: #ffcc00; font-size: 12pt;\"><strong>Auxiliar de Titulaci\u00f3n<\/strong><\/b><\/span><\/span><\/b><\/span><\/p><p>\u00a0<\/p><p><span style=\"font-size: 12pt;\"><strong><span style=\"color: #339966;\">Email:<\/span><\/strong><\/span><span style=\"font-size: 12pt;\"><strong><span style=\"color: #000000;\"><a style=\"color: #000000;\" href=\"mailto:tramites.titulacion.fim@uabc.edu.mx\">tramites.titulacion.fim@uabc.edu.mx<\/a><\/span><\/strong><\/span><br \/><span style=\"font-size: 12pt;\"><strong><span style=\"color: #339966;\">Telefono: <\/span><\/strong><\/span><strong style=\"font-size: 12pt;\">+52 (686) 841-82-35<\/strong><\/p><p><span style=\"font-size: 12pt;\"><strong><span style=\"color: #339966;\">Ext.<\/span> 44333<\/strong><\/span><\/p><p>\u00a0<\/p><p><span style=\"font-size: 12pt;\"><strong>Horario de atenci\u00f3n:<\/strong><\/span><br \/><span style=\"font-size: 12pt;\"><strong>Lunes a viernes de 8:00 a 1:00 pm y de 3:00 a 6:00 pm<\/strong><\/span><\/p>\t\t\t\t\t\t\t\t<\/div>\n\t\t\t\t<\/div>\n\t\t\t\t<div class=\"elementor-element elementor-element-f7fa929 elementor-widget elementor-widget-image\" data-id=\"f7fa929\" data-element_type=\"widget\" data-e-type=\"widget\" data-widget_type=\"image.default\">\n\t\t\t\t<div class=\"elementor-widget-container\">\n\t\t\t\t\t\t\t\t\t\t\t\t\t\t\t\t<a href=\"http:\/\/www.facebook.com\/UABCTitulacionFIM\" target=\"_blank\">\n\t\t\t\t\t\t\t<img decoding=\"async\" width=\"188\" height=\"45\" src=\"https:\/\/ingenieria.mxl.uabc.mx\/fim\/wp-content\/uploads\/2023\/11\/facebookfim2.png\" class=\"attachment-large size-large wp-image-4982\" alt=\"facebook fim\" \/>\t\t\t\t\t\t\t\t<\/a>\n\t\t\t\t\t\t\t\t\t\t\t\t\t\t\t<\/div>\n\t\t\t\t<\/div>\n\t\t\t\t<\/div>\n\t\t\t\t<\/div>\n\t\t\t\t<\/div>\n\t\t\t\t<\/div>\n\t\t","protected":false},"excerpt":{"rendered":"<p>Titulaci\u00f3n Men\u00fa Inicio Requisitos de Titulaci\u00f3n Modalidades M\u00e9rito Escolar Promedio Gral de Calificaciones EGEL-CENEVAL Prog. Educ. de Buena Calidad Ejercicio o Pr\u00e1ctica Profesional Estudios de Posgrado Servicio Social Curso de Titulaci\u00f3n o Diplomado Tesis Unidad Audiovisual Publicaci\u00f3n Art\u00edculo con Arbitraje Reglamento de Titulaci\u00f3n Titulaci\u00f3n Los egresados de los diferentes programas educativos de la Facultad de [&hellip;]<\/p>\n","protected":false},"author":3,"featured_media":0,"parent":0,"menu_order":0,"comment_status":"closed","ping_status":"closed","template":"","meta":{"site-sidebar-layout":"no-sidebar","site-content-layout":"page-builder","ast-site-content-layout":"full-width-container","site-content-style":"default","site-sidebar-style":"default","ast-global-header-display":"","ast-banner-title-visibility":"","ast-main-header-display":"","ast-hfb-above-header-display":"","ast-hfb-below-header-display":"","ast-hfb-mobile-header-display":"","site-post-title":"disabled","ast-breadcrumbs-content":"","ast-featured-img":"disabled","footer-sml-layout":"","ast-disable-related-posts":"","theme-transparent-header-meta":"default","adv-header-id-meta":"","stick-header-meta":"","header-above-stick-meta":"","header-main-stick-meta":"","header-below-stick-meta":"","astra-migrate-meta-layouts":"set","ast-page-background-enabled":"default","ast-page-background-meta":{"desktop":{"background-color":"","background-image":"","background-repeat":"repeat","background-position":"center center","background-size":"auto","background-attachment":"scroll","background-type":"","background-media":"","overlay-type":"","overlay-color":"","overlay-opacity":"","overlay-gradient":""},"tablet":{"background-color":"","background-image":"","background-repeat":"repeat","background-position":"center center","background-size":"auto","background-attachment":"scroll","background-type":"","background-media":"","overlay-type":"","overlay-color":"","overlay-opacity":"","overlay-gradient":""},"mobile":{"background-color":"","background-image":"","background-repeat":"repeat","background-position":"center center","background-size":"auto","background-attachment":"scroll","background-type":"","background-media":"","overlay-type":"","overlay-color":"","overlay-opacity":"","overlay-gradient":""}},"ast-content-background-meta":{"desktop":{"background-color":"var(--ast-global-color-5)","background-image":"","background-repeat":"repeat","background-position":"center center","background-size":"auto","background-attachment":"scroll","background-type":"","background-media":"","overlay-type":"","overlay-color":"","overlay-opacity":"","overlay-gradient":""},"tablet":{"background-color":"var(--ast-global-color-5)","background-image":"","background-repeat":"repeat","background-position":"center center","background-size":"auto","background-attachment":"scroll","background-type":"","background-media":"","overlay-type":"","overlay-color":"","overlay-opacity":"","overlay-gradient":""},"mobile":{"background-color":"var(--ast-global-color-5)","background-image":"","background-repeat":"repeat","background-position":"center center","background-size":"auto","background-attachment":"scroll","background-type":"","background-media":"","overlay-type":"","overlay-color":"","overlay-opacity":"","overlay-gradient":""}},"footnotes":""},"class_list":["post-8206","page","type-page","status-publish","hentry"],"_links":{"self":[{"href":"https:\/\/ingenieria.mxl.uabc.mx\/fim\/wp-json\/wp\/v2\/pages\/8206","targetHints":{"allow":["GET"]}}],"collection":[{"href":"https:\/\/ingenieria.mxl.uabc.mx\/fim\/wp-json\/wp\/v2\/pages"}],"about":[{"href":"https:\/\/ingenieria.mxl.uabc.mx\/fim\/wp-json\/wp\/v2\/types\/page"}],"author":[{"embeddable":true,"href":"https:\/\/ingenieria.mxl.uabc.mx\/fim\/wp-json\/wp\/v2\/users\/3"}],"replies":[{"embeddable":true,"href":"https:\/\/ingenieria.mxl.uabc.mx\/fim\/wp-json\/wp\/v2\/comments?post=8206"}],"version-history":[{"count":32,"href":"https:\/\/ingenieria.mxl.uabc.mx\/fim\/wp-json\/wp\/v2\/pages\/8206\/revisions"}],"predecessor-version":[{"id":9488,"href":"https:\/\/ingenieria.mxl.uabc.mx\/fim\/wp-json\/wp\/v2\/pages\/8206\/revisions\/9488"}],"wp:attachment":[{"href":"https:\/\/ingenieria.mxl.uabc.mx\/fim\/wp-json\/wp\/v2\/media?parent=8206"}],"curies":[{"name":"wp","href":"https:\/\/api.w.org\/{rel}","templated":true}]}}