{"id":2861,"date":"2023-10-10T07:55:47","date_gmt":"2023-10-10T15:55:47","guid":{"rendered":"http:\/\/localhost\/pe_ico\/?page_id=2861"},"modified":"2026-03-13T19:22:18","modified_gmt":"2026-03-14T03:22:18","slug":"perfil-de-egreso","status":"publish","type":"page","link":"https:\/\/ingenieria.mxl.uabc.mx\/pe_iae\/perfil-de-egreso\/","title":{"rendered":"Perfil de Egreso"},"content":{"rendered":"\t\t<div data-elementor-type=\"wp-page\" data-elementor-id=\"2861\" class=\"elementor elementor-2861\">\n\t\t\t\t<div class=\"elementor-element elementor-element-c49e4db e-con-full e-flex e-con e-parent\" data-id=\"c49e4db\" data-element_type=\"container\" data-e-type=\"container\">\n\t\t<div class=\"elementor-element elementor-element-aa290a3 e-con-full e-flex e-con e-child\" data-id=\"aa290a3\" data-element_type=\"container\" data-e-type=\"container\">\n\t\t<div class=\"elementor-element elementor-element-7f8a134 e-con-full e-flex e-con e-child\" data-id=\"7f8a134\" data-element_type=\"container\" data-e-type=\"container\" data-settings=\"{&quot;background_background&quot;:&quot;classic&quot;}\">\n\t\t\t\t<div class=\"elementor-element elementor-element-7e30e08 elementor-widget elementor-widget-heading\" data-id=\"7e30e08\" data-element_type=\"widget\" data-e-type=\"widget\" data-widget_type=\"heading.default\">\n\t\t\t\t<div class=\"elementor-widget-container\">\n\t\t\t\t\t<h1 class=\"elementor-heading-title elementor-size-default\">Perfil de Egreso<\/h1>\t\t\t\t<\/div>\n\t\t\t\t<\/div>\n\t\t\t\t<div class=\"elementor-element elementor-element-66d7613 elementor-widget-divider--view-line elementor-widget elementor-widget-divider\" data-id=\"66d7613\" data-element_type=\"widget\" data-e-type=\"widget\" data-widget_type=\"divider.default\">\n\t\t\t\t<div class=\"elementor-widget-container\">\n\t\t\t\t\t\t\t<div class=\"elementor-divider\">\n\t\t\t<span class=\"elementor-divider-separator\">\n\t\t\t\t\t\t<\/span>\n\t\t<\/div>\n\t\t\t\t\t\t<\/div>\n\t\t\t\t<\/div>\n\t\t\t\t<div class=\"elementor-element elementor-element-15ff8cb elementor-widget elementor-widget-text-editor\" data-id=\"15ff8cb\" data-element_type=\"widget\" data-e-type=\"widget\" data-widget_type=\"text-editor.default\">\n\t\t\t\t<div class=\"elementor-widget-container\">\n\t\t\t\t\t\t\t\t\t<p><span style=\"font-size: 12pt;\">El egresado del programa educativo Ingeniero Aeroespacial, es un profesionista responsable, con un enfoque multidisciplinario, comprometido al aprendizaje permanente, especializado en el estudio, diagn\u00f3stico, evaluaci\u00f3n y gesti\u00f3n de recursos, procesos, componentes y sistemas aeroespaciales, para dar soluci\u00f3n a problemas de dise\u00f1o, manufactura, desarrollo tecnol\u00f3gico, caracterizaci\u00f3n de materiales y an\u00e1lisis de estructuras en la industria aeron\u00e1utica y aeroespacial, mediante el an\u00e1lisis, dise\u00f1o, propuesta, desarrollo e implementaci\u00f3n de tecnolog\u00edas de vanguardia que satisfagan necesidades espec\u00edficas y coadyuven al desarrollo sustentable en el contexto nacional como internacional.<\/span><\/p>\t\t\t\t\t\t\t\t<\/div>\n\t\t\t\t<\/div>\n\t\t\t\t<div class=\"elementor-element elementor-element-4a85025 elementor-widget elementor-widget-eael-adv-tabs\" data-id=\"4a85025\" data-element_type=\"widget\" data-e-type=\"widget\" data-widget_type=\"eael-adv-tabs.default\">\n\t\t\t\t<div class=\"elementor-widget-container\">\n\t\t\t\t\t        <div data-scroll-on-click=\"no\" data-scroll-speed=\"300\" id=\"eael-advance-tabs-4a85025\" class=\"eael-advance-tabs eael-tabs-vertical eael-tab-auto-active \" data-tabid=\"4a85025\">\n            <div class=\"eael-tabs-nav \">\n                <ul class=\"eael-tab-inline-icon\" role=\"tablist\">\n                                            <li id=\"perfil-de-egreso\" class=\"inactive eael-tab-item-trigger eael-tab-nav-item\" aria-selected=\"true\" data-tab=\"1\" role=\"tab\" tabindex=\"0\" aria-controls=\"perfil-de-egreso-tab\" aria-expanded=\"false\">\n                            \n                                                                <i class=\"fas fa-laptop-code\"><\/i>                                                            \n                                                            <span class=\"eael-tab-title title-after-icon\" >Perfil de Egreso<\/span>                            \n                                                    <\/li>\n                                            <li id=\"atributos-de-egreso\" class=\"inactive eael-tab-item-trigger eael-tab-nav-item\" aria-selected=\"false\" data-tab=\"2\" role=\"tab\" tabindex=\"-1\" aria-controls=\"atributos-de-egreso-tab\" aria-expanded=\"false\">\n                            \n                                                                <i class=\"fas fa-code\"><\/i>                                                            \n                                                            <span class=\"eael-tab-title title-after-icon\" >Atributos de Egreso<\/span>                            \n                                                    <\/li>\n                                            <li id=\"objetivos-educacionales\" class=\"inactive eael-tab-item-trigger eael-tab-nav-item\" aria-selected=\"false\" data-tab=\"3\" role=\"tab\" tabindex=\"-1\" aria-controls=\"objetivos-educacionales-tab\" aria-expanded=\"false\">\n                            \n                                                                <i class=\"far fa-list-alt\"><\/i>                                                            \n                                                            <span class=\"eael-tab-title title-after-icon\" >Objetivos Educacionales<\/span>                            \n                                                    <\/li>\n                    \n                                  <\/ul>\n            <\/div>\n            \n            <div class=\"eael-tabs-content\">\n\t\t        \n                    <div id=\"perfil-de-egreso-tab\" class=\"clearfix eael-tab-content-item inactive\" data-title-link=\"perfil-de-egreso-tab\">\n\t\t\t\t        <p style=\"text-align: left\"><span style=\"font-size: 12pt\">El egresado del programa educativo Ingeniero Aeroespacial, es un profesionista\u00a0 competente para:<\/span><\/p><p>\u00a0<\/p><ul style=\"text-align: left\"><li><span style=\"font-size: 12pt\">Dise\u00f1ar y modelar estructuras y componentes aeroespaciales a trav\u00e9s de la mec\u00e1nica de s\u00f3lidos y software especializado, para optimizar los procesos de dise\u00f1o aplicados al sector aeroespacial de manera creativa, innovadora y responsable.<\/span><\/li><\/ul><ul style=\"text-align: left\"><li><span style=\"font-size: 12pt\">Evaluar el comportamiento estructural de sistemas aeroespaciales a trav\u00e9s de la simulaci\u00f3n con software especializado y\/o experimentaci\u00f3n, para predecir sus condiciones cr\u00edticas de operaci\u00f3n con una actitud reflexiva, anal\u00edtica y responsable.<\/span><\/li><\/ul><ul style=\"text-align: left\"><li><span style=\"font-size: 12pt\">Desarrollar sistemas de aeronavegaci\u00f3n, telecomunicaciones y veh\u00edculos no tripulados, utilizando tecnolog\u00edas innovadoras bajo la normatividad vigente para el procesamiento de datos y se\u00f1ales, con actitud creativa, congruente y responsable.<\/span><\/li><\/ul><ul style=\"text-align: left\"><li><span style=\"font-size: 12pt\">Innovar materiales mediante su selecci\u00f3n y caracterizaci\u00f3n para la fabricaci\u00f3n de componentes de alto rendimiento con base a lo establecido por organismos reguladores con una actitud proactiva y responsable.<\/span><\/li><\/ul><ul style=\"text-align: left\"><li><span style=\"font-size: 12pt\">Aplicar y desarrollar tecnolog\u00eda avanzada en la optimizaci\u00f3n de los procesos de manufactura del sector aeroespacial mediante el manejo de equipo especializado para fabricaci\u00f3n de componentes con una actitud proactiva, critica y responsable.<\/span><\/li><\/ul><ul style=\"text-align: left\"><li><span style=\"font-size: 12pt\">Dise\u00f1ar y evaluar sistemas de propulsi\u00f3n, fuselaje y componentes de aeronaves que interact\u00faan con fluidos a trav\u00e9s de simulaci\u00f3n y experimentaci\u00f3n avanzada, para fortalecer el uso de nuevas tecnolog\u00edas de manera \u00e9tica, proactiva y profesional.<\/span><\/li><\/ul><ul><li style=\"text-align: left\"><span style=\"font-size: 12pt\">Dirigir grupos de trabajo relacionados con el sector aeroespacial mediante el uso de herramientas y t\u00e9cnicas administrativas con la finalidad de optimizar los recursos econ\u00f3micos, materiales y humanos, con responsabilidad y profesionalismo.<\/span><\/li><\/ul>                    <\/div>\n\t\t        \n                    <div id=\"atributos-de-egreso-tab\" class=\"clearfix eael-tab-content-item inactive\" data-title-link=\"atributos-de-egreso-tab\">\n\t\t\t\t        <p><span style=\"font-size: 12pt\">Los atributos de egreso conforman los componentes indicativos del potencial de un egresado para adquirir las competencias o capacidades para ejercer la pr\u00e1ctica de la ingenier\u00eda a un nivel apropiado.<\/span><\/p><p>\u00a0<\/p><ol><li><p><span style=\"font-size: 12pt\">Aplica los conocimientos de ciencia b\u00e1sica alineados a la ingenier\u00eda aeroespacial para identificar, formular y resolver problemas dentro de un contexto multidisciplinar.<\/span><\/p><\/li><li><p><span style=\"font-size: 12pt\">Analiza productos, procesos o sistemas complejos aplicando m\u00e9todos anal\u00edticos, o experimentales respetando la normativa aeroespacial y reconoce la importancia de las restricciones establecidas en el sector p\u00fablico o privado.<\/span><\/p><\/li><li><p><span style=\"font-size: 12pt\">Utiliza conocimiento de vanguardia en el sector aeroespacial para el desarrollo de proyectos enfocados a la mejora de componentes, sistemas o procesos.<\/span><\/p><\/li><li><p><span style=\"font-size: 12pt\">Habilidad para comunicar ideas, problemas, o soluciones en un contexto multidisciplinar, de forma individual o en equipo.<\/span><\/p><\/li><li><p><span style=\"font-size: 12pt\">Conoce sus responsabilidades \u00e9ticas y profesionales en la industria aeroespacial y toma decisiones informadas considerando el impacto global, ambiental, econ\u00f3mico y social.<\/span><\/p><\/li><li><p><span style=\"font-size: 12pt\">Tiene la iniciativa de buscar medios para estar actualizado en las innovaciones tecnol\u00f3gicas en el sector aeroespacial a trav\u00e9s cursos de capacitaci\u00f3n, especialidades, consultas t\u00e9cnicas y aplica las nuevas habilidades en proyectos de ingenier\u00eda con una actitud proactiva.<\/span><\/p><\/li><li><p><span style=\"font-size: 12pt\">Realiza actividades relacionadas a la gesti\u00f3n de proyectos, cumpliendo efectivamente con las metas establecidas reconociendo las habilidades y\/o capacidades de su equipo de trabajo y propias con una actitud proactiva.<\/span><\/p><\/li><\/ol>                    <\/div>\n\t\t        \n                    <div id=\"objetivos-educacionales-tab\" class=\"clearfix eael-tab-content-item inactive\" data-title-link=\"objetivos-educacionales-tab\">\n\t\t\t\t        <p><span style=\"font-size: 12pt\">Despu\u00e9s de 5 a\u00f1os, los egresados del <strong>Programa Educativo de Ingeniero Aeroespacial<\/strong>:<br \/><br \/><\/span><\/p><ol><li><span style=\"font-size: 12pt\">Trabajan con \u00e9xito en organizaciones nacionales o internacionales y contribuyen al avance de la Ingenier\u00eda Aeroespacial, demostrando liderazgo, visi\u00f3n global y capacidad para facilitar la formaci\u00f3n de futuras generaciones, en concordancia con la transformaci\u00f3n digital, sostenibilidad e innovaci\u00f3n.<\/span><\/li><li><span style=\"font-size: 12pt\">Desarrollan o implementan mejoras en componentes aeroespaciales participando activamente en equipos multidisciplinarios, colaborando de manera responsable y asumiendo roles de liderazgo, aplicando mejora continua e innovaci\u00f3n para generar soluciones a problemas reales.<\/span><\/li><li><span style=\"font-size: 12pt\">Demuestran de manera \u00e9tica un s\u00f3lido compromiso con los est\u00e1ndares profesionales, reflejado en contribuciones que garantizan la seguridad y fiabilidad de componentes aeroespaciales, integrando responsabilidad ambiental, sostenibilidad y pr\u00e1cticas de colaboraci\u00f3n intercultural.<\/span><\/li><li><span style=\"font-size: 12pt\">Contin\u00faan con su desarrollo profesional mediante la b\u00fasqueda de conocimiento de vanguardia, incluyendo la transformaci\u00f3n digital, integraci\u00f3n de sistemas, innovaci\u00f3n y emprendimiento, adapt\u00e1ndose r\u00e1pidamente a los cambios de su entorno y fortaleciendo sus capacidades de liderazgo.<\/span><\/li><\/ol>                    <\/div>\n\t\t                    <\/div>\n        <\/div>\n\t\t\t\t<\/div>\n\t\t\t\t<\/div>\n\t\t\t\t<\/div>\n\t\t\t\t<\/div>\n\t\t<div class=\"elementor-element elementor-element-9c17bd5 e-con-full e-flex e-con e-child\" data-id=\"9c17bd5\" data-element_type=\"container\" data-e-type=\"container\">\n\t\t<div class=\"elementor-element elementor-element-c98be10 e-con-full e-flex e-con e-child\" data-id=\"c98be10\" data-element_type=\"container\" data-e-type=\"container\" data-settings=\"{&quot;background_background&quot;:&quot;classic&quot;}\">\n\t\t\t\t<div class=\"elementor-element elementor-element-4bb2283 elementor-widget elementor-widget-heading\" data-id=\"4bb2283\" data-element_type=\"widget\" data-e-type=\"widget\" data-widget_type=\"heading.default\">\n\t\t\t\t<div class=\"elementor-widget-container\">\n\t\t\t\t\t<h2 class=\"elementor-heading-title elementor-size-default\">RESPONSABLE DEL PROGRAMA EDUCATIVO<\/h2>\t\t\t\t<\/div>\n\t\t\t\t<\/div>\n\t\t\t\t<div class=\"elementor-element elementor-element-40402b8 elementor-widget-divider--view-line elementor-widget elementor-widget-divider\" data-id=\"40402b8\" data-element_type=\"widget\" data-e-type=\"widget\" data-widget_type=\"divider.default\">\n\t\t\t\t<div class=\"elementor-widget-container\">\n\t\t\t\t\t\t\t<div class=\"elementor-divider\">\n\t\t\t<span class=\"elementor-divider-separator\">\n\t\t\t\t\t\t<\/span>\n\t\t<\/div>\n\t\t\t\t\t\t<\/div>\n\t\t\t\t<\/div>\n\t\t\t\t<div class=\"elementor-element elementor-element-3b852a6 elementor-widget elementor-widget-text-editor\" data-id=\"3b852a6\" data-element_type=\"widget\" data-e-type=\"widget\" data-widget_type=\"text-editor.default\">\n\t\t\t\t<div class=\"elementor-widget-container\">\n\t\t\t\t\t\t\t\t\t<p><span style=\"color: #339966; font-size: 10pt;\"><strong>Dr. Alejandro Sebasti\u00e1n Ortiz P\u00e9rez<\/strong><\/span><\/p><p><span style=\"font-size: 10pt;\"><em><span style=\"color: #ffcc00;\"><strong>Responsable del Programa Educativo de Ingeniero Aeroespacial<\/strong><\/span><\/em><\/span><\/p><p>\u00a0<\/p><p><span style=\"font-size: 10pt;\"><strong><span style=\"color: #339966;\">Email:<\/span> <span style=\"color: #000000;\"><a style=\"color: #000000;\" href=\"mailto:aeroespacial_fim@uabc.edu.mx\">aeroespacial_fim@uabc.edu.mx<\/a><\/span><\/strong><\/span><br \/><span style=\"font-size: 10pt;\"><span style=\"color: #339966;\"><span style=\"color: #339966;\"><span style=\"font-size: 13.3333px;\"><b>Tel\u00e9fono<\/b><\/span><\/span><span style=\"font-size: 10pt; color: #339966;\"><b>:<\/b><\/span><\/span><b style=\"font-size: 10pt;\"> +52 (686) 841-82-35 <\/b><\/span><\/p><p><span style=\"font-size: 10pt;\"><strong><span style=\"color: #339966;\">Ext.<\/span> 44390<\/strong><\/span><\/p>\t\t\t\t\t\t\t\t<\/div>\n\t\t\t\t<\/div>\n\t\t\t\t<\/div>\n\t\t<div class=\"elementor-element elementor-element-15a814d e-con-full e-flex e-con e-child\" data-id=\"15a814d\" data-element_type=\"container\" data-e-type=\"container\" data-settings=\"{&quot;background_background&quot;:&quot;classic&quot;}\">\n\t\t\t\t<div class=\"elementor-element elementor-element-3fabc42 elementor-widget elementor-widget-heading\" data-id=\"3fabc42\" data-element_type=\"widget\" data-e-type=\"widget\" data-widget_type=\"heading.default\">\n\t\t\t\t<div class=\"elementor-widget-container\">\n\t\t\t\t\t<h2 class=\"elementor-heading-title elementor-size-default\">ACREDITACIONES<\/h2>\t\t\t\t<\/div>\n\t\t\t\t<\/div>\n\t\t\t\t<div class=\"elementor-element elementor-element-0713045 elementor-widget-divider--view-line elementor-widget elementor-widget-divider\" data-id=\"0713045\" data-element_type=\"widget\" data-e-type=\"widget\" data-widget_type=\"divider.default\">\n\t\t\t\t<div class=\"elementor-widget-container\">\n\t\t\t\t\t\t\t<div class=\"elementor-divider\">\n\t\t\t<span class=\"elementor-divider-separator\">\n\t\t\t\t\t\t<\/span>\n\t\t<\/div>\n\t\t\t\t\t\t<\/div>\n\t\t\t\t<\/div>\n\t\t\t\t<div class=\"elementor-element elementor-element-ec1459a elementor-widget__width-initial elementor-widget elementor-widget-image\" data-id=\"ec1459a\" data-element_type=\"widget\" data-e-type=\"widget\" data-widget_type=\"image.default\">\n\t\t\t\t<div class=\"elementor-widget-container\">\n\t\t\t\t\t\t\t\t\t\t\t\t\t\t\t\t<a href=\"https:\/\/ingenieria.mxl.uabc.mx\/pe_iae\/wp-content\/uploads\/2024\/02\/AeroespacialAneca.pdf\" target=\"_blank\">\n\t\t\t\t\t\t\t<img decoding=\"async\" width=\"300\" height=\"140\" src=\"https:\/\/ingenieria.mxl.uabc.mx\/pe_iae\/wp-content\/uploads\/2023\/09\/aneca.jpg\" class=\"attachment-medium size-medium wp-image-2133\" alt=\"\" \/>\t\t\t\t\t\t\t\t<\/a>\n\t\t\t\t\t\t\t\t\t\t\t\t\t\t\t<\/div>\n\t\t\t\t<\/div>\n\t\t\t\t<div class=\"elementor-element elementor-element-3a41f5a elementor-widget elementor-widget-text-editor\" data-id=\"3a41f5a\" data-element_type=\"widget\" data-e-type=\"widget\" data-widget_type=\"text-editor.default\">\n\t\t\t\t<div class=\"elementor-widget-container\">\n\t\t\t\t\t\t\t\t\t<p><strong><span style=\"font-size: 10pt;\">Agencia Nacional de Evaluaci\u00f3n de la Calidad y Acreditaci\u00f3n.<\/span><\/strong><\/p>\t\t\t\t\t\t\t\t<\/div>\n\t\t\t\t<\/div>\n\t\t\t\t<div class=\"elementor-element elementor-element-dd182a1 elementor-widget__width-initial elementor-widget elementor-widget-image\" data-id=\"dd182a1\" data-element_type=\"widget\" data-e-type=\"widget\" data-widget_type=\"image.default\">\n\t\t\t\t<div class=\"elementor-widget-container\">\n\t\t\t\t\t\t\t\t\t\t\t\t\t\t\t\t<a href=\"https:\/\/ingenieria.mxl.uabc.mx\/pe_iae\/wp-content\/uploads\/2024\/04\/AeroespacialCacei.pdf\" target=\"_blank\">\n\t\t\t\t\t\t\t<img fetchpriority=\"high\" decoding=\"async\" width=\"800\" height=\"350\" src=\"https:\/\/ingenieria.mxl.uabc.mx\/pe_iae\/wp-content\/uploads\/2023\/09\/cacei.jpg\" class=\"attachment-large size-large wp-image-2134\" alt=\"\" \/>\t\t\t\t\t\t\t\t<\/a>\n\t\t\t\t\t\t\t\t\t\t\t\t\t\t\t<\/div>\n\t\t\t\t<\/div>\n\t\t\t\t<div class=\"elementor-element elementor-element-c910d25 elementor-widget elementor-widget-text-editor\" data-id=\"c910d25\" data-element_type=\"widget\" data-e-type=\"widget\" data-widget_type=\"text-editor.default\">\n\t\t\t\t<div class=\"elementor-widget-container\">\n\t\t\t\t\t\t\t\t\t<p class=\"top-card-layout__title font-sans text-lg papabear:text-xl font-bold leading-open text-color-text mb-0\"><strong><span style=\"font-size: 10pt;\">Consejo de Acreditaci\u00f3n de la Ense\u00f1anza de la Ingenier\u00eda, A.C.<\/span><\/strong><\/p>\t\t\t\t\t\t\t\t<\/div>\n\t\t\t\t<\/div>\n\t\t\t\t<\/div>\n\t\t\t\t<\/div>\n\t\t\t\t<\/div>\n\t\t\t\t<\/div>\n\t\t","protected":false},"excerpt":{"rendered":"<p>Perfil de Egreso El egresado del programa educativo Ingeniero Aeroespacial, es un profesionista responsable, con un enfoque multidisciplinario, comprometido al aprendizaje permanente, especializado en el estudio, diagn\u00f3stico, evaluaci\u00f3n y gesti\u00f3n de recursos, procesos, componentes y sistemas aeroespaciales, para dar soluci\u00f3n a problemas de dise\u00f1o, manufactura, desarrollo tecnol\u00f3gico, caracterizaci\u00f3n de materiales y an\u00e1lisis de estructuras en [&hellip;]<\/p>\n","protected":false},"author":3,"featured_media":0,"parent":0,"menu_order":0,"comment_status":"closed","ping_status":"closed","template":"","meta":{"site-sidebar-layout":"no-sidebar","site-content-layout":"page-builder","ast-site-content-layout":"full-width-container","site-content-style":"default","site-sidebar-style":"default","ast-global-header-display":"","ast-banner-title-visibility":"","ast-main-header-display":"","ast-hfb-above-header-display":"","ast-hfb-below-header-display":"","ast-hfb-mobile-header-display":"","site-post-title":"disabled","ast-breadcrumbs-content":"","ast-featured-img":"disabled","footer-sml-layout":"","ast-disable-related-posts":"","theme-transparent-header-meta":"default","adv-header-id-meta":"","stick-header-meta":"","header-above-stick-meta":"","header-main-stick-meta":"","header-below-stick-meta":"","astra-migrate-meta-layouts":"set","ast-page-background-enabled":"default","ast-page-background-meta":{"desktop":{"background-color":"","background-image":"","background-repeat":"repeat","background-position":"center center","background-size":"auto","background-attachment":"scroll","background-type":"","background-media":"","overlay-type":"","overlay-color":"","overlay-opacity":"","overlay-gradient":""},"tablet":{"background-color":"","background-image":"","background-repeat":"repeat","background-position":"center center","background-size":"auto","background-attachment":"scroll","background-type":"","background-media":"","overlay-type":"","overlay-color":"","overlay-opacity":"","overlay-gradient":""},"mobile":{"background-color":"","background-image":"","background-repeat":"repeat","background-position":"center center","background-size":"auto","background-attachment":"scroll","background-type":"","background-media":"","overlay-type":"","overlay-color":"","overlay-opacity":"","overlay-gradient":""}},"ast-content-background-meta":{"desktop":{"background-color":"var(--ast-global-color-5)","background-image":"","background-repeat":"repeat","background-position":"center center","background-size":"auto","background-attachment":"scroll","background-type":"","background-media":"","overlay-type":"","overlay-color":"","overlay-opacity":"","overlay-gradient":""},"tablet":{"background-color":"var(--ast-global-color-5)","background-image":"","background-repeat":"repeat","background-position":"center center","background-size":"auto","background-attachment":"scroll","background-type":"","background-media":"","overlay-type":"","overlay-color":"","overlay-opacity":"","overlay-gradient":""},"mobile":{"background-color":"var(--ast-global-color-5)","background-image":"","background-repeat":"repeat","background-position":"center center","background-size":"auto","background-attachment":"scroll","background-type":"","background-media":"","overlay-type":"","overlay-color":"","overlay-opacity":"","overlay-gradient":""}},"footnotes":""},"class_list":["post-2861","page","type-page","status-publish","hentry"],"_links":{"self":[{"href":"https:\/\/ingenieria.mxl.uabc.mx\/pe_iae\/wp-json\/wp\/v2\/pages\/2861","targetHints":{"allow":["GET"]}}],"collection":[{"href":"https:\/\/ingenieria.mxl.uabc.mx\/pe_iae\/wp-json\/wp\/v2\/pages"}],"about":[{"href":"https:\/\/ingenieria.mxl.uabc.mx\/pe_iae\/wp-json\/wp\/v2\/types\/page"}],"author":[{"embeddable":true,"href":"https:\/\/ingenieria.mxl.uabc.mx\/pe_iae\/wp-json\/wp\/v2\/users\/3"}],"replies":[{"embeddable":true,"href":"https:\/\/ingenieria.mxl.uabc.mx\/pe_iae\/wp-json\/wp\/v2\/comments?post=2861"}],"version-history":[{"count":109,"href":"https:\/\/ingenieria.mxl.uabc.mx\/pe_iae\/wp-json\/wp\/v2\/pages\/2861\/revisions"}],"predecessor-version":[{"id":5297,"href":"https:\/\/ingenieria.mxl.uabc.mx\/pe_iae\/wp-json\/wp\/v2\/pages\/2861\/revisions\/5297"}],"wp:attachment":[{"href":"https:\/\/ingenieria.mxl.uabc.mx\/pe_iae\/wp-json\/wp\/v2\/media?parent=2861"}],"curies":[{"name":"wp","href":"https:\/\/api.w.org\/{rel}","templated":true}]}}