{"id":3248,"date":"2023-10-12T16:42:36","date_gmt":"2023-10-13T00:42:36","guid":{"rendered":"http:\/\/localhost\/pe_ico\/?page_id=3248"},"modified":"2024-04-18T09:34:28","modified_gmt":"2024-04-18T17:34:28","slug":"reglamentos-y-horarios","status":"publish","type":"page","link":"https:\/\/ingenieria.mxl.uabc.mx\/pe_iae\/reglamentos-y-horarios\/","title":{"rendered":"Reglamentos y Horarios"},"content":{"rendered":"\t\t<div data-elementor-type=\"wp-page\" data-elementor-id=\"3248\" class=\"elementor elementor-3248\">\n\t\t\t\t<div class=\"elementor-element elementor-element-a32812a e-con-full e-flex e-con e-parent\" data-id=\"a32812a\" data-element_type=\"container\" data-e-type=\"container\">\n\t\t<div class=\"elementor-element elementor-element-d700dbe e-con-full e-flex e-con e-child\" data-id=\"d700dbe\" data-element_type=\"container\" data-e-type=\"container\">\n\t\t<div class=\"elementor-element elementor-element-7f8a134 e-con-full e-flex e-con e-child\" data-id=\"7f8a134\" data-element_type=\"container\" data-e-type=\"container\" data-settings=\"{&quot;background_background&quot;:&quot;classic&quot;}\">\n\t\t\t\t<div class=\"elementor-element elementor-element-7e30e08 elementor-widget elementor-widget-heading\" data-id=\"7e30e08\" data-element_type=\"widget\" data-e-type=\"widget\" data-widget_type=\"heading.default\">\n\t\t\t\t<div class=\"elementor-widget-container\">\n\t\t\t\t\t<h1 class=\"elementor-heading-title elementor-size-default\">Reglamentos y Horarios<\/h1>\t\t\t\t<\/div>\n\t\t\t\t<\/div>\n\t\t\t\t<div class=\"elementor-element elementor-element-66d7613 elementor-widget-divider--view-line elementor-widget elementor-widget-divider\" data-id=\"66d7613\" data-element_type=\"widget\" data-e-type=\"widget\" data-widget_type=\"divider.default\">\n\t\t\t\t<div class=\"elementor-widget-container\">\n\t\t\t\t\t\t\t<div class=\"elementor-divider\">\n\t\t\t<span class=\"elementor-divider-separator\">\n\t\t\t\t\t\t<\/span>\n\t\t<\/div>\n\t\t\t\t\t\t<\/div>\n\t\t\t\t<\/div>\n\t\t\t\t<div class=\"elementor-element elementor-element-b1d1803 elementor-widget elementor-widget-text-editor\" data-id=\"b1d1803\" data-element_type=\"widget\" data-e-type=\"widget\" data-widget_type=\"text-editor.default\">\n\t\t\t\t<div class=\"elementor-widget-container\">\n\t\t\t\t\t\t\t\t\t<p align=\"center\"><strong>UNIVERSIDAD AUT\u00d3NOMA DE BAJA CALIFORNIA<\/strong><br \/><strong>FACULTAD DE INGENIER\u00cdA<\/strong><br \/><strong>REGLAMENTO DEL LABORATORIO DE AEROESPACIAL<\/strong><br \/><strong><br \/>(Sujeto a modificaciones por el H. Consejo T\u00e9cnico)<\/strong><\/p><p align=\"center\">\u00a0<\/p>\t\t\t\t\t\t\t\t<\/div>\n\t\t\t\t<\/div>\n\t\t\t\t<div class=\"elementor-element elementor-element-9c8a4f7 elementor-widget elementor-widget-eael-adv-accordion\" data-id=\"9c8a4f7\" data-element_type=\"widget\" data-e-type=\"widget\" data-widget_type=\"eael-adv-accordion.default\">\n\t\t\t\t<div class=\"elementor-widget-container\">\n\t\t\t\t\t            <div class=\"eael-adv-accordion\" id=\"eael-adv-accordion-9c8a4f7\" data-scroll-on-click=\"no\" data-scroll-speed=\"300\" data-accordion-id=\"9c8a4f7\" data-accordion-type=\"accordion\" data-toogle-speed=\"300\">\n            <div class=\"eael-accordion-list\">\n\t\t\t\t\t<div id=\"asuntos-generales\" class=\"elementor-tab-title eael-accordion-header\" tabindex=\"0\" data-tab=\"1\" aria-controls=\"elementor-tab-content-1641\"><span class=\"eael-advanced-accordion-icon-closed\"><i aria-hidden=\"true\" class=\"fa-accordion-icon fas fa-plus\"><\/i><\/span><span class=\"eael-advanced-accordion-icon-opened\"><i aria-hidden=\"true\" class=\"fa-accordion-icon fas fa-minus\"><\/i><\/span><span class=\"eael-accordion-tab-title\">ASUNTOS GENERALES<\/span><\/div><div id=\"elementor-tab-content-1641\" class=\"eael-accordion-content clearfix\" data-tab=\"1\" aria-labelledby=\"asuntos-generales\"><ol><li><div>El Laboratorio de Aeroespacial fue creado con el fin de complementar los objetivos curriculares del programa educativo en base a pr\u00e1cticas de laboratorio programables, proyectos, apoyo acad\u00e9mico, visitas, entre otros.<\/div><\/li><li><div>El Laboratorio permanece abierto de 7:00 A 22:00 Hrs. de lunes a viernes.<\/div><\/li><li><div>El Laboratorio proporcionar\u00e1 (dentro de sus limitaciones), espacio f\u00edsico, equipo, accesorios e informaci\u00f3n t\u00e9cnica disponible.<\/div><\/li><li><div>Tendr\u00e1n prioridad las pr\u00e1cticas obligatorias sobre las pr\u00e1cticas extracurriculares y \u00e9stas a su vez, sobre cualquier otra actividad que se desee llevar a cabo.<\/div><\/li><li><div>Las pr\u00e1cticas se deber\u00e1n de llevar a cabo en el sal\u00f3n que haya sido indicado en el formato de horario correspondiente; pudi\u00e9ndose tomar otro espacio si hubiera disponibilidad en el aula.<\/div><\/li><li><div>No se permite introducir bebidas ni alimentos a los salones de pr\u00e1cticas.<\/div><\/li><li><div>Queda estrictamente prohibido fumar dentro del laboratorio.<\/div><\/li><li><div>El alumno ser\u00e1 responsable de proveerse del material que no sea proporcionado por el laboratorio.<\/div><\/li><li><div>El pr\u00e9stamo de la bibliograf\u00eda existente en el laboratorio se limitar\u00e1 al uso interno en el mismo; \u00fanicamente y en casos que as\u00ed lo amerite, se prestar\u00e1 para fotocopiado con un plazo adecuado para tal efecto.<\/div><\/li><li><div>Todo pr\u00e9stamo externo deber\u00e1 ser devuelto a m\u00e1s tardar al t\u00e9rmino del semestre lectivo escolar.<\/div><\/li><li><div>Ser\u00e1 necesario el control por escrito para el uso del equipo de laboratorio, reserv\u00e1ndose el pr\u00e9stamo del mismo \u00fanicamente a personas identificadas a la unidad acad\u00e9mica, requiri\u00e9ndose mostrar credencial vigente con fotograf\u00eda del solicitante.<\/div><\/li><li><div>Se prestar\u00e1 internamente equipo adicional a personas de la escuela que est\u00e9n capacitadas para su uso; siempre y cuando no interfiera con las actividades del laboratorio.<\/div><\/li><li><div>Cualquier equipo de laboratorio, accesorios, material, libros o manuales t\u00e9cnicos y de consulta, entre otros, que se requiera para las pr\u00e1cticas por maestros y\/o alumnos deber\u00e1 ser solicitado mediante vale de laboratorio respectivo.<\/div><\/li><li><div>Todo pr\u00e9stamo externo deber\u00e1 solicitarse al encargado del laboratorio.<\/div><\/li><li><div>Toda actividad extraordinaria que se requiera llevar a cabo, deber\u00e1 ser notificada al responsable del programa educativo o el encargado del laboratorio.<\/div><\/li><li><div>Cualquier anomal\u00eda relacionada con el laboratorio deber\u00e1 ser notificada a la brevedad posible al responsable del programa educativo o al encargado del laboratorio con la finalidad de tomar acciones inmediatas.<\/div><\/li><li><div>Para mejor la operatividad, dentro del almac\u00e9n solo tendr\u00e1n derecho al acceso y\/o permanecer aquellas personas relacionadas con el funcionamiento del laboratorio.<\/div><\/li><li><div>Se aplicar\u00e1n sanciones a quien infrinja uno o m\u00e1s de las anteriores disposiciones.<\/div><\/li><\/ol><\/div>\n\t\t\t\t\t<\/div><div class=\"eael-accordion-list\">\n\t\t\t\t\t<div id=\"acerca-de-las-sanciones\" class=\"elementor-tab-title eael-accordion-header\" tabindex=\"0\" data-tab=\"2\" aria-controls=\"elementor-tab-content-1642\"><span class=\"eael-advanced-accordion-icon-closed\"><i aria-hidden=\"true\" class=\"fa-accordion-icon fas fa-plus\"><\/i><\/span><span class=\"eael-advanced-accordion-icon-opened\"><i aria-hidden=\"true\" class=\"fa-accordion-icon fas fa-minus\"><\/i><\/span><span class=\"eael-accordion-tab-title\">ACERCA DE LAS SANCIONES<\/span><\/div><div id=\"elementor-tab-content-1642\" class=\"eael-accordion-content clearfix\" data-tab=\"2\" aria-labelledby=\"acerca-de-las-sanciones\"><p>De acuerdo al grado de falta, \u00e9stas podr\u00e1n ser:<\/p><ol><li>Llamada de atenci\u00f3n verbal,<\/li><li>Llamada de atenci\u00f3n por escrito,<\/li><li>Aplicaci\u00f3n directa de la misma.<\/li><\/ol><p>Si la falta lo amerita, entonces ser\u00e1 necesario la suspensi\u00f3n de :<\/p><ol><li>Equipo y herramienta por 5 d\u00edas h\u00e1biles a quienes no soliciten permiso para su uso.<\/li><li>Equipo de c\u00f3mputo por 5 d\u00edas h\u00e1biles a quienes no se den de alta o baja en la hoja de control del almac\u00e9n.<\/li><li>Pr\u00e9stamos de almac\u00e9n por 5 d\u00edas y hasta que se pague lo adecuado, a quienes al final de cada pr\u00e1ctica no entreguen los accesorios, manuales, libros y cualquier otro art\u00edculo de pr\u00e9stamo interno solicitado al almac\u00e9n.<\/li><li>Pr\u00e9stamos de almac\u00e9n por 5 d\u00edas y hasta que se pague lo adecuado a quienes no entreguen cualquier pr\u00e9stamo externo dentro del plazo concedido.<\/li><li>Pr\u00e9stamos de almac\u00e9n por un mes a quienes reincidan en los puntos I y II, muevan cualquier equipo de los salones sin previo aviso, desconecten los equipos de c\u00f3mputo y\/o perif\u00e9ricos de los salones, dejen sucia el \u00e1rea de trabajo, sustraigan accesorios de los equipos de medici\u00f3n o computo fuera del laboratorio y a quienes presten su nombre y\/o equipo a las personas suspendidas por los incisos anteriores.<\/li><li>Suspensi\u00f3n del derecho de reinscripci\u00f3n a quienes tengan adeudos de laboratorio despu\u00e9s de la fecha indicada para la entrega de material; debi\u00e9ndose reinscribir mediante la forma que se designe por las autoridades competentes.<\/li><\/ol><ol><li>Queda prohibido el uso del equipo de c\u00f3mputo para descargar cualquier archivo que no sea parte de las pr\u00e1cticas del laboratorio.<\/li><li>Se deber\u00e1 observar, en general, un buen comportamiento en los salones y en el \u00e1rea del laboratorio.\u00a0<\/li><\/ol><\/div>\n\t\t\t\t\t<\/div><\/div>\t\t\t\t<\/div>\n\t\t\t\t<\/div>\n\t\t\t\t<\/div>\n\t\t\t\t<\/div>\n\t\t<div class=\"elementor-element elementor-element-7f413a1 e-con-full e-flex e-con e-child\" data-id=\"7f413a1\" data-element_type=\"container\" data-e-type=\"container\">\n\t\t<div class=\"elementor-element elementor-element-0f972e2 e-con-full e-flex e-con e-child\" data-id=\"0f972e2\" data-element_type=\"container\" data-e-type=\"container\" data-settings=\"{&quot;background_background&quot;:&quot;classic&quot;}\">\n\t\t\t\t<div class=\"elementor-element elementor-element-1cc6521 elementor-widget elementor-widget-heading\" data-id=\"1cc6521\" data-element_type=\"widget\" data-e-type=\"widget\" data-widget_type=\"heading.default\">\n\t\t\t\t<div class=\"elementor-widget-container\">\n\t\t\t\t\t<h2 class=\"elementor-heading-title elementor-size-default\">Contacto<\/h2>\t\t\t\t<\/div>\n\t\t\t\t<\/div>\n\t\t\t\t<div class=\"elementor-element elementor-element-a38254b elementor-widget-divider--view-line elementor-widget elementor-widget-divider\" data-id=\"a38254b\" data-element_type=\"widget\" data-e-type=\"widget\" data-widget_type=\"divider.default\">\n\t\t\t\t<div class=\"elementor-widget-container\">\n\t\t\t\t\t\t\t<div class=\"elementor-divider\">\n\t\t\t<span class=\"elementor-divider-separator\">\n\t\t\t\t\t\t<\/span>\n\t\t<\/div>\n\t\t\t\t\t\t<\/div>\n\t\t\t\t<\/div>\n\t\t\t\t<div class=\"elementor-element elementor-element-1312f45 elementor-widget elementor-widget-text-editor\" data-id=\"1312f45\" data-element_type=\"widget\" data-e-type=\"widget\" data-widget_type=\"text-editor.default\">\n\t\t\t\t<div class=\"elementor-widget-container\">\n\t\t\t\t\t\t\t\t\t<p><span style=\"color: #339966; font-size: 12pt;\"><strong>M.C. Jorge Oscar Miram\u00f3m Angulo<\/strong><\/span><br \/><span style=\"font-size: 12pt;\"><em><span style=\"color: #ffcc00;\"><strong>Responsable de Laboratorios<\/strong><\/span><\/em><\/span><\/p><p><span style=\"font-size: 12pt;\"><strong><span style=\"color: #339966;\">Email:<\/span> <span style=\"color: #000000;\"><a style=\"color: #000000;\" href=\"mailto:jorge.miramon@uabc.edu.mx\">jorge.miramon@uabc.edu.mx<\/a><\/span><\/strong><\/span><br \/><span style=\"font-size: 12pt;\"><strong><span style=\"color: #339966;\">Telefono:<\/span> +52 (686) 841-82-35 <\/strong><\/span><\/p><p><span style=\"font-size: 12pt;\"><strong><span style=\"color: #339966;\">Ext.<\/span> 44391<\/strong><\/span><\/p>\t\t\t\t\t\t\t\t<\/div>\n\t\t\t\t<\/div>\n\t\t\t\t<\/div>\n\t\t<div class=\"elementor-element elementor-element-a58e6d3 e-con-full e-flex e-con e-child\" data-id=\"a58e6d3\" data-element_type=\"container\" data-e-type=\"container\" data-settings=\"{&quot;background_background&quot;:&quot;classic&quot;}\">\n\t\t\t\t<div class=\"elementor-element elementor-element-7b8d082 elementor-widget elementor-widget-heading\" data-id=\"7b8d082\" data-element_type=\"widget\" data-e-type=\"widget\" data-widget_type=\"heading.default\">\n\t\t\t\t<div class=\"elementor-widget-container\">\n\t\t\t\t\t<h2 class=\"elementor-heading-title elementor-size-default\">ACREDITACIONES<\/h2>\t\t\t\t<\/div>\n\t\t\t\t<\/div>\n\t\t\t\t<div class=\"elementor-element elementor-element-01a103b elementor-widget-divider--view-line elementor-widget elementor-widget-divider\" data-id=\"01a103b\" data-element_type=\"widget\" data-e-type=\"widget\" data-widget_type=\"divider.default\">\n\t\t\t\t<div class=\"elementor-widget-container\">\n\t\t\t\t\t\t\t<div class=\"elementor-divider\">\n\t\t\t<span class=\"elementor-divider-separator\">\n\t\t\t\t\t\t<\/span>\n\t\t<\/div>\n\t\t\t\t\t\t<\/div>\n\t\t\t\t<\/div>\n\t\t\t\t<div class=\"elementor-element elementor-element-3fdd744 elementor-widget__width-initial elementor-widget elementor-widget-image\" data-id=\"3fdd744\" data-element_type=\"widget\" data-e-type=\"widget\" data-widget_type=\"image.default\">\n\t\t\t\t<div class=\"elementor-widget-container\">\n\t\t\t\t\t\t\t\t\t\t\t\t\t\t\t\t<a href=\"https:\/\/ingenieria.mxl.uabc.mx\/pe_iae\/wp-content\/uploads\/2024\/02\/AeroespacialAneca.pdf\" target=\"_blank\">\n\t\t\t\t\t\t\t<img decoding=\"async\" width=\"300\" height=\"140\" src=\"https:\/\/ingenieria.mxl.uabc.mx\/pe_iae\/wp-content\/uploads\/2023\/09\/aneca.jpg\" class=\"attachment-medium size-medium wp-image-2133\" alt=\"\" \/>\t\t\t\t\t\t\t\t<\/a>\n\t\t\t\t\t\t\t\t\t\t\t\t\t\t\t<\/div>\n\t\t\t\t<\/div>\n\t\t\t\t<div class=\"elementor-element elementor-element-0cfc7ae elementor-widget elementor-widget-text-editor\" data-id=\"0cfc7ae\" data-element_type=\"widget\" data-e-type=\"widget\" data-widget_type=\"text-editor.default\">\n\t\t\t\t<div class=\"elementor-widget-container\">\n\t\t\t\t\t\t\t\t\t<p><strong><span style=\"font-size: 10pt;\">Agencia Nacional de Evaluaci\u00f3n de la Calidad y Acreditaci\u00f3n.<\/span><\/strong><\/p>\t\t\t\t\t\t\t\t<\/div>\n\t\t\t\t<\/div>\n\t\t\t\t<div class=\"elementor-element elementor-element-fa18914 elementor-widget__width-initial elementor-widget elementor-widget-image\" data-id=\"fa18914\" data-element_type=\"widget\" data-e-type=\"widget\" data-widget_type=\"image.default\">\n\t\t\t\t<div class=\"elementor-widget-container\">\n\t\t\t\t\t\t\t\t\t\t\t\t\t\t\t\t<a href=\"https:\/\/ingenieria.mxl.uabc.mx\/pe_iae\/wp-content\/uploads\/2024\/04\/AeroespacialCacei.pdf\" target=\"_blank\">\n\t\t\t\t\t\t\t<img fetchpriority=\"high\" decoding=\"async\" width=\"800\" height=\"350\" src=\"https:\/\/ingenieria.mxl.uabc.mx\/pe_iae\/wp-content\/uploads\/2023\/09\/cacei.jpg\" class=\"attachment-large size-large wp-image-2134\" alt=\"\" \/>\t\t\t\t\t\t\t\t<\/a>\n\t\t\t\t\t\t\t\t\t\t\t\t\t\t\t<\/div>\n\t\t\t\t<\/div>\n\t\t\t\t<div class=\"elementor-element elementor-element-53c5951 elementor-widget elementor-widget-text-editor\" data-id=\"53c5951\" data-element_type=\"widget\" data-e-type=\"widget\" data-widget_type=\"text-editor.default\">\n\t\t\t\t<div class=\"elementor-widget-container\">\n\t\t\t\t\t\t\t\t\t<p class=\"top-card-layout__title font-sans text-lg papabear:text-xl font-bold leading-open text-color-text mb-0\"><strong><span style=\"font-size: 10pt;\">Consejo de Acreditaci\u00f3n de la Ense\u00f1anza de la Ingenier\u00eda, A.C.<\/span><\/strong><\/p>\t\t\t\t\t\t\t\t<\/div>\n\t\t\t\t<\/div>\n\t\t\t\t<\/div>\n\t\t\t\t<\/div>\n\t\t\t\t<\/div>\n\t\t\t\t<\/div>\n\t\t","protected":false},"excerpt":{"rendered":"<p>Reglamentos y Horarios UNIVERSIDAD AUT\u00d3NOMA DE BAJA CALIFORNIAFACULTAD DE INGENIER\u00cdAREGLAMENTO DEL LABORATORIO DE AEROESPACIAL(Sujeto a modificaciones por el H. Consejo T\u00e9cnico) \u00a0 ASUNTOS GENERALES El Laboratorio de Aeroespacial fue creado con el fin de complementar los objetivos curriculares del programa educativo en base a pr\u00e1cticas de laboratorio programables, proyectos, apoyo acad\u00e9mico, visitas, entre otros. El [&hellip;]<\/p>\n","protected":false},"author":3,"featured_media":0,"parent":0,"menu_order":0,"comment_status":"closed","ping_status":"closed","template":"","meta":{"site-sidebar-layout":"no-sidebar","site-content-layout":"page-builder","ast-site-content-layout":"full-width-container","site-content-style":"default","site-sidebar-style":"default","ast-global-header-display":"","ast-banner-title-visibility":"","ast-main-header-display":"","ast-hfb-above-header-display":"","ast-hfb-below-header-display":"","ast-hfb-mobile-header-display":"","site-post-title":"disabled","ast-breadcrumbs-content":"","ast-featured-img":"disabled","footer-sml-layout":"","ast-disable-related-posts":"","theme-transparent-header-meta":"default","adv-header-id-meta":"","stick-header-meta":"","header-above-stick-meta":"","header-main-stick-meta":"","header-below-stick-meta":"","astra-migrate-meta-layouts":"set","ast-page-background-enabled":"default","ast-page-background-meta":{"desktop":{"background-color":"","background-image":"","background-repeat":"repeat","background-position":"center center","background-size":"auto","background-attachment":"scroll","background-type":"","background-media":"","overlay-type":"","overlay-color":"","overlay-opacity":"","overlay-gradient":""},"tablet":{"background-color":"","background-image":"","background-repeat":"repeat","background-position":"center center","background-size":"auto","background-attachment":"scroll","background-type":"","background-media":"","overlay-type":"","overlay-color":"","overlay-opacity":"","overlay-gradient":""},"mobile":{"background-color":"","background-image":"","background-repeat":"repeat","background-position":"center center","background-size":"auto","background-attachment":"scroll","background-type":"","background-media":"","overlay-type":"","overlay-color":"","overlay-opacity":"","overlay-gradient":""}},"ast-content-background-meta":{"desktop":{"background-color":"var(--ast-global-color-5)","background-image":"","background-repeat":"repeat","background-position":"center center","background-size":"auto","background-attachment":"scroll","background-type":"","background-media":"","overlay-type":"","overlay-color":"","overlay-opacity":"","overlay-gradient":""},"tablet":{"background-color":"var(--ast-global-color-5)","background-image":"","background-repeat":"repeat","background-position":"center center","background-size":"auto","background-attachment":"scroll","background-type":"","background-media":"","overlay-type":"","overlay-color":"","overlay-opacity":"","overlay-gradient":""},"mobile":{"background-color":"var(--ast-global-color-5)","background-image":"","background-repeat":"repeat","background-position":"center center","background-size":"auto","background-attachment":"scroll","background-type":"","background-media":"","overlay-type":"","overlay-color":"","overlay-opacity":"","overlay-gradient":""}},"footnotes":""},"class_list":["post-3248","page","type-page","status-publish","hentry"],"_links":{"self":[{"href":"https:\/\/ingenieria.mxl.uabc.mx\/pe_iae\/wp-json\/wp\/v2\/pages\/3248","targetHints":{"allow":["GET"]}}],"collection":[{"href":"https:\/\/ingenieria.mxl.uabc.mx\/pe_iae\/wp-json\/wp\/v2\/pages"}],"about":[{"href":"https:\/\/ingenieria.mxl.uabc.mx\/pe_iae\/wp-json\/wp\/v2\/types\/page"}],"author":[{"embeddable":true,"href":"https:\/\/ingenieria.mxl.uabc.mx\/pe_iae\/wp-json\/wp\/v2\/users\/3"}],"replies":[{"embeddable":true,"href":"https:\/\/ingenieria.mxl.uabc.mx\/pe_iae\/wp-json\/wp\/v2\/comments?post=3248"}],"version-history":[{"count":94,"href":"https:\/\/ingenieria.mxl.uabc.mx\/pe_iae\/wp-json\/wp\/v2\/pages\/3248\/revisions"}],"predecessor-version":[{"id":5096,"href":"https:\/\/ingenieria.mxl.uabc.mx\/pe_iae\/wp-json\/wp\/v2\/pages\/3248\/revisions\/5096"}],"wp:attachment":[{"href":"https:\/\/ingenieria.mxl.uabc.mx\/pe_iae\/wp-json\/wp\/v2\/media?parent=3248"}],"curies":[{"name":"wp","href":"https:\/\/api.w.org\/{rel}","templated":true}]}}