{"id":2861,"date":"2023-10-10T07:55:47","date_gmt":"2023-10-10T15:55:47","guid":{"rendered":"http:\/\/localhost\/pe_ico\/?page_id=2861"},"modified":"2025-09-04T13:37:58","modified_gmt":"2025-09-04T21:37:58","slug":"perfil-de-egreso","status":"publish","type":"page","link":"https:\/\/ingenieria.mxl.uabc.mx\/pe_ibi\/perfil-de-egreso\/","title":{"rendered":"Perfil de Egreso"},"content":{"rendered":"\t\t<div data-elementor-type=\"wp-page\" data-elementor-id=\"2861\" class=\"elementor elementor-2861\">\n\t\t\t\t<div class=\"elementor-element elementor-element-c49e4db e-con-full e-flex e-con e-parent\" data-id=\"c49e4db\" data-element_type=\"container\">\n\t\t<div class=\"elementor-element elementor-element-aa290a3 e-con-full e-flex e-con e-child\" data-id=\"aa290a3\" data-element_type=\"container\">\n\t\t<div class=\"elementor-element elementor-element-7f8a134 e-con-full e-flex e-con e-child\" data-id=\"7f8a134\" data-element_type=\"container\" data-settings=\"{&quot;background_background&quot;:&quot;classic&quot;}\">\n\t\t\t\t<div class=\"elementor-element elementor-element-7e30e08 elementor-widget elementor-widget-heading\" data-id=\"7e30e08\" data-element_type=\"widget\" data-widget_type=\"heading.default\">\n\t\t\t\t<div class=\"elementor-widget-container\">\n\t\t\t\t\t<h1 class=\"elementor-heading-title elementor-size-default\">Perfil de Egreso<\/h1>\t\t\t\t<\/div>\n\t\t\t\t<\/div>\n\t\t\t\t<div class=\"elementor-element elementor-element-66d7613 elementor-widget-divider--view-line elementor-widget elementor-widget-divider\" data-id=\"66d7613\" data-element_type=\"widget\" data-widget_type=\"divider.default\">\n\t\t\t\t<div class=\"elementor-widget-container\">\n\t\t\t\t\t\t\t<div class=\"elementor-divider\">\n\t\t\t<span class=\"elementor-divider-separator\">\n\t\t\t\t\t\t<\/span>\n\t\t<\/div>\n\t\t\t\t\t\t<\/div>\n\t\t\t\t<\/div>\n\t\t\t\t<div class=\"elementor-element elementor-element-15ff8cb elementor-widget elementor-widget-text-editor\" data-id=\"15ff8cb\" data-element_type=\"widget\" data-widget_type=\"text-editor.default\">\n\t\t\t\t<div class=\"elementor-widget-container\">\n\t\t\t\t\t\t\t\t\t<p style=\"text-align: justify;\" align=\"center\"><span style=\"font-size: 14pt;\">El egresado en Bioingenier\u00eda es una profesionista capaz de aplicar los conocimientos cient\u00edficos, tecnol\u00f3gicos, human\u00edsticos y de gesti\u00f3n para dar soluci\u00f3n a las problem\u00e1ticas de su propia disciplina, mediante las siguientes capacidades:<\/span><\/p>\t\t\t\t\t\t\t\t<\/div>\n\t\t\t\t<\/div>\n\t\t\t\t<div class=\"elementor-element elementor-element-4a85025 elementor-widget elementor-widget-eael-adv-tabs\" data-id=\"4a85025\" data-element_type=\"widget\" data-widget_type=\"eael-adv-tabs.default\">\n\t\t\t\t<div class=\"elementor-widget-container\">\n\t\t\t\t\t        <div data-scroll-on-click=\"no\" data-scroll-speed=\"300\" id=\"eael-advance-tabs-4a85025\" class=\"eael-advance-tabs eael-tabs-vertical eael-tab-auto-active \" data-tabid=\"4a85025\">\n            <div class=\"eael-tabs-nav \">\n                <ul class=\"eael-tab-inline-icon\" role=\"tablist\">\n                                            <li id=\"perfil-de-egreso\" class=\"inactive eael-tab-item-trigger eael-tab-nav-item\" aria-selected=\"true\" data-tab=\"1\" role=\"tab\" tabindex=\"0\" aria-controls=\"perfil-de-egreso-tab\" aria-expanded=\"false\">\n                            \n                                                                <i class=\"fas fa-laptop-code\"><\/i>                                                            \n                                                            <span class=\"eael-tab-title title-after-icon\" >Perfil de Egreso<\/span>                            \n                                                    <\/li>\n                                            <li id=\"atributos-de-egreso\" class=\"inactive eael-tab-item-trigger eael-tab-nav-item\" aria-selected=\"false\" data-tab=\"2\" role=\"tab\" tabindex=\"-1\" aria-controls=\"atributos-de-egreso-tab\" aria-expanded=\"false\">\n                            \n                                                                <i class=\"fas fa-code\"><\/i>                                                            \n                                                            <span class=\"eael-tab-title title-after-icon\" >Atributos de Egreso<\/span>                            \n                                                    <\/li>\n                                            <li id=\"objetivos-educacionales\" class=\"inactive eael-tab-item-trigger eael-tab-nav-item\" aria-selected=\"false\" data-tab=\"3\" role=\"tab\" tabindex=\"-1\" aria-controls=\"objetivos-educacionales-tab\" aria-expanded=\"false\">\n                            \n                                                                <i class=\"far fa-list-alt\"><\/i>                                                            \n                                                            <span class=\"eael-tab-title title-after-icon\" >Objetivos Educacionales<\/span>                            \n                                                    <\/li>\n                    \n                                  <\/ul>\n            <\/div>\n            \n            <div class=\"eael-tabs-content\">\n\t\t        \n                    <div id=\"perfil-de-egreso-tab\" class=\"clearfix eael-tab-content-item inactive\" data-title-link=\"perfil-de-egreso-tab\">\n\t\t\t\t        <p><span style=\"font-size: 14pt;\">El egresado de Bioingenier\u00eda ser\u00e1 competente para:<\/span><\/p><ul><li>Generar equipos e instrumentos de uso biom\u00e9dico, biotecnol\u00f3gico y medio-ambiental aplicando los fundamentos te\u00f3ricos y pr\u00e1cticos de la bioingenier\u00eda y atendiendo a las metodolog\u00edas de calidad, para lograr una mejora continua de la producci\u00f3n y aumentar la calidad de vida de la poblaci\u00f3n en el \u00e1mbito local, estatal, regional, nacional e internacional, con responsabilidad y respeto al medio ambiente.<\/li><li>Acondicionar espacios f\u00edsicos, incorporar e integrar sistemas tecnol\u00f3gicos y de informaci\u00f3n para uso biom\u00e9dico y bioindustrial, aplicando los fundamentos de la bioingenier\u00eda en apego a la normatividad vigente, para coadyuvar en la atenci\u00f3n de calidad en el \u00e1mbito de la salud y en la calidad de los procesos bioindustriales; con compromiso social, respeto por la vida y el medioambiente.<\/li><li>Dise\u00f1ar e implementar estrategias de producci\u00f3n de biocatalizadores, biomateriales y bioprocesos, as\u00ed como de tratamiento de la contaminaci\u00f3n y prevenci\u00f3n del deterioro ambiental, mediante el empleo de fundamentos, t\u00e9cnicas y m\u00e9todos bioingenieriles y recursos biotecnol\u00f3gicos para mejorar la calidad de vida y contribuir al desarrollo sustentable, con participaci\u00f3n comprometida en equipos multidisciplinarios.<\/li><li>Participar en la gesti\u00f3n, administraci\u00f3n y generaci\u00f3n de empresas en el \u00e1rea de la bioingenier\u00eda, empleando recursos humanos, materiales y financieros, para propiciar el desarrollo econ\u00f3mico y una cultura empresarial con actitud emprendedora, innovadora y de liderazgo.<\/li><\/ul>                    <\/div>\n\t\t        \n                    <div id=\"atributos-de-egreso-tab\" class=\"clearfix eael-tab-content-item inactive\" data-title-link=\"atributos-de-egreso-tab\">\n\t\t\t\t        <p>Los atributos de egreso conforman los componentes indicativos del potencial de un egresado para adquirir las competencias o capacidades para ejercer la pr\u00e1ctica de la ingenier\u00eda a un nivel apropiado.<\/p><ol><li><p>Aplicar los principios de las ciencias b\u00e1sicas y la ingenier\u00eda, para la identificaci\u00f3n, formulaci\u00f3n y soluci\u00f3n de problemas en las \u00e1reas de la ingenier\u00eda biom\u00e9dica y biotecnolog\u00eda.<\/p><\/li><li><p>Dise\u00f1ar, desarrollar y llevar a cabo experimentaci\u00f3n, as\u00ed como analizar e interpretar datos utilizando el juicio ingenieril y cient\u00edfico, para formular proyectos de procesos de bioingenier\u00eda que satisfagan necesidades espec\u00edficas, atendiendo los lineamientos y normatividad pertinente.<\/p><\/li><li><p>Comunicarse asertivamente con diferentes audiencias.<\/p><\/li><li><p>Concientizarse de su responsabilidad como profesional de la bioingenier\u00eda y su impacto social, \u00e9tico, econ\u00f3mico y medio ambiental, tanto en el sector salud como en el industrial y de servicios.<\/p><\/li><li><p>Reconocer la necesidad de actualizarse profesionalmente para asegurar un nivel competitivo pertinente, y desarrollar la habilidad para localizar, evaluar, integrar y aplicar este conocimiento de manera adecuada.<\/p><\/li><li><p>Trabajar efectivamente en equipos multidisciplinarios que establecen metas, objetivos, cumplen fechas l\u00edmite y consideran riesgos e incertidumbre, aplicando las metodolog\u00edas pertinentes para la mejora continua y optimizaci\u00f3n en los procesos biotecnol\u00f3gicos, de manufactura\u00a0y\u00a0biom\u00e9dicos.<\/p><\/li><\/ol>                    <\/div>\n\t\t        \n                    <div id=\"objetivos-educacionales-tab\" class=\"clearfix eael-tab-content-item inactive\" data-title-link=\"objetivos-educacionales-tab\">\n\t\t\t\t        <p><span style=\"font-size: 14pt;\">Los egresados del\u00a0<strong>Programa Educativo de Bioingenier\u00eda<\/strong>.<\/span><\/p><p>\u00a0<\/p><ul><li style=\"list-style-type: none;\"><ul><li><p>Tienen una s\u00f3lida competencia t\u00e9cnica para dise\u00f1o, experimentaci\u00f3n, manufactura, planeaci\u00f3n, instalaci\u00f3n, operaci\u00f3n y gesti\u00f3n en el campo de la bioingenier\u00eda para resolver necesidades de los sectores regionales, nacionales e internacionales; considerando estrategias sustentables y el cuidado del medio ambiente.<\/p><\/li><li><p>Se comunican efectivamente mediante el lenguaje y medios apropiados, trabajando e interactuando en equipos multidisciplinarios como l\u00edderes o miembros activos, demostrando una actitud cr\u00edtica, creativa, emprendedora e innovadora.<\/p><\/li><li><p>Realizan su actividad profesional eficientemente, respetando los est\u00e1ndares y principios \u00e9ticos de la profesi\u00f3n, asumiendo sus responsabilidades sociales y con el medio ambiente.<\/p><\/li><li><p>Adquieren y mejoran habilidades, conocimientos c\u00edvicos, t\u00e9cnicos y cient\u00edficos, a lo largo de su vida profesional, tomando en consideraci\u00f3n los avances en la profesi\u00f3n y realizando estudios de especializaci\u00f3n o posgrado.<\/p><\/li><\/ul><\/li><\/ul>                    <\/div>\n\t\t                    <\/div>\n        <\/div>\n\t\t\t\t<\/div>\n\t\t\t\t<\/div>\n\t\t\t\t<\/div>\n\t\t\t\t<\/div>\n\t\t<div class=\"elementor-element elementor-element-9c17bd5 e-con-full e-flex e-con e-child\" data-id=\"9c17bd5\" data-element_type=\"container\">\n\t\t<div class=\"elementor-element elementor-element-c98be10 e-con-full e-flex e-con e-child\" data-id=\"c98be10\" data-element_type=\"container\" data-settings=\"{&quot;background_background&quot;:&quot;classic&quot;}\">\n\t\t\t\t<div class=\"elementor-element elementor-element-4bb2283 elementor-widget elementor-widget-heading\" data-id=\"4bb2283\" data-element_type=\"widget\" data-widget_type=\"heading.default\">\n\t\t\t\t<div class=\"elementor-widget-container\">\n\t\t\t\t\t<h2 class=\"elementor-heading-title elementor-size-default\">RESPONSABLE DEL PROGRAMA EDUCATIVO<\/h2>\t\t\t\t<\/div>\n\t\t\t\t<\/div>\n\t\t\t\t<div class=\"elementor-element elementor-element-40402b8 elementor-widget-divider--view-line elementor-widget elementor-widget-divider\" data-id=\"40402b8\" data-element_type=\"widget\" data-widget_type=\"divider.default\">\n\t\t\t\t<div class=\"elementor-widget-container\">\n\t\t\t\t\t\t\t<div class=\"elementor-divider\">\n\t\t\t<span class=\"elementor-divider-separator\">\n\t\t\t\t\t\t<\/span>\n\t\t<\/div>\n\t\t\t\t\t\t<\/div>\n\t\t\t\t<\/div>\n\t\t\t\t<div class=\"elementor-element elementor-element-3b852a6 elementor-widget elementor-widget-text-editor\" data-id=\"3b852a6\" data-element_type=\"widget\" data-widget_type=\"text-editor.default\">\n\t\t\t\t<div class=\"elementor-widget-container\">\n\t\t\t\t\t\t\t\t\t<p><span style=\"color: #339966; font-size: 10pt;\"><strong>Dra. Ang\u00e9lica L\u00f3pez Izquierdo<\/strong><\/span><br \/><span style=\"font-size: 10pt;\"><em><span style=\"color: #ffcc00;\"><strong>Responsable del Programa Educativo de Bioingenier\u00eda<br \/><br \/><\/strong><\/span><\/em><\/span><\/p><p><span style=\"font-size: 10pt;\"><strong><span style=\"color: #339966;\">Email:<\/span> <span style=\"color: #000000;\"><a style=\"color: #000000;\" href=\"mailto:bioingenieria_fim@uabc.edu.mx\">bioingenieria_fim@uabc.edu.mx<\/a><\/span><\/strong><\/span><br \/><span style=\"font-size: 10pt;\"><strong><span style=\"color: #339966;\">Tel\u00e9fono:<\/span> +52 (686) 841-82-35 <\/strong><\/span><\/p><p><span style=\"font-size: 10pt;\"><strong><span style=\"color: #339966;\">Ext.<\/span> 44380<\/strong><\/span><\/p>\t\t\t\t\t\t\t\t<\/div>\n\t\t\t\t<\/div>\n\t\t\t\t<\/div>\n\t\t<div class=\"elementor-element elementor-element-15a814d e-con-full e-flex e-con e-child\" data-id=\"15a814d\" data-element_type=\"container\" data-settings=\"{&quot;background_background&quot;:&quot;classic&quot;}\">\n\t\t\t\t<div class=\"elementor-element elementor-element-3fabc42 elementor-widget elementor-widget-heading\" data-id=\"3fabc42\" data-element_type=\"widget\" data-widget_type=\"heading.default\">\n\t\t\t\t<div class=\"elementor-widget-container\">\n\t\t\t\t\t<h2 class=\"elementor-heading-title elementor-size-default\">ACREDITACIONES<\/h2>\t\t\t\t<\/div>\n\t\t\t\t<\/div>\n\t\t\t\t<div class=\"elementor-element elementor-element-0713045 elementor-widget-divider--view-line elementor-widget elementor-widget-divider\" data-id=\"0713045\" data-element_type=\"widget\" data-widget_type=\"divider.default\">\n\t\t\t\t<div class=\"elementor-widget-container\">\n\t\t\t\t\t\t\t<div class=\"elementor-divider\">\n\t\t\t<span class=\"elementor-divider-separator\">\n\t\t\t\t\t\t<\/span>\n\t\t<\/div>\n\t\t\t\t\t\t<\/div>\n\t\t\t\t<\/div>\n\t\t\t\t<div class=\"elementor-element elementor-element-ec1459a elementor-widget__width-initial elementor-widget elementor-widget-image\" data-id=\"ec1459a\" data-element_type=\"widget\" data-widget_type=\"image.default\">\n\t\t\t\t<div class=\"elementor-widget-container\">\n\t\t\t\t\t\t\t\t\t\t\t\t\t\t\t\t<a href=\"https:\/\/ingenieria.mxl.uabc.mx\/pe_ibi\/wp-content\/uploads\/2024\/02\/certificadoanecaBio.pdf\" target=\"_blank\">\n\t\t\t\t\t\t\t<img decoding=\"async\" width=\"300\" height=\"140\" src=\"https:\/\/ingenieria.mxl.uabc.mx\/pe_ibi\/wp-content\/uploads\/2023\/09\/aneca.jpg\" class=\"attachment-medium size-medium wp-image-2133\" alt=\"\" \/>\t\t\t\t\t\t\t\t<\/a>\n\t\t\t\t\t\t\t\t\t\t\t\t\t\t\t<\/div>\n\t\t\t\t<\/div>\n\t\t\t\t<div class=\"elementor-element elementor-element-3a41f5a elementor-widget elementor-widget-text-editor\" data-id=\"3a41f5a\" data-element_type=\"widget\" data-widget_type=\"text-editor.default\">\n\t\t\t\t<div class=\"elementor-widget-container\">\n\t\t\t\t\t\t\t\t\t<p><strong><span style=\"font-size: 10pt;\">Agencia Nacional de Evaluaci\u00f3n de la Calidad y Acreditaci\u00f3n.<\/span><\/strong><\/p>\t\t\t\t\t\t\t\t<\/div>\n\t\t\t\t<\/div>\n\t\t\t\t<div class=\"elementor-element elementor-element-dd182a1 elementor-widget__width-initial elementor-widget elementor-widget-image\" data-id=\"dd182a1\" data-element_type=\"widget\" data-widget_type=\"image.default\">\n\t\t\t\t<div class=\"elementor-widget-container\">\n\t\t\t\t\t\t\t\t\t\t\t\t\t\t\t\t<a href=\"https:\/\/ingenieria.mxl.uabc.mx\/pe_ibi\/wp-content\/uploads\/2024\/04\/certificadocaceibio.pdf\" target=\"_blank\">\n\t\t\t\t\t\t\t<img fetchpriority=\"high\" decoding=\"async\" width=\"800\" height=\"350\" src=\"https:\/\/ingenieria.mxl.uabc.mx\/pe_ibi\/wp-content\/uploads\/2023\/09\/cacei.jpg\" class=\"attachment-large size-large wp-image-2134\" alt=\"\" \/>\t\t\t\t\t\t\t\t<\/a>\n\t\t\t\t\t\t\t\t\t\t\t\t\t\t\t<\/div>\n\t\t\t\t<\/div>\n\t\t\t\t<div class=\"elementor-element elementor-element-c910d25 elementor-widget elementor-widget-text-editor\" data-id=\"c910d25\" data-element_type=\"widget\" data-widget_type=\"text-editor.default\">\n\t\t\t\t<div class=\"elementor-widget-container\">\n\t\t\t\t\t\t\t\t\t<p class=\"top-card-layout__title font-sans text-lg papabear:text-xl font-bold leading-open text-color-text mb-0\"><strong><span style=\"font-size: 10pt;\">Consejo de Acreditaci\u00f3n de la Ense\u00f1anza de la Ingenier\u00eda, A.C.<\/span><\/strong><\/p>\t\t\t\t\t\t\t\t<\/div>\n\t\t\t\t<\/div>\n\t\t\t\t<\/div>\n\t\t\t\t<\/div>\n\t\t\t\t<\/div>\n\t\t\t\t<\/div>\n\t\t","protected":false},"excerpt":{"rendered":"<p>Perfil de Egreso El egresado en Bioingenier\u00eda es una profesionista capaz de aplicar los conocimientos cient\u00edficos, tecnol\u00f3gicos, human\u00edsticos y de gesti\u00f3n para dar soluci\u00f3n a las problem\u00e1ticas de su propia disciplina, mediante las siguientes capacidades: Perfil de Egreso Atributos de Egreso Objetivos Educacionales El egresado de Bioingenier\u00eda ser\u00e1 competente para: Generar equipos e instrumentos de [&hellip;]<\/p>\n","protected":false},"author":3,"featured_media":0,"parent":0,"menu_order":0,"comment_status":"closed","ping_status":"closed","template":"","meta":{"site-sidebar-layout":"no-sidebar","site-content-layout":"page-builder","ast-site-content-layout":"full-width-container","site-content-style":"default","site-sidebar-style":"default","ast-global-header-display":"","ast-banner-title-visibility":"","ast-main-header-display":"","ast-hfb-above-header-display":"","ast-hfb-below-header-display":"","ast-hfb-mobile-header-display":"","site-post-title":"disabled","ast-breadcrumbs-content":"","ast-featured-img":"disabled","footer-sml-layout":"","theme-transparent-header-meta":"default","adv-header-id-meta":"","stick-header-meta":"","header-above-stick-meta":"","header-main-stick-meta":"","header-below-stick-meta":"","astra-migrate-meta-layouts":"set","ast-page-background-enabled":"default","ast-page-background-meta":{"desktop":{"background-color":"","background-image":"","background-repeat":"repeat","background-position":"center center","background-size":"auto","background-attachment":"scroll","background-type":"","background-media":"","overlay-type":"","overlay-color":"","overlay-opacity":"","overlay-gradient":""},"tablet":{"background-color":"","background-image":"","background-repeat":"repeat","background-position":"center center","background-size":"auto","background-attachment":"scroll","background-type":"","background-media":"","overlay-type":"","overlay-color":"","overlay-opacity":"","overlay-gradient":""},"mobile":{"background-color":"","background-image":"","background-repeat":"repeat","background-position":"center center","background-size":"auto","background-attachment":"scroll","background-type":"","background-media":"","overlay-type":"","overlay-color":"","overlay-opacity":"","overlay-gradient":""}},"ast-content-background-meta":{"desktop":{"background-color":"var(--ast-global-color-5)","background-image":"","background-repeat":"repeat","background-position":"center center","background-size":"auto","background-attachment":"scroll","background-type":"","background-media":"","overlay-type":"","overlay-color":"","overlay-opacity":"","overlay-gradient":""},"tablet":{"background-color":"var(--ast-global-color-5)","background-image":"","background-repeat":"repeat","background-position":"center center","background-size":"auto","background-attachment":"scroll","background-type":"","background-media":"","overlay-type":"","overlay-color":"","overlay-opacity":"","overlay-gradient":""},"mobile":{"background-color":"var(--ast-global-color-5)","background-image":"","background-repeat":"repeat","background-position":"center center","background-size":"auto","background-attachment":"scroll","background-type":"","background-media":"","overlay-type":"","overlay-color":"","overlay-opacity":"","overlay-gradient":""}},"footnotes":""},"class_list":["post-2861","page","type-page","status-publish","hentry"],"_links":{"self":[{"href":"https:\/\/ingenieria.mxl.uabc.mx\/pe_ibi\/wp-json\/wp\/v2\/pages\/2861","targetHints":{"allow":["GET"]}}],"collection":[{"href":"https:\/\/ingenieria.mxl.uabc.mx\/pe_ibi\/wp-json\/wp\/v2\/pages"}],"about":[{"href":"https:\/\/ingenieria.mxl.uabc.mx\/pe_ibi\/wp-json\/wp\/v2\/types\/page"}],"author":[{"embeddable":true,"href":"https:\/\/ingenieria.mxl.uabc.mx\/pe_ibi\/wp-json\/wp\/v2\/users\/3"}],"replies":[{"embeddable":true,"href":"https:\/\/ingenieria.mxl.uabc.mx\/pe_ibi\/wp-json\/wp\/v2\/comments?post=2861"}],"version-history":[{"count":94,"href":"https:\/\/ingenieria.mxl.uabc.mx\/pe_ibi\/wp-json\/wp\/v2\/pages\/2861\/revisions"}],"predecessor-version":[{"id":5316,"href":"https:\/\/ingenieria.mxl.uabc.mx\/pe_ibi\/wp-json\/wp\/v2\/pages\/2861\/revisions\/5316"}],"wp:attachment":[{"href":"https:\/\/ingenieria.mxl.uabc.mx\/pe_ibi\/wp-json\/wp\/v2\/media?parent=2861"}],"curies":[{"name":"wp","href":"https:\/\/api.w.org\/{rel}","templated":true}]}}