{"id":2861,"date":"2023-10-10T07:55:47","date_gmt":"2023-10-10T15:55:47","guid":{"rendered":"http:\/\/localhost\/pe_ico\/?page_id=2861"},"modified":"2024-12-10T11:18:41","modified_gmt":"2024-12-10T19:18:41","slug":"perfil-de-egreso","status":"publish","type":"page","link":"https:\/\/ingenieria.mxl.uabc.mx\/pe_ici\/perfil-de-egreso\/","title":{"rendered":"Perfil de Egreso"},"content":{"rendered":"\t\t<div data-elementor-type=\"wp-page\" data-elementor-id=\"2861\" class=\"elementor elementor-2861\">\n\t\t\t\t<div class=\"elementor-element elementor-element-c49e4db e-con-full e-flex e-con e-parent\" data-id=\"c49e4db\" data-element_type=\"container\" data-e-type=\"container\">\n\t\t<div class=\"elementor-element elementor-element-aa290a3 e-con-full e-flex e-con e-child\" data-id=\"aa290a3\" data-element_type=\"container\" data-e-type=\"container\">\n\t\t<div class=\"elementor-element elementor-element-7f8a134 e-con-full e-flex e-con e-child\" data-id=\"7f8a134\" data-element_type=\"container\" data-e-type=\"container\" data-settings=\"{&quot;background_background&quot;:&quot;classic&quot;}\">\n\t\t\t\t<div class=\"elementor-element elementor-element-7e30e08 elementor-widget elementor-widget-heading\" data-id=\"7e30e08\" data-element_type=\"widget\" data-e-type=\"widget\" data-widget_type=\"heading.default\">\n\t\t\t\t<div class=\"elementor-widget-container\">\n\t\t\t\t\t<h1 class=\"elementor-heading-title elementor-size-default\">Perfil de Egreso<\/h1>\t\t\t\t<\/div>\n\t\t\t\t<\/div>\n\t\t\t\t<div class=\"elementor-element elementor-element-66d7613 elementor-widget-divider--view-line elementor-widget elementor-widget-divider\" data-id=\"66d7613\" data-element_type=\"widget\" data-e-type=\"widget\" data-widget_type=\"divider.default\">\n\t\t\t\t<div class=\"elementor-widget-container\">\n\t\t\t\t\t\t\t<div class=\"elementor-divider\">\n\t\t\t<span class=\"elementor-divider-separator\">\n\t\t\t\t\t\t<\/span>\n\t\t<\/div>\n\t\t\t\t\t\t<\/div>\n\t\t\t\t<\/div>\n\t\t\t\t<div class=\"elementor-element elementor-element-15ff8cb elementor-widget elementor-widget-text-editor\" data-id=\"15ff8cb\" data-element_type=\"widget\" data-e-type=\"widget\" data-widget_type=\"text-editor.default\">\n\t\t\t\t<div class=\"elementor-widget-container\">\n\t\t\t\t\t\t\t\t\t<p style=\"text-align: justify;\" align=\"center\"><span style=\"font-size: 14pt;\">El egresado del programa educativo de Ingeniero Civil de la UABC es un profesionista con un enfoque multidisciplinario orientado por conocimientos de matem\u00e1ticas, f\u00edsica y qu\u00edmica, comprometido al aprendizaje permanente, especializado en la planeaci\u00f3n, gesti\u00f3n, dise\u00f1o, modelaci\u00f3n, construcci\u00f3n, administraci\u00f3n, operaci\u00f3n y conservaci\u00f3n de proyectos de infraestructura y servicios, para dar soluci\u00f3n a problem\u00e1ticas, desarrollo e implementaci\u00f3n de tecnolog\u00edas que satisfagan necesidades espec\u00edficas y coadyuven al cuidado del medio ambiente, desarrollo sustentable, econ\u00f3mico y social en el contexto nacional e internacional, con habilidades de comunicaci\u00f3n oral y escrita, creatividad e innovaci\u00f3n, iniciativa, liderazgo, responsabilidad y actitud proactiva en todos los \u00e1mbitos de su ejercicio profesional.<\/span><\/p>\t\t\t\t\t\t\t\t<\/div>\n\t\t\t\t<\/div>\n\t\t\t\t<div class=\"elementor-element elementor-element-4a85025 elementor-widget elementor-widget-eael-adv-tabs\" data-id=\"4a85025\" data-element_type=\"widget\" data-e-type=\"widget\" data-widget_type=\"eael-adv-tabs.default\">\n\t\t\t\t<div class=\"elementor-widget-container\">\n\t\t\t\t\t        <div data-scroll-on-click=\"no\" data-scroll-speed=\"300\" id=\"eael-advance-tabs-4a85025\" class=\"eael-advance-tabs eael-tabs-vertical eael-tab-auto-active \" data-tabid=\"4a85025\">\n            <div class=\"eael-tabs-nav \">\n                <ul class=\"eael-tab-inline-icon\" role=\"tablist\">\n                                            <li id=\"perfil-de-egreso\" class=\"inactive eael-tab-item-trigger eael-tab-nav-item\" aria-selected=\"true\" data-tab=\"1\" role=\"tab\" tabindex=\"0\" aria-controls=\"perfil-de-egreso-tab\" aria-expanded=\"false\">\n                            \n                                                                <i class=\"fas fa-laptop-code\"><\/i>                                                            \n                                                            <span class=\"eael-tab-title title-after-icon\" >Perfil de Egreso<\/span>                            \n                                                    <\/li>\n                                            <li id=\"atributos-de-egreso\" class=\"inactive eael-tab-item-trigger eael-tab-nav-item\" aria-selected=\"false\" data-tab=\"2\" role=\"tab\" tabindex=\"-1\" aria-controls=\"atributos-de-egreso-tab\" aria-expanded=\"false\">\n                            \n                                                                <i class=\"fas fa-code\"><\/i>                                                            \n                                                            <span class=\"eael-tab-title title-after-icon\" >Atributos de Egreso<\/span>                            \n                                                    <\/li>\n                                            <li id=\"objetivos-educacionales\" class=\"inactive eael-tab-item-trigger eael-tab-nav-item\" aria-selected=\"false\" data-tab=\"3\" role=\"tab\" tabindex=\"-1\" aria-controls=\"objetivos-educacionales-tab\" aria-expanded=\"false\">\n                            \n                                                                <i class=\"far fa-list-alt\"><\/i>                                                            \n                                                            <span class=\"eael-tab-title title-after-icon\" >Objetivos Educacionales<\/span>                            \n                                                    <\/li>\n                    \n                                  <\/ul>\n            <\/div>\n            \n            <div class=\"eael-tabs-content\">\n\t\t        \n                    <div id=\"perfil-de-egreso-tab\" class=\"clearfix eael-tab-content-item inactive\" data-title-link=\"perfil-de-egreso-tab\">\n\t\t\t\t        <p><span style=\"font-size: 14pt\">El Ingeniero civil ser\u00e1 competente para:<br \/><br \/><\/span><\/p><ul><li><span style=\"font-size: 14pt\">Planear y gestionar proyectos y servicios de infraestructura, a trav\u00e9s del an\u00e1lisis de las necesidades sociales, financieras, t\u00e9cnicas y redes multidisciplinarias, para el desarrollo e innovaci\u00f3n del entorno, con actitud cr\u00edtica y responsable.<\/span><\/li><\/ul><ul><li><span style=\"font-size: 14pt\">Dise\u00f1ar y modelar proyectos de infraestructura sustentable, empleando normas, t\u00e9cnicas, software especializado y atendiendo el comportamiento de los materiales, para el desarrollo urbano y rural, con respeto al medio ambiente y actitud proactivo.<\/span><\/li><\/ul><ul><li><span style=\"font-size: 14pt\">Ejecutar la construcci\u00f3n de obras civiles, a trav\u00e9s de la direcci\u00f3n de obras, legislaci\u00f3n vigente y procedimientos innovadores, para el desarrollo urbano y rural, con responsabilidad y respeto al medio ambiente.<\/span><\/li><\/ul><ul><li><span style=\"font-size: 14pt\">Implementar programas de operaci\u00f3n y conservaci\u00f3n de infraestructura existente, para asegurar su buen funcionamiento y vida \u00fatil, atendiendo los aspectos t\u00e9cnicos, econ\u00f3micos, ambientales y de trascendencia social, con actitud proactiva, responsable y eficiente.<\/span><\/li><\/ul>                    <\/div>\n\t\t        \n                    <div id=\"atributos-de-egreso-tab\" class=\"clearfix eael-tab-content-item inactive\" data-title-link=\"atributos-de-egreso-tab\">\n\t\t\t\t        <p style=\"text-align: left\"><span style=\"font-size: 14pt\">Los atributos de egreso conforman los componentes indicativos del potencial de un egresado para adquirir las competencias o capacidades para ejercer la pr\u00e1ctica de la ingenier\u00eda a un nivel apropiado.<br \/><br \/><\/span><\/p><p><span style=\"font-size: 14pt\">1.-Identificar, formular y solucionar problem\u00e1ticas en la disciplina de la ingenier\u00eda civil mediante la implementaci\u00f3n de los principios de las ciencias b\u00e1sicas, ingenier\u00eda y de las ciencias sociales y humanidades.<\/span><\/p><p><span style=\"font-size: 14pt\">2.-Aplicar, analizar y sintetizar los procesos de dise\u00f1o en proyectos de ingenier\u00eda civil en las \u00e1reas de geotecnia y v\u00edas terrestres, recursos h\u00eddricos y medio ambiente, materiales y dise\u00f1o estructural, ingenier\u00eda del transporte, y planeaci\u00f3n y ejecuci\u00f3n de obras, que cumplan con la normatividad vigente y con las necesidades del sector constructivo y social.<\/span><\/p><p><span style=\"font-size: 14pt\">3.-Dise\u00f1ar y conducir experimentaci\u00f3n pertinente que brinde soluciones a problem\u00e1ticas en las distintas \u00e1reas de la ingenier\u00eda civil, mediante la interpretaci\u00f3n de resultados para establecer conclusiones y\/o propuestas con base a un criterio ingenieril.<\/span><\/p><p><span style=\"font-size: 14pt\">4.-Comunicar efectivamente a diferentes audiencias la metodolog\u00eda, resultados, conclusiones y soluciones a posibles problem\u00e1ticas, aplicando un lenguaje especializado en el \u00e1rea de ingenier\u00eda civil.<\/span><\/p><p><span style=\"font-size: 14pt\">5.-Reconocer su responsabilidad \u00e9tica y aptitud profesional en el desarrollo de proyectos de ingenier\u00eda civil, aplicando un juicio fundamentado en la soluci\u00f3n de problem\u00e1ticas, donde se integren los impactos socioecon\u00f3micos y ambientales.<\/span><\/p><p><span style=\"font-size: 14pt\">6.-Reconocer la necesidad de desarrollar permanentemente conocimiento adicional y el uso de nuevas tecnolog\u00edas, donde identifique su aplicaci\u00f3n para la mejora continua en el campo de la ingenier\u00eda civil.<\/span><\/p><p><span style=\"font-size: 14pt\">7.-Trabajar adecuadamente en equipos disciplinarios o multidisciplinarios implementando una planeaci\u00f3n estrat\u00e9gica definida por metas, objetivos y plazos de ejecuci\u00f3n, gestionando eficientemente los recursos y considerando los posibles riesgos e incertidumbres.<\/span><\/p>                    <\/div>\n\t\t        \n                    <div id=\"objetivos-educacionales-tab\" class=\"clearfix eael-tab-content-item inactive\" data-title-link=\"objetivos-educacionales-tab\">\n\t\t\t\t        <p><span style=\"font-size: 14pt\">Despu\u00e9s de 5 a\u00f1os, los egresados del <strong>Programa Educativo de Ingeniero Civil<\/strong>:<br \/><br \/><\/span><\/p><ol><li><span style=\"font-size: 14pt\">Se desempe\u00f1an en el \u00e1mbito de la ingenier\u00eda civil, haciendo uso de sus conocimientos t\u00e9cnicos y asegurando el cumplimiento de las normas y regulaciones.<\/span><\/li><li><span style=\"font-size: 14pt\">Demuestran capacidad para adaptarse a las nuevas tecnolog\u00edas y las mejores pr\u00e1cticas en ingenier\u00eda civil, mediante la educaci\u00f3n continua y el aprendizaje a lo largo de la vida.<\/span><\/li><li><span style=\"font-size: 14pt\">Desempe\u00f1an posiciones de liderazgo y gesti\u00f3n en proyectos de ingenier\u00eda civil, colaborando con equipos multidisciplinarios.<\/span><\/li><\/ol>                    <\/div>\n\t\t                    <\/div>\n        <\/div>\n\t\t\t\t<\/div>\n\t\t\t\t<\/div>\n\t\t\t\t<\/div>\n\t\t\t\t<\/div>\n\t\t<div class=\"elementor-element elementor-element-9c17bd5 e-con-full e-flex e-con e-child\" data-id=\"9c17bd5\" data-element_type=\"container\" data-e-type=\"container\">\n\t\t<div class=\"elementor-element elementor-element-c98be10 e-con-full e-flex e-con e-child\" data-id=\"c98be10\" data-element_type=\"container\" data-e-type=\"container\" data-settings=\"{&quot;background_background&quot;:&quot;classic&quot;}\">\n\t\t\t\t<div class=\"elementor-element elementor-element-4bb2283 elementor-widget elementor-widget-heading\" data-id=\"4bb2283\" data-element_type=\"widget\" data-e-type=\"widget\" data-widget_type=\"heading.default\">\n\t\t\t\t<div class=\"elementor-widget-container\">\n\t\t\t\t\t<h2 class=\"elementor-heading-title elementor-size-default\">RESPONSABLE DEL PROGRAMA EDUCATIVO<\/h2>\t\t\t\t<\/div>\n\t\t\t\t<\/div>\n\t\t\t\t<div class=\"elementor-element elementor-element-40402b8 elementor-widget-divider--view-line elementor-widget elementor-widget-divider\" data-id=\"40402b8\" data-element_type=\"widget\" data-e-type=\"widget\" data-widget_type=\"divider.default\">\n\t\t\t\t<div class=\"elementor-widget-container\">\n\t\t\t\t\t\t\t<div class=\"elementor-divider\">\n\t\t\t<span class=\"elementor-divider-separator\">\n\t\t\t\t\t\t<\/span>\n\t\t<\/div>\n\t\t\t\t\t\t<\/div>\n\t\t\t\t<\/div>\n\t\t\t\t<div class=\"elementor-element elementor-element-3b852a6 elementor-widget elementor-widget-text-editor\" data-id=\"3b852a6\" data-element_type=\"widget\" data-e-type=\"widget\" data-widget_type=\"text-editor.default\">\n\t\t\t\t<div class=\"elementor-widget-container\">\n\t\t\t\t\t\t\t\t\t<p><span style=\"color: #339966; font-size: 10pt;\"><strong>M.C. Cynthia Carolina Mart\u00ednez Lazcano<\/strong><\/span><br \/><span style=\"font-size: 10pt;\"><em><span style=\"color: #ffcc00;\"><strong>Responsable del Programa Educativo de Ingeniero Civil<\/strong><\/span><\/em><\/span><\/p><p><span style=\"font-size: 10pt;\"><strong><span style=\"color: #339966;\">Email:<\/span> <span style=\"color: #000000;\"><a style=\"color: #000000;\" href=\"mailto:civil_fim@uabc.edu.mx\">civil_fim@uabc.edu.mx<\/a><\/span><\/strong><\/span><br \/><span style=\"font-size: 10pt;\"><strong><span style=\"color: #339966;\">Telefono:<\/span> +52 (686) 841-82-35 <\/strong><\/span><\/p><p><span style=\"font-size: 10pt;\"><strong><span style=\"color: #339966;\">Ext.<\/span> 44410<\/strong><\/span><\/p>\t\t\t\t\t\t\t\t<\/div>\n\t\t\t\t<\/div>\n\t\t\t\t<\/div>\n\t\t<div class=\"elementor-element elementor-element-15a814d e-con-full e-flex e-con e-child\" data-id=\"15a814d\" data-element_type=\"container\" data-e-type=\"container\" data-settings=\"{&quot;background_background&quot;:&quot;classic&quot;}\">\n\t\t\t\t<div class=\"elementor-element elementor-element-3fabc42 elementor-widget elementor-widget-heading\" data-id=\"3fabc42\" data-element_type=\"widget\" data-e-type=\"widget\" data-widget_type=\"heading.default\">\n\t\t\t\t<div class=\"elementor-widget-container\">\n\t\t\t\t\t<h2 class=\"elementor-heading-title elementor-size-default\">ACREDITACIONES<\/h2>\t\t\t\t<\/div>\n\t\t\t\t<\/div>\n\t\t\t\t<div class=\"elementor-element elementor-element-0713045 elementor-widget-divider--view-line elementor-widget elementor-widget-divider\" data-id=\"0713045\" data-element_type=\"widget\" data-e-type=\"widget\" data-widget_type=\"divider.default\">\n\t\t\t\t<div class=\"elementor-widget-container\">\n\t\t\t\t\t\t\t<div class=\"elementor-divider\">\n\t\t\t<span class=\"elementor-divider-separator\">\n\t\t\t\t\t\t<\/span>\n\t\t<\/div>\n\t\t\t\t\t\t<\/div>\n\t\t\t\t<\/div>\n\t\t\t\t<div class=\"elementor-element elementor-element-dd182a1 elementor-widget__width-initial elementor-widget elementor-widget-image\" data-id=\"dd182a1\" data-element_type=\"widget\" data-e-type=\"widget\" data-widget_type=\"image.default\">\n\t\t\t\t<div class=\"elementor-widget-container\">\n\t\t\t\t\t\t\t\t\t\t\t\t\t\t\t\t<a href=\"https:\/\/ingenieria.mxl.uabc.mx\/pe_ici\/wp-content\/uploads\/2024\/04\/acreditacionesCacei.jpg\" target=\"_blank\">\n\t\t\t\t\t\t\t<img fetchpriority=\"high\" decoding=\"async\" width=\"800\" height=\"350\" src=\"https:\/\/ingenieria.mxl.uabc.mx\/pe_ici\/wp-content\/uploads\/2023\/09\/cacei.jpg\" class=\"attachment-large size-large wp-image-2134\" alt=\"\" \/>\t\t\t\t\t\t\t\t<\/a>\n\t\t\t\t\t\t\t\t\t\t\t\t\t\t\t<\/div>\n\t\t\t\t<\/div>\n\t\t\t\t<div class=\"elementor-element elementor-element-c910d25 elementor-widget elementor-widget-text-editor\" data-id=\"c910d25\" data-element_type=\"widget\" data-e-type=\"widget\" data-widget_type=\"text-editor.default\">\n\t\t\t\t<div class=\"elementor-widget-container\">\n\t\t\t\t\t\t\t\t\t<p class=\"top-card-layout__title font-sans text-lg papabear:text-xl font-bold leading-open text-color-text mb-0\"><strong><span style=\"font-size: 10pt;\">Consejo de Acreditaci\u00f3n de la Ense\u00f1anza de la Ingenier\u00eda, A.C.<\/span><\/strong><\/p>\t\t\t\t\t\t\t\t<\/div>\n\t\t\t\t<\/div>\n\t\t\t\t<\/div>\n\t\t\t\t<\/div>\n\t\t\t\t<\/div>\n\t\t\t\t<\/div>\n\t\t","protected":false},"excerpt":{"rendered":"<p>Perfil de Egreso El egresado del programa educativo de Ingeniero Civil de la UABC es un profesionista con un enfoque multidisciplinario orientado por conocimientos de matem\u00e1ticas, f\u00edsica y qu\u00edmica, comprometido al aprendizaje permanente, especializado en la planeaci\u00f3n, gesti\u00f3n, dise\u00f1o, modelaci\u00f3n, construcci\u00f3n, administraci\u00f3n, operaci\u00f3n y conservaci\u00f3n de proyectos de infraestructura y servicios, para dar soluci\u00f3n a [&hellip;]<\/p>\n","protected":false},"author":3,"featured_media":0,"parent":0,"menu_order":0,"comment_status":"closed","ping_status":"closed","template":"","meta":{"site-sidebar-layout":"no-sidebar","site-content-layout":"page-builder","ast-site-content-layout":"full-width-container","site-content-style":"default","site-sidebar-style":"default","ast-global-header-display":"","ast-banner-title-visibility":"","ast-main-header-display":"","ast-hfb-above-header-display":"","ast-hfb-below-header-display":"","ast-hfb-mobile-header-display":"","site-post-title":"disabled","ast-breadcrumbs-content":"","ast-featured-img":"disabled","footer-sml-layout":"","ast-disable-related-posts":"","theme-transparent-header-meta":"default","adv-header-id-meta":"","stick-header-meta":"","header-above-stick-meta":"","header-main-stick-meta":"","header-below-stick-meta":"","astra-migrate-meta-layouts":"set","ast-page-background-enabled":"default","ast-page-background-meta":{"desktop":{"background-color":"","background-image":"","background-repeat":"repeat","background-position":"center center","background-size":"auto","background-attachment":"scroll","background-type":"","background-media":"","overlay-type":"","overlay-color":"","overlay-opacity":"","overlay-gradient":""},"tablet":{"background-color":"","background-image":"","background-repeat":"repeat","background-position":"center center","background-size":"auto","background-attachment":"scroll","background-type":"","background-media":"","overlay-type":"","overlay-color":"","overlay-opacity":"","overlay-gradient":""},"mobile":{"background-color":"","background-image":"","background-repeat":"repeat","background-position":"center center","background-size":"auto","background-attachment":"scroll","background-type":"","background-media":"","overlay-type":"","overlay-color":"","overlay-opacity":"","overlay-gradient":""}},"ast-content-background-meta":{"desktop":{"background-color":"var(--ast-global-color-5)","background-image":"","background-repeat":"repeat","background-position":"center center","background-size":"auto","background-attachment":"scroll","background-type":"","background-media":"","overlay-type":"","overlay-color":"","overlay-opacity":"","overlay-gradient":""},"tablet":{"background-color":"var(--ast-global-color-5)","background-image":"","background-repeat":"repeat","background-position":"center center","background-size":"auto","background-attachment":"scroll","background-type":"","background-media":"","overlay-type":"","overlay-color":"","overlay-opacity":"","overlay-gradient":""},"mobile":{"background-color":"var(--ast-global-color-5)","background-image":"","background-repeat":"repeat","background-position":"center center","background-size":"auto","background-attachment":"scroll","background-type":"","background-media":"","overlay-type":"","overlay-color":"","overlay-opacity":"","overlay-gradient":""}},"footnotes":""},"class_list":["post-2861","page","type-page","status-publish","hentry"],"_links":{"self":[{"href":"https:\/\/ingenieria.mxl.uabc.mx\/pe_ici\/wp-json\/wp\/v2\/pages\/2861","targetHints":{"allow":["GET"]}}],"collection":[{"href":"https:\/\/ingenieria.mxl.uabc.mx\/pe_ici\/wp-json\/wp\/v2\/pages"}],"about":[{"href":"https:\/\/ingenieria.mxl.uabc.mx\/pe_ici\/wp-json\/wp\/v2\/types\/page"}],"author":[{"embeddable":true,"href":"https:\/\/ingenieria.mxl.uabc.mx\/pe_ici\/wp-json\/wp\/v2\/users\/3"}],"replies":[{"embeddable":true,"href":"https:\/\/ingenieria.mxl.uabc.mx\/pe_ici\/wp-json\/wp\/v2\/comments?post=2861"}],"version-history":[{"count":91,"href":"https:\/\/ingenieria.mxl.uabc.mx\/pe_ici\/wp-json\/wp\/v2\/pages\/2861\/revisions"}],"predecessor-version":[{"id":5102,"href":"https:\/\/ingenieria.mxl.uabc.mx\/pe_ici\/wp-json\/wp\/v2\/pages\/2861\/revisions\/5102"}],"wp:attachment":[{"href":"https:\/\/ingenieria.mxl.uabc.mx\/pe_ici\/wp-json\/wp\/v2\/media?parent=2861"}],"curies":[{"name":"wp","href":"https:\/\/api.w.org\/{rel}","templated":true}]}}