{"id":2861,"date":"2023-10-10T07:55:47","date_gmt":"2023-10-10T15:55:47","guid":{"rendered":"http:\/\/localhost\/pe_ico\/?page_id=2861"},"modified":"2024-12-10T11:56:50","modified_gmt":"2024-12-10T19:56:50","slug":"perfil-de-egreso","status":"publish","type":"page","link":"https:\/\/ingenieria.mxl.uabc.mx\/pe_ico\/perfil-de-egreso\/","title":{"rendered":"Perfil de Egreso"},"content":{"rendered":"\t\t<div data-elementor-type=\"wp-page\" data-elementor-id=\"2861\" class=\"elementor elementor-2861\">\n\t\t\t\t<div class=\"elementor-element elementor-element-c49e4db e-con-full e-flex e-con e-parent\" data-id=\"c49e4db\" data-element_type=\"container\" data-e-type=\"container\">\n\t\t<div class=\"elementor-element elementor-element-aa290a3 e-con-full e-flex e-con e-child\" data-id=\"aa290a3\" data-element_type=\"container\" data-e-type=\"container\">\n\t\t<div class=\"elementor-element elementor-element-7f8a134 e-con-full e-flex e-con e-child\" data-id=\"7f8a134\" data-element_type=\"container\" data-e-type=\"container\" data-settings=\"{&quot;background_background&quot;:&quot;classic&quot;}\">\n\t\t\t\t<div class=\"elementor-element elementor-element-7e30e08 elementor-widget elementor-widget-heading\" data-id=\"7e30e08\" data-element_type=\"widget\" data-e-type=\"widget\" data-widget_type=\"heading.default\">\n\t\t\t\t<div class=\"elementor-widget-container\">\n\t\t\t\t\t<h1 class=\"elementor-heading-title elementor-size-default\">Perfil de Egreso<\/h1>\t\t\t\t<\/div>\n\t\t\t\t<\/div>\n\t\t\t\t<div class=\"elementor-element elementor-element-66d7613 elementor-widget-divider--view-line elementor-widget elementor-widget-divider\" data-id=\"66d7613\" data-element_type=\"widget\" data-e-type=\"widget\" data-widget_type=\"divider.default\">\n\t\t\t\t<div class=\"elementor-widget-container\">\n\t\t\t\t\t\t\t<div class=\"elementor-divider\">\n\t\t\t<span class=\"elementor-divider-separator\">\n\t\t\t\t\t\t<\/span>\n\t\t<\/div>\n\t\t\t\t\t\t<\/div>\n\t\t\t\t<\/div>\n\t\t\t\t<div class=\"elementor-element elementor-element-15ff8cb elementor-widget elementor-widget-text-editor\" data-id=\"15ff8cb\" data-element_type=\"widget\" data-e-type=\"widget\" data-widget_type=\"text-editor.default\">\n\t\t\t\t<div class=\"elementor-widget-container\">\n\t\t\t\t\t\t\t\t\t<p style=\"text-align: justify;\" align=\"center\"><span style=\"font-size: 14pt;\">El egresado del Programa Educativo Ingeniero en Computaci\u00f3n es un profesionista comprometido con su entorno, abierto al cambio, creativo y en permanente b\u00fasqueda de conocimiento e innovaci\u00f3n, capaz de trabajar de manera individual o coordinadamente en grupos multidisciplinarios, especializado en el estudio, diagn\u00f3stico, evaluaci\u00f3n y administraci\u00f3n de sistemas de c\u00f3mputo, para dar soluci\u00f3n a problemas mediante el an\u00e1lisis, dise\u00f1o, propuesta, desarrollo e implementaci\u00f3n de tecnolog\u00edas computacionales, que satisfagan necesidades espec\u00edficas y coadyuven al desarrollo sustentable en el contexto nacional e internacional.<\/span><\/p>\t\t\t\t\t\t\t\t<\/div>\n\t\t\t\t<\/div>\n\t\t\t\t<div class=\"elementor-element elementor-element-4a85025 elementor-widget elementor-widget-eael-adv-tabs\" data-id=\"4a85025\" data-element_type=\"widget\" data-e-type=\"widget\" data-widget_type=\"eael-adv-tabs.default\">\n\t\t\t\t<div class=\"elementor-widget-container\">\n\t\t\t\t\t        <div data-scroll-on-click=\"no\" data-scroll-speed=\"300\" id=\"eael-advance-tabs-4a85025\" class=\"eael-advance-tabs eael-tabs-vertical eael-tab-auto-active \" data-tabid=\"4a85025\">\n            <div class=\"eael-tabs-nav \">\n                <ul class=\"eael-tab-inline-icon\" role=\"tablist\">\n                                            <li id=\"perfil-de-egreso\" class=\"inactive eael-tab-item-trigger eael-tab-nav-item\" aria-selected=\"true\" data-tab=\"1\" role=\"tab\" tabindex=\"0\" aria-controls=\"perfil-de-egreso-tab\" aria-expanded=\"false\">\n                            \n                                                                <i class=\"fas fa-laptop-code\"><\/i>                                                            \n                                                            <span class=\"eael-tab-title title-after-icon\" >Perfil de Egreso<\/span>                            \n                                                    <\/li>\n                                            <li id=\"atributos-de-egreso\" class=\"inactive eael-tab-item-trigger eael-tab-nav-item\" aria-selected=\"false\" data-tab=\"2\" role=\"tab\" tabindex=\"-1\" aria-controls=\"atributos-de-egreso-tab\" aria-expanded=\"false\">\n                            \n                                                                <i class=\"fas fa-code\"><\/i>                                                            \n                                                            <span class=\"eael-tab-title title-after-icon\" >Atributos de Egreso<\/span>                            \n                                                    <\/li>\n                                            <li id=\"objetivos-educacionales\" class=\"inactive eael-tab-item-trigger eael-tab-nav-item\" aria-selected=\"false\" data-tab=\"3\" role=\"tab\" tabindex=\"-1\" aria-controls=\"objetivos-educacionales-tab\" aria-expanded=\"false\">\n                            \n                                                                <i class=\"far fa-list-alt\"><\/i>                                                            \n                                                            <span class=\"eael-tab-title title-after-icon\" >Objetivos Educacionales<\/span>                            \n                                                    <\/li>\n                    \n                                  <\/ul>\n            <\/div>\n            \n            <div class=\"eael-tabs-content\">\n\t\t        \n                    <div id=\"perfil-de-egreso-tab\" class=\"clearfix eael-tab-content-item inactive\" data-title-link=\"perfil-de-egreso-tab\">\n\t\t\t\t        <p><span style=\"font-size: 14pt\">El Ingeniero en Computaci\u00f3n ser\u00e1 competente para:<br \/><br \/><\/span><\/p><ul><li><span style=\"font-size: 14pt\">Desarrollar aplicaciones de tecnolog\u00edas de c\u00f3mputo que integran hardware y software de manera innovadora, a partir de la identificaci\u00f3n de necesidades en los\u00a0procesos, para dar respuesta a los requerimientos de la sociedad y las organizaciones en un contexto global, de forma ordenada, respetuosa y creativa.<\/span><\/li><li><span style=\"font-size: 14pt\">Seleccionar e integrar sistemas de c\u00f3mputo y su interconexi\u00f3n, siguiendo metodolog\u00edas vigentes de dise\u00f1o, instalaci\u00f3n, configuraci\u00f3n y gesti\u00f3n, con el fin de lograr procesos \u00f3ptimos y uso eficiente de los recursos, de manera responsable y honesta.<\/span><\/li><li><span style=\"font-size: 14pt\">Desarrollar sistemas de software y firmware, siguiendo metodolog\u00edas y est\u00e1ndares de la industria, para dar respuesta a problem\u00e1ticas del entorno, asegurando la calidad de la soluci\u00f3n, con actitud creativa, disposici\u00f3n al trabajo en equipo y comunicaci\u00f3n efectiva.<\/span><\/li><li><span style=\"font-size: 14pt\">Gestionar proyectos de sistemas de c\u00f3mputo, mediante el uso eficiente de los recursos y la aplicaci\u00f3n de herramientas y t\u00e9cnicas de administraci\u00f3n, para asegurar su \u00e9xito, de manera responsable, honesta y con actitud emprendedora.<\/span><\/li><\/ul>                    <\/div>\n\t\t        \n                    <div id=\"atributos-de-egreso-tab\" class=\"clearfix eael-tab-content-item inactive\" data-title-link=\"atributos-de-egreso-tab\">\n\t\t\t\t        <p><span style=\"font-size: 14pt\">Los atributos de egreso conforman los componentes indicativos del potencial de un egresado para adquirir las competencias o capacidades para ejercer la pr\u00e1ctica de la ingenier\u00eda a un nivel apropiado.<br \/><br \/><\/span><\/p><ol><li><p><span style=\"font-size: 14pt\">Identificar, formular y resolver problemas de ingenier\u00eda utilizando hardware y\/o software, con un enfoque integral aplicando los principios de las ciencias b\u00e1sicas e ingenier\u00eda en computaci\u00f3n.<\/span><\/p><\/li><li><p><span style=\"font-size: 14pt\">Dise\u00f1ar e Implementar computadoras y sistemas basados en computadoras y redes de comunicaci\u00f3n de datos, que incluyen tanto hardware como software, as\u00ed como su integraci\u00f3n para resolver problemas de ingenier\u00eda novedosos.<\/span><\/p><\/li><li><p><span style=\"font-size: 14pt\">Realizar estudios que permitan validar y\/o verificar soluciones basados en computadoras y redes de comunicaci\u00f3n de datos, utilizando m\u00e9todos de investigaci\u00f3n para establecer conclusiones \u00fanicas a partir del an\u00e1lisis e interpretaci\u00f3n de datos.<\/span><\/p><\/li><li><p><span style=\"font-size: 14pt\">Comunicar la informaci\u00f3n t\u00e9cnica eficazmente con diferentes disciplinas y niveles de audiencias, de forma oral y escrita, tanto de forma presencial como a trav\u00e9s de plataformas digitales.<\/span><\/p><\/li><li><p><span style=\"font-size: 14pt\">Reconocer las implicaciones profesionales y \u00e9ticas en la implementaci\u00f3n o uso de sistemas de c\u00f3mputo, en cuanto al acceso, uso y protecci\u00f3n de la informaci\u00f3n, incluyendo su impacto en un \u00e1mbito global, econ\u00f3mico, ambiental y social.<\/span><\/p><\/li><li><p><span style=\"font-size: 14pt\">Mantenerse en constante actualizaci\u00f3n de los avances tecnol\u00f3gicos de la ingenier\u00eda en computaci\u00f3n.<\/span><\/p><\/li><li><p><span style=\"font-size: 14pt\">Colabora de forma eficaz y responsable en equipos de trabajo considerando las actividades y restricciones de los proyectos de hardware y software: i.e., alcance, tiempo, recursos y riesgos.<\/span><\/p><\/li><li><span style=\"font-size: 14pt\">Conoce de estructuras administrativas, aspectos financieros y modelos de negocio, que les permite abordar desde la perspectiva de la ingenier\u00eda en computaci\u00f3n, iniciativas que involucran conceptos de emprendimiento y gesti\u00f3n empresarial.<\/span><\/li><\/ol>                    <\/div>\n\t\t        \n                    <div id=\"objetivos-educacionales-tab\" class=\"clearfix eael-tab-content-item inactive\" data-title-link=\"objetivos-educacionales-tab\">\n\t\t\t\t        <div><span style=\"font-size: 14pt\">Despu\u00e9s de 5 a\u00f1os, los egresados del <strong>Programa Educativo de Ingeniero en Computaci\u00f3n<\/strong>:<\/span><\/div><div>\u00a0<\/div><ol><li><span style=\"font-size: 14pt\">Proponen o implementa soluciones que requieren del an\u00e1lisis, dise\u00f1o, integraci\u00f3n o evaluaci\u00f3n de sistemas que contengan elementos de hardware y\/o software, considerando aspectos de \u00e9tica profesional.<br \/><\/span><\/li><li><span style=\"font-size: 14pt\">Actualizan sus conocimientos para enfrentar y resolver los nuevos retos tecnol\u00f3gicos, a trav\u00e9s de certificaciones, estudios de posgrado, diplomados y cursos formales o informales.<br \/><\/span><\/li><li><span style=\"font-size: 14pt\">Se desarrollan profesionalmente en organizaciones nacionales o internacionales dentro de grupos con miembros de diversas disciplinas (multidisciplinarios, interdisciplinarios) y\/o multiculturales, mostrando cualidades de liderazgo.<\/span><\/li><\/ol>                    <\/div>\n\t\t                    <\/div>\n        <\/div>\n\t\t\t\t<\/div>\n\t\t\t\t<\/div>\n\t\t\t\t<\/div>\n\t\t\t\t<\/div>\n\t\t<div class=\"elementor-element elementor-element-9c17bd5 e-con-full e-flex e-con e-child\" data-id=\"9c17bd5\" data-element_type=\"container\" data-e-type=\"container\">\n\t\t<div class=\"elementor-element elementor-element-c98be10 e-con-full e-flex e-con e-child\" data-id=\"c98be10\" data-element_type=\"container\" data-e-type=\"container\" data-settings=\"{&quot;background_background&quot;:&quot;classic&quot;}\">\n\t\t\t\t<div class=\"elementor-element elementor-element-4bb2283 elementor-widget elementor-widget-heading\" data-id=\"4bb2283\" data-element_type=\"widget\" data-e-type=\"widget\" data-widget_type=\"heading.default\">\n\t\t\t\t<div class=\"elementor-widget-container\">\n\t\t\t\t\t<h2 class=\"elementor-heading-title elementor-size-default\">RESPONSABLE DEL PROGRAMA EDUCATIVO<\/h2>\t\t\t\t<\/div>\n\t\t\t\t<\/div>\n\t\t\t\t<div class=\"elementor-element elementor-element-40402b8 elementor-widget-divider--view-line elementor-widget elementor-widget-divider\" data-id=\"40402b8\" data-element_type=\"widget\" data-e-type=\"widget\" data-widget_type=\"divider.default\">\n\t\t\t\t<div class=\"elementor-widget-container\">\n\t\t\t\t\t\t\t<div class=\"elementor-divider\">\n\t\t\t<span class=\"elementor-divider-separator\">\n\t\t\t\t\t\t<\/span>\n\t\t<\/div>\n\t\t\t\t\t\t<\/div>\n\t\t\t\t<\/div>\n\t\t\t\t<div class=\"elementor-element elementor-element-3b852a6 elementor-widget elementor-widget-text-editor\" data-id=\"3b852a6\" data-element_type=\"widget\" data-e-type=\"widget\" data-widget_type=\"text-editor.default\">\n\t\t\t\t<div class=\"elementor-widget-container\">\n\t\t\t\t\t\t\t\t\t<p><span style=\"color: #339966; font-size: 10pt;\"><strong>M.I. Mar\u00eda Luisa Gonz\u00e1lez Ram\u00edrez<\/strong><\/span><br \/><span style=\"font-size: 10pt;\"><em><span style=\"color: #ffcc00;\"><strong>Responsable del Programa Educativo de Ingeniero en Computaci\u00f3n<\/strong><\/span><\/em><\/span><\/p><p>\u00a0<\/p><p><span style=\"font-size: 10pt;\"><strong><span style=\"color: #339966;\">Email:<\/span> <span style=\"color: #000000;\"><a style=\"color: #000000;\" href=\"mailto:computacion_fim@uabc.edu.mx\">computacion_fim@uabc.edu.mx<\/a><\/span><\/strong><\/span><br \/><span style=\"font-size: 10pt;\"><strong><span style=\"color: #339966;\">Telefono:<\/span> +52 (686) 841-82-35 <\/strong><\/span><\/p><p><span style=\"font-size: 10pt;\"><strong><span style=\"color: #339966;\">Ext.<\/span> 44420<\/strong><\/span><\/p>\t\t\t\t\t\t\t\t<\/div>\n\t\t\t\t<\/div>\n\t\t\t\t<\/div>\n\t\t<div class=\"elementor-element elementor-element-15a814d e-con-full e-flex e-con e-child\" data-id=\"15a814d\" data-element_type=\"container\" data-e-type=\"container\" data-settings=\"{&quot;background_background&quot;:&quot;classic&quot;}\">\n\t\t\t\t<div class=\"elementor-element elementor-element-3fabc42 elementor-widget elementor-widget-heading\" data-id=\"3fabc42\" data-element_type=\"widget\" data-e-type=\"widget\" data-widget_type=\"heading.default\">\n\t\t\t\t<div class=\"elementor-widget-container\">\n\t\t\t\t\t<h2 class=\"elementor-heading-title elementor-size-default\">ACREDITACIONES<\/h2>\t\t\t\t<\/div>\n\t\t\t\t<\/div>\n\t\t\t\t<div class=\"elementor-element elementor-element-0713045 elementor-widget-divider--view-line elementor-widget elementor-widget-divider\" data-id=\"0713045\" data-element_type=\"widget\" data-e-type=\"widget\" data-widget_type=\"divider.default\">\n\t\t\t\t<div class=\"elementor-widget-container\">\n\t\t\t\t\t\t\t<div class=\"elementor-divider\">\n\t\t\t<span class=\"elementor-divider-separator\">\n\t\t\t\t\t\t<\/span>\n\t\t<\/div>\n\t\t\t\t\t\t<\/div>\n\t\t\t\t<\/div>\n\t\t\t\t<div class=\"elementor-element elementor-element-ec1459a elementor-widget__width-initial elementor-widget elementor-widget-image\" data-id=\"ec1459a\" data-element_type=\"widget\" data-e-type=\"widget\" data-widget_type=\"image.default\">\n\t\t\t\t<div class=\"elementor-widget-container\">\n\t\t\t\t\t\t\t\t\t\t\t\t\t\t\t\t<a href=\"https:\/\/ingenieria.mxl.uabc.mx\/pe_ico\/wp-content\/uploads\/2023\/10\/certificadoaneca.pdf\" target=\"_blank\">\n\t\t\t\t\t\t\t<img decoding=\"async\" width=\"300\" height=\"140\" src=\"https:\/\/ingenieria.mxl.uabc.mx\/pe_ico\/wp-content\/uploads\/2023\/09\/aneca.jpg\" class=\"attachment-medium size-medium wp-image-2133\" alt=\"\" \/>\t\t\t\t\t\t\t\t<\/a>\n\t\t\t\t\t\t\t\t\t\t\t\t\t\t\t<\/div>\n\t\t\t\t<\/div>\n\t\t\t\t<div class=\"elementor-element elementor-element-3a41f5a elementor-widget elementor-widget-text-editor\" data-id=\"3a41f5a\" data-element_type=\"widget\" data-e-type=\"widget\" data-widget_type=\"text-editor.default\">\n\t\t\t\t<div class=\"elementor-widget-container\">\n\t\t\t\t\t\t\t\t\t<p><strong><span style=\"font-size: 10pt;\">Agencia Nacional de Evaluaci\u00f3n de la Calidad y Acreditaci\u00f3n.<\/span><\/strong><\/p>\t\t\t\t\t\t\t\t<\/div>\n\t\t\t\t<\/div>\n\t\t\t\t<div class=\"elementor-element elementor-element-dd182a1 elementor-widget__width-initial elementor-widget elementor-widget-image\" data-id=\"dd182a1\" data-element_type=\"widget\" data-e-type=\"widget\" data-widget_type=\"image.default\">\n\t\t\t\t<div class=\"elementor-widget-container\">\n\t\t\t\t\t\t\t\t\t\t\t\t\t\t\t\t<a href=\"https:\/\/ingenieria.mxl.uabc.mx\/pe_ico\/wp-content\/uploads\/2024\/04\/computacioncacei.pdf\" target=\"_blank\">\n\t\t\t\t\t\t\t<img fetchpriority=\"high\" decoding=\"async\" width=\"800\" height=\"350\" src=\"https:\/\/ingenieria.mxl.uabc.mx\/pe_ico\/wp-content\/uploads\/2023\/09\/cacei.jpg\" class=\"attachment-large size-large wp-image-2134\" alt=\"\" \/>\t\t\t\t\t\t\t\t<\/a>\n\t\t\t\t\t\t\t\t\t\t\t\t\t\t\t<\/div>\n\t\t\t\t<\/div>\n\t\t\t\t<div class=\"elementor-element elementor-element-c910d25 elementor-widget elementor-widget-text-editor\" data-id=\"c910d25\" data-element_type=\"widget\" data-e-type=\"widget\" data-widget_type=\"text-editor.default\">\n\t\t\t\t<div class=\"elementor-widget-container\">\n\t\t\t\t\t\t\t\t\t<p class=\"top-card-layout__title font-sans text-lg papabear:text-xl font-bold leading-open text-color-text mb-0\"><strong><span style=\"font-size: 10pt;\">Consejo de Acreditaci\u00f3n de la Ense\u00f1anza de la Ingenier\u00eda, A.C.<\/span><\/strong><\/p>\t\t\t\t\t\t\t\t<\/div>\n\t\t\t\t<\/div>\n\t\t\t\t<\/div>\n\t\t\t\t<\/div>\n\t\t\t\t<\/div>\n\t\t\t\t<\/div>\n\t\t","protected":false},"excerpt":{"rendered":"<p>Perfil de Egreso El egresado del Programa Educativo Ingeniero en Computaci\u00f3n es un profesionista comprometido con su entorno, abierto al cambio, creativo y en permanente b\u00fasqueda de conocimiento e innovaci\u00f3n, capaz de trabajar de manera individual o coordinadamente en grupos multidisciplinarios, especializado en el estudio, diagn\u00f3stico, evaluaci\u00f3n y administraci\u00f3n de sistemas de c\u00f3mputo, para dar [&hellip;]<\/p>\n","protected":false},"author":3,"featured_media":0,"parent":0,"menu_order":0,"comment_status":"closed","ping_status":"closed","template":"","meta":{"site-sidebar-layout":"no-sidebar","site-content-layout":"page-builder","ast-site-content-layout":"full-width-container","site-content-style":"default","site-sidebar-style":"default","ast-global-header-display":"","ast-banner-title-visibility":"","ast-main-header-display":"","ast-hfb-above-header-display":"","ast-hfb-below-header-display":"","ast-hfb-mobile-header-display":"","site-post-title":"disabled","ast-breadcrumbs-content":"","ast-featured-img":"disabled","footer-sml-layout":"","ast-disable-related-posts":"","theme-transparent-header-meta":"default","adv-header-id-meta":"","stick-header-meta":"","header-above-stick-meta":"","header-main-stick-meta":"","header-below-stick-meta":"","astra-migrate-meta-layouts":"set","ast-page-background-enabled":"default","ast-page-background-meta":{"desktop":{"background-color":"","background-image":"","background-repeat":"repeat","background-position":"center center","background-size":"auto","background-attachment":"scroll","background-type":"","background-media":"","overlay-type":"","overlay-color":"","overlay-opacity":"","overlay-gradient":""},"tablet":{"background-color":"","background-image":"","background-repeat":"repeat","background-position":"center center","background-size":"auto","background-attachment":"scroll","background-type":"","background-media":"","overlay-type":"","overlay-color":"","overlay-opacity":"","overlay-gradient":""},"mobile":{"background-color":"","background-image":"","background-repeat":"repeat","background-position":"center center","background-size":"auto","background-attachment":"scroll","background-type":"","background-media":"","overlay-type":"","overlay-color":"","overlay-opacity":"","overlay-gradient":""}},"ast-content-background-meta":{"desktop":{"background-color":"var(--ast-global-color-5)","background-image":"","background-repeat":"repeat","background-position":"center center","background-size":"auto","background-attachment":"scroll","background-type":"","background-media":"","overlay-type":"","overlay-color":"","overlay-opacity":"","overlay-gradient":""},"tablet":{"background-color":"var(--ast-global-color-5)","background-image":"","background-repeat":"repeat","background-position":"center center","background-size":"auto","background-attachment":"scroll","background-type":"","background-media":"","overlay-type":"","overlay-color":"","overlay-opacity":"","overlay-gradient":""},"mobile":{"background-color":"var(--ast-global-color-5)","background-image":"","background-repeat":"repeat","background-position":"center center","background-size":"auto","background-attachment":"scroll","background-type":"","background-media":"","overlay-type":"","overlay-color":"","overlay-opacity":"","overlay-gradient":""}},"footnotes":""},"class_list":["post-2861","page","type-page","status-publish","hentry"],"_links":{"self":[{"href":"https:\/\/ingenieria.mxl.uabc.mx\/pe_ico\/wp-json\/wp\/v2\/pages\/2861","targetHints":{"allow":["GET"]}}],"collection":[{"href":"https:\/\/ingenieria.mxl.uabc.mx\/pe_ico\/wp-json\/wp\/v2\/pages"}],"about":[{"href":"https:\/\/ingenieria.mxl.uabc.mx\/pe_ico\/wp-json\/wp\/v2\/types\/page"}],"author":[{"embeddable":true,"href":"https:\/\/ingenieria.mxl.uabc.mx\/pe_ico\/wp-json\/wp\/v2\/users\/3"}],"replies":[{"embeddable":true,"href":"https:\/\/ingenieria.mxl.uabc.mx\/pe_ico\/wp-json\/wp\/v2\/comments?post=2861"}],"version-history":[{"count":79,"href":"https:\/\/ingenieria.mxl.uabc.mx\/pe_ico\/wp-json\/wp\/v2\/pages\/2861\/revisions"}],"predecessor-version":[{"id":4862,"href":"https:\/\/ingenieria.mxl.uabc.mx\/pe_ico\/wp-json\/wp\/v2\/pages\/2861\/revisions\/4862"}],"wp:attachment":[{"href":"https:\/\/ingenieria.mxl.uabc.mx\/pe_ico\/wp-json\/wp\/v2\/media?parent=2861"}],"curies":[{"name":"wp","href":"https:\/\/api.w.org\/{rel}","templated":true}]}}