{"id":2861,"date":"2023-10-10T07:55:47","date_gmt":"2023-10-10T15:55:47","guid":{"rendered":"http:\/\/localhost\/pe_ico\/?page_id=2861"},"modified":"2024-12-17T13:17:49","modified_gmt":"2024-12-17T21:17:49","slug":"perfil-de-egreso","status":"publish","type":"page","link":"https:\/\/ingenieria.mxl.uabc.mx\/pe_iea\/perfil-de-egreso\/","title":{"rendered":"Perfil de Egreso"},"content":{"rendered":"\t\t<div data-elementor-type=\"wp-page\" data-elementor-id=\"2861\" class=\"elementor elementor-2861\">\n\t\t\t\t<div class=\"elementor-element elementor-element-c49e4db e-con-full e-flex e-con e-parent\" data-id=\"c49e4db\" data-element_type=\"container\">\n\t\t<div class=\"elementor-element elementor-element-aa290a3 e-con-full e-flex e-con e-child\" data-id=\"aa290a3\" data-element_type=\"container\">\n\t\t<div class=\"elementor-element elementor-element-7f8a134 e-con-full e-flex e-con e-child\" data-id=\"7f8a134\" data-element_type=\"container\" data-settings=\"{&quot;background_background&quot;:&quot;classic&quot;}\">\n\t\t\t\t<div class=\"elementor-element elementor-element-7e30e08 elementor-widget elementor-widget-heading\" data-id=\"7e30e08\" data-element_type=\"widget\" data-widget_type=\"heading.default\">\n\t\t\t\t<div class=\"elementor-widget-container\">\n\t\t\t\t\t<h1 class=\"elementor-heading-title elementor-size-default\">Perfil de Egreso<\/h1>\t\t\t\t<\/div>\n\t\t\t\t<\/div>\n\t\t\t\t<div class=\"elementor-element elementor-element-66d7613 elementor-widget-divider--view-line elementor-widget elementor-widget-divider\" data-id=\"66d7613\" data-element_type=\"widget\" data-widget_type=\"divider.default\">\n\t\t\t\t<div class=\"elementor-widget-container\">\n\t\t\t\t\t\t\t<div class=\"elementor-divider\">\n\t\t\t<span class=\"elementor-divider-separator\">\n\t\t\t\t\t\t<\/span>\n\t\t<\/div>\n\t\t\t\t\t\t<\/div>\n\t\t\t\t<\/div>\n\t\t\t\t<div class=\"elementor-element elementor-element-15ff8cb elementor-widget elementor-widget-text-editor\" data-id=\"15ff8cb\" data-element_type=\"widget\" data-widget_type=\"text-editor.default\">\n\t\t\t\t<div class=\"elementor-widget-container\">\n\t\t\t\t\t\t\t\t\t<p style=\"text-align: justify;\" align=\"center\"><span style=\"font-size: 14pt;\">El Ingeniero en Electr\u00f3nica posee conocimientos, habilidades y destrezas para planear, mantener, supervisar y desarrollar sistemas electr\u00f3nicos, mediante la generaci\u00f3n y aplicaci\u00f3n de procedimientos y la utilizaci\u00f3n de la tecnolog\u00eda adecuada satisfaciendo necesidades de los diversos sectores de la sociedad y coadyuvando a elevar la calidad de los mismos.<\/span><\/p>\t\t\t\t\t\t\t\t<\/div>\n\t\t\t\t<\/div>\n\t\t\t\t<div class=\"elementor-element elementor-element-4a85025 elementor-widget elementor-widget-eael-adv-tabs\" data-id=\"4a85025\" data-element_type=\"widget\" data-widget_type=\"eael-adv-tabs.default\">\n\t\t\t\t<div class=\"elementor-widget-container\">\n\t\t\t\t\t        <div data-scroll-on-click=\"no\" data-scroll-speed=\"300\" id=\"eael-advance-tabs-4a85025\" class=\"eael-advance-tabs eael-tabs-vertical eael-tab-auto-active \" data-tabid=\"4a85025\">\n            <div class=\"eael-tabs-nav \">\n                <ul class=\"eael-tab-inline-icon\" role=\"tablist\">\n                                            <li id=\"perfil-de-egreso\" class=\"inactive eael-tab-item-trigger eael-tab-nav-item\" aria-selected=\"true\" data-tab=\"1\" role=\"tab\" tabindex=\"0\" aria-controls=\"perfil-de-egreso-tab\" aria-expanded=\"false\">\n                            \n                                                                <i class=\"fas fa-laptop-code\"><\/i>                                                            \n                                                            <span class=\"eael-tab-title title-after-icon\" >Perfil de Egreso<\/span>                            \n                                                    <\/li>\n                                            <li id=\"atributos-de-egreso\" class=\"inactive eael-tab-item-trigger eael-tab-nav-item\" aria-selected=\"false\" data-tab=\"2\" role=\"tab\" tabindex=\"-1\" aria-controls=\"atributos-de-egreso-tab\" aria-expanded=\"false\">\n                            \n                                                                <i class=\"fas fa-code\"><\/i>                                                            \n                                                            <span class=\"eael-tab-title title-after-icon\" >Atributos de Egreso<\/span>                            \n                                                    <\/li>\n                                            <li id=\"objetivos-educacionales\" class=\"inactive eael-tab-item-trigger eael-tab-nav-item\" aria-selected=\"false\" data-tab=\"3\" role=\"tab\" tabindex=\"-1\" aria-controls=\"objetivos-educacionales-tab\" aria-expanded=\"false\">\n                            \n                                                                <i class=\"far fa-list-alt\"><\/i>                                                            \n                                                            <span class=\"eael-tab-title title-after-icon\" >Objetivos Educacionales<\/span>                            \n                                                    <\/li>\n                    \n                                  <\/ul>\n            <\/div>\n            \n            <div class=\"eael-tabs-content\">\n\t\t        \n                    <div id=\"perfil-de-egreso-tab\" class=\"clearfix eael-tab-content-item inactive\" data-title-link=\"perfil-de-egreso-tab\">\n\t\t\t\t        <p><span style=\"font-size: 14pt; text-align: justify;\">El profesionista ser\u00e1 capaz de:<br \/><br \/><\/span><\/p><ul style=\"text-align: justify;\"><li><span style=\"font-size: 14pt;\">Administrar proyectos relacionados con la electr\u00f3nica, a trav\u00e9s de los fundamentos te\u00f3ricos y pr\u00e1cticos del proceso administrativo para optimizar los recursos humanos y materiales e incrementar la competitividad en el entorno laboral, en el \u00e1mbito regional, nacional e internacional, con perseverancia y disposici\u00f3n al trabajo sistem\u00e1tico.<\/span><\/li><li><span style=\"font-size: 14pt;\">Dise\u00f1ar e integrar sistemas electr\u00f3nicos mediante el uso de herramientas de hardware y software e instrumentos de medici\u00f3n y prueba para la soluci\u00f3n de problemas del \u00e1rea de la electr\u00f3nica, en el \u00e1mbito regional, nacional e internacional, de forma responsable, con actitud emprendedora y creativa.<\/span><\/li><li><span style=\"font-size: 14pt;\">Construir e implementar sistemas electr\u00f3nicos de acuerdo a las especificaciones del dise\u00f1o, normas y t\u00e9cnicas de construcci\u00f3n para la mejora de procesos y productos en los diferentes sectores, con responsabilidad y respeto al medio ambiente.<\/span><\/li><li><span style=\"font-size: 14pt;\">Operar y mantener sistemas electr\u00f3nicos, mediante los procedimientos de operaci\u00f3n para el uso adecuado de los sistemas y explotar su capacidad al m\u00e1ximo, con apego a la normatividad nacional e internacional, en forma organizada, con una actitud responsable.<\/span><\/li><\/ul>                    <\/div>\n\t\t        \n                    <div id=\"atributos-de-egreso-tab\" class=\"clearfix eael-tab-content-item inactive\" data-title-link=\"atributos-de-egreso-tab\">\n\t\t\t\t        <p><span style=\"font-size: 14pt; text-align: justify;\">Los atributos de egreso conforman los componentes indicativos del potencial de un egresado para adquirir las competencias o capacidades para ejercer la pr\u00e1ctica de la ingenier\u00eda a un nivel apropiado.<br \/><br \/><\/span><\/p><ol style=\"font-size: 14pt; text-align: justify;\"><li><span style=\"font-size: 14pt;\">Aplicar conocimientos de ciencias b\u00e1sicas e ingenier\u00eda electr\u00f3nica para identificar, formular y resolver problemas de la ingenier\u00eda en los que se reconozca el contexto multidisciplinar.<\/span><\/li><li><span style=\"font-size: 14pt;\">Analizar procesos o sistemas electr\u00f3nicos con el apoyo de m\u00e9todos anal\u00edticos o de simulaci\u00f3n, para comprender e interpretar su funcionamiento.<\/span><\/li><li><span style=\"font-size: 14pt;\">Dise\u00f1ar e implementar sistemas electr\u00f3nicos, mediante el an\u00e1lisis de los requerimientos correspondientes y la aplicaci\u00f3n de m\u00e9todos anal\u00edticos o experimentales que consideren la normativa electr\u00f3nica aplicable.<\/span><\/li><li><span style=\"font-size: 14pt;\">Realizar proyectos de ingenier\u00eda electr\u00f3nica en los que se aplique conocimiento de vanguardia, tecnolog\u00eda innovadora, para el desarrollo o mejora de procesos, prototipos o sistemas complejos de ingenier\u00eda electr\u00f3nica.<\/span><\/li><li><span style=\"font-size: 14pt;\">Comunicar efectivamente ideas y resultados de manera oral y escrita, ante p\u00fablico general o especializado en un contexto internacional y multidisciplinar, con el apoyo de herramientas tecnol\u00f3gicas.<\/span><\/li><li><span style=\"font-size: 14pt;\">Reconocer la responsabilidad \u00e9tica de la pr\u00e1ctica de la ingenier\u00eda electr\u00f3nica y emitir juicios a partir de la reflexi\u00f3n de su impacto en los \u00e1mbitos global, ambiental, econ\u00f3mico y social.<\/span><\/li><li><span style=\"font-size: 14pt;\">Asumir la responsabilidad de formaci\u00f3n continua propia para permanecer actualizado en el conocimiento de la disciplina, con el uso de medios tradicionales y modernos de consulta t\u00e9cnica.<\/span><\/li><li><span style=\"font-size: 14pt;\">Realizar trabajos y proyectos en equipo con apego a un proceso que considere la planeaci\u00f3n, organizaci\u00f3n y ejecuci\u00f3n de las actividades correspondientes.<\/span><\/li><li><span style=\"font-size: 14pt;\">Operar o mantener sistemas electr\u00f3nicos con base en los fundamentos de operaci\u00f3n,\u00a0normas, c\u00f3digos de seguridad y c\u00f3digos de buena pr\u00e1ctica.<\/span><\/li><\/ol>                    <\/div>\n\t\t        \n                    <div id=\"objetivos-educacionales-tab\" class=\"clearfix eael-tab-content-item inactive\" data-title-link=\"objetivos-educacionales-tab\">\n\t\t\t\t        <p><span style=\"font-size: 14pt;\">Despu\u00e9s de 5 a\u00f1os, los egresados del\u00a0<strong>Programa Educativo de Ingeniero en Electr\u00f3nica<\/strong>:<br \/><br \/><\/span><\/p><ol><li><span style=\"font-size: 14pt;\">Desarrollan soluciones de ingenier\u00eda electr\u00f3nica de vanguardia con visi\u00f3n global, en los contextos tecnol\u00f3gico, econ\u00f3mico, ambiental o social.<\/span><\/li><li><span style=\"font-size: 14pt;\">Profundizan o extienden sus conocimientos de forma continua por medio de posgrados, actividades de desarrollo profesional u otras acciones apropiadas.<\/span><\/li><li><span style=\"font-size: 14pt;\">Ejercen su profesi\u00f3n en emprendimientos propios u organizaciones internacionales donde son parte de grupos multidisciplinarios y multiculturales, mostrando cualidades de liderazgo.<\/span><\/li><\/ol>                    <\/div>\n\t\t                    <\/div>\n        <\/div>\n\t\t\t\t<\/div>\n\t\t\t\t<\/div>\n\t\t\t\t<\/div>\n\t\t\t\t<\/div>\n\t\t<div class=\"elementor-element elementor-element-9c17bd5 e-con-full e-flex e-con e-child\" data-id=\"9c17bd5\" data-element_type=\"container\">\n\t\t<div class=\"elementor-element elementor-element-1378031 e-con-full e-flex e-con e-child\" data-id=\"1378031\" data-element_type=\"container\" data-settings=\"{&quot;background_background&quot;:&quot;classic&quot;}\">\n\t\t\t\t<div class=\"elementor-element elementor-element-f88aa4f elementor-widget elementor-widget-heading\" data-id=\"f88aa4f\" data-element_type=\"widget\" data-widget_type=\"heading.default\">\n\t\t\t\t<div class=\"elementor-widget-container\">\n\t\t\t\t\t<h2 class=\"elementor-heading-title elementor-size-default\">RESPONSABLE DEL PROGRAMA EDUCATIVO<\/h2>\t\t\t\t<\/div>\n\t\t\t\t<\/div>\n\t\t\t\t<div class=\"elementor-element elementor-element-9dd9b6e elementor-widget-divider--view-line elementor-widget elementor-widget-divider\" data-id=\"9dd9b6e\" data-element_type=\"widget\" data-widget_type=\"divider.default\">\n\t\t\t\t<div class=\"elementor-widget-container\">\n\t\t\t\t\t\t\t<div class=\"elementor-divider\">\n\t\t\t<span class=\"elementor-divider-separator\">\n\t\t\t\t\t\t<\/span>\n\t\t<\/div>\n\t\t\t\t\t\t<\/div>\n\t\t\t\t<\/div>\n\t\t\t\t<div class=\"elementor-element elementor-element-ca485f5 elementor-widget elementor-widget-text-editor\" data-id=\"ca485f5\" data-element_type=\"widget\" data-widget_type=\"text-editor.default\">\n\t\t\t\t<div class=\"elementor-widget-container\">\n\t\t\t\t\t\t\t\t\t<p><span style=\"color: #339966;\"><strong><span style=\"font-size: 10pt;\">Dr. Abraham Arias Le\u00f3n<\/span><\/strong><\/span><br \/><span style=\"color: #d39229;\"><strong><span style=\"font-size: 10pt;\"><em>Responsable del Programa Educativo de Ingeniero en Electr\u00f3nica<\/em><\/span><\/strong><\/span><\/p><p>\u00a0<\/p><p><span style=\"font-size: 10pt;\"><strong><span style=\"color: #339966;\">Email:<\/span> <span style=\"color: #000000;\"><a style=\"color: #000000;\" href=\"mailto:electronica_fim@uabc.edu.mx\">electronica_fim@uabc.edu.mx<\/a><\/span><\/strong><\/span><br \/><span style=\"font-size: 10pt;\"><strong><span style=\"color: #339966;\">Tel\u00e9fono:<\/span> +52 (686) 841-8235<\/strong><\/span><\/p><p><span style=\"font-size: 10pt;\"><strong><span style=\"color: #339966;\">Ext.<\/span> 44430<\/strong><\/span><\/p>\t\t\t\t\t\t\t\t<\/div>\n\t\t\t\t<\/div>\n\t\t\t\t<\/div>\n\t\t<div class=\"elementor-element elementor-element-9de9799 e-con-full e-flex e-con e-child\" data-id=\"9de9799\" data-element_type=\"container\" data-settings=\"{&quot;background_background&quot;:&quot;classic&quot;}\">\n\t\t\t\t<div class=\"elementor-element elementor-element-a69add6 elementor-widget elementor-widget-heading\" data-id=\"a69add6\" data-element_type=\"widget\" data-widget_type=\"heading.default\">\n\t\t\t\t<div class=\"elementor-widget-container\">\n\t\t\t\t\t<h2 class=\"elementor-heading-title elementor-size-default\">ACREDITACIONES<\/h2>\t\t\t\t<\/div>\n\t\t\t\t<\/div>\n\t\t\t\t<div class=\"elementor-element elementor-element-387a6e0 elementor-widget-divider--view-line elementor-widget elementor-widget-divider\" data-id=\"387a6e0\" data-element_type=\"widget\" data-widget_type=\"divider.default\">\n\t\t\t\t<div class=\"elementor-widget-container\">\n\t\t\t\t\t\t\t<div class=\"elementor-divider\">\n\t\t\t<span class=\"elementor-divider-separator\">\n\t\t\t\t\t\t<\/span>\n\t\t<\/div>\n\t\t\t\t\t\t<\/div>\n\t\t\t\t<\/div>\n\t\t\t\t<div class=\"elementor-element elementor-element-4c2fa9a elementor-widget__width-initial elementor-widget elementor-widget-image\" data-id=\"4c2fa9a\" data-element_type=\"widget\" data-widget_type=\"image.default\">\n\t\t\t\t<div class=\"elementor-widget-container\">\n\t\t\t\t\t\t\t\t\t\t\t\t\t\t\t\t<a href=\"https:\/\/ingenieria.mxl.uabc.mx\/pe_iea\/wp-content\/uploads\/2024\/03\/aneca_electronica.pdf\" target=\"_blank\">\n\t\t\t\t\t\t\t<img decoding=\"async\" width=\"300\" height=\"140\" src=\"https:\/\/ingenieria.mxl.uabc.mx\/pe_iea\/wp-content\/uploads\/2023\/09\/aneca.jpg\" class=\"attachment-medium size-medium wp-image-2133\" alt=\"\" \/>\t\t\t\t\t\t\t\t<\/a>\n\t\t\t\t\t\t\t\t\t\t\t\t\t\t\t<\/div>\n\t\t\t\t<\/div>\n\t\t\t\t<div class=\"elementor-element elementor-element-00f46ce elementor-widget elementor-widget-text-editor\" data-id=\"00f46ce\" data-element_type=\"widget\" data-widget_type=\"text-editor.default\">\n\t\t\t\t<div class=\"elementor-widget-container\">\n\t\t\t\t\t\t\t\t\t<p><strong><span style=\"font-size: 10pt;\">Agencia Nacional de Evaluaci\u00f3n de la Calidad y Acreditaci\u00f3n.<\/span><\/strong><\/p>\t\t\t\t\t\t\t\t<\/div>\n\t\t\t\t<\/div>\n\t\t\t\t<div class=\"elementor-element elementor-element-53f9223 elementor-widget__width-initial elementor-widget elementor-widget-image\" data-id=\"53f9223\" data-element_type=\"widget\" data-widget_type=\"image.default\">\n\t\t\t\t<div class=\"elementor-widget-container\">\n\t\t\t\t\t\t\t\t\t\t\t\t\t\t\t\t<a href=\"https:\/\/ingenieria.mxl.uabc.mx\/pe_iea\/wp-content\/uploads\/2024\/04\/electronicacacei.pdf\" target=\"_blank\">\n\t\t\t\t\t\t\t<img fetchpriority=\"high\" decoding=\"async\" width=\"800\" height=\"350\" src=\"https:\/\/ingenieria.mxl.uabc.mx\/pe_iea\/wp-content\/uploads\/2023\/09\/cacei.jpg\" class=\"attachment-large size-large wp-image-2134\" alt=\"\" \/>\t\t\t\t\t\t\t\t<\/a>\n\t\t\t\t\t\t\t\t\t\t\t\t\t\t\t<\/div>\n\t\t\t\t<\/div>\n\t\t\t\t<div class=\"elementor-element elementor-element-4d12023 elementor-widget elementor-widget-text-editor\" data-id=\"4d12023\" data-element_type=\"widget\" data-widget_type=\"text-editor.default\">\n\t\t\t\t<div class=\"elementor-widget-container\">\n\t\t\t\t\t\t\t\t\t<p class=\"top-card-layout__title font-sans text-lg papabear:text-xl font-bold leading-open text-color-text mb-0\"><strong><span style=\"font-size: 10pt;\">Consejo de Acreditaci\u00f3n de la Ense\u00f1anza de la Ingenier\u00eda, A.C.<\/span><\/strong><\/p>\t\t\t\t\t\t\t\t<\/div>\n\t\t\t\t<\/div>\n\t\t\t\t<\/div>\n\t\t\t\t<\/div>\n\t\t\t\t<\/div>\n\t\t\t\t<\/div>\n\t\t","protected":false},"excerpt":{"rendered":"<p>Perfil de Egreso El Ingeniero en Electr\u00f3nica posee conocimientos, habilidades y destrezas para planear, mantener, supervisar y desarrollar sistemas electr\u00f3nicos, mediante la generaci\u00f3n y aplicaci\u00f3n de procedimientos y la utilizaci\u00f3n de la tecnolog\u00eda adecuada satisfaciendo necesidades de los diversos sectores de la sociedad y coadyuvando a elevar la calidad de los mismos. Perfil de Egreso [&hellip;]<\/p>\n","protected":false},"author":3,"featured_media":0,"parent":0,"menu_order":0,"comment_status":"closed","ping_status":"closed","template":"","meta":{"site-sidebar-layout":"no-sidebar","site-content-layout":"page-builder","ast-site-content-layout":"full-width-container","site-content-style":"default","site-sidebar-style":"default","ast-global-header-display":"","ast-banner-title-visibility":"","ast-main-header-display":"","ast-hfb-above-header-display":"","ast-hfb-below-header-display":"","ast-hfb-mobile-header-display":"","site-post-title":"disabled","ast-breadcrumbs-content":"","ast-featured-img":"disabled","footer-sml-layout":"","theme-transparent-header-meta":"default","adv-header-id-meta":"","stick-header-meta":"","header-above-stick-meta":"","header-main-stick-meta":"","header-below-stick-meta":"","astra-migrate-meta-layouts":"set","ast-page-background-enabled":"default","ast-page-background-meta":{"desktop":{"background-color":"","background-image":"","background-repeat":"repeat","background-position":"center center","background-size":"auto","background-attachment":"scroll","background-type":"","background-media":"","overlay-type":"","overlay-color":"","overlay-opacity":"","overlay-gradient":""},"tablet":{"background-color":"","background-image":"","background-repeat":"repeat","background-position":"center center","background-size":"auto","background-attachment":"scroll","background-type":"","background-media":"","overlay-type":"","overlay-color":"","overlay-opacity":"","overlay-gradient":""},"mobile":{"background-color":"","background-image":"","background-repeat":"repeat","background-position":"center center","background-size":"auto","background-attachment":"scroll","background-type":"","background-media":"","overlay-type":"","overlay-color":"","overlay-opacity":"","overlay-gradient":""}},"ast-content-background-meta":{"desktop":{"background-color":"var(--ast-global-color-5)","background-image":"","background-repeat":"repeat","background-position":"center center","background-size":"auto","background-attachment":"scroll","background-type":"","background-media":"","overlay-type":"","overlay-color":"","overlay-opacity":"","overlay-gradient":""},"tablet":{"background-color":"var(--ast-global-color-5)","background-image":"","background-repeat":"repeat","background-position":"center center","background-size":"auto","background-attachment":"scroll","background-type":"","background-media":"","overlay-type":"","overlay-color":"","overlay-opacity":"","overlay-gradient":""},"mobile":{"background-color":"var(--ast-global-color-5)","background-image":"","background-repeat":"repeat","background-position":"center center","background-size":"auto","background-attachment":"scroll","background-type":"","background-media":"","overlay-type":"","overlay-color":"","overlay-opacity":"","overlay-gradient":""}},"footnotes":""},"class_list":["post-2861","page","type-page","status-publish","hentry"],"_links":{"self":[{"href":"https:\/\/ingenieria.mxl.uabc.mx\/pe_iea\/wp-json\/wp\/v2\/pages\/2861","targetHints":{"allow":["GET"]}}],"collection":[{"href":"https:\/\/ingenieria.mxl.uabc.mx\/pe_iea\/wp-json\/wp\/v2\/pages"}],"about":[{"href":"https:\/\/ingenieria.mxl.uabc.mx\/pe_iea\/wp-json\/wp\/v2\/types\/page"}],"author":[{"embeddable":true,"href":"https:\/\/ingenieria.mxl.uabc.mx\/pe_iea\/wp-json\/wp\/v2\/users\/3"}],"replies":[{"embeddable":true,"href":"https:\/\/ingenieria.mxl.uabc.mx\/pe_iea\/wp-json\/wp\/v2\/comments?post=2861"}],"version-history":[{"count":106,"href":"https:\/\/ingenieria.mxl.uabc.mx\/pe_iea\/wp-json\/wp\/v2\/pages\/2861\/revisions"}],"predecessor-version":[{"id":5119,"href":"https:\/\/ingenieria.mxl.uabc.mx\/pe_iea\/wp-json\/wp\/v2\/pages\/2861\/revisions\/5119"}],"wp:attachment":[{"href":"https:\/\/ingenieria.mxl.uabc.mx\/pe_iea\/wp-json\/wp\/v2\/media?parent=2861"}],"curies":[{"name":"wp","href":"https:\/\/api.w.org\/{rel}","templated":true}]}}