{"id":3248,"date":"2023-10-12T16:42:36","date_gmt":"2023-10-13T00:42:36","guid":{"rendered":"http:\/\/localhost\/pe_ico\/?page_id=3248"},"modified":"2024-04-18T12:03:33","modified_gmt":"2024-04-18T20:03:33","slug":"reglamentos-y-horarios","status":"publish","type":"page","link":"https:\/\/ingenieria.mxl.uabc.mx\/pe_iea\/reglamentos-y-horarios\/","title":{"rendered":"Reglamentos y Horarios"},"content":{"rendered":"\t\t<div data-elementor-type=\"wp-page\" data-elementor-id=\"3248\" class=\"elementor elementor-3248\">\n\t\t\t\t<div class=\"elementor-element elementor-element-a32812a e-con-full e-flex e-con e-parent\" data-id=\"a32812a\" data-element_type=\"container\" data-e-type=\"container\">\n\t\t<div class=\"elementor-element elementor-element-d700dbe e-con-full e-flex e-con e-child\" data-id=\"d700dbe\" data-element_type=\"container\" data-e-type=\"container\">\n\t\t<div class=\"elementor-element elementor-element-7f8a134 e-con-full e-flex e-con e-child\" data-id=\"7f8a134\" data-element_type=\"container\" data-e-type=\"container\" data-settings=\"{&quot;background_background&quot;:&quot;classic&quot;}\">\n\t\t\t\t<div class=\"elementor-element elementor-element-7e30e08 elementor-widget elementor-widget-heading\" data-id=\"7e30e08\" data-element_type=\"widget\" data-e-type=\"widget\" data-widget_type=\"heading.default\">\n\t\t\t\t<div class=\"elementor-widget-container\">\n\t\t\t\t\t<h1 class=\"elementor-heading-title elementor-size-default\">Reglamentos y Horarios<\/h1>\t\t\t\t<\/div>\n\t\t\t\t<\/div>\n\t\t\t\t<div class=\"elementor-element elementor-element-66d7613 elementor-widget-divider--view-line elementor-widget elementor-widget-divider\" data-id=\"66d7613\" data-element_type=\"widget\" data-e-type=\"widget\" data-widget_type=\"divider.default\">\n\t\t\t\t<div class=\"elementor-widget-container\">\n\t\t\t\t\t\t\t<div class=\"elementor-divider\">\n\t\t\t<span class=\"elementor-divider-separator\">\n\t\t\t\t\t\t<\/span>\n\t\t<\/div>\n\t\t\t\t\t\t<\/div>\n\t\t\t\t<\/div>\n\t\t\t\t<div class=\"elementor-element elementor-element-b1d1803 elementor-widget elementor-widget-text-editor\" data-id=\"b1d1803\" data-element_type=\"widget\" data-e-type=\"widget\" data-widget_type=\"text-editor.default\">\n\t\t\t\t<div class=\"elementor-widget-container\">\n\t\t\t\t\t\t\t\t\t<p align=\"center\"><span style=\"font-size: 14pt;\"><strong>UNIVERSIDAD AUT\u00d3NOMA DE BAJA CALIFORNIA<\/strong><\/span><br \/><span style=\"font-size: 14pt;\"><strong>FACULTAD DE INGENIER\u00cdA MEXICALI<\/strong><\/span><br \/><span style=\"font-size: 14pt;\"><strong>REGLAMENTO DEL LABORATORIO DE ELECTR\u00d3NICA<\/strong><\/span><br \/><span style=\"font-size: 14pt;\"><strong>(Sujeto a modificaciones por el H. Consejo T\u00e9cnico)<\/strong><\/span><\/p><p align=\"center\">\u00a0<\/p><ol style=\"font-family: Helvetica; font-size: 12pt; text-align: justify;\"><li><span style=\"font-size: 12pt; font-family: Helvetica;\">El Laboratorio de Electr\u00f3nica fue creado con el fin de complementar las competencias del Programa Educativo de la Carrera de Ingeniero en Electr\u00f3nica de la Facultad de Ingenier\u00eda Mexicali; en base a pr\u00e1cticas de laboratorio, proyectos, apoyo acad\u00e9mico, visitas, etc.<\/span><\/li><li><span style=\"font-size: 12pt; font-family: Helvetica;\">\u00a0Las instalaciones del laboratorio permanecen abiertas, de acuerdo al calendario del ciclo escolar en vigencia, de 8:00 a 22:00 hrs. de lunes a viernes y s\u00e1bados de 8:00 a 14:00 hrs.<\/span><\/li><li><span style=\"font-size: 12pt; font-family: Helvetica;\">El laboratorio proporcionar\u00e1 (dentro de sus limitaciones), espacio f\u00edsico, equipo, accesorios e informaci\u00f3n bibliograf\u00edca t\u00e9cnica disponible.<\/span><\/li><li><span style=\"font-size: 12pt; font-family: Helvetica;\">Queda estrictamente prohibido fumar en el \u00e1rea interna del laboratorio.<\/span><\/li><li><span style=\"font-size: 12pt; font-family: Helvetica;\">No se permite introducir bebidas ni alimentos a los salones de pr\u00e1cticas.<\/span><\/li><li><span style=\"font-size: 12pt; font-family: Helvetica;\">Las pr\u00e1cticas deber\u00e1n llevarse a cabo en el sal\u00f3n que ha sido indicado en el formato de horarios para pr\u00e1cticas del laboratorio; pudi\u00e9ndose tomar otro espacio si existiera la necesidad y si hubiera disponibilidad de \u00e1rea (s).<\/span><\/li><li><span style=\"font-size: 12pt; font-family: Helvetica;\">Las pr\u00e1cticas obligatorias tendr\u00e1n prioridad sobre las pr\u00e1cticas extracurriculares y estas, a su vez, sobre cualquier otra actividad que se desee llevar acabo.<\/span><\/li><li><span style=\"font-size: 12pt; font-family: Helvetica;\">El alumno ser\u00e1 responsable de proveerse del material que no pueda ser proporcionado por el laboratorio.<\/span><\/li><li><span style=\"font-size: 12pt; font-family: Helvetica;\">Ser\u00e1 necesario el control por escrito para uso del equipo de laboratorio, reserv\u00e1ndose el mismo \u00fanicamente a personas identificadas con la carrera, requiri\u00e9ndose mostrar identificaci\u00f3n oficial vigente con fotograf\u00eda. Para el uso de la red de c\u00f3mputo, el usuario deber\u00e1 registrarse previamente.<\/span><\/li><li><span style=\"font-size: 12pt; font-family: Helvetica;\">Cualesquier equipo de laboratorio, accesorios, material, libros o manuales t\u00e9cnicos y de consulta, etc. que se requieran para las pr\u00e1cticas por maestros y\/o alumnos deber\u00e1 ser solicitado mediante el vale de laboratorio respectivo. No se prestar\u00e1 nada si no se presenta el vale del laboratorio debidamente lleno.<\/span><\/li><li><span style=\"font-size: 12pt; font-family: Helvetica;\">No se deber\u00e1 mover el equipo de laboratorio, ni cambiarle sus caracter\u00edsticas f\u00edsicas o t\u00e9cnicas, o cambiarlo de una mesa a otra, o de un sal\u00f3n a otro. Solamente en caso de ser aprobado por el personal auxiliar o por el jefe del laboratorio.<\/span><\/li><li><span style=\"font-size: 12pt; font-family: Helvetica;\">Con referencia al equipo de c\u00f3mputo, el alumno no se deber\u00e1 borrar software acad\u00e9mico ni mucho menos instalar programas ajenos al desarrollo de las pr\u00e1cticas.<\/span><\/li><li><span style=\"font-size: 12pt; font-family: Helvetica;\">El pr\u00e9stamo de la bibliograf\u00eda existente en el laboratorio se limitara a su uso interno en el mismo; \u00fanicamente y en casos que as\u00ed lo amerite, se prestara para fotocopiado con un plazo razonable para tal efecto, previa identificaci\u00f3n y llenado de vale.<\/span><\/li><li><span style=\"font-size: 12pt; font-family: Helvetica;\">Se prestar\u00e1 internamente equipo adicional a personas de la facultad que est\u00e9n capacitadas para su uso; siempre y cuando no interfiera con las actividades del laboratorio.<\/span><\/li><li><span style=\"font-size: 12pt; font-family: Helvetica;\">El pr\u00e9stamo externo de componentes y material bibliogr\u00e1fico a los maestros y alumnos de la Facultad de Ingenier\u00eda, deber\u00e1 ser autorizado por el jefe del laboratorio.<\/span><\/li><li><span style=\"font-size: 12pt; font-family: Helvetica;\">Todos los componentes y material de pr\u00e9stamo externo deber\u00e1 ser devuelto a m\u00e1s tardar al finalizar el semestre escolar correspondiente. No se prestar\u00e1 en esta modalidad equipo de medici\u00f3n, accesorios, ca\u00f1\u00f3n y laptop.<\/span><\/li><li><span style=\"font-size: 12pt; font-family: Helvetica;\">El pr\u00e9stamo de equipo fuera de las instalaciones de la Facultad de Ingenier\u00eda y de la Universidad deber\u00e1 ser autorizado por el Director o Subdirector de la Facultad si este no se encuentra, previa solicitud por escrito del interesado. El Director de la Facultad, emitir\u00e1 un oficio de aceptaci\u00f3n o rechazo de la solicitud al interesado, al coordinador de la carrera y al jefe del laboratorio. Al momento de la entrega se requerir\u00e1 las firmas del Director, Coordinador de la Carrera, Jefe del Laboratorio y Solicitante, indicando la fecha de devoluci\u00f3n. Cuando el equipo sea devuelto, este se revisar\u00e1 a detalle sus condiciones funcionamiento.<\/span><\/li><li><span style=\"font-size: 12pt; font-family: Helvetica;\">El pr\u00e9stamo del audiovisual ser\u00e1 prioritario para los alumnos inscritos al programa educativo de Ingeniero en Electr\u00f3nica. De no pertenecer a este programa el alumno deber\u00e1 hacer la solicitud un d\u00eda antes de su uso.<\/span><\/li><\/ol>\t\t\t\t\t\t\t\t<\/div>\n\t\t\t\t<\/div>\n\t\t\t\t<div class=\"elementor-element elementor-element-9c8a4f7 elementor-widget elementor-widget-eael-adv-accordion\" data-id=\"9c8a4f7\" data-element_type=\"widget\" data-e-type=\"widget\" data-widget_type=\"eael-adv-accordion.default\">\n\t\t\t\t<div class=\"elementor-widget-container\">\n\t\t\t\t\t            <div class=\"eael-adv-accordion\" id=\"eael-adv-accordion-9c8a4f7\" data-scroll-on-click=\"no\" data-scroll-speed=\"300\" data-accordion-id=\"9c8a4f7\" data-accordion-type=\"accordion\" data-toogle-speed=\"300\">\n            <div class=\"eael-accordion-list\">\n\t\t\t\t\t<div id=\"de-los-materiales-peligrosos\" class=\"elementor-tab-title eael-accordion-header\" tabindex=\"0\" data-tab=\"1\" aria-controls=\"elementor-tab-content-1641\"><span class=\"eael-advanced-accordion-icon-closed\"><i aria-hidden=\"true\" class=\"fa-accordion-icon fas fa-plus\"><\/i><\/span><span class=\"eael-advanced-accordion-icon-opened\"><i aria-hidden=\"true\" class=\"fa-accordion-icon fas fa-minus\"><\/i><\/span><span class=\"eael-accordion-tab-title\">DE LOS MATERIALES PELIGROSOS<\/span><\/div><div id=\"elementor-tab-content-1641\" class=\"eael-accordion-content clearfix\" data-tab=\"1\" aria-labelledby=\"de-los-materiales-peligrosos\"><ol style=\"text-align: justify;font-family: Helvetica;font-size: 12pt\">\n \t<li><span style=\"font-family: Helvetica\">Todo residuo o material peligroso deber\u00e1 ser depositado en el contenedor adecuado para su manejo correcto.<\/span><\/li>\n \t<li><span style=\"font-family: Helvetica\">En el caso particular del laboratorio de circuitos impresos, el cloruro f\u00e9rrico utilizado deber\u00e1 ser depositado en recipiente de pl\u00e1stico de alta densidad etiquetado, identificado y clasificado para su uso.<\/span><\/li>\n<\/ol><\/div>\n\t\t\t\t\t<\/div><div class=\"eael-accordion-list\">\n\t\t\t\t\t<div id=\"de-actividades-varias\" class=\"elementor-tab-title eael-accordion-header\" tabindex=\"0\" data-tab=\"2\" aria-controls=\"elementor-tab-content-1642\"><span class=\"eael-advanced-accordion-icon-closed\"><i aria-hidden=\"true\" class=\"fa-accordion-icon fas fa-plus\"><\/i><\/span><span class=\"eael-advanced-accordion-icon-opened\"><i aria-hidden=\"true\" class=\"fa-accordion-icon fas fa-minus\"><\/i><\/span><span class=\"eael-accordion-tab-title\">DE ACTIVIDADES VARIAS<\/span><\/div><div id=\"elementor-tab-content-1642\" class=\"eael-accordion-content clearfix\" data-tab=\"2\" aria-labelledby=\"de-actividades-varias\"><ol style=\"font-family: Helvetica;font-size: 12pt;text-align: justify\"><li><span style=\"font-family: Helvetica\">Todo actividad extraordinaria a las pr\u00e1cticas de laboratorio que se requiera llevar a cabo, deber\u00e1 ser notificada al personal auxiliar o al jefe del laboratorio; en el caso de uso de la red de computo, se deber\u00e1 registrarse previamente en los formatos de control establecidos para tal efecto.<\/span><\/li><li><span style=\"font-family: Helvetica\">Cualquier anomal\u00eda relacionada con el laboratorio y su funcionamiento, deber\u00e1 ser notificada a la brevedad posible y; en el mejor de los casos por escrito, al jefe de laboratorio o personal auxiliar con la finalidad de tomar acciones inmediatas que conlleven a la soluci\u00f3n de la misma. Las fallas y\/o anomal\u00edas que por descuido u omisi\u00f3n, o por mala fe, presentara alg\u00fan equipo de laboratorio ser\u00e1 atribuidas a quien haga uso del equipo afectado y no lo reporte.<\/span><\/li><li><span style=\"font-family: Helvetica\">Para una mejor operatividad, dentro del \u00e1rea del almac\u00e9n solo tendr\u00e1n derecho al acceso y\/o permanencia aquellas personas relacionadas con el funcionamiento del laboratorio e indicadas previamente por el jefe del laboratorio.<\/span><\/li><\/ol><\/div>\n\t\t\t\t\t<\/div><div class=\"eael-accordion-list\">\n\t\t\t\t\t<div id=\"acerca-de-las-sanciones\" class=\"elementor-tab-title eael-accordion-header\" tabindex=\"0\" data-tab=\"3\" aria-controls=\"elementor-tab-content-1643\"><span class=\"eael-advanced-accordion-icon-closed\"><i aria-hidden=\"true\" class=\"fa-accordion-icon fas fa-plus\"><\/i><\/span><span class=\"eael-advanced-accordion-icon-opened\"><i aria-hidden=\"true\" class=\"fa-accordion-icon fas fa-minus\"><\/i><\/span><span class=\"eael-accordion-tab-title\">ACERCA DE LAS SANCIONES<\/span><\/div><div id=\"elementor-tab-content-1643\" class=\"eael-accordion-content clearfix\" data-tab=\"3\" aria-labelledby=\"acerca-de-las-sanciones\"><ol style=\"font-family: Helvetica;font-size: 12pt;text-align: justify\"><li><span style=\"font-family: Helvetica;font-size: 12pt\">Se aplicar\u00e1n sanciones a quien infrinja una o m\u00e1s de las anteriores disposiciones. De acuerdo al grado de la falta, estas podr\u00e1n ser:<\/span><ol><li><span style=\"font-family: Helvetica;font-size: 12pt\">Llamada de atenci\u00f3n verbal.<\/span><\/li><li><span style=\"font-family: Helvetica;font-size: 12pt\">Llamada de atenci\u00f3n por escrito.<\/span><\/li><li><span style=\"font-family: Helvetica;font-size: 12pt\">Reparaci\u00f3n del da\u00f1o.<\/span><\/li><li><span style=\"font-family: Helvetica;font-size: 12pt\">Aplicaci\u00f3n directa de una sanci\u00f3n.<\/span><\/li><\/ol><\/li><\/ol><p style=\"font-family: Helvetica;font-size: 12pt;text-align: justify;margin-left: 48px\">El tipo de sanciones aplicables al alumno infractor, ser\u00e1n suspensiones de servicio considerando los siguientes criterios:<\/p><ol style=\"padding-left: 8px;text-align: justify;font-family: Helvetica;font-size: 12pt\"><li style=\"list-style-type: none\"><ol><li><span style=\"font-family: Helvetica;font-size: 12pt\">Pr\u00e9stamo de mesas b\u00e1sicas por tres d\u00edas h\u00e1biles a quienes no se den de alta y\/o baja en la hoja de control de mesas b\u00e1sicas disponibles en el almac\u00e9n.<\/span><\/li><li><span style=\"font-family: Helvetica;font-size: 12pt\">Pr\u00e9stamo de equipo de c\u00f3mputo por tres d\u00edas h\u00e1biles a quienes no se den alta y\/o baja en las hojas de control de equipo de computo disponibles en el almac\u00e9n.<\/span><\/li><li><span style=\"font-family: Helvetica;font-size: 12pt\">Prestamos de almac\u00e9n por tres d\u00edas h\u00e1biles y hasta que se pague lo adeudado a quienes, al final de cada pr\u00e1ctica, no entreguen los accesorios, manuales, libros y cualquier otro articulo de pr\u00e9stamo interno solicitado al almac\u00e9n.<\/span><\/li><li><span style=\"font-family: Helvetica;font-size: 12pt\">Pr\u00e9stamos de almac\u00e9n por tres d\u00edas h\u00e1biles y hasta que se pague lo adecuado a quienes no entreguen cualesquier pr\u00e9stamo externo dentro del plazo concedido.<\/span><\/li><li><span style=\"font-family: Helvetica;font-size: 12pt\">Pr\u00e9stamos de almac\u00e9n por una semana h\u00e1bil a quienes reincidan en los puntos i) e ii), muevan cualquier equipo de los salones sin aviso previo, desconecten los equipos de c\u00f3mputo y perif\u00e9ricos de los salones as\u00ed como el alterar su contenido t\u00e9cnico, dejen sucia el \u00e1rea de trabajo, sustraigan accesorios del equipo de medici\u00f3n o computo fuera del laboratorio y a quienes presten su nombre y\/o equipo a las personas suspendidas por incisos anteriores.<\/span><\/li><li><span style=\"font-family: Helvetica;font-size: 12pt\">Suspensi\u00f3n semestral, cuando la falta al presente reglamento de laboratorio sea grave, atente contra la moral, o est\u00e9 acompa\u00f1ada de dolo y\/o mala fe. Esta suspensi\u00f3n ser\u00e1 sancionada por las autoridades de la facultad.<\/span><\/li><li><span style=\"font-family: Helvetica;font-size: 12pt\">Suspensi\u00f3n del derecho de a tutor\u00eda para reinscripci\u00f3n a quienes tengan adeudos de laboratorio despu\u00e9s de la fecha indicada previamente para la entrega de material. En caso de cursar el \u00faltimo semestre no proceder\u00e1 su tr\u00e1mite de titulaci\u00f3n.<\/span><\/li><\/ol><\/li><\/ol><ol style=\"font-family: Helvetica;font-size: 12pt;text-align: justify\"><li><span style=\"font-family: Helvetica;font-size: 12pt\">Si, por causa de negligencia, abuso o mala fe resultara afectado alg\u00fan espacio f\u00edsico, mobiliario o equipo de laboratorio, la restauraci\u00f3n y\/o reparaci\u00f3n correr\u00e1 por cuenta de quien resulte responsable y sin demeritar las sanciones que por esto se apliquen.<\/span><\/li><li><span style=\"font-family: Helvetica;font-size: 12pt\">Se deber\u00e1 observar, en general, un buen comportamiento en los salones y en el \u00e1rea del laboratorio.<\/span><\/li><\/ol><\/div>\n\t\t\t\t\t<\/div><\/div>\t\t\t\t<\/div>\n\t\t\t\t<\/div>\n\t\t\t\t<\/div>\n\t\t\t\t<\/div>\n\t\t<div class=\"elementor-element elementor-element-7f413a1 e-con-full e-flex e-con e-child\" data-id=\"7f413a1\" data-element_type=\"container\" data-e-type=\"container\">\n\t\t<div class=\"elementor-element elementor-element-e2f7ce1 e-con-full e-flex e-con e-child\" data-id=\"e2f7ce1\" data-element_type=\"container\" data-e-type=\"container\" data-settings=\"{&quot;background_background&quot;:&quot;classic&quot;}\">\n\t\t\t\t<div class=\"elementor-element elementor-element-7124ad8 elementor-widget elementor-widget-heading\" data-id=\"7124ad8\" data-element_type=\"widget\" data-e-type=\"widget\" data-widget_type=\"heading.default\">\n\t\t\t\t<div class=\"elementor-widget-container\">\n\t\t\t\t\t<h2 class=\"elementor-heading-title elementor-size-default\">Contacto<\/h2>\t\t\t\t<\/div>\n\t\t\t\t<\/div>\n\t\t\t\t<div class=\"elementor-element elementor-element-b0e1aa4 elementor-widget-divider--view-line elementor-widget elementor-widget-divider\" data-id=\"b0e1aa4\" data-element_type=\"widget\" data-e-type=\"widget\" data-widget_type=\"divider.default\">\n\t\t\t\t<div class=\"elementor-widget-container\">\n\t\t\t\t\t\t\t<div class=\"elementor-divider\">\n\t\t\t<span class=\"elementor-divider-separator\">\n\t\t\t\t\t\t<\/span>\n\t\t<\/div>\n\t\t\t\t\t\t<\/div>\n\t\t\t\t<\/div>\n\t\t\t\t<div class=\"elementor-element elementor-element-ed29d85 elementor-widget elementor-widget-text-editor\" data-id=\"ed29d85\" data-element_type=\"widget\" data-e-type=\"widget\" data-widget_type=\"text-editor.default\">\n\t\t\t\t<div class=\"elementor-widget-container\">\n\t\t\t\t\t\t\t\t\t<p><span style=\"color: #339966;\"><strong><span style=\"font-size: 10pt;\">Dr. Miguel \u00c1ngel Garc\u00eda Andrade<\/span><\/strong><\/span><br \/><span style=\"color: #d39229;\"><strong><span style=\"font-size: 10pt;\"><em>Responsable de Laboratorios<\/em><\/span><\/strong><\/span><\/p><p>\u00a0<\/p><p><span style=\"font-size: 10pt;\"><strong><span style=\"color: #339966;\">Email:<\/span> <span style=\"color: #000000;\"><a style=\"color: #000000;\" href=\"mailto:mvera@uabc.edu.mx\">mvera@uabc.edu.mx<\/a><\/span><\/strong><\/span><br \/><span style=\"font-size: 10pt;\"><strong><span style=\"color: #339966;\">Tel\u00e9fono:<\/span> +52 (686) 841-8235<\/strong><\/span><\/p><p><span style=\"font-size: 10pt;\"><strong><span style=\"color: #339966;\">Ext.<\/span> 44431<\/strong><\/span><\/p>\t\t\t\t\t\t\t\t<\/div>\n\t\t\t\t<\/div>\n\t\t\t\t<\/div>\n\t\t<div class=\"elementor-element elementor-element-bc06b98 e-con-full e-flex e-con e-child\" data-id=\"bc06b98\" data-element_type=\"container\" data-e-type=\"container\" data-settings=\"{&quot;background_background&quot;:&quot;classic&quot;}\">\n\t\t\t\t<div class=\"elementor-element elementor-element-e81d5bb elementor-widget elementor-widget-heading\" data-id=\"e81d5bb\" data-element_type=\"widget\" data-e-type=\"widget\" data-widget_type=\"heading.default\">\n\t\t\t\t<div class=\"elementor-widget-container\">\n\t\t\t\t\t<h2 class=\"elementor-heading-title elementor-size-default\">ACREDITACIONES<\/h2>\t\t\t\t<\/div>\n\t\t\t\t<\/div>\n\t\t\t\t<div class=\"elementor-element elementor-element-7315864 elementor-widget-divider--view-line elementor-widget elementor-widget-divider\" data-id=\"7315864\" data-element_type=\"widget\" data-e-type=\"widget\" data-widget_type=\"divider.default\">\n\t\t\t\t<div class=\"elementor-widget-container\">\n\t\t\t\t\t\t\t<div class=\"elementor-divider\">\n\t\t\t<span class=\"elementor-divider-separator\">\n\t\t\t\t\t\t<\/span>\n\t\t<\/div>\n\t\t\t\t\t\t<\/div>\n\t\t\t\t<\/div>\n\t\t\t\t<div class=\"elementor-element elementor-element-a639627 elementor-widget__width-initial elementor-widget elementor-widget-image\" data-id=\"a639627\" data-element_type=\"widget\" data-e-type=\"widget\" data-widget_type=\"image.default\">\n\t\t\t\t<div class=\"elementor-widget-container\">\n\t\t\t\t\t\t\t\t\t\t\t\t\t\t\t\t<a href=\"https:\/\/ingenieria.mxl.uabc.mx\/pe_iea\/wp-content\/uploads\/2024\/03\/aneca_electronica.pdf\" target=\"_blank\">\n\t\t\t\t\t\t\t<img decoding=\"async\" width=\"300\" height=\"140\" src=\"https:\/\/ingenieria.mxl.uabc.mx\/pe_iea\/wp-content\/uploads\/2023\/09\/aneca.jpg\" class=\"attachment-medium size-medium wp-image-2133\" alt=\"\" \/>\t\t\t\t\t\t\t\t<\/a>\n\t\t\t\t\t\t\t\t\t\t\t\t\t\t\t<\/div>\n\t\t\t\t<\/div>\n\t\t\t\t<div class=\"elementor-element elementor-element-ed04bc7 elementor-widget elementor-widget-text-editor\" data-id=\"ed04bc7\" data-element_type=\"widget\" data-e-type=\"widget\" data-widget_type=\"text-editor.default\">\n\t\t\t\t<div class=\"elementor-widget-container\">\n\t\t\t\t\t\t\t\t\t<p><strong><span style=\"font-size: 10pt;\">Agencia Nacional de Evaluaci\u00f3n de la Calidad y Acreditaci\u00f3n.<\/span><\/strong><\/p>\t\t\t\t\t\t\t\t<\/div>\n\t\t\t\t<\/div>\n\t\t\t\t<div class=\"elementor-element elementor-element-d9f3c72 elementor-widget__width-initial elementor-widget elementor-widget-image\" data-id=\"d9f3c72\" data-element_type=\"widget\" data-e-type=\"widget\" data-widget_type=\"image.default\">\n\t\t\t\t<div class=\"elementor-widget-container\">\n\t\t\t\t\t\t\t\t\t\t\t\t\t\t\t\t<a href=\"https:\/\/ingenieria.mxl.uabc.mx\/pe_iea\/wp-content\/uploads\/2024\/04\/electronicacacei.pdf\" target=\"_blank\">\n\t\t\t\t\t\t\t<img fetchpriority=\"high\" decoding=\"async\" width=\"800\" height=\"350\" src=\"https:\/\/ingenieria.mxl.uabc.mx\/pe_iea\/wp-content\/uploads\/2023\/09\/cacei.jpg\" class=\"attachment-large size-large wp-image-2134\" alt=\"\" \/>\t\t\t\t\t\t\t\t<\/a>\n\t\t\t\t\t\t\t\t\t\t\t\t\t\t\t<\/div>\n\t\t\t\t<\/div>\n\t\t\t\t<div class=\"elementor-element elementor-element-f258118 elementor-widget elementor-widget-text-editor\" data-id=\"f258118\" data-element_type=\"widget\" data-e-type=\"widget\" data-widget_type=\"text-editor.default\">\n\t\t\t\t<div class=\"elementor-widget-container\">\n\t\t\t\t\t\t\t\t\t<p class=\"top-card-layout__title font-sans text-lg papabear:text-xl font-bold leading-open text-color-text mb-0\"><strong><span style=\"font-size: 10pt;\">Consejo de Acreditaci\u00f3n de la Ense\u00f1anza de la Ingenier\u00eda, A.C.<\/span><\/strong><\/p>\t\t\t\t\t\t\t\t<\/div>\n\t\t\t\t<\/div>\n\t\t\t\t<\/div>\n\t\t\t\t<\/div>\n\t\t\t\t<\/div>\n\t\t\t\t<\/div>\n\t\t","protected":false},"excerpt":{"rendered":"<p>Reglamentos y Horarios UNIVERSIDAD AUT\u00d3NOMA DE BAJA CALIFORNIAFACULTAD DE INGENIER\u00cdA MEXICALIREGLAMENTO DEL LABORATORIO DE ELECTR\u00d3NICA(Sujeto a modificaciones por el H. Consejo T\u00e9cnico) \u00a0 El Laboratorio de Electr\u00f3nica fue creado con el fin de complementar las competencias del Programa Educativo de la Carrera de Ingeniero en Electr\u00f3nica de la Facultad de Ingenier\u00eda Mexicali; en base a [&hellip;]<\/p>\n","protected":false},"author":3,"featured_media":0,"parent":0,"menu_order":0,"comment_status":"closed","ping_status":"closed","template":"","meta":{"site-sidebar-layout":"no-sidebar","site-content-layout":"page-builder","ast-site-content-layout":"full-width-container","site-content-style":"default","site-sidebar-style":"default","ast-global-header-display":"","ast-banner-title-visibility":"","ast-main-header-display":"","ast-hfb-above-header-display":"","ast-hfb-below-header-display":"","ast-hfb-mobile-header-display":"","site-post-title":"disabled","ast-breadcrumbs-content":"","ast-featured-img":"disabled","footer-sml-layout":"","ast-disable-related-posts":"","theme-transparent-header-meta":"default","adv-header-id-meta":"","stick-header-meta":"","header-above-stick-meta":"","header-main-stick-meta":"","header-below-stick-meta":"","astra-migrate-meta-layouts":"set","ast-page-background-enabled":"default","ast-page-background-meta":{"desktop":{"background-color":"","background-image":"","background-repeat":"repeat","background-position":"center center","background-size":"auto","background-attachment":"scroll","background-type":"","background-media":"","overlay-type":"","overlay-color":"","overlay-opacity":"","overlay-gradient":""},"tablet":{"background-color":"","background-image":"","background-repeat":"repeat","background-position":"center center","background-size":"auto","background-attachment":"scroll","background-type":"","background-media":"","overlay-type":"","overlay-color":"","overlay-opacity":"","overlay-gradient":""},"mobile":{"background-color":"","background-image":"","background-repeat":"repeat","background-position":"center center","background-size":"auto","background-attachment":"scroll","background-type":"","background-media":"","overlay-type":"","overlay-color":"","overlay-opacity":"","overlay-gradient":""}},"ast-content-background-meta":{"desktop":{"background-color":"var(--ast-global-color-5)","background-image":"","background-repeat":"repeat","background-position":"center center","background-size":"auto","background-attachment":"scroll","background-type":"","background-media":"","overlay-type":"","overlay-color":"","overlay-opacity":"","overlay-gradient":""},"tablet":{"background-color":"var(--ast-global-color-5)","background-image":"","background-repeat":"repeat","background-position":"center center","background-size":"auto","background-attachment":"scroll","background-type":"","background-media":"","overlay-type":"","overlay-color":"","overlay-opacity":"","overlay-gradient":""},"mobile":{"background-color":"var(--ast-global-color-5)","background-image":"","background-repeat":"repeat","background-position":"center center","background-size":"auto","background-attachment":"scroll","background-type":"","background-media":"","overlay-type":"","overlay-color":"","overlay-opacity":"","overlay-gradient":""}},"footnotes":""},"class_list":["post-3248","page","type-page","status-publish","hentry"],"_links":{"self":[{"href":"https:\/\/ingenieria.mxl.uabc.mx\/pe_iea\/wp-json\/wp\/v2\/pages\/3248","targetHints":{"allow":["GET"]}}],"collection":[{"href":"https:\/\/ingenieria.mxl.uabc.mx\/pe_iea\/wp-json\/wp\/v2\/pages"}],"about":[{"href":"https:\/\/ingenieria.mxl.uabc.mx\/pe_iea\/wp-json\/wp\/v2\/types\/page"}],"author":[{"embeddable":true,"href":"https:\/\/ingenieria.mxl.uabc.mx\/pe_iea\/wp-json\/wp\/v2\/users\/3"}],"replies":[{"embeddable":true,"href":"https:\/\/ingenieria.mxl.uabc.mx\/pe_iea\/wp-json\/wp\/v2\/comments?post=3248"}],"version-history":[{"count":85,"href":"https:\/\/ingenieria.mxl.uabc.mx\/pe_iea\/wp-json\/wp\/v2\/pages\/3248\/revisions"}],"predecessor-version":[{"id":5033,"href":"https:\/\/ingenieria.mxl.uabc.mx\/pe_iea\/wp-json\/wp\/v2\/pages\/3248\/revisions\/5033"}],"wp:attachment":[{"href":"https:\/\/ingenieria.mxl.uabc.mx\/pe_iea\/wp-json\/wp\/v2\/media?parent=3248"}],"curies":[{"name":"wp","href":"https:\/\/api.w.org\/{rel}","templated":true}]}}