{"id":5164,"date":"2026-04-14T18:28:34","date_gmt":"2026-04-15T02:28:34","guid":{"rendered":"https:\/\/ingenieria.mxl.uabc.mx\/pe_iea\/?page_id=5164"},"modified":"2026-04-14T18:59:02","modified_gmt":"2026-04-15T02:59:02","slug":"manuales-de-equipo-lab","status":"publish","type":"page","link":"https:\/\/ingenieria.mxl.uabc.mx\/pe_iea\/manuales-de-equipo-lab\/","title":{"rendered":"Manuales de Equipo"},"content":{"rendered":"\t\t<div data-elementor-type=\"wp-page\" data-elementor-id=\"5164\" class=\"elementor elementor-5164\">\n\t\t\t\t<div class=\"elementor-element elementor-element-a32812a e-con-full e-flex e-con e-parent\" data-id=\"a32812a\" data-element_type=\"container\" data-e-type=\"container\">\n\t\t<div class=\"elementor-element elementor-element-d700dbe e-con-full e-flex e-con e-child\" data-id=\"d700dbe\" data-element_type=\"container\" data-e-type=\"container\">\n\t\t<div class=\"elementor-element elementor-element-7f8a134 e-con-full e-flex e-con e-child\" data-id=\"7f8a134\" data-element_type=\"container\" data-e-type=\"container\" data-settings=\"{&quot;background_background&quot;:&quot;classic&quot;}\">\n\t\t\t\t<div class=\"elementor-element elementor-element-7e30e08 elementor-widget elementor-widget-heading\" data-id=\"7e30e08\" data-element_type=\"widget\" data-e-type=\"widget\" data-widget_type=\"heading.default\">\n\t\t\t\t<div class=\"elementor-widget-container\">\n\t\t\t\t\t<h1 class=\"elementor-heading-title elementor-size-default\">Manuales de Equipo<\/h1>\t\t\t\t<\/div>\n\t\t\t\t<\/div>\n\t\t\t\t<div class=\"elementor-element elementor-element-66d7613 elementor-widget-divider--view-line elementor-widget elementor-widget-divider\" data-id=\"66d7613\" data-element_type=\"widget\" data-e-type=\"widget\" data-widget_type=\"divider.default\">\n\t\t\t\t<div class=\"elementor-widget-container\">\n\t\t\t\t\t\t\t<div class=\"elementor-divider\">\n\t\t\t<span class=\"elementor-divider-separator\">\n\t\t\t\t\t\t<\/span>\n\t\t<\/div>\n\t\t\t\t\t\t<\/div>\n\t\t\t\t<\/div>\n\t\t\t\t<div class=\"elementor-element elementor-element-b1d1803 elementor-widget elementor-widget-text-editor\" data-id=\"b1d1803\" data-element_type=\"widget\" data-e-type=\"widget\" data-widget_type=\"text-editor.default\">\n\t\t\t\t<div class=\"elementor-widget-container\">\n\t\t\t\t\t\t\t\t\t<p><span style=\"font-size: 12pt;\">A continuaci\u00f3n se presenta el listado de equipo de laboratorio del programa educativo Ingeniero en Electr\u00f3nica:<br \/><br \/><\/span><\/p><p><a href=\"https:\/\/drive.google.com\/file\/d\/1Y5qSRZmqu0I1SsAWW7Ut5jlbHgPb2u3g\/view?usp=drive_link\" target=\"_blank\" rel=\"noopener\">TRAZADOR DE CURVAS TEK 571<\/a><\/p><p><a href=\"https:\/\/drive.google.com\/file\/d\/12j944xek2l-24j7oNSHz9NV9qzPkC2_V\/view?usp=drive_link\" target=\"_blank\" rel=\"noopener\">FUENTE AGILENT E3630A<\/a><\/p><p><a href=\"https:\/\/drive.google.com\/file\/d\/1ev5PIsI3jvWLdY-T1z0d76iXZCekzmEz\/view?usp=drive_link\" target=\"_blank\" rel=\"noopener\">FUENTE AGILENT U8002A<\/a><\/p><p><a href=\"https:\/\/drive.google.com\/file\/d\/1cjgvV3EuNHG4IKQ8-pPyxjhXqXnfDhOc\/view?usp=drive_link\">FUENTE BK PRECISION 1651\u00aa<\/a><\/p><p><a href=\"https:\/\/drive.google.com\/file\/d\/198ApCm8X9yC8NcAmnEOBvTxm5VFfroKj\/view?usp=drive_link\" target=\"_blank\" rel=\"noopener\">FUENTE EXTECH 38220<\/a><\/p><p><a href=\"https:\/\/drive.google.com\/file\/d\/1SfWbZQ99GvxfHFWFpw1qKr1uCIT2_ZO2\/view?usp=drive_link\" target=\"_blank\" rel=\"noopener\">FUENTE GW INSTEK GPC-1850D<\/a><\/p><p><a href=\"https:\/\/drive.google.com\/file\/d\/1xulfRU9k4FrPqhMdqpuzemEpxpWUSTfq\/view?usp=drive_link\" target=\"_blank\" rel=\"noopener\">FUENTE GW INSTEK GPC-3030D<\/a><\/p><p><a href=\"https:\/\/drive.google.com\/file\/d\/1d7aCN1QH9VU-heOwygYCVHAPyUohqPcF\/view?usp=drive_link\" target=\"_blank\" rel=\"noopener\">FUENTE GW INSTEK GPS-3303<\/a><\/p><p><a href=\"https:\/\/drive.google.com\/file\/d\/1IEhRc9_dIr0eB-oNkEkZovcHcagWX7C2\/view?usp=drive_link\" target=\"_blank\" rel=\"noopener\">FUENTE GW INSTEK SPS-1820<\/a><\/p><p><a href=\"https:\/\/drive.google.com\/file\/d\/1iLHl0YkNSLeN7xhOMi2FxmSi2aIjV9P6\/view?usp=drive_link\" target=\"_blank\" rel=\"noopener\">FUENTE GW INSTEK GPE-2323_3323<\/a><\/p><p><a href=\"https:\/\/drive.google.com\/file\/d\/1VBQnFBCpZ2fOTbn0tYoJOoWNsHEyelC5\/view?usp=drive_link\" target=\"_blank\" rel=\"noopener\">FUENTE HP 6205C<\/a><\/p><p><a href=\"https:\/\/drive.google.com\/file\/d\/1tCfrikOOLhe58ZpfyzHTx3dlk3Z-fqcx\/view?usp=drive_link\" target=\"_blank\" rel=\"noopener\">FUENTE HP 6236B<\/a><\/p><p><a href=\"https:\/\/drive.google.com\/file\/d\/1Fcvj06SJnJyBLyG8S-PB_JdpVGx6sLUB\/view?usp=drive_link\" target=\"_blank\" rel=\"noopener\">FUENTE HP 6612C<\/a><\/p><p><a href=\"https:\/\/drive.google.com\/drive\/folders\/1sLDw3hew-HGNSmMJXgMhTalTTEjaVsYb?usp=drive_link\" target=\"_blank\" rel=\"noopener\">FUENTE TEKTRONIX CPS250<\/a><\/p><p><a href=\"https:\/\/drive.google.com\/file\/d\/1AWccfLqPzWA5L4CG37Q-InamkWmTzomQ\/view?usp=drive_link\" target=\"_blank\" rel=\"noopener\">GENERADOR DE FUNCIONES AGILENT 33220A<\/a><\/p><p><a href=\"https:\/\/drive.google.com\/file\/d\/1QdgtEA-UEaZyhv1x-mmWIOkLIjZW-HDU\/view?usp=drive_link\" target=\"_blank\" rel=\"noopener\">GENERADOR DE FUNCIONES AGILENT E4422B<\/a><\/p><p><a href=\"https:\/\/drive.google.com\/file\/d\/1X2WvXj5qo9DrbTf_oNuqX3ZqONdjUocn\/view?usp=drive_link\" target=\"_blank\" rel=\"noopener\">GENERADOR DE FUNCIONES BK PRECISION 4001A<\/a><\/p><p><a href=\"https:\/\/drive.google.com\/file\/d\/1kYQkpqlSYfGU5g8jKbKiiZYtpF9US6ai\/view?usp=drive_link\" target=\"_blank\" rel=\"noopener\">GENERADOR DE FUNCIONES BK PRECISION 4011A<\/a><\/p><p><a href=\"https:\/\/drive.google.com\/file\/d\/1sKv9UQMOBZq4Y4GRDPLu9oWhAyIFc0gh\/view?usp=drive_link\" target=\"_blank\" rel=\"noopener\">GENERADOR DE FUNCIONES BK PRECISION 4017A<\/a><\/p><p><a href=\"https:\/\/drive.google.com\/file\/d\/1H5u-WJZ4ZCdlI5gZ9nDRZMOr-1WuN3fS\/view?usp=drive_link\" target=\"_blank\" rel=\"noopener\">GENERADOR DE FUNCIONES GW INSTEK GFG-8219A<\/a><\/p><p><a href=\"https:\/\/drive.google.com\/file\/d\/1JPehlzusbE_heW9wsGHVNuCzludzyVDU\/view?usp=drive_link\" target=\"_blank\" rel=\"noopener\">GENERADOR DE FUNCIONES GW INSTEK SFG-2110<\/a><\/p><p><a href=\"https:\/\/drive.google.com\/file\/d\/12Hl2lISSz1Dlx7zHP8gaOU8eXcDVhYFp\/view?usp=drive_link\" target=\"_blank\" rel=\"noopener\">GENERADOR DE FUNCIONES HP 3312A<\/a><\/p><p><a href=\"https:\/\/drive.google.com\/file\/d\/1QjbLQPKB9Y7M-i1tDjVOQHuYW1i3CRLa\/view?usp=drive_link\" target=\"_blank\" rel=\"noopener\">GENERADOR DE FUNCIONES TEKTRONIX AFG1022<\/a><\/p><p><a href=\"https:\/\/drive.google.com\/file\/d\/10wM-NmqRpjHSiwp_zPrlsBafntn9EF37\/view?usp=drive_link\" target=\"_blank\" rel=\"noopener\">GENERADOR DE FUNCIONES TEKTRONIX AFG3021B<\/a><\/p><p><a href=\"https:\/\/drive.google.com\/file\/d\/1_3m5zzAJVo6LuKBY3oju0NV3dY7EMbeD\/view?usp=drive_link\" target=\"_blank\" rel=\"noopener\">GENERADOR DE FUNCIONES TEKTRONIX CFG250<\/a><\/p><p><a href=\"https:\/\/drive.google.com\/file\/d\/1SZF6b_XGqp6b0F2futTbCNUunZKdDKXG\/view?usp=drive_link\" target=\"_blank\" rel=\"noopener\">GENERADOR DE FUNCIONES TEKTRONIX CFG253<\/a><\/p><p><a href=\"https:\/\/drive.google.com\/file\/d\/1pjcfKo3Wpi_ioTXGUBTyNGIO2dZ-0LKn\/view?usp=drive_link\" target=\"_blank\" rel=\"noopener\">MEDIDOR GW-INSTEK LCR-818<\/a><\/p><p><a href=\"https:\/\/drive.google.com\/file\/d\/1t45pFt0K8cNdIXEdvtMqztd_UB2H3zGj\/view?usp=drive_link\" target=\"_blank\" rel=\"noopener\">MULTIMETRO BK PRECISION 2831C<\/a><\/p><p><a href=\"https:\/\/drive.google.com\/file\/d\/1NaYf3QL_FIYrQXNnkR9KMmndQAEcLnlH\/view?usp=drive_link\" target=\"_blank\" rel=\"noopener\">MULTIMETRO BK PRECISION 2835<\/a><\/p><p><a href=\"https:\/\/drive.google.com\/file\/d\/1bWtiHSNpXSIVaIRi40vPfXiyThj4O3OK\/view?usp=drive_link\" target=\"_blank\" rel=\"noopener\">MULTIMETRO FLUKE 37<\/a><\/p><p><a href=\"https:\/\/drive.google.com\/file\/d\/17PNjaJSSfYMHhS--4-v9dnWR3N1neZDz\/view?usp=drive_link\" target=\"_blank\" rel=\"noopener\">MULTIMETRO FLUKE 8845A_8846A<\/a><\/p><p><a href=\"https:\/\/drive.google.com\/file\/d\/16m3IXYNGdxScTCSZ6z9nAGfQYoEhZeR8\/view?usp=drive_link\" target=\"_blank\" rel=\"noopener\">MULTIMETRO FLUKE 115C_117C<\/a><\/p><p><a href=\"https:\/\/drive.google.com\/file\/d\/17PNjaJSSfYMHhS--4-v9dnWR3N1neZDz\/view?usp=drive_link\" target=\"_blank\" rel=\"noopener\">MULTIMETRO FLUKE 8010A_8846A<\/a><\/p><p><a href=\"https:\/\/drive.google.com\/file\/d\/1vwPmqLsiBiT-0Irj0tjQMlPfZVL70ee5\/view?usp=drive_link\" target=\"_blank\" rel=\"noopener\">MULTIMETRO GW INSTEK GDM-8245<\/a><\/p><p><a href=\"https:\/\/drive.google.com\/file\/d\/1c3oiy99_aRpXcPa2F8SB_zOnb6w7s2gV\/view?usp=drive_link\" target=\"_blank\" rel=\"noopener\">MULTIMETRO KEITHLEY 2100<\/a><\/p><p><a href=\"https:\/\/drive.google.com\/file\/d\/18kuRfBxHSlZNkScwJKjczIxh0a7i7z0g\/view?usp=drive_link\" target=\"_blank\" rel=\"noopener\">MULTIMETRO KEITHLEY 2110<\/a><\/p><p><a href=\"https:\/\/drive.google.com\/file\/d\/1_MPt7n2AwNs9UkCKb4NoIQZRVkgax4aQ\/view?usp=drive_link\" target=\"_blank\" rel=\"noopener\">MULTIMETRO RIGOL DM3058<\/a><\/p><p><a href=\"https:\/\/drive.google.com\/file\/d\/1vi1aUqawdf2p4Kzku3yWBSePMO5Oi4zj\/view?usp=drive_link\" target=\"_blank\" rel=\"noopener\">MULTIMETRO TEKTRONIX CDM250<\/a><\/p><p><a href=\"https:\/\/drive.google.com\/file\/d\/1iTJa9LVzokc5Iv27xus7eAn06dBLulVm\/view?usp=drive_link\" target=\"_blank\" rel=\"noopener\">ANALIZADOR DE RED AGILENT 8753ES<\/a><\/p><p><a href=\"https:\/\/drive.google.com\/file\/d\/13XZNFHClcMveOtlXaFitytzQmuYlbgCV\/view?usp=drive_link\" target=\"_blank\" rel=\"noopener\">ANALIZADOR DE RED AGILENT 8753D<\/a><\/p><p><a href=\"https:\/\/drive.google.com\/file\/d\/1zBaw-805j_etyraom2LElPTaGtfqz3PK\/view?usp=drive_link\" target=\"_blank\" rel=\"noopener\">MEDIDOR DE RUIDO HP8970B<\/a><\/p><p><a href=\"https:\/\/drive.google.com\/file\/d\/1RH5QdKmpeVII09jlsj7WFMC4DqyCQx54\/view?usp=drive_link\" target=\"_blank\" rel=\"noopener\">OSCILOSCOPIO AGILENT DS01002A<\/a><\/p><p><a href=\"https:\/\/drive.google.com\/file\/d\/1gninSgcmO0ua4aHXxf-I54UN41RusJdX\/view?usp=drive_link\" target=\"_blank\" rel=\"noopener\">OSCILOSCOPIO RIGOL DS1102E<\/a><\/p><p><a href=\"https:\/\/drive.google.com\/file\/d\/1gGB54vwpakuSZCZb0qKZUSzOOR8aC6dz\/view?usp=drive_link\" target=\"_blank\" rel=\"noopener\">OSCILOSCOPIO TEKTRONIX 2213<\/a><\/p><p><a href=\"https:\/\/drive.google.com\/file\/d\/1j3HJutgYXmHFN1PaUDwKs1EqndU9kErJ\/view?usp=drive_link\" target=\"_blank\" rel=\"noopener\">OSCILOSCOPIO TEKTRONIX 2225<\/a><\/p><p><a href=\"https:\/\/drive.google.com\/file\/d\/1KQ2-uTRyVqWplx0aIk7WeGBNgmq2QG7e\/view?usp=drive_link\" target=\"_blank\" rel=\"noopener\">OSCILOSCOPIO TEKTRONIX DS2012<\/a><\/p><p><a href=\"https:\/\/drive.google.com\/file\/d\/1HMB2UlAWZOru_gan68LmrrZC93b6ihq0\/view?usp=drive_link\" target=\"_blank\" rel=\"noopener\">OSCILOSCOPIO TEKTRONIX TBS1022<\/a><\/p><p><a href=\"https:\/\/drive.google.com\/file\/d\/1ZRLqUnk23ekXBkQxBej_HBkRdD-ojbVI\/view?usp=drive_link\" target=\"_blank\" rel=\"noopener\">OSCILOSCOPIO TEKTRONIX TBS1032B<\/a><\/p><p><a href=\"https:\/\/drive.google.com\/file\/d\/1Nam_-qYqstVLfkarc7UP91apXgXIP5a8\/view?usp=drive_link\" target=\"_blank\" rel=\"noopener\">OSCILOSCOPIO TEKTRONIX TDS1002_TDS2012<\/a><\/p><p><a href=\"https:\/\/drive.google.com\/file\/d\/165E0OmbkVBMY_J4aV1Jobs7Rz2SH7zk8\/view?usp=drive_link\" target=\"_blank\" rel=\"noopener\">OSCILOSCOPIO TEKTRONIX TDS2002B<\/a><\/p><p><a href=\"https:\/\/drive.google.com\/file\/d\/1kMu-8XuACEAKiQGZ8h-NHkLuDbGwEwvF\/view?usp=drive_link\" target=\"_blank\" rel=\"noopener\">OSCILOSCOPIO TEKTRONIX TPS2024<\/a><\/p><p><a href=\"https:\/\/drive.google.com\/file\/d\/11RXwIhzIGBYQBbIZPqk4Mc5VTkJK-kWY\/view?usp=drive_link\" target=\"_blank\" rel=\"noopener\">OSCILOSCOPIO TEKTRONIX TDS210_TDS220_TDS224<\/a><\/p><p><a href=\"https:\/\/drive.google.com\/file\/d\/13sN38YirbYyzNsi7v86vkTb0q1SYhF-m\/view?usp=drive_link\" target=\"_blank\" rel=\"noopener\">MEDIDOR DE ENERGIA AGILENT 4419B<\/a><\/p><p><a href=\"https:\/\/drive.google.com\/file\/d\/1Qa-od9DISkcf021LH2UgpHXjSKJOTRMY\/view?usp=drive_link\" target=\"_blank\" rel=\"noopener\">ANALIZADOR ESPECTRAL GW INSTEK GPS-827<\/a><\/p><p><a href=\"https:\/\/drive.google.com\/file\/d\/1RF9NEx561z4DWlZB18Z6Rbv5W9kIJOp4\/view?usp=drive_link\" target=\"_blank\" rel=\"noopener\">ANALIZADOR ESPECTRAL HP8591A<\/a><\/p><p><a href=\"https:\/\/drive.google.com\/file\/d\/1ndiOUD3vcc47qSWaPtxlZqylj-Fyjgmq\/view?usp=drive_link\" target=\"_blank\" rel=\"noopener\">ANALIZADOR ESPECTRAL HP8593<\/a><\/p><p><a href=\"https:\/\/drive.google.com\/file\/d\/1yMdiDq8F7gfmWAzFLLtdSeLcbxmAsoHY\/view?usp=drive_link\" target=\"_blank\" rel=\"noopener\">ANALIZADOR ESPECTRAL R_S FSL<\/a><\/p><p><a href=\"https:\/\/drive.google.com\/file\/d\/1oQIvV0BH0bVSEYSoHW3WlgE9UTwlEEe1\/view?usp=drive_link\" target=\"_blank\" rel=\"noopener\">ANALIZADOR ESPECTRAL TEKTRONIX 1230<\/a><\/p><p><a href=\"https:\/\/drive.google.com\/file\/d\/14CUq4NVoO83mR3T1RfCZduj40RKS5CYD\/view?usp=drive_link\" target=\"_blank\" rel=\"noopener\">ANALIZADOR DEL CONTADOR TEMPORIZADOR CNT-90<\/a><\/p><p><a href=\"https:\/\/drive.google.com\/file\/d\/1BXtmRYAoo1_-My8XtR8zCNhNM8WtVIEk\/view?usp=drive_link\" target=\"_blank\" rel=\"noopener\">CONTADORES UNIVERSALES AGILENT 53132A<\/a><\/p><p><a href=\"https:\/\/drive.google.com\/file\/d\/1s6ymlkuQLRQBb27uFUcPZsfav5r14lhH\/view?usp=drive_link\" target=\"_blank\" rel=\"noopener\">CONTADORES UNIVERSALES HP 5314A<\/a><\/p><p><a href=\"https:\/\/drive.google.com\/file\/d\/1P7GWX4UfFuuGmlLD1AF3xer8wLdErX02\/view?usp=drive_link\" target=\"_blank\" rel=\"noopener\">GENERADOR DE SENAL VECTORIAL R_S SMIQ06B<\/a><\/p><p><a href=\"https:\/\/drive.google.com\/file\/d\/1HpkdI1SW-zRtMwvft6Md6-LiIXQF7sSE\/view?usp=drive_link\" target=\"_blank\" rel=\"noopener\">GENERADOR DE SENAL VECTORIAL R_S SMU200A<\/a><\/p>\t\t\t\t\t\t\t\t<\/div>\n\t\t\t\t<\/div>\n\t\t\t\t<\/div>\n\t\t\t\t<\/div>\n\t\t<div class=\"elementor-element elementor-element-7f413a1 e-con-full e-flex e-con e-child\" data-id=\"7f413a1\" data-element_type=\"container\" data-e-type=\"container\">\n\t\t<div class=\"elementor-element elementor-element-e86544f e-con-full e-flex e-con e-child\" data-id=\"e86544f\" data-element_type=\"container\" data-e-type=\"container\" data-settings=\"{&quot;background_background&quot;:&quot;classic&quot;}\">\n\t\t\t\t<div class=\"elementor-element elementor-element-950cd23 elementor-widget elementor-widget-heading\" data-id=\"950cd23\" data-element_type=\"widget\" data-e-type=\"widget\" data-widget_type=\"heading.default\">\n\t\t\t\t<div class=\"elementor-widget-container\">\n\t\t\t\t\t<h2 class=\"elementor-heading-title elementor-size-default\">Contacto<\/h2>\t\t\t\t<\/div>\n\t\t\t\t<\/div>\n\t\t\t\t<div class=\"elementor-element elementor-element-318d8c9 elementor-widget-divider--view-line elementor-widget elementor-widget-divider\" data-id=\"318d8c9\" data-element_type=\"widget\" data-e-type=\"widget\" data-widget_type=\"divider.default\">\n\t\t\t\t<div class=\"elementor-widget-container\">\n\t\t\t\t\t\t\t<div class=\"elementor-divider\">\n\t\t\t<span class=\"elementor-divider-separator\">\n\t\t\t\t\t\t<\/span>\n\t\t<\/div>\n\t\t\t\t\t\t<\/div>\n\t\t\t\t<\/div>\n\t\t\t\t<div class=\"elementor-element elementor-element-4d756fd elementor-widget elementor-widget-text-editor\" data-id=\"4d756fd\" data-element_type=\"widget\" data-e-type=\"widget\" data-widget_type=\"text-editor.default\">\n\t\t\t\t<div class=\"elementor-widget-container\">\n\t\t\t\t\t\t\t\t\t<p><span style=\"color: #339966;\"><strong><span style=\"font-size: 10pt;\">Dr. Miguel \u00c1ngel Garc\u00eda Andrade<\/span><\/strong><\/span><br \/><span style=\"color: #d39229;\"><strong><span style=\"font-size: 10pt;\"><em>Responsable de Laboratorios<\/em><\/span><\/strong><\/span><\/p><p>\u00a0<\/p><p><span style=\"font-size: 10pt;\"><strong><span style=\"color: #339966;\">Email:<\/span> <span style=\"color: #000000;\"><a style=\"color: #000000;\" href=\"mailto:mvera@uabc.edu.mx\">mvera@uabc.edu.mx<\/a><\/span><\/strong><\/span><br \/><span style=\"font-size: 10pt;\"><strong><span style=\"color: #339966;\">Tel\u00e9fono:<\/span> +52 (686) 841-8235<\/strong><\/span><\/p><p><span style=\"font-size: 10pt;\"><strong><span style=\"color: #339966;\">Ext.<\/span> 44431<\/strong><\/span><\/p>\t\t\t\t\t\t\t\t<\/div>\n\t\t\t\t<\/div>\n\t\t\t\t<\/div>\n\t\t<div class=\"elementor-element elementor-element-3ea15ff e-con-full e-flex e-con e-child\" data-id=\"3ea15ff\" data-element_type=\"container\" data-e-type=\"container\" data-settings=\"{&quot;background_background&quot;:&quot;classic&quot;}\">\n\t\t\t\t<div class=\"elementor-element elementor-element-a1c20f0 elementor-widget elementor-widget-heading\" data-id=\"a1c20f0\" data-element_type=\"widget\" data-e-type=\"widget\" data-widget_type=\"heading.default\">\n\t\t\t\t<div class=\"elementor-widget-container\">\n\t\t\t\t\t<h2 class=\"elementor-heading-title elementor-size-default\">ACREDITACIONES<\/h2>\t\t\t\t<\/div>\n\t\t\t\t<\/div>\n\t\t\t\t<div class=\"elementor-element elementor-element-a7708a7 elementor-widget-divider--view-line elementor-widget elementor-widget-divider\" data-id=\"a7708a7\" data-element_type=\"widget\" data-e-type=\"widget\" data-widget_type=\"divider.default\">\n\t\t\t\t<div class=\"elementor-widget-container\">\n\t\t\t\t\t\t\t<div class=\"elementor-divider\">\n\t\t\t<span class=\"elementor-divider-separator\">\n\t\t\t\t\t\t<\/span>\n\t\t<\/div>\n\t\t\t\t\t\t<\/div>\n\t\t\t\t<\/div>\n\t\t\t\t<div class=\"elementor-element elementor-element-7d3cc2f elementor-widget__width-initial elementor-widget elementor-widget-image\" data-id=\"7d3cc2f\" data-element_type=\"widget\" data-e-type=\"widget\" data-widget_type=\"image.default\">\n\t\t\t\t<div class=\"elementor-widget-container\">\n\t\t\t\t\t\t\t\t\t\t\t\t\t\t\t\t<a href=\"https:\/\/ingenieria.mxl.uabc.mx\/pe_iea\/wp-content\/uploads\/2024\/03\/aneca_electronica.pdf\" target=\"_blank\">\n\t\t\t\t\t\t\t<img decoding=\"async\" width=\"300\" height=\"140\" src=\"https:\/\/ingenieria.mxl.uabc.mx\/pe_iea\/wp-content\/uploads\/2023\/09\/aneca.jpg\" class=\"attachment-medium size-medium wp-image-2133\" alt=\"\" \/>\t\t\t\t\t\t\t\t<\/a>\n\t\t\t\t\t\t\t\t\t\t\t\t\t\t\t<\/div>\n\t\t\t\t<\/div>\n\t\t\t\t<div class=\"elementor-element elementor-element-1348839 elementor-widget elementor-widget-text-editor\" data-id=\"1348839\" data-element_type=\"widget\" data-e-type=\"widget\" data-widget_type=\"text-editor.default\">\n\t\t\t\t<div class=\"elementor-widget-container\">\n\t\t\t\t\t\t\t\t\t<p><strong><span style=\"font-size: 10pt;\">Agencia Nacional de Evaluaci\u00f3n de la Calidad y Acreditaci\u00f3n.<\/span><\/strong><\/p>\t\t\t\t\t\t\t\t<\/div>\n\t\t\t\t<\/div>\n\t\t\t\t<div class=\"elementor-element elementor-element-6e0a120 elementor-widget__width-initial elementor-widget elementor-widget-image\" data-id=\"6e0a120\" data-element_type=\"widget\" data-e-type=\"widget\" data-widget_type=\"image.default\">\n\t\t\t\t<div class=\"elementor-widget-container\">\n\t\t\t\t\t\t\t\t\t\t\t\t\t\t\t\t<a href=\"https:\/\/ingenieria.mxl.uabc.mx\/pe_iea\/wp-content\/uploads\/2024\/04\/electronicacacei.pdf\" target=\"_blank\">\n\t\t\t\t\t\t\t<img fetchpriority=\"high\" decoding=\"async\" width=\"800\" height=\"350\" src=\"https:\/\/ingenieria.mxl.uabc.mx\/pe_iea\/wp-content\/uploads\/2023\/09\/cacei.jpg\" class=\"attachment-large size-large wp-image-2134\" alt=\"\" \/>\t\t\t\t\t\t\t\t<\/a>\n\t\t\t\t\t\t\t\t\t\t\t\t\t\t\t<\/div>\n\t\t\t\t<\/div>\n\t\t\t\t<div class=\"elementor-element elementor-element-f6f8251 elementor-widget elementor-widget-text-editor\" data-id=\"f6f8251\" data-element_type=\"widget\" data-e-type=\"widget\" data-widget_type=\"text-editor.default\">\n\t\t\t\t<div class=\"elementor-widget-container\">\n\t\t\t\t\t\t\t\t\t<p class=\"top-card-layout__title font-sans text-lg papabear:text-xl font-bold leading-open text-color-text mb-0\"><strong><span style=\"font-size: 10pt;\">Consejo de Acreditaci\u00f3n de la Ense\u00f1anza de la Ingenier\u00eda, A.C.<\/span><\/strong><\/p>\t\t\t\t\t\t\t\t<\/div>\n\t\t\t\t<\/div>\n\t\t\t\t<\/div>\n\t\t\t\t<\/div>\n\t\t\t\t<\/div>\n\t\t\t\t<\/div>\n\t\t","protected":false},"excerpt":{"rendered":"<p>Manuales de Equipo A continuaci\u00f3n se presenta el listado de equipo de laboratorio del programa educativo Ingeniero en Electr\u00f3nica: TRAZADOR DE CURVAS TEK 571 FUENTE AGILENT E3630A FUENTE AGILENT U8002A FUENTE BK PRECISION 1651\u00aa FUENTE EXTECH 38220 FUENTE GW INSTEK GPC-1850D FUENTE GW INSTEK GPC-3030D FUENTE GW INSTEK GPS-3303 FUENTE GW INSTEK SPS-1820 FUENTE GW [&hellip;]<\/p>\n","protected":false},"author":3,"featured_media":0,"parent":0,"menu_order":0,"comment_status":"closed","ping_status":"closed","template":"","meta":{"site-sidebar-layout":"no-sidebar","site-content-layout":"page-builder","ast-site-content-layout":"full-width-container","site-content-style":"default","site-sidebar-style":"default","ast-global-header-display":"","ast-banner-title-visibility":"","ast-main-header-display":"","ast-hfb-above-header-display":"","ast-hfb-below-header-display":"","ast-hfb-mobile-header-display":"","site-post-title":"disabled","ast-breadcrumbs-content":"","ast-featured-img":"disabled","footer-sml-layout":"","ast-disable-related-posts":"","theme-transparent-header-meta":"default","adv-header-id-meta":"","stick-header-meta":"","header-above-stick-meta":"","header-main-stick-meta":"","header-below-stick-meta":"","astra-migrate-meta-layouts":"set","ast-page-background-enabled":"default","ast-page-background-meta":{"desktop":{"background-color":"","background-image":"","background-repeat":"repeat","background-position":"center center","background-size":"auto","background-attachment":"scroll","background-type":"","background-media":"","overlay-type":"","overlay-color":"","overlay-opacity":"","overlay-gradient":""},"tablet":{"background-color":"","background-image":"","background-repeat":"repeat","background-position":"center center","background-size":"auto","background-attachment":"scroll","background-type":"","background-media":"","overlay-type":"","overlay-color":"","overlay-opacity":"","overlay-gradient":""},"mobile":{"background-color":"","background-image":"","background-repeat":"repeat","background-position":"center center","background-size":"auto","background-attachment":"scroll","background-type":"","background-media":"","overlay-type":"","overlay-color":"","overlay-opacity":"","overlay-gradient":""}},"ast-content-background-meta":{"desktop":{"background-color":"var(--ast-global-color-5)","background-image":"","background-repeat":"repeat","background-position":"center center","background-size":"auto","background-attachment":"scroll","background-type":"","background-media":"","overlay-type":"","overlay-color":"","overlay-opacity":"","overlay-gradient":""},"tablet":{"background-color":"var(--ast-global-color-5)","background-image":"","background-repeat":"repeat","background-position":"center center","background-size":"auto","background-attachment":"scroll","background-type":"","background-media":"","overlay-type":"","overlay-color":"","overlay-opacity":"","overlay-gradient":""},"mobile":{"background-color":"var(--ast-global-color-5)","background-image":"","background-repeat":"repeat","background-position":"center center","background-size":"auto","background-attachment":"scroll","background-type":"","background-media":"","overlay-type":"","overlay-color":"","overlay-opacity":"","overlay-gradient":""}},"footnotes":""},"class_list":["post-5164","page","type-page","status-publish","hentry"],"_links":{"self":[{"href":"https:\/\/ingenieria.mxl.uabc.mx\/pe_iea\/wp-json\/wp\/v2\/pages\/5164","targetHints":{"allow":["GET"]}}],"collection":[{"href":"https:\/\/ingenieria.mxl.uabc.mx\/pe_iea\/wp-json\/wp\/v2\/pages"}],"about":[{"href":"https:\/\/ingenieria.mxl.uabc.mx\/pe_iea\/wp-json\/wp\/v2\/types\/page"}],"author":[{"embeddable":true,"href":"https:\/\/ingenieria.mxl.uabc.mx\/pe_iea\/wp-json\/wp\/v2\/users\/3"}],"replies":[{"embeddable":true,"href":"https:\/\/ingenieria.mxl.uabc.mx\/pe_iea\/wp-json\/wp\/v2\/comments?post=5164"}],"version-history":[{"count":10,"href":"https:\/\/ingenieria.mxl.uabc.mx\/pe_iea\/wp-json\/wp\/v2\/pages\/5164\/revisions"}],"predecessor-version":[{"id":5174,"href":"https:\/\/ingenieria.mxl.uabc.mx\/pe_iea\/wp-json\/wp\/v2\/pages\/5164\/revisions\/5174"}],"wp:attachment":[{"href":"https:\/\/ingenieria.mxl.uabc.mx\/pe_iea\/wp-json\/wp\/v2\/media?parent=5164"}],"curies":[{"name":"wp","href":"https:\/\/api.w.org\/{rel}","templated":true}]}}