{"id":2861,"date":"2023-10-10T07:55:47","date_gmt":"2023-10-10T15:55:47","guid":{"rendered":"http:\/\/localhost\/pe_ico\/?page_id=2861"},"modified":"2025-06-05T09:47:56","modified_gmt":"2025-06-05T17:47:56","slug":"perfil-de-egreso","status":"publish","type":"page","link":"https:\/\/ingenieria.mxl.uabc.mx\/pe_ieo\/perfil-de-egreso\/","title":{"rendered":"Perfil de Egreso"},"content":{"rendered":"\t\t<div data-elementor-type=\"wp-page\" data-elementor-id=\"2861\" class=\"elementor elementor-2861\">\n\t\t\t\t<div class=\"elementor-element elementor-element-c49e4db e-con-full e-flex e-con e-parent\" data-id=\"c49e4db\" data-element_type=\"container\" data-e-type=\"container\">\n\t\t<div class=\"elementor-element elementor-element-aa290a3 e-con-full e-flex e-con e-child\" data-id=\"aa290a3\" data-element_type=\"container\" data-e-type=\"container\">\n\t\t<div class=\"elementor-element elementor-element-7f8a134 e-con-full e-flex e-con e-child\" data-id=\"7f8a134\" data-element_type=\"container\" data-e-type=\"container\" data-settings=\"{&quot;background_background&quot;:&quot;classic&quot;}\">\n\t\t\t\t<div class=\"elementor-element elementor-element-7e30e08 elementor-widget elementor-widget-heading\" data-id=\"7e30e08\" data-element_type=\"widget\" data-e-type=\"widget\" data-widget_type=\"heading.default\">\n\t\t\t\t<div class=\"elementor-widget-container\">\n\t\t\t\t\t<h1 class=\"elementor-heading-title elementor-size-default\">Perfil de Egreso<\/h1>\t\t\t\t<\/div>\n\t\t\t\t<\/div>\n\t\t\t\t<div class=\"elementor-element elementor-element-66d7613 elementor-widget-divider--view-line elementor-widget elementor-widget-divider\" data-id=\"66d7613\" data-element_type=\"widget\" data-e-type=\"widget\" data-widget_type=\"divider.default\">\n\t\t\t\t<div class=\"elementor-widget-container\">\n\t\t\t\t\t\t\t<div class=\"elementor-divider\">\n\t\t\t<span class=\"elementor-divider-separator\">\n\t\t\t\t\t\t<\/span>\n\t\t<\/div>\n\t\t\t\t\t\t<\/div>\n\t\t\t\t<\/div>\n\t\t\t\t<div class=\"elementor-element elementor-element-15ff8cb elementor-widget elementor-widget-text-editor\" data-id=\"15ff8cb\" data-element_type=\"widget\" data-e-type=\"widget\" data-widget_type=\"text-editor.default\">\n\t\t\t\t<div class=\"elementor-widget-container\">\n\t\t\t\t\t\t\t\t\t<p style=\"text-align: justify;\" align=\"center\"><span style=\"font-size: 14pt;\">El programa educativo Ingeniero El\u00e9ctrico forma profesionistas competentes para la soluci\u00f3n de problemas relacionados con la calidad y el uso racional de la energ\u00eda el\u00e9ctrica aplicando la normatividad vigente en los sistemas el\u00e9ctricos.<\/span><\/p>\t\t\t\t\t\t\t\t<\/div>\n\t\t\t\t<\/div>\n\t\t\t\t<div class=\"elementor-element elementor-element-4a85025 elementor-widget elementor-widget-eael-adv-tabs\" data-id=\"4a85025\" data-element_type=\"widget\" data-e-type=\"widget\" data-widget_type=\"eael-adv-tabs.default\">\n\t\t\t\t<div class=\"elementor-widget-container\">\n\t\t\t\t\t        <div data-scroll-on-click=\"no\" data-scroll-speed=\"300\" id=\"eael-advance-tabs-4a85025\" class=\"eael-advance-tabs eael-tabs-vertical eael-tab-auto-active \" data-tabid=\"4a85025\">\n            <div class=\"eael-tabs-nav \">\n                <ul class=\"eael-tab-inline-icon\" role=\"tablist\">\n                                            <li id=\"perfil-de-egreso\" class=\"inactive eael-tab-item-trigger eael-tab-nav-item\" aria-selected=\"true\" data-tab=\"1\" role=\"tab\" tabindex=\"0\" aria-controls=\"perfil-de-egreso-tab\" aria-expanded=\"false\">\n                            \n                                                                <i class=\"fas fa-laptop-code\"><\/i>                                                            \n                                                            <span class=\"eael-tab-title title-after-icon\" >Perfil de Egreso<\/span>                            \n                                                    <\/li>\n                                            <li id=\"atributos-de-egreso\" class=\"inactive eael-tab-item-trigger eael-tab-nav-item\" aria-selected=\"false\" data-tab=\"2\" role=\"tab\" tabindex=\"-1\" aria-controls=\"atributos-de-egreso-tab\" aria-expanded=\"false\">\n                            \n                                                                <i class=\"fas fa-code\"><\/i>                                                            \n                                                            <span class=\"eael-tab-title title-after-icon\" >Atributos de Egreso<\/span>                            \n                                                    <\/li>\n                                            <li id=\"objetivos-educacionales\" class=\"inactive eael-tab-item-trigger eael-tab-nav-item\" aria-selected=\"false\" data-tab=\"3\" role=\"tab\" tabindex=\"-1\" aria-controls=\"objetivos-educacionales-tab\" aria-expanded=\"false\">\n                            \n                                                                <i class=\"far fa-list-alt\"><\/i>                                                            \n                                                            <span class=\"eael-tab-title title-after-icon\" >Objetivos Educacionales<\/span>                            \n                                                    <\/li>\n                    \n                                  <\/ul>\n            <\/div>\n            \n            <div class=\"eael-tabs-content\">\n\t\t        \n                    <div id=\"perfil-de-egreso-tab\" class=\"clearfix eael-tab-content-item inactive\" data-title-link=\"perfil-de-egreso-tab\">\n\t\t\t\t        <p><span style=\"font-size: 14pt\">El Ingeniero El\u00e9ctrico ser\u00e1 competente para:<br \/><br \/><\/span><\/p><ul><li><span style=\"font-size: 14pt\">Planear sistemas el\u00e9ctricos por medio de la integraci\u00f3n de t\u00e9cnicas, herramientas, hardware y software especializados, aplicando la normatividad vigente, para mejorar la confiabilidad, la calidad de la energ\u00eda el\u00e9ctrica y\u00a0reducir el impacto ambiental\u00a0en\u00a0el sector social y productivo en el \u00e1mbito nacional, con liderazgo y creatividad.<\/span><\/li><\/ul><ul><li><span style=\"font-size: 14pt\">Mantener en servicio sistemas y equipos el\u00e9ctricos aplicando la investigaci\u00f3n y el uso de t\u00e9cnicas y herramientas actualizadas, de acuerdo a las normas nacionales e internacionales, para garantizar la continuidad y calidad de la energ\u00eda el\u00e9ctrica haciendo uso eficiente de la misma, con objetividad, integridad y trabajo en equipo.<\/span><\/li><\/ul><ul><li><span style=\"font-size: 14pt\">Implementar sistemas de control mediante circuitos electromec\u00e1nicos y electr\u00f3nicos de potencia aplicando los conocimientos, herramientas, hardware y software especializados, para mejorar los sistemas de control de la energ\u00eda el\u00e9ctrica, con creatividad, honradez y trabajo en equipo.<\/span><\/li><\/ul><ul><li><span style=\"font-size: 14pt\">Aplicar la administraci\u00f3n de recursos humanos y materiales en empresas y\/o departamentos relacionados con la energ\u00eda el\u00e9ctrica mediante el uso de herramientas, t\u00e9cnicas administrativas y de comunicaci\u00f3n tanto en ingl\u00e9s como en espa\u00f1ol, que le permitan lograr los objetivos que establezca la empresa, con responsabilidad social y honradez.<\/span><\/li><\/ul>                    <\/div>\n\t\t        \n                    <div id=\"atributos-de-egreso-tab\" class=\"clearfix eael-tab-content-item inactive\" data-title-link=\"atributos-de-egreso-tab\">\n\t\t\t\t        <p><span style=\"font-size: 14pt\">Los atributos de egreso conforman los componentes indicativos del potencial de un egresado para adquirir las competencias o capacidades para ejercer la pr\u00e1ctica de la ingenier\u00eda a un nivel apropiado.<br \/><br \/><\/span><\/p><ol><li><p><span style=\"font-size: 14pt\">Identificar, formular y resolver problemas de ingenier\u00eda el\u00e9ctrica relacionados con la eficiencia, calidad, confiabilidad, continuidad y seguridad del suministro de energ\u00eda el\u00e9ctrica aplicando los principios de las ciencias b\u00e1sicas e ingenier\u00eda.<\/span><\/p><\/li><li><p><span style=\"font-size: 14pt\">Aplicar, analizar y describir procesos de dise\u00f1o de los sistemas el\u00e9ctricos para su protecci\u00f3n, control y construcci\u00f3n utilizando la normatividad vigente de acuerdo a las necesidades del usuario.<\/span><\/p><\/li><li><p><span style=\"font-size: 14pt\">Desarrollar pruebas y mediciones que permita realizar el an\u00e1lisis e interpretaci\u00f3n de resultados a sistemas y equipos el\u00e9ctricos, utilizando su juicio ingenieril y aplicando la normatividad vigente para garantizar la continuidad, eficiencia y calidad de la energ\u00eda el\u00e9ctrica.<\/span><\/p><\/li><li><p><span style=\"font-size: 14pt\">Utilizar el lenguaje t\u00e9cnico adecuado que le permita comunicarse con distintos profesionistas y audiencias.<\/span><\/p><\/li><li><p><span style=\"font-size: 14pt\">Conocer, aplicar y evaluar el cumplimiento de las Normas Nacionales e Internacionales, relacionadas con la medici\u00f3n y construcci\u00f3n de sistemas el\u00e9ctricos, cuidando el ambiente natural, social y econ\u00f3mico, reconociendo sus responsabilidades \u00e9ticas y profesionales.<\/span><\/p><\/li><li><p><span style=\"font-size: 14pt\">Reconocer la necesidad de mantenerse actualizado en temas relacionados al \u00e1mbito social, econ\u00f3mico y cient\u00edfico de la ingenier\u00eda el\u00e9ctrica, para aplicar la informaci\u00f3n y conocimiento adquirido de forma adecuada.<\/span><\/p><\/li><li><p><span style=\"font-size: 14pt\">Desarrollar proyectos que involucre el trabajo colaborativo, en el que cumpla con las especificaciones en tiempo y forma, aplicando el pensamiento l\u00f3gico, cr\u00edtico, creativo y propositivo.<\/span><\/p><\/li><\/ol>                    <\/div>\n\t\t        \n                    <div id=\"objetivos-educacionales-tab\" class=\"clearfix eael-tab-content-item inactive\" data-title-link=\"objetivos-educacionales-tab\">\n\t\t\t\t        <div><span style=\"font-size: 14pt\">Despu\u00e9s de 5 a\u00f1os, los egresados del <strong>Programa Educativo de Ingeniero El\u00e9ctrico<\/strong>:<\/span><\/div><div>\u00a0<\/div><ol><li><span style=\"font-size: 14pt\">Realizan actividades asociadas con el an\u00e1lisis, dise\u00f1o y planeaci\u00f3n de sistemas el\u00e9ctricos, de acuerdo con la normatividad vigente.<\/span><\/li><li><span style=\"font-size: 14pt\">Supervisan la construcci\u00f3n, la puesta en servicio y el mantenimiento de sistemas el\u00e9ctricos, de acuerdo con los protocolos y normas de seguridad vigentes, salvaguardando con ello, la integridad del personal a su cargo.<\/span><\/li><li><span style=\"font-size: 14pt\">Llevan a cabo la operaci\u00f3n y\/o las pruebas de equipos del sistema el\u00e9ctrico, de acuerdo con los manuales operativos, manuales de pruebas y pr\u00e1cticas recomendadas, cumpliendo con los est\u00e1ndares vigentes.<\/span><\/li><li><span style=\"font-size: 14pt\">Cuentan con capacitaciones, certificaciones y\/o estudios de posgrado, manteni\u00e9ndose actualizados sobre el estado del arte de la tecnolog\u00eda, metodolog\u00edas y normativas nacionales e internacionales en el \u00e1rea el\u00e9ctrica.<\/span><\/li><\/ol>                    <\/div>\n\t\t                    <\/div>\n        <\/div>\n\t\t\t\t<\/div>\n\t\t\t\t<\/div>\n\t\t\t\t<\/div>\n\t\t\t\t<\/div>\n\t\t<div class=\"elementor-element elementor-element-9c17bd5 e-con-full e-flex e-con e-child\" data-id=\"9c17bd5\" data-element_type=\"container\" data-e-type=\"container\">\n\t\t<div class=\"elementor-element elementor-element-c98be10 e-con-full e-flex e-con e-child\" data-id=\"c98be10\" data-element_type=\"container\" data-e-type=\"container\" data-settings=\"{&quot;background_background&quot;:&quot;classic&quot;}\">\n\t\t\t\t<div class=\"elementor-element elementor-element-4bb2283 elementor-widget elementor-widget-heading\" data-id=\"4bb2283\" data-element_type=\"widget\" data-e-type=\"widget\" data-widget_type=\"heading.default\">\n\t\t\t\t<div class=\"elementor-widget-container\">\n\t\t\t\t\t<h2 class=\"elementor-heading-title elementor-size-default\">RESPONSABLE DEL PROGRAMA EDUCATIVO<\/h2>\t\t\t\t<\/div>\n\t\t\t\t<\/div>\n\t\t\t\t<div class=\"elementor-element elementor-element-40402b8 elementor-widget-divider--view-line elementor-widget elementor-widget-divider\" data-id=\"40402b8\" data-element_type=\"widget\" data-e-type=\"widget\" data-widget_type=\"divider.default\">\n\t\t\t\t<div class=\"elementor-widget-container\">\n\t\t\t\t\t\t\t<div class=\"elementor-divider\">\n\t\t\t<span class=\"elementor-divider-separator\">\n\t\t\t\t\t\t<\/span>\n\t\t<\/div>\n\t\t\t\t\t\t<\/div>\n\t\t\t\t<\/div>\n\t\t\t\t<div class=\"elementor-element elementor-element-3b852a6 elementor-widget elementor-widget-text-editor\" data-id=\"3b852a6\" data-element_type=\"widget\" data-e-type=\"widget\" data-widget_type=\"text-editor.default\">\n\t\t\t\t<div class=\"elementor-widget-container\">\n\t\t\t\t\t\t\t\t\t<p><span style=\"color: #339966; font-size: 10pt;\"><strong>Dr. Pedro Francisco Rosales Escobedo<\/strong><\/span><br \/><span style=\"font-size: 10pt;\"><em><span style=\"color: #ffcc00;\"><strong>Responsable del Programa Educativo de Ingeniero El\u00e9ctrico<br \/><br \/><\/strong><\/span><\/em><\/span><\/p><p><span style=\"font-size: 10pt;\"><strong><span style=\"color: #339966;\">Email:<\/span> <span style=\"color: #000000;\"><a style=\"color: #000000;\" href=\"mailto:electrica_fim@uabc.edu.mx\">electrica_fim@uabc.edu.mx<\/a><\/span><\/strong><\/span><br \/><span style=\"font-size: 10pt;\"><strong><span style=\"color: #339966;\">Telefono:<\/span> +52 (686) 841-82-35 <\/strong><\/span><\/p><p><span style=\"font-size: 10pt;\"><strong><span style=\"color: #339966;\">Ext.<\/span> 44442<\/strong><\/span><\/p>\t\t\t\t\t\t\t\t<\/div>\n\t\t\t\t<\/div>\n\t\t\t\t<\/div>\n\t\t<div class=\"elementor-element elementor-element-15a814d e-con-full e-flex e-con e-child\" data-id=\"15a814d\" data-element_type=\"container\" data-e-type=\"container\" data-settings=\"{&quot;background_background&quot;:&quot;classic&quot;}\">\n\t\t\t\t<div class=\"elementor-element elementor-element-3fabc42 elementor-widget elementor-widget-heading\" data-id=\"3fabc42\" data-element_type=\"widget\" data-e-type=\"widget\" data-widget_type=\"heading.default\">\n\t\t\t\t<div class=\"elementor-widget-container\">\n\t\t\t\t\t<h2 class=\"elementor-heading-title elementor-size-default\">ACREDITACIONES<\/h2>\t\t\t\t<\/div>\n\t\t\t\t<\/div>\n\t\t\t\t<div class=\"elementor-element elementor-element-0713045 elementor-widget-divider--view-line elementor-widget elementor-widget-divider\" data-id=\"0713045\" data-element_type=\"widget\" data-e-type=\"widget\" data-widget_type=\"divider.default\">\n\t\t\t\t<div class=\"elementor-widget-container\">\n\t\t\t\t\t\t\t<div class=\"elementor-divider\">\n\t\t\t<span class=\"elementor-divider-separator\">\n\t\t\t\t\t\t<\/span>\n\t\t<\/div>\n\t\t\t\t\t\t<\/div>\n\t\t\t\t<\/div>\n\t\t\t\t<div class=\"elementor-element elementor-element-dd182a1 elementor-widget__width-initial elementor-widget elementor-widget-image\" data-id=\"dd182a1\" data-element_type=\"widget\" data-e-type=\"widget\" data-widget_type=\"image.default\">\n\t\t\t\t<div class=\"elementor-widget-container\">\n\t\t\t\t\t\t\t\t\t\t\t\t\t\t\t\t<a href=\"https:\/\/ingenieria.mxl.uabc.mx\/pe_ieo\/wp-content\/uploads\/2024\/04\/electricacacei.pdf\" target=\"_blank\">\n\t\t\t\t\t\t\t<img fetchpriority=\"high\" decoding=\"async\" width=\"800\" height=\"350\" src=\"https:\/\/ingenieria.mxl.uabc.mx\/pe_ieo\/wp-content\/uploads\/2023\/09\/cacei.jpg\" class=\"attachment-large size-large wp-image-2134\" alt=\"\" \/>\t\t\t\t\t\t\t\t<\/a>\n\t\t\t\t\t\t\t\t\t\t\t\t\t\t\t<\/div>\n\t\t\t\t<\/div>\n\t\t\t\t<div class=\"elementor-element elementor-element-c910d25 elementor-widget elementor-widget-text-editor\" data-id=\"c910d25\" data-element_type=\"widget\" data-e-type=\"widget\" data-widget_type=\"text-editor.default\">\n\t\t\t\t<div class=\"elementor-widget-container\">\n\t\t\t\t\t\t\t\t\t<p class=\"top-card-layout__title font-sans text-lg papabear:text-xl font-bold leading-open text-color-text mb-0\"><strong><span style=\"font-size: 10pt;\">Consejo de Acreditaci\u00f3n de la Ense\u00f1anza de la Ingenier\u00eda, A.C.<\/span><\/strong><\/p>\t\t\t\t\t\t\t\t<\/div>\n\t\t\t\t<\/div>\n\t\t\t\t<\/div>\n\t\t\t\t<\/div>\n\t\t\t\t<\/div>\n\t\t\t\t<\/div>\n\t\t","protected":false},"excerpt":{"rendered":"<p>Perfil de Egreso El programa educativo Ingeniero El\u00e9ctrico forma profesionistas competentes para la soluci\u00f3n de problemas relacionados con la calidad y el uso racional de la energ\u00eda el\u00e9ctrica aplicando la normatividad vigente en los sistemas el\u00e9ctricos. Perfil de Egreso Atributos de Egreso Objetivos Educacionales El Ingeniero El\u00e9ctrico ser\u00e1 competente para: Planear sistemas el\u00e9ctricos por medio [&hellip;]<\/p>\n","protected":false},"author":3,"featured_media":0,"parent":0,"menu_order":0,"comment_status":"closed","ping_status":"closed","template":"","meta":{"site-sidebar-layout":"no-sidebar","site-content-layout":"page-builder","ast-site-content-layout":"full-width-container","site-content-style":"default","site-sidebar-style":"default","ast-global-header-display":"","ast-banner-title-visibility":"","ast-main-header-display":"","ast-hfb-above-header-display":"","ast-hfb-below-header-display":"","ast-hfb-mobile-header-display":"","site-post-title":"disabled","ast-breadcrumbs-content":"","ast-featured-img":"disabled","footer-sml-layout":"","ast-disable-related-posts":"","theme-transparent-header-meta":"default","adv-header-id-meta":"","stick-header-meta":"","header-above-stick-meta":"","header-main-stick-meta":"","header-below-stick-meta":"","astra-migrate-meta-layouts":"set","ast-page-background-enabled":"default","ast-page-background-meta":{"desktop":{"background-color":"","background-image":"","background-repeat":"repeat","background-position":"center center","background-size":"auto","background-attachment":"scroll","background-type":"","background-media":"","overlay-type":"","overlay-color":"","overlay-opacity":"","overlay-gradient":""},"tablet":{"background-color":"","background-image":"","background-repeat":"repeat","background-position":"center center","background-size":"auto","background-attachment":"scroll","background-type":"","background-media":"","overlay-type":"","overlay-color":"","overlay-opacity":"","overlay-gradient":""},"mobile":{"background-color":"","background-image":"","background-repeat":"repeat","background-position":"center center","background-size":"auto","background-attachment":"scroll","background-type":"","background-media":"","overlay-type":"","overlay-color":"","overlay-opacity":"","overlay-gradient":""}},"ast-content-background-meta":{"desktop":{"background-color":"var(--ast-global-color-5)","background-image":"","background-repeat":"repeat","background-position":"center center","background-size":"auto","background-attachment":"scroll","background-type":"","background-media":"","overlay-type":"","overlay-color":"","overlay-opacity":"","overlay-gradient":""},"tablet":{"background-color":"var(--ast-global-color-5)","background-image":"","background-repeat":"repeat","background-position":"center center","background-size":"auto","background-attachment":"scroll","background-type":"","background-media":"","overlay-type":"","overlay-color":"","overlay-opacity":"","overlay-gradient":""},"mobile":{"background-color":"var(--ast-global-color-5)","background-image":"","background-repeat":"repeat","background-position":"center center","background-size":"auto","background-attachment":"scroll","background-type":"","background-media":"","overlay-type":"","overlay-color":"","overlay-opacity":"","overlay-gradient":""}},"footnotes":""},"class_list":["post-2861","page","type-page","status-publish","hentry"],"_links":{"self":[{"href":"https:\/\/ingenieria.mxl.uabc.mx\/pe_ieo\/wp-json\/wp\/v2\/pages\/2861","targetHints":{"allow":["GET"]}}],"collection":[{"href":"https:\/\/ingenieria.mxl.uabc.mx\/pe_ieo\/wp-json\/wp\/v2\/pages"}],"about":[{"href":"https:\/\/ingenieria.mxl.uabc.mx\/pe_ieo\/wp-json\/wp\/v2\/types\/page"}],"author":[{"embeddable":true,"href":"https:\/\/ingenieria.mxl.uabc.mx\/pe_ieo\/wp-json\/wp\/v2\/users\/3"}],"replies":[{"embeddable":true,"href":"https:\/\/ingenieria.mxl.uabc.mx\/pe_ieo\/wp-json\/wp\/v2\/comments?post=2861"}],"version-history":[{"count":79,"href":"https:\/\/ingenieria.mxl.uabc.mx\/pe_ieo\/wp-json\/wp\/v2\/pages\/2861\/revisions"}],"predecessor-version":[{"id":4921,"href":"https:\/\/ingenieria.mxl.uabc.mx\/pe_ieo\/wp-json\/wp\/v2\/pages\/2861\/revisions\/4921"}],"wp:attachment":[{"href":"https:\/\/ingenieria.mxl.uabc.mx\/pe_ieo\/wp-json\/wp\/v2\/media?parent=2861"}],"curies":[{"name":"wp","href":"https:\/\/api.w.org\/{rel}","templated":true}]}}