{"id":3248,"date":"2023-10-12T16:42:36","date_gmt":"2023-10-13T00:42:36","guid":{"rendered":"http:\/\/localhost\/pe_ico\/?page_id=3248"},"modified":"2025-06-05T10:05:52","modified_gmt":"2025-06-05T18:05:52","slug":"reglamentos-y-horarios","status":"publish","type":"page","link":"https:\/\/ingenieria.mxl.uabc.mx\/pe_ieo\/reglamentos-y-horarios\/","title":{"rendered":"Reglamentos y Horarios"},"content":{"rendered":"\t\t<div data-elementor-type=\"wp-page\" data-elementor-id=\"3248\" class=\"elementor elementor-3248\">\n\t\t\t\t<div class=\"elementor-element elementor-element-a32812a e-con-full e-flex e-con e-parent\" data-id=\"a32812a\" data-element_type=\"container\" data-e-type=\"container\">\n\t\t<div class=\"elementor-element elementor-element-d700dbe e-con-full e-flex e-con e-child\" data-id=\"d700dbe\" data-element_type=\"container\" data-e-type=\"container\">\n\t\t<div class=\"elementor-element elementor-element-7f8a134 e-con-full e-flex e-con e-child\" data-id=\"7f8a134\" data-element_type=\"container\" data-e-type=\"container\" data-settings=\"{&quot;background_background&quot;:&quot;classic&quot;}\">\n\t\t\t\t<div class=\"elementor-element elementor-element-7e30e08 elementor-widget elementor-widget-heading\" data-id=\"7e30e08\" data-element_type=\"widget\" data-e-type=\"widget\" data-widget_type=\"heading.default\">\n\t\t\t\t<div class=\"elementor-widget-container\">\n\t\t\t\t\t<h1 class=\"elementor-heading-title elementor-size-default\">Reglamentos y Horarios<\/h1>\t\t\t\t<\/div>\n\t\t\t\t<\/div>\n\t\t\t\t<div class=\"elementor-element elementor-element-66d7613 elementor-widget-divider--view-line elementor-widget elementor-widget-divider\" data-id=\"66d7613\" data-element_type=\"widget\" data-e-type=\"widget\" data-widget_type=\"divider.default\">\n\t\t\t\t<div class=\"elementor-widget-container\">\n\t\t\t\t\t\t\t<div class=\"elementor-divider\">\n\t\t\t<span class=\"elementor-divider-separator\">\n\t\t\t\t\t\t<\/span>\n\t\t<\/div>\n\t\t\t\t\t\t<\/div>\n\t\t\t\t<\/div>\n\t\t\t\t<div class=\"elementor-element elementor-element-b1d1803 elementor-widget elementor-widget-text-editor\" data-id=\"b1d1803\" data-element_type=\"widget\" data-e-type=\"widget\" data-widget_type=\"text-editor.default\">\n\t\t\t\t<div class=\"elementor-widget-container\">\n\t\t\t\t\t\t\t\t\t<p align=\"center\"><span style=\"font-size: 14pt;\"><strong>UNIVERSIDAD AUT\u00d3NOMA DE BAJA CALIFORNIA<\/strong><\/span><br \/><span style=\"font-size: 14pt;\"><strong>FACULTAD DE INGENIER\u00cdA<\/strong><\/span><br \/><span style=\"font-size: 14pt;\"><strong>REGLAMENTO DEL LABORATORIO DE EL\u00c9CTRICA<\/strong><\/span><br \/><span style=\"font-size: 14pt;\"><strong>(Sujeto a modificaciones por el H. Consejo T\u00e9cnico)<br \/><br \/><\/strong><\/span><\/p><p style=\"text-align: left;\" align=\"center\"><span style=\"font-size: 14pt;\">1. El Laboratorio de El\u00e9ctrica fue creado con el fin de complementar los objetivos curriculares de las materias que se imparten en la carrera de Ing. El\u00e9ctrico, as\u00ed como de las materias afines que se imparten en otras carreras de la Facultad de Ingenier\u00eda, en base a pr\u00e1cticas de laboratorio, proyectos, apoyo acad\u00e9mico, visitas, etc.<br \/><br \/><\/span><\/p><p style=\"text-align: left;\" align=\"center\"><span style=\"font-size: 14pt;\">2. El horario de actividades del Laboratorio es de 8:00 a 22:00 hrs. de lunes a viernes y s\u00e1bados de 8:00 a 13:00 hrs.<br \/><br \/><\/span><\/p><p style=\"text-align: left;\" align=\"center\"><span style=\"font-size: 14pt;\">3. El Laboratorio proporcionar\u00e1 (dentro de sus limitaciones), espacio f\u00edsico, equipo, accesorios e informaci\u00f3n t\u00e9cnica disponible.<br \/><br \/><\/span><\/p><p style=\"text-align: left;\" align=\"center\"><span style=\"font-size: 14pt;\">4. Tendr\u00e1n prioridad las pr\u00e1cticas obligatorias sobre las pr\u00e1cticas extracurriculares y \u00e9stas a su vez, sobre cualquier otra actividad que se desee llevar a cabo.<br \/><br \/><\/span><\/p><p style=\"text-align: left;\" align=\"center\"><span style=\"font-size: 14pt;\">5. Las pr\u00e1cticas se deber\u00e1n realizar en el sal\u00f3n en que hayan sido programadas. Si por alguna causa se requiere el cambio de espacio, podr\u00e1n impartirse si el sal\u00f3n cuenta con la disponibilidad y el equipo necesario.<br \/><br \/><\/span><\/p><p style=\"text-align: left;\" align=\"center\"><span style=\"font-size: 14pt;\">6. Queda estrictamente prohibido fumar dentro del laboratorio.<br \/><br \/><\/span><\/p>\t\t\t\t\t\t\t\t<\/div>\n\t\t\t\t<\/div>\n\t\t\t\t<div class=\"elementor-element elementor-element-9c8a4f7 elementor-widget elementor-widget-eael-adv-accordion\" data-id=\"9c8a4f7\" data-element_type=\"widget\" data-e-type=\"widget\" data-widget_type=\"eael-adv-accordion.default\">\n\t\t\t\t<div class=\"elementor-widget-container\">\n\t\t\t\t\t            <div class=\"eael-adv-accordion\" id=\"eael-adv-accordion-9c8a4f7\" data-scroll-on-click=\"no\" data-scroll-speed=\"300\" data-accordion-id=\"9c8a4f7\" data-accordion-type=\"accordion\" data-toogle-speed=\"300\">\n            <div class=\"eael-accordion-list\">\n\t\t\t\t\t<div id=\"vestimenta\" class=\"elementor-tab-title eael-accordion-header\" tabindex=\"0\" data-tab=\"1\" aria-controls=\"elementor-tab-content-1641\"><span class=\"eael-advanced-accordion-icon-closed\"><i aria-hidden=\"true\" class=\"fa-accordion-icon fas fa-plus\"><\/i><\/span><span class=\"eael-advanced-accordion-icon-opened\"><i aria-hidden=\"true\" class=\"fa-accordion-icon fas fa-minus\"><\/i><\/span><span class=\"eael-accordion-tab-title\">VESTIMENTA<\/span><\/div><div id=\"elementor-tab-content-1641\" class=\"eael-accordion-content clearfix\" data-tab=\"1\" aria-labelledby=\"vestimenta\"><ol><li><span style=\"font-size: 14pt\">No utilizar ropa con mangas holgadas. Los accidentes son ocasionados por el contacto de la ropa con cables de conexi\u00f3n, instrumentos, partes energizadas, etc.<\/span><\/li><li><span style=\"font-size: 14pt\">Uso de calzado adecuado. Cuando trabajamos con energ\u00eda el\u00e9ctrica es necesario usar calzado con suela de goma, ya que \u00e9sta incrementa la resistencia el\u00e9ctrica del cuerpo humano. El uso de chanclas o sandalias queda prohibido ya que \u00e9stas ponen en riesgo la vida del estudiante.<\/span><\/li><li><span style=\"font-size: 14pt\">No portar objetos met\u00e1licos. Queda prohibido el uso de anillos, pulseras, cadenas y collares con partes met\u00e1licas. Si por accidente se hace contacto con una parte energizada, el objeto met\u00e1lico se calentar\u00e1, por lo que puede ocasionar quemaduras de tercer grado.<\/span><\/li><li><span style=\"font-size: 14pt\">No utilizar corbatas, bufandas o cualquier objeto que cuelgue. Esta restricci\u00f3n s\u00f3lo aplica en los casos en los que se empleen motores el\u00e9ctricos ya que se corre el riesgo de que la tela se enrede entre las partes m\u00f3viles del equipo.<\/span><\/li><\/ol><\/div>\n\t\t\t\t\t<\/div><div class=\"eael-accordion-list\">\n\t\t\t\t\t<div id=\"comportamiento\" class=\"elementor-tab-title eael-accordion-header\" tabindex=\"0\" data-tab=\"2\" aria-controls=\"elementor-tab-content-1642\"><span class=\"eael-advanced-accordion-icon-closed\"><i aria-hidden=\"true\" class=\"fa-accordion-icon fas fa-plus\"><\/i><\/span><span class=\"eael-advanced-accordion-icon-opened\"><i aria-hidden=\"true\" class=\"fa-accordion-icon fas fa-minus\"><\/i><\/span><span class=\"eael-accordion-tab-title\">COMPORTAMIENTO<\/span><\/div><div id=\"elementor-tab-content-1642\" class=\"eael-accordion-content clearfix\" data-tab=\"2\" aria-labelledby=\"comportamiento\"><ol><li><span style=\"font-size: 14pt\">Evitar empujones. Una persona en desequilibrio tiende a tratar de sujetarse de los objetos que est\u00e1n al alcance de la mano, es una acci\u00f3n-reflejo, por lo que el cerebro no procesa que estos objetos son cables energizados.<\/span><\/li><li><span style=\"font-size: 14pt\">No tener alimentos en el \u00e1rea de trabajo. A\u00fan tomando las precauciones necesarias, existir\u00e1n ocasiones en que parte de nuestro alimento (o la envoltura de los mismos) se deposite en la parte interna de nuestras consolas o equipo, sobretodo aquel que est\u00e1 almacenado en las zonas aleda\u00f1as, por lo que podemos ocasionar un accidente a las personas que posteriormente hagan uso del mismo.<\/span><\/li><li><span style=\"font-size: 14pt\">No tener bebidas en el \u00e1rea de trabajo. Cuando manejamos energ\u00eda el\u00e9ctrica, el agua es un elemento altamente peligroso. Simplemente, por estar parado sobre una superficie h\u00fameda disminuye la resistencia el\u00e9ctrica del cuerpo humano y por lo tanto se incrementa el riesgo de sufrir un accidente grave.<\/span><\/li><li><span style=\"font-size: 14pt\">Uso adecuado de los cables de conexi\u00f3n. Los cables deben conectarse y desconectarse sujetando la parte aislada de la terminal. Al jalar el cable de conexi\u00f3n generamos un esfuerzo cortante, por lo que lo da\u00f1amos internamente y esto se traduce en fallas posteriores en el funcionamiento de los mismos. Por lo anterior, evite realizar cualquier tipo de amarre con los mismos, ya que eso tambi\u00e9n degrada su vida \u00fatil. Recomendamos tener los cables en un lugar apartado de la consola, esto para evitar errores de conexi\u00f3n y\/o dejar terminales sin conectarse.<\/span><\/li><li><span style=\"font-size: 14pt\">Evite realizar conexiones con el circuito energizado. A menos que el maestro se lo indique, no realice conexiones mientras el circuito est\u00e9 energizado ya que eso puede ocasionar accidentes que pueden lesionar a la persona que realiza la conexi\u00f3n y\/o da\u00f1ar el equipo.<\/span><\/li><\/ol><\/div>\n\t\t\t\t\t<\/div><div class=\"eael-accordion-list\">\n\t\t\t\t\t<div id=\"relativo-a-prstamos\" class=\"elementor-tab-title eael-accordion-header\" tabindex=\"0\" data-tab=\"3\" aria-controls=\"elementor-tab-content-1643\"><span class=\"eael-advanced-accordion-icon-closed\"><i aria-hidden=\"true\" class=\"fa-accordion-icon fas fa-plus\"><\/i><\/span><span class=\"eael-advanced-accordion-icon-opened\"><i aria-hidden=\"true\" class=\"fa-accordion-icon fas fa-minus\"><\/i><\/span><span class=\"eael-accordion-tab-title\">RELATIVO A PR\u00c9STAMOS<\/span><\/div><div id=\"elementor-tab-content-1643\" class=\"eael-accordion-content clearfix\" data-tab=\"3\" aria-labelledby=\"relativo-a-prstamos\"><ol><li><span style=\"font-size: 14pt\">El pr\u00e9stamo de la bibliograf\u00eda existente en el laboratorio se limitar\u00e1 al uso interno en el mismo; \u00fanicamente y en casos que as\u00ed lo amerite, se prestar\u00e1 para fotocopiado con un plazo adecuado para tal efecto.<\/span><\/li><li><span style=\"font-size: 14pt\">Todo pr\u00e9stamo externo deber\u00e1 ser devuelto a m\u00e1s tardar al t\u00e9rmino del semestre lectivo escolar.<\/span><\/li><li><span style=\"font-size: 14pt\">Ser\u00e1 necesario el control por escrito y el sistema del mismo para uso del equipo de laboratorio, requiri\u00e9ndose mostrar credencial vigente con fotograf\u00eda del solicitante.<\/span><\/li><li><span style=\"font-size: 14pt\">Cualquier equipo de laboratorio, accesorios, material, libros o manuales t\u00e9cnicos y de consulta, etc. que se requiera para las pr\u00e1cticas por maestros y\/o alumnos deber\u00e1 ser solicitado mediante vale de laboratorio respectivo.<\/span><\/li><li><span style=\"font-size: 14pt\">No se deber\u00e1 mover el equipo de un sal\u00f3n a otro, solamente en caso de ser aprobado por el personal auxiliar o por el responsable del laboratorio.<\/span><\/li><li><span style=\"font-size: 14pt\">Todo pr\u00e9stamo externo deber\u00e1 solicitarse al responsable del laboratorio.<\/span><\/li><\/ol><\/div>\n\t\t\t\t\t<\/div><div class=\"eael-accordion-list\">\n\t\t\t\t\t<div id=\"reglamento-de-seguridad\" class=\"elementor-tab-title eael-accordion-header\" tabindex=\"0\" data-tab=\"4\" aria-controls=\"elementor-tab-content-1644\"><span class=\"eael-advanced-accordion-icon-closed\"><i aria-hidden=\"true\" class=\"fa-accordion-icon fas fa-plus\"><\/i><\/span><span class=\"eael-advanced-accordion-icon-opened\"><i aria-hidden=\"true\" class=\"fa-accordion-icon fas fa-minus\"><\/i><\/span><span class=\"eael-accordion-tab-title\">REGLAMENTO DE SEGURIDAD<\/span><\/div><div id=\"elementor-tab-content-1644\" class=\"eael-accordion-content clearfix\" data-tab=\"4\" aria-labelledby=\"reglamento-de-seguridad\"><ol><li><span style=\"font-size: 14pt\">Para poder hacer uso de la sala, el alumno deber\u00e1:<\/span><ol><li><span style=\"font-size: 14pt\">Usar calzado con suela de goma.<\/span><\/li><li><span style=\"font-size: 14pt\">No portar anillos, pulseras, cadenas y collares con partes met\u00e1licas.<\/span><\/li><li><span style=\"font-size: 14pt\">No utilizar corbatas, bufandas o cualquier objeto que cuelgue.<\/span><\/li><li><span style=\"font-size: 14pt\">Evitar empujones en el sal\u00f3n de clase.<\/span><\/li><li><span style=\"font-size: 14pt\">No introducir alimentos y bebidas a la sala.<\/span><\/li><\/ol><\/li><li><span style=\"font-size: 14pt\">Sin excepci\u00f3n, al alumno que no cumpla con este reglamento se le prohibir\u00e1 la entrada a la sala.<\/span><\/li><\/ol><\/div>\n\t\t\t\t\t<\/div><div class=\"eael-accordion-list\">\n\t\t\t\t\t<div id=\"acerca-de-las-sanciones\" class=\"elementor-tab-title eael-accordion-header\" tabindex=\"0\" data-tab=\"5\" aria-controls=\"elementor-tab-content-1645\"><span class=\"eael-advanced-accordion-icon-closed\"><i aria-hidden=\"true\" class=\"fa-accordion-icon fas fa-plus\"><\/i><\/span><span class=\"eael-advanced-accordion-icon-opened\"><i aria-hidden=\"true\" class=\"fa-accordion-icon fas fa-minus\"><\/i><\/span><span class=\"eael-accordion-tab-title\">ACERCA DE LAS SANCIONES<\/span><\/div><div id=\"elementor-tab-content-1645\" class=\"eael-accordion-content clearfix\" data-tab=\"5\" aria-labelledby=\"acerca-de-las-sanciones\"><ol><li><span style=\"font-size: 14pt\">Se aplicar\u00e1n sanciones a quien infrinja uno o m\u00e1s de las anteriores disposiciones. De acuerdo al grado de falta, \u00e9stas podr\u00e1n ser:<\/span><ol><li><span style=\"font-size: 14pt\">Llamada de atenci\u00f3n verbal.<\/span><\/li><li><span style=\"font-size: 14pt\">Llamada de atenci\u00f3n por escrito.<\/span><\/li><li><span style=\"font-size: 14pt\">Aplicaci\u00f3n directa de la misma.<\/span><\/li><\/ol><\/li><\/ol><\/div>\n\t\t\t\t\t<\/div><\/div>\t\t\t\t<\/div>\n\t\t\t\t<\/div>\n\t\t\t\t<\/div>\n\t\t\t\t<\/div>\n\t\t<div class=\"elementor-element elementor-element-7f413a1 e-con-full e-flex e-con e-child\" data-id=\"7f413a1\" data-element_type=\"container\" data-e-type=\"container\">\n\t\t<div class=\"elementor-element elementor-element-0f972e2 e-con-full e-flex e-con e-child\" data-id=\"0f972e2\" data-element_type=\"container\" data-e-type=\"container\" data-settings=\"{&quot;background_background&quot;:&quot;classic&quot;}\">\n\t\t\t\t<div class=\"elementor-element elementor-element-1cc6521 elementor-widget elementor-widget-heading\" data-id=\"1cc6521\" data-element_type=\"widget\" data-e-type=\"widget\" data-widget_type=\"heading.default\">\n\t\t\t\t<div class=\"elementor-widget-container\">\n\t\t\t\t\t<h2 class=\"elementor-heading-title elementor-size-default\">Contacto<\/h2>\t\t\t\t<\/div>\n\t\t\t\t<\/div>\n\t\t\t\t<div class=\"elementor-element elementor-element-a38254b elementor-widget-divider--view-line elementor-widget elementor-widget-divider\" data-id=\"a38254b\" data-element_type=\"widget\" data-e-type=\"widget\" data-widget_type=\"divider.default\">\n\t\t\t\t<div class=\"elementor-widget-container\">\n\t\t\t\t\t\t\t<div class=\"elementor-divider\">\n\t\t\t<span class=\"elementor-divider-separator\">\n\t\t\t\t\t\t<\/span>\n\t\t<\/div>\n\t\t\t\t\t\t<\/div>\n\t\t\t\t<\/div>\n\t\t\t\t<div class=\"elementor-element elementor-element-1312f45 elementor-widget elementor-widget-text-editor\" data-id=\"1312f45\" data-element_type=\"widget\" data-e-type=\"widget\" data-widget_type=\"text-editor.default\">\n\t\t\t\t<div class=\"elementor-widget-container\">\n\t\t\t\t\t\t\t\t\t<p><span style=\"color: #339966; font-size: 10pt;\"><strong>Ing. Kiyoshi Ricardo Meguro Yuno<\/strong><\/span><br \/><span style=\"font-size: 10pt;\"><em><span style=\"color: #ffcc00;\"><strong>Encargado de Laboratorio<br \/><br \/><\/strong><\/span><\/em><\/span><\/p><p><span style=\"font-size: 10pt;\"><strong><span style=\"color: #339966;\">Email:<\/span> <a href=\"mailto:kiyoshi@uabc.edu.mx\"><span style=\"color: #000000;\">kiyoshi@uabc.edu.mx<\/span><\/a><\/strong><\/span><br \/><span style=\"font-size: 10pt;\"><strong><span style=\"color: #339966;\">Telefono:<\/span> +52 (686) 841-82-35 <\/strong><\/span><\/p><p><span style=\"font-size: 10pt;\"><strong><span style=\"color: #339966;\">Ext.<\/span> 44441<\/strong><\/span><\/p>\t\t\t\t\t\t\t\t<\/div>\n\t\t\t\t<\/div>\n\t\t\t\t<\/div>\n\t\t<div class=\"elementor-element elementor-element-a58e6d3 e-con-full e-flex e-con e-child\" data-id=\"a58e6d3\" data-element_type=\"container\" data-e-type=\"container\" data-settings=\"{&quot;background_background&quot;:&quot;classic&quot;}\">\n\t\t\t\t<div class=\"elementor-element elementor-element-7b8d082 elementor-widget elementor-widget-heading\" data-id=\"7b8d082\" data-element_type=\"widget\" data-e-type=\"widget\" data-widget_type=\"heading.default\">\n\t\t\t\t<div class=\"elementor-widget-container\">\n\t\t\t\t\t<h2 class=\"elementor-heading-title elementor-size-default\">ACREDITACIONES<\/h2>\t\t\t\t<\/div>\n\t\t\t\t<\/div>\n\t\t\t\t<div class=\"elementor-element elementor-element-01a103b elementor-widget-divider--view-line elementor-widget elementor-widget-divider\" data-id=\"01a103b\" data-element_type=\"widget\" data-e-type=\"widget\" data-widget_type=\"divider.default\">\n\t\t\t\t<div class=\"elementor-widget-container\">\n\t\t\t\t\t\t\t<div class=\"elementor-divider\">\n\t\t\t<span class=\"elementor-divider-separator\">\n\t\t\t\t\t\t<\/span>\n\t\t<\/div>\n\t\t\t\t\t\t<\/div>\n\t\t\t\t<\/div>\n\t\t\t\t<div class=\"elementor-element elementor-element-fa18914 elementor-widget__width-initial elementor-widget elementor-widget-image\" data-id=\"fa18914\" data-element_type=\"widget\" data-e-type=\"widget\" data-widget_type=\"image.default\">\n\t\t\t\t<div class=\"elementor-widget-container\">\n\t\t\t\t\t\t\t\t\t\t\t\t\t\t\t\t<a href=\"https:\/\/ingenieria.mxl.uabc.mx\/pe_ieo\/wp-content\/uploads\/2024\/04\/electricacacei.pdf\" target=\"_blank\">\n\t\t\t\t\t\t\t<img fetchpriority=\"high\" decoding=\"async\" width=\"800\" height=\"350\" src=\"https:\/\/ingenieria.mxl.uabc.mx\/pe_ieo\/wp-content\/uploads\/2023\/09\/cacei.jpg\" class=\"attachment-large size-large wp-image-2134\" alt=\"\" \/>\t\t\t\t\t\t\t\t<\/a>\n\t\t\t\t\t\t\t\t\t\t\t\t\t\t\t<\/div>\n\t\t\t\t<\/div>\n\t\t\t\t<div class=\"elementor-element elementor-element-53c5951 elementor-widget elementor-widget-text-editor\" data-id=\"53c5951\" data-element_type=\"widget\" data-e-type=\"widget\" data-widget_type=\"text-editor.default\">\n\t\t\t\t<div class=\"elementor-widget-container\">\n\t\t\t\t\t\t\t\t\t<p class=\"top-card-layout__title font-sans text-lg papabear:text-xl font-bold leading-open text-color-text mb-0\"><strong><span style=\"font-size: 10pt;\">Consejo de Acreditaci\u00f3n de la Ense\u00f1anza de la Ingenier\u00eda, A.C.<\/span><\/strong><\/p>\t\t\t\t\t\t\t\t<\/div>\n\t\t\t\t<\/div>\n\t\t\t\t<\/div>\n\t\t\t\t<\/div>\n\t\t\t\t<\/div>\n\t\t\t\t<\/div>\n\t\t","protected":false},"excerpt":{"rendered":"<p>Reglamentos y Horarios UNIVERSIDAD AUT\u00d3NOMA DE BAJA CALIFORNIAFACULTAD DE INGENIER\u00cdAREGLAMENTO DEL LABORATORIO DE EL\u00c9CTRICA(Sujeto a modificaciones por el H. Consejo T\u00e9cnico) 1. El Laboratorio de El\u00e9ctrica fue creado con el fin de complementar los objetivos curriculares de las materias que se imparten en la carrera de Ing. El\u00e9ctrico, as\u00ed como de las materias afines que [&hellip;]<\/p>\n","protected":false},"author":3,"featured_media":0,"parent":0,"menu_order":0,"comment_status":"closed","ping_status":"closed","template":"","meta":{"site-sidebar-layout":"no-sidebar","site-content-layout":"page-builder","ast-site-content-layout":"full-width-container","site-content-style":"default","site-sidebar-style":"default","ast-global-header-display":"","ast-banner-title-visibility":"","ast-main-header-display":"","ast-hfb-above-header-display":"","ast-hfb-below-header-display":"","ast-hfb-mobile-header-display":"","site-post-title":"disabled","ast-breadcrumbs-content":"","ast-featured-img":"disabled","footer-sml-layout":"","ast-disable-related-posts":"","theme-transparent-header-meta":"default","adv-header-id-meta":"","stick-header-meta":"","header-above-stick-meta":"","header-main-stick-meta":"","header-below-stick-meta":"","astra-migrate-meta-layouts":"set","ast-page-background-enabled":"default","ast-page-background-meta":{"desktop":{"background-color":"","background-image":"","background-repeat":"repeat","background-position":"center center","background-size":"auto","background-attachment":"scroll","background-type":"","background-media":"","overlay-type":"","overlay-color":"","overlay-opacity":"","overlay-gradient":""},"tablet":{"background-color":"","background-image":"","background-repeat":"repeat","background-position":"center center","background-size":"auto","background-attachment":"scroll","background-type":"","background-media":"","overlay-type":"","overlay-color":"","overlay-opacity":"","overlay-gradient":""},"mobile":{"background-color":"","background-image":"","background-repeat":"repeat","background-position":"center center","background-size":"auto","background-attachment":"scroll","background-type":"","background-media":"","overlay-type":"","overlay-color":"","overlay-opacity":"","overlay-gradient":""}},"ast-content-background-meta":{"desktop":{"background-color":"var(--ast-global-color-5)","background-image":"","background-repeat":"repeat","background-position":"center center","background-size":"auto","background-attachment":"scroll","background-type":"","background-media":"","overlay-type":"","overlay-color":"","overlay-opacity":"","overlay-gradient":""},"tablet":{"background-color":"var(--ast-global-color-5)","background-image":"","background-repeat":"repeat","background-position":"center center","background-size":"auto","background-attachment":"scroll","background-type":"","background-media":"","overlay-type":"","overlay-color":"","overlay-opacity":"","overlay-gradient":""},"mobile":{"background-color":"var(--ast-global-color-5)","background-image":"","background-repeat":"repeat","background-position":"center center","background-size":"auto","background-attachment":"scroll","background-type":"","background-media":"","overlay-type":"","overlay-color":"","overlay-opacity":"","overlay-gradient":""}},"footnotes":""},"class_list":["post-3248","page","type-page","status-publish","hentry"],"_links":{"self":[{"href":"https:\/\/ingenieria.mxl.uabc.mx\/pe_ieo\/wp-json\/wp\/v2\/pages\/3248","targetHints":{"allow":["GET"]}}],"collection":[{"href":"https:\/\/ingenieria.mxl.uabc.mx\/pe_ieo\/wp-json\/wp\/v2\/pages"}],"about":[{"href":"https:\/\/ingenieria.mxl.uabc.mx\/pe_ieo\/wp-json\/wp\/v2\/types\/page"}],"author":[{"embeddable":true,"href":"https:\/\/ingenieria.mxl.uabc.mx\/pe_ieo\/wp-json\/wp\/v2\/users\/3"}],"replies":[{"embeddable":true,"href":"https:\/\/ingenieria.mxl.uabc.mx\/pe_ieo\/wp-json\/wp\/v2\/comments?post=3248"}],"version-history":[{"count":76,"href":"https:\/\/ingenieria.mxl.uabc.mx\/pe_ieo\/wp-json\/wp\/v2\/pages\/3248\/revisions"}],"predecessor-version":[{"id":4972,"href":"https:\/\/ingenieria.mxl.uabc.mx\/pe_ieo\/wp-json\/wp\/v2\/pages\/3248\/revisions\/4972"}],"wp:attachment":[{"href":"https:\/\/ingenieria.mxl.uabc.mx\/pe_ieo\/wp-json\/wp\/v2\/media?parent=3248"}],"curies":[{"name":"wp","href":"https:\/\/api.w.org\/{rel}","templated":true}]}}