{"id":3406,"date":"2023-10-13T10:56:47","date_gmt":"2023-10-13T18:56:47","guid":{"rendered":"http:\/\/localhost\/pe_ico\/?page_id=3406"},"modified":"2025-06-05T09:47:13","modified_gmt":"2025-06-05T17:47:13","slug":"noticias-facultad","status":"publish","type":"page","link":"https:\/\/ingenieria.mxl.uabc.mx\/pe_ieo\/noticias-facultad\/","title":{"rendered":"Noticias Facultad"},"content":{"rendered":"\t\t<div data-elementor-type=\"wp-page\" data-elementor-id=\"3406\" class=\"elementor elementor-3406\">\n\t\t\t\t<div class=\"elementor-element elementor-element-a32812a e-con-full e-flex e-con e-parent\" data-id=\"a32812a\" data-element_type=\"container\" data-e-type=\"container\">\n\t\t<div class=\"elementor-element elementor-element-d700dbe e-con-full e-flex e-con e-child\" data-id=\"d700dbe\" data-element_type=\"container\" data-e-type=\"container\">\n\t\t<div class=\"elementor-element elementor-element-7f8a134 e-con-full e-flex e-con e-child\" data-id=\"7f8a134\" data-element_type=\"container\" data-e-type=\"container\" data-settings=\"{&quot;background_background&quot;:&quot;classic&quot;}\">\n\t\t\t\t<div class=\"elementor-element elementor-element-7e30e08 elementor-widget elementor-widget-heading\" data-id=\"7e30e08\" data-element_type=\"widget\" data-e-type=\"widget\" data-widget_type=\"heading.default\">\n\t\t\t\t<div class=\"elementor-widget-container\">\n\t\t\t\t\t<h1 class=\"elementor-heading-title elementor-size-default\">Noticias de la Facultad de Ingenier\u00eda<\/h1>\t\t\t\t<\/div>\n\t\t\t\t<\/div>\n\t\t\t\t<div class=\"elementor-element elementor-element-66d7613 elementor-widget-divider--view-line elementor-widget elementor-widget-divider\" data-id=\"66d7613\" data-element_type=\"widget\" data-e-type=\"widget\" data-widget_type=\"divider.default\">\n\t\t\t\t<div class=\"elementor-widget-container\">\n\t\t\t\t\t\t\t<div class=\"elementor-divider\">\n\t\t\t<span class=\"elementor-divider-separator\">\n\t\t\t\t\t\t<\/span>\n\t\t<\/div>\n\t\t\t\t\t\t<\/div>\n\t\t\t\t<\/div>\n\t\t\t\t<div class=\"elementor-element elementor-element-87700ac elementor-widget elementor-widget-eael-facebook-feed\" data-id=\"87700ac\" data-element_type=\"widget\" data-e-type=\"widget\" data-widget_type=\"eael-facebook-feed.default\">\n\t\t\t\t<div class=\"elementor-widget-container\">\n\t\t\t\t\t        <div class=\"eael-facebook-feed eael-col-4 eael-facebook-feed-card\" id=\"eael-facebook-feed-87700ac\">\n            <div class=\"eael-facebook-feed-item\">\n                    <div class=\"eael-facebook-feed-item-inner\">\n                        <header class=\"eael-facebook-feed-item-header clearfix\">\n                            <div class=\"eael-facebook-feed-item-user clearfix\">\n                                <a href=\"https:\/\/www.facebook.com\/422553107793433\" target=\"_blank\"><img decoding=\"async\" src=\"https:\/\/graph.facebook.com\/v4.0\/422553107793433\/picture\" alt=\"Facultad de Ingenier\u00eda UABC Mexicali\" class=\"eael-facebook-feed-avatar\"><\/a>\n                                <a href=\"https:\/\/www.facebook.com\/422553107793433\" target=\"_blank\"><p class=\"eael-facebook-feed-username\">Facultad de Ingenier\u00eda UABC Mexicali<\/p><\/a>\n                            <\/div><a href=\"https:\/\/www.facebook.com\/848774130376702\/posts\/1482679736986135\" target=\"_blank\" class=\"eael-facebook-feed-post-time\"><i class=\"far fa-clock\" aria-hidden=\"true\"><\/i> mayo 12, 2026<\/a><\/header><div class=\"eael-facebook-feed-item-content\">\n                                        <p class=\"eael-facebook-feed-message\"> \ud83d\ude80 La Facultad de Ingenier\u00eda de UABC te invita a ser parte de la nueva generaci\u00f3n de profesionistas en tecnolog\u00eda...<\/p>\n                                    <\/div><div class=\"eael-facebook-feed-preview-wrap\"><a href=\"https:\/\/www.facebook.com\/848774130376702\/posts\/1482679736986135\" target=\"_blank\" class=\"eael-facebook-feed-preview-img\">\n\t                                                <div class=\"eael-facebook-feed-img-container\" style=\"background:url(https:\/\/scontent.fmex44-1.fna.fbcdn.net\/v\/t39.30808-6\/697777809_1482679126986196_1941005472150973544_n.jpg?stp=dst-jpg_p720x720_tt6&#038;_nc_cat=108&#038;ccb=1-7&#038;_nc_sid=127cfc&#038;_nc_ohc=XQEliRSCJYIQ7kNvwELGHq-&#038;_nc_oc=AdpIOVJ8VkqQd721_33nbFDwPcL8jQvz498suunVJGVPJ4f7l12NFpx9VNP9Aet3afU&#038;_nc_zt=23&#038;_nc_ht=scontent.fmex44-1.fna&#038;edm=AKK4YLsEAAAA&#038;_nc_gid=pW3_nRbjZJaOnQJGDze8-A&#038;_nc_tpa=Q5bMBQFC3oV0RBKf6yJOhsvtFlFpY_5_jh6uU-UIaDLAVw5TPv190x8kRygZiV99hvuso6o9hNw0r1KB&#038;oh=00_Af5en7XNCzPfClwAtb0zTpZWVIAh5DzaJcAv-WxxFkI0cw&#038;oe=6A0AA47A); background-size: 100% 100%;background-repeat: no-repeat;\">\n\t                                                    <img decoding=\"async\" class=\"eael-facebook-feed-img\" src=\"https:\/\/scontent.fmex44-1.fna.fbcdn.net\/v\/t39.30808-6\/697777809_1482679126986196_1941005472150973544_n.jpg?stp=dst-jpg_p720x720_tt6&#038;_nc_cat=108&#038;ccb=1-7&#038;_nc_sid=127cfc&#038;_nc_ohc=XQEliRSCJYIQ7kNvwELGHq-&#038;_nc_oc=AdpIOVJ8VkqQd721_33nbFDwPcL8jQvz498suunVJGVPJ4f7l12NFpx9VNP9Aet3afU&#038;_nc_zt=23&#038;_nc_ht=scontent.fmex44-1.fna&#038;edm=AKK4YLsEAAAA&#038;_nc_gid=pW3_nRbjZJaOnQJGDze8-A&#038;_nc_tpa=Q5bMBQFC3oV0RBKf6yJOhsvtFlFpY_5_jh6uU-UIaDLAVw5TPv190x8kRygZiV99hvuso6o9hNw0r1KB&#038;oh=00_Af5en7XNCzPfClwAtb0zTpZWVIAh5DzaJcAv-WxxFkI0cw&#038;oe=6A0AA47A\">\n\t                                                <\/div>\n\t                                            <\/a><\/div><footer class=\"eael-facebook-feed-item-footer\">\n                                <div class=\"clearfix\"><span class=\"eael-facebook-feed-post-likes\"><i class=\"far fa-thumbs-up\" aria-hidden=\"true\"><\/i> 10<\/span><span class=\"eael-facebook-feed-post-comments\"><i class=\"far fa-comments\" aria-hidden=\"true\"><\/i> 0<\/span><\/div>\n                            <\/footer><\/div>\n                <\/div><div class=\"eael-facebook-feed-item\">\n                    <div class=\"eael-facebook-feed-item-inner\">\n                        <header class=\"eael-facebook-feed-item-header clearfix\">\n                            <div class=\"eael-facebook-feed-item-user clearfix\">\n                                <a href=\"https:\/\/www.facebook.com\/422553107793433\" target=\"_blank\"><img decoding=\"async\" src=\"https:\/\/graph.facebook.com\/v4.0\/422553107793433\/picture\" alt=\"Facultad de Ingenier\u00eda UABC Mexicali\" class=\"eael-facebook-feed-avatar\"><\/a>\n                                <a href=\"https:\/\/www.facebook.com\/422553107793433\" target=\"_blank\"><p class=\"eael-facebook-feed-username\">Facultad de Ingenier\u00eda UABC Mexicali<\/p><\/a>\n                            <\/div><a href=\"https:\/\/www.facebook.com\/848774130376702\/posts\/1480897597164349\" target=\"_blank\" class=\"eael-facebook-feed-post-time\"><i class=\"far fa-clock\" aria-hidden=\"true\"><\/i> mayo 10, 2026<\/a><\/header><div class=\"eael-facebook-feed-item-content\">\n                                        <p class=\"eael-facebook-feed-message\"> Hoy celebramos a todas las madres. A quienes nos inspiran, apoyan y construyen un mejor futuro cada d\u00eda. Gracias por...<\/p>\n                                    <\/div><div class=\"eael-facebook-feed-preview-wrap\"><a href=\"https:\/\/www.facebook.com\/848774130376702\/posts\/1480897597164349\" target=\"_blank\" class=\"eael-facebook-feed-preview-img\">\n\t                                                <div class=\"eael-facebook-feed-img-container\" style=\"background:url(https:\/\/scontent.fmex44-1.fna.fbcdn.net\/v\/t39.30808-6\/691880198_1480897553831020_3436904014539715424_n.jpg?stp=dst-jpg_p720x720_tt6&#038;_nc_cat=104&#038;ccb=1-7&#038;_nc_sid=833d8c&#038;_nc_ohc=o5bA9774dKMQ7kNvwGqbhD2&#038;_nc_oc=AdoQ-uS0Hp51FeHaFeSII4HXvQqo93Q1ev4GkOAABa9Gln9zs33MjO72VhuObymqL40&#038;_nc_zt=23&#038;_nc_ht=scontent.fmex44-1.fna&#038;edm=AKK4YLsEAAAA&#038;_nc_gid=pW3_nRbjZJaOnQJGDze8-A&#038;_nc_tpa=Q5bMBQFV-4CHQm4DTGG5okgCrkKKxJgHSGu3Tzyx3WjXwRziKqnap0yAK3U3Iwqbo36OtnJu0H8PZ1JW&#038;oh=00_Af642xZKmINhhJVY8wxDLi6hk40wAWGh-G8oXnNJGkiMAQ&#038;oe=6A0AA988); background-size: 100% 100%;background-repeat: no-repeat;\">\n\t                                                    <img decoding=\"async\" class=\"eael-facebook-feed-img\" src=\"https:\/\/scontent.fmex44-1.fna.fbcdn.net\/v\/t39.30808-6\/691880198_1480897553831020_3436904014539715424_n.jpg?stp=dst-jpg_p720x720_tt6&#038;_nc_cat=104&#038;ccb=1-7&#038;_nc_sid=833d8c&#038;_nc_ohc=o5bA9774dKMQ7kNvwGqbhD2&#038;_nc_oc=AdoQ-uS0Hp51FeHaFeSII4HXvQqo93Q1ev4GkOAABa9Gln9zs33MjO72VhuObymqL40&#038;_nc_zt=23&#038;_nc_ht=scontent.fmex44-1.fna&#038;edm=AKK4YLsEAAAA&#038;_nc_gid=pW3_nRbjZJaOnQJGDze8-A&#038;_nc_tpa=Q5bMBQFV-4CHQm4DTGG5okgCrkKKxJgHSGu3Tzyx3WjXwRziKqnap0yAK3U3Iwqbo36OtnJu0H8PZ1JW&#038;oh=00_Af642xZKmINhhJVY8wxDLi6hk40wAWGh-G8oXnNJGkiMAQ&#038;oe=6A0AA988\">\n\t                                                <\/div>\n\t                                            <\/a><\/div><footer class=\"eael-facebook-feed-item-footer\">\n                                <div class=\"clearfix\"><span class=\"eael-facebook-feed-post-likes\"><i class=\"far fa-thumbs-up\" aria-hidden=\"true\"><\/i> 24<\/span><span class=\"eael-facebook-feed-post-comments\"><i class=\"far fa-comments\" aria-hidden=\"true\"><\/i> 0<\/span><\/div>\n                            <\/footer><\/div>\n                <\/div><div class=\"eael-facebook-feed-item\">\n                    <div class=\"eael-facebook-feed-item-inner\">\n                        <header class=\"eael-facebook-feed-item-header clearfix\">\n                            <div class=\"eael-facebook-feed-item-user clearfix\">\n                                <a href=\"https:\/\/www.facebook.com\/422553107793433\" target=\"_blank\"><img decoding=\"async\" src=\"https:\/\/graph.facebook.com\/v4.0\/422553107793433\/picture\" alt=\"Facultad de Ingenier\u00eda UABC Mexicali\" class=\"eael-facebook-feed-avatar\"><\/a>\n                                <a href=\"https:\/\/www.facebook.com\/422553107793433\" target=\"_blank\"><p class=\"eael-facebook-feed-username\">Facultad de Ingenier\u00eda UABC Mexicali<\/p><\/a>\n                            <\/div><a href=\"https:\/\/www.facebook.com\/848774130376702\/posts\/1479492827304826\" target=\"_blank\" class=\"eael-facebook-feed-post-time\"><i class=\"far fa-clock\" aria-hidden=\"true\"><\/i> mayo 9, 2026<\/a><\/header><div class=\"eael-facebook-feed-item-content\">\n                                        <p class=\"eael-facebook-feed-message\"> \ud83d\udce2 Webinar: Redacci\u00f3n de Protocolo de Investigaci\u00f3n para Ingreso a Posgrado La IEEE Industrial Electronics Society - Student Branch Chapter...<\/p>\n                                    <\/div><div class=\"eael-facebook-feed-preview-wrap\"><a href=\"https:\/\/www.facebook.com\/848774130376702\/posts\/1479492827304826\" target=\"_blank\" class=\"eael-facebook-feed-preview-img\">\n\t                                                <div class=\"eael-facebook-feed-img-container\" style=\"background:url(https:\/\/scontent.fmex44-1.fna.fbcdn.net\/v\/t39.30808-6\/694280157_1479491163971659_5420304945626237846_n.jpg?stp=dst-jpg_s1080x2048_tt6&#038;_nc_cat=105&#038;ccb=1-7&#038;_nc_sid=127cfc&#038;_nc_ohc=h6hogQmLlpYQ7kNvwHFZdFd&#038;_nc_oc=AdrWMRqYT_rcjOt_jsklr1Hf0P-4io2WP70f0EGrfn48zpEa4v6eSQRkMWwZ9l39WZY&#038;_nc_zt=23&#038;_nc_ht=scontent.fmex44-1.fna&#038;edm=AKK4YLsEAAAA&#038;_nc_gid=pW3_nRbjZJaOnQJGDze8-A&#038;_nc_tpa=Q5bMBQFR3rSJJg7gxZvVR_56F2FJ2n5xvtMLlOfc5W2_aWImEgecnvN3TjZFTCv_8IVvsXaaIP4IsuTk&#038;oh=00_Af5IiOkkCKgg_QrQAmsiIp2-4g75IXjAkNk6Sxi8UBbWzg&#038;oe=6A0AAAFB); background-size: 100% 100%;background-repeat: no-repeat;\">\n\t                                                    <img decoding=\"async\" class=\"eael-facebook-feed-img\" src=\"https:\/\/scontent.fmex44-1.fna.fbcdn.net\/v\/t39.30808-6\/694280157_1479491163971659_5420304945626237846_n.jpg?stp=dst-jpg_s1080x2048_tt6&#038;_nc_cat=105&#038;ccb=1-7&#038;_nc_sid=127cfc&#038;_nc_ohc=h6hogQmLlpYQ7kNvwHFZdFd&#038;_nc_oc=AdrWMRqYT_rcjOt_jsklr1Hf0P-4io2WP70f0EGrfn48zpEa4v6eSQRkMWwZ9l39WZY&#038;_nc_zt=23&#038;_nc_ht=scontent.fmex44-1.fna&#038;edm=AKK4YLsEAAAA&#038;_nc_gid=pW3_nRbjZJaOnQJGDze8-A&#038;_nc_tpa=Q5bMBQFR3rSJJg7gxZvVR_56F2FJ2n5xvtMLlOfc5W2_aWImEgecnvN3TjZFTCv_8IVvsXaaIP4IsuTk&#038;oh=00_Af5IiOkkCKgg_QrQAmsiIp2-4g75IXjAkNk6Sxi8UBbWzg&#038;oe=6A0AAAFB\">\n\t                                                <\/div>\n\t                                            <\/a><\/div><footer class=\"eael-facebook-feed-item-footer\">\n                                <div class=\"clearfix\"><span class=\"eael-facebook-feed-post-likes\"><i class=\"far fa-thumbs-up\" aria-hidden=\"true\"><\/i> 5<\/span><span class=\"eael-facebook-feed-post-comments\"><i class=\"far fa-comments\" aria-hidden=\"true\"><\/i> 0<\/span><\/div>\n                            <\/footer><\/div>\n                <\/div><div class=\"eael-facebook-feed-item\">\n                    <div class=\"eael-facebook-feed-item-inner\">\n                        <header class=\"eael-facebook-feed-item-header clearfix\">\n                            <div class=\"eael-facebook-feed-item-user clearfix\">\n                                <a href=\"https:\/\/www.facebook.com\/422553107793433\" target=\"_blank\"><img decoding=\"async\" src=\"https:\/\/graph.facebook.com\/v4.0\/422553107793433\/picture\" alt=\"Facultad de Ingenier\u00eda UABC Mexicali\" class=\"eael-facebook-feed-avatar\"><\/a>\n                                <a href=\"https:\/\/www.facebook.com\/422553107793433\" target=\"_blank\"><p class=\"eael-facebook-feed-username\">Facultad de Ingenier\u00eda UABC Mexicali<\/p><\/a>\n                            <\/div><a href=\"https:\/\/www.facebook.com\/848774130376702\/posts\/1479425127311596\" target=\"_blank\" class=\"eael-facebook-feed-post-time\"><i class=\"far fa-clock\" aria-hidden=\"true\"><\/i> mayo 8, 2026<\/a><\/header><div class=\"eael-facebook-feed-item-content\">\n                                        <p class=\"eael-facebook-feed-message\"> \u2728 \u00a1RESET 10: Estira, respira y contin\u00faa! \u2728 \ud83d\udc9a Una pausa de 10 minutos puede transformar el resto de tu...<\/p>\n                                    <\/div><div class=\"eael-facebook-feed-preview-wrap\"><a href=\"https:\/\/www.facebook.com\/848774130376702\/posts\/1479425127311596\" target=\"_blank\" class=\"eael-facebook-feed-preview-img\">\n\t                                                <div class=\"eael-facebook-feed-img-container\" style=\"background:url(https:\/\/scontent.fmex44-1.fna.fbcdn.net\/v\/t39.30808-6\/696270024_1479425000644942_7388420257752807244_n.jpg?stp=dst-jpg_p720x720_tt6&#038;_nc_cat=106&#038;ccb=1-7&#038;_nc_sid=127cfc&#038;_nc_ohc=JwAxnJag8h0Q7kNvwHjTSeu&#038;_nc_oc=AdqAugI5iOxYyZZl4xtYvHYDKbhk9_fJZB0kDi4qpK7MzbGbmlMrBkShfFtwivnnUmo&#038;_nc_zt=23&#038;_nc_ht=scontent.fmex44-1.fna&#038;edm=AKK4YLsEAAAA&#038;_nc_gid=pW3_nRbjZJaOnQJGDze8-A&#038;_nc_tpa=Q5bMBQHaMKc9IHGVZIedNSijINJV282wdxGT5epvmbirJ1_8TeKb9bBx-UiFZnt3Lsjwt0iUpxv_97Du&#038;oh=00_Af5AzZaKySjhImA9D9hFD_OE_4sKZd6udkZajFPqEpxCQw&#038;oe=6A0ABCBB); background-size: 100% 100%;background-repeat: no-repeat;\">\n\t                                                    <img decoding=\"async\" class=\"eael-facebook-feed-img\" src=\"https:\/\/scontent.fmex44-1.fna.fbcdn.net\/v\/t39.30808-6\/696270024_1479425000644942_7388420257752807244_n.jpg?stp=dst-jpg_p720x720_tt6&#038;_nc_cat=106&#038;ccb=1-7&#038;_nc_sid=127cfc&#038;_nc_ohc=JwAxnJag8h0Q7kNvwHjTSeu&#038;_nc_oc=AdqAugI5iOxYyZZl4xtYvHYDKbhk9_fJZB0kDi4qpK7MzbGbmlMrBkShfFtwivnnUmo&#038;_nc_zt=23&#038;_nc_ht=scontent.fmex44-1.fna&#038;edm=AKK4YLsEAAAA&#038;_nc_gid=pW3_nRbjZJaOnQJGDze8-A&#038;_nc_tpa=Q5bMBQHaMKc9IHGVZIedNSijINJV282wdxGT5epvmbirJ1_8TeKb9bBx-UiFZnt3Lsjwt0iUpxv_97Du&#038;oh=00_Af5AzZaKySjhImA9D9hFD_OE_4sKZd6udkZajFPqEpxCQw&#038;oe=6A0ABCBB\">\n\t                                                <\/div>\n\t                                            <\/a><\/div><footer class=\"eael-facebook-feed-item-footer\">\n                                <div class=\"clearfix\"><span class=\"eael-facebook-feed-post-likes\"><i class=\"far fa-thumbs-up\" aria-hidden=\"true\"><\/i> 8<\/span><span class=\"eael-facebook-feed-post-comments\"><i class=\"far fa-comments\" aria-hidden=\"true\"><\/i> 0<\/span><\/div>\n                            <\/footer><\/div>\n                <\/div>        <\/div>\n        <div class=\"clearfix\"><\/div>\n                    <div class=\"eael-load-more-button-wrap\">\n                <button class=\"eael-load-more-button\" id=\"eael-load-more-btn-87700ac\" data-widget-id=\"87700ac\" data-post-id=\"3406\" data-page=\"1\">\n                    <span class=\"eael-btn-loader button__loader\"><\/span>\n                    <span class=\"eael_fb_load_more_text\">Mostrar m\u00e1s Noticias<\/span>\n                <\/button>\n            <\/div>\n            \t\t\t\t<\/div>\n\t\t\t\t<\/div>\n\t\t\t\t<div class=\"elementor-element elementor-element-13e981a elementor-widget elementor-widget-eael-creative-button\" data-id=\"13e981a\" data-element_type=\"widget\" data-e-type=\"widget\" data-widget_type=\"eael-creative-button.default\">\n\t\t\t\t<div class=\"elementor-widget-container\">\n\t\t\t\t\t        <div class=\"eael-creative-button-wrapper\">\n\n            <a class=\"eael-creative-button eael-creative-button--rayen eael-cb-icon-position-right\" href=\"https:\/\/www.facebook.com\/fimuabc\" target=\"_blank\" data-text=\"Ir al sitio!\">\n            \t    \n                <div class=\"creative-button-inner\">\n\n                    \n                    <span class=\"cretive-button-text\">Visita el Sitio Oficial<\/span>\n\n                                            <span class=\"eael-creative-button-icon-right\"><i aria-hidden=\"true\" class=\"fab fa-facebook\"><\/i><\/span>                                    <\/div>\n\t                        <\/a>\n        <\/div>\n        \t\t\t\t<\/div>\n\t\t\t\t<\/div>\n\t\t\t\t<\/div>\n\t\t\t\t<\/div>\n\t\t<div class=\"elementor-element elementor-element-7f413a1 e-con-full e-flex e-con e-child\" data-id=\"7f413a1\" data-element_type=\"container\" data-e-type=\"container\">\n\t\t<div class=\"elementor-element elementor-element-0f972e2 e-con-full e-flex e-con e-child\" data-id=\"0f972e2\" data-element_type=\"container\" data-e-type=\"container\" data-settings=\"{&quot;background_background&quot;:&quot;classic&quot;}\">\n\t\t\t\t<div class=\"elementor-element elementor-element-1cc6521 elementor-widget elementor-widget-heading\" data-id=\"1cc6521\" data-element_type=\"widget\" data-e-type=\"widget\" data-widget_type=\"heading.default\">\n\t\t\t\t<div class=\"elementor-widget-container\">\n\t\t\t\t\t<h2 class=\"elementor-heading-title elementor-size-default\">RESPONSABLE DEL PROGRAMA EDUCATIVO<\/h2>\t\t\t\t<\/div>\n\t\t\t\t<\/div>\n\t\t\t\t<div class=\"elementor-element elementor-element-a38254b elementor-widget-divider--view-line elementor-widget elementor-widget-divider\" data-id=\"a38254b\" data-element_type=\"widget\" data-e-type=\"widget\" data-widget_type=\"divider.default\">\n\t\t\t\t<div class=\"elementor-widget-container\">\n\t\t\t\t\t\t\t<div class=\"elementor-divider\">\n\t\t\t<span class=\"elementor-divider-separator\">\n\t\t\t\t\t\t<\/span>\n\t\t<\/div>\n\t\t\t\t\t\t<\/div>\n\t\t\t\t<\/div>\n\t\t\t\t<div class=\"elementor-element elementor-element-1312f45 elementor-widget elementor-widget-text-editor\" data-id=\"1312f45\" data-element_type=\"widget\" data-e-type=\"widget\" data-widget_type=\"text-editor.default\">\n\t\t\t\t<div class=\"elementor-widget-container\">\n\t\t\t\t\t\t\t\t\t<p><span style=\"color: #339966; font-size: 10pt;\"><strong>Dr. Pedro Francisco Rosales Escobedo<\/strong><\/span><br \/><span style=\"font-size: 10pt;\"><em><span style=\"color: #ffcc00;\"><strong>Responsable del Programa Educativo de Ingeniero El\u00e9ctrico<br \/><br \/><\/strong><\/span><\/em><\/span><\/p><p><span style=\"font-size: 10pt;\"><strong><span style=\"color: #339966;\">Email:<\/span> <span style=\"color: #000000;\"><a style=\"color: #000000;\" href=\"mailto:electrica_fim@uabc.edu.mx\">electrica_fim@uabc.edu.mx<\/a><\/span><\/strong><\/span><br \/><span style=\"font-size: 10pt;\"><strong><span style=\"color: #339966;\">Telefono:<\/span> +52 (686) 841-82-35 <\/strong><\/span><\/p><p><span style=\"font-size: 10pt;\"><strong><span style=\"color: #339966;\">Ext.<\/span> 44442<\/strong><\/span><\/p>\t\t\t\t\t\t\t\t<\/div>\n\t\t\t\t<\/div>\n\t\t\t\t<\/div>\n\t\t<div class=\"elementor-element elementor-element-a58e6d3 e-con-full e-flex e-con e-child\" data-id=\"a58e6d3\" data-element_type=\"container\" data-e-type=\"container\" data-settings=\"{&quot;background_background&quot;:&quot;classic&quot;}\">\n\t\t\t\t<div class=\"elementor-element elementor-element-7b8d082 elementor-widget elementor-widget-heading\" data-id=\"7b8d082\" data-element_type=\"widget\" data-e-type=\"widget\" data-widget_type=\"heading.default\">\n\t\t\t\t<div class=\"elementor-widget-container\">\n\t\t\t\t\t<h2 class=\"elementor-heading-title elementor-size-default\">ACREDITACIONES<\/h2>\t\t\t\t<\/div>\n\t\t\t\t<\/div>\n\t\t\t\t<div class=\"elementor-element elementor-element-01a103b elementor-widget-divider--view-line elementor-widget elementor-widget-divider\" data-id=\"01a103b\" data-element_type=\"widget\" data-e-type=\"widget\" data-widget_type=\"divider.default\">\n\t\t\t\t<div class=\"elementor-widget-container\">\n\t\t\t\t\t\t\t<div class=\"elementor-divider\">\n\t\t\t<span class=\"elementor-divider-separator\">\n\t\t\t\t\t\t<\/span>\n\t\t<\/div>\n\t\t\t\t\t\t<\/div>\n\t\t\t\t<\/div>\n\t\t\t\t<div class=\"elementor-element elementor-element-fa18914 elementor-widget__width-initial elementor-widget elementor-widget-image\" data-id=\"fa18914\" data-element_type=\"widget\" data-e-type=\"widget\" data-widget_type=\"image.default\">\n\t\t\t\t<div class=\"elementor-widget-container\">\n\t\t\t\t\t\t\t\t\t\t\t\t\t\t\t\t<a href=\"https:\/\/ingenieria.mxl.uabc.mx\/pe_ieo\/wp-content\/uploads\/2024\/04\/electricacacei.pdf\" target=\"_blank\">\n\t\t\t\t\t\t\t<img fetchpriority=\"high\" decoding=\"async\" width=\"800\" height=\"350\" src=\"https:\/\/ingenieria.mxl.uabc.mx\/pe_ieo\/wp-content\/uploads\/2023\/09\/cacei.jpg\" class=\"attachment-large size-large wp-image-2134\" alt=\"\" \/>\t\t\t\t\t\t\t\t<\/a>\n\t\t\t\t\t\t\t\t\t\t\t\t\t\t\t<\/div>\n\t\t\t\t<\/div>\n\t\t\t\t<div class=\"elementor-element elementor-element-53c5951 elementor-widget elementor-widget-text-editor\" data-id=\"53c5951\" data-element_type=\"widget\" data-e-type=\"widget\" data-widget_type=\"text-editor.default\">\n\t\t\t\t<div class=\"elementor-widget-container\">\n\t\t\t\t\t\t\t\t\t<p class=\"top-card-layout__title font-sans text-lg papabear:text-xl font-bold leading-open text-color-text mb-0\"><strong><span style=\"font-size: 10pt;\">Consejo de Acreditaci\u00f3n de la Ense\u00f1anza de la Ingenier\u00eda, A.C.<\/span><\/strong><\/p>\t\t\t\t\t\t\t\t<\/div>\n\t\t\t\t<\/div>\n\t\t\t\t<\/div>\n\t\t\t\t<\/div>\n\t\t\t\t<\/div>\n\t\t\t\t<\/div>\n\t\t","protected":false},"excerpt":{"rendered":"<p>Noticias de la Facultad de Ingenier\u00eda Facultad de Ingenier\u00eda UABC Mexicali junio 4, 2025 53 0 Facultad de Ingenier\u00eda UABC Mexicali junio 4, 2025 Es un placer compartirles que el programa E3: English, Ethics and Employability for Semiconductors, llega a UABC y la FIM. gaceta.uabc.mx 0 0 Facultad de Ingenier\u00eda UABC Mexicali mayo 30, 2025 [&hellip;]<\/p>\n","protected":false},"author":3,"featured_media":0,"parent":0,"menu_order":0,"comment_status":"closed","ping_status":"closed","template":"","meta":{"site-sidebar-layout":"no-sidebar","site-content-layout":"page-builder","ast-site-content-layout":"full-width-container","site-content-style":"default","site-sidebar-style":"default","ast-global-header-display":"","ast-banner-title-visibility":"","ast-main-header-display":"","ast-hfb-above-header-display":"","ast-hfb-below-header-display":"","ast-hfb-mobile-header-display":"","site-post-title":"disabled","ast-breadcrumbs-content":"","ast-featured-img":"disabled","footer-sml-layout":"","ast-disable-related-posts":"","theme-transparent-header-meta":"default","adv-header-id-meta":"","stick-header-meta":"","header-above-stick-meta":"","header-main-stick-meta":"","header-below-stick-meta":"","astra-migrate-meta-layouts":"set","ast-page-background-enabled":"default","ast-page-background-meta":{"desktop":{"background-color":"","background-image":"","background-repeat":"repeat","background-position":"center center","background-size":"auto","background-attachment":"scroll","background-type":"","background-media":"","overlay-type":"","overlay-color":"","overlay-opacity":"","overlay-gradient":""},"tablet":{"background-color":"","background-image":"","background-repeat":"repeat","background-position":"center center","background-size":"auto","background-attachment":"scroll","background-type":"","background-media":"","overlay-type":"","overlay-color":"","overlay-opacity":"","overlay-gradient":""},"mobile":{"background-color":"","background-image":"","background-repeat":"repeat","background-position":"center center","background-size":"auto","background-attachment":"scroll","background-type":"","background-media":"","overlay-type":"","overlay-color":"","overlay-opacity":"","overlay-gradient":""}},"ast-content-background-meta":{"desktop":{"background-color":"var(--ast-global-color-5)","background-image":"","background-repeat":"repeat","background-position":"center center","background-size":"auto","background-attachment":"scroll","background-type":"","background-media":"","overlay-type":"","overlay-color":"","overlay-opacity":"","overlay-gradient":""},"tablet":{"background-color":"var(--ast-global-color-5)","background-image":"","background-repeat":"repeat","background-position":"center center","background-size":"auto","background-attachment":"scroll","background-type":"","background-media":"","overlay-type":"","overlay-color":"","overlay-opacity":"","overlay-gradient":""},"mobile":{"background-color":"var(--ast-global-color-5)","background-image":"","background-repeat":"repeat","background-position":"center center","background-size":"auto","background-attachment":"scroll","background-type":"","background-media":"","overlay-type":"","overlay-color":"","overlay-opacity":"","overlay-gradient":""}},"footnotes":""},"class_list":["post-3406","page","type-page","status-publish","hentry"],"_links":{"self":[{"href":"https:\/\/ingenieria.mxl.uabc.mx\/pe_ieo\/wp-json\/wp\/v2\/pages\/3406","targetHints":{"allow":["GET"]}}],"collection":[{"href":"https:\/\/ingenieria.mxl.uabc.mx\/pe_ieo\/wp-json\/wp\/v2\/pages"}],"about":[{"href":"https:\/\/ingenieria.mxl.uabc.mx\/pe_ieo\/wp-json\/wp\/v2\/types\/page"}],"author":[{"embeddable":true,"href":"https:\/\/ingenieria.mxl.uabc.mx\/pe_ieo\/wp-json\/wp\/v2\/users\/3"}],"replies":[{"embeddable":true,"href":"https:\/\/ingenieria.mxl.uabc.mx\/pe_ieo\/wp-json\/wp\/v2\/comments?post=3406"}],"version-history":[{"count":102,"href":"https:\/\/ingenieria.mxl.uabc.mx\/pe_ieo\/wp-json\/wp\/v2\/pages\/3406\/revisions"}],"predecessor-version":[{"id":4912,"href":"https:\/\/ingenieria.mxl.uabc.mx\/pe_ieo\/wp-json\/wp\/v2\/pages\/3406\/revisions\/4912"}],"wp:attachment":[{"href":"https:\/\/ingenieria.mxl.uabc.mx\/pe_ieo\/wp-json\/wp\/v2\/media?parent=3406"}],"curies":[{"name":"wp","href":"https:\/\/api.w.org\/{rel}","templated":true}]}}