{"id":2861,"date":"2023-10-10T07:55:47","date_gmt":"2023-10-10T15:55:47","guid":{"rendered":"http:\/\/localhost\/pe_ico\/?page_id=2861"},"modified":"2025-04-23T12:23:21","modified_gmt":"2025-04-23T20:23:21","slug":"perfil-de-egreso","status":"publish","type":"page","link":"https:\/\/ingenieria.mxl.uabc.mx\/pe_ier\/perfil-de-egreso\/","title":{"rendered":"Perfil de Egreso"},"content":{"rendered":"\t\t<div data-elementor-type=\"wp-page\" data-elementor-id=\"2861\" class=\"elementor elementor-2861\">\n\t\t\t\t<div class=\"elementor-element elementor-element-c49e4db e-con-full e-flex e-con e-parent\" data-id=\"c49e4db\" data-element_type=\"container\" data-e-type=\"container\">\n\t\t<div class=\"elementor-element elementor-element-aa290a3 e-con-full e-flex e-con e-child\" data-id=\"aa290a3\" data-element_type=\"container\" data-e-type=\"container\">\n\t\t<div class=\"elementor-element elementor-element-7f8a134 e-con-full e-flex e-con e-child\" data-id=\"7f8a134\" data-element_type=\"container\" data-e-type=\"container\" data-settings=\"{&quot;background_background&quot;:&quot;classic&quot;}\">\n\t\t\t\t<div class=\"elementor-element elementor-element-7e30e08 elementor-widget elementor-widget-heading\" data-id=\"7e30e08\" data-element_type=\"widget\" data-e-type=\"widget\" data-widget_type=\"heading.default\">\n\t\t\t\t<div class=\"elementor-widget-container\">\n\t\t\t\t\t<h1 class=\"elementor-heading-title elementor-size-default\">Perfil de Egreso<\/h1>\t\t\t\t<\/div>\n\t\t\t\t<\/div>\n\t\t\t\t<div class=\"elementor-element elementor-element-66d7613 elementor-widget-divider--view-line elementor-widget elementor-widget-divider\" data-id=\"66d7613\" data-element_type=\"widget\" data-e-type=\"widget\" data-widget_type=\"divider.default\">\n\t\t\t\t<div class=\"elementor-widget-container\">\n\t\t\t\t\t\t\t<div class=\"elementor-divider\">\n\t\t\t<span class=\"elementor-divider-separator\">\n\t\t\t\t\t\t<\/span>\n\t\t<\/div>\n\t\t\t\t\t\t<\/div>\n\t\t\t\t<\/div>\n\t\t\t\t<div class=\"elementor-element elementor-element-15ff8cb elementor-widget elementor-widget-text-editor\" data-id=\"15ff8cb\" data-element_type=\"widget\" data-e-type=\"widget\" data-widget_type=\"text-editor.default\">\n\t\t\t\t<div class=\"elementor-widget-container\">\n\t\t\t\t\t\t\t\t\t<p style=\"text-align: justify;\" align=\"center\"><span style=\"font-size: 14pt;\">El egresado del programa de Ingeniero en Energ\u00edas Renovables es un profesionista responsable, con un enfoque multidisciplinario, comprometido al aprendizaje permanente, especializado en el estudio, diagn\u00f3stico, evaluaci\u00f3n y administraci\u00f3n de los recursos energ\u00e9ticos, con el prop\u00f3sito solucionar problemas, aplicando sus conocimientos te\u00f3ricos y pr\u00e1cticos, relacionados con la generaci\u00f3n, ahorro y uso eficiente de la energ\u00eda, bas\u00e1ndose en el an\u00e1lisis, dise\u00f1o, desarrollo, innovaci\u00f3n e implementaci\u00f3n de tecnolog\u00edas para coadyuvar el desarrollo sustentable en el contexto nacional como internacional.\u00a0<\/span><\/p>\t\t\t\t\t\t\t\t<\/div>\n\t\t\t\t<\/div>\n\t\t\t\t<div class=\"elementor-element elementor-element-4a85025 elementor-widget elementor-widget-eael-adv-tabs\" data-id=\"4a85025\" data-element_type=\"widget\" data-e-type=\"widget\" data-widget_type=\"eael-adv-tabs.default\">\n\t\t\t\t<div class=\"elementor-widget-container\">\n\t\t\t\t\t        <div data-scroll-on-click=\"no\" data-scroll-speed=\"300\" id=\"eael-advance-tabs-4a85025\" class=\"eael-advance-tabs eael-tabs-vertical eael-tab-auto-active \" data-tabid=\"4a85025\">\n            <div class=\"eael-tabs-nav \">\n                <ul class=\"eael-tab-inline-icon\" role=\"tablist\">\n                                            <li id=\"perfil-de-egreso\" class=\"inactive eael-tab-item-trigger eael-tab-nav-item\" aria-selected=\"true\" data-tab=\"1\" role=\"tab\" tabindex=\"0\" aria-controls=\"perfil-de-egreso-tab\" aria-expanded=\"false\">\n                            \n                                                                <i class=\"fas fa-laptop-code\"><\/i>                                                            \n                                                            <span class=\"eael-tab-title title-after-icon\" >Perfil de Egreso<\/span>                            \n                                                    <\/li>\n                                            <li id=\"atributos-de-egreso\" class=\"inactive eael-tab-item-trigger eael-tab-nav-item\" aria-selected=\"false\" data-tab=\"2\" role=\"tab\" tabindex=\"-1\" aria-controls=\"atributos-de-egreso-tab\" aria-expanded=\"false\">\n                            \n                                                                <i class=\"fas fa-code\"><\/i>                                                            \n                                                            <span class=\"eael-tab-title title-after-icon\" >Atributos de Egreso<\/span>                            \n                                                    <\/li>\n                                            <li id=\"objetivos-educacionales\" class=\"inactive eael-tab-item-trigger eael-tab-nav-item\" aria-selected=\"false\" data-tab=\"3\" role=\"tab\" tabindex=\"-1\" aria-controls=\"objetivos-educacionales-tab\" aria-expanded=\"false\">\n                            \n                                                                <i class=\"far fa-list-alt\"><\/i>                                                            \n                                                            <span class=\"eael-tab-title title-after-icon\" >Objetivos Educacionales<\/span>                            \n                                                    <\/li>\n                    \n                                  <\/ul>\n            <\/div>\n            \n            <div class=\"eael-tabs-content\">\n\t\t        \n                    <div id=\"perfil-de-egreso-tab\" class=\"clearfix eael-tab-content-item inactive\" data-title-link=\"perfil-de-egreso-tab\">\n\t\t\t\t        <p style=\"text-align: left\"><span style=\"font-size: 14pt\">Por lo cual deber\u00e1 ser competente en:<br \/><br \/><\/span><\/p><ul><li><span style=\"font-size: 14pt\">Evaluar los recursos energ\u00e9ticos disponibles en una determinada zona geogr\u00e1fica, mediante la instrumentaci\u00f3n, modelado y medici\u00f3n de las fuentes renovables de energ\u00eda, para generar insumos que permita definir estrategias y resolver problemas de abastecimiento de energ\u00eda en el \u00e1mbito nacional e internacional, con actitud objetiva, cr\u00edtica, responsable y honesta.<\/span><\/li><\/ul><ul><li><span style=\"font-size: 14pt\">Implementar estrategias de ahorro y el uso eficiente de los energ\u00e9ticos, a trav\u00e9s del planteamiento de modelos matem\u00e1ticos, simulaci\u00f3n, an\u00e1lisis de resultados y validaci\u00f3n, para coadyuvar al desarrollo sustentable en el \u00e1mbito local, regional, nacional e internacional, con actitud de compromiso, disposici\u00f3n para el trabajo multidisciplinario y respeto hacia el medio ambiente.<\/span><\/li><\/ul><ul><li><span style=\"font-size: 14pt\">Implementar tecnolog\u00edas y procesos acordes a la disponibilidad del recurso energ\u00e9tico, mediante la aplicaci\u00f3n de fundamentos de la f\u00edsica, qu\u00edmica y mec\u00e1nica, dise\u00f1o, construcci\u00f3n y evaluaci\u00f3n experimental de tecnolog\u00edas, para aprovechar los recursos existentes y satisfacer las demandas energ\u00e9ticas en el \u00e1mbito local, regional, nacional e internacional, promoviendo la creatividad, la innovaci\u00f3n, el compromiso con la sociedad y el medio ambiente.<\/span><\/li><\/ul><ul><li><span style=\"font-size: 14pt\">Gestionar los recursos energ\u00e9ticos, a trav\u00e9s de la formulaci\u00f3n de estudios de planificaci\u00f3n, aplicaci\u00f3n de pol\u00edticas, herramientas y metodolog\u00edas relacionadas a la demanda, suministro, precios y producci\u00f3n de la energ\u00eda, para el desarrollo de la seguridad energ\u00e9tica, la optimizaci\u00f3n del recurso financiero y el cuidado al medio ambiente, en el \u00e1mbito nacional, con una actitud proactiva, colegiada, tolerante y persistente.<\/span><\/li><\/ul>                    <\/div>\n\t\t        \n                    <div id=\"atributos-de-egreso-tab\" class=\"clearfix eael-tab-content-item inactive\" data-title-link=\"atributos-de-egreso-tab\">\n\t\t\t\t        <p><span style=\"font-size: 14pt\">Los atributos de egreso conforman los componentes indicativos del potencial de un egresado para adquirir las competencias o capacidades para ejercer la pr\u00e1ctica de la ingenier\u00eda a un nivel apropiado.<br \/><br \/><\/span><\/p><ol><li><p><span style=\"font-size: 14pt\">Identificar, formular y resolver problemas complejos de ingenier\u00eda aplicando los principios de las ciencias b\u00e1sicas e ingenier\u00eda.<\/span><\/p><\/li><li><p><span style=\"font-size: 14pt\">Analizar y describir el proceso de conversi\u00f3n de energ\u00eda en los sistemas renovables para proponer modificaciones que optimicen la generaci\u00f3n de energ\u00eda \u00fatil.<\/span><\/p><\/li><li><p><span style=\"font-size: 14pt\">Desarrollar y conducir adecuadamente campa\u00f1as de medici\u00f3n de variables en campo o actividades de experimentaci\u00f3n; analizar e interpretar datos y utilizar el m\u00e9todo cient\u00edfico y el juicio ingenieril para establecer conclusiones.<\/span><\/p><\/li><li><p><span style=\"font-size: 14pt\">Difundir y promover efectivamente con diferentes audiencias las pol\u00edticas, planes, estrategias, objetivos y acciones que sirvan para el uso eficiente y aprovechamiento de las energ\u00edas renovables.<\/span><\/p><\/li><li><p><span style=\"font-size: 14pt\">Utilizar su responsabilidad \u00e9tica y profesional durante la evaluaci\u00f3n de proyectos energ\u00e9ticos sustentables.<\/span><\/p><\/li><li><p><span style=\"font-size: 14pt\">Generan y adquieren conocimiento mediante la identificaci\u00f3n, discernimiento, evaluaci\u00f3n, e integraci\u00f3n de informaci\u00f3n para estar actualizados en temas de \u00edndole energ\u00e9tico y sustentabilidad.<\/span><\/p><\/li><li><p><span style=\"font-size: 14pt\">Planean, organizan y desarrollan actividades para cumplir objetivos y metas de proyectos en temas de sustentabilidad energ\u00e9tica y medio ambiente mediante el trabajo en equipo considerando limitantes y compromisos.<\/span><\/p><\/li><\/ol>                    <\/div>\n\t\t        \n                    <div id=\"objetivos-educacionales-tab\" class=\"clearfix eael-tab-content-item inactive\" data-title-link=\"objetivos-educacionales-tab\">\n\t\t\t\t        <div><span style=\"font-size: 14pt\">Despu\u00e9s de 5 a\u00f1os, los egresados del <strong>Programa Educativo de Ingeniero en Energ\u00edas Renovables<\/strong>:<\/span><\/div><div>\u00a0<\/div><ol><li><span style=\"font-size: 14pt\">Liderean la elaboraci\u00f3n e implementaci\u00f3n de planeaciones energ\u00e9ticas propositivas e innovadoras a corto y largo plazo con equipos multi o interdisciplinario para el desarrollo sustentable de diversos sectores u organizaciones.<\/span><\/li><li><span style=\"font-size: 14pt\">Elaboran diagn\u00f3sticos y evaluaciones energ\u00e9ticas a sistemas ambientales, procesos productivos, recursos y usuarios, de manera innovadora, cr\u00edtica y con compromiso \u00e9tico, con la finalidad de mejorar su desempe\u00f1o.<\/span><\/li><li><span style=\"font-size: 14pt\">Generan y difunden conocimientos tecnol\u00f3gicos innovadores que contribuyan al desarrollo social, econ\u00f3mico y ambiental.<\/span><\/li><\/ol>                    <\/div>\n\t\t                    <\/div>\n        <\/div>\n\t\t\t\t<\/div>\n\t\t\t\t<\/div>\n\t\t\t\t<\/div>\n\t\t\t\t<\/div>\n\t\t<div class=\"elementor-element elementor-element-9c17bd5 e-con-full e-flex e-con e-child\" data-id=\"9c17bd5\" data-element_type=\"container\" data-e-type=\"container\">\n\t\t<div class=\"elementor-element elementor-element-c98be10 e-con-full e-flex e-con e-child\" data-id=\"c98be10\" data-element_type=\"container\" data-e-type=\"container\" data-settings=\"{&quot;background_background&quot;:&quot;classic&quot;}\">\n\t\t\t\t<div class=\"elementor-element elementor-element-4bb2283 elementor-widget elementor-widget-heading\" data-id=\"4bb2283\" data-element_type=\"widget\" data-e-type=\"widget\" data-widget_type=\"heading.default\">\n\t\t\t\t<div class=\"elementor-widget-container\">\n\t\t\t\t\t<h2 class=\"elementor-heading-title elementor-size-default\">RESPONSABLE DEL PROGRAMA EDUCATIVO<\/h2>\t\t\t\t<\/div>\n\t\t\t\t<\/div>\n\t\t\t\t<div class=\"elementor-element elementor-element-40402b8 elementor-widget-divider--view-line elementor-widget elementor-widget-divider\" data-id=\"40402b8\" data-element_type=\"widget\" data-e-type=\"widget\" data-widget_type=\"divider.default\">\n\t\t\t\t<div class=\"elementor-widget-container\">\n\t\t\t\t\t\t\t<div class=\"elementor-divider\">\n\t\t\t<span class=\"elementor-divider-separator\">\n\t\t\t\t\t\t<\/span>\n\t\t<\/div>\n\t\t\t\t\t\t<\/div>\n\t\t\t\t<\/div>\n\t\t\t\t<div class=\"elementor-element elementor-element-3b852a6 elementor-widget elementor-widget-text-editor\" data-id=\"3b852a6\" data-element_type=\"widget\" data-e-type=\"widget\" data-widget_type=\"text-editor.default\">\n\t\t\t\t<div class=\"elementor-widget-container\">\n\t\t\t\t\t\t\t\t\t<p><span style=\"color: #339966; font-size: 10pt;\"><strong>Dra. Marlene Zamora Machado<\/strong><\/span><br \/><span style=\"font-size: 10pt;\"><em><span style=\"color: #ffcc00;\"><strong>Responsable del Programa Educativo de Ingeniero en Energ\u00edas renovables<br \/><br \/><\/strong><\/span><\/em><\/span><\/p><p><span style=\"font-size: 10pt;\"><strong><span style=\"color: #339966;\">Email:<\/span> <span style=\"color: #000000;\"><a style=\"color: #000000;\" href=\"mailto:computacion_fim@uabc.edu.mx\">erenovables_fim@uabc.edu.mx<\/a><\/span><\/strong><\/span><br \/><span style=\"font-size: 10pt;\"><strong><span style=\"color: #339966;\">Tel\u00e9fono:<\/span> +52 (686) 841-82-35 <\/strong><\/span><\/p><p><span style=\"font-size: 10pt;\"><strong><span style=\"color: #339966;\">Ext.<\/span> 44400<\/strong><\/span><\/p>\t\t\t\t\t\t\t\t<\/div>\n\t\t\t\t<\/div>\n\t\t\t\t<\/div>\n\t\t<div class=\"elementor-element elementor-element-15a814d e-con-full e-flex e-con e-child\" data-id=\"15a814d\" data-element_type=\"container\" data-e-type=\"container\" data-settings=\"{&quot;background_background&quot;:&quot;classic&quot;}\">\n\t\t\t\t<div class=\"elementor-element elementor-element-3fabc42 elementor-widget elementor-widget-heading\" data-id=\"3fabc42\" data-element_type=\"widget\" data-e-type=\"widget\" data-widget_type=\"heading.default\">\n\t\t\t\t<div class=\"elementor-widget-container\">\n\t\t\t\t\t<h2 class=\"elementor-heading-title elementor-size-default\">ACREDITACIONES<\/h2>\t\t\t\t<\/div>\n\t\t\t\t<\/div>\n\t\t\t\t<div class=\"elementor-element elementor-element-0713045 elementor-widget-divider--view-line elementor-widget elementor-widget-divider\" data-id=\"0713045\" data-element_type=\"widget\" data-e-type=\"widget\" data-widget_type=\"divider.default\">\n\t\t\t\t<div class=\"elementor-widget-container\">\n\t\t\t\t\t\t\t<div class=\"elementor-divider\">\n\t\t\t<span class=\"elementor-divider-separator\">\n\t\t\t\t\t\t<\/span>\n\t\t<\/div>\n\t\t\t\t\t\t<\/div>\n\t\t\t\t<\/div>\n\t\t\t\t<div class=\"elementor-element elementor-element-dd182a1 elementor-widget__width-initial elementor-widget elementor-widget-image\" data-id=\"dd182a1\" data-element_type=\"widget\" data-e-type=\"widget\" data-widget_type=\"image.default\">\n\t\t\t\t<div class=\"elementor-widget-container\">\n\t\t\t\t\t\t\t\t\t\t\t\t\t\t\t\t<a href=\"https:\/\/ingenieria.mxl.uabc.mx\/pe_ier\/wp-content\/uploads\/2024\/04\/energiasrenovcacei.pdf\" target=\"_blank\">\n\t\t\t\t\t\t\t<img fetchpriority=\"high\" decoding=\"async\" width=\"800\" height=\"350\" src=\"https:\/\/ingenieria.mxl.uabc.mx\/pe_ier\/wp-content\/uploads\/2023\/09\/cacei.jpg\" class=\"attachment-large size-large wp-image-2134\" alt=\"\" \/>\t\t\t\t\t\t\t\t<\/a>\n\t\t\t\t\t\t\t\t\t\t\t\t\t\t\t<\/div>\n\t\t\t\t<\/div>\n\t\t\t\t<div class=\"elementor-element elementor-element-c910d25 elementor-widget elementor-widget-text-editor\" data-id=\"c910d25\" data-element_type=\"widget\" data-e-type=\"widget\" data-widget_type=\"text-editor.default\">\n\t\t\t\t<div class=\"elementor-widget-container\">\n\t\t\t\t\t\t\t\t\t<p class=\"top-card-layout__title font-sans text-lg papabear:text-xl font-bold leading-open text-color-text mb-0\"><strong><span style=\"font-size: 10pt;\">Consejo de Acreditaci\u00f3n de la Ense\u00f1anza de la Ingenier\u00eda, A.C.<\/span><\/strong><\/p>\t\t\t\t\t\t\t\t<\/div>\n\t\t\t\t<\/div>\n\t\t\t\t<\/div>\n\t\t\t\t<\/div>\n\t\t\t\t<\/div>\n\t\t\t\t<\/div>\n\t\t","protected":false},"excerpt":{"rendered":"<p>Perfil de Egreso El egresado del programa de Ingeniero en Energ\u00edas Renovables es un profesionista responsable, con un enfoque multidisciplinario, comprometido al aprendizaje permanente, especializado en el estudio, diagn\u00f3stico, evaluaci\u00f3n y administraci\u00f3n de los recursos energ\u00e9ticos, con el prop\u00f3sito solucionar problemas, aplicando sus conocimientos te\u00f3ricos y pr\u00e1cticos, relacionados con la generaci\u00f3n, ahorro y uso eficiente [&hellip;]<\/p>\n","protected":false},"author":3,"featured_media":0,"parent":0,"menu_order":0,"comment_status":"closed","ping_status":"closed","template":"","meta":{"site-sidebar-layout":"no-sidebar","site-content-layout":"page-builder","ast-site-content-layout":"full-width-container","site-content-style":"default","site-sidebar-style":"default","ast-global-header-display":"","ast-banner-title-visibility":"","ast-main-header-display":"","ast-hfb-above-header-display":"","ast-hfb-below-header-display":"","ast-hfb-mobile-header-display":"","site-post-title":"disabled","ast-breadcrumbs-content":"","ast-featured-img":"disabled","footer-sml-layout":"","ast-disable-related-posts":"","theme-transparent-header-meta":"default","adv-header-id-meta":"","stick-header-meta":"","header-above-stick-meta":"","header-main-stick-meta":"","header-below-stick-meta":"","astra-migrate-meta-layouts":"set","ast-page-background-enabled":"default","ast-page-background-meta":{"desktop":{"background-color":"","background-image":"","background-repeat":"repeat","background-position":"center center","background-size":"auto","background-attachment":"scroll","background-type":"","background-media":"","overlay-type":"","overlay-color":"","overlay-opacity":"","overlay-gradient":""},"tablet":{"background-color":"","background-image":"","background-repeat":"repeat","background-position":"center center","background-size":"auto","background-attachment":"scroll","background-type":"","background-media":"","overlay-type":"","overlay-color":"","overlay-opacity":"","overlay-gradient":""},"mobile":{"background-color":"","background-image":"","background-repeat":"repeat","background-position":"center center","background-size":"auto","background-attachment":"scroll","background-type":"","background-media":"","overlay-type":"","overlay-color":"","overlay-opacity":"","overlay-gradient":""}},"ast-content-background-meta":{"desktop":{"background-color":"var(--ast-global-color-5)","background-image":"","background-repeat":"repeat","background-position":"center center","background-size":"auto","background-attachment":"scroll","background-type":"","background-media":"","overlay-type":"","overlay-color":"","overlay-opacity":"","overlay-gradient":""},"tablet":{"background-color":"var(--ast-global-color-5)","background-image":"","background-repeat":"repeat","background-position":"center center","background-size":"auto","background-attachment":"scroll","background-type":"","background-media":"","overlay-type":"","overlay-color":"","overlay-opacity":"","overlay-gradient":""},"mobile":{"background-color":"var(--ast-global-color-5)","background-image":"","background-repeat":"repeat","background-position":"center center","background-size":"auto","background-attachment":"scroll","background-type":"","background-media":"","overlay-type":"","overlay-color":"","overlay-opacity":"","overlay-gradient":""}},"footnotes":""},"class_list":["post-2861","page","type-page","status-publish","hentry"],"_links":{"self":[{"href":"https:\/\/ingenieria.mxl.uabc.mx\/pe_ier\/wp-json\/wp\/v2\/pages\/2861","targetHints":{"allow":["GET"]}}],"collection":[{"href":"https:\/\/ingenieria.mxl.uabc.mx\/pe_ier\/wp-json\/wp\/v2\/pages"}],"about":[{"href":"https:\/\/ingenieria.mxl.uabc.mx\/pe_ier\/wp-json\/wp\/v2\/types\/page"}],"author":[{"embeddable":true,"href":"https:\/\/ingenieria.mxl.uabc.mx\/pe_ier\/wp-json\/wp\/v2\/users\/3"}],"replies":[{"embeddable":true,"href":"https:\/\/ingenieria.mxl.uabc.mx\/pe_ier\/wp-json\/wp\/v2\/comments?post=2861"}],"version-history":[{"count":73,"href":"https:\/\/ingenieria.mxl.uabc.mx\/pe_ier\/wp-json\/wp\/v2\/pages\/2861\/revisions"}],"predecessor-version":[{"id":4877,"href":"https:\/\/ingenieria.mxl.uabc.mx\/pe_ier\/wp-json\/wp\/v2\/pages\/2861\/revisions\/4877"}],"wp:attachment":[{"href":"https:\/\/ingenieria.mxl.uabc.mx\/pe_ier\/wp-json\/wp\/v2\/media?parent=2861"}],"curies":[{"name":"wp","href":"https:\/\/api.w.org\/{rel}","templated":true}]}}