{"id":3307,"date":"2023-10-13T09:23:24","date_gmt":"2023-10-13T17:23:24","guid":{"rendered":"http:\/\/localhost\/pe_ico\/?page_id=3307"},"modified":"2025-04-23T12:26:19","modified_gmt":"2025-04-23T20:26:19","slug":"manuales-de-practica","status":"publish","type":"page","link":"https:\/\/ingenieria.mxl.uabc.mx\/pe_ier\/manuales-de-practica\/","title":{"rendered":"Manuales de Practica"},"content":{"rendered":"\t\t<div data-elementor-type=\"wp-page\" data-elementor-id=\"3307\" class=\"elementor elementor-3307\">\n\t\t\t\t<div class=\"elementor-element elementor-element-a32812a e-con-full e-flex e-con e-parent\" data-id=\"a32812a\" data-element_type=\"container\" data-e-type=\"container\">\n\t\t<div class=\"elementor-element elementor-element-d700dbe e-con-full e-flex e-con e-child\" data-id=\"d700dbe\" data-element_type=\"container\" data-e-type=\"container\">\n\t\t<div class=\"elementor-element elementor-element-7f8a134 e-con-full e-flex e-con e-child\" data-id=\"7f8a134\" data-element_type=\"container\" data-e-type=\"container\" data-settings=\"{&quot;background_background&quot;:&quot;classic&quot;}\">\n\t\t\t\t<div class=\"elementor-element elementor-element-7e30e08 elementor-widget elementor-widget-heading\" data-id=\"7e30e08\" data-element_type=\"widget\" data-e-type=\"widget\" data-widget_type=\"heading.default\">\n\t\t\t\t<div class=\"elementor-widget-container\">\n\t\t\t\t\t<h1 class=\"elementor-heading-title elementor-size-default\">Manuales de Pr\u00e1cticas<\/h1>\t\t\t\t<\/div>\n\t\t\t\t<\/div>\n\t\t\t\t<div class=\"elementor-element elementor-element-66d7613 elementor-widget-divider--view-line elementor-widget elementor-widget-divider\" data-id=\"66d7613\" data-element_type=\"widget\" data-e-type=\"widget\" data-widget_type=\"divider.default\">\n\t\t\t\t<div class=\"elementor-widget-container\">\n\t\t\t\t\t\t\t<div class=\"elementor-divider\">\n\t\t\t<span class=\"elementor-divider-separator\">\n\t\t\t\t\t\t<\/span>\n\t\t<\/div>\n\t\t\t\t\t\t<\/div>\n\t\t\t\t<\/div>\n\t\t\t\t<div class=\"elementor-element elementor-element-b1d1803 elementor-widget elementor-widget-text-editor\" data-id=\"b1d1803\" data-element_type=\"widget\" data-e-type=\"widget\" data-widget_type=\"text-editor.default\">\n\t\t\t\t<div class=\"elementor-widget-container\">\n\t\t\t\t\t\t\t\t\t<p><span style=\"font-family: Helvetica; font-size: 12pt;\">A continuaci\u00f3n se presenta el listado de manuales de pr\u00e1cticas de laboratorio disponibles para los alumnos de Ingenier\u00eda en Energ\u00edas Renovables.<\/span><\/p>\t\t\t\t\t\t\t\t<\/div>\n\t\t\t\t<\/div>\n\t\t\t\t<div class=\"elementor-element elementor-element-9c8a4f7 elementor-widget elementor-widget-eael-adv-accordion\" data-id=\"9c8a4f7\" data-element_type=\"widget\" data-e-type=\"widget\" data-widget_type=\"eael-adv-accordion.default\">\n\t\t\t\t<div class=\"elementor-widget-container\">\n\t\t\t\t\t            <div class=\"eael-adv-accordion\" id=\"eael-adv-accordion-9c8a4f7\" data-scroll-on-click=\"no\" data-scroll-speed=\"300\" data-accordion-id=\"9c8a4f7\" data-accordion-type=\"accordion\" data-toogle-speed=\"300\">\n            <div class=\"eael-accordion-list\">\n\t\t\t\t\t<div id=\"laboratorio-de-energa-solar-aplicada\" class=\"elementor-tab-title eael-accordion-header\" tabindex=\"0\" data-tab=\"1\" aria-controls=\"elementor-tab-content-1641\"><span class=\"eael-advanced-accordion-icon-closed\"><i aria-hidden=\"true\" class=\"fa-accordion-icon fas fa-plus\"><\/i><\/span><span class=\"eael-advanced-accordion-icon-opened\"><i aria-hidden=\"true\" class=\"fa-accordion-icon fas fa-minus\"><\/i><\/span><span class=\"eael-accordion-tab-title\">Laboratorio de Energ\u00eda Solar Aplicada<\/span><\/div><div id=\"elementor-tab-content-1641\" class=\"eael-accordion-content clearfix\" data-tab=\"1\" aria-labelledby=\"laboratorio-de-energa-solar-aplicada\"><ul><li><span style=\"font-size: 14pt\"><a href=\"https:\/\/drive.google.com\/file\/d\/1WZLOuZ0IMU8nTLL51SjgK2R6oEdUApxT\/view?usp=sharing\" target=\"_blank\" rel=\"noopener noreferrer\">Pr\u00e1ctica\u00a0# 1<\/a>\u00a0Conexi\u00f3n de PVM difrente \u00e1ngulo de incidencia<\/span><\/li><li><span style=\"font-size: 14pt\"><a href=\"https:\/\/drive.google.com\/file\/d\/1YMhxyE-Jx0M1x6Bv4JgIq7ExFUZkWem_\/view?usp=sharing\" target=\"_blank\" rel=\"noopener noreferrer\">Pr\u00e1ctica # 2<\/a>\u00a0Conexi\u00f3n de PVM con efecto sombreado<\/span><\/li><li><span style=\"font-size: 14pt\"><a href=\"https:\/\/drive.google.com\/file\/d\/16tCo-3nfYg1MQV0RCb2j4VYL_8CX_xH6\/view?usp=sharing\" target=\"_blank\" rel=\"noopener noreferrer\">Pr\u00e1ctica # 3<\/a>\u00a0Conexi\u00f3n de PVM con variaci\u00f3n en resistencia<\/span><\/li><li><span style=\"font-size: 14pt\"><a href=\"https:\/\/drive.google.com\/file\/d\/1B64E0DePPT2etjip9jFxz7rxsNJN_KvP\/view?usp=sharing\" target=\"_blank\" rel=\"noopener noreferrer\">Pr\u00e1ctica # 4<\/a>\u00a0Efecto de la masa de aire<\/span><\/li><li><span style=\"font-size: 14pt\"><a href=\"https:\/\/drive.google.com\/file\/d\/1I6SqUSd7obW0-ZJZW61vFXzVlDZMZMae\/view?usp=sharing\" target=\"_blank\" rel=\"noopener noreferrer\">Pr\u00e1ctica # 5<\/a>\u00a0Efecto del \u00e1ngulo de incidencia<\/span><\/li><li><span style=\"font-size: 14pt\"><a href=\"https:\/\/drive.google.com\/file\/d\/1S1K1HFM64necEauugdvkgnv9anJy_pX6\/view?usp=sharing\" target=\"_blank\" rel=\"noopener noreferrer\">Pr\u00e1ctica # 6<\/a>\u00a0Efecto del flujo m\u00e1sico<\/span><\/li><li><span style=\"font-size: 14pt\"><a href=\"https:\/\/drive.google.com\/file\/d\/12G2ExkEpTVM7zv38XYWydvFkVXmJKMCI\/view?usp=sharing\" target=\"_blank\" rel=\"noopener noreferrer\">Pr\u00e1ctica # 7<\/a>\u00a0Efecto de las propiedades \u00f3pticas<\/span><\/li><li><span style=\"font-size: 14pt\"><a href=\"https:\/\/drive.google.com\/file\/d\/1_9SgV9k6TbZhtoRB6MjyCkcYm4jBE9jL\/view?usp=sharing\" target=\"_blank\" rel=\"noopener noreferrer\">Pr\u00e1ctica # 8<\/a>\u00a0Calentamiento solar de agua<\/span><\/li><\/ul><\/div>\n\t\t\t\t\t<\/div><div class=\"eael-accordion-list\">\n\t\t\t\t\t<div id=\"laboratorio-de-electroqumica\" class=\"elementor-tab-title eael-accordion-header\" tabindex=\"0\" data-tab=\"2\" aria-controls=\"elementor-tab-content-1642\"><span class=\"eael-advanced-accordion-icon-closed\"><i aria-hidden=\"true\" class=\"fa-accordion-icon fas fa-plus\"><\/i><\/span><span class=\"eael-advanced-accordion-icon-opened\"><i aria-hidden=\"true\" class=\"fa-accordion-icon fas fa-minus\"><\/i><\/span><span class=\"eael-accordion-tab-title\">Laboratorio de Electroqu\u00edmica<\/span><\/div><div id=\"elementor-tab-content-1642\" class=\"eael-accordion-content clearfix\" data-tab=\"2\" aria-labelledby=\"laboratorio-de-electroqumica\"><ul><li><span style=\"font-size: 14pt\"><a href=\"https:\/\/drive.google.com\/file\/d\/1n2QDiTNDBghzOgbBEaHcJEPW0VoLYv3M\/view?usp=sharing\" target=\"_blank\" rel=\"noopener noreferrer\">Pr\u00e1ctica\u00a0# 1<\/a>\u00a0Celda de Daniell<\/span><\/li><li><span style=\"font-size: 14pt\"><a href=\"https:\/\/drive.google.com\/file\/d\/1u3WIsmXFtsNaVyi02Ee2wYLtG8YZDATM\/view?usp=sharing\" target=\"_blank\" rel=\"noopener noreferrer\">Pr\u00e1ctica # 2<\/a>\u00a0Medici\u00f3n potencial circuito abierto<\/span><\/li><li><span style=\"font-size: 14pt\"><a href=\"https:\/\/drive.google.com\/file\/d\/1htbHo6IVnF5mFlYhNaZnN7H2SwLNVksF\/view?usp=sharing\" target=\"_blank\" rel=\"noopener noreferrer\">Pr\u00e1ctica # 3<\/a>\u00a0Velocidades de reacci\u00f3n en producci\u00f3n de hidr\u00f3geno<\/span><\/li><li><span style=\"font-size: 14pt\"><a href=\"https:\/\/drive.google.com\/file\/d\/1eB2Fa8b9SxrnbfxcfgfGvWw_ezZ_ieNU\/view?usp=sharing\" target=\"_blank\" rel=\"noopener noreferrer\">Pr\u00e1ctica # 4<\/a>\u00a0Oxidaci\u00f3n reversible del cobre<\/span><\/li><li><span style=\"font-size: 14pt\"><a href=\"https:\/\/drive.google.com\/file\/d\/16qTkL_Gul4eNGqd1uHS3M7wREyaFKpGT\/view?usp=sharing\" target=\"_blank\" rel=\"noopener noreferrer\">Pr\u00e1ctica # 5<\/a>\u00a0Recubrimiento met\u00e1lico mediante electrodep\u00f3sito<\/span><\/li><\/ul><\/div>\n\t\t\t\t\t<\/div><div class=\"eael-accordion-list\">\n\t\t\t\t\t<div id=\"laboratorio-de-energa-elica-aplicada\" class=\"elementor-tab-title eael-accordion-header\" tabindex=\"0\" data-tab=\"3\" aria-controls=\"elementor-tab-content-1643\"><span class=\"eael-advanced-accordion-icon-closed\"><i aria-hidden=\"true\" class=\"fa-accordion-icon fas fa-plus\"><\/i><\/span><span class=\"eael-advanced-accordion-icon-opened\"><i aria-hidden=\"true\" class=\"fa-accordion-icon fas fa-minus\"><\/i><\/span><span class=\"eael-accordion-tab-title\">Laboratorio de Energ\u00eda E\u00f3lica Aplicada<\/span><\/div><div id=\"elementor-tab-content-1643\" class=\"eael-accordion-content clearfix\" data-tab=\"3\" aria-labelledby=\"laboratorio-de-energa-elica-aplicada\"><ul><li><span style=\"font-size: 14pt\"><a href=\"https:\/\/drive.google.com\/file\/d\/1ubc4il7N-bXWoyO5hYZWNAp3btXgQXOY\/view?usp=sharing\" target=\"_blank\" rel=\"noopener noreferrer\">Pr\u00e1ctica\u00a0# 1<\/a>\u00a0Tratamiento de datos e\u00f3licos<\/span><\/li><li><span style=\"font-size: 14pt\"><a href=\"https:\/\/drive.google.com\/file\/d\/17Jubfnldu5W-rSxPuFv5nHAXCQ-WoSbF\/view?usp=sharing\" target=\"_blank\" rel=\"noopener noreferrer\">Pr\u00e1ctica # 2<\/a>\u00a0An\u00e1lisis de distribuci\u00f3n Weibull<\/span><\/li><li><span style=\"font-size: 14pt\"><a href=\"https:\/\/drive.google.com\/file\/d\/1Z1T2MWhyu5bRA3Gb23DwEGJRwD55VmmY\/view?usp=sharing\" target=\"_blank\" rel=\"noopener noreferrer\">Pr\u00e1ctica # 3<\/a>\u00a0C\u00e1lculo de perfil vertical de viento<\/span><\/li><li><span style=\"font-size: 14pt\"><a href=\"https:\/\/drive.google.com\/file\/d\/1XHgygjCTdrNr5tdtEAWsGYSd2ysxAp97\/view?usp=sharing\" target=\"_blank\" rel=\"noopener noreferrer\">Pr\u00e1ctica # 4<\/a>\u00a0Estudio de la direcci\u00f3n del viento<\/span><\/li><li><span style=\"font-size: 14pt\"><a href=\"https:\/\/drive.google.com\/file\/d\/1cdcMASxa3W_UwenYJUJpPvwZD5lf252D\/view?usp=sharing\" target=\"_blank\" rel=\"noopener noreferrer\">Pr\u00e1ctica # 5<\/a>\u00a0Toma de lecturas metereol\u00f3gicas<\/span><\/li><li><span style=\"font-size: 14pt\"><a href=\"https:\/\/drive.google.com\/file\/d\/1G--SvKAtshT_mgNKu_g2OxoUMpVdSNh6\/view?usp=sharing\" target=\"_blank\" rel=\"noopener noreferrer\">Pr\u00e1ctica # 6<\/a>\u00a0Dise\u00f1o de \u00e1labe de turbina<\/span><\/li><li><span style=\"font-size: 14pt\"><a href=\"https:\/\/drive.google.com\/file\/d\/1DklhHPv4ocS3nYXgY8uwX4Ougm85BAT3\/view?usp=sharing\" target=\"_blank\" rel=\"noopener noreferrer\">Pr\u00e1ctica # 7<\/a>\u00a0Distribuci\u00f3n de parque e\u00f3lico<\/span><\/li><\/ul><\/div>\n\t\t\t\t\t<\/div><div class=\"eael-accordion-list\">\n\t\t\t\t\t<div id=\"laboratorio-de-fisicoqumica\" class=\"elementor-tab-title eael-accordion-header\" tabindex=\"0\" data-tab=\"4\" aria-controls=\"elementor-tab-content-1644\"><span class=\"eael-advanced-accordion-icon-closed\"><i aria-hidden=\"true\" class=\"fa-accordion-icon fas fa-plus\"><\/i><\/span><span class=\"eael-advanced-accordion-icon-opened\"><i aria-hidden=\"true\" class=\"fa-accordion-icon fas fa-minus\"><\/i><\/span><span class=\"eael-accordion-tab-title\">Laboratorio de Fisicoqu\u00edmica<\/span><\/div><div id=\"elementor-tab-content-1644\" class=\"eael-accordion-content clearfix\" data-tab=\"4\" aria-labelledby=\"laboratorio-de-fisicoqumica\"><ul><li><span style=\"font-size: 18pt\"><a href=\"https:\/\/drive.google.com\/file\/d\/1Rc1VgrObA31BIoIwldH4jFJfM-S8Iw8n\/view?usp=sharing\" target=\"_blank\" rel=\"noopener noreferrer\">Pr\u00e1ctica\u00a0# 1<\/a>\u00a0Medidas de seguridad en el laboratorio<\/span><\/li><li><span style=\"font-size: 18pt\"><a href=\"https:\/\/drive.google.com\/file\/d\/1aqLFZtebPDP1EYCp0WmPkhTY7LJzwF1B\/view?usp=sharing\" target=\"_blank\" rel=\"noopener noreferrer\">Pr\u00e1ctica # 2<\/a>\u00a0Propiedades Fisicoqu\u00edmicas I<\/span><\/li><li><span style=\"font-size: 18pt\"><a href=\"https:\/\/drive.google.com\/file\/d\/1KPfESU__yMDYiIQ5WDMOdd0KMQ7F8mms\/view?usp=sharing\" target=\"_blank\" rel=\"noopener noreferrer\">Pr\u00e1ctica # 3<\/a>\u00a0Soluciones y Solubilidad<\/span><\/li><li><span style=\"font-size: 18pt\"><a href=\"https:\/\/drive.google.com\/file\/d\/15lQ7FYHn-DFLwAX5mnHNP1qUus_SiWBf\/view?usp=sharing\" target=\"_blank\" rel=\"noopener noreferrer\">Pr\u00e1ctica # 4<\/a>\u00a0Extracci\u00f3n continua por Sohxlet y Destilaci\u00f3n simple<\/span><\/li><li><span style=\"font-size: 18pt\"><a href=\"https:\/\/drive.google.com\/file\/d\/15lQ7FYHn-DFLwAX5mnHNP1qUus_SiWBf\/view?usp=sharing\" target=\"_blank\" rel=\"noopener noreferrer\">Pr\u00e1ctica # 5<\/a>\u00a0Extracci\u00f3n continua por Sohxlet y Destilaci\u00f3n simple<\/span><\/li><li><span style=\"font-size: 18pt\"><a href=\"https:\/\/drive.google.com\/file\/d\/1tJtWi_WgDY3CJIWlteeiTD_bEfLjGpe8\/view?usp=sharing\" target=\"_blank\" rel=\"noopener noreferrer\">Pr\u00e1ctica # 6<\/a>\u00a0Efecto T\u00e9rmico I<\/span><\/li><li><span style=\"font-size: 18pt\"><a href=\"https:\/\/drive.google.com\/file\/d\/1TDnLZ3h-ehcT4btIfDtqzoGUqlk2SQHk\/view?usp=sharing\" target=\"_blank\" rel=\"noopener noreferrer\">Pr\u00e1ctica # 7<\/a>\u00a0Calor de reacci\u00f3n<\/span><\/li><\/ul><\/div>\n\t\t\t\t\t<\/div><div class=\"eael-accordion-list\">\n\t\t\t\t\t<div id=\"laboratorio-de-mecnica-de-fluidos\" class=\"elementor-tab-title eael-accordion-header\" tabindex=\"0\" data-tab=\"5\" aria-controls=\"elementor-tab-content-1645\"><span class=\"eael-advanced-accordion-icon-closed\"><i aria-hidden=\"true\" class=\"fa-accordion-icon fas fa-plus\"><\/i><\/span><span class=\"eael-advanced-accordion-icon-opened\"><i aria-hidden=\"true\" class=\"fa-accordion-icon fas fa-minus\"><\/i><\/span><span class=\"eael-accordion-tab-title\">Laboratorio de Mec\u00e1nica de Fluidos<\/span><\/div><div id=\"elementor-tab-content-1645\" class=\"eael-accordion-content clearfix\" data-tab=\"5\" aria-labelledby=\"laboratorio-de-mecnica-de-fluidos\"><ul><li><span style=\"font-size: 14pt\"><a href=\"https:\/\/drive.google.com\/file\/d\/1ZW5xKqnnjcMUQNXjPy1AixsTE2cXlLu_\/view?usp=sharing\" target=\"_blank\" rel=\"noopener noreferrer\">Pr\u00e1ctica\u00a0# 1<\/a>\u00a0Determinaci\u00f3n de caidas de presi\u00f3n<\/span><\/li><li><span style=\"font-size: 14pt\"><a href=\"https:\/\/drive.google.com\/file\/d\/13BNTat8tle8nVvYBHPAACskwyr8MjwWN\/view?usp=sharing\" target=\"_blank\" rel=\"noopener noreferrer\">Pr\u00e1ctica # 2<\/a>\u00a0Determinaci\u00f3n de altura metac\u00e9ntrica<\/span><\/li><li><span style=\"font-size: 14pt\"><a href=\"https:\/\/drive.google.com\/file\/d\/1vCg7YnJWEbz0sDgn3-o44oKBW5HrdtZS\/view?usp=sharing\" target=\"_blank\" rel=\"noopener noreferrer\">Pr\u00e1ctica # 3<\/a>\u00a0Trayectoria y L\u00edneas de corriente<\/span><\/li><li><span style=\"font-size: 14pt\"><a href=\"https:\/\/drive.google.com\/file\/d\/1oaGJlhS-XcQw7pMRdpxO1DyVgwsk2nDp\/view?usp=sharing\" target=\"_blank\" rel=\"noopener noreferrer\">Pr\u00e1ctica # 4<\/a>\u00a0An\u00e1lisis de Ecuaci\u00f3n de Bernoulli<\/span><\/li><\/ul><\/div>\n\t\t\t\t\t<\/div><div class=\"eael-accordion-list\">\n\t\t\t\t\t<div id=\"laboratorio-de-sistemas-de-informacin-geogrfica\" class=\"elementor-tab-title eael-accordion-header\" tabindex=\"0\" data-tab=\"6\" aria-controls=\"elementor-tab-content-1646\"><span class=\"eael-advanced-accordion-icon-closed\"><i aria-hidden=\"true\" class=\"fa-accordion-icon fas fa-plus\"><\/i><\/span><span class=\"eael-advanced-accordion-icon-opened\"><i aria-hidden=\"true\" class=\"fa-accordion-icon fas fa-minus\"><\/i><\/span><span class=\"eael-accordion-tab-title\">Laboratorio de Sistemas de Informaci\u00f3n Geogr\u00e1fica<\/span><\/div><div id=\"elementor-tab-content-1646\" class=\"eael-accordion-content clearfix\" data-tab=\"6\" aria-labelledby=\"laboratorio-de-sistemas-de-informacin-geogrfica\"><ul><li><span style=\"font-size: 14pt\"><a href=\"https:\/\/drive.google.com\/file\/d\/1rqWXxATMw3BzuywzUPoPwmjeo88ya0cI\/view?usp=sharing\" target=\"_blank\" rel=\"noopener noreferrer\">Pr\u00e1ctica\u00a0# 1<\/a>\u00a0Levantamiento topogr\u00e1fico y de viento<\/span><\/li><\/ul><\/div>\n\t\t\t\t\t<\/div><\/div>\t\t\t\t<\/div>\n\t\t\t\t<\/div>\n\t\t\t\t<\/div>\n\t\t\t\t<\/div>\n\t\t<div class=\"elementor-element elementor-element-7f413a1 e-con-full e-flex e-con e-child\" data-id=\"7f413a1\" data-element_type=\"container\" data-e-type=\"container\">\n\t\t<div class=\"elementor-element elementor-element-0f972e2 e-con-full e-flex e-con e-child\" data-id=\"0f972e2\" data-element_type=\"container\" data-e-type=\"container\" data-settings=\"{&quot;background_background&quot;:&quot;classic&quot;}\">\n\t\t\t\t<div class=\"elementor-element elementor-element-1cc6521 elementor-widget elementor-widget-heading\" data-id=\"1cc6521\" data-element_type=\"widget\" data-e-type=\"widget\" data-widget_type=\"heading.default\">\n\t\t\t\t<div class=\"elementor-widget-container\">\n\t\t\t\t\t<h2 class=\"elementor-heading-title elementor-size-default\">Contacto<\/h2>\t\t\t\t<\/div>\n\t\t\t\t<\/div>\n\t\t\t\t<div class=\"elementor-element elementor-element-a38254b elementor-widget-divider--view-line elementor-widget elementor-widget-divider\" data-id=\"a38254b\" data-element_type=\"widget\" data-e-type=\"widget\" data-widget_type=\"divider.default\">\n\t\t\t\t<div class=\"elementor-widget-container\">\n\t\t\t\t\t\t\t<div class=\"elementor-divider\">\n\t\t\t<span class=\"elementor-divider-separator\">\n\t\t\t\t\t\t<\/span>\n\t\t<\/div>\n\t\t\t\t\t\t<\/div>\n\t\t\t\t<\/div>\n\t\t\t\t<div class=\"elementor-element elementor-element-1312f45 elementor-widget elementor-widget-text-editor\" data-id=\"1312f45\" data-element_type=\"widget\" data-e-type=\"widget\" data-widget_type=\"text-editor.default\">\n\t\t\t\t<div class=\"elementor-widget-container\">\n\t\t\t\t\t\t\t\t\t<p><span style=\"color: #339966; font-size: 12pt;\"><strong>Tec. Ricardo Gonz\u00e1les Lamas<\/strong><\/span><br \/><span style=\"font-size: 12pt;\"><em><span style=\"color: #ffcc00;\"><strong>Responsable de Laboratorios<br \/><br \/><\/strong><\/span><\/em><\/span><\/p><p><span style=\"font-size: 12pt;\"><strong><span style=\"color: #339966;\">Email:<\/span> <span style=\"color: #000000;\"><a style=\"color: #000000;\" href=\"mailto:molguin@uabc.edu.mx\">ricardogl@uabc.edu.mx<\/a><\/span><\/strong><\/span><br \/><span style=\"font-size: 12pt;\"><strong><span style=\"color: #339966;\">Tel\u00e9fono:<\/span> +52 (686) 841-82-35 <\/strong><\/span><\/p><p><span style=\"font-size: 12pt;\"><strong><span style=\"color: #339966;\">Ext.<\/span> 44401<\/strong><\/span><\/p>\t\t\t\t\t\t\t\t<\/div>\n\t\t\t\t<\/div>\n\t\t\t\t<\/div>\n\t\t<div class=\"elementor-element elementor-element-a58e6d3 e-con-full e-flex e-con e-child\" data-id=\"a58e6d3\" data-element_type=\"container\" data-e-type=\"container\" data-settings=\"{&quot;background_background&quot;:&quot;classic&quot;}\">\n\t\t\t\t<div class=\"elementor-element elementor-element-7b8d082 elementor-widget elementor-widget-heading\" data-id=\"7b8d082\" data-element_type=\"widget\" data-e-type=\"widget\" data-widget_type=\"heading.default\">\n\t\t\t\t<div class=\"elementor-widget-container\">\n\t\t\t\t\t<h2 class=\"elementor-heading-title elementor-size-default\">ACREDITACIONES<\/h2>\t\t\t\t<\/div>\n\t\t\t\t<\/div>\n\t\t\t\t<div class=\"elementor-element elementor-element-01a103b elementor-widget-divider--view-line elementor-widget elementor-widget-divider\" data-id=\"01a103b\" data-element_type=\"widget\" data-e-type=\"widget\" data-widget_type=\"divider.default\">\n\t\t\t\t<div class=\"elementor-widget-container\">\n\t\t\t\t\t\t\t<div class=\"elementor-divider\">\n\t\t\t<span class=\"elementor-divider-separator\">\n\t\t\t\t\t\t<\/span>\n\t\t<\/div>\n\t\t\t\t\t\t<\/div>\n\t\t\t\t<\/div>\n\t\t\t\t<div class=\"elementor-element elementor-element-fa18914 elementor-widget__width-initial elementor-widget elementor-widget-image\" data-id=\"fa18914\" data-element_type=\"widget\" data-e-type=\"widget\" data-widget_type=\"image.default\">\n\t\t\t\t<div class=\"elementor-widget-container\">\n\t\t\t\t\t\t\t\t\t\t\t\t\t\t\t\t<a href=\"https:\/\/ingenieria.mxl.uabc.mx\/pe_ier\/wp-content\/uploads\/2024\/04\/energiasrenovcacei.pdf\" target=\"_blank\">\n\t\t\t\t\t\t\t<img fetchpriority=\"high\" decoding=\"async\" width=\"800\" height=\"350\" src=\"https:\/\/ingenieria.mxl.uabc.mx\/pe_ier\/wp-content\/uploads\/2023\/09\/cacei.jpg\" class=\"attachment-large size-large wp-image-2134\" alt=\"\" \/>\t\t\t\t\t\t\t\t<\/a>\n\t\t\t\t\t\t\t\t\t\t\t\t\t\t\t<\/div>\n\t\t\t\t<\/div>\n\t\t\t\t<div class=\"elementor-element elementor-element-53c5951 elementor-widget elementor-widget-text-editor\" data-id=\"53c5951\" data-element_type=\"widget\" data-e-type=\"widget\" data-widget_type=\"text-editor.default\">\n\t\t\t\t<div class=\"elementor-widget-container\">\n\t\t\t\t\t\t\t\t\t<p class=\"top-card-layout__title font-sans text-lg papabear:text-xl font-bold leading-open text-color-text mb-0\"><strong><span style=\"font-size: 10pt;\">Consejo de Acreditaci\u00f3n de la Ense\u00f1anza de la Ingenier\u00eda, A.C.<\/span><\/strong><\/p>\t\t\t\t\t\t\t\t<\/div>\n\t\t\t\t<\/div>\n\t\t\t\t<\/div>\n\t\t\t\t<\/div>\n\t\t\t\t<\/div>\n\t\t\t\t<\/div>\n\t\t","protected":false},"excerpt":{"rendered":"<p>Manuales de Pr\u00e1cticas A continuaci\u00f3n se presenta el listado de manuales de pr\u00e1cticas de laboratorio disponibles para los alumnos de Ingenier\u00eda en Energ\u00edas Renovables. Laboratorio de Energ\u00eda Solar Aplicada Pr\u00e1ctica\u00a0# 1\u00a0Conexi\u00f3n de PVM difrente \u00e1ngulo de incidencia Pr\u00e1ctica # 2\u00a0Conexi\u00f3n de PVM con efecto sombreado Pr\u00e1ctica # 3\u00a0Conexi\u00f3n de PVM con variaci\u00f3n en resistencia Pr\u00e1ctica [&hellip;]<\/p>\n","protected":false},"author":3,"featured_media":0,"parent":0,"menu_order":0,"comment_status":"closed","ping_status":"closed","template":"","meta":{"site-sidebar-layout":"no-sidebar","site-content-layout":"page-builder","ast-site-content-layout":"full-width-container","site-content-style":"default","site-sidebar-style":"default","ast-global-header-display":"","ast-banner-title-visibility":"","ast-main-header-display":"","ast-hfb-above-header-display":"","ast-hfb-below-header-display":"","ast-hfb-mobile-header-display":"","site-post-title":"disabled","ast-breadcrumbs-content":"","ast-featured-img":"disabled","footer-sml-layout":"","ast-disable-related-posts":"","theme-transparent-header-meta":"default","adv-header-id-meta":"","stick-header-meta":"","header-above-stick-meta":"","header-main-stick-meta":"","header-below-stick-meta":"","astra-migrate-meta-layouts":"set","ast-page-background-enabled":"default","ast-page-background-meta":{"desktop":{"background-color":"","background-image":"","background-repeat":"repeat","background-position":"center center","background-size":"auto","background-attachment":"scroll","background-type":"","background-media":"","overlay-type":"","overlay-color":"","overlay-opacity":"","overlay-gradient":""},"tablet":{"background-color":"","background-image":"","background-repeat":"repeat","background-position":"center center","background-size":"auto","background-attachment":"scroll","background-type":"","background-media":"","overlay-type":"","overlay-color":"","overlay-opacity":"","overlay-gradient":""},"mobile":{"background-color":"","background-image":"","background-repeat":"repeat","background-position":"center center","background-size":"auto","background-attachment":"scroll","background-type":"","background-media":"","overlay-type":"","overlay-color":"","overlay-opacity":"","overlay-gradient":""}},"ast-content-background-meta":{"desktop":{"background-color":"var(--ast-global-color-5)","background-image":"","background-repeat":"repeat","background-position":"center center","background-size":"auto","background-attachment":"scroll","background-type":"","background-media":"","overlay-type":"","overlay-color":"","overlay-opacity":"","overlay-gradient":""},"tablet":{"background-color":"var(--ast-global-color-5)","background-image":"","background-repeat":"repeat","background-position":"center center","background-size":"auto","background-attachment":"scroll","background-type":"","background-media":"","overlay-type":"","overlay-color":"","overlay-opacity":"","overlay-gradient":""},"mobile":{"background-color":"var(--ast-global-color-5)","background-image":"","background-repeat":"repeat","background-position":"center center","background-size":"auto","background-attachment":"scroll","background-type":"","background-media":"","overlay-type":"","overlay-color":"","overlay-opacity":"","overlay-gradient":""}},"footnotes":""},"class_list":["post-3307","page","type-page","status-publish","hentry"],"_links":{"self":[{"href":"https:\/\/ingenieria.mxl.uabc.mx\/pe_ier\/wp-json\/wp\/v2\/pages\/3307","targetHints":{"allow":["GET"]}}],"collection":[{"href":"https:\/\/ingenieria.mxl.uabc.mx\/pe_ier\/wp-json\/wp\/v2\/pages"}],"about":[{"href":"https:\/\/ingenieria.mxl.uabc.mx\/pe_ier\/wp-json\/wp\/v2\/types\/page"}],"author":[{"embeddable":true,"href":"https:\/\/ingenieria.mxl.uabc.mx\/pe_ier\/wp-json\/wp\/v2\/users\/3"}],"replies":[{"embeddable":true,"href":"https:\/\/ingenieria.mxl.uabc.mx\/pe_ier\/wp-json\/wp\/v2\/comments?post=3307"}],"version-history":[{"count":61,"href":"https:\/\/ingenieria.mxl.uabc.mx\/pe_ier\/wp-json\/wp\/v2\/pages\/3307\/revisions"}],"predecessor-version":[{"id":4898,"href":"https:\/\/ingenieria.mxl.uabc.mx\/pe_ier\/wp-json\/wp\/v2\/pages\/3307\/revisions\/4898"}],"wp:attachment":[{"href":"https:\/\/ingenieria.mxl.uabc.mx\/pe_ier\/wp-json\/wp\/v2\/media?parent=3307"}],"curies":[{"name":"wp","href":"https:\/\/api.w.org\/{rel}","templated":true}]}}