{"id":2782,"date":"2023-10-09T16:06:13","date_gmt":"2023-10-10T00:06:13","guid":{"rendered":"http:\/\/localhost\/pe_ico\/?page_id=2782"},"modified":"2025-02-11T16:54:32","modified_gmt":"2025-02-12T00:54:32","slug":"perfil-de-ingreso","status":"publish","type":"page","link":"https:\/\/ingenieria.mxl.uabc.mx\/pe_iin\/perfil-de-ingreso\/","title":{"rendered":"Perfil de Ingreso"},"content":{"rendered":"\t\t<div data-elementor-type=\"wp-page\" data-elementor-id=\"2782\" class=\"elementor elementor-2782\">\n\t\t\t\t<div class=\"elementor-element elementor-element-31acfab e-con-full e-flex e-con e-parent\" data-id=\"31acfab\" data-element_type=\"container\" data-e-type=\"container\">\n\t\t<div class=\"elementor-element elementor-element-062cae2 e-con-full e-flex e-con e-child\" data-id=\"062cae2\" data-element_type=\"container\" data-e-type=\"container\">\n\t\t<div class=\"elementor-element elementor-element-7f8a134 e-con-full e-flex e-con e-child\" data-id=\"7f8a134\" data-element_type=\"container\" data-e-type=\"container\" data-settings=\"{&quot;background_background&quot;:&quot;classic&quot;}\">\n\t\t\t\t<div class=\"elementor-element elementor-element-7e30e08 elementor-widget elementor-widget-heading\" data-id=\"7e30e08\" data-element_type=\"widget\" data-e-type=\"widget\" data-widget_type=\"heading.default\">\n\t\t\t\t<div class=\"elementor-widget-container\">\n\t\t\t\t\t<h1 class=\"elementor-heading-title elementor-size-default\">Perfil de Ingreso<\/h1>\t\t\t\t<\/div>\n\t\t\t\t<\/div>\n\t\t\t\t<div class=\"elementor-element elementor-element-66d7613 elementor-widget-divider--view-line elementor-widget elementor-widget-divider\" data-id=\"66d7613\" data-element_type=\"widget\" data-e-type=\"widget\" data-widget_type=\"divider.default\">\n\t\t\t\t<div class=\"elementor-widget-container\">\n\t\t\t\t\t\t\t<div class=\"elementor-divider\">\n\t\t\t<span class=\"elementor-divider-separator\">\n\t\t\t\t\t\t<\/span>\n\t\t<\/div>\n\t\t\t\t\t\t<\/div>\n\t\t\t\t<\/div>\n\t\t\t\t<div class=\"elementor-element elementor-element-15ff8cb elementor-widget elementor-widget-text-editor\" data-id=\"15ff8cb\" data-element_type=\"widget\" data-e-type=\"widget\" data-widget_type=\"text-editor.default\">\n\t\t\t\t<div class=\"elementor-widget-container\">\n\t\t\t\t\t\t\t\t\t<p><span style=\"font-size: 14pt;\">Los aspirantes a ingresar al programa de Ingeniero Industrial deber\u00e1n contar con los siguientes conocimientos, habilidades, actitudes y valores:<\/span><\/p>\t\t\t\t\t\t\t\t<\/div>\n\t\t\t\t<\/div>\n\t\t\t\t<div class=\"elementor-element elementor-element-909e92b elementor-widget elementor-widget-eael-adv-tabs\" data-id=\"909e92b\" data-element_type=\"widget\" data-e-type=\"widget\" data-widget_type=\"eael-adv-tabs.default\">\n\t\t\t\t<div class=\"elementor-widget-container\">\n\t\t\t\t\t        <div data-scroll-on-click=\"no\" data-scroll-speed=\"300\" id=\"eael-advance-tabs-909e92b\" class=\"eael-advance-tabs eael-tabs-vertical eael-tab-auto-active \" data-tabid=\"909e92b\">\n            <div class=\"eael-tabs-nav \">\n                <ul class=\"eael-tab-inline-icon\" role=\"tablist\">\n                                            <li id=\"conocimientos\" class=\"inactive eael-tab-item-trigger eael-tab-nav-item\" aria-selected=\"true\" data-tab=\"1\" role=\"tab\" tabindex=\"0\" aria-controls=\"conocimientos-tab\" aria-expanded=\"false\">\n                            \n                                                                <i class=\"fas fa-book\"><\/i>                                                            \n                                                            <span class=\"eael-tab-title title-after-icon\" >Conocimientos<\/span>                            \n                                                    <\/li>\n                                            <li id=\"habilidades\" class=\"inactive eael-tab-item-trigger eael-tab-nav-item\" aria-selected=\"false\" data-tab=\"2\" role=\"tab\" tabindex=\"-1\" aria-controls=\"habilidades-tab\" aria-expanded=\"false\">\n                            \n                                                                <i class=\"far fa-comments\"><\/i>                                                            \n                                                            <span class=\"eael-tab-title title-after-icon\" >Habilidades<\/span>                            \n                                                    <\/li>\n                                            <li id=\"actitudes\" class=\"inactive eael-tab-item-trigger eael-tab-nav-item\" aria-selected=\"false\" data-tab=\"3\" role=\"tab\" tabindex=\"-1\" aria-controls=\"actitudes-tab\" aria-expanded=\"false\">\n                            \n                                                                <i class=\"far fa-handshake\"><\/i>                                                            \n                                                            <span class=\"eael-tab-title title-after-icon\" >Actitudes<\/span>                            \n                                                    <\/li>\n                                            <li id=\"valores\" class=\"inactive eael-tab-item-trigger eael-tab-nav-item\" aria-selected=\"false\" data-tab=\"4\" role=\"tab\" tabindex=\"-1\" aria-controls=\"valores-tab\" aria-expanded=\"false\">\n                            \n                                                                <i class=\"fas fa-hand-holding-heart\"><\/i>                                                            \n                                                            <span class=\"eael-tab-title title-after-icon\" >Valores<\/span>                            \n                                                    <\/li>\n                    \n                                  <\/ul>\n            <\/div>\n            \n            <div class=\"eael-tabs-content\">\n\t\t        \n                    <div id=\"conocimientos-tab\" class=\"clearfix eael-tab-content-item inactive\" data-title-link=\"conocimientos-tab\">\n\t\t\t\t        <ul><li><div><span style=\"font-size: 14pt\">F\u00edsica<\/span><\/div><\/li><li><div><span style=\"font-size: 14pt\">Qu\u00edmica<\/span><\/div><\/li><li><span style=\"font-size: 14pt\">Matem\u00e1ticas<\/span><\/li><\/ul>                    <\/div>\n\t\t        \n                    <div id=\"habilidades-tab\" class=\"clearfix eael-tab-content-item inactive\" data-title-link=\"habilidades-tab\">\n\t\t\t\t        <ul><li><div><span style=\"font-size: 14pt\">Analizar e interpretar problemas<\/span><\/div><\/li><li><div><span style=\"font-size: 14pt\">Manejo de computadora<\/span><\/div><\/li><li><span style=\"font-size: 14pt\">Integrarse en equipos de trabajo<\/span><\/li><li><span style=\"font-size: 14pt\">Comunicarse de forma efectiva<\/span><\/li><\/ul>                    <\/div>\n\t\t        \n                    <div id=\"actitudes-tab\" class=\"clearfix eael-tab-content-item inactive\" data-title-link=\"actitudes-tab\">\n\t\t\t\t        <ul><li><div><span style=\"font-size: 14pt\">Pensamiento anal\u00edtico y cr\u00edtico<\/span><\/div><\/li><li><div><span style=\"font-size: 14pt\">Creatividad<\/span><\/div><\/li><li><span style=\"font-size: 14pt\">Sentido de superaci\u00f3n profesional<\/span><\/li><li><span style=\"font-size: 14pt\">Competitivo<\/span><\/li><li><span style=\"font-size: 14pt\">Proactivo<\/span><\/li><\/ul>                    <\/div>\n\t\t        \n                    <div id=\"valores-tab\" class=\"clearfix eael-tab-content-item inactive\" data-title-link=\"valores-tab\">\n\t\t\t\t        <ul><li><div><span style=\"font-size: 14pt\">Honestidad<\/span><\/div><\/li><li><div><span style=\"font-size: 14pt\">Colaboraci\u00f3n<\/span><\/div><\/li><li><span style=\"font-size: 14pt\">Tolerancia<\/span><\/li><li><span style=\"font-size: 14pt\">Respeto por el medio ambiente<\/span><\/li><li><span style=\"font-size: 14pt\">Responsabilidad<\/span><\/li><\/ul>                    <\/div>\n\t\t                    <\/div>\n        <\/div>\n\t\t\t\t<\/div>\n\t\t\t\t<\/div>\n\t\t\t\t<\/div>\n\t\t\t\t<\/div>\n\t\t<div class=\"elementor-element elementor-element-6322234 e-con-full e-flex e-con e-child\" data-id=\"6322234\" data-element_type=\"container\" data-e-type=\"container\">\n\t\t<div class=\"elementor-element elementor-element-43b7958 e-con-full e-flex e-con e-child\" data-id=\"43b7958\" data-element_type=\"container\" data-e-type=\"container\" data-settings=\"{&quot;background_background&quot;:&quot;classic&quot;}\">\n\t\t\t\t<div class=\"elementor-element elementor-element-5ac7b4f elementor-widget elementor-widget-heading\" data-id=\"5ac7b4f\" data-element_type=\"widget\" data-e-type=\"widget\" data-widget_type=\"heading.default\">\n\t\t\t\t<div class=\"elementor-widget-container\">\n\t\t\t\t\t<h2 class=\"elementor-heading-title elementor-size-default\">RESPONSABLE DEL PROGRAMA EDUCATIVO<\/h2>\t\t\t\t<\/div>\n\t\t\t\t<\/div>\n\t\t\t\t<div class=\"elementor-element elementor-element-07348c3 elementor-widget-divider--view-line elementor-widget elementor-widget-divider\" data-id=\"07348c3\" data-element_type=\"widget\" data-e-type=\"widget\" data-widget_type=\"divider.default\">\n\t\t\t\t<div class=\"elementor-widget-container\">\n\t\t\t\t\t\t\t<div class=\"elementor-divider\">\n\t\t\t<span class=\"elementor-divider-separator\">\n\t\t\t\t\t\t<\/span>\n\t\t<\/div>\n\t\t\t\t\t\t<\/div>\n\t\t\t\t<\/div>\n\t\t\t\t<div class=\"elementor-element elementor-element-4b31f82 elementor-widget elementor-widget-text-editor\" data-id=\"4b31f82\" data-element_type=\"widget\" data-e-type=\"widget\" data-widget_type=\"text-editor.default\">\n\t\t\t\t<div class=\"elementor-widget-container\">\n\t\t\t\t\t\t\t\t\t<p><strong><span style=\"font-size: 10pt; color: #339966;\">Dr. Ismael Mendoza Mu\u00f1oz<\/span><\/strong><br \/><span style=\"color: #d39229;\"><em><span style=\"font-size: 10pt;\"><strong>Responsable del Programa Educativo de Ingeniero Industrial<br \/><br \/><\/strong><\/span><\/em><\/span><\/p><p><span style=\"font-size: 10pt;\"><strong><span style=\"color: #339966;\">Email:<\/span> <span style=\"color: #000000;\"><a style=\"color: #000000;\" href=\"mailto:industrial_fim@uabc.edu.mx\">industrial_fim@uabc.edu.mx<\/a><\/span><\/strong><\/span><br \/><span style=\"font-size: 10pt;\"><strong><span style=\"color: #339966;\">Tel\u00e9fono:<\/span> +52 (686) 841-8235<\/strong><\/span><\/p><p><span style=\"font-size: 10pt;\"><strong><span style=\"color: #339966;\">Ext.<\/span> 44450<\/strong><\/span><\/p>\t\t\t\t\t\t\t\t<\/div>\n\t\t\t\t<\/div>\n\t\t\t\t<\/div>\n\t\t<div class=\"elementor-element elementor-element-1c9322a e-con-full e-flex e-con e-child\" data-id=\"1c9322a\" data-element_type=\"container\" data-e-type=\"container\" data-settings=\"{&quot;background_background&quot;:&quot;classic&quot;}\">\n\t\t\t\t<div class=\"elementor-element elementor-element-d0b45d0 elementor-widget elementor-widget-heading\" data-id=\"d0b45d0\" data-element_type=\"widget\" data-e-type=\"widget\" data-widget_type=\"heading.default\">\n\t\t\t\t<div class=\"elementor-widget-container\">\n\t\t\t\t\t<h2 class=\"elementor-heading-title elementor-size-default\">ACREDITACIONES<\/h2>\t\t\t\t<\/div>\n\t\t\t\t<\/div>\n\t\t\t\t<div class=\"elementor-element elementor-element-a9f5663 elementor-widget-divider--view-line elementor-widget elementor-widget-divider\" data-id=\"a9f5663\" data-element_type=\"widget\" data-e-type=\"widget\" data-widget_type=\"divider.default\">\n\t\t\t\t<div class=\"elementor-widget-container\">\n\t\t\t\t\t\t\t<div class=\"elementor-divider\">\n\t\t\t<span class=\"elementor-divider-separator\">\n\t\t\t\t\t\t<\/span>\n\t\t<\/div>\n\t\t\t\t\t\t<\/div>\n\t\t\t\t<\/div>\n\t\t\t\t<div class=\"elementor-element elementor-element-cd93cda elementor-widget__width-initial elementor-widget elementor-widget-image\" data-id=\"cd93cda\" data-element_type=\"widget\" data-e-type=\"widget\" data-widget_type=\"image.default\">\n\t\t\t\t<div class=\"elementor-widget-container\">\n\t\t\t\t\t\t\t\t\t\t\t\t\t\t\t\t<a href=\"https:\/\/ingenieria.mxl.uabc.mx\/pe_iin\/wp-content\/uploads\/2024\/04\/industrialcacei.pdf\" target=\"_blank\">\n\t\t\t\t\t\t\t<img fetchpriority=\"high\" decoding=\"async\" width=\"800\" height=\"350\" src=\"https:\/\/ingenieria.mxl.uabc.mx\/pe_iin\/wp-content\/uploads\/2023\/09\/cacei.jpg\" class=\"attachment-large size-large wp-image-2134\" alt=\"\" \/>\t\t\t\t\t\t\t\t<\/a>\n\t\t\t\t\t\t\t\t\t\t\t\t\t\t\t<\/div>\n\t\t\t\t<\/div>\n\t\t\t\t<div class=\"elementor-element elementor-element-3e82feb elementor-widget elementor-widget-text-editor\" data-id=\"3e82feb\" data-element_type=\"widget\" data-e-type=\"widget\" data-widget_type=\"text-editor.default\">\n\t\t\t\t<div class=\"elementor-widget-container\">\n\t\t\t\t\t\t\t\t\t<p class=\"top-card-layout__title font-sans text-lg papabear:text-xl font-bold leading-open text-color-text mb-0\"><strong><span style=\"font-size: 10pt;\">Consejo de Acreditaci\u00f3n de la Ense\u00f1anza de la Ingenier\u00eda, A.C.<\/span><\/strong><\/p>\t\t\t\t\t\t\t\t<\/div>\n\t\t\t\t<\/div>\n\t\t\t\t<\/div>\n\t\t\t\t<\/div>\n\t\t\t\t<\/div>\n\t\t\t\t<\/div>\n\t\t","protected":false},"excerpt":{"rendered":"<p>Perfil de Ingreso Los aspirantes a ingresar al programa de Ingeniero Industrial deber\u00e1n contar con los siguientes conocimientos, habilidades, actitudes y valores: Conocimientos Habilidades Actitudes Valores F\u00edsica Qu\u00edmica Matem\u00e1ticas Analizar e interpretar problemas Manejo de computadora Integrarse en equipos de trabajo Comunicarse de forma efectiva Pensamiento anal\u00edtico y cr\u00edtico Creatividad Sentido de superaci\u00f3n profesional Competitivo [&hellip;]<\/p>\n","protected":false},"author":3,"featured_media":0,"parent":0,"menu_order":0,"comment_status":"closed","ping_status":"closed","template":"","meta":{"site-sidebar-layout":"no-sidebar","site-content-layout":"page-builder","ast-site-content-layout":"full-width-container","site-content-style":"default","site-sidebar-style":"default","ast-global-header-display":"","ast-banner-title-visibility":"","ast-main-header-display":"","ast-hfb-above-header-display":"","ast-hfb-below-header-display":"","ast-hfb-mobile-header-display":"","site-post-title":"disabled","ast-breadcrumbs-content":"","ast-featured-img":"disabled","footer-sml-layout":"","ast-disable-related-posts":"","theme-transparent-header-meta":"default","adv-header-id-meta":"","stick-header-meta":"","header-above-stick-meta":"","header-main-stick-meta":"","header-below-stick-meta":"","astra-migrate-meta-layouts":"set","ast-page-background-enabled":"default","ast-page-background-meta":{"desktop":{"background-color":"","background-image":"","background-repeat":"repeat","background-position":"center center","background-size":"auto","background-attachment":"scroll","background-type":"","background-media":"","overlay-type":"","overlay-color":"","overlay-opacity":"","overlay-gradient":""},"tablet":{"background-color":"","background-image":"","background-repeat":"repeat","background-position":"center center","background-size":"auto","background-attachment":"scroll","background-type":"","background-media":"","overlay-type":"","overlay-color":"","overlay-opacity":"","overlay-gradient":""},"mobile":{"background-color":"","background-image":"","background-repeat":"repeat","background-position":"center center","background-size":"auto","background-attachment":"scroll","background-type":"","background-media":"","overlay-type":"","overlay-color":"","overlay-opacity":"","overlay-gradient":""}},"ast-content-background-meta":{"desktop":{"background-color":"var(--ast-global-color-5)","background-image":"","background-repeat":"repeat","background-position":"center center","background-size":"auto","background-attachment":"scroll","background-type":"","background-media":"","overlay-type":"","overlay-color":"","overlay-opacity":"","overlay-gradient":""},"tablet":{"background-color":"var(--ast-global-color-5)","background-image":"","background-repeat":"repeat","background-position":"center center","background-size":"auto","background-attachment":"scroll","background-type":"","background-media":"","overlay-type":"","overlay-color":"","overlay-opacity":"","overlay-gradient":""},"mobile":{"background-color":"var(--ast-global-color-5)","background-image":"","background-repeat":"repeat","background-position":"center center","background-size":"auto","background-attachment":"scroll","background-type":"","background-media":"","overlay-type":"","overlay-color":"","overlay-opacity":"","overlay-gradient":""}},"footnotes":""},"class_list":["post-2782","page","type-page","status-publish","hentry"],"_links":{"self":[{"href":"https:\/\/ingenieria.mxl.uabc.mx\/pe_iin\/wp-json\/wp\/v2\/pages\/2782","targetHints":{"allow":["GET"]}}],"collection":[{"href":"https:\/\/ingenieria.mxl.uabc.mx\/pe_iin\/wp-json\/wp\/v2\/pages"}],"about":[{"href":"https:\/\/ingenieria.mxl.uabc.mx\/pe_iin\/wp-json\/wp\/v2\/types\/page"}],"author":[{"embeddable":true,"href":"https:\/\/ingenieria.mxl.uabc.mx\/pe_iin\/wp-json\/wp\/v2\/users\/3"}],"replies":[{"embeddable":true,"href":"https:\/\/ingenieria.mxl.uabc.mx\/pe_iin\/wp-json\/wp\/v2\/comments?post=2782"}],"version-history":[{"count":106,"href":"https:\/\/ingenieria.mxl.uabc.mx\/pe_iin\/wp-json\/wp\/v2\/pages\/2782\/revisions"}],"predecessor-version":[{"id":5018,"href":"https:\/\/ingenieria.mxl.uabc.mx\/pe_iin\/wp-json\/wp\/v2\/pages\/2782\/revisions\/5018"}],"wp:attachment":[{"href":"https:\/\/ingenieria.mxl.uabc.mx\/pe_iin\/wp-json\/wp\/v2\/media?parent=2782"}],"curies":[{"name":"wp","href":"https:\/\/api.w.org\/{rel}","templated":true}]}}