{"id":2861,"date":"2023-10-10T07:55:47","date_gmt":"2023-10-10T15:55:47","guid":{"rendered":"http:\/\/localhost\/pe_ico\/?page_id=2861"},"modified":"2025-08-25T10:12:23","modified_gmt":"2025-08-25T18:12:23","slug":"perfil-de-egreso","status":"publish","type":"page","link":"https:\/\/ingenieria.mxl.uabc.mx\/pe_iin\/perfil-de-egreso\/","title":{"rendered":"Perfil de Egreso"},"content":{"rendered":"\t\t<div data-elementor-type=\"wp-page\" data-elementor-id=\"2861\" class=\"elementor elementor-2861\">\n\t\t\t\t<div class=\"elementor-element elementor-element-c49e4db e-con-full e-flex e-con e-parent\" data-id=\"c49e4db\" data-element_type=\"container\">\n\t\t<div class=\"elementor-element elementor-element-aa290a3 e-con-full e-flex e-con e-child\" data-id=\"aa290a3\" data-element_type=\"container\">\n\t\t<div class=\"elementor-element elementor-element-7f8a134 e-con-full e-flex e-con e-child\" data-id=\"7f8a134\" data-element_type=\"container\" data-settings=\"{&quot;background_background&quot;:&quot;classic&quot;}\">\n\t\t\t\t<div class=\"elementor-element elementor-element-7e30e08 elementor-widget elementor-widget-heading\" data-id=\"7e30e08\" data-element_type=\"widget\" data-widget_type=\"heading.default\">\n\t\t\t\t<div class=\"elementor-widget-container\">\n\t\t\t\t\t<h1 class=\"elementor-heading-title elementor-size-default\">Perfil de Egreso<\/h1>\t\t\t\t<\/div>\n\t\t\t\t<\/div>\n\t\t\t\t<div class=\"elementor-element elementor-element-66d7613 elementor-widget-divider--view-line elementor-widget elementor-widget-divider\" data-id=\"66d7613\" data-element_type=\"widget\" data-widget_type=\"divider.default\">\n\t\t\t\t<div class=\"elementor-widget-container\">\n\t\t\t\t\t\t\t<div class=\"elementor-divider\">\n\t\t\t<span class=\"elementor-divider-separator\">\n\t\t\t\t\t\t<\/span>\n\t\t<\/div>\n\t\t\t\t\t\t<\/div>\n\t\t\t\t<\/div>\n\t\t\t\t<div class=\"elementor-element elementor-element-15ff8cb elementor-widget elementor-widget-text-editor\" data-id=\"15ff8cb\" data-element_type=\"widget\" data-widget_type=\"text-editor.default\">\n\t\t\t\t<div class=\"elementor-widget-container\">\n\t\t\t\t\t\t\t\t\t<p style=\"text-align: justify;\" align=\"center\"><span style=\"font-size: 14pt;\">El egresado del programa educativo de Ingeniero Industrial, es un profesionista socialmente responsable con un enfoque multidisciplinario, capaz de integrar y liderar equipos efectivos de trabajo, comprometido con el aprendizaje permanente a trav\u00e9s de la generaci\u00f3n y el an\u00e1lisis de datos que permita identificar, formular y resolver problemas para la toma de decisiones relacionadas con el dise\u00f1o, la administraci\u00f3n, la mejora y la innovaci\u00f3n de procesos, productos y servicios mediante la implementaci\u00f3n de metodolog\u00edas y tecnolog\u00edas que coadyuven al desarrollo sustentable de las organizaciones en el contexto nacional e internacional.<\/span><\/p>\t\t\t\t\t\t\t\t<\/div>\n\t\t\t\t<\/div>\n\t\t\t\t<div class=\"elementor-element elementor-element-1822165 elementor-widget elementor-widget-eael-adv-tabs\" data-id=\"1822165\" data-element_type=\"widget\" data-widget_type=\"eael-adv-tabs.default\">\n\t\t\t\t<div class=\"elementor-widget-container\">\n\t\t\t\t\t        <div data-scroll-on-click=\"no\" data-scroll-speed=\"300\" id=\"eael-advance-tabs-1822165\" class=\"eael-advance-tabs eael-tabs-vertical eael-tab-auto-active \" data-tabid=\"1822165\">\n            <div class=\"eael-tabs-nav \">\n                <ul class=\"eael-tab-inline-icon\" role=\"tablist\">\n                                            <li id=\"perfil-de-egreso\" class=\"inactive eael-tab-item-trigger eael-tab-nav-item\" aria-selected=\"true\" data-tab=\"1\" role=\"tab\" tabindex=\"0\" aria-controls=\"perfil-de-egreso-tab\" aria-expanded=\"false\">\n                            \n                                                                <i class=\"fas fa-laptop-code\"><\/i>                                                            \n                                                            <span class=\"eael-tab-title title-after-icon\" >Perfil de Egreso<\/span>                            \n                                                    <\/li>\n                                            <li id=\"atributos-de-egreso\" class=\"inactive eael-tab-item-trigger eael-tab-nav-item\" aria-selected=\"false\" data-tab=\"2\" role=\"tab\" tabindex=\"-1\" aria-controls=\"atributos-de-egreso-tab\" aria-expanded=\"false\">\n                            \n                                                                <i class=\"fas fa-code\"><\/i>                                                            \n                                                            <span class=\"eael-tab-title title-after-icon\" >Atributos de Egreso<\/span>                            \n                                                    <\/li>\n                                            <li id=\"objetivos-educacionales\" class=\"inactive eael-tab-item-trigger eael-tab-nav-item\" aria-selected=\"false\" data-tab=\"3\" role=\"tab\" tabindex=\"-1\" aria-controls=\"objetivos-educacionales-tab\" aria-expanded=\"false\">\n                            \n                                                                <i class=\"far fa-list-alt\"><\/i>                                                            \n                                                            <span class=\"eael-tab-title title-after-icon\" >Objetivos Educacionales<\/span>                            \n                                                    <\/li>\n                    \n                                  <\/ul>\n            <\/div>\n            \n            <div class=\"eael-tabs-content\">\n\t\t        \n                    <div id=\"perfil-de-egreso-tab\" class=\"clearfix eael-tab-content-item inactive\" data-title-link=\"perfil-de-egreso-tab\">\n\t\t\t\t        <p><span style=\"font-size: 14pt; text-align: justify;\">El Ingeniero Industrial ser\u00e1 competente para:<\/span><\/p><p>\u00a0<\/p><ul style=\"text-align: justify;\"><li><span style=\"font-size: 14pt;\">Crear e implementar soluciones innovadoras en el desarrollo de sistemas productivos de bienes y servicios, mediante la aplicaci\u00f3n de modelos en la toma de decisiones, uso de herramientas y tecnolog\u00edas relacionadas con la optimizaci\u00f3n de procesos, para incrementar la competitividad y sustentabilidad de la organizaci\u00f3n, con creatividad y conciencia ambiental.<\/span><\/li><\/ul><ul><li><span style=\"font-size: 14pt;\">Desarrollar sistemas de gesti\u00f3n que cumplan con la normatividad vigente a nivel nacional e internacional, a trav\u00e9s de metodolog\u00edas de mejora e integraci\u00f3n de equipos multidisciplinarios, para garantizar la calidad de los productos y servicios, con eficiencia, liderazgo y responsabilidad social.<\/span><\/li><\/ul><ul><li><span style=\"font-size: 14pt;\">Crear, evaluar y dirigir proyectos de negocios, que impacten en el desarrollo de la regi\u00f3n y el pa\u00eds, bas\u00e1ndose en la integraci\u00f3n de metodolog\u00edas econ\u00f3micas administrativas de ingenier\u00eda, para aumentar la competitividad en el sector productivo de manera cr\u00edtica, objetiva, responsable y con liderazgo.<\/span><\/li><\/ul>                    <\/div>\n\t\t        \n                    <div id=\"atributos-de-egreso-tab\" class=\"clearfix eael-tab-content-item inactive\" data-title-link=\"atributos-de-egreso-tab\">\n\t\t\t\t        <p><span style=\"font-size: 14pt; text-align: justify;\">Los atributos de egreso conforman los componentes indicativos del potencial de un egresado para adquirir las competencias o capacidades para ejercer la pr\u00e1ctica de la ingenier\u00eda a un nivel apropiado.<\/span><\/p><p>\u00a0<\/p><ol style=\"font-size: 14pt; text-align: justify;\"><li><span style=\"font-size: 14pt;\">Aplicar las Ciencias B\u00e1sicas y Ciencias de la Ingenier\u00eda, as\u00ed como t\u00e9cnicas, m\u00e9todos y herramientas de Ingenier\u00eda Industrial para identificar, analizar, resolver y mejorar problemas de ingenier\u00eda.<\/span><\/li><li><span style=\"font-size: 14pt;\">Aplicar, analizar, sintetizar y mejorar procesos de Ingenier\u00eda Industrial que resulten en proyectos para brindar soluciones con criterios de calidad, dise\u00f1o, ergonom\u00eda y sustentabilidad.<\/span><\/li><li><span style=\"font-size: 14pt;\">Analizar e interpretar datos, as\u00ed como desarrollar y conducir experimentaci\u00f3n en el campo de la Ingenier\u00eda Industrial para establecer conclusiones y soluciones.<\/span><\/li><li><span style=\"font-size: 14pt;\">Comunicar sus conocimientos e ideas a trav\u00e9s de distintos medios de comunicaci\u00f3n con las diferentes audiencias.<\/span><\/li><li><span style=\"font-size: 14pt;\">Reconocer sus responsabilidades \u00e9tica, social y profesional en entornos relacionados con la Ingenier\u00eda Industrial, analizando el impacto econ\u00f3mico, normativo, social y ambiental.<\/span><\/li><li><span style=\"font-size: 14pt;\">Reconocer la importancia de mantenerse actualizado en las nuevas t\u00e9cnicas y metodolog\u00edas de la Ingenier\u00eda Industrial, para aplicar e integrar este conocimiento en su ejercicio profesional.<\/span><\/li><li><span style=\"font-size: 14pt;\">Planear, organizar y gestionar proyectos en equipo de Ingenier\u00eda Industrial, utilizando m\u00e9todos y herramientas de optimizaci\u00f3n que impacten en la productividad y calidad.<\/span><\/li><li><span style=\"font-size: 14pt;\">Gestionar y analizar proyectos del \u00e1rea de seguridad y salud ocupacional con enfoque sustentable en sistemas productivos de bienes y servicios, atendiendo la normativa correspondiente.<\/span><\/li><\/ol>                    <\/div>\n\t\t        \n                    <div id=\"objetivos-educacionales-tab\" class=\"clearfix eael-tab-content-item inactive\" data-title-link=\"objetivos-educacionales-tab\">\n\t\t\t\t        <div><span style=\"font-size: 14pt; font-family: Helvetica;\">Despu\u00e9s de 5 a\u00f1os, los egresados del <strong>Programa Educativo de Ingeniero Industrial<\/strong>:<\/span><\/div><div>\u00a0<\/div><p style=\"padding-left: 40px;\"><span style=\"font-size: 14pt; font-family: Helvetica;\">1. Son profesionales l\u00edderes reconocidos por sus organizaciones.<\/span><\/p><div class=\"gmail_default\" style=\"padding-left: 80px;\"><span style=\"font-family: Helvetica; font-size: 14pt;\">CD1.\u00a0Se distinguen en su pr\u00e1ctica profesional por su impacto en la organizaci\u00f3n.\u00a0\u00a0<\/span><\/div><div class=\"gmail_default\" style=\"padding-left: 80px;\"><span style=\"font-family: Helvetica; font-size: 14pt;\">CD2. Se distinguen por su desarrollo profesional.<\/span><\/div><div class=\"gmail_default\" style=\"padding-left: 80px;\"><span style=\"font-family: Helvetica; font-size: 14pt;\">CD3. Dirigen equipos de trabajo multidisciplinarios.<\/span><\/div><div>\u00a0<\/div><p style=\"padding-left: 40px;\"><span style=\"font-size: 14pt; font-family: Helvetica;\">2. Contribuyen a la competitividad de la organizaci\u00f3n.<\/span><\/p><div class=\"gmail_default\"><p style=\"padding-left: 80px;\"><span style=\"font-family: Helvetica; font-size: 14pt;\">CD1.\u00a0Desarrollan exitosamente proyectos enfocados a la mejora continua.<\/span><\/p><p style=\"padding-left: 80px;\"><span style=\"font-family: Helvetica; font-size: 14pt;\">CD2. Optimizan procesos a trav\u00e9s de software especializado.<\/span><\/p><p style=\"padding-left: 80px;\"><span style=\"font-family: Helvetica; font-size: 14pt;\">CD3. Eval\u00faan sistemas para garantizar el cumplimiento de est\u00e1ndares internacionales.<\/span><\/p><\/div>                    <\/div>\n\t\t                    <\/div>\n        <\/div>\n\t\t\t\t<\/div>\n\t\t\t\t<\/div>\n\t\t\t\t<\/div>\n\t\t\t\t<\/div>\n\t\t<div class=\"elementor-element elementor-element-ea4bbae e-con-full e-flex e-con e-child\" data-id=\"ea4bbae\" data-element_type=\"container\">\n\t\t<div class=\"elementor-element elementor-element-fd68294 e-con-full e-flex e-con e-child\" data-id=\"fd68294\" data-element_type=\"container\" data-settings=\"{&quot;background_background&quot;:&quot;classic&quot;}\">\n\t\t\t\t<div class=\"elementor-element elementor-element-0cfa7c3 elementor-widget elementor-widget-heading\" data-id=\"0cfa7c3\" data-element_type=\"widget\" data-widget_type=\"heading.default\">\n\t\t\t\t<div class=\"elementor-widget-container\">\n\t\t\t\t\t<h2 class=\"elementor-heading-title elementor-size-default\">RESPONSABLE DEL PROGRAMA EDUCATIVO<\/h2>\t\t\t\t<\/div>\n\t\t\t\t<\/div>\n\t\t\t\t<div class=\"elementor-element elementor-element-4ec3557 elementor-widget-divider--view-line elementor-widget elementor-widget-divider\" data-id=\"4ec3557\" data-element_type=\"widget\" data-widget_type=\"divider.default\">\n\t\t\t\t<div class=\"elementor-widget-container\">\n\t\t\t\t\t\t\t<div class=\"elementor-divider\">\n\t\t\t<span class=\"elementor-divider-separator\">\n\t\t\t\t\t\t<\/span>\n\t\t<\/div>\n\t\t\t\t\t\t<\/div>\n\t\t\t\t<\/div>\n\t\t\t\t<div class=\"elementor-element elementor-element-8900af9 elementor-widget elementor-widget-text-editor\" data-id=\"8900af9\" data-element_type=\"widget\" data-widget_type=\"text-editor.default\">\n\t\t\t\t<div class=\"elementor-widget-container\">\n\t\t\t\t\t\t\t\t\t<p><strong><span style=\"font-size: 10pt; color: #339966;\">Dr. Ismael Mendoza Mu\u00f1oz<\/span><\/strong><br \/><span style=\"color: #d39229;\"><em><span style=\"font-size: 10pt;\"><strong>Responsable del Programa Educativo de Ingeniero Industrial<\/strong><\/span><\/em><\/span><\/p><p>\u00a0<\/p><p><span style=\"font-size: 10pt;\"><strong><span style=\"color: #339966;\">Email:<\/span> <span style=\"color: #000000;\"><a style=\"color: #000000;\" href=\"mailto:industrial_fim@uabc.edu.mx\">industrial_fim@uabc.edu.mx<\/a><\/span><\/strong><\/span><br \/><span style=\"font-size: 10pt;\"><strong><span style=\"color: #339966;\">Tel\u00e9fono:<\/span> +52 (686) 841-8235<\/strong><\/span><\/p><p><span style=\"font-size: 10pt;\"><strong><span style=\"color: #339966;\">Ext.<\/span> 44450<\/strong><\/span><\/p>\t\t\t\t\t\t\t\t<\/div>\n\t\t\t\t<\/div>\n\t\t\t\t<\/div>\n\t\t<div class=\"elementor-element elementor-element-491d591 e-con-full e-flex e-con e-child\" data-id=\"491d591\" data-element_type=\"container\" data-settings=\"{&quot;background_background&quot;:&quot;classic&quot;}\">\n\t\t\t\t<div class=\"elementor-element elementor-element-01667f8 elementor-widget elementor-widget-heading\" data-id=\"01667f8\" data-element_type=\"widget\" data-widget_type=\"heading.default\">\n\t\t\t\t<div class=\"elementor-widget-container\">\n\t\t\t\t\t<h2 class=\"elementor-heading-title elementor-size-default\">ACREDITACIONES<\/h2>\t\t\t\t<\/div>\n\t\t\t\t<\/div>\n\t\t\t\t<div class=\"elementor-element elementor-element-22e44cd elementor-widget-divider--view-line elementor-widget elementor-widget-divider\" data-id=\"22e44cd\" data-element_type=\"widget\" data-widget_type=\"divider.default\">\n\t\t\t\t<div class=\"elementor-widget-container\">\n\t\t\t\t\t\t\t<div class=\"elementor-divider\">\n\t\t\t<span class=\"elementor-divider-separator\">\n\t\t\t\t\t\t<\/span>\n\t\t<\/div>\n\t\t\t\t\t\t<\/div>\n\t\t\t\t<\/div>\n\t\t\t\t<div class=\"elementor-element elementor-element-dccfabf elementor-widget__width-initial elementor-widget elementor-widget-image\" data-id=\"dccfabf\" data-element_type=\"widget\" data-widget_type=\"image.default\">\n\t\t\t\t<div class=\"elementor-widget-container\">\n\t\t\t\t\t\t\t\t\t\t\t\t\t\t\t\t<a href=\"https:\/\/ingenieria.mxl.uabc.mx\/pe_iin\/wp-content\/uploads\/2024\/04\/industrialcacei.pdf\" target=\"_blank\">\n\t\t\t\t\t\t\t<img fetchpriority=\"high\" decoding=\"async\" width=\"800\" height=\"350\" src=\"https:\/\/ingenieria.mxl.uabc.mx\/pe_iin\/wp-content\/uploads\/2023\/09\/cacei.jpg\" class=\"attachment-large size-large wp-image-2134\" alt=\"\" \/>\t\t\t\t\t\t\t\t<\/a>\n\t\t\t\t\t\t\t\t\t\t\t\t\t\t\t<\/div>\n\t\t\t\t<\/div>\n\t\t\t\t<div class=\"elementor-element elementor-element-e588283 elementor-widget elementor-widget-text-editor\" data-id=\"e588283\" data-element_type=\"widget\" data-widget_type=\"text-editor.default\">\n\t\t\t\t<div class=\"elementor-widget-container\">\n\t\t\t\t\t\t\t\t\t<p class=\"top-card-layout__title font-sans text-lg papabear:text-xl font-bold leading-open text-color-text mb-0\"><strong><span style=\"font-size: 10pt;\">Consejo de Acreditaci\u00f3n de la Ense\u00f1anza de la Ingenier\u00eda, A.C.<\/span><\/strong><\/p>\t\t\t\t\t\t\t\t<\/div>\n\t\t\t\t<\/div>\n\t\t\t\t<\/div>\n\t\t\t\t<\/div>\n\t\t\t\t<\/div>\n\t\t\t\t<\/div>\n\t\t","protected":false},"excerpt":{"rendered":"<p>Perfil de Egreso El egresado del programa educativo de Ingeniero Industrial, es un profesionista socialmente responsable con un enfoque multidisciplinario, capaz de integrar y liderar equipos efectivos de trabajo, comprometido con el aprendizaje permanente a trav\u00e9s de la generaci\u00f3n y el an\u00e1lisis de datos que permita identificar, formular y resolver problemas para la toma de [&hellip;]<\/p>\n","protected":false},"author":3,"featured_media":0,"parent":0,"menu_order":0,"comment_status":"closed","ping_status":"closed","template":"","meta":{"site-sidebar-layout":"no-sidebar","site-content-layout":"page-builder","ast-site-content-layout":"full-width-container","site-content-style":"default","site-sidebar-style":"default","ast-global-header-display":"","ast-banner-title-visibility":"","ast-main-header-display":"","ast-hfb-above-header-display":"","ast-hfb-below-header-display":"","ast-hfb-mobile-header-display":"","site-post-title":"disabled","ast-breadcrumbs-content":"","ast-featured-img":"disabled","footer-sml-layout":"","ast-disable-related-posts":"","theme-transparent-header-meta":"default","adv-header-id-meta":"","stick-header-meta":"","header-above-stick-meta":"","header-main-stick-meta":"","header-below-stick-meta":"","astra-migrate-meta-layouts":"set","ast-page-background-enabled":"default","ast-page-background-meta":{"desktop":{"background-color":"","background-image":"","background-repeat":"repeat","background-position":"center center","background-size":"auto","background-attachment":"scroll","background-type":"","background-media":"","overlay-type":"","overlay-color":"","overlay-opacity":"","overlay-gradient":""},"tablet":{"background-color":"","background-image":"","background-repeat":"repeat","background-position":"center center","background-size":"auto","background-attachment":"scroll","background-type":"","background-media":"","overlay-type":"","overlay-color":"","overlay-opacity":"","overlay-gradient":""},"mobile":{"background-color":"","background-image":"","background-repeat":"repeat","background-position":"center center","background-size":"auto","background-attachment":"scroll","background-type":"","background-media":"","overlay-type":"","overlay-color":"","overlay-opacity":"","overlay-gradient":""}},"ast-content-background-meta":{"desktop":{"background-color":"var(--ast-global-color-5)","background-image":"","background-repeat":"repeat","background-position":"center center","background-size":"auto","background-attachment":"scroll","background-type":"","background-media":"","overlay-type":"","overlay-color":"","overlay-opacity":"","overlay-gradient":""},"tablet":{"background-color":"var(--ast-global-color-5)","background-image":"","background-repeat":"repeat","background-position":"center center","background-size":"auto","background-attachment":"scroll","background-type":"","background-media":"","overlay-type":"","overlay-color":"","overlay-opacity":"","overlay-gradient":""},"mobile":{"background-color":"var(--ast-global-color-5)","background-image":"","background-repeat":"repeat","background-position":"center center","background-size":"auto","background-attachment":"scroll","background-type":"","background-media":"","overlay-type":"","overlay-color":"","overlay-opacity":"","overlay-gradient":""}},"footnotes":""},"class_list":["post-2861","page","type-page","status-publish","hentry"],"_links":{"self":[{"href":"https:\/\/ingenieria.mxl.uabc.mx\/pe_iin\/wp-json\/wp\/v2\/pages\/2861","targetHints":{"allow":["GET"]}}],"collection":[{"href":"https:\/\/ingenieria.mxl.uabc.mx\/pe_iin\/wp-json\/wp\/v2\/pages"}],"about":[{"href":"https:\/\/ingenieria.mxl.uabc.mx\/pe_iin\/wp-json\/wp\/v2\/types\/page"}],"author":[{"embeddable":true,"href":"https:\/\/ingenieria.mxl.uabc.mx\/pe_iin\/wp-json\/wp\/v2\/users\/3"}],"replies":[{"embeddable":true,"href":"https:\/\/ingenieria.mxl.uabc.mx\/pe_iin\/wp-json\/wp\/v2\/comments?post=2861"}],"version-history":[{"count":100,"href":"https:\/\/ingenieria.mxl.uabc.mx\/pe_iin\/wp-json\/wp\/v2\/pages\/2861\/revisions"}],"predecessor-version":[{"id":5119,"href":"https:\/\/ingenieria.mxl.uabc.mx\/pe_iin\/wp-json\/wp\/v2\/pages\/2861\/revisions\/5119"}],"wp:attachment":[{"href":"https:\/\/ingenieria.mxl.uabc.mx\/pe_iin\/wp-json\/wp\/v2\/media?parent=2861"}],"curies":[{"name":"wp","href":"https:\/\/api.w.org\/{rel}","templated":true}]}}