{"id":3248,"date":"2023-10-12T16:42:36","date_gmt":"2023-10-13T00:42:36","guid":{"rendered":"http:\/\/localhost\/pe_ico\/?page_id=3248"},"modified":"2025-12-09T09:14:45","modified_gmt":"2025-12-09T17:14:45","slug":"reglamentos-y-horarios","status":"publish","type":"page","link":"https:\/\/ingenieria.mxl.uabc.mx\/pe_iin\/reglamentos-y-horarios\/","title":{"rendered":"Reglamentos y Horarios"},"content":{"rendered":"\t\t<div data-elementor-type=\"wp-page\" data-elementor-id=\"3248\" class=\"elementor elementor-3248\">\n\t\t\t\t<div class=\"elementor-element elementor-element-a32812a e-con-full e-flex e-con e-parent\" data-id=\"a32812a\" data-element_type=\"container\" data-e-type=\"container\">\n\t\t<div class=\"elementor-element elementor-element-d700dbe e-con-full e-flex e-con e-child\" data-id=\"d700dbe\" data-element_type=\"container\" data-e-type=\"container\">\n\t\t<div class=\"elementor-element elementor-element-7f8a134 e-con-full e-flex e-con e-child\" data-id=\"7f8a134\" data-element_type=\"container\" data-e-type=\"container\" data-settings=\"{&quot;background_background&quot;:&quot;classic&quot;}\">\n\t\t\t\t<div class=\"elementor-element elementor-element-7e30e08 elementor-widget elementor-widget-heading\" data-id=\"7e30e08\" data-element_type=\"widget\" data-e-type=\"widget\" data-widget_type=\"heading.default\">\n\t\t\t\t<div class=\"elementor-widget-container\">\n\t\t\t\t\t<h1 class=\"elementor-heading-title elementor-size-default\">Reglamentos y Horarios<\/h1>\t\t\t\t<\/div>\n\t\t\t\t<\/div>\n\t\t\t\t<div class=\"elementor-element elementor-element-66d7613 elementor-widget-divider--view-line elementor-widget elementor-widget-divider\" data-id=\"66d7613\" data-element_type=\"widget\" data-e-type=\"widget\" data-widget_type=\"divider.default\">\n\t\t\t\t<div class=\"elementor-widget-container\">\n\t\t\t\t\t\t\t<div class=\"elementor-divider\">\n\t\t\t<span class=\"elementor-divider-separator\">\n\t\t\t\t\t\t<\/span>\n\t\t<\/div>\n\t\t\t\t\t\t<\/div>\n\t\t\t\t<\/div>\n\t\t\t\t<div class=\"elementor-element elementor-element-b1d1803 elementor-widget elementor-widget-text-editor\" data-id=\"b1d1803\" data-element_type=\"widget\" data-e-type=\"widget\" data-widget_type=\"text-editor.default\">\n\t\t\t\t<div class=\"elementor-widget-container\">\n\t\t\t\t\t\t\t\t\t<p align=\"center\"><span style=\"font-size: 14pt;\"><strong>UNIVERSIDAD AUT\u00d3NOMA DE BAJA CALIFORNIA<\/strong><\/span><br \/><span style=\"font-size: 14pt;\"><strong>FACULTAD DE INGENIER\u00cdA<\/strong><\/span><br \/><span style=\"font-size: 14pt;\"><strong>REGLAMENTO DEL LABORATORIO DE INGENIER\u00cdA INDUSTRIAL.<\/strong><\/span><\/p><p align=\"center\">\u00a0<\/p><ol style=\"font-family: Helvetica; font-size: 12pt; text-align: justify;\"><li><span style=\"font-family: Helvetica; font-size: 12pt;\">Las pr\u00e1cticas de laboratorio se realizar\u00e1n \u00fanicamente en los horarios establecidos. Salvo casos previamente programados por la jefatura, en acuerdo con maestros, auxiliares y alumnos.<\/span><\/li><li><span style=\"font-family: Helvetica; font-size: 12pt;\">Todo laboratorio permanecer\u00e1 cerrado fuera de estos horarios. Exceptuando casos especiales con autorizaci\u00f3n de la jefatura de laboratorio.<\/span><\/li><li><span style=\"font-family: Helvetica; font-size: 12pt;\">Los maestros tienen la obligaci\u00f3n de preparar con anterioridad sus pr\u00e1cticas y en caso de necesitar alg\u00fan equipo para dichas pr\u00e1cticas, deber\u00e1 solicitarlo al personal encargado acompa\u00f1ado de una nota por escrito al inicio del semestre. Si se requiere realizar una pr\u00e1ctica, extempor\u00e1nea, el maestro deber\u00e1 solicitarlo con tiempo, para poder programarlo.<\/span><\/li><li><span style=\"font-family: Helvetica; font-size: 12pt;\">Esta prohibido FUMAR, en cualquier \u00e1rea dentro del laboratorio de Ingenier\u00eda Industrial.<\/span><\/li><li><span style=\"font-family: Helvetica; font-size: 12pt;\">Por NINGUN MOTIVO los alumnos podr\u00e1n operar o energizar una m\u00e1quina o equipo, si no se encuentra presente el maestro de la pr\u00e1ctica, el auxiliar de laboratorio o si no tiene conocimiento alguno de la operaci\u00f3n de dicho equipo o m\u00e1quina.<\/span><\/li><li><span style=\"font-family: Helvetica; font-size: 12pt;\">Para los laboratorios que presenten un riesgo potencial de accidentes, los ALUMNOS OBSERVARAN las siguientes NORMAS:<\/span><\/li><li><span style=\"font-family: Helvetica; font-size: 12pt;\">NO utilizar una herramienta para fines diferentes para la que fue dise\u00f1ada.<\/span><\/li><li><span style=\"font-family: Helvetica; font-size: 12pt;\">Cualquier duda en la operaci\u00f3n del equipo, deber\u00e1 consultarla con su maestro de pr\u00e1ctica o con el auxiliar de laboratorio.<\/span><\/li><li><span style=\"font-family: Helvetica; font-size: 12pt;\">Queda PROHIBIDO el uso de dispositivos de audio y comunicaci\u00f3n mientras se est\u00e9 operando el equipo de laboratorio.<\/span><\/li><li><span style=\"font-family: Helvetica; font-size: 12pt;\">El \u00e1rea de operaci\u00f3n o pr\u00e1ctica deber\u00e1 permanecer LIMPIA y libre de obst\u00e1culos durante la pr\u00e1ctica y al t\u00e9rmino de la misma.<\/span><\/li><li><span style=\"font-family: Helvetica; font-size: 12pt;\">Queda prohibido a los alumnos el ingreso al almac\u00e9n de herramientas, material y\/o equipo.<\/span><\/li><li><span style=\"font-family: Helvetica; font-size: 12pt;\">No se tolerar\u00e1 por ning\u00fan motivo que los alumnos jueguen, provoquen desorden o da\u00f1en la infraestructura del laboratorio. Pudiendo ser sancionados con: amonestaci\u00f3n verbal; amonestaci\u00f3n por escrito; o cancelaci\u00f3n. Esta podr\u00e1 ser realizada por el maestro de la clase, los auxiliares de laboratorio, el jefe del mismo o el coordinador de la carrera.<\/span><\/li><li><span style=\"font-family: Helvetica; font-size: 12pt;\">Se deber\u00e1 portar la credencial universitaria de forma visible para ingresar a las instalaciones del laboratorio.<\/span><\/li><li><span style=\"font-family: Helvetica; font-size: 12pt;\">Para los laboratorios en los que se opere equipo o maquinaria diferenta a los equipos de c\u00f3mputo. Sera obligatorio el uso de la bata de trabajo.<\/span><\/li><li><span style=\"font-family: Helvetica; font-size: 12pt;\">Queda prohibida la entrada con bebidas y alimentos en las \u00e1reas de pr\u00e1ctica del laboratorio.<\/span><\/li><li><span style=\"font-family: Helvetica; font-size: 12pt;\">Queda prohibido utilizar el equipo de c\u00f3mputo para fines distintos a la impartici\u00f3n de las clases sin autorizaci\u00f3n.<\/span><\/li><li><span style=\"font-family: Helvetica; font-size: 12pt;\">Prohibido interrumpir o interferir con las pr\u00e1cticas de Laboratorio que se est\u00e9n efectuando.<\/span><\/li><li><span style=\"font-family: Helvetica; font-size: 12pt;\">Est\u00e1 prohibido mover el equipo o mobiliario de lugar sin autorizaci\u00f3n, as\u00ed como cambiar o desinstalar los softwares de las computadoras.<\/span><\/li><li><span style=\"font-family: Helvetica; font-size: 12pt;\">Queda prohibido sacar del laboratorio los libros, manuales de pr\u00e1cticas, revistas y dem\u00e1s material bibliogr\u00e1fico propiedad del mismo que se preste para consulta interna.<\/span><\/li><li><span style=\"font-family: Helvetica; font-size: 12pt;\">Al requerir cualquier herramienta o material, el usuario deber\u00e1 llenar el vale correspondiente, con todos sus datos e identificarse con la credencial de la UABC vigente, quedando entendido que el usuario es responsable de regresar en buen estado el equipo o material prestado.<\/span><\/li><li><span style=\"font-family: Helvetica; font-size: 12pt;\">En caso de da\u00f1ar o destruir la herramienta o equipo prestado, el alumno deber\u00e1 reponer lo da\u00f1ado, contando con un plazo que se acordar\u00e1 con el jefe de laboratorio.<\/span><\/li><li><span style=\"font-family: Helvetica; font-size: 12pt;\">Si por alg\u00fan motivo, el alumno, no cubriera cualquier adeudo pendiente en el almac\u00e9n de laboratorio, le ser\u00e1 cancelado el acceso a dicho laboratorio, durante todo el tiempo que tarde en cubrir tal adeudo. Pudiendo, en caso de no cubrirlo, suspenderle por un semestre el acceso al mismo.<\/span><\/li><li><span style=\"font-family: Helvetica; font-size: 12pt;\">El equipo de c\u00f3mputo se prestar\u00e1 a los alumnos previa identificaci\u00f3n con credencial vigente de la UABC y llenado de solicitud por escrito. Solo una m\u00e1quina por persona.<\/span><\/li><li><span style=\"font-family: Helvetica; font-size: 12pt;\">En caso de siniestro o emergencia se deber\u00e1n seguir las indicaciones de la brigada de protecci\u00f3n civil.<\/span><\/li><li><span style=\"font-family: Helvetica; font-size: 12pt;\">Es responsabilidad del maestro notificar de cualquier anomal\u00eda ocurrida durante el desarrollo de la pr\u00e1ctica al auxiliar o jefe de laboratorio.<\/span><\/li><\/ol>\t\t\t\t\t\t\t\t<\/div>\n\t\t\t\t<\/div>\n\t\t\t\t<div class=\"elementor-element elementor-element-9c8a4f7 elementor-widget elementor-widget-eael-adv-accordion\" data-id=\"9c8a4f7\" data-element_type=\"widget\" data-e-type=\"widget\" data-widget_type=\"eael-adv-accordion.default\">\n\t\t\t\t<div class=\"elementor-widget-container\">\n\t\t\t\t\t            <div class=\"eael-adv-accordion\" id=\"eael-adv-accordion-9c8a4f7\" data-scroll-on-click=\"no\" data-scroll-speed=\"300\" data-accordion-id=\"9c8a4f7\" data-accordion-type=\"accordion\" data-toogle-speed=\"300\">\n            <div class=\"eael-accordion-list\">\n\t\t\t\t\t<div id=\"horarios\" class=\"elementor-tab-title eael-accordion-header\" tabindex=\"0\" data-tab=\"1\" aria-controls=\"elementor-tab-content-1641\"><span class=\"eael-advanced-accordion-icon-closed\"><i aria-hidden=\"true\" class=\"fa-accordion-icon fas fa-plus\"><\/i><\/span><span class=\"eael-advanced-accordion-icon-opened\"><i aria-hidden=\"true\" class=\"fa-accordion-icon fas fa-minus\"><\/i><\/span><span class=\"eael-accordion-tab-title\">HORARIOS<\/span><\/div><div id=\"elementor-tab-content-1641\" class=\"eael-accordion-content clearfix\" data-tab=\"1\" aria-labelledby=\"horarios\"><p><span style=\"font-family: Helvetica;font-size: 12pt\">LUNES A VIERNES DE 7:00 A 22:00 HRS<\/span><\/p><\/div>\n\t\t\t\t\t<\/div><\/div>\t\t\t\t<\/div>\n\t\t\t\t<\/div>\n\t\t\t\t<\/div>\n\t\t\t\t<\/div>\n\t\t<div class=\"elementor-element elementor-element-3cc042f e-con-full e-flex e-con e-child\" data-id=\"3cc042f\" data-element_type=\"container\" data-e-type=\"container\">\n\t\t<div class=\"elementor-element elementor-element-332ce84 e-con-full e-flex e-con e-child\" data-id=\"332ce84\" data-element_type=\"container\" data-e-type=\"container\" data-settings=\"{&quot;background_background&quot;:&quot;classic&quot;}\">\n\t\t\t\t<div class=\"elementor-element elementor-element-84a7ff1 elementor-widget elementor-widget-heading\" data-id=\"84a7ff1\" data-element_type=\"widget\" data-e-type=\"widget\" data-widget_type=\"heading.default\">\n\t\t\t\t<div class=\"elementor-widget-container\">\n\t\t\t\t\t<h2 class=\"elementor-heading-title elementor-size-default\">Contacto<\/h2>\t\t\t\t<\/div>\n\t\t\t\t<\/div>\n\t\t\t\t<div class=\"elementor-element elementor-element-21bc2f2 elementor-widget-divider--view-line elementor-widget elementor-widget-divider\" data-id=\"21bc2f2\" data-element_type=\"widget\" data-e-type=\"widget\" data-widget_type=\"divider.default\">\n\t\t\t\t<div class=\"elementor-widget-container\">\n\t\t\t\t\t\t\t<div class=\"elementor-divider\">\n\t\t\t<span class=\"elementor-divider-separator\">\n\t\t\t\t\t\t<\/span>\n\t\t<\/div>\n\t\t\t\t\t\t<\/div>\n\t\t\t\t<\/div>\n\t\t\t\t<div class=\"elementor-element elementor-element-0732594 elementor-widget elementor-widget-text-editor\" data-id=\"0732594\" data-element_type=\"widget\" data-e-type=\"widget\" data-widget_type=\"text-editor.default\">\n\t\t\t\t<div class=\"elementor-widget-container\">\n\t\t\t\t\t\t\t\t\t<p><span style=\"color: #339966;\"><strong><span style=\"font-size: 10pt;\">Ing. Daniel Guijarro Landeros<\/span><\/strong><\/span><br \/><span style=\"color: #d39229;\"><em><span style=\"font-size: 10pt;\"><strong>Encargado de Laboratorio<br \/><br \/><\/strong><\/span><\/em><\/span><\/p><p><span style=\"font-size: 10pt;\"><strong><span style=\"color: #339966;\">Email:<\/span> <span style=\"color: #000000;\"><a class=\"rABsFf RffVmb AL18ce\" style=\"color: #000000;\" href=\"mailto:lab.industrial.fim@uabc.edu.mx\" target=\"_blank\" rel=\"noopener noreferrer\" data-tooltip-position=\"top\" data-tooltip=\"Del perfil de la organizaci\u00f3n del usuario\">lab.industrial.fim@uabc.edu.mx<\/a><\/span><\/strong><\/span><br \/><span style=\"font-size: 10pt;\"><strong><span style=\"color: #339966;\">Tel\u00e9fono:<\/span> +52 (686) 841-8235<\/strong><\/span><\/p><p><span style=\"font-size: 10pt;\"><strong><span style=\"color: #339966;\">Ext.<\/span> 44451<\/strong><\/span><\/p>\t\t\t\t\t\t\t\t<\/div>\n\t\t\t\t<\/div>\n\t\t\t\t<\/div>\n\t\t<div class=\"elementor-element elementor-element-cee2ddd e-con-full e-flex e-con e-child\" data-id=\"cee2ddd\" data-element_type=\"container\" data-e-type=\"container\" data-settings=\"{&quot;background_background&quot;:&quot;classic&quot;}\">\n\t\t\t\t<div class=\"elementor-element elementor-element-59b94b2 elementor-widget elementor-widget-heading\" data-id=\"59b94b2\" data-element_type=\"widget\" data-e-type=\"widget\" data-widget_type=\"heading.default\">\n\t\t\t\t<div class=\"elementor-widget-container\">\n\t\t\t\t\t<h2 class=\"elementor-heading-title elementor-size-default\">ACREDITACIONES<\/h2>\t\t\t\t<\/div>\n\t\t\t\t<\/div>\n\t\t\t\t<div class=\"elementor-element elementor-element-390c355 elementor-widget-divider--view-line elementor-widget elementor-widget-divider\" data-id=\"390c355\" data-element_type=\"widget\" data-e-type=\"widget\" data-widget_type=\"divider.default\">\n\t\t\t\t<div class=\"elementor-widget-container\">\n\t\t\t\t\t\t\t<div class=\"elementor-divider\">\n\t\t\t<span class=\"elementor-divider-separator\">\n\t\t\t\t\t\t<\/span>\n\t\t<\/div>\n\t\t\t\t\t\t<\/div>\n\t\t\t\t<\/div>\n\t\t\t\t<div class=\"elementor-element elementor-element-8e7a01d elementor-widget__width-initial elementor-widget elementor-widget-image\" data-id=\"8e7a01d\" data-element_type=\"widget\" data-e-type=\"widget\" data-widget_type=\"image.default\">\n\t\t\t\t<div class=\"elementor-widget-container\">\n\t\t\t\t\t\t\t\t\t\t\t\t\t\t\t\t<a href=\"https:\/\/ingenieria.mxl.uabc.mx\/pe_iin\/wp-content\/uploads\/2024\/04\/industrialcacei.pdf\" target=\"_blank\">\n\t\t\t\t\t\t\t<img fetchpriority=\"high\" decoding=\"async\" width=\"800\" height=\"350\" src=\"https:\/\/ingenieria.mxl.uabc.mx\/pe_iin\/wp-content\/uploads\/2023\/09\/cacei.jpg\" class=\"attachment-large size-large wp-image-2134\" alt=\"\" \/>\t\t\t\t\t\t\t\t<\/a>\n\t\t\t\t\t\t\t\t\t\t\t\t\t\t\t<\/div>\n\t\t\t\t<\/div>\n\t\t\t\t<div class=\"elementor-element elementor-element-e47a4ea elementor-widget elementor-widget-text-editor\" data-id=\"e47a4ea\" data-element_type=\"widget\" data-e-type=\"widget\" data-widget_type=\"text-editor.default\">\n\t\t\t\t<div class=\"elementor-widget-container\">\n\t\t\t\t\t\t\t\t\t<p class=\"top-card-layout__title font-sans text-lg papabear:text-xl font-bold leading-open text-color-text mb-0\"><strong><span style=\"font-size: 10pt;\">Consejo de Acreditaci\u00f3n de la Ense\u00f1anza de la Ingenier\u00eda, A.C.<\/span><\/strong><\/p>\t\t\t\t\t\t\t\t<\/div>\n\t\t\t\t<\/div>\n\t\t\t\t<\/div>\n\t\t\t\t<\/div>\n\t\t\t\t<\/div>\n\t\t\t\t<\/div>\n\t\t","protected":false},"excerpt":{"rendered":"<p>Reglamentos y Horarios UNIVERSIDAD AUT\u00d3NOMA DE BAJA CALIFORNIAFACULTAD DE INGENIER\u00cdAREGLAMENTO DEL LABORATORIO DE INGENIER\u00cdA INDUSTRIAL. \u00a0 Las pr\u00e1cticas de laboratorio se realizar\u00e1n \u00fanicamente en los horarios establecidos. Salvo casos previamente programados por la jefatura, en acuerdo con maestros, auxiliares y alumnos. Todo laboratorio permanecer\u00e1 cerrado fuera de estos horarios. Exceptuando casos especiales con autorizaci\u00f3n de [&hellip;]<\/p>\n","protected":false},"author":3,"featured_media":0,"parent":0,"menu_order":0,"comment_status":"closed","ping_status":"closed","template":"","meta":{"site-sidebar-layout":"no-sidebar","site-content-layout":"page-builder","ast-site-content-layout":"full-width-container","site-content-style":"default","site-sidebar-style":"default","ast-global-header-display":"","ast-banner-title-visibility":"","ast-main-header-display":"","ast-hfb-above-header-display":"","ast-hfb-below-header-display":"","ast-hfb-mobile-header-display":"","site-post-title":"disabled","ast-breadcrumbs-content":"","ast-featured-img":"disabled","footer-sml-layout":"","ast-disable-related-posts":"","theme-transparent-header-meta":"default","adv-header-id-meta":"","stick-header-meta":"","header-above-stick-meta":"","header-main-stick-meta":"","header-below-stick-meta":"","astra-migrate-meta-layouts":"set","ast-page-background-enabled":"default","ast-page-background-meta":{"desktop":{"background-color":"","background-image":"","background-repeat":"repeat","background-position":"center center","background-size":"auto","background-attachment":"scroll","background-type":"","background-media":"","overlay-type":"","overlay-color":"","overlay-opacity":"","overlay-gradient":""},"tablet":{"background-color":"","background-image":"","background-repeat":"repeat","background-position":"center center","background-size":"auto","background-attachment":"scroll","background-type":"","background-media":"","overlay-type":"","overlay-color":"","overlay-opacity":"","overlay-gradient":""},"mobile":{"background-color":"","background-image":"","background-repeat":"repeat","background-position":"center center","background-size":"auto","background-attachment":"scroll","background-type":"","background-media":"","overlay-type":"","overlay-color":"","overlay-opacity":"","overlay-gradient":""}},"ast-content-background-meta":{"desktop":{"background-color":"var(--ast-global-color-5)","background-image":"","background-repeat":"repeat","background-position":"center center","background-size":"auto","background-attachment":"scroll","background-type":"","background-media":"","overlay-type":"","overlay-color":"","overlay-opacity":"","overlay-gradient":""},"tablet":{"background-color":"var(--ast-global-color-5)","background-image":"","background-repeat":"repeat","background-position":"center center","background-size":"auto","background-attachment":"scroll","background-type":"","background-media":"","overlay-type":"","overlay-color":"","overlay-opacity":"","overlay-gradient":""},"mobile":{"background-color":"var(--ast-global-color-5)","background-image":"","background-repeat":"repeat","background-position":"center center","background-size":"auto","background-attachment":"scroll","background-type":"","background-media":"","overlay-type":"","overlay-color":"","overlay-opacity":"","overlay-gradient":""}},"footnotes":""},"class_list":["post-3248","page","type-page","status-publish","hentry"],"_links":{"self":[{"href":"https:\/\/ingenieria.mxl.uabc.mx\/pe_iin\/wp-json\/wp\/v2\/pages\/3248","targetHints":{"allow":["GET"]}}],"collection":[{"href":"https:\/\/ingenieria.mxl.uabc.mx\/pe_iin\/wp-json\/wp\/v2\/pages"}],"about":[{"href":"https:\/\/ingenieria.mxl.uabc.mx\/pe_iin\/wp-json\/wp\/v2\/types\/page"}],"author":[{"embeddable":true,"href":"https:\/\/ingenieria.mxl.uabc.mx\/pe_iin\/wp-json\/wp\/v2\/users\/3"}],"replies":[{"embeddable":true,"href":"https:\/\/ingenieria.mxl.uabc.mx\/pe_iin\/wp-json\/wp\/v2\/comments?post=3248"}],"version-history":[{"count":67,"href":"https:\/\/ingenieria.mxl.uabc.mx\/pe_iin\/wp-json\/wp\/v2\/pages\/3248\/revisions"}],"predecessor-version":[{"id":5183,"href":"https:\/\/ingenieria.mxl.uabc.mx\/pe_iin\/wp-json\/wp\/v2\/pages\/3248\/revisions\/5183"}],"wp:attachment":[{"href":"https:\/\/ingenieria.mxl.uabc.mx\/pe_iin\/wp-json\/wp\/v2\/media?parent=3248"}],"curies":[{"name":"wp","href":"https:\/\/api.w.org\/{rel}","templated":true}]}}