{"id":2861,"date":"2023-10-10T07:55:47","date_gmt":"2023-10-10T15:55:47","guid":{"rendered":"http:\/\/localhost\/pe_ico\/?page_id=2861"},"modified":"2025-03-25T14:14:52","modified_gmt":"2025-03-25T22:14:52","slug":"perfil-de-egreso","status":"publish","type":"page","link":"https:\/\/ingenieria.mxl.uabc.mx\/pe_ima\/perfil-de-egreso\/","title":{"rendered":"Perfil de Egreso"},"content":{"rendered":"\t\t<div data-elementor-type=\"wp-page\" data-elementor-id=\"2861\" class=\"elementor elementor-2861\">\n\t\t\t\t<div class=\"elementor-element elementor-element-c49e4db e-con-full e-flex e-con e-parent\" data-id=\"c49e4db\" data-element_type=\"container\" data-e-type=\"container\">\n\t\t<div class=\"elementor-element elementor-element-aa290a3 e-con-full e-flex e-con e-child\" data-id=\"aa290a3\" data-element_type=\"container\" data-e-type=\"container\">\n\t\t<div class=\"elementor-element elementor-element-7f8a134 e-con-full e-flex e-con e-child\" data-id=\"7f8a134\" data-element_type=\"container\" data-e-type=\"container\" data-settings=\"{&quot;background_background&quot;:&quot;classic&quot;}\">\n\t\t\t\t<div class=\"elementor-element elementor-element-7e30e08 elementor-widget elementor-widget-heading\" data-id=\"7e30e08\" data-element_type=\"widget\" data-e-type=\"widget\" data-widget_type=\"heading.default\">\n\t\t\t\t<div class=\"elementor-widget-container\">\n\t\t\t\t\t<h1 class=\"elementor-heading-title elementor-size-default\">Perfil de Egreso<\/h1>\t\t\t\t<\/div>\n\t\t\t\t<\/div>\n\t\t\t\t<div class=\"elementor-element elementor-element-66d7613 elementor-widget-divider--view-line elementor-widget elementor-widget-divider\" data-id=\"66d7613\" data-element_type=\"widget\" data-e-type=\"widget\" data-widget_type=\"divider.default\">\n\t\t\t\t<div class=\"elementor-widget-container\">\n\t\t\t\t\t\t\t<div class=\"elementor-divider\">\n\t\t\t<span class=\"elementor-divider-separator\">\n\t\t\t\t\t\t<\/span>\n\t\t<\/div>\n\t\t\t\t\t\t<\/div>\n\t\t\t\t<\/div>\n\t\t\t\t<div class=\"elementor-element elementor-element-15ff8cb elementor-widget elementor-widget-text-editor\" data-id=\"15ff8cb\" data-element_type=\"widget\" data-e-type=\"widget\" data-widget_type=\"text-editor.default\">\n\t\t\t\t<div class=\"elementor-widget-container\">\n\t\t\t\t\t\t\t\t\t<p style=\"text-align: justify;\" align=\"center\"><span style=\"font-size: 14pt;\">El egresado del programa educativo Ingeniero en Mecatr\u00f3nica es un profesionista emprendedor, l\u00edder, innovador, responsable, con habilidades de comunicaci\u00f3n que favorecen el trabajo en equipo, comprometido con la seguridad industrial y el medio ambiente. Adem\u00e1s, posee un enfoque multidisciplinario capaz de dirigir los cambios tecnol\u00f3gicos, comprometido al aprendizaje permanente, especializado en el estudio, diagn\u00f3stico, evaluaci\u00f3n, dise\u00f1o y administraci\u00f3n de sistemas mecatr\u00f3nicos. De esta forma tiene la capacidad de dar soluci\u00f3n a los problemas de procesos productivos de manera eficiente y eficaz, que coadyuvan al desarrollo sustentable en el contexto\u00a0nacional como internacional.<\/span><\/p>\t\t\t\t\t\t\t\t<\/div>\n\t\t\t\t<\/div>\n\t\t\t\t<div class=\"elementor-element elementor-element-4a85025 elementor-widget elementor-widget-eael-adv-tabs\" data-id=\"4a85025\" data-element_type=\"widget\" data-e-type=\"widget\" data-widget_type=\"eael-adv-tabs.default\">\n\t\t\t\t<div class=\"elementor-widget-container\">\n\t\t\t\t\t        <div data-scroll-on-click=\"no\" data-scroll-speed=\"300\" id=\"eael-advance-tabs-4a85025\" class=\"eael-advance-tabs eael-tabs-vertical eael-tab-auto-active \" data-tabid=\"4a85025\">\n            <div class=\"eael-tabs-nav \">\n                <ul class=\"eael-tab-inline-icon\" role=\"tablist\">\n                                            <li id=\"perfil-de-egreso\" class=\"inactive eael-tab-item-trigger eael-tab-nav-item\" aria-selected=\"true\" data-tab=\"1\" role=\"tab\" tabindex=\"0\" aria-controls=\"perfil-de-egreso-tab\" aria-expanded=\"false\">\n                            \n                                                                <i class=\"fas fa-laptop-code\"><\/i>                                                            \n                                                            <span class=\"eael-tab-title title-after-icon\" >Perfil de Egreso<\/span>                            \n                                                    <\/li>\n                                            <li id=\"atributos-de-egreso\" class=\"inactive eael-tab-item-trigger eael-tab-nav-item\" aria-selected=\"false\" data-tab=\"2\" role=\"tab\" tabindex=\"-1\" aria-controls=\"atributos-de-egreso-tab\" aria-expanded=\"false\">\n                            \n                                                                <i class=\"fas fa-code\"><\/i>                                                            \n                                                            <span class=\"eael-tab-title title-after-icon\" >Atributos de Egreso<\/span>                            \n                                                    <\/li>\n                                            <li id=\"objetivos-educacionales\" class=\"inactive eael-tab-item-trigger eael-tab-nav-item\" aria-selected=\"false\" data-tab=\"3\" role=\"tab\" tabindex=\"-1\" aria-controls=\"objetivos-educacionales-tab\" aria-expanded=\"false\">\n                            \n                                                                <i class=\"far fa-list-alt\"><\/i>                                                            \n                                                            <span class=\"eael-tab-title title-after-icon\" >Objetivos Educacionales<\/span>                            \n                                                    <\/li>\n                                            <li id=\"resultados-del-estudiante\" class=\"inactive eael-tab-item-trigger eael-tab-nav-item\" aria-selected=\"false\" data-tab=\"4\" role=\"tab\" tabindex=\"-1\" aria-controls=\"resultados-del-estudiante-tab\" aria-expanded=\"false\">\n                            \n                                                                <i class=\"far fa-user\"><\/i>                                                            \n                                                            <span class=\"eael-tab-title title-after-icon\" >Resultados del Estudiante<\/span>                            \n                                                    <\/li>\n                    \n                                  <\/ul>\n            <\/div>\n            \n            <div class=\"eael-tabs-content\">\n\t\t        \n                    <div id=\"perfil-de-egreso-tab\" class=\"clearfix eael-tab-content-item inactive\" data-title-link=\"perfil-de-egreso-tab\">\n\t\t\t\t        <p><span style=\"font-size: 14pt\">El Ingeniero en Mecatr\u00f3nica ser\u00e1 competente para:<\/span><\/p><p>\u00a0<\/p><ul><li><span style=\"font-size: 14pt\">Desarrollar sistemas mecatr\u00f3nicos, mediante el dise\u00f1o e integraci\u00f3n de tecnolog\u00edas cumpliendo con la normatividad t\u00e9cnica y de seguridad vigente, para brindar soluciones a problemas industriales, con actitud de liderazgo y profesionalidad, preservando el medio ambiente con responsabilidad social.<\/span><\/li><\/ul><ul><li><span style=\"font-size: 14pt\">Automatizar procesos de manufactura, mediante la aplicaci\u00f3n de sistemas de instrumentaci\u00f3n, control y supervisi\u00f3n, para mejorar la productividad y estandarizar la calidad de los productos, de forma organizada, eficiente y puntual.<\/span><\/li><\/ul><ul><li><span style=\"font-size: 14pt\">Gestionar proyectos mecatr\u00f3nicos, mediante la formulaci\u00f3n, administraci\u00f3n y evaluaci\u00f3n, para la mejora de procesos y optimizaci\u00f3n de recursos, de manera creativa, innovadora y colaborativa.<\/span><\/li><\/ul>                    <\/div>\n\t\t        \n                    <div id=\"atributos-de-egreso-tab\" class=\"clearfix eael-tab-content-item inactive\" data-title-link=\"atributos-de-egreso-tab\">\n\t\t\t\t        <p><span style=\"font-size: 14pt\">Los atributos de egreso conforman los componentes indicativos del potencial de un egresado para adquirir las competencias o capacidades para ejercer la pr\u00e1ctica de la ingenier\u00eda a un nivel apropiado.<\/span><\/p><p>\u00a0<\/p><ol><li><p><span style=\"font-size: 14pt\">Identificar, formular y resolver problemas complejos de ingenieri\u0301a mecatr\u00f3nica aplicando los principios de las ciencias ba\u0301sicas e ingenieri\u0301a.<\/span><\/p><\/li><li><p><span style=\"font-size: 14pt\">Aplicar, analizar y sintetizar procesos de disen\u0303o de la ingenieri\u0301a que resulten en sistemas mecatr\u00f3nicos que cumplan con las necesidades especificadas, considerando la salud p\u00fablica, la seguridad y el bienestar, as\u00ed como de factores globales, culturales, sociales, ambientales y econ\u00f3micos.<\/span><\/p><\/li><li><p><span style=\"font-size: 14pt\">Gestionar proyectos mecatr\u00f3nicos para la mejora de procesos y la optimizaci\u00f3n de recursos.<\/span><\/p><\/li><li><p><span style=\"font-size: 14pt\">Desarrollar experimentacio\u0301n enfocada en sistemas mecatr\u00f3nicos para establecer conclusiones relevantes.<\/span><\/p><\/li><li><p><span style=\"font-size: 14pt\">Comunicar efectivamente de forma oral y escrita informaci\u00f3n t\u00e9cnica, de difusi\u00f3n y de inter\u00e9s social a diferentes audiencias.<\/span><\/p><\/li><li><p><span style=\"font-size: 14pt\">Reconocer sus responsabilidades e\u0301ticas y profesionales en situaciones relevantes y realizar juicios informados que deben considerar el impacto de las soluciones de ingenieri\u0301a en los contextos global, econo\u0301mico, ambiental y social.<\/span><\/p><\/li><li><p><span style=\"font-size: 14pt\">Reconocer la necesidad permanente de conocimiento adicional, del aprendizaje aut\u00f3nomo y la habilidad para estructurar adecuadamente este conocimiento en el desarrollo de proyectos mecatr\u00f3nicos.<\/span><\/p><\/li><li><p><span style=\"font-size: 14pt\">Trabajar efectivamente de manera colaborativa e inclusiva en equipos que establecen metas, planean tareas, cumplen fechas li\u0301mite y analizan riesgos e incertidumbre.<\/span><\/p><\/li><\/ol>                    <\/div>\n\t\t        \n                    <div id=\"objetivos-educacionales-tab\" class=\"clearfix eael-tab-content-item inactive\" data-title-link=\"objetivos-educacionales-tab\">\n\t\t\t\t        <p><span style=\"font-size: 14pt\">Despu\u00e9s de 5 a\u00f1os, los egresados del <strong>Programa Educativo de Ingeniero en Mecatr\u00f3nica<\/strong>:<\/span><\/p><p>\u00a0<\/p><ol><li><span style=\"font-size: 14pt\">Coordinan el dise\u00f1o de sistemas mecatr\u00f3nicos\u00a0cumpliendo con los est\u00e1ndares de seguridad y la normatividad aplicable.<\/span><\/li><li><span style=\"font-size: 14pt\">Dirigen proyectos de mejora de los procesos industriales implementando y\/o actualizando sistemas de automatizaci\u00f3n.<\/span><\/li><li><span style=\"font-size: 14pt\">Se actualizan en la profesi\u00f3n de forma permanente en nuevas tecnolog\u00edas y metodolog\u00edas de la ingenier\u00eda.<\/span><\/li><li><span style=\"font-size: 14pt\">Emprenden iniciativas tecnol\u00f3gicas que generan valor econ\u00f3mico y social de manera sostenible, fomentando la protecci\u00f3n del medio ambiente.<\/span><\/li><li><span style=\"font-size: 14pt\">Interact\u00faan en equipos interdisciplinarios en el \u00e1mbito nacional e internacional.<\/span><\/li><\/ol>                    <\/div>\n\t\t        \n                    <div id=\"resultados-del-estudiante-tab\" class=\"clearfix eael-tab-content-item inactive\" data-title-link=\"resultados-del-estudiante-tab\">\n\t\t\t\t        <ol><li><span style=\"font-size: 14pt\">Capacidad para identificar, formular y resolver problemas complejos de ingenier\u00eda mediante la aplicaci\u00f3n de principios de ingenier\u00eda, ciencias y matem\u00e1ticas.<\/span><\/li><li><span style=\"font-size: 14pt\">Capacidad para aplicar el dise\u00f1o de ingenier\u00eda para generar soluciones que satisfagan necesidades espec\u00edficas, considerando la salud, la seguridad y el bienestar p\u00fablicos, as\u00ed como factores globales, culturales, sociales, ambientales y econ\u00f3micos.<\/span><\/li><li><span style=\"font-size: 14pt\">Capacidad para comunicarse eficazmente con diversos p\u00fablicos.<\/span><\/li><li><span style=\"font-size: 14pt\">Capacidad para reconocer las responsabilidades \u00e9ticas y profesionales en situaciones de ingenier\u00eda y emitir juicios fundamentados, considerando el impacto de las soluciones de ingenier\u00eda en los contextos globales, econ\u00f3micos, ambientales y sociales.<\/span><\/li><li><span style=\"font-size: 14pt\">Capacidad para trabajar eficazmente en un equipo cuyos miembros, en conjunto, proporcionan liderazgo, crean un entorno colaborativo, establecen metas, planifican tareas y cumplen objetivos.<\/span><\/li><li><span style=\"font-size: 14pt\">Capacidad para desarrollar y realizar experimentos adecuados, analizar e interpretar datos, y utilizar el criterio de ingenier\u00eda para extraer conclusiones.<\/span><\/li><li><span style=\"font-size: 14pt\">Capacidad para adquirir y aplicar nuevos conocimientos seg\u00fan sea necesario, utilizando estrategias de aprendizaje adecuadas.<\/span><\/li><\/ol>                    <\/div>\n\t\t                    <\/div>\n        <\/div>\n\t\t\t\t<\/div>\n\t\t\t\t<\/div>\n\t\t\t\t<\/div>\n\t\t\t\t<\/div>\n\t\t<div class=\"elementor-element elementor-element-9c17bd5 e-con-full e-flex e-con e-child\" data-id=\"9c17bd5\" data-element_type=\"container\" data-e-type=\"container\">\n\t\t<div class=\"elementor-element elementor-element-c98be10 e-con-full e-flex e-con e-child\" data-id=\"c98be10\" data-element_type=\"container\" data-e-type=\"container\" data-settings=\"{&quot;background_background&quot;:&quot;classic&quot;}\">\n\t\t\t\t<div class=\"elementor-element elementor-element-4bb2283 elementor-widget elementor-widget-heading\" data-id=\"4bb2283\" data-element_type=\"widget\" data-e-type=\"widget\" data-widget_type=\"heading.default\">\n\t\t\t\t<div class=\"elementor-widget-container\">\n\t\t\t\t\t<h2 class=\"elementor-heading-title elementor-size-default\">RESPONSABLE DEL PROGRAMA EDUCATIVO<\/h2>\t\t\t\t<\/div>\n\t\t\t\t<\/div>\n\t\t\t\t<div class=\"elementor-element elementor-element-40402b8 elementor-widget-divider--view-line elementor-widget elementor-widget-divider\" data-id=\"40402b8\" data-element_type=\"widget\" data-e-type=\"widget\" data-widget_type=\"divider.default\">\n\t\t\t\t<div class=\"elementor-widget-container\">\n\t\t\t\t\t\t\t<div class=\"elementor-divider\">\n\t\t\t<span class=\"elementor-divider-separator\">\n\t\t\t\t\t\t<\/span>\n\t\t<\/div>\n\t\t\t\t\t\t<\/div>\n\t\t\t\t<\/div>\n\t\t\t\t<div class=\"elementor-element elementor-element-3b852a6 elementor-widget elementor-widget-text-editor\" data-id=\"3b852a6\" data-element_type=\"widget\" data-e-type=\"widget\" data-widget_type=\"text-editor.default\">\n\t\t\t\t<div class=\"elementor-widget-container\">\n\t\t\t\t\t\t\t\t\t<p><span style=\"color: #339966; font-size: 10pt;\"><strong>Dr. Ra\u00fal Rasc\u00f3n Carmona<\/strong><\/span><br \/><span style=\"font-size: 10pt;\"><em><span style=\"color: #ffcc00;\"><strong>Responsable del Programa Educativo de Ingeniero en Mecatr\u00f3nica<br \/><\/strong><\/span><\/em><\/span><\/p><p><span style=\"font-size: 10pt;\"><strong><span style=\"color: #339966;\"><br \/>Email:<\/span> <span style=\"color: #000000;\"><a style=\"color: #000000;\" href=\"mailto:mecatronica_fim@uabc.edu.mx\">mecatronica_fim@uabc.edu.mx<\/a><\/span><\/strong><\/span><br \/><span style=\"font-size: 10pt;\"><strong><span style=\"color: #339966;\">Tel\u00e9fono:<\/span> +52 (686) 841-82-35 <\/strong><\/span><\/p><p><span style=\"font-size: 10pt;\"><strong><span style=\"color: #339966;\">Ext.<\/span> 44470<\/strong><\/span><\/p>\t\t\t\t\t\t\t\t<\/div>\n\t\t\t\t<\/div>\n\t\t\t\t<\/div>\n\t\t<div class=\"elementor-element elementor-element-15a814d e-con-full e-flex e-con e-child\" data-id=\"15a814d\" data-element_type=\"container\" data-e-type=\"container\" data-settings=\"{&quot;background_background&quot;:&quot;classic&quot;}\">\n\t\t\t\t<div class=\"elementor-element elementor-element-3fabc42 elementor-widget elementor-widget-heading\" data-id=\"3fabc42\" data-element_type=\"widget\" data-e-type=\"widget\" data-widget_type=\"heading.default\">\n\t\t\t\t<div class=\"elementor-widget-container\">\n\t\t\t\t\t<h2 class=\"elementor-heading-title elementor-size-default\">ACREDITACIONES<\/h2>\t\t\t\t<\/div>\n\t\t\t\t<\/div>\n\t\t\t\t<div class=\"elementor-element elementor-element-0713045 elementor-widget-divider--view-line elementor-widget elementor-widget-divider\" data-id=\"0713045\" data-element_type=\"widget\" data-e-type=\"widget\" data-widget_type=\"divider.default\">\n\t\t\t\t<div class=\"elementor-widget-container\">\n\t\t\t\t\t\t\t<div class=\"elementor-divider\">\n\t\t\t<span class=\"elementor-divider-separator\">\n\t\t\t\t\t\t<\/span>\n\t\t<\/div>\n\t\t\t\t\t\t<\/div>\n\t\t\t\t<\/div>\n\t\t\t\t<div class=\"elementor-element elementor-element-dd182a1 elementor-widget__width-initial elementor-widget elementor-widget-image\" data-id=\"dd182a1\" data-element_type=\"widget\" data-e-type=\"widget\" data-widget_type=\"image.default\">\n\t\t\t\t<div class=\"elementor-widget-container\">\n\t\t\t\t\t\t\t\t\t\t\t\t\t\t\t\t<a href=\"https:\/\/ingenieria.mxl.uabc.mx\/pe_ima\/wp-content\/uploads\/2024\/04\/mecatronicacacei.pdf\" target=\"_blank\">\n\t\t\t\t\t\t\t<img fetchpriority=\"high\" decoding=\"async\" width=\"800\" height=\"350\" src=\"https:\/\/ingenieria.mxl.uabc.mx\/pe_ima\/wp-content\/uploads\/2023\/09\/cacei.jpg\" class=\"attachment-large size-large wp-image-2134\" alt=\"\" \/>\t\t\t\t\t\t\t\t<\/a>\n\t\t\t\t\t\t\t\t\t\t\t\t\t\t\t<\/div>\n\t\t\t\t<\/div>\n\t\t\t\t<div class=\"elementor-element elementor-element-c910d25 elementor-widget elementor-widget-text-editor\" data-id=\"c910d25\" data-element_type=\"widget\" data-e-type=\"widget\" data-widget_type=\"text-editor.default\">\n\t\t\t\t<div class=\"elementor-widget-container\">\n\t\t\t\t\t\t\t\t\t<p class=\"top-card-layout__title font-sans text-lg papabear:text-xl font-bold leading-open text-color-text mb-0\"><strong><span style=\"font-size: 10pt;\">Consejo de Acreditaci\u00f3n de la Ense\u00f1anza de la Ingenier\u00eda, A.C.<\/span><\/strong><\/p>\t\t\t\t\t\t\t\t<\/div>\n\t\t\t\t<\/div>\n\t\t\t\t<\/div>\n\t\t\t\t<\/div>\n\t\t\t\t<\/div>\n\t\t\t\t<\/div>\n\t\t","protected":false},"excerpt":{"rendered":"<p>Perfil de Egreso El egresado del programa educativo Ingeniero en Mecatr\u00f3nica es un profesionista emprendedor, l\u00edder, innovador, responsable, con habilidades de comunicaci\u00f3n que favorecen el trabajo en equipo, comprometido con la seguridad industrial y el medio ambiente. Adem\u00e1s, posee un enfoque multidisciplinario capaz de dirigir los cambios tecnol\u00f3gicos, comprometido al aprendizaje permanente, especializado en el [&hellip;]<\/p>\n","protected":false},"author":3,"featured_media":0,"parent":0,"menu_order":0,"comment_status":"closed","ping_status":"closed","template":"","meta":{"site-sidebar-layout":"no-sidebar","site-content-layout":"page-builder","ast-site-content-layout":"full-width-container","site-content-style":"default","site-sidebar-style":"default","ast-global-header-display":"","ast-banner-title-visibility":"","ast-main-header-display":"","ast-hfb-above-header-display":"","ast-hfb-below-header-display":"","ast-hfb-mobile-header-display":"","site-post-title":"disabled","ast-breadcrumbs-content":"","ast-featured-img":"disabled","footer-sml-layout":"","ast-disable-related-posts":"","theme-transparent-header-meta":"default","adv-header-id-meta":"","stick-header-meta":"","header-above-stick-meta":"","header-main-stick-meta":"","header-below-stick-meta":"","astra-migrate-meta-layouts":"set","ast-page-background-enabled":"default","ast-page-background-meta":{"desktop":{"background-color":"","background-image":"","background-repeat":"repeat","background-position":"center center","background-size":"auto","background-attachment":"scroll","background-type":"","background-media":"","overlay-type":"","overlay-color":"","overlay-opacity":"","overlay-gradient":""},"tablet":{"background-color":"","background-image":"","background-repeat":"repeat","background-position":"center center","background-size":"auto","background-attachment":"scroll","background-type":"","background-media":"","overlay-type":"","overlay-color":"","overlay-opacity":"","overlay-gradient":""},"mobile":{"background-color":"","background-image":"","background-repeat":"repeat","background-position":"center center","background-size":"auto","background-attachment":"scroll","background-type":"","background-media":"","overlay-type":"","overlay-color":"","overlay-opacity":"","overlay-gradient":""}},"ast-content-background-meta":{"desktop":{"background-color":"var(--ast-global-color-5)","background-image":"","background-repeat":"repeat","background-position":"center center","background-size":"auto","background-attachment":"scroll","background-type":"","background-media":"","overlay-type":"","overlay-color":"","overlay-opacity":"","overlay-gradient":""},"tablet":{"background-color":"var(--ast-global-color-5)","background-image":"","background-repeat":"repeat","background-position":"center center","background-size":"auto","background-attachment":"scroll","background-type":"","background-media":"","overlay-type":"","overlay-color":"","overlay-opacity":"","overlay-gradient":""},"mobile":{"background-color":"var(--ast-global-color-5)","background-image":"","background-repeat":"repeat","background-position":"center center","background-size":"auto","background-attachment":"scroll","background-type":"","background-media":"","overlay-type":"","overlay-color":"","overlay-opacity":"","overlay-gradient":""}},"footnotes":""},"class_list":["post-2861","page","type-page","status-publish","hentry"],"_links":{"self":[{"href":"https:\/\/ingenieria.mxl.uabc.mx\/pe_ima\/wp-json\/wp\/v2\/pages\/2861","targetHints":{"allow":["GET"]}}],"collection":[{"href":"https:\/\/ingenieria.mxl.uabc.mx\/pe_ima\/wp-json\/wp\/v2\/pages"}],"about":[{"href":"https:\/\/ingenieria.mxl.uabc.mx\/pe_ima\/wp-json\/wp\/v2\/types\/page"}],"author":[{"embeddable":true,"href":"https:\/\/ingenieria.mxl.uabc.mx\/pe_ima\/wp-json\/wp\/v2\/users\/3"}],"replies":[{"embeddable":true,"href":"https:\/\/ingenieria.mxl.uabc.mx\/pe_ima\/wp-json\/wp\/v2\/comments?post=2861"}],"version-history":[{"count":82,"href":"https:\/\/ingenieria.mxl.uabc.mx\/pe_ima\/wp-json\/wp\/v2\/pages\/2861\/revisions"}],"predecessor-version":[{"id":4899,"href":"https:\/\/ingenieria.mxl.uabc.mx\/pe_ima\/wp-json\/wp\/v2\/pages\/2861\/revisions\/4899"}],"wp:attachment":[{"href":"https:\/\/ingenieria.mxl.uabc.mx\/pe_ima\/wp-json\/wp\/v2\/media?parent=2861"}],"curies":[{"name":"wp","href":"https:\/\/api.w.org\/{rel}","templated":true}]}}