{"id":2782,"date":"2023-10-09T16:06:13","date_gmt":"2023-10-10T00:06:13","guid":{"rendered":"http:\/\/localhost\/pe_ico\/?page_id=2782"},"modified":"2024-04-18T16:50:28","modified_gmt":"2024-04-19T00:50:28","slug":"perfil-de-ingreso","status":"publish","type":"page","link":"https:\/\/ingenieria.mxl.uabc.mx\/pe_imo\/perfil-de-ingreso\/","title":{"rendered":"Perfil de Ingreso"},"content":{"rendered":"\t\t<div data-elementor-type=\"wp-page\" data-elementor-id=\"2782\" class=\"elementor elementor-2782\">\n\t\t\t\t<div class=\"elementor-element elementor-element-31acfab e-con-full e-flex e-con e-parent\" data-id=\"31acfab\" data-element_type=\"container\">\n\t\t<div class=\"elementor-element elementor-element-062cae2 e-con-full e-flex e-con e-child\" data-id=\"062cae2\" data-element_type=\"container\">\n\t\t<div class=\"elementor-element elementor-element-7f8a134 e-con-full e-flex e-con e-child\" data-id=\"7f8a134\" data-element_type=\"container\" data-settings=\"{&quot;background_background&quot;:&quot;classic&quot;}\">\n\t\t\t\t<div class=\"elementor-element elementor-element-7e30e08 elementor-widget elementor-widget-heading\" data-id=\"7e30e08\" data-element_type=\"widget\" data-widget_type=\"heading.default\">\n\t\t\t\t<div class=\"elementor-widget-container\">\n\t\t\t\t\t<h1 class=\"elementor-heading-title elementor-size-default\">Perfil de Ingreso<\/h1>\t\t\t\t<\/div>\n\t\t\t\t<\/div>\n\t\t\t\t<div class=\"elementor-element elementor-element-66d7613 elementor-widget-divider--view-line elementor-widget elementor-widget-divider\" data-id=\"66d7613\" data-element_type=\"widget\" data-widget_type=\"divider.default\">\n\t\t\t\t<div class=\"elementor-widget-container\">\n\t\t\t\t\t\t\t<div class=\"elementor-divider\">\n\t\t\t<span class=\"elementor-divider-separator\">\n\t\t\t\t\t\t<\/span>\n\t\t<\/div>\n\t\t\t\t\t\t<\/div>\n\t\t\t\t<\/div>\n\t\t\t\t<div class=\"elementor-element elementor-element-15ff8cb elementor-widget elementor-widget-text-editor\" data-id=\"15ff8cb\" data-element_type=\"widget\" data-widget_type=\"text-editor.default\">\n\t\t\t\t<div class=\"elementor-widget-container\">\n\t\t\t\t\t\t\t\t\t<p><span style=\"font-size: 14pt;\">El estudiante que aspire ingresar al programa educativo de Ingeniero Mec\u00e1nico deber\u00e1 poseer los siguientes conocimientos, habilidades y actitudes:<\/span><\/p>\t\t\t\t\t\t\t\t<\/div>\n\t\t\t\t<\/div>\n\t\t\t\t<div class=\"elementor-element elementor-element-4a85025 elementor-widget elementor-widget-eael-adv-tabs\" data-id=\"4a85025\" data-element_type=\"widget\" data-widget_type=\"eael-adv-tabs.default\">\n\t\t\t\t<div class=\"elementor-widget-container\">\n\t\t\t\t\t        <div data-scroll-on-click=\"no\" data-scroll-speed=\"300\" id=\"eael-advance-tabs-4a85025\" class=\"eael-advance-tabs eael-tabs-vertical eael-tab-auto-active \" data-tabid=\"4a85025\">\n            <div class=\"eael-tabs-nav \">\n                <ul class=\"eael-tab-inline-icon\" role=\"tablist\">\n                                            <li id=\"conocimientos\" class=\"inactive eael-tab-item-trigger eael-tab-nav-item\" aria-selected=\"true\" data-tab=\"1\" role=\"tab\" tabindex=\"0\" aria-controls=\"conocimientos-tab\" aria-expanded=\"false\">\n                            \n                                                                <i class=\"fas fa-book\"><\/i>                                                            \n                                                            <span class=\"eael-tab-title title-after-icon\" >Conocimientos<\/span>                            \n                                                    <\/li>\n                                            <li id=\"habilidades\" class=\"inactive eael-tab-item-trigger eael-tab-nav-item\" aria-selected=\"false\" data-tab=\"2\" role=\"tab\" tabindex=\"-1\" aria-controls=\"habilidades-tab\" aria-expanded=\"false\">\n                            \n                                                                <i class=\"far fa-comments\"><\/i>                                                            \n                                                            <span class=\"eael-tab-title title-after-icon\" >Habilidades<\/span>                            \n                                                    <\/li>\n                                            <li id=\"actitudes\" class=\"inactive eael-tab-item-trigger eael-tab-nav-item\" aria-selected=\"false\" data-tab=\"3\" role=\"tab\" tabindex=\"-1\" aria-controls=\"actitudes-tab\" aria-expanded=\"false\">\n                            \n                                                                <i class=\"far fa-handshake\"><\/i>                                                            \n                                                            <span class=\"eael-tab-title title-after-icon\" >Actitudes<\/span>                            \n                                                    <\/li>\n                                            <li id=\"valores\" class=\"inactive eael-tab-item-trigger eael-tab-nav-item\" aria-selected=\"false\" data-tab=\"4\" role=\"tab\" tabindex=\"-1\" aria-controls=\"valores-tab\" aria-expanded=\"false\">\n                            \n                                                                <i class=\"far fa-list-alt\"><\/i>                                                            \n                                                            <span class=\"eael-tab-title title-after-icon\" >Valores<\/span>                            \n                                                    <\/li>\n                    \n                                  <\/ul>\n            <\/div>\n            \n            <div class=\"eael-tabs-content\">\n\t\t        \n                    <div id=\"conocimientos-tab\" class=\"clearfix eael-tab-content-item inactive\" data-title-link=\"conocimientos-tab\">\n\t\t\t\t        <ul><li>\u00c1lgebra.<\/li><li>Trigonometr\u00eda.<\/li><li>Geometr\u00eda anal\u00edtica.<\/li><li>Calculo diferencial e integral.<\/li><li>F\u00edsica.<\/li><li>Qu\u00edmica.<\/li><\/ul>                    <\/div>\n\t\t        \n                    <div id=\"habilidades-tab\" class=\"clearfix eael-tab-content-item inactive\" data-title-link=\"habilidades-tab\">\n\t\t\t\t        <ul><li><span style=\"font-size: 14pt;\">Pensamiento anal\u00edtico, l\u00f3gico.<\/span><\/li><li><span style=\"font-size: 14pt;\">Capacidad de observaci\u00f3n y s\u00edntesis.<\/span><\/li><li><span style=\"font-size: 14pt;\">An\u00e1lisis e interpretaci\u00f3n de problemas.<\/span><\/li><li><span style=\"font-size: 14pt;\">Destreza manual.<\/span><\/li><li><span style=\"font-size: 14pt;\">Manejo de computadora.<\/span><\/li><li><span style=\"font-size: 14pt;\">Manejo de herramientas, m\u00e1quinas, materiales y equipos de laboratorio.<\/span><\/li><li><span style=\"font-size: 14pt;\">Comunicarse en forma escrita y oral.<\/span><\/li><li><span style=\"font-size: 14pt;\">Integrarse en equipos con organizaci\u00f3n y disciplina.<\/span><\/li><\/ul>                    <\/div>\n\t\t        \n                    <div id=\"actitudes-tab\" class=\"clearfix eael-tab-content-item inactive\" data-title-link=\"actitudes-tab\">\n\t\t\t\t        <ul><li><span style=\"font-size: 14pt;\">Disciplina, implementaci\u00f3n, e innovaci\u00f3n.<\/span><\/li><li><span style=\"font-size: 14pt;\">Inter\u00e9s en aspectos t\u00e9cnicos y cient\u00edficos.<\/span><\/li><li><span style=\"font-size: 14pt;\">Disponibilidad para realizar actividades en las \u00e1reas t\u00e9cnica y administrativa.<\/span><\/li><li><span style=\"font-size: 14pt;\">Iniciativa, creatividad y b\u00fasqueda de superaci\u00f3n personal.<\/span><\/li><li><span style=\"font-size: 14pt;\">Tolerancia y respeto por las ideolog\u00edas y culturas nacionales y extranjeras.<\/span><\/li><li><span style=\"font-size: 14pt;\">Responsabilidad para cumplir con las tareas y actividades inherentes a la labor acad\u00e9mica.<\/span><\/li><\/ul>                    <\/div>\n\t\t        \n                    <div id=\"valores-tab\" class=\"clearfix eael-tab-content-item inactive\" data-title-link=\"valores-tab\">\n\t\t\t\t        <ul><li><div><span style=\"font-size: 14pt;\">Confianza<\/span><\/div><\/li><li><div><span style=\"font-size: 14pt;\">Creatividad<\/span><\/div><\/li><li><div><span style=\"font-size: 14pt;\">Honestidad<\/span><\/div><\/li><li><div><span style=\"font-size: 14pt;\">Humildad<\/span><\/div><\/li><li><div><span style=\"font-size: 14pt;\">Justicia<\/span><\/div><\/li><li><span style=\"font-size: 14pt;\">Lealtad<\/span><\/li><li><span style=\"font-size: 14pt;\">Libertad<\/span><\/li><li><span style=\"font-size: 14pt;\">Perseverancia<\/span><\/li><li><span style=\"font-size: 14pt;\">Respeto<\/span><\/li><li><span style=\"font-size: 14pt;\">Responsabilidad<\/span><\/li><li><span style=\"font-size: 14pt;\">Solidaridad<\/span><\/li><li><span style=\"font-size: 14pt;\">Tolerancia<\/span><\/li><\/ul>                    <\/div>\n\t\t                    <\/div>\n        <\/div>\n\t\t\t\t<\/div>\n\t\t\t\t<\/div>\n\t\t\t\t<\/div>\n\t\t\t\t<\/div>\n\t\t<div class=\"elementor-element elementor-element-855554c e-con-full e-flex e-con e-child\" data-id=\"855554c\" data-element_type=\"container\">\n\t\t<div class=\"elementor-element elementor-element-bb81494 e-con-full e-flex e-con e-child\" data-id=\"bb81494\" data-element_type=\"container\" data-settings=\"{&quot;background_background&quot;:&quot;classic&quot;}\">\n\t\t\t\t<div class=\"elementor-element elementor-element-7ab1ec8 elementor-widget elementor-widget-heading\" data-id=\"7ab1ec8\" data-element_type=\"widget\" data-widget_type=\"heading.default\">\n\t\t\t\t<div class=\"elementor-widget-container\">\n\t\t\t\t\t<h2 class=\"elementor-heading-title elementor-size-default\">RESPONSABLE DEL PROGRAMA EDUCATIVO<\/h2>\t\t\t\t<\/div>\n\t\t\t\t<\/div>\n\t\t\t\t<div class=\"elementor-element elementor-element-3cc66ff elementor-widget-divider--view-line elementor-widget elementor-widget-divider\" data-id=\"3cc66ff\" data-element_type=\"widget\" data-widget_type=\"divider.default\">\n\t\t\t\t<div class=\"elementor-widget-container\">\n\t\t\t\t\t\t\t<div class=\"elementor-divider\">\n\t\t\t<span class=\"elementor-divider-separator\">\n\t\t\t\t\t\t<\/span>\n\t\t<\/div>\n\t\t\t\t\t\t<\/div>\n\t\t\t\t<\/div>\n\t\t\t\t<div class=\"elementor-element elementor-element-1b5ff8b elementor-widget elementor-widget-text-editor\" data-id=\"1b5ff8b\" data-element_type=\"widget\" data-widget_type=\"text-editor.default\">\n\t\t\t\t<div class=\"elementor-widget-container\">\n\t\t\t\t\t\t\t\t\t<p><span style=\"color: #339966; font-size: 10pt;\"><strong>Dr. Fernando Lara Ch\u00e1vez<\/strong><\/span><br \/><span style=\"font-size: 10pt;\"><em><span style=\"color: #ffcc00;\"><strong>Responsable del Programa Educativo de Ingeniero Mec\u00e1nico<\/strong><\/span><\/em><\/span><\/p><p><span style=\"font-size: 10pt;\"><strong><span style=\"color: #339966;\">Email:<\/span> <span style=\"color: #000000;\"><a style=\"color: #000000;\" href=\"mailto:computacion_fim@uabc.edu.mx\">mecanica_fim@uabc.edu.mx<\/a><\/span><\/strong><\/span><br \/><span style=\"font-size: 10pt;\"><strong><span style=\"color: #339966;\">Telefono:<\/span> +52 (686) 841-82-35 <\/strong><\/span><\/p><p><span style=\"font-size: 10pt;\"><strong><span style=\"color: #339966;\">Ext.<\/span> 44460<\/strong><\/span><\/p>\t\t\t\t\t\t\t\t<\/div>\n\t\t\t\t<\/div>\n\t\t\t\t<\/div>\n\t\t<div class=\"elementor-element elementor-element-be94ab3 e-con-full e-flex e-con e-child\" data-id=\"be94ab3\" data-element_type=\"container\" data-settings=\"{&quot;background_background&quot;:&quot;classic&quot;}\">\n\t\t\t\t<div class=\"elementor-element elementor-element-582373f elementor-widget elementor-widget-heading\" data-id=\"582373f\" data-element_type=\"widget\" data-widget_type=\"heading.default\">\n\t\t\t\t<div class=\"elementor-widget-container\">\n\t\t\t\t\t<h2 class=\"elementor-heading-title elementor-size-default\">ACREDITACIONES<\/h2>\t\t\t\t<\/div>\n\t\t\t\t<\/div>\n\t\t\t\t<div class=\"elementor-element elementor-element-19f339f elementor-widget-divider--view-line elementor-widget elementor-widget-divider\" data-id=\"19f339f\" data-element_type=\"widget\" data-widget_type=\"divider.default\">\n\t\t\t\t<div class=\"elementor-widget-container\">\n\t\t\t\t\t\t\t<div class=\"elementor-divider\">\n\t\t\t<span class=\"elementor-divider-separator\">\n\t\t\t\t\t\t<\/span>\n\t\t<\/div>\n\t\t\t\t\t\t<\/div>\n\t\t\t\t<\/div>\n\t\t\t\t<div class=\"elementor-element elementor-element-a8b0a86 elementor-widget__width-initial elementor-widget elementor-widget-image\" data-id=\"a8b0a86\" data-element_type=\"widget\" data-widget_type=\"image.default\">\n\t\t\t\t<div class=\"elementor-widget-container\">\n\t\t\t\t\t\t\t\t\t\t\t\t\t\t\t\t<a href=\"https:\/\/ingenieria.mxl.uabc.mx\/pe_imo\/wp-content\/uploads\/2024\/04\/mecanicacacei.pdf\" target=\"_blank\">\n\t\t\t\t\t\t\t<img fetchpriority=\"high\" decoding=\"async\" width=\"800\" height=\"350\" src=\"https:\/\/ingenieria.mxl.uabc.mx\/pe_imo\/wp-content\/uploads\/2023\/09\/cacei.jpg\" class=\"attachment-large size-large wp-image-2134\" alt=\"\" \/>\t\t\t\t\t\t\t\t<\/a>\n\t\t\t\t\t\t\t\t\t\t\t\t\t\t\t<\/div>\n\t\t\t\t<\/div>\n\t\t\t\t<div class=\"elementor-element elementor-element-71e3c3d elementor-widget elementor-widget-text-editor\" data-id=\"71e3c3d\" data-element_type=\"widget\" data-widget_type=\"text-editor.default\">\n\t\t\t\t<div class=\"elementor-widget-container\">\n\t\t\t\t\t\t\t\t\t<p class=\"top-card-layout__title font-sans text-lg papabear:text-xl font-bold leading-open text-color-text mb-0\"><strong><span style=\"font-size: 10pt;\">Consejo de Acreditaci\u00f3n de la Ense\u00f1anza de la Ingenier\u00eda, A.C.<\/span><\/strong><\/p>\t\t\t\t\t\t\t\t<\/div>\n\t\t\t\t<\/div>\n\t\t\t\t<\/div>\n\t\t\t\t<\/div>\n\t\t\t\t<\/div>\n\t\t\t\t<\/div>\n\t\t","protected":false},"excerpt":{"rendered":"<p>Perfil de Ingreso El estudiante que aspire ingresar al programa educativo de Ingeniero Mec\u00e1nico deber\u00e1 poseer los siguientes conocimientos, habilidades y actitudes: Conocimientos Habilidades Actitudes Valores \u00c1lgebra. Trigonometr\u00eda. Geometr\u00eda anal\u00edtica. Calculo diferencial e integral. F\u00edsica. Qu\u00edmica. Pensamiento anal\u00edtico, l\u00f3gico. Capacidad de observaci\u00f3n y s\u00edntesis. An\u00e1lisis e interpretaci\u00f3n de problemas. Destreza manual. Manejo de computadora. Manejo [&hellip;]<\/p>\n","protected":false},"author":3,"featured_media":0,"parent":0,"menu_order":0,"comment_status":"closed","ping_status":"closed","template":"","meta":{"site-sidebar-layout":"no-sidebar","site-content-layout":"page-builder","ast-site-content-layout":"full-width-container","site-content-style":"default","site-sidebar-style":"default","ast-global-header-display":"","ast-banner-title-visibility":"","ast-main-header-display":"","ast-hfb-above-header-display":"","ast-hfb-below-header-display":"","ast-hfb-mobile-header-display":"","site-post-title":"disabled","ast-breadcrumbs-content":"","ast-featured-img":"disabled","footer-sml-layout":"","ast-disable-related-posts":"","theme-transparent-header-meta":"default","adv-header-id-meta":"","stick-header-meta":"","header-above-stick-meta":"","header-main-stick-meta":"","header-below-stick-meta":"","astra-migrate-meta-layouts":"set","ast-page-background-enabled":"default","ast-page-background-meta":{"desktop":{"background-color":"","background-image":"","background-repeat":"repeat","background-position":"center center","background-size":"auto","background-attachment":"scroll","background-type":"","background-media":"","overlay-type":"","overlay-color":"","overlay-opacity":"","overlay-gradient":""},"tablet":{"background-color":"","background-image":"","background-repeat":"repeat","background-position":"center center","background-size":"auto","background-attachment":"scroll","background-type":"","background-media":"","overlay-type":"","overlay-color":"","overlay-opacity":"","overlay-gradient":""},"mobile":{"background-color":"","background-image":"","background-repeat":"repeat","background-position":"center center","background-size":"auto","background-attachment":"scroll","background-type":"","background-media":"","overlay-type":"","overlay-color":"","overlay-opacity":"","overlay-gradient":""}},"ast-content-background-meta":{"desktop":{"background-color":"var(--ast-global-color-5)","background-image":"","background-repeat":"repeat","background-position":"center center","background-size":"auto","background-attachment":"scroll","background-type":"","background-media":"","overlay-type":"","overlay-color":"","overlay-opacity":"","overlay-gradient":""},"tablet":{"background-color":"var(--ast-global-color-5)","background-image":"","background-repeat":"repeat","background-position":"center center","background-size":"auto","background-attachment":"scroll","background-type":"","background-media":"","overlay-type":"","overlay-color":"","overlay-opacity":"","overlay-gradient":""},"mobile":{"background-color":"var(--ast-global-color-5)","background-image":"","background-repeat":"repeat","background-position":"center center","background-size":"auto","background-attachment":"scroll","background-type":"","background-media":"","overlay-type":"","overlay-color":"","overlay-opacity":"","overlay-gradient":""}},"footnotes":""},"class_list":["post-2782","page","type-page","status-publish","hentry"],"_links":{"self":[{"href":"https:\/\/ingenieria.mxl.uabc.mx\/pe_imo\/wp-json\/wp\/v2\/pages\/2782","targetHints":{"allow":["GET"]}}],"collection":[{"href":"https:\/\/ingenieria.mxl.uabc.mx\/pe_imo\/wp-json\/wp\/v2\/pages"}],"about":[{"href":"https:\/\/ingenieria.mxl.uabc.mx\/pe_imo\/wp-json\/wp\/v2\/types\/page"}],"author":[{"embeddable":true,"href":"https:\/\/ingenieria.mxl.uabc.mx\/pe_imo\/wp-json\/wp\/v2\/users\/3"}],"replies":[{"embeddable":true,"href":"https:\/\/ingenieria.mxl.uabc.mx\/pe_imo\/wp-json\/wp\/v2\/comments?post=2782"}],"version-history":[{"count":106,"href":"https:\/\/ingenieria.mxl.uabc.mx\/pe_imo\/wp-json\/wp\/v2\/pages\/2782\/revisions"}],"predecessor-version":[{"id":4793,"href":"https:\/\/ingenieria.mxl.uabc.mx\/pe_imo\/wp-json\/wp\/v2\/pages\/2782\/revisions\/4793"}],"wp:attachment":[{"href":"https:\/\/ingenieria.mxl.uabc.mx\/pe_imo\/wp-json\/wp\/v2\/media?parent=2782"}],"curies":[{"name":"wp","href":"https:\/\/api.w.org\/{rel}","templated":true}]}}