{"id":2862,"date":"2023-10-10T13:20:15","date_gmt":"2023-10-10T21:20:15","guid":{"rendered":"http:\/\/localhost\/pe_ico\/?page_id=2862"},"modified":"2024-04-18T16:40:58","modified_gmt":"2024-04-19T00:40:58","slug":"campo-ocupacional","status":"publish","type":"page","link":"https:\/\/ingenieria.mxl.uabc.mx\/pe_imo\/campo-ocupacional\/","title":{"rendered":"Campo Ocupacional"},"content":{"rendered":"\t\t<div data-elementor-type=\"wp-page\" data-elementor-id=\"2862\" class=\"elementor elementor-2862\">\n\t\t\t\t<div class=\"elementor-element elementor-element-daa1e43 e-con-full e-flex e-con e-parent\" data-id=\"daa1e43\" data-element_type=\"container\">\n\t\t<div class=\"elementor-element elementor-element-9b7ea22 e-con-full e-flex e-con e-child\" data-id=\"9b7ea22\" data-element_type=\"container\">\n\t\t<div class=\"elementor-element elementor-element-7f8a134 e-con-full e-flex e-con e-child\" data-id=\"7f8a134\" data-element_type=\"container\" data-settings=\"{&quot;background_background&quot;:&quot;classic&quot;}\">\n\t\t\t\t<div class=\"elementor-element elementor-element-7e30e08 elementor-widget elementor-widget-heading\" data-id=\"7e30e08\" data-element_type=\"widget\" data-widget_type=\"heading.default\">\n\t\t\t\t<div class=\"elementor-widget-container\">\n\t\t\t\t\t<h1 class=\"elementor-heading-title elementor-size-default\">Campo Ocupacional<\/h1>\t\t\t\t<\/div>\n\t\t\t\t<\/div>\n\t\t\t\t<div class=\"elementor-element elementor-element-66d7613 elementor-widget-divider--view-line elementor-widget elementor-widget-divider\" data-id=\"66d7613\" data-element_type=\"widget\" data-widget_type=\"divider.default\">\n\t\t\t\t<div class=\"elementor-widget-container\">\n\t\t\t\t\t\t\t<div class=\"elementor-divider\">\n\t\t\t<span class=\"elementor-divider-separator\">\n\t\t\t\t\t\t<\/span>\n\t\t<\/div>\n\t\t\t\t\t\t<\/div>\n\t\t\t\t<\/div>\n\t\t\t\t<div class=\"elementor-element elementor-element-15ff8cb elementor-widget elementor-widget-text-editor\" data-id=\"15ff8cb\" data-element_type=\"widget\" data-widget_type=\"text-editor.default\">\n\t\t\t\t<div class=\"elementor-widget-container\">\n\t\t\t\t\t\t\t\t\t<p><span style=\"font-size: 14pt;\">El egresado del programa educativo de Ingeniero Mec\u00e1nico podr\u00e1 desarrollar sus actividades profesionales que ser\u00e1n compatibles con la ciencia y la tecnolog\u00eda en armon\u00eda la relaci\u00f3n ser humano-naturaleza, en completo respeto por el medio ambiente manteniendo el desarrollo de nuestra naci\u00f3n. Las actividades las podr\u00e1 desempe\u00f1ar en los \u00e1mbitos local, estatal, nacional e internacional de los siguientes sectores:<\/span><\/p>\t\t\t\t\t\t\t\t<\/div>\n\t\t\t\t<\/div>\n\t\t\t\t<div class=\"elementor-element elementor-element-b7ebe68 elementor-hidden-tablet elementor-hidden-mobile elementor-widget elementor-widget-eael-image-accordion\" data-id=\"b7ebe68\" data-element_type=\"widget\" data-widget_type=\"eael-image-accordion.default\">\n\t\t\t\t<div class=\"elementor-widget-container\">\n\t\t\t\t\t    <div class=\"eael-img-accordion accordion-direction-horizontal eael-img-accordion-horizontal-align-center eael-img-accordion-vertical-align-center\" id=\"eael-img-accordion-b7ebe68\" data-img-accordion-id=\"b7ebe68\" data-img-accordion-type=\"on-hover\">\n                    \n            <div class=\"eael-image-accordion-hover eael-image-accordion-item overlay-active\" style=\"background-image: url(https:\/\/ingenieria.mxl.uabc.mx\/pe_imo\/wp-content\/uploads\/2023\/09\/antenna-cell-cellular-21457.jpg); flex: 3 1 0%;\"  tabindex=\"0\">\n                <div class=\"overlay\">\n                                        <div class=\"overlay-inner  overlay-inner-show\">\n                        <h2 class=\"img-accordion-title\">Sector P\u00fablico<\/h2>                            <p><div style=\"text-align: left\"><p>\u00a0<\/p><ul><li><span style=\"font-size: 14pt\">Centros de investigaci\u00f3n como investigador en la implementaci\u00f3n de proyectos de nuevas fuentes de energ\u00eda, dise\u00f1o mec\u00e1nico y procesos de manufactura.<\/span><\/li><li><span style=\"font-size: 14pt\">Empresas paraestatales.<\/span><\/li><\/ul><\/div><\/p>\n                                            <\/div>\n                <\/div>\n            <\/div>\n                    \n            <div class=\"eael-image-accordion-hover eael-image-accordion-item overlay-active\" style=\"background-image: url(https:\/\/ingenieria.mxl.uabc.mx\/pe_imo\/wp-content\/uploads\/2023\/09\/startup-business-people-849804.jpg); flex: 3 1 0%;\"  tabindex=\"0\">\n                <div class=\"overlay\">\n                                        <div class=\"overlay-inner  overlay-inner-show\">\n                        <h2 class=\"img-accordion-title\">Profesional Independiente<\/h2>                            <p><ul><li style=\"text-align: left\"><span style=\"font-size: 14pt\">Como profesional independiente podr\u00e1 ejercer actividad de asesor\u00eda en las \u00e1reas de dominio.<\/span><\/li><li style=\"text-align: left\"><span style=\"font-size: 14pt\">Desarrollar su propia empresa de productos o servicios.<\/span><\/li><\/ul><\/p>\n                                            <\/div>\n                <\/div>\n            <\/div>\n                    \n            <div class=\"eael-image-accordion-hover eael-image-accordion-item overlay-active\" style=\"background-image: url(https:\/\/ingenieria.mxl.uabc.mx\/pe_imo\/wp-content\/uploads\/2023\/08\/electronica.jpg); flex: 3 1 0%;\"  tabindex=\"0\">\n                <div class=\"overlay\">\n                                        <div class=\"overlay-inner  overlay-inner-show\">\n                        <h2 class=\"img-accordion-title\">Sector Privado<\/h2>                            <p><ul><li style=\"text-align: left\"><span style=\"font-size: 14pt\">Industria de la transformaci\u00f3n como ingeniero en dise\u00f1o y manufactura.<\/span><\/li><li style=\"text-align: left\"><span style=\"font-size: 14pt\">Industria extractiva metal-mec\u00e1nica como ingeniero de procesos.<\/span><\/li><li style=\"text-align: left\"><span style=\"font-size: 14pt\">Sector el\u00e9ctrico en el \u00e1rea mec\u00e1nica, en las plantas de generaci\u00f3n de energ\u00eda, en las \u00e1reas de producci\u00f3n, conducci\u00f3n y condensaci\u00f3n de vapor, as\u00ed como en los sistemas hidr\u00e1ulicos, neum\u00e1ticos y turbomaquinaria.<\/span><\/li><li style=\"text-align: left\"><span style=\"font-size: 14pt\">En el \u00e1rea de servicios e instalaciones de refrigeraci\u00f3n y aire acondicionado industrial, comercial y dom\u00e9stico.<\/span><\/li><li style=\"text-align: left\"><span style=\"font-size: 14pt\">En el \u00e1rea de servicios e instalaciones de sistemas de bombeo y conducci\u00f3n de fluidos industrial y comercial.<\/span><\/li><li style=\"text-align: left\"><span style=\"font-size: 14pt\">En un departamento de ingenier\u00eda de dise\u00f1o.<\/span><\/li><\/ul><\/p>\n                                            <\/div>\n                <\/div>\n            <\/div>\n                <\/div>\n        <style typr=\"text\/css\">\n                    #eael-img-accordion-b7ebe68 .eael-image-accordion-hover:hover {\n                        flex: 3 1 0% !important;\n                    }\n                    #eael-img-accordion-b7ebe68 .eael-image-accordion-hover:hover:hover .overlay-inner * {\n                        opacity: 1;\n                        visibility: visible;\n                        transform: none;\n                        transition: all .3s .3s;\n                    }\n                <\/style>\t\t\t\t<\/div>\n\t\t\t\t<\/div>\n\t\t\t\t<div class=\"elementor-element elementor-element-675e4cb elementor-hidden-desktop elementor-widget elementor-widget-eael-image-accordion\" data-id=\"675e4cb\" data-element_type=\"widget\" data-widget_type=\"eael-image-accordion.default\">\n\t\t\t\t<div class=\"elementor-widget-container\">\n\t\t\t\t\t    <div class=\"eael-img-accordion accordion-direction-vertical eael-img-accordion-horizontal-align-center eael-img-accordion-vertical-align-center\" id=\"eael-img-accordion-675e4cb\" data-img-accordion-id=\"675e4cb\" data-img-accordion-type=\"on-hover\">\n                    \n            <div class=\"eael-image-accordion-hover eael-image-accordion-item overlay-active\" style=\"background-image: url(https:\/\/ingenieria.mxl.uabc.mx\/pe_imo\/wp-content\/uploads\/2023\/09\/antenna-cell-cellular-21457.jpg); flex: 3 1 0%;\"  tabindex=\"0\">\n                <div class=\"overlay\">\n                                        <div class=\"overlay-inner  overlay-inner-show\">\n                        <h2 class=\"img-accordion-title\">Sector P\u00fablico<\/h2>                            <p><ul><li><div style=\"text-align: left\"><span style=\"font-size: 10pt\">Dependencias de gobierno<\/span><\/div><\/li><li style=\"text-align: left\"><div><span style=\"font-size: 10pt\">Comunicaciones y transportes<\/span><\/div><\/li><li style=\"text-align: left\"><span style=\"font-size: 10pt\">Instituciones educativas y de investigaci\u00f3n<\/span><\/li><li style=\"text-align: left\"><span style=\"font-size: 10pt\">Centros de investigaci\u00f3n<\/span><\/li><\/ul><\/p>\n                                            <\/div>\n                <\/div>\n            <\/div>\n                    \n            <div class=\"eael-image-accordion-hover eael-image-accordion-item overlay-active\" style=\"background-image: url(https:\/\/ingenieria.mxl.uabc.mx\/pe_imo\/wp-content\/uploads\/2023\/08\/electronica.jpg); flex: 3 1 0%;\"  tabindex=\"0\">\n                <div class=\"overlay\">\n                                        <div class=\"overlay-inner  overlay-inner-show\">\n                        <h2 class=\"img-accordion-title\">Sector Privado<\/h2>                            <p><ul><li><div style=\"text-align: left\"><span style=\"font-size: 10pt\">Empresas y microempresas<\/span><\/div><\/li><li style=\"text-align: left\"><div><span style=\"font-size: 10pt\">Industria maquiladora<\/span><\/div><\/li><li style=\"text-align: left\"><span style=\"font-size: 10pt\">Centros de investigaci\u00f3n<\/span><\/li><\/ul><\/p>\n                                            <\/div>\n                <\/div>\n            <\/div>\n                    \n            <div class=\"eael-image-accordion-hover eael-image-accordion-item\" style=\"background-image: url(https:\/\/ingenieria.mxl.uabc.mx\/pe_imo\/wp-content\/uploads\/2023\/09\/startup-business-people-849804.jpg);\"  tabindex=\"0\">\n                <div class=\"overlay\">\n                                        <div class=\"overlay-inner \">\n                        <h2 class=\"img-accordion-title\">Profesional Independiente<\/h2>                            <p><ul><li><div style=\"text-align: left\"><span style=\"font-size: 8pt\">Asesorando, dise\u00f1ando, implementando, documentando y evaluando proyectos de automatizaci\u00f3n, redes de computadoras y\/o ingenier\u00eda de software<\/span><\/div><\/li><li style=\"text-align: left\"><span style=\"font-size: 8pt\">Dise\u00f1ando, seleccionando e instalando equipo y programas de sistemas de c\u00f3mputo<\/span><\/li><li style=\"text-align: left\"><span style=\"font-size: 8pt\">Manteniendo en estado \u00f3ptimo sistemas de c\u00f3mputo<\/span><\/li><li style=\"text-align: left\"><span style=\"font-size: 8pt\">Innovando y generando tecnolog\u00eda de c\u00f3mputo<\/span><\/li><li style=\"text-align: left\"><span style=\"font-size: 8pt\">Comercializando y fomentando el uso de sistemas de c\u00f3mputo<\/span><\/li><li style=\"text-align: left\"><span style=\"font-size: 8pt\">Dise\u00f1o y ejecuci\u00f3n de programas de capacitaci\u00f3n<\/span><\/li><\/ul><\/p>\n                                            <\/div>\n                <\/div>\n            <\/div>\n                <\/div>\n        <style typr=\"text\/css\">\n                    #eael-img-accordion-675e4cb .eael-image-accordion-hover:hover {\n                        flex: 3 1 0% !important;\n                    }\n                    #eael-img-accordion-675e4cb .eael-image-accordion-hover:hover:hover .overlay-inner * {\n                        opacity: 1;\n                        visibility: visible;\n                        transform: none;\n                        transition: all .3s .3s;\n                    }\n                <\/style>\t\t\t\t<\/div>\n\t\t\t\t<\/div>\n\t\t\t\t<\/div>\n\t\t\t\t<\/div>\n\t\t<div class=\"elementor-element elementor-element-72423da e-con-full e-flex e-con e-child\" data-id=\"72423da\" data-element_type=\"container\">\n\t\t<div class=\"elementor-element elementor-element-46a741f e-con-full e-flex e-con e-child\" data-id=\"46a741f\" data-element_type=\"container\" data-settings=\"{&quot;background_background&quot;:&quot;classic&quot;}\">\n\t\t\t\t<div class=\"elementor-element elementor-element-a936033 elementor-widget elementor-widget-heading\" data-id=\"a936033\" data-element_type=\"widget\" data-widget_type=\"heading.default\">\n\t\t\t\t<div class=\"elementor-widget-container\">\n\t\t\t\t\t<h2 class=\"elementor-heading-title elementor-size-default\">RESPONSABLE DEL PROGRAMA EDUCATIVO<\/h2>\t\t\t\t<\/div>\n\t\t\t\t<\/div>\n\t\t\t\t<div class=\"elementor-element elementor-element-c2fb385 elementor-widget-divider--view-line elementor-widget elementor-widget-divider\" data-id=\"c2fb385\" data-element_type=\"widget\" data-widget_type=\"divider.default\">\n\t\t\t\t<div class=\"elementor-widget-container\">\n\t\t\t\t\t\t\t<div class=\"elementor-divider\">\n\t\t\t<span class=\"elementor-divider-separator\">\n\t\t\t\t\t\t<\/span>\n\t\t<\/div>\n\t\t\t\t\t\t<\/div>\n\t\t\t\t<\/div>\n\t\t\t\t<div class=\"elementor-element elementor-element-62bfac1 elementor-widget elementor-widget-text-editor\" data-id=\"62bfac1\" data-element_type=\"widget\" data-widget_type=\"text-editor.default\">\n\t\t\t\t<div class=\"elementor-widget-container\">\n\t\t\t\t\t\t\t\t\t<p><span style=\"color: #339966; font-size: 10pt;\"><strong>Dr. Fernando Lara Ch\u00e1vez<\/strong><\/span><br \/><span style=\"font-size: 10pt;\"><em><span style=\"color: #ffcc00;\"><strong>Responsable del Programa Educativo de Ingeniero <b><i>Mec\u00e1nico<\/i><\/b><\/strong><\/span><\/em><\/span><\/p><p><span style=\"font-size: 10pt;\"><strong><span style=\"color: #339966;\">Email:<\/span> <span style=\"color: #000000;\"><a style=\"color: #000000;\" href=\"mailto:computacion_fim@uabc.edu.mx\">mecanica_fim@uabc.edu.mx<\/a><\/span><\/strong><\/span><br \/><span style=\"font-size: 10pt;\"><strong><span style=\"color: #339966;\">Telefono:<\/span> +52 (686) 841-82-35 <\/strong><\/span><\/p><p><span style=\"font-size: 10pt;\"><strong><span style=\"color: #339966;\">Ext.<\/span> 44460<\/strong><\/span><\/p>\t\t\t\t\t\t\t\t<\/div>\n\t\t\t\t<\/div>\n\t\t\t\t<\/div>\n\t\t<div class=\"elementor-element elementor-element-eaf8429 e-con-full e-flex e-con e-child\" data-id=\"eaf8429\" data-element_type=\"container\" data-settings=\"{&quot;background_background&quot;:&quot;classic&quot;}\">\n\t\t\t\t<div class=\"elementor-element elementor-element-119ca13 elementor-widget elementor-widget-heading\" data-id=\"119ca13\" data-element_type=\"widget\" data-widget_type=\"heading.default\">\n\t\t\t\t<div class=\"elementor-widget-container\">\n\t\t\t\t\t<h2 class=\"elementor-heading-title elementor-size-default\">ACREDITACIONES<\/h2>\t\t\t\t<\/div>\n\t\t\t\t<\/div>\n\t\t\t\t<div class=\"elementor-element elementor-element-59a9434 elementor-widget-divider--view-line elementor-widget elementor-widget-divider\" data-id=\"59a9434\" data-element_type=\"widget\" data-widget_type=\"divider.default\">\n\t\t\t\t<div class=\"elementor-widget-container\">\n\t\t\t\t\t\t\t<div class=\"elementor-divider\">\n\t\t\t<span class=\"elementor-divider-separator\">\n\t\t\t\t\t\t<\/span>\n\t\t<\/div>\n\t\t\t\t\t\t<\/div>\n\t\t\t\t<\/div>\n\t\t\t\t<div class=\"elementor-element elementor-element-4fc8239 elementor-widget__width-initial elementor-widget elementor-widget-image\" data-id=\"4fc8239\" data-element_type=\"widget\" data-widget_type=\"image.default\">\n\t\t\t\t<div class=\"elementor-widget-container\">\n\t\t\t\t\t\t\t\t\t\t\t\t\t\t\t\t<a href=\"https:\/\/ingenieria.mxl.uabc.mx\/pe_imo\/wp-content\/uploads\/2024\/04\/mecanicacacei.pdf\" target=\"_blank\">\n\t\t\t\t\t\t\t<img fetchpriority=\"high\" decoding=\"async\" width=\"800\" height=\"350\" src=\"https:\/\/ingenieria.mxl.uabc.mx\/pe_imo\/wp-content\/uploads\/2023\/09\/cacei.jpg\" class=\"attachment-large size-large wp-image-2134\" alt=\"\" \/>\t\t\t\t\t\t\t\t<\/a>\n\t\t\t\t\t\t\t\t\t\t\t\t\t\t\t<\/div>\n\t\t\t\t<\/div>\n\t\t\t\t<div class=\"elementor-element elementor-element-0def2d5 elementor-widget elementor-widget-text-editor\" data-id=\"0def2d5\" data-element_type=\"widget\" data-widget_type=\"text-editor.default\">\n\t\t\t\t<div class=\"elementor-widget-container\">\n\t\t\t\t\t\t\t\t\t<p class=\"top-card-layout__title font-sans text-lg papabear:text-xl font-bold leading-open text-color-text mb-0\"><strong><span style=\"font-size: 10pt;\">Consejo de Acreditaci\u00f3n de la Ense\u00f1anza de la Ingenier\u00eda, A.C.<\/span><\/strong><\/p>\t\t\t\t\t\t\t\t<\/div>\n\t\t\t\t<\/div>\n\t\t\t\t<\/div>\n\t\t\t\t<\/div>\n\t\t\t\t<\/div>\n\t\t\t\t<\/div>\n\t\t","protected":false},"excerpt":{"rendered":"<p>Campo Ocupacional El egresado del programa educativo de Ingeniero Mec\u00e1nico podr\u00e1 desarrollar sus actividades profesionales que ser\u00e1n compatibles con la ciencia y la tecnolog\u00eda en armon\u00eda la relaci\u00f3n ser humano-naturaleza, en completo respeto por el medio ambiente manteniendo el desarrollo de nuestra naci\u00f3n. Las actividades las podr\u00e1 desempe\u00f1ar en los \u00e1mbitos local, estatal, nacional e [&hellip;]<\/p>\n","protected":false},"author":3,"featured_media":0,"parent":0,"menu_order":0,"comment_status":"closed","ping_status":"closed","template":"","meta":{"site-sidebar-layout":"no-sidebar","site-content-layout":"page-builder","ast-site-content-layout":"full-width-container","site-content-style":"default","site-sidebar-style":"default","ast-global-header-display":"","ast-banner-title-visibility":"","ast-main-header-display":"","ast-hfb-above-header-display":"","ast-hfb-below-header-display":"","ast-hfb-mobile-header-display":"","site-post-title":"disabled","ast-breadcrumbs-content":"","ast-featured-img":"disabled","footer-sml-layout":"","ast-disable-related-posts":"","theme-transparent-header-meta":"default","adv-header-id-meta":"","stick-header-meta":"","header-above-stick-meta":"","header-main-stick-meta":"","header-below-stick-meta":"","astra-migrate-meta-layouts":"set","ast-page-background-enabled":"default","ast-page-background-meta":{"desktop":{"background-color":"","background-image":"","background-repeat":"repeat","background-position":"center center","background-size":"auto","background-attachment":"scroll","background-type":"","background-media":"","overlay-type":"","overlay-color":"","overlay-opacity":"","overlay-gradient":""},"tablet":{"background-color":"","background-image":"","background-repeat":"repeat","background-position":"center center","background-size":"auto","background-attachment":"scroll","background-type":"","background-media":"","overlay-type":"","overlay-color":"","overlay-opacity":"","overlay-gradient":""},"mobile":{"background-color":"","background-image":"","background-repeat":"repeat","background-position":"center center","background-size":"auto","background-attachment":"scroll","background-type":"","background-media":"","overlay-type":"","overlay-color":"","overlay-opacity":"","overlay-gradient":""}},"ast-content-background-meta":{"desktop":{"background-color":"var(--ast-global-color-5)","background-image":"","background-repeat":"repeat","background-position":"center center","background-size":"auto","background-attachment":"scroll","background-type":"","background-media":"","overlay-type":"","overlay-color":"","overlay-opacity":"","overlay-gradient":""},"tablet":{"background-color":"var(--ast-global-color-5)","background-image":"","background-repeat":"repeat","background-position":"center center","background-size":"auto","background-attachment":"scroll","background-type":"","background-media":"","overlay-type":"","overlay-color":"","overlay-opacity":"","overlay-gradient":""},"mobile":{"background-color":"var(--ast-global-color-5)","background-image":"","background-repeat":"repeat","background-position":"center center","background-size":"auto","background-attachment":"scroll","background-type":"","background-media":"","overlay-type":"","overlay-color":"","overlay-opacity":"","overlay-gradient":""}},"footnotes":""},"class_list":["post-2862","page","type-page","status-publish","hentry"],"_links":{"self":[{"href":"https:\/\/ingenieria.mxl.uabc.mx\/pe_imo\/wp-json\/wp\/v2\/pages\/2862","targetHints":{"allow":["GET"]}}],"collection":[{"href":"https:\/\/ingenieria.mxl.uabc.mx\/pe_imo\/wp-json\/wp\/v2\/pages"}],"about":[{"href":"https:\/\/ingenieria.mxl.uabc.mx\/pe_imo\/wp-json\/wp\/v2\/types\/page"}],"author":[{"embeddable":true,"href":"https:\/\/ingenieria.mxl.uabc.mx\/pe_imo\/wp-json\/wp\/v2\/users\/3"}],"replies":[{"embeddable":true,"href":"https:\/\/ingenieria.mxl.uabc.mx\/pe_imo\/wp-json\/wp\/v2\/comments?post=2862"}],"version-history":[{"count":175,"href":"https:\/\/ingenieria.mxl.uabc.mx\/pe_imo\/wp-json\/wp\/v2\/pages\/2862\/revisions"}],"predecessor-version":[{"id":4757,"href":"https:\/\/ingenieria.mxl.uabc.mx\/pe_imo\/wp-json\/wp\/v2\/pages\/2862\/revisions\/4757"}],"wp:attachment":[{"href":"https:\/\/ingenieria.mxl.uabc.mx\/pe_imo\/wp-json\/wp\/v2\/media?parent=2862"}],"curies":[{"name":"wp","href":"https:\/\/api.w.org\/{rel}","templated":true}]}}