{"id":3248,"date":"2023-10-12T16:42:36","date_gmt":"2023-10-13T00:42:36","guid":{"rendered":"http:\/\/localhost\/pe_ico\/?page_id=3248"},"modified":"2024-04-18T16:52:56","modified_gmt":"2024-04-19T00:52:56","slug":"reglamentos-y-horarios","status":"publish","type":"page","link":"https:\/\/ingenieria.mxl.uabc.mx\/pe_imo\/reglamentos-y-horarios\/","title":{"rendered":"Reglamentos y Horarios"},"content":{"rendered":"\t\t<div data-elementor-type=\"wp-page\" data-elementor-id=\"3248\" class=\"elementor elementor-3248\">\n\t\t\t\t<div class=\"elementor-element elementor-element-a32812a e-con-full e-flex e-con e-parent\" data-id=\"a32812a\" data-element_type=\"container\">\n\t\t<div class=\"elementor-element elementor-element-d700dbe e-con-full e-flex e-con e-child\" data-id=\"d700dbe\" data-element_type=\"container\">\n\t\t<div class=\"elementor-element elementor-element-7f8a134 e-con-full e-flex e-con e-child\" data-id=\"7f8a134\" data-element_type=\"container\" data-settings=\"{&quot;background_background&quot;:&quot;classic&quot;}\">\n\t\t\t\t<div class=\"elementor-element elementor-element-7e30e08 elementor-widget elementor-widget-heading\" data-id=\"7e30e08\" data-element_type=\"widget\" data-widget_type=\"heading.default\">\n\t\t\t\t<div class=\"elementor-widget-container\">\n\t\t\t\t\t<h1 class=\"elementor-heading-title elementor-size-default\">Reglamentos y Horarios<\/h1>\t\t\t\t<\/div>\n\t\t\t\t<\/div>\n\t\t\t\t<div class=\"elementor-element elementor-element-66d7613 elementor-widget-divider--view-line elementor-widget elementor-widget-divider\" data-id=\"66d7613\" data-element_type=\"widget\" data-widget_type=\"divider.default\">\n\t\t\t\t<div class=\"elementor-widget-container\">\n\t\t\t\t\t\t\t<div class=\"elementor-divider\">\n\t\t\t<span class=\"elementor-divider-separator\">\n\t\t\t\t\t\t<\/span>\n\t\t<\/div>\n\t\t\t\t\t\t<\/div>\n\t\t\t\t<\/div>\n\t\t\t\t<div class=\"elementor-element elementor-element-b1d1803 elementor-widget elementor-widget-text-editor\" data-id=\"b1d1803\" data-element_type=\"widget\" data-widget_type=\"text-editor.default\">\n\t\t\t\t<div class=\"elementor-widget-container\">\n\t\t\t\t\t\t\t\t\t<p align=\"center\">\u00a0<\/p><p align=\"center\"><span style=\"font-size: 14pt;\"><strong>UNIVERSIDAD AUT\u00d3NOMA DE BAJA CALIFORNIA<\/strong><\/span><br \/><span style=\"font-size: 14pt;\"><strong>FACULTAD DE INGENIER\u00cdA<\/strong><\/span><br \/><span style=\"font-size: 14pt;\"><strong>LINEAMIENTOS PARA EL DE LABORATORIO DE INGENIER\u00cdA MEC\u00c1NICA.<\/strong><\/span><br \/><span style=\"font-size: 14pt;\"><strong>(Sujeto a modificaciones por el H. Consejo T\u00e9cnico)<\/strong><\/span><\/p><ol><li><span style=\"font-size: 14pt;\">Los auxiliares de laboratorio son los responsables del mantenimiento y funcionamiento del mismo, en sus horas de trabajo. Es responsabilidad de la jefatura de laboratorio la administraci\u00f3n y supervisi\u00f3n del correcto funcionamiento del mismo.<\/span><\/li><li><span style=\"font-size: 14pt;\">Las pr\u00e1cticas de laboratorio se realizar\u00e1n \u00fanicamente en los horarios establecidos, salvo casos previamente programados por la jefatura, auxiliares, maestros y alumnos.<\/span><\/li><li><span style=\"font-size: 14pt;\">Todo laboratorio permanecer\u00e1 cerrado fuera de estos horarios. Exceptuando casos especiales con autorizaci\u00f3n de la jefatura de laboratorio.<\/span><\/li><li><span style=\"font-size: 14pt;\">Los maestros tienen la obligaci\u00f3n de preparar con anticipaci\u00f3n sus pr\u00e1cticas y en caso de necesitar, equipo, instrumentos, herramientas y materiales para dichas pr\u00e1cticas, deber\u00e1 solicitarlo al personal encargado acompa\u00f1ado de una solicitud por escrito al inicio del semestre. Si se requiere realizar una pr\u00e1ctica extempor\u00e1nea alumnos y\/o maestros deber\u00e1n solicitarlo al menos con una semana de anticipaci\u00f3n, para poder programar el horario y recursos disponibles.<\/span><\/li><li><span style=\"font-size: 14pt;\">Esta prohibido FUMAR, en cualquiera de los pasillos y laboratorios de Ingenier\u00eda Mec\u00e1nica.<\/span><\/li><\/ol>\t\t\t\t\t\t\t\t<\/div>\n\t\t\t\t<\/div>\n\t\t\t\t<div class=\"elementor-element elementor-element-9c8a4f7 elementor-widget elementor-widget-eael-adv-accordion\" data-id=\"9c8a4f7\" data-element_type=\"widget\" data-widget_type=\"eael-adv-accordion.default\">\n\t\t\t\t<div class=\"elementor-widget-container\">\n\t\t\t\t\t            <div class=\"eael-adv-accordion\" id=\"eael-adv-accordion-9c8a4f7\" data-scroll-on-click=\"no\" data-scroll-speed=\"300\" data-accordion-id=\"9c8a4f7\" data-accordion-type=\"accordion\" data-toogle-speed=\"300\">\n            <div class=\"eael-accordion-list\">\n\t\t\t\t\t<div id=\"normas-de-seguridad\" class=\"elementor-tab-title eael-accordion-header\" tabindex=\"0\" data-tab=\"1\" aria-controls=\"elementor-tab-content-1641\"><span class=\"eael-advanced-accordion-icon-closed\"><i aria-hidden=\"true\" class=\"fa-accordion-icon fas fa-plus\"><\/i><\/span><span class=\"eael-advanced-accordion-icon-opened\"><i aria-hidden=\"true\" class=\"fa-accordion-icon fas fa-minus\"><\/i><\/span><span class=\"eael-accordion-tab-title\">NORMAS DE SEGURIDAD<\/span><\/div><div id=\"elementor-tab-content-1641\" class=\"eael-accordion-content clearfix\" data-tab=\"1\" aria-labelledby=\"normas-de-seguridad\"><p><span style=\"font-size: 14pt;\">6. <\/span><span style=\"font-size: 14pt;\">Por NINGUN MOTIVO los alumnos podr\u00e1n operar o energizar una m\u00e1quina o equipo, si no se encuentra presente el maestro de pr\u00e1ctica o el auxiliar de laboratorio.<\/span><\/p><p><span style=\"font-size: 14pt;\">7. Para los laboratorios que presenten un riesgo potencial de accidentes, los ALUMNOS OBSERVARAN las siguientes NORMAS:<\/span><\/p><ul><li><span style=\"font-size: 14pt;\">USAR cabello corto o recogido; no usar joyer\u00eda ni ropa suelta cuando se trabaje con maquinaria de partes m\u00f3viles..<\/span><\/li><li><span style=\"font-size: 14pt;\">USAR GAFAS contra impactos en las operaciones de torneado, taladrado, fresado, cepillado, rectificado, esmerilado, cincelado y toda operaci\u00f3n que presente riesgo para sus ojos.<\/span><\/li><li><span style=\"font-size: 14pt;\">NO, utilizar una herramienta para fines diferentes para la que fue dise\u00f1ada.<\/span><\/li><li><span style=\"font-size: 14pt;\">Al trabajar con una m\u00e1quina herramienta, jam\u00e1s se intentar\u00e1 tomar mediciones con ella en movimiento.<\/span><\/li><li><span style=\"font-size: 14pt;\">Si se tiene alg\u00fan problema con la m\u00e1quina se apagar\u00e1 el equipo y se reportar\u00e1 con los auxiliares del laboratorio<\/span><\/li><li><span style=\"font-size: 14pt;\">Interrumpa la corriente y rep\u00f3rtelo al auxiliar.<\/span><\/li><li><span style=\"font-size: 14pt;\">Cualquier duda en la operaci\u00f3n del equipo, deber\u00e1 ser consultada con su maestro de pr\u00e1ctica o con el auxiliar de laboratorio.<\/span><\/li><li><span style=\"font-size: 14pt;\">USAR zapato cerrado.<\/span><\/li><li><span style=\"font-size: 14pt;\">Queda PROHIBIDO el uso de dispositivos de audio y comunicaci\u00f3n mientras se est\u00e9 operando el equipo de laboratorio.<\/span><\/li><\/ul><ol start=\"8\"><li><span style=\"font-size: 14pt;\">El \u00e1rea de operaci\u00f3n o pr\u00e1ctica deber\u00e1 permanecer LIMPIA y libre de obst\u00e1culos. Durante la pr\u00e1ctica y al t\u00e9rmino de la misma. Los alumnos deber\u00e1n limpiar su lugar de trabajo una vez concluida la pr\u00e1ctica.<\/span><\/li><\/ol><\/div>\n\t\t\t\t\t<\/div><div class=\"eael-accordion-list\">\n\t\t\t\t\t<div id=\"restricciones\" class=\"elementor-tab-title eael-accordion-header\" tabindex=\"0\" data-tab=\"2\" aria-controls=\"elementor-tab-content-1642\"><span class=\"eael-advanced-accordion-icon-closed\"><i aria-hidden=\"true\" class=\"fa-accordion-icon fas fa-plus\"><\/i><\/span><span class=\"eael-advanced-accordion-icon-opened\"><i aria-hidden=\"true\" class=\"fa-accordion-icon fas fa-minus\"><\/i><\/span><span class=\"eael-accordion-tab-title\">RESTRICCIONES<\/span><\/div><div id=\"elementor-tab-content-1642\" class=\"eael-accordion-content clearfix\" data-tab=\"2\" aria-labelledby=\"restricciones\"><p><span style=\"font-size: 14pt;\">9. Queda prohibido a los alumnos la entrada al almac\u00e9n de herramientas, material y\/o equipo, as\u00ed como a las \u00e1reas de laboratorio que no sean de su competencia.<\/span><\/p><p><span style=\"font-size: 14pt;\">10. No se tolerara por ning\u00fan motivo que los alumnos jueguen, provoquen desorden o da\u00f1en la infraestructura del laboratorio. Pudiendo ser sancionados con: amonestaci\u00f3n verbal; amonestaci\u00f3n por escrito; o cancelaci\u00f3n de inscripci\u00f3n.<\/span><\/p><p><span style=\"font-size: 14pt;\">11. Se deber\u00e1 portar credencial universitaria a la vista para utilizar las instalaciones del laboratorio.<\/span><\/p><p><span style=\"font-size: 14pt;\">12. El uso de la bata de trabajo es obligatoria en todos los laboratorios de Ingenier\u00eda Mec\u00e1nica con excepci\u00f3n del \u00e1rea de c\u00f3mputo donde es opcional.<\/span><\/p><p><span style=\"font-size: 14pt;\">13. Queda prohibida la entrada con bebidas y alimentos en las aulas de los laboratorios.<\/span><\/p><p><span style=\"font-size: 14pt;\">14. Queda prohibido utilizar el equipo de c\u00f3mputo del laboratorio para fines que no sean estrictamente acad\u00e9micos.<\/span><\/p><p><span style=\"font-size: 14pt;\">15. Prohibido interrumpir o interferir con las pr\u00e1cticas de Laboratorio que se est\u00e9n efectuando.<\/span><\/p><p><span style=\"font-size: 14pt;\">16. Est\u00e1 prohibido mover el equipo o mobiliario de lugar sin autorizaci\u00f3n.<\/span><\/p><p><span style=\"font-size: 14pt;\">17. Queda prohibido sacar del laboratorio los libros, manuales de pr\u00e1cticas, revistas y dem\u00e1s material bibliogr\u00e1fico propiedad del mismo que se presta para consulta interna.<\/span><\/p><\/div>\n\t\t\t\t\t<\/div><div class=\"eael-accordion-list\">\n\t\t\t\t\t<div id=\"acerca-de-las-sanciones\" class=\"elementor-tab-title eael-accordion-header\" tabindex=\"0\" data-tab=\"3\" aria-controls=\"elementor-tab-content-1643\"><span class=\"eael-advanced-accordion-icon-closed\"><i aria-hidden=\"true\" class=\"fa-accordion-icon fas fa-plus\"><\/i><\/span><span class=\"eael-advanced-accordion-icon-opened\"><i aria-hidden=\"true\" class=\"fa-accordion-icon fas fa-minus\"><\/i><\/span><span class=\"eael-accordion-tab-title\">ACERCA DE LAS SANCIONES<\/span><\/div><div id=\"elementor-tab-content-1643\" class=\"eael-accordion-content clearfix\" data-tab=\"3\" aria-labelledby=\"acerca-de-las-sanciones\"><p><span style=\"font-size: 14pt;\">18. Al requerir cualquier herramienta o material, el usuario deber\u00e1 llenar el vale correspondiente, con todos sus datos e identificarse.<\/span><\/p><p><span style=\"font-size: 14pt;\">19. En caso de da\u00f1ar o destruir la herramienta o equipo prestado, el alumno contar\u00e1 con un plazo de una semana para reponer lo da\u00f1ado, contado a partir de la fecha registrada en el vale de pr\u00e9stamo.<\/span><\/p><p><span style=\"font-size: 14pt;\">20. Si por alg\u00fan motivo, el alumno, no cubriera cualquier adeudo pendiente en el almac\u00e9n de laboratorios, le ser\u00e1 cancelado el acceso a dichos laboratorios, durante todo el tiempo que tarde en cubrir tal adeudo. Pudiendo, en caso de no cubrirlo, suspenderle por un semestre o m\u00e1s.<\/span><\/p><p><span style=\"font-size: 14pt;\">21. El equipo de c\u00f3mputo se prestar\u00e1 exclusivamente a los alumnos de la carrera de mec\u00e1nica, previa identificaci\u00f3n y llenado de solicitud por escrito. Solo una persona por m\u00e1quina.<\/span><\/p><p><span style=\"font-size: 14pt;\">22. Las pr\u00e1cticas que requieran, del uso de alguna de las m\u00e1quinas herramientas, terminaran 10 minutos antes de la hora establecida para dicha pr\u00e1ctica, para dar tiempo a la limpieza de la m\u00e1quina y de las herramientas, y 15 minutos antes, si la pr\u00e1ctica terminara a la hora de salida del personal de laboratorio.<\/span><\/p><\/div>\n\t\t\t\t\t<\/div><div class=\"eael-accordion-list\">\n\t\t\t\t\t<div id=\"general\" class=\"elementor-tab-title eael-accordion-header\" tabindex=\"0\" data-tab=\"4\" aria-controls=\"elementor-tab-content-1644\"><span class=\"eael-advanced-accordion-icon-closed\"><i aria-hidden=\"true\" class=\"fa-accordion-icon fas fa-plus\"><\/i><\/span><span class=\"eael-advanced-accordion-icon-opened\"><i aria-hidden=\"true\" class=\"fa-accordion-icon fas fa-minus\"><\/i><\/span><span class=\"eael-accordion-tab-title\">GENERAL<\/span><\/div><div id=\"elementor-tab-content-1644\" class=\"eael-accordion-content clearfix\" data-tab=\"4\" aria-labelledby=\"general\"><p><span style=\"font-size: 14pt;\">23. En caso de siniestro o emergencia se deber\u00e1n seguir las indicaciones de la brigada de protecci\u00f3n civil.<\/span><\/p><p><span style=\"font-size: 14pt;\">24. Es responsabilidad del maestro notificar de cualquier anomal\u00eda en equipos o instalaciones ocurrida durante el desarrollo de la pr\u00e1ctica al auxiliar o jefe de laboratorio.<\/span><\/p><p>\u00a0<\/p><\/div>\n\t\t\t\t\t<\/div><\/div>\t\t\t\t<\/div>\n\t\t\t\t<\/div>\n\t\t\t\t<\/div>\n\t\t\t\t<\/div>\n\t\t<div class=\"elementor-element elementor-element-7f413a1 e-con-full e-flex e-con e-child\" data-id=\"7f413a1\" data-element_type=\"container\">\n\t\t<div class=\"elementor-element elementor-element-0f972e2 e-con-full e-flex e-con e-child\" data-id=\"0f972e2\" data-element_type=\"container\" data-settings=\"{&quot;background_background&quot;:&quot;classic&quot;}\">\n\t\t\t\t<div class=\"elementor-element elementor-element-1cc6521 elementor-widget elementor-widget-heading\" data-id=\"1cc6521\" data-element_type=\"widget\" data-widget_type=\"heading.default\">\n\t\t\t\t<div class=\"elementor-widget-container\">\n\t\t\t\t\t<h2 class=\"elementor-heading-title elementor-size-default\">Contacto<\/h2>\t\t\t\t<\/div>\n\t\t\t\t<\/div>\n\t\t\t\t<div class=\"elementor-element elementor-element-a38254b elementor-widget-divider--view-line elementor-widget elementor-widget-divider\" data-id=\"a38254b\" data-element_type=\"widget\" data-widget_type=\"divider.default\">\n\t\t\t\t<div class=\"elementor-widget-container\">\n\t\t\t\t\t\t\t<div class=\"elementor-divider\">\n\t\t\t<span class=\"elementor-divider-separator\">\n\t\t\t\t\t\t<\/span>\n\t\t<\/div>\n\t\t\t\t\t\t<\/div>\n\t\t\t\t<\/div>\n\t\t\t\t<div class=\"elementor-element elementor-element-1312f45 elementor-widget elementor-widget-text-editor\" data-id=\"1312f45\" data-element_type=\"widget\" data-widget_type=\"text-editor.default\">\n\t\t\t\t<div class=\"elementor-widget-container\">\n\t\t\t\t\t\t\t\t\t<p><span style=\"color: #339966; font-size: 12pt;\"><strong>Dr. Juan Raul Alc\u00e1ntara Avila<\/strong><\/span><br \/><span style=\"font-size: 12pt;\"><em><span style=\"color: #ffcc00;\"><strong>Responsable de Laboratorios<\/strong><\/span><\/em><\/span><\/p><p><span style=\"font-size: 12pt;\"><strong><span style=\"color: #339966;\">Email:<\/span> <span style=\"color: #000000;\"><a style=\"color: #000000;\" href=\"mailto:molguin@uabc.edu.mx\">jralcantara@uabc.edu.mx<\/a><\/span><\/strong><\/span><br \/><span style=\"font-size: 12pt;\"><strong><span style=\"color: #339966;\">Telefono:<\/span> +52 (686) 841-82-35 <\/strong><\/span><\/p><p><span style=\"font-size: 12pt;\"><strong><span style=\"color: #339966;\">Ext.<\/span> 44461<\/strong><\/span><\/p>\t\t\t\t\t\t\t\t<\/div>\n\t\t\t\t<\/div>\n\t\t\t\t<\/div>\n\t\t<div class=\"elementor-element elementor-element-a58e6d3 e-con-full e-flex e-con e-child\" data-id=\"a58e6d3\" data-element_type=\"container\" data-settings=\"{&quot;background_background&quot;:&quot;classic&quot;}\">\n\t\t\t\t<div class=\"elementor-element elementor-element-7b8d082 elementor-widget elementor-widget-heading\" data-id=\"7b8d082\" data-element_type=\"widget\" data-widget_type=\"heading.default\">\n\t\t\t\t<div class=\"elementor-widget-container\">\n\t\t\t\t\t<h2 class=\"elementor-heading-title elementor-size-default\">ACREDITACIONES<\/h2>\t\t\t\t<\/div>\n\t\t\t\t<\/div>\n\t\t\t\t<div class=\"elementor-element elementor-element-01a103b elementor-widget-divider--view-line elementor-widget elementor-widget-divider\" data-id=\"01a103b\" data-element_type=\"widget\" data-widget_type=\"divider.default\">\n\t\t\t\t<div class=\"elementor-widget-container\">\n\t\t\t\t\t\t\t<div class=\"elementor-divider\">\n\t\t\t<span class=\"elementor-divider-separator\">\n\t\t\t\t\t\t<\/span>\n\t\t<\/div>\n\t\t\t\t\t\t<\/div>\n\t\t\t\t<\/div>\n\t\t\t\t<div class=\"elementor-element elementor-element-fa18914 elementor-widget__width-initial elementor-widget elementor-widget-image\" data-id=\"fa18914\" data-element_type=\"widget\" data-widget_type=\"image.default\">\n\t\t\t\t<div class=\"elementor-widget-container\">\n\t\t\t\t\t\t\t\t\t\t\t\t\t\t\t\t<a href=\"https:\/\/ingenieria.mxl.uabc.mx\/pe_imo\/wp-content\/uploads\/2024\/04\/mecanicacacei.pdf\" target=\"_blank\">\n\t\t\t\t\t\t\t<img fetchpriority=\"high\" decoding=\"async\" width=\"800\" height=\"350\" src=\"https:\/\/ingenieria.mxl.uabc.mx\/pe_imo\/wp-content\/uploads\/2023\/09\/cacei.jpg\" class=\"attachment-large size-large wp-image-2134\" alt=\"\" \/>\t\t\t\t\t\t\t\t<\/a>\n\t\t\t\t\t\t\t\t\t\t\t\t\t\t\t<\/div>\n\t\t\t\t<\/div>\n\t\t\t\t<div class=\"elementor-element elementor-element-53c5951 elementor-widget elementor-widget-text-editor\" data-id=\"53c5951\" data-element_type=\"widget\" data-widget_type=\"text-editor.default\">\n\t\t\t\t<div class=\"elementor-widget-container\">\n\t\t\t\t\t\t\t\t\t<p class=\"top-card-layout__title font-sans text-lg papabear:text-xl font-bold leading-open text-color-text mb-0\"><strong><span style=\"font-size: 10pt;\">Consejo de Acreditaci\u00f3n de la Ense\u00f1anza de la Ingenier\u00eda, A.C.<\/span><\/strong><\/p>\t\t\t\t\t\t\t\t<\/div>\n\t\t\t\t<\/div>\n\t\t\t\t<\/div>\n\t\t\t\t<\/div>\n\t\t\t\t<\/div>\n\t\t\t\t<\/div>\n\t\t","protected":false},"excerpt":{"rendered":"<p>Reglamentos y Horarios \u00a0 UNIVERSIDAD AUT\u00d3NOMA DE BAJA CALIFORNIAFACULTAD DE INGENIER\u00cdALINEAMIENTOS PARA EL DE LABORATORIO DE INGENIER\u00cdA MEC\u00c1NICA.(Sujeto a modificaciones por el H. Consejo T\u00e9cnico) Los auxiliares de laboratorio son los responsables del mantenimiento y funcionamiento del mismo, en sus horas de trabajo. Es responsabilidad de la jefatura de laboratorio la administraci\u00f3n y supervisi\u00f3n del [&hellip;]<\/p>\n","protected":false},"author":3,"featured_media":0,"parent":0,"menu_order":0,"comment_status":"closed","ping_status":"closed","template":"","meta":{"site-sidebar-layout":"no-sidebar","site-content-layout":"page-builder","ast-site-content-layout":"full-width-container","site-content-style":"default","site-sidebar-style":"default","ast-global-header-display":"","ast-banner-title-visibility":"","ast-main-header-display":"","ast-hfb-above-header-display":"","ast-hfb-below-header-display":"","ast-hfb-mobile-header-display":"","site-post-title":"disabled","ast-breadcrumbs-content":"","ast-featured-img":"disabled","footer-sml-layout":"","ast-disable-related-posts":"","theme-transparent-header-meta":"default","adv-header-id-meta":"","stick-header-meta":"","header-above-stick-meta":"","header-main-stick-meta":"","header-below-stick-meta":"","astra-migrate-meta-layouts":"set","ast-page-background-enabled":"default","ast-page-background-meta":{"desktop":{"background-color":"","background-image":"","background-repeat":"repeat","background-position":"center center","background-size":"auto","background-attachment":"scroll","background-type":"","background-media":"","overlay-type":"","overlay-color":"","overlay-opacity":"","overlay-gradient":""},"tablet":{"background-color":"","background-image":"","background-repeat":"repeat","background-position":"center center","background-size":"auto","background-attachment":"scroll","background-type":"","background-media":"","overlay-type":"","overlay-color":"","overlay-opacity":"","overlay-gradient":""},"mobile":{"background-color":"","background-image":"","background-repeat":"repeat","background-position":"center center","background-size":"auto","background-attachment":"scroll","background-type":"","background-media":"","overlay-type":"","overlay-color":"","overlay-opacity":"","overlay-gradient":""}},"ast-content-background-meta":{"desktop":{"background-color":"var(--ast-global-color-5)","background-image":"","background-repeat":"repeat","background-position":"center center","background-size":"auto","background-attachment":"scroll","background-type":"","background-media":"","overlay-type":"","overlay-color":"","overlay-opacity":"","overlay-gradient":""},"tablet":{"background-color":"var(--ast-global-color-5)","background-image":"","background-repeat":"repeat","background-position":"center center","background-size":"auto","background-attachment":"scroll","background-type":"","background-media":"","overlay-type":"","overlay-color":"","overlay-opacity":"","overlay-gradient":""},"mobile":{"background-color":"var(--ast-global-color-5)","background-image":"","background-repeat":"repeat","background-position":"center center","background-size":"auto","background-attachment":"scroll","background-type":"","background-media":"","overlay-type":"","overlay-color":"","overlay-opacity":"","overlay-gradient":""}},"footnotes":""},"class_list":["post-3248","page","type-page","status-publish","hentry"],"_links":{"self":[{"href":"https:\/\/ingenieria.mxl.uabc.mx\/pe_imo\/wp-json\/wp\/v2\/pages\/3248","targetHints":{"allow":["GET"]}}],"collection":[{"href":"https:\/\/ingenieria.mxl.uabc.mx\/pe_imo\/wp-json\/wp\/v2\/pages"}],"about":[{"href":"https:\/\/ingenieria.mxl.uabc.mx\/pe_imo\/wp-json\/wp\/v2\/types\/page"}],"author":[{"embeddable":true,"href":"https:\/\/ingenieria.mxl.uabc.mx\/pe_imo\/wp-json\/wp\/v2\/users\/3"}],"replies":[{"embeddable":true,"href":"https:\/\/ingenieria.mxl.uabc.mx\/pe_imo\/wp-json\/wp\/v2\/comments?post=3248"}],"version-history":[{"count":61,"href":"https:\/\/ingenieria.mxl.uabc.mx\/pe_imo\/wp-json\/wp\/v2\/pages\/3248\/revisions"}],"predecessor-version":[{"id":4805,"href":"https:\/\/ingenieria.mxl.uabc.mx\/pe_imo\/wp-json\/wp\/v2\/pages\/3248\/revisions\/4805"}],"wp:attachment":[{"href":"https:\/\/ingenieria.mxl.uabc.mx\/pe_imo\/wp-json\/wp\/v2\/media?parent=3248"}],"curies":[{"name":"wp","href":"https:\/\/api.w.org\/{rel}","templated":true}]}}