{"id":4089,"date":"2023-10-25T09:31:57","date_gmt":"2023-10-25T17:31:57","guid":{"rendered":"https:\/\/ingenieria.mxl.uabc.mx\/pe_imo\/?page_id=4089"},"modified":"2025-03-20T12:27:57","modified_gmt":"2025-03-20T20:27:57","slug":"noticias-programa-educativo","status":"publish","type":"page","link":"https:\/\/ingenieria.mxl.uabc.mx\/pe_imo\/noticias-programa-educativo\/","title":{"rendered":"Noticias Programa Educativo"},"content":{"rendered":"\t\t<div data-elementor-type=\"wp-page\" data-elementor-id=\"4089\" class=\"elementor elementor-4089\">\n\t\t\t\t<div class=\"elementor-element elementor-element-a32812a e-con-full e-flex e-con e-parent\" data-id=\"a32812a\" data-element_type=\"container\" data-e-type=\"container\">\n\t\t<div class=\"elementor-element elementor-element-d700dbe e-con-full e-flex e-con e-child\" data-id=\"d700dbe\" data-element_type=\"container\" data-e-type=\"container\">\n\t\t<div class=\"elementor-element elementor-element-7f8a134 e-con-full e-flex e-con e-child\" data-id=\"7f8a134\" data-element_type=\"container\" data-e-type=\"container\" data-settings=\"{&quot;background_background&quot;:&quot;classic&quot;}\">\n\t\t\t\t<div class=\"elementor-element elementor-element-7e30e08 elementor-widget elementor-widget-heading\" data-id=\"7e30e08\" data-element_type=\"widget\" data-e-type=\"widget\" data-widget_type=\"heading.default\">\n\t\t\t\t<div class=\"elementor-widget-container\">\n\t\t\t\t\t<h1 class=\"elementor-heading-title elementor-size-default\">Noticias del Programa Educativo<\/h1>\t\t\t\t<\/div>\n\t\t\t\t<\/div>\n\t\t\t\t<div class=\"elementor-element elementor-element-66d7613 elementor-widget-divider--view-line elementor-widget elementor-widget-divider\" data-id=\"66d7613\" data-element_type=\"widget\" data-e-type=\"widget\" data-widget_type=\"divider.default\">\n\t\t\t\t<div class=\"elementor-widget-container\">\n\t\t\t\t\t\t\t<div class=\"elementor-divider\">\n\t\t\t<span class=\"elementor-divider-separator\">\n\t\t\t\t\t\t<\/span>\n\t\t<\/div>\n\t\t\t\t\t\t<\/div>\n\t\t\t\t<\/div>\n\t\t\t\t<div class=\"elementor-element elementor-element-87700ac elementor-widget elementor-widget-eael-facebook-feed\" data-id=\"87700ac\" data-element_type=\"widget\" data-e-type=\"widget\" data-widget_type=\"eael-facebook-feed.default\">\n\t\t\t\t<div class=\"elementor-widget-container\">\n\t\t\t\t\t        <div class=\"eael-facebook-feed eael-col-4 eael-facebook-feed-card\" id=\"eael-facebook-feed-87700ac\">\n            <div class=\"eael-facebook-feed-item\">\n                    <div class=\"eael-facebook-feed-item-inner\">\n                        <header class=\"eael-facebook-feed-item-header clearfix\">\n                            <div class=\"eael-facebook-feed-item-user clearfix\">\n                                <a href=\"https:\/\/www.facebook.com\/318850041559816\" target=\"_blank\"><img decoding=\"async\" src=\"https:\/\/graph.facebook.com\/v4.0\/318850041559816\/picture\" alt=\"Ingenier\u00eda Mec\u00e1nica FIM UABC\" class=\"eael-facebook-feed-avatar\"><\/a>\n                                <a href=\"https:\/\/www.facebook.com\/318850041559816\" target=\"_blank\"><p class=\"eael-facebook-feed-username\">Ingenier\u00eda Mec\u00e1nica FIM UABC<\/p><\/a>\n                            <\/div><a href=\"https:\/\/www.facebook.com\/876246711176774\/posts\/1514085737392865\" target=\"_blank\" class=\"eael-facebook-feed-post-time\"><i class=\"far fa-clock\" aria-hidden=\"true\"><\/i> abril 17, 2026<\/a><\/header><div class=\"eael-facebook-feed-item-content\">\n                                        <p class=\"eael-facebook-feed-message\"> \ud83d\udce3\ud83d\udce3ATENCI\u00d3N: \ud83d\udea8Vacante en CHD Company\u2728. El perfil es Mec\u00e1nico o \u00e1rea a fin. Egresado o pr\u00f3ximo a egresar es tu...<\/p>\n                                    <\/div><div class=\"eael-facebook-feed-preview-wrap\"><a href=\"https:\/\/www.facebook.com\/876246711176774\/posts\/1514085737392865\" target=\"_blank\" class=\"eael-facebook-feed-preview-img\">\n\t                                                <div class=\"eael-facebook-feed-img-container\" style=\"background:url(https:\/\/scontent.fmex44-1.fna.fbcdn.net\/v\/t39.30808-6\/672334677_1514083200726452_7227801044239796305_n.jpg?_nc_cat=109&#038;ccb=1-7&#038;_nc_sid=7b2446&#038;_nc_eui2=AeEl9Z_a4k9bZwN7pKrSS_YjagO9i0nlwXlqA72LSeXBeRlvnV3qspGWntPeUk9eSmE&#038;_nc_ohc=Y7MSxNYWBRYQ7kNvwG3-mvV&#038;_nc_oc=AdqeMdznXxWGn_XRHmK4v1yog72488223w9A4pub4dy2fQ2P31EX0qkFOmBw8FlAsAw&#038;_nc_zt=23&#038;_nc_ht=scontent.fmex44-1.fna&#038;edm=AKK4YLsEAAAA&#038;_nc_gid=u7Di6sHQ7xcPPDvNiJwmbg&#038;_nc_tpa=Q5bMBQFqp1jD7VdCSsuZxIMay-GmrVZGEps6ooFFO9S4OZWYzNs9yVQ9FAIQDZLDf7oW0rvWGjR7k8c5pg&#038;oh=00_Af0SQ3YD08qXzSMhUbMBTOpZ1KIigs9OYLfXAZO4XctzCQ&#038;oe=69EB8991); background-size: 100% 100%;background-repeat: no-repeat;\">\n\t                                                    <img decoding=\"async\" class=\"eael-facebook-feed-img\" src=\"https:\/\/scontent.fmex44-1.fna.fbcdn.net\/v\/t39.30808-6\/672334677_1514083200726452_7227801044239796305_n.jpg?_nc_cat=109&#038;ccb=1-7&#038;_nc_sid=7b2446&#038;_nc_eui2=AeEl9Z_a4k9bZwN7pKrSS_YjagO9i0nlwXlqA72LSeXBeRlvnV3qspGWntPeUk9eSmE&#038;_nc_ohc=Y7MSxNYWBRYQ7kNvwG3-mvV&#038;_nc_oc=AdqeMdznXxWGn_XRHmK4v1yog72488223w9A4pub4dy2fQ2P31EX0qkFOmBw8FlAsAw&#038;_nc_zt=23&#038;_nc_ht=scontent.fmex44-1.fna&#038;edm=AKK4YLsEAAAA&#038;_nc_gid=u7Di6sHQ7xcPPDvNiJwmbg&#038;_nc_tpa=Q5bMBQFqp1jD7VdCSsuZxIMay-GmrVZGEps6ooFFO9S4OZWYzNs9yVQ9FAIQDZLDf7oW0rvWGjR7k8c5pg&#038;oh=00_Af0SQ3YD08qXzSMhUbMBTOpZ1KIigs9OYLfXAZO4XctzCQ&#038;oe=69EB8991\">\n\t                                                <\/div>\n\t                                            <\/a><\/div><footer class=\"eael-facebook-feed-item-footer\">\n                                <div class=\"clearfix\"><span class=\"eael-facebook-feed-post-likes\"><i class=\"far fa-thumbs-up\" aria-hidden=\"true\"><\/i> 4<\/span><span class=\"eael-facebook-feed-post-comments\"><i class=\"far fa-comments\" aria-hidden=\"true\"><\/i> 0<\/span><\/div>\n                            <\/footer><\/div>\n                <\/div><div class=\"eael-facebook-feed-item\">\n                    <div class=\"eael-facebook-feed-item-inner\">\n                        <header class=\"eael-facebook-feed-item-header clearfix\">\n                            <div class=\"eael-facebook-feed-item-user clearfix\">\n                                <a href=\"https:\/\/www.facebook.com\/318850041559816\" target=\"_blank\"><img decoding=\"async\" src=\"https:\/\/graph.facebook.com\/v4.0\/318850041559816\/picture\" alt=\"Ingenier\u00eda Mec\u00e1nica FIM UABC\" class=\"eael-facebook-feed-avatar\"><\/a>\n                                <a href=\"https:\/\/www.facebook.com\/318850041559816\" target=\"_blank\"><p class=\"eael-facebook-feed-username\">Ingenier\u00eda Mec\u00e1nica FIM UABC<\/p><\/a>\n                            <\/div><a href=\"https:\/\/www.facebook.com\/876246711176774\/posts\/1512423257559113\" target=\"_blank\" class=\"eael-facebook-feed-post-time\"><i class=\"far fa-clock\" aria-hidden=\"true\"><\/i> abril 16, 2026<\/a><\/header><div class=\"eael-facebook-feed-item-content\">\n                                        <p class=\"eael-facebook-feed-message\"> \ud83d\udce3Recuerden que esta semana es la \u201cJornada de Salud y Bienestar 2026\u201d \ud83d\ude4c\ud83c\udffb\u2705 Actividad con valor en cr\u00e9ditos<\/p>\n                                    <\/div><div class=\"eael-facebook-feed-preview-wrap\"><a href=\"https:\/\/www.facebook.com\/876246711176774\/posts\/1512423257559113\" target=\"_blank\" class=\"eael-facebook-feed-preview-img\">\n\t                                                <div class=\"eael-facebook-feed-img-container\" style=\"background:url(); background-size: 100% 100%;background-repeat: no-repeat;\">\n\t                                                    <img decoding=\"async\" class=\"eael-facebook-feed-img\" src=\"\">\n\t                                                <\/div>\n\t                                            <\/a><\/div><footer class=\"eael-facebook-feed-item-footer\">\n                                <div class=\"clearfix\"><span class=\"eael-facebook-feed-post-likes\"><i class=\"far fa-thumbs-up\" aria-hidden=\"true\"><\/i> 0<\/span><span class=\"eael-facebook-feed-post-comments\"><i class=\"far fa-comments\" aria-hidden=\"true\"><\/i> 0<\/span><\/div>\n                            <\/footer><\/div>\n                <\/div><div class=\"eael-facebook-feed-item\">\n                    <div class=\"eael-facebook-feed-item-inner\">\n                        <header class=\"eael-facebook-feed-item-header clearfix\">\n                            <div class=\"eael-facebook-feed-item-user clearfix\">\n                                <a href=\"https:\/\/www.facebook.com\/318850041559816\" target=\"_blank\"><img decoding=\"async\" src=\"https:\/\/graph.facebook.com\/v4.0\/318850041559816\/picture\" alt=\"Ingenier\u00eda Mec\u00e1nica FIM UABC\" class=\"eael-facebook-feed-avatar\"><\/a>\n                                <a href=\"https:\/\/www.facebook.com\/318850041559816\" target=\"_blank\"><p class=\"eael-facebook-feed-username\">Ingenier\u00eda Mec\u00e1nica FIM UABC<\/p><\/a>\n                            <\/div><a href=\"https:\/\/www.facebook.com\/876246711176774\/posts\/1507125524755553\" target=\"_blank\" class=\"eael-facebook-feed-post-time\"><i class=\"far fa-clock\" aria-hidden=\"true\"><\/i> abril 9, 2026<\/a><\/header><div class=\"eael-facebook-feed-item-content\">\n                                        <p class=\"eael-facebook-feed-message\"> Atenci\u00f3n, fechas para obtener los sellos. Para el caso de los estudiantes que hicieron alguna actividad para el programa educativo...<\/p>\n                                    <\/div><div class=\"eael-facebook-feed-preview-wrap\"><a href=\"https:\/\/www.facebook.com\/876246711176774\/posts\/1507125524755553\" target=\"_blank\" class=\"eael-facebook-feed-preview-img\">\n\t                                                <div class=\"eael-facebook-feed-img-container\" style=\"background:url(https:\/\/scontent.fmex44-1.fna.fbcdn.net\/v\/t39.30808-6\/669074974_1507125471422225_6817924728475059435_n.jpg?stp=dst-jpg_p720x720_tt6&#038;_nc_cat=111&#038;ccb=1-7&#038;_nc_sid=13d280&#038;_nc_eui2=AeFDhfZS95Jp8OOqa2rPJrYbiehUiVzbCuOJ6FSJXNsK41hMEauN_8MYtfL0vW5kNGo&#038;_nc_ohc=mu3LiahPS7MQ7kNvwE7fdLS&#038;_nc_oc=AdrXg3lwyVgDnnvabGU09aaWp-V20-7dr4yzH9rSwOOutrkVPE8wK-xI8rHpfr1Dd4k&#038;_nc_zt=23&#038;_nc_ht=scontent.fmex44-1.fna&#038;edm=AKK4YLsEAAAA&#038;_nc_gid=u7Di6sHQ7xcPPDvNiJwmbg&#038;_nc_tpa=Q5bMBQHQxjaG3dxxBFDYcfzdvFs948Z_ksEbGGA4X45M202TGbgtMpJ4WML5vvSKSC62DdIFRHdjYI_HMw&#038;oh=00_Af1Rr5UpmjX266P-3W69ZRRHJxpI3mW_ZrH44VsYVPxR4A&#038;oe=69EB999F); background-size: 100% 100%;background-repeat: no-repeat;\">\n\t                                                    <img decoding=\"async\" class=\"eael-facebook-feed-img\" src=\"https:\/\/scontent.fmex44-1.fna.fbcdn.net\/v\/t39.30808-6\/669074974_1507125471422225_6817924728475059435_n.jpg?stp=dst-jpg_p720x720_tt6&#038;_nc_cat=111&#038;ccb=1-7&#038;_nc_sid=13d280&#038;_nc_eui2=AeFDhfZS95Jp8OOqa2rPJrYbiehUiVzbCuOJ6FSJXNsK41hMEauN_8MYtfL0vW5kNGo&#038;_nc_ohc=mu3LiahPS7MQ7kNvwE7fdLS&#038;_nc_oc=AdrXg3lwyVgDnnvabGU09aaWp-V20-7dr4yzH9rSwOOutrkVPE8wK-xI8rHpfr1Dd4k&#038;_nc_zt=23&#038;_nc_ht=scontent.fmex44-1.fna&#038;edm=AKK4YLsEAAAA&#038;_nc_gid=u7Di6sHQ7xcPPDvNiJwmbg&#038;_nc_tpa=Q5bMBQHQxjaG3dxxBFDYcfzdvFs948Z_ksEbGGA4X45M202TGbgtMpJ4WML5vvSKSC62DdIFRHdjYI_HMw&#038;oh=00_Af1Rr5UpmjX266P-3W69ZRRHJxpI3mW_ZrH44VsYVPxR4A&#038;oe=69EB999F\">\n\t                                                <\/div>\n\t                                            <\/a><\/div><footer class=\"eael-facebook-feed-item-footer\">\n                                <div class=\"clearfix\"><span class=\"eael-facebook-feed-post-likes\"><i class=\"far fa-thumbs-up\" aria-hidden=\"true\"><\/i> 0<\/span><span class=\"eael-facebook-feed-post-comments\"><i class=\"far fa-comments\" aria-hidden=\"true\"><\/i> 0<\/span><\/div>\n                            <\/footer><\/div>\n                <\/div><div class=\"eael-facebook-feed-item\">\n                    <div class=\"eael-facebook-feed-item-inner\">\n                        <header class=\"eael-facebook-feed-item-header clearfix\">\n                            <div class=\"eael-facebook-feed-item-user clearfix\">\n                                <a href=\"https:\/\/www.facebook.com\/318850041559816\" target=\"_blank\"><img decoding=\"async\" src=\"https:\/\/graph.facebook.com\/v4.0\/318850041559816\/picture\" alt=\"Ingenier\u00eda Mec\u00e1nica FIM UABC\" class=\"eael-facebook-feed-avatar\"><\/a>\n                                <a href=\"https:\/\/www.facebook.com\/318850041559816\" target=\"_blank\"><p class=\"eael-facebook-feed-username\">Ingenier\u00eda Mec\u00e1nica FIM UABC<\/p><\/a>\n                            <\/div><a href=\"https:\/\/www.facebook.com\/876246711176774\/posts\/1498544638946975\" target=\"_blank\" class=\"eael-facebook-feed-post-time\"><i class=\"far fa-clock\" aria-hidden=\"true\"><\/i> marzo 31, 2026<\/a><\/header><div class=\"eael-facebook-feed-item-content\">\n                                        <p class=\"eael-facebook-feed-message\"> \ud83d\udce3\ud83d\udce3ATENCI\u00d3N Mec\u00e1nicos!!!!!!! \u2699\ufe0f\ud83d\udc0f Visita a la empresa INTUITIVE el jueves 07 de mayo a las 9:30 a 13:30. Reg\u00edstrate aqu\u00ed\ud83d\udc47...<\/p>\n                                    <\/div><div class=\"eael-facebook-feed-preview-wrap\"><a href=\"https:\/\/www.facebook.com\/876246711176774\/posts\/1498544638946975\" target=\"_blank\" class=\"eael-facebook-feed-preview-img\">\n\t                                                <div class=\"eael-facebook-feed-img-container\" style=\"background:url(https:\/\/scontent.fmex44-1.fna.fbcdn.net\/v\/t39.30808-6\/658135117_1498544495613656_5343385078053414901_n.jpg?_nc_cat=101&#038;ccb=1-7&#038;_nc_sid=13d280&#038;_nc_eui2=AeE5oPkVrxRRKvT5IxfgXCuDH05WcWOVGdEfTlZxY5UZ0cMLlpGnb6xaCO-A1PUKSgI&#038;_nc_ohc=ZYxw-6TbWAgQ7kNvwFn5iZC&#038;_nc_oc=AdorRFxoL3Jh-WZ7rFgF3MDnZoGa_X9F5nwabaFCNwIpCzl0PnCpjD9tDE7POm_Nyt4&#038;_nc_zt=23&#038;_nc_ht=scontent.fmex44-1.fna&#038;edm=AKK4YLsEAAAA&#038;_nc_gid=u7Di6sHQ7xcPPDvNiJwmbg&#038;_nc_tpa=Q5bMBQG9BwfYSdCH-hjr5_bbP-U-REhUe5YGDvYx14bRO2K-Tmmf7_yY2rHX3bcajZ_dkqvdyR3TL7nXDg&#038;oh=00_Af37mA94SV-dWh9Iq1hyPCIvOiq2Ak-80DoV1nlAxrUSHA&#038;oe=69EBAE02); background-size: 100% 100%;background-repeat: no-repeat;\">\n\t                                                    <img decoding=\"async\" class=\"eael-facebook-feed-img\" src=\"https:\/\/scontent.fmex44-1.fna.fbcdn.net\/v\/t39.30808-6\/658135117_1498544495613656_5343385078053414901_n.jpg?_nc_cat=101&#038;ccb=1-7&#038;_nc_sid=13d280&#038;_nc_eui2=AeE5oPkVrxRRKvT5IxfgXCuDH05WcWOVGdEfTlZxY5UZ0cMLlpGnb6xaCO-A1PUKSgI&#038;_nc_ohc=ZYxw-6TbWAgQ7kNvwFn5iZC&#038;_nc_oc=AdorRFxoL3Jh-WZ7rFgF3MDnZoGa_X9F5nwabaFCNwIpCzl0PnCpjD9tDE7POm_Nyt4&#038;_nc_zt=23&#038;_nc_ht=scontent.fmex44-1.fna&#038;edm=AKK4YLsEAAAA&#038;_nc_gid=u7Di6sHQ7xcPPDvNiJwmbg&#038;_nc_tpa=Q5bMBQG9BwfYSdCH-hjr5_bbP-U-REhUe5YGDvYx14bRO2K-Tmmf7_yY2rHX3bcajZ_dkqvdyR3TL7nXDg&#038;oh=00_Af37mA94SV-dWh9Iq1hyPCIvOiq2Ak-80DoV1nlAxrUSHA&#038;oe=69EBAE02\">\n\t                                                <\/div>\n\t                                            <\/a><\/div><footer class=\"eael-facebook-feed-item-footer\">\n                                <div class=\"clearfix\"><span class=\"eael-facebook-feed-post-likes\"><i class=\"far fa-thumbs-up\" aria-hidden=\"true\"><\/i> 28<\/span><span class=\"eael-facebook-feed-post-comments\"><i class=\"far fa-comments\" aria-hidden=\"true\"><\/i> 0<\/span><\/div>\n                            <\/footer><\/div>\n                <\/div>        <\/div>\n        <div class=\"clearfix\"><\/div>\n                    <div class=\"eael-load-more-button-wrap\">\n                <button class=\"eael-load-more-button\" id=\"eael-load-more-btn-87700ac\" data-widget-id=\"87700ac\" data-post-id=\"4089\" data-page=\"1\">\n                    <span class=\"eael-btn-loader button__loader\"><\/span>\n                    <span class=\"eael_fb_load_more_text\">Mostrar m\u00e1s Noticias<\/span>\n                <\/button>\n            <\/div>\n            \t\t\t\t<\/div>\n\t\t\t\t<\/div>\n\t\t\t\t<div class=\"elementor-element elementor-element-13e981a elementor-widget elementor-widget-eael-creative-button\" data-id=\"13e981a\" data-element_type=\"widget\" data-e-type=\"widget\" data-widget_type=\"eael-creative-button.default\">\n\t\t\t\t<div class=\"elementor-widget-container\">\n\t\t\t\t\t        <div class=\"eael-creative-button-wrapper\">\n\n            <a class=\"eael-creative-button eael-creative-button--rayen eael-cb-icon-position-right\" href=\"https:\/\/www.facebook.com\/318850041559816\" target=\"_blank\" data-text=\"Ir al sitio!\">\n            \t    \n                <div class=\"creative-button-inner\">\n\n                    \n                    <span class=\"cretive-button-text\">Visita el Sitio Oficial<\/span>\n\n                                            <span class=\"eael-creative-button-icon-right\"><i aria-hidden=\"true\" class=\"fab fa-facebook\"><\/i><\/span>                                    <\/div>\n\t                        <\/a>\n        <\/div>\n        \t\t\t\t<\/div>\n\t\t\t\t<\/div>\n\t\t\t\t<\/div>\n\t\t\t\t<\/div>\n\t\t<div class=\"elementor-element elementor-element-7f413a1 e-con-full e-flex e-con e-child\" data-id=\"7f413a1\" data-element_type=\"container\" data-e-type=\"container\">\n\t\t<div class=\"elementor-element elementor-element-0f972e2 e-con-full e-flex e-con e-child\" data-id=\"0f972e2\" data-element_type=\"container\" data-e-type=\"container\" data-settings=\"{&quot;background_background&quot;:&quot;classic&quot;}\">\n\t\t\t\t<div class=\"elementor-element elementor-element-1cc6521 elementor-widget elementor-widget-heading\" data-id=\"1cc6521\" data-element_type=\"widget\" data-e-type=\"widget\" data-widget_type=\"heading.default\">\n\t\t\t\t<div class=\"elementor-widget-container\">\n\t\t\t\t\t<h2 class=\"elementor-heading-title elementor-size-default\">RESPONSABLE DEL PROGRAMA EDUCATIVO<\/h2>\t\t\t\t<\/div>\n\t\t\t\t<\/div>\n\t\t\t\t<div class=\"elementor-element elementor-element-a38254b elementor-widget-divider--view-line elementor-widget elementor-widget-divider\" data-id=\"a38254b\" data-element_type=\"widget\" data-e-type=\"widget\" data-widget_type=\"divider.default\">\n\t\t\t\t<div class=\"elementor-widget-container\">\n\t\t\t\t\t\t\t<div class=\"elementor-divider\">\n\t\t\t<span class=\"elementor-divider-separator\">\n\t\t\t\t\t\t<\/span>\n\t\t<\/div>\n\t\t\t\t\t\t<\/div>\n\t\t\t\t<\/div>\n\t\t\t\t<div class=\"elementor-element elementor-element-1312f45 elementor-widget elementor-widget-text-editor\" data-id=\"1312f45\" data-element_type=\"widget\" data-e-type=\"widget\" data-widget_type=\"text-editor.default\">\n\t\t\t\t<div class=\"elementor-widget-container\">\n\t\t\t\t\t\t\t\t\t<p><span style=\"color: #339966; font-size: 10pt;\"><strong>Dr. Fernando Lara Ch\u00e1vez<\/strong><\/span><br \/><span style=\"font-size: 10pt;\"><em><span style=\"color: #ffcc00;\"><strong>Responsable del Programa Educativo de Ingeniero Mec<b><i>\u00e1nico<\/i><\/b><\/strong><\/span><\/em><\/span><\/p><p><span style=\"font-size: 10pt;\"><strong><span style=\"color: #339966;\">Email:<\/span> <span style=\"color: #000000;\"><a style=\"color: #000000;\" href=\"mailto:computacion_fim@uabc.edu.mx\">mecanica_fim@uabc.edu.mx<\/a><\/span><\/strong><\/span><br \/><span style=\"font-size: 10pt;\"><strong><span style=\"color: #339966;\">Telefono:<\/span> +52 (686) 841-82-35 <\/strong><\/span><\/p><p><span style=\"font-size: 10pt;\"><strong><span style=\"color: #339966;\">Ext.<\/span> 44460<\/strong><\/span><\/p>\t\t\t\t\t\t\t\t<\/div>\n\t\t\t\t<\/div>\n\t\t\t\t<\/div>\n\t\t<div class=\"elementor-element elementor-element-a58e6d3 e-con-full e-flex e-con e-child\" data-id=\"a58e6d3\" data-element_type=\"container\" data-e-type=\"container\" data-settings=\"{&quot;background_background&quot;:&quot;classic&quot;}\">\n\t\t\t\t<div class=\"elementor-element elementor-element-7b8d082 elementor-widget elementor-widget-heading\" data-id=\"7b8d082\" data-element_type=\"widget\" data-e-type=\"widget\" data-widget_type=\"heading.default\">\n\t\t\t\t<div class=\"elementor-widget-container\">\n\t\t\t\t\t<h2 class=\"elementor-heading-title elementor-size-default\">ACREDITACIONES<\/h2>\t\t\t\t<\/div>\n\t\t\t\t<\/div>\n\t\t\t\t<div class=\"elementor-element elementor-element-01a103b elementor-widget-divider--view-line elementor-widget elementor-widget-divider\" data-id=\"01a103b\" data-element_type=\"widget\" data-e-type=\"widget\" data-widget_type=\"divider.default\">\n\t\t\t\t<div class=\"elementor-widget-container\">\n\t\t\t\t\t\t\t<div class=\"elementor-divider\">\n\t\t\t<span class=\"elementor-divider-separator\">\n\t\t\t\t\t\t<\/span>\n\t\t<\/div>\n\t\t\t\t\t\t<\/div>\n\t\t\t\t<\/div>\n\t\t\t\t<div class=\"elementor-element elementor-element-fa18914 elementor-widget__width-initial elementor-widget elementor-widget-image\" data-id=\"fa18914\" data-element_type=\"widget\" data-e-type=\"widget\" data-widget_type=\"image.default\">\n\t\t\t\t<div class=\"elementor-widget-container\">\n\t\t\t\t\t\t\t\t\t\t\t\t\t\t\t\t<a href=\"https:\/\/ingenieria.mxl.uabc.mx\/pe_imo\/wp-content\/uploads\/2024\/04\/mecanicacacei.pdf\" target=\"_blank\">\n\t\t\t\t\t\t\t<img fetchpriority=\"high\" decoding=\"async\" width=\"800\" height=\"350\" src=\"https:\/\/ingenieria.mxl.uabc.mx\/pe_imo\/wp-content\/uploads\/2023\/09\/cacei.jpg\" class=\"attachment-large size-large wp-image-2134\" alt=\"\" \/>\t\t\t\t\t\t\t\t<\/a>\n\t\t\t\t\t\t\t\t\t\t\t\t\t\t\t<\/div>\n\t\t\t\t<\/div>\n\t\t\t\t<div class=\"elementor-element elementor-element-53c5951 elementor-widget elementor-widget-text-editor\" data-id=\"53c5951\" data-element_type=\"widget\" data-e-type=\"widget\" data-widget_type=\"text-editor.default\">\n\t\t\t\t<div class=\"elementor-widget-container\">\n\t\t\t\t\t\t\t\t\t<p class=\"top-card-layout__title font-sans text-lg papabear:text-xl font-bold leading-open text-color-text mb-0\"><strong><span style=\"font-size: 10pt;\">Consejo de Acreditaci\u00f3n de la Ense\u00f1anza de la Ingenier\u00eda, A.C.<\/span><\/strong><\/p>\t\t\t\t\t\t\t\t<\/div>\n\t\t\t\t<\/div>\n\t\t\t\t<\/div>\n\t\t\t\t<\/div>\n\t\t\t\t<\/div>\n\t\t\t\t<\/div>\n\t\t","protected":false},"excerpt":{"rendered":"<p>Noticias del Programa Educativo Ingenier\u00eda Mec\u00e1nica FIM UABC marzo 20, 2025 \ud83e\ude77PINK-trepreneur agradecidos con la Psic\u00f3loga Ruth Coronado por impartir la conferencia denominada: M\u00e1s all\u00e1 del techo de cristal, donde nos&#8230; 7 0 Ingenier\u00eda Mec\u00e1nica FIM UABC marzo 20, 2025 \ud83e\ude77PINK-trepreneur agradecidos con el Panel formador por: Ana Barbara (Dress Code) y Arylene Clark (\u00c1rice [&hellip;]<\/p>\n","protected":false},"author":3,"featured_media":0,"parent":0,"menu_order":0,"comment_status":"closed","ping_status":"closed","template":"","meta":{"site-sidebar-layout":"no-sidebar","site-content-layout":"page-builder","ast-site-content-layout":"full-width-container","site-content-style":"default","site-sidebar-style":"default","ast-global-header-display":"","ast-banner-title-visibility":"","ast-main-header-display":"","ast-hfb-above-header-display":"","ast-hfb-below-header-display":"","ast-hfb-mobile-header-display":"","site-post-title":"disabled","ast-breadcrumbs-content":"","ast-featured-img":"disabled","footer-sml-layout":"","ast-disable-related-posts":"","theme-transparent-header-meta":"default","adv-header-id-meta":"","stick-header-meta":"","header-above-stick-meta":"","header-main-stick-meta":"","header-below-stick-meta":"","astra-migrate-meta-layouts":"set","ast-page-background-enabled":"default","ast-page-background-meta":{"desktop":{"background-color":"","background-image":"","background-repeat":"repeat","background-position":"center center","background-size":"auto","background-attachment":"scroll","background-type":"","background-media":"","overlay-type":"","overlay-color":"","overlay-opacity":"","overlay-gradient":""},"tablet":{"background-color":"","background-image":"","background-repeat":"repeat","background-position":"center center","background-size":"auto","background-attachment":"scroll","background-type":"","background-media":"","overlay-type":"","overlay-color":"","overlay-opacity":"","overlay-gradient":""},"mobile":{"background-color":"","background-image":"","background-repeat":"repeat","background-position":"center center","background-size":"auto","background-attachment":"scroll","background-type":"","background-media":"","overlay-type":"","overlay-color":"","overlay-opacity":"","overlay-gradient":""}},"ast-content-background-meta":{"desktop":{"background-color":"var(--ast-global-color-5)","background-image":"","background-repeat":"repeat","background-position":"center center","background-size":"auto","background-attachment":"scroll","background-type":"","background-media":"","overlay-type":"","overlay-color":"","overlay-opacity":"","overlay-gradient":""},"tablet":{"background-color":"var(--ast-global-color-5)","background-image":"","background-repeat":"repeat","background-position":"center center","background-size":"auto","background-attachment":"scroll","background-type":"","background-media":"","overlay-type":"","overlay-color":"","overlay-opacity":"","overlay-gradient":""},"mobile":{"background-color":"var(--ast-global-color-5)","background-image":"","background-repeat":"repeat","background-position":"center center","background-size":"auto","background-attachment":"scroll","background-type":"","background-media":"","overlay-type":"","overlay-color":"","overlay-opacity":"","overlay-gradient":""}},"footnotes":""},"class_list":["post-4089","page","type-page","status-publish","hentry"],"_links":{"self":[{"href":"https:\/\/ingenieria.mxl.uabc.mx\/pe_imo\/wp-json\/wp\/v2\/pages\/4089","targetHints":{"allow":["GET"]}}],"collection":[{"href":"https:\/\/ingenieria.mxl.uabc.mx\/pe_imo\/wp-json\/wp\/v2\/pages"}],"about":[{"href":"https:\/\/ingenieria.mxl.uabc.mx\/pe_imo\/wp-json\/wp\/v2\/types\/page"}],"author":[{"embeddable":true,"href":"https:\/\/ingenieria.mxl.uabc.mx\/pe_imo\/wp-json\/wp\/v2\/users\/3"}],"replies":[{"embeddable":true,"href":"https:\/\/ingenieria.mxl.uabc.mx\/pe_imo\/wp-json\/wp\/v2\/comments?post=4089"}],"version-history":[{"count":29,"href":"https:\/\/ingenieria.mxl.uabc.mx\/pe_imo\/wp-json\/wp\/v2\/pages\/4089\/revisions"}],"predecessor-version":[{"id":4937,"href":"https:\/\/ingenieria.mxl.uabc.mx\/pe_imo\/wp-json\/wp\/v2\/pages\/4089\/revisions\/4937"}],"wp:attachment":[{"href":"https:\/\/ingenieria.mxl.uabc.mx\/pe_imo\/wp-json\/wp\/v2\/media?parent=4089"}],"curies":[{"name":"wp","href":"https:\/\/api.w.org\/{rel}","templated":true}]}}