{"id":2862,"date":"2023-10-10T13:20:15","date_gmt":"2023-10-10T21:20:15","guid":{"rendered":"http:\/\/localhost\/pe_ico\/?page_id=2862"},"modified":"2026-01-06T15:22:09","modified_gmt":"2026-01-06T23:22:09","slug":"campo-ocupacional","status":"publish","type":"page","link":"https:\/\/ingenieria.mxl.uabc.mx\/pe_lidia\/campo-ocupacional\/","title":{"rendered":"Campo Ocupacional"},"content":{"rendered":"\t\t<div data-elementor-type=\"wp-page\" data-elementor-id=\"2862\" class=\"elementor elementor-2862\">\n\t\t\t\t<div class=\"elementor-element elementor-element-daa1e43 e-con-full e-flex e-con e-parent\" data-id=\"daa1e43\" data-element_type=\"container\">\n\t\t<div class=\"elementor-element elementor-element-9b7ea22 e-con-full e-flex e-con e-child\" data-id=\"9b7ea22\" data-element_type=\"container\">\n\t\t<div class=\"elementor-element elementor-element-7f8a134 e-con-full e-flex e-con e-child\" data-id=\"7f8a134\" data-element_type=\"container\" data-settings=\"{&quot;background_background&quot;:&quot;classic&quot;}\">\n\t\t\t\t<div class=\"elementor-element elementor-element-7e30e08 elementor-widget elementor-widget-heading\" data-id=\"7e30e08\" data-element_type=\"widget\" data-widget_type=\"heading.default\">\n\t\t\t\t<div class=\"elementor-widget-container\">\n\t\t\t\t\t<h1 class=\"elementor-heading-title elementor-size-default\">Campo Profesional<\/h1>\t\t\t\t<\/div>\n\t\t\t\t<\/div>\n\t\t\t\t<div class=\"elementor-element elementor-element-66d7613 elementor-widget-divider--view-line elementor-widget elementor-widget-divider\" data-id=\"66d7613\" data-element_type=\"widget\" data-widget_type=\"divider.default\">\n\t\t\t\t<div class=\"elementor-widget-container\">\n\t\t\t\t\t\t\t<div class=\"elementor-divider\">\n\t\t\t<span class=\"elementor-divider-separator\">\n\t\t\t\t\t\t<\/span>\n\t\t<\/div>\n\t\t\t\t\t\t<\/div>\n\t\t\t\t<\/div>\n\t\t\t\t<div class=\"elementor-element elementor-element-15ff8cb elementor-widget elementor-widget-text-editor\" data-id=\"15ff8cb\" data-element_type=\"widget\" data-widget_type=\"text-editor.default\">\n\t\t\t\t<div class=\"elementor-widget-container\">\n\t\t\t\t\t\t\t\t\t<p><span style=\"font-size: 14pt;\">Quien egrese del programa educativo de Ingenier\u00eda de Datos e Inteligencia Artificial podr\u00e1 desempe\u00f1arse en los \u00e1mbitos local, estatal, nacional e internacional realizando sus actividades en los siguientes campos profesionales:<\/span><\/p>\t\t\t\t\t\t\t\t<\/div>\n\t\t\t\t<\/div>\n\t\t\t\t<div class=\"elementor-element elementor-element-b7ebe68 elementor-hidden-tablet elementor-hidden-mobile elementor-widget elementor-widget-eael-image-accordion\" data-id=\"b7ebe68\" data-element_type=\"widget\" data-widget_type=\"eael-image-accordion.default\">\n\t\t\t\t<div class=\"elementor-widget-container\">\n\t\t\t\t\t    <div class=\"eael-img-accordion accordion-direction-horizontal eael-img-accordion-horizontal-align-center eael-img-accordion-vertical-align-center\" id=\"eael-img-accordion-b7ebe68\" data-img-accordion-id=\"b7ebe68\" data-img-accordion-type=\"on-hover\">\n                    \n            <div class=\"eael-image-accordion-hover eael-image-accordion-item overlay-active\" style=\"background-image: url(https:\/\/ingenieria.mxl.uabc.mx\/pe_lidia\/wp-content\/uploads\/2023\/09\/antenna-cell-cellular-21457.jpg); flex: 3 1 0%;\"  tabindex=\"0\">\n                <div class=\"overlay\">\n                                        <div class=\"overlay-inner  overlay-inner-show\">\n                        <h2 class=\"img-accordion-title\">Sector P\u00fablico<\/h2>                            <p><ul><li style=\"text-align: left\"><span style=\"font-size: 12pt\"> Implementa soluciones de an\u00e1lisis de datos en instituciones gubernamentales para la gesti\u00f3n p\u00fablica.<\/span><\/li><li style=\"text-align: left\"><span style=\"font-size: 12pt\">Administra infraestructuras tecnol\u00f3gicas en organismos p\u00fablicos de educaci\u00f3n y salud.<\/span><\/li><li style=\"text-align: left\"><span style=\"font-size: 12pt\">Propone y eval\u00faa sistemas de inteligencia artificial para la optimizaci\u00f3n de servicios p\u00fablicos.<\/span><\/li><\/ul><\/p>\n                                            <\/div>\n                <\/div>\n            <\/div>\n                    \n            <div class=\"eael-image-accordion-hover eael-image-accordion-item overlay-active\" style=\"background-image: url(https:\/\/ingenieria.mxl.uabc.mx\/pe_lidia\/wp-content\/uploads\/2023\/08\/electronica.jpg); flex: 3 1 0%;\"  tabindex=\"0\">\n                <div class=\"overlay\">\n                                        <div class=\"overlay-inner  overlay-inner-show\">\n                        <h2 class=\"img-accordion-title\">Sector Privado<\/h2>                            <p><ul><li style=\"text-align: left\"><span style=\"font-size: 12pt\"> Dise\u00f1a soluciones de an\u00e1lisis de datos para optimizar procesos empresariales.<\/span><\/li><li style=\"text-align: left\"><span style=\"font-size: 12pt\">Implementa proyectos de inteligencia artificial.<\/span><\/li><li style=\"text-align: left\"><span style=\"font-size: 12pt\">Propone y eval\u00faa sistemas basados en aprendizaje computacional para diversos sectores productivos.<\/span><\/li><li style=\"text-align: left\"><span style=\"font-size: 12pt\">Desarrolla aplicaciones de an\u00e1lisis predictivo para mejorar la toma de decisiones.<\/span><\/li><\/ul><\/p>\n                                            <\/div>\n                <\/div>\n            <\/div>\n                    \n            <div class=\"eael-image-accordion-hover eael-image-accordion-item overlay-active\" style=\"background-image: url(https:\/\/ingenieria.mxl.uabc.mx\/pe_lidia\/wp-content\/uploads\/2023\/09\/startup-business-people-849804.jpg); flex: 3 1 0%;\"  tabindex=\"0\">\n                <div class=\"overlay\">\n                                        <div class=\"overlay-inner  overlay-inner-show\">\n                        <h2 class=\"img-accordion-title\">Profesional Independiente<\/h2>                            <p><ul><li style=\"text-align: left\"><span style=\"font-size: 12pt\"> Brinda consultor\u00eda y capacitaci\u00f3n en an\u00e1lisis de datos e inteligencia artificial.<\/span><\/li><li style=\"text-align: left\"><span style=\"font-size: 12pt\">Crea soluciones tecnol\u00f3gicas personalizadas para empresas y organizaciones.<\/span><\/li><li style=\"text-align: left\"><span style=\"font-size: 12pt\">Emprende en el desarrollo de aplicaciones y servicios basados en inteligencia artificial y ciencia de datos.<\/span><\/li><\/ul><\/p>\n                                            <\/div>\n                <\/div>\n            <\/div>\n                <\/div>\n        <style typr=\"text\/css\">\n                    #eael-img-accordion-b7ebe68 .eael-image-accordion-hover:hover {\n                        flex: 3 1 0% !important;\n                    }\n                    #eael-img-accordion-b7ebe68 .eael-image-accordion-hover:hover:hover .overlay-inner * {\n                        opacity: 1;\n                        visibility: visible;\n                        transform: none;\n                        transition: all .3s .3s;\n                    }\n                <\/style>\t\t\t\t<\/div>\n\t\t\t\t<\/div>\n\t\t\t\t<div class=\"elementor-element elementor-element-675e4cb elementor-hidden-desktop elementor-widget elementor-widget-eael-image-accordion\" data-id=\"675e4cb\" data-element_type=\"widget\" data-widget_type=\"eael-image-accordion.default\">\n\t\t\t\t<div class=\"elementor-widget-container\">\n\t\t\t\t\t    <div class=\"eael-img-accordion accordion-direction-vertical eael-img-accordion-horizontal-align-center eael-img-accordion-vertical-align-center\" id=\"eael-img-accordion-675e4cb\" data-img-accordion-id=\"675e4cb\" data-img-accordion-type=\"on-hover\">\n                    \n            <div class=\"eael-image-accordion-hover eael-image-accordion-item overlay-active\" style=\"background-image: url(https:\/\/ingenieria.mxl.uabc.mx\/pe_lidia\/wp-content\/uploads\/2023\/09\/antenna-cell-cellular-21457.jpg); flex: 3 1 0%;\"  tabindex=\"0\">\n                <div class=\"overlay\">\n                                        <div class=\"overlay-inner  overlay-inner-show\">\n                        <h2 class=\"img-accordion-title\">Sector P\u00fablico<\/h2>                            <p><ul><li><div style=\"text-align: left\"><span style=\"font-size: 10pt\">Dependencias de gobierno<\/span><\/div><\/li><li style=\"text-align: left\"><div><span style=\"font-size: 10pt\">Comunicaciones y transportes<\/span><\/div><\/li><li style=\"text-align: left\"><span style=\"font-size: 10pt\">Instituciones educativas y de investigaci\u00f3n<\/span><\/li><li style=\"text-align: left\"><span style=\"font-size: 10pt\">Centros de investigaci\u00f3n<\/span><\/li><\/ul><\/p>\n                                            <\/div>\n                <\/div>\n            <\/div>\n                    \n            <div class=\"eael-image-accordion-hover eael-image-accordion-item overlay-active\" style=\"background-image: url(https:\/\/ingenieria.mxl.uabc.mx\/pe_lidia\/wp-content\/uploads\/2023\/08\/electronica.jpg); flex: 3 1 0%;\"  tabindex=\"0\">\n                <div class=\"overlay\">\n                                        <div class=\"overlay-inner  overlay-inner-show\">\n                        <h2 class=\"img-accordion-title\">Sector Privado<\/h2>                            <p><ul><li><div style=\"text-align: left\"><span style=\"font-size: 10pt\">Empresas y microempresas<\/span><\/div><\/li><li style=\"text-align: left\"><div><span style=\"font-size: 10pt\">Industria maquiladora<\/span><\/div><\/li><li style=\"text-align: left\"><span style=\"font-size: 10pt\">Centros de investigaci\u00f3n<\/span><\/li><\/ul><\/p>\n                                            <\/div>\n                <\/div>\n            <\/div>\n                    \n            <div class=\"eael-image-accordion-hover eael-image-accordion-item\" style=\"background-image: url(https:\/\/ingenieria.mxl.uabc.mx\/pe_lidia\/wp-content\/uploads\/2023\/09\/startup-business-people-849804.jpg);\"  tabindex=\"0\">\n                <div class=\"overlay\">\n                                        <div class=\"overlay-inner \">\n                        <h2 class=\"img-accordion-title\">Profesional Independiente<\/h2>                            <p><ul><li><div style=\"text-align: left\"><span style=\"font-size: 8pt\">Asesorando, dise\u00f1ando, implementando, documentando y evaluando proyectos de automatizaci\u00f3n, redes de computadoras y\/o ingenier\u00eda de software<\/span><\/div><\/li><li style=\"text-align: left\"><span style=\"font-size: 8pt\">Dise\u00f1ando, seleccionando e instalando equipo y programas de sistemas de c\u00f3mputo<\/span><\/li><li style=\"text-align: left\"><span style=\"font-size: 8pt\">Manteniendo en estado \u00f3ptimo sistemas de c\u00f3mputo<\/span><\/li><li style=\"text-align: left\"><span style=\"font-size: 8pt\">Innovando y generando tecnolog\u00eda de c\u00f3mputo<\/span><\/li><li style=\"text-align: left\"><span style=\"font-size: 8pt\">Comercializando y fomentando el uso de sistemas de c\u00f3mputo<\/span><\/li><li style=\"text-align: left\"><span style=\"font-size: 8pt\">Dise\u00f1o y ejecuci\u00f3n de programas de capacitaci\u00f3n<\/span><\/li><\/ul><\/p>\n                                            <\/div>\n                <\/div>\n            <\/div>\n                <\/div>\n        <style typr=\"text\/css\">\n                    #eael-img-accordion-675e4cb .eael-image-accordion-hover:hover {\n                        flex: 3 1 0% !important;\n                    }\n                    #eael-img-accordion-675e4cb .eael-image-accordion-hover:hover:hover .overlay-inner * {\n                        opacity: 1;\n                        visibility: visible;\n                        transform: none;\n                        transition: all .3s .3s;\n                    }\n                <\/style>\t\t\t\t<\/div>\n\t\t\t\t<\/div>\n\t\t\t\t<\/div>\n\t\t\t\t<\/div>\n\t\t<div class=\"elementor-element elementor-element-72423da e-con-full e-flex e-con e-child\" data-id=\"72423da\" data-element_type=\"container\">\n\t\t<div class=\"elementor-element elementor-element-46a741f e-con-full e-flex e-con e-child\" data-id=\"46a741f\" data-element_type=\"container\" data-settings=\"{&quot;background_background&quot;:&quot;classic&quot;}\">\n\t\t\t\t<div class=\"elementor-element elementor-element-a936033 elementor-widget elementor-widget-heading\" data-id=\"a936033\" data-element_type=\"widget\" data-widget_type=\"heading.default\">\n\t\t\t\t<div class=\"elementor-widget-container\">\n\t\t\t\t\t<h2 class=\"elementor-heading-title elementor-size-default\">RESPONSABLE DEL PROGRAMA EDUCATIVO<\/h2>\t\t\t\t<\/div>\n\t\t\t\t<\/div>\n\t\t\t\t<div class=\"elementor-element elementor-element-c2fb385 elementor-widget-divider--view-line elementor-widget elementor-widget-divider\" data-id=\"c2fb385\" data-element_type=\"widget\" data-widget_type=\"divider.default\">\n\t\t\t\t<div class=\"elementor-widget-container\">\n\t\t\t\t\t\t\t<div class=\"elementor-divider\">\n\t\t\t<span class=\"elementor-divider-separator\">\n\t\t\t\t\t\t<\/span>\n\t\t<\/div>\n\t\t\t\t\t\t<\/div>\n\t\t\t\t<\/div>\n\t\t\t\t<div class=\"elementor-element elementor-element-8125549 elementor-widget elementor-widget-text-editor\" data-id=\"8125549\" data-element_type=\"widget\" data-widget_type=\"text-editor.default\">\n\t\t\t\t<div class=\"elementor-widget-container\">\n\t\t\t\t\t\t\t\t\t<p><span style=\"color: #339966; font-size: 10pt;\"><strong>Dr. Edwin R. Garc\u00eda Curiel<\/strong><\/span><br \/><span style=\"font-size: 10pt;\"><em><span style=\"color: #ffcc00;\"><strong>Responsable del Programa Educativo de Ingenier\u00eda de Datos e Inteligencia Artificial<br \/><br \/><\/strong><\/span><\/em><\/span><\/p><p><span style=\"font-size: 10pt;\"><strong><span style=\"color: #339966;\">Email:<\/span> <a href=\"mailto:inteligenciaartificial.fim@uabc.edu.mx\">inteligenciaartificial.fim@uabc.edu.mx<\/a><\/strong><\/span><br \/><span style=\"font-size: 10pt;\"><strong><span style=\"color: #339966;\">Tel\u00e9fono:<\/span> +52 (686) 841-82-35 <\/strong><\/span><\/p><p><span style=\"font-size: 10pt;\"><strong><span style=\"color: #339966;\">Ext.<\/span> 44376<\/strong><\/span><\/p>\t\t\t\t\t\t\t\t<\/div>\n\t\t\t\t<\/div>\n\t\t\t\t<\/div>\n\t\t\t\t<\/div>\n\t\t\t\t<\/div>\n\t\t\t\t<\/div>\n\t\t","protected":false},"excerpt":{"rendered":"<p>Campo Profesional Quien egrese del programa educativo de Ingenier\u00eda de Datos e Inteligencia Artificial podr\u00e1 desempe\u00f1arse en los \u00e1mbitos local, estatal, nacional e internacional realizando sus actividades en los siguientes campos profesionales: Sector P\u00fablico Implementa soluciones de an\u00e1lisis de datos en instituciones gubernamentales para la gesti\u00f3n p\u00fablica. Administra infraestructuras tecnol\u00f3gicas en organismos p\u00fablicos de educaci\u00f3n [&hellip;]<\/p>\n","protected":false},"author":3,"featured_media":0,"parent":0,"menu_order":0,"comment_status":"closed","ping_status":"closed","template":"","meta":{"site-sidebar-layout":"no-sidebar","site-content-layout":"page-builder","ast-site-content-layout":"full-width-container","site-content-style":"default","site-sidebar-style":"default","ast-global-header-display":"","ast-banner-title-visibility":"","ast-main-header-display":"","ast-hfb-above-header-display":"","ast-hfb-below-header-display":"","ast-hfb-mobile-header-display":"","site-post-title":"disabled","ast-breadcrumbs-content":"","ast-featured-img":"disabled","footer-sml-layout":"","ast-disable-related-posts":"","theme-transparent-header-meta":"default","adv-header-id-meta":"","stick-header-meta":"","header-above-stick-meta":"","header-main-stick-meta":"","header-below-stick-meta":"","astra-migrate-meta-layouts":"set","ast-page-background-enabled":"default","ast-page-background-meta":{"desktop":{"background-color":"","background-image":"","background-repeat":"repeat","background-position":"center center","background-size":"auto","background-attachment":"scroll","background-type":"","background-media":"","overlay-type":"","overlay-color":"","overlay-opacity":"","overlay-gradient":""},"tablet":{"background-color":"","background-image":"","background-repeat":"repeat","background-position":"center center","background-size":"auto","background-attachment":"scroll","background-type":"","background-media":"","overlay-type":"","overlay-color":"","overlay-opacity":"","overlay-gradient":""},"mobile":{"background-color":"","background-image":"","background-repeat":"repeat","background-position":"center center","background-size":"auto","background-attachment":"scroll","background-type":"","background-media":"","overlay-type":"","overlay-color":"","overlay-opacity":"","overlay-gradient":""}},"ast-content-background-meta":{"desktop":{"background-color":"var(--ast-global-color-5)","background-image":"","background-repeat":"repeat","background-position":"center center","background-size":"auto","background-attachment":"scroll","background-type":"","background-media":"","overlay-type":"","overlay-color":"","overlay-opacity":"","overlay-gradient":""},"tablet":{"background-color":"var(--ast-global-color-5)","background-image":"","background-repeat":"repeat","background-position":"center center","background-size":"auto","background-attachment":"scroll","background-type":"","background-media":"","overlay-type":"","overlay-color":"","overlay-opacity":"","overlay-gradient":""},"mobile":{"background-color":"var(--ast-global-color-5)","background-image":"","background-repeat":"repeat","background-position":"center center","background-size":"auto","background-attachment":"scroll","background-type":"","background-media":"","overlay-type":"","overlay-color":"","overlay-opacity":"","overlay-gradient":""}},"footnotes":""},"class_list":["post-2862","page","type-page","status-publish","hentry"],"_hostinger_reach_plugin_has_subscription_block":false,"_hostinger_reach_plugin_is_elementor":false,"_links":{"self":[{"href":"https:\/\/ingenieria.mxl.uabc.mx\/pe_lidia\/wp-json\/wp\/v2\/pages\/2862","targetHints":{"allow":["GET"]}}],"collection":[{"href":"https:\/\/ingenieria.mxl.uabc.mx\/pe_lidia\/wp-json\/wp\/v2\/pages"}],"about":[{"href":"https:\/\/ingenieria.mxl.uabc.mx\/pe_lidia\/wp-json\/wp\/v2\/types\/page"}],"author":[{"embeddable":true,"href":"https:\/\/ingenieria.mxl.uabc.mx\/pe_lidia\/wp-json\/wp\/v2\/users\/3"}],"replies":[{"embeddable":true,"href":"https:\/\/ingenieria.mxl.uabc.mx\/pe_lidia\/wp-json\/wp\/v2\/comments?post=2862"}],"version-history":[{"count":196,"href":"https:\/\/ingenieria.mxl.uabc.mx\/pe_lidia\/wp-json\/wp\/v2\/pages\/2862\/revisions"}],"predecessor-version":[{"id":5036,"href":"https:\/\/ingenieria.mxl.uabc.mx\/pe_lidia\/wp-json\/wp\/v2\/pages\/2862\/revisions\/5036"}],"wp:attachment":[{"href":"https:\/\/ingenieria.mxl.uabc.mx\/pe_lidia\/wp-json\/wp\/v2\/media?parent=2862"}],"curies":[{"name":"wp","href":"https:\/\/api.w.org\/{rel}","templated":true}]}}