{"id":3406,"date":"2023-10-13T10:56:47","date_gmt":"2023-10-13T18:56:47","guid":{"rendered":"http:\/\/localhost\/pe_ico\/?page_id=3406"},"modified":"2026-01-06T15:18:30","modified_gmt":"2026-01-06T23:18:30","slug":"noticias-facultad","status":"publish","type":"page","link":"https:\/\/ingenieria.mxl.uabc.mx\/pe_lidia\/noticias-facultad\/","title":{"rendered":"Noticias Facultad"},"content":{"rendered":"\t\t<div data-elementor-type=\"wp-page\" data-elementor-id=\"3406\" class=\"elementor elementor-3406\">\n\t\t\t\t<div class=\"elementor-element elementor-element-a32812a e-con-full e-flex e-con e-parent\" data-id=\"a32812a\" data-element_type=\"container\">\n\t\t<div class=\"elementor-element elementor-element-d700dbe e-con-full e-flex e-con e-child\" data-id=\"d700dbe\" data-element_type=\"container\">\n\t\t<div class=\"elementor-element elementor-element-7f8a134 e-con-full e-flex e-con e-child\" data-id=\"7f8a134\" data-element_type=\"container\" data-settings=\"{&quot;background_background&quot;:&quot;classic&quot;}\">\n\t\t\t\t<div class=\"elementor-element elementor-element-7e30e08 elementor-widget elementor-widget-heading\" data-id=\"7e30e08\" data-element_type=\"widget\" data-widget_type=\"heading.default\">\n\t\t\t\t<div class=\"elementor-widget-container\">\n\t\t\t\t\t<h1 class=\"elementor-heading-title elementor-size-default\">Noticias de la Facultad de Ingenier\u00eda<\/h1>\t\t\t\t<\/div>\n\t\t\t\t<\/div>\n\t\t\t\t<div class=\"elementor-element elementor-element-66d7613 elementor-widget-divider--view-line elementor-widget elementor-widget-divider\" data-id=\"66d7613\" data-element_type=\"widget\" data-widget_type=\"divider.default\">\n\t\t\t\t<div class=\"elementor-widget-container\">\n\t\t\t\t\t\t\t<div class=\"elementor-divider\">\n\t\t\t<span class=\"elementor-divider-separator\">\n\t\t\t\t\t\t<\/span>\n\t\t<\/div>\n\t\t\t\t\t\t<\/div>\n\t\t\t\t<\/div>\n\t\t\t\t<div class=\"elementor-element elementor-element-87700ac elementor-widget elementor-widget-eael-facebook-feed\" data-id=\"87700ac\" data-element_type=\"widget\" data-widget_type=\"eael-facebook-feed.default\">\n\t\t\t\t<div class=\"elementor-widget-container\">\n\t\t\t\t\t        <div class=\"eael-facebook-feed eael-col-4 eael-facebook-feed-card\" id=\"eael-facebook-feed-87700ac\">\n            <div class=\"eael-facebook-feed-item\">\n                    <div class=\"eael-facebook-feed-item-inner\">\n                        <header class=\"eael-facebook-feed-item-header clearfix\">\n                            <div class=\"eael-facebook-feed-item-user clearfix\">\n                                <a href=\"https:\/\/www.facebook.com\/422553107793433\" target=\"_blank\"><img decoding=\"async\" src=\"https:\/\/graph.facebook.com\/v4.0\/422553107793433\/picture\" alt=\"Facultad de Ingenier\u00eda UABC Mexicali\" class=\"eael-facebook-feed-avatar\"><\/a>\n                                <a href=\"https:\/\/www.facebook.com\/422553107793433\" target=\"_blank\"><p class=\"eael-facebook-feed-username\">Facultad de Ingenier\u00eda UABC Mexicali<\/p><\/a>\n                            <\/div><a href=\"https:\/\/www.facebook.com\/848774130376702\/posts\/1453685539885555\" target=\"_blank\" class=\"eael-facebook-feed-post-time\"><i class=\"far fa-clock\" aria-hidden=\"true\"><\/i> abril 6, 2026<\/a><\/header><div class=\"eael-facebook-feed-item-content\">\n                                        <p class=\"eael-facebook-feed-message\"> \ud83d\udea8 Simulacro de Evacuaci\u00f3n UABC \ud83d\udea8 La prevenci\u00f3n salva vidas. Participa en el Simulacro de Evacuaci\u00f3n en Campus Mexicali y...<\/p>\n                                    <\/div><div class=\"eael-facebook-feed-preview-wrap\"><a href=\"https:\/\/www.facebook.com\/848774130376702\/posts\/1453685539885555\" target=\"_blank\" class=\"eael-facebook-feed-preview-img\">\n\t                                                <div class=\"eael-facebook-feed-img-container\" style=\"background:url(https:\/\/scontent.fmex44-1.fna.fbcdn.net\/v\/t39.30808-6\/663229141_1453685056552270_5352886594758080641_n.jpg?stp=dst-jpg_s720x720_tt6&#038;_nc_cat=111&#038;ccb=1-7&#038;_nc_sid=13d280&#038;_nc_ohc=hokXBz3sH7YQ7kNvwG3VtA6&#038;_nc_oc=AdoNWZ6Yqh_OCvdNA_XJooEvciaFcM3i-y0_LLLxaOWuDxqvQ6v6Qhsh_4zA134QXws&#038;_nc_zt=23&#038;_nc_ht=scontent.fmex44-1.fna&#038;edm=AKK4YLsEAAAA&#038;_nc_gid=69AWBI_B1bsQMFp7VbhhJQ&#038;_nc_tpa=Q5bMBQHuArg-kbgW2jOspRyo3uCNojgs9F9El38zCcWBRPM0FmLt4nKDq8HmtZ9eJb4lTUyDNRxebq1f&#038;oh=00_Af2RSzTHSFsE21dyMMZDbhrVm36P62lpWo4Dl28NnyEYbQ&#038;oe=69DB26AD); background-size: 100% 100%;background-repeat: no-repeat;\">\n\t                                                    <img decoding=\"async\" class=\"eael-facebook-feed-img\" src=\"https:\/\/scontent.fmex44-1.fna.fbcdn.net\/v\/t39.30808-6\/663229141_1453685056552270_5352886594758080641_n.jpg?stp=dst-jpg_s720x720_tt6&#038;_nc_cat=111&#038;ccb=1-7&#038;_nc_sid=13d280&#038;_nc_ohc=hokXBz3sH7YQ7kNvwG3VtA6&#038;_nc_oc=AdoNWZ6Yqh_OCvdNA_XJooEvciaFcM3i-y0_LLLxaOWuDxqvQ6v6Qhsh_4zA134QXws&#038;_nc_zt=23&#038;_nc_ht=scontent.fmex44-1.fna&#038;edm=AKK4YLsEAAAA&#038;_nc_gid=69AWBI_B1bsQMFp7VbhhJQ&#038;_nc_tpa=Q5bMBQHuArg-kbgW2jOspRyo3uCNojgs9F9El38zCcWBRPM0FmLt4nKDq8HmtZ9eJb4lTUyDNRxebq1f&#038;oh=00_Af2RSzTHSFsE21dyMMZDbhrVm36P62lpWo4Dl28NnyEYbQ&#038;oe=69DB26AD\">\n\t                                                <\/div>\n\t                                            <\/a><\/div><footer class=\"eael-facebook-feed-item-footer\">\n                                <div class=\"clearfix\"><span class=\"eael-facebook-feed-post-likes\"><i class=\"far fa-thumbs-up\" aria-hidden=\"true\"><\/i> 9<\/span><span class=\"eael-facebook-feed-post-comments\"><i class=\"far fa-comments\" aria-hidden=\"true\"><\/i> 0<\/span><\/div>\n                            <\/footer><\/div>\n                <\/div><div class=\"eael-facebook-feed-item\">\n                    <div class=\"eael-facebook-feed-item-inner\">\n                        <header class=\"eael-facebook-feed-item-header clearfix\">\n                            <div class=\"eael-facebook-feed-item-user clearfix\">\n                                <a href=\"https:\/\/www.facebook.com\/422553107793433\" target=\"_blank\"><img decoding=\"async\" src=\"https:\/\/graph.facebook.com\/v4.0\/422553107793433\/picture\" alt=\"Facultad de Ingenier\u00eda UABC Mexicali\" class=\"eael-facebook-feed-avatar\"><\/a>\n                                <a href=\"https:\/\/www.facebook.com\/422553107793433\" target=\"_blank\"><p class=\"eael-facebook-feed-username\">Facultad de Ingenier\u00eda UABC Mexicali<\/p><\/a>\n                            <\/div><a href=\"https:\/\/www.facebook.com\/848774130376702\/posts\/1448903610363748\" target=\"_blank\" class=\"eael-facebook-feed-post-time\"><i class=\"far fa-clock\" aria-hidden=\"true\"><\/i> abril 1, 2026<\/a><\/header><div class=\"eael-facebook-feed-preview-wrap\"><a href=\"https:\/\/www.facebook.com\/848774130376702\/posts\/1448903610363748\" target=\"_blank\" class=\"eael-facebook-feed-preview-img\">\n\t                                                <div class=\"eael-facebook-feed-img-container\" style=\"background:url(); background-size: 100% 100%;background-repeat: no-repeat;\">\n\t                                                    <img decoding=\"async\" class=\"eael-facebook-feed-img\" src=\"\">\n\t                                                <\/div>\n\t                                            <\/a><\/div><footer class=\"eael-facebook-feed-item-footer\">\n                                <div class=\"clearfix\"><span class=\"eael-facebook-feed-post-likes\"><i class=\"far fa-thumbs-up\" aria-hidden=\"true\"><\/i> 0<\/span><span class=\"eael-facebook-feed-post-comments\"><i class=\"far fa-comments\" aria-hidden=\"true\"><\/i> 0<\/span><\/div>\n                            <\/footer><\/div>\n                <\/div><div class=\"eael-facebook-feed-item\">\n                    <div class=\"eael-facebook-feed-item-inner\">\n                        <header class=\"eael-facebook-feed-item-header clearfix\">\n                            <div class=\"eael-facebook-feed-item-user clearfix\">\n                                <a href=\"https:\/\/www.facebook.com\/422553107793433\" target=\"_blank\"><img decoding=\"async\" src=\"https:\/\/graph.facebook.com\/v4.0\/422553107793433\/picture\" alt=\"Facultad de Ingenier\u00eda UABC Mexicali\" class=\"eael-facebook-feed-avatar\"><\/a>\n                                <a href=\"https:\/\/www.facebook.com\/422553107793433\" target=\"_blank\"><p class=\"eael-facebook-feed-username\">Facultad de Ingenier\u00eda UABC Mexicali<\/p><\/a>\n                            <\/div><a href=\"https:\/\/www.facebook.com\/848774130376702\/posts\/1447144617206314\" target=\"_blank\" class=\"eael-facebook-feed-post-time\"><i class=\"far fa-clock\" aria-hidden=\"true\"><\/i> marzo 29, 2026<\/a><\/header><div class=\"eael-facebook-feed-item-content\">\n                                        <p class=\"eael-facebook-feed-message\"> Reconocemos y agradecemos la dedicaci\u00f3n y compromiso de nuestro personal administrativo, cuyo trabajo diario fortalece el desarrollo de nuestra comunidad...<\/p>\n                                    <\/div><div class=\"eael-facebook-feed-preview-wrap\"><a href=\"https:\/\/www.facebook.com\/848774130376702\/posts\/1447144617206314\" target=\"_blank\" class=\"eael-facebook-feed-preview-img\">\n\t                                                <div class=\"eael-facebook-feed-img-container\" style=\"background:url(https:\/\/scontent.fmex44-1.fna.fbcdn.net\/v\/t39.30808-6\/658884260_1447144687206307_6134119208092895774_n.jpg?stp=dst-jpg_s1080x2048_tt6&#038;_nc_cat=102&#038;ccb=1-7&#038;_nc_sid=7b2446&#038;_nc_ohc=c5agF1JEcSMQ7kNvwHRXIK4&#038;_nc_oc=Adplk1uMiP9HKLu9WMwPXnKHiuHAs7o03Q_WVzXXB4_cjOisDfs4_s9AiGTu_PtHn60&#038;_nc_zt=23&#038;_nc_ht=scontent.fmex44-1.fna&#038;edm=AKK4YLsEAAAA&#038;_nc_gid=69AWBI_B1bsQMFp7VbhhJQ&#038;_nc_tpa=Q5bMBQHB_n_Zwfp5oyds82fE2Pk-mR4tAz74bPE3wsqDCRfE1Jg0XXYFVpRWis1KktDz7xxgekhRiexn&#038;oh=00_Af0n_CnyAY9s8HvE-2xzy8iU37uGTdovaP756Bb79SqsIQ&#038;oe=69DB194E); background-size: 100% 100%;background-repeat: no-repeat;\">\n\t                                                    <img decoding=\"async\" class=\"eael-facebook-feed-img\" src=\"https:\/\/scontent.fmex44-1.fna.fbcdn.net\/v\/t39.30808-6\/658884260_1447144687206307_6134119208092895774_n.jpg?stp=dst-jpg_s1080x2048_tt6&#038;_nc_cat=102&#038;ccb=1-7&#038;_nc_sid=7b2446&#038;_nc_ohc=c5agF1JEcSMQ7kNvwHRXIK4&#038;_nc_oc=Adplk1uMiP9HKLu9WMwPXnKHiuHAs7o03Q_WVzXXB4_cjOisDfs4_s9AiGTu_PtHn60&#038;_nc_zt=23&#038;_nc_ht=scontent.fmex44-1.fna&#038;edm=AKK4YLsEAAAA&#038;_nc_gid=69AWBI_B1bsQMFp7VbhhJQ&#038;_nc_tpa=Q5bMBQHB_n_Zwfp5oyds82fE2Pk-mR4tAz74bPE3wsqDCRfE1Jg0XXYFVpRWis1KktDz7xxgekhRiexn&#038;oh=00_Af0n_CnyAY9s8HvE-2xzy8iU37uGTdovaP756Bb79SqsIQ&#038;oe=69DB194E\">\n\t                                                <\/div>\n\t                                            <\/a><\/div><footer class=\"eael-facebook-feed-item-footer\">\n                                <div class=\"clearfix\"><span class=\"eael-facebook-feed-post-likes\"><i class=\"far fa-thumbs-up\" aria-hidden=\"true\"><\/i> 36<\/span><span class=\"eael-facebook-feed-post-comments\"><i class=\"far fa-comments\" aria-hidden=\"true\"><\/i> 0<\/span><\/div>\n                            <\/footer><\/div>\n                <\/div><div class=\"eael-facebook-feed-item\">\n                    <div class=\"eael-facebook-feed-item-inner\">\n                        <header class=\"eael-facebook-feed-item-header clearfix\">\n                            <div class=\"eael-facebook-feed-item-user clearfix\">\n                                <a href=\"https:\/\/www.facebook.com\/422553107793433\" target=\"_blank\"><img decoding=\"async\" src=\"https:\/\/graph.facebook.com\/v4.0\/422553107793433\/picture\" alt=\"Facultad de Ingenier\u00eda UABC Mexicali\" class=\"eael-facebook-feed-avatar\"><\/a>\n                                <a href=\"https:\/\/www.facebook.com\/422553107793433\" target=\"_blank\"><p class=\"eael-facebook-feed-username\">Facultad de Ingenier\u00eda UABC Mexicali<\/p><\/a>\n                            <\/div><a href=\"https:\/\/www.facebook.com\/848774130376702\/posts\/1445723490681760\" target=\"_blank\" class=\"eael-facebook-feed-post-time\"><i class=\"far fa-clock\" aria-hidden=\"true\"><\/i> marzo 28, 2026<\/a><\/header><div class=\"eael-facebook-feed-item-content\">\n                                        <p class=\"eael-facebook-feed-message\"> \ud83d\udce2\u2728 \u00a1Comparte tu conocimiento con el mundo! \u2728\ud83d\udce2 La Facultad de Ingenier\u00eda Mexicali te invita a participar en la convocatoria...<\/p>\n                                    <\/div><div class=\"eael-facebook-feed-preview-wrap\"><a href=\"https:\/\/www.facebook.com\/848774130376702\/posts\/1445723490681760\" target=\"_blank\" class=\"eael-facebook-feed-preview-img\">\n\t                                                <div class=\"eael-facebook-feed-img-container\" style=\"background:url(https:\/\/scontent.fmex44-1.fna.fbcdn.net\/v\/t39.30808-6\/656981961_1445721897348586_7777419082805739498_n.jpg?stp=dst-jpg_s960x960_tt6&#038;_nc_cat=103&#038;ccb=1-7&#038;_nc_sid=13d280&#038;_nc_ohc=qhCM0CBH88cQ7kNvwGhJIgb&#038;_nc_oc=AdpSBa3g5efK-ORCHrTFjmCJLvIbZRwlofUdFueCtTrCnxgbLHHfH5WSF8pEzwYKxFQ&#038;_nc_zt=23&#038;_nc_ht=scontent.fmex44-1.fna&#038;edm=AKK4YLsEAAAA&#038;_nc_gid=69AWBI_B1bsQMFp7VbhhJQ&#038;_nc_tpa=Q5bMBQEQrILcKe1aegrJ7pwAfmk5FVGtBYKWkDiTHFll8kkl60E1feNbfdoy0O_7crC7sB542amtgti5&#038;oh=00_Af0xjnLY3VciWlx6j0YKEogQZ3ex-jbCsOKkKe9HbeKb6w&#038;oe=69DB19C7); background-size: 100% 100%;background-repeat: no-repeat;\">\n\t                                                    <img decoding=\"async\" class=\"eael-facebook-feed-img\" src=\"https:\/\/scontent.fmex44-1.fna.fbcdn.net\/v\/t39.30808-6\/656981961_1445721897348586_7777419082805739498_n.jpg?stp=dst-jpg_s960x960_tt6&#038;_nc_cat=103&#038;ccb=1-7&#038;_nc_sid=13d280&#038;_nc_ohc=qhCM0CBH88cQ7kNvwGhJIgb&#038;_nc_oc=AdpSBa3g5efK-ORCHrTFjmCJLvIbZRwlofUdFueCtTrCnxgbLHHfH5WSF8pEzwYKxFQ&#038;_nc_zt=23&#038;_nc_ht=scontent.fmex44-1.fna&#038;edm=AKK4YLsEAAAA&#038;_nc_gid=69AWBI_B1bsQMFp7VbhhJQ&#038;_nc_tpa=Q5bMBQEQrILcKe1aegrJ7pwAfmk5FVGtBYKWkDiTHFll8kkl60E1feNbfdoy0O_7crC7sB542amtgti5&#038;oh=00_Af0xjnLY3VciWlx6j0YKEogQZ3ex-jbCsOKkKe9HbeKb6w&#038;oe=69DB19C7\">\n\t                                                <\/div>\n\t                                            <\/a><\/div><footer class=\"eael-facebook-feed-item-footer\">\n                                <div class=\"clearfix\"><span class=\"eael-facebook-feed-post-likes\"><i class=\"far fa-thumbs-up\" aria-hidden=\"true\"><\/i> 13<\/span><span class=\"eael-facebook-feed-post-comments\"><i class=\"far fa-comments\" aria-hidden=\"true\"><\/i> 0<\/span><\/div>\n                            <\/footer><\/div>\n                <\/div>        <\/div>\n        <div class=\"clearfix\"><\/div>\n                    <div class=\"eael-load-more-button-wrap\">\n                <button class=\"eael-load-more-button\" id=\"eael-load-more-btn-87700ac\" data-widget-id=\"87700ac\" data-post-id=\"3406\" data-page=\"1\">\n                    <span class=\"eael-btn-loader button__loader\"><\/span>\n                    <span class=\"eael_fb_load_more_text\">Mostrar m\u00e1s Noticias<\/span>\n                <\/button>\n            <\/div>\n            \t\t\t\t<\/div>\n\t\t\t\t<\/div>\n\t\t\t\t<div class=\"elementor-element elementor-element-13e981a elementor-widget elementor-widget-eael-creative-button\" data-id=\"13e981a\" data-element_type=\"widget\" data-widget_type=\"eael-creative-button.default\">\n\t\t\t\t<div class=\"elementor-widget-container\">\n\t\t\t\t\t        <div class=\"eael-creative-button-wrapper\">\n\n            <a class=\"eael-creative-button eael-creative-button--rayen\" href=\"https:\/\/www.facebook.com\/fimuabc\" target=\"_blank\" data-text=\"Ir al sitio!\">\n            \t    \n                <div class=\"creative-button-inner\">\n\n                    \n                    <span class=\"cretive-button-text\">Visita el Sitio Oficial<\/span>\n\n                                            <span class=\"eael-creative-button-icon-right\"><i aria-hidden=\"true\" class=\"fab fa-facebook\"><\/i><\/span>                                    <\/div>\n\t                        <\/a>\n        <\/div>\n        \t\t\t\t<\/div>\n\t\t\t\t<\/div>\n\t\t\t\t<\/div>\n\t\t\t\t<\/div>\n\t\t<div class=\"elementor-element elementor-element-7f413a1 e-con-full e-flex e-con e-child\" data-id=\"7f413a1\" data-element_type=\"container\">\n\t\t<div class=\"elementor-element elementor-element-0f972e2 e-con-full e-flex e-con e-child\" data-id=\"0f972e2\" data-element_type=\"container\" data-settings=\"{&quot;background_background&quot;:&quot;classic&quot;}\">\n\t\t\t\t<div class=\"elementor-element elementor-element-1cc6521 elementor-widget elementor-widget-heading\" data-id=\"1cc6521\" data-element_type=\"widget\" data-widget_type=\"heading.default\">\n\t\t\t\t<div class=\"elementor-widget-container\">\n\t\t\t\t\t<h2 class=\"elementor-heading-title elementor-size-default\">RESPONSABLE DEL PROGRAMA EDUCATIVO<\/h2>\t\t\t\t<\/div>\n\t\t\t\t<\/div>\n\t\t\t\t<div class=\"elementor-element elementor-element-a38254b elementor-widget-divider--view-line elementor-widget elementor-widget-divider\" data-id=\"a38254b\" data-element_type=\"widget\" data-widget_type=\"divider.default\">\n\t\t\t\t<div class=\"elementor-widget-container\">\n\t\t\t\t\t\t\t<div class=\"elementor-divider\">\n\t\t\t<span class=\"elementor-divider-separator\">\n\t\t\t\t\t\t<\/span>\n\t\t<\/div>\n\t\t\t\t\t\t<\/div>\n\t\t\t\t<\/div>\n\t\t\t\t<div class=\"elementor-element elementor-element-a9524b7 elementor-widget elementor-widget-text-editor\" data-id=\"a9524b7\" data-element_type=\"widget\" data-widget_type=\"text-editor.default\">\n\t\t\t\t<div class=\"elementor-widget-container\">\n\t\t\t\t\t\t\t\t\t<p><span style=\"color: #339966; font-size: 10pt;\"><strong>Dr. Edwin R. Garc\u00eda Curiel<\/strong><\/span><br \/><span style=\"font-size: 10pt;\"><em><span style=\"color: #ffcc00;\"><strong>Responsable del Programa Educativo de Ingenier\u00eda de Datos e Inteligencia Artificial<br \/><br \/><\/strong><\/span><\/em><\/span><\/p><p><span style=\"font-size: 10pt;\"><strong><span style=\"color: #339966;\">Email:<\/span> <a href=\"mailto:inteligenciaartificial.fim@uabc.edu.mx\">inteligenciaartificial.fim@uabc.edu.mx<\/a><\/strong><\/span><br \/><span style=\"font-size: 10pt;\"><strong><span style=\"color: #339966;\">Tel\u00e9fono:<\/span> +52 (686) 841-82-35 <\/strong><\/span><\/p><p><span style=\"font-size: 10pt;\"><strong><span style=\"color: #339966;\">Ext.<\/span> 44376<\/strong><\/span><\/p>\t\t\t\t\t\t\t\t<\/div>\n\t\t\t\t<\/div>\n\t\t\t\t<\/div>\n\t\t\t\t<\/div>\n\t\t\t\t<\/div>\n\t\t\t\t<\/div>\n\t\t","protected":false},"excerpt":{"rendered":"<p>Noticias de la Facultad de Ingenier\u00eda Mostrar m\u00e1s Noticias Visita el Sitio Oficial RESPONSABLE DEL PROGRAMA EDUCATIVO Dr. Edwin R. Garc\u00eda CurielResponsable del Programa Educativo de Ingenier\u00eda de Datos e Inteligencia Artificial Email: inteligenciaartificial.fim@uabc.edu.mxTel\u00e9fono: +52 (686) 841-82-35 Ext. 44376<\/p>\n","protected":false},"author":3,"featured_media":0,"parent":0,"menu_order":0,"comment_status":"closed","ping_status":"closed","template":"","meta":{"site-sidebar-layout":"no-sidebar","site-content-layout":"page-builder","ast-site-content-layout":"full-width-container","site-content-style":"default","site-sidebar-style":"default","ast-global-header-display":"","ast-banner-title-visibility":"","ast-main-header-display":"","ast-hfb-above-header-display":"","ast-hfb-below-header-display":"","ast-hfb-mobile-header-display":"","site-post-title":"disabled","ast-breadcrumbs-content":"","ast-featured-img":"disabled","footer-sml-layout":"","ast-disable-related-posts":"","theme-transparent-header-meta":"default","adv-header-id-meta":"","stick-header-meta":"","header-above-stick-meta":"","header-main-stick-meta":"","header-below-stick-meta":"","astra-migrate-meta-layouts":"set","ast-page-background-enabled":"default","ast-page-background-meta":{"desktop":{"background-color":"","background-image":"","background-repeat":"repeat","background-position":"center center","background-size":"auto","background-attachment":"scroll","background-type":"","background-media":"","overlay-type":"","overlay-color":"","overlay-opacity":"","overlay-gradient":""},"tablet":{"background-color":"","background-image":"","background-repeat":"repeat","background-position":"center center","background-size":"auto","background-attachment":"scroll","background-type":"","background-media":"","overlay-type":"","overlay-color":"","overlay-opacity":"","overlay-gradient":""},"mobile":{"background-color":"","background-image":"","background-repeat":"repeat","background-position":"center center","background-size":"auto","background-attachment":"scroll","background-type":"","background-media":"","overlay-type":"","overlay-color":"","overlay-opacity":"","overlay-gradient":""}},"ast-content-background-meta":{"desktop":{"background-color":"var(--ast-global-color-5)","background-image":"","background-repeat":"repeat","background-position":"center center","background-size":"auto","background-attachment":"scroll","background-type":"","background-media":"","overlay-type":"","overlay-color":"","overlay-opacity":"","overlay-gradient":""},"tablet":{"background-color":"var(--ast-global-color-5)","background-image":"","background-repeat":"repeat","background-position":"center center","background-size":"auto","background-attachment":"scroll","background-type":"","background-media":"","overlay-type":"","overlay-color":"","overlay-opacity":"","overlay-gradient":""},"mobile":{"background-color":"var(--ast-global-color-5)","background-image":"","background-repeat":"repeat","background-position":"center center","background-size":"auto","background-attachment":"scroll","background-type":"","background-media":"","overlay-type":"","overlay-color":"","overlay-opacity":"","overlay-gradient":""}},"footnotes":""},"class_list":["post-3406","page","type-page","status-publish","hentry"],"_hostinger_reach_plugin_has_subscription_block":false,"_hostinger_reach_plugin_is_elementor":false,"_links":{"self":[{"href":"https:\/\/ingenieria.mxl.uabc.mx\/pe_lidia\/wp-json\/wp\/v2\/pages\/3406","targetHints":{"allow":["GET"]}}],"collection":[{"href":"https:\/\/ingenieria.mxl.uabc.mx\/pe_lidia\/wp-json\/wp\/v2\/pages"}],"about":[{"href":"https:\/\/ingenieria.mxl.uabc.mx\/pe_lidia\/wp-json\/wp\/v2\/types\/page"}],"author":[{"embeddable":true,"href":"https:\/\/ingenieria.mxl.uabc.mx\/pe_lidia\/wp-json\/wp\/v2\/users\/3"}],"replies":[{"embeddable":true,"href":"https:\/\/ingenieria.mxl.uabc.mx\/pe_lidia\/wp-json\/wp\/v2\/comments?post=3406"}],"version-history":[{"count":105,"href":"https:\/\/ingenieria.mxl.uabc.mx\/pe_lidia\/wp-json\/wp\/v2\/pages\/3406\/revisions"}],"predecessor-version":[{"id":5021,"href":"https:\/\/ingenieria.mxl.uabc.mx\/pe_lidia\/wp-json\/wp\/v2\/pages\/3406\/revisions\/5021"}],"wp:attachment":[{"href":"https:\/\/ingenieria.mxl.uabc.mx\/pe_lidia\/wp-json\/wp\/v2\/media?parent=3406"}],"curies":[{"name":"wp","href":"https:\/\/api.w.org\/{rel}","templated":true}]}}