{"id":2671,"date":"2023-10-09T08:50:34","date_gmt":"2023-10-09T16:50:34","guid":{"rendered":"http:\/\/localhost\/pe_ico\/?page_id=2671"},"modified":"2024-02-23T14:02:30","modified_gmt":"2024-02-23T22:02:30","slug":"mision-y-vision","status":"publish","type":"page","link":"https:\/\/ingenieria.mxl.uabc.mx\/pe_lsc\/mision-y-vision\/","title":{"rendered":"Mision y Vision"},"content":{"rendered":"\t\t<div data-elementor-type=\"wp-page\" data-elementor-id=\"2671\" class=\"elementor elementor-2671\">\n\t\t\t\t<div class=\"elementor-element elementor-element-a32812a e-con-full e-flex e-con e-parent\" data-id=\"a32812a\" data-element_type=\"container\" data-e-type=\"container\">\n\t\t<div class=\"elementor-element elementor-element-d700dbe e-con-full e-flex e-con e-child\" data-id=\"d700dbe\" data-element_type=\"container\" data-e-type=\"container\">\n\t\t<div class=\"elementor-element elementor-element-7f8a134 e-con-full e-flex e-con e-child\" data-id=\"7f8a134\" data-element_type=\"container\" data-e-type=\"container\" data-settings=\"{&quot;background_background&quot;:&quot;classic&quot;}\">\n\t\t\t\t<div class=\"elementor-element elementor-element-7e30e08 elementor-widget elementor-widget-heading\" data-id=\"7e30e08\" data-element_type=\"widget\" data-e-type=\"widget\" data-widget_type=\"heading.default\">\n\t\t\t\t<div class=\"elementor-widget-container\">\n\t\t\t\t\t<h1 class=\"elementor-heading-title elementor-size-default\">Misi\u00f3n, Visi\u00f3n y Objetivos <\/h1>\t\t\t\t<\/div>\n\t\t\t\t<\/div>\n\t\t\t\t<div class=\"elementor-element elementor-element-66d7613 elementor-widget-divider--view-line elementor-widget elementor-widget-divider\" data-id=\"66d7613\" data-element_type=\"widget\" data-e-type=\"widget\" data-widget_type=\"divider.default\">\n\t\t\t\t<div class=\"elementor-widget-container\">\n\t\t\t\t\t\t\t<div class=\"elementor-divider\">\n\t\t\t<span class=\"elementor-divider-separator\">\n\t\t\t\t\t\t<\/span>\n\t\t<\/div>\n\t\t\t\t\t\t<\/div>\n\t\t\t\t<\/div>\n\t\t\t\t<div class=\"elementor-element elementor-element-15ff8cb elementor-widget elementor-widget-text-editor\" data-id=\"15ff8cb\" data-element_type=\"widget\" data-e-type=\"widget\" data-widget_type=\"text-editor.default\">\n\t\t\t\t<div class=\"elementor-widget-container\">\n\t\t\t\t\t\t\t\t\t<p style=\"text-align: left;\" align=\"center\"><strong><span style=\"color: #339966;\"><span style=\"font-size: 24pt;\">Misi\u00f3n<\/span><\/span><\/strong><\/p><div>\u00a0<\/div><div style=\"text-align: left;\"><span style=\"color: #565451; font-family: Helvetica, Arial, sans-serif; font-size: 14pt; font-style: normal; font-weight: 400; text-align: justify;\">Formar profesionistas en el \u00e1rea de Tecnolog\u00edas de la Informaci\u00f3n y Comunicaci\u00f3n, aptos para desarrollar y administrar soluciones inform\u00e1ticas, evaluar el desempe\u00f1o e incidentes de seguridad en las arquitecturas de red local, implementar y administrar proyectos y servicios de software e implementar procesos en las organizaciones con liderazgo, actitud emprendedora y compromiso \u00e9tico, que contribuyan de manera innovadora, cr\u00edtica y creativa al desarrollo productivo en beneficio de la sociedad en el \u00e1mbito regional, transfronterizo, nacional e internacional.<\/span><\/div><div>\u00a0<\/div><h1 style=\"text-align: left;\" align=\"center\"><span style=\"font-size: 24pt; color: #339966;\">Visi\u00f3n<\/span><\/h1><div style=\"text-align: justify;\"><span style=\"color: #565451; font-family: Helvetica, Arial, sans-serif; font-size: 14pt; font-style: normal; font-weight: 400;\">En el a\u00f1o 2030, el programa educativo Licenciatura en Sistemas Computacionales es un programa con acreditaciones y certificaciones, l\u00edder en la formaci\u00f3n de Licenciados en Sistemas Computacionales reconocido en el \u00e1mbito productivo regional, transfronterizo, nacional e internacional. Un programa que impulsa la inclusi\u00f3n y equidad educativa, la visi\u00f3n human\u00edstica y la competitividad de sus egresados, y la excelencia de sus acad\u00e9micos. Un programa que realiza actividades de investigaci\u00f3n, extensi\u00f3n y vinculaci\u00f3n con el sector productivo y social que generen \u00e1reas de crecimiento econ\u00f3mico.<\/span><\/div><div>\u00a0<\/div><h1 style=\"text-align: left;\"><span style=\"font-size: 24pt; color: #339966;\">Objetivo Estrat\u00e9gicos<\/span><\/h1><ul style=\"margin-bottom: 0px; margin-left: 25px; padding-top: 5px; padding-bottom: 5px; font-size: 14px; color: #565451; font-family: Helvetica, Arial, sans-serif; font-style: normal; font-weight: 400;\"><li style=\"font-size: 14px; line-height: 20px; text-align: justify;\"><p style=\"margin-bottom: 15px; font-size: 14px;\"><span style=\"font-size: 14pt;\">Consolidar el programa educativo con acreditaciones y certificaciones, siendo l\u00edder en la formaci\u00f3n de Licenciados en Sistemas Computacionales, reconocidos en el \u00e1mbito productivo nacional e internacional.<\/span><\/p><\/li><li style=\"font-size: 14px; line-height: 20px; text-align: justify;\"><p style=\"margin-bottom: 15px; font-size: 14px;\"><span style=\"font-size: 14pt;\">Formar y propiciar la consolidaci\u00f3n de cuerpos acad\u00e9micos.<\/span><\/p><\/li><li style=\"font-size: 14px; line-height: 20px; text-align: justify;\"><p style=\"margin-bottom: 15px; font-size: 14px;\"><span style=\"font-size: 14pt;\">Incrementar las acciones de vinculaci\u00f3n con los diversos sectores productivos y sociales.<\/span><\/p><\/li><li style=\"font-size: 14px; line-height: 20px; text-align: justify;\"><p style=\"margin-bottom: 15px; font-size: 14px;\"><span style=\"font-size: 14pt;\">Impulsar la participaci\u00f3n emprendedora para que los estudiantes y egresados apliquen sus conocimientos adquiridos y de manera multidisciplinaria e interdisciplinaria generen \u00e1reas de crecimiento econ\u00f3mico.<\/span><\/p><\/li><\/ul>\t\t\t\t\t\t\t\t<\/div>\n\t\t\t\t<\/div>\n\t\t\t\t<\/div>\n\t\t\t\t<\/div>\n\t\t<div class=\"elementor-element elementor-element-7f413a1 e-con-full e-flex e-con e-child\" data-id=\"7f413a1\" data-element_type=\"container\" data-e-type=\"container\">\n\t\t<div class=\"elementor-element elementor-element-0f972e2 e-con-full e-flex e-con e-child\" data-id=\"0f972e2\" data-element_type=\"container\" data-e-type=\"container\" data-settings=\"{&quot;background_background&quot;:&quot;classic&quot;}\">\n\t\t\t\t<div class=\"elementor-element elementor-element-1cc6521 elementor-widget elementor-widget-heading\" data-id=\"1cc6521\" data-element_type=\"widget\" data-e-type=\"widget\" data-widget_type=\"heading.default\">\n\t\t\t\t<div class=\"elementor-widget-container\">\n\t\t\t\t\t<h2 class=\"elementor-heading-title elementor-size-default\">RESPONSABLE DEL PROGRAMA EDUCATIVO<\/h2>\t\t\t\t<\/div>\n\t\t\t\t<\/div>\n\t\t\t\t<div class=\"elementor-element elementor-element-a38254b elementor-widget-divider--view-line elementor-widget elementor-widget-divider\" data-id=\"a38254b\" data-element_type=\"widget\" data-e-type=\"widget\" data-widget_type=\"divider.default\">\n\t\t\t\t<div class=\"elementor-widget-container\">\n\t\t\t\t\t\t\t<div class=\"elementor-divider\">\n\t\t\t<span class=\"elementor-divider-separator\">\n\t\t\t\t\t\t<\/span>\n\t\t<\/div>\n\t\t\t\t\t\t<\/div>\n\t\t\t\t<\/div>\n\t\t\t\t<div class=\"elementor-element elementor-element-1312f45 elementor-widget elementor-widget-text-editor\" data-id=\"1312f45\" data-element_type=\"widget\" data-e-type=\"widget\" data-widget_type=\"text-editor.default\">\n\t\t\t\t<div class=\"elementor-widget-container\">\n\t\t\t\t\t\t\t\t\t<p><span style=\"color: #339966; font-size: 10pt;\"><strong>Dr. Jes\u00fas Eduardo Soto Vega<\/strong><\/span><br \/><span style=\"font-size: 10pt;\"><em><span style=\"color: #ffcc00;\"><strong>Responsable del Programa Educativo de\u00a0 Licenciatura en Sistemas Computacionales<\/strong><\/span><\/em><\/span><\/p><p>\u00a0<\/p><p><span style=\"font-size: 10pt;\"><strong><span style=\"color: #339966;\">Email:<\/span> <span style=\"color: #000000;\"><a style=\"color: #000000;\" href=\"mailto:lsc_fim@uabc.edu.mx\">lsc_fim@uabc.edu.mx<\/a><\/span><\/strong><\/span><br \/><span style=\"font-size: 10pt;\"><strong><span style=\"color: #339966;\">Telefono:<\/span> +52 (686) 841-82-35 <\/strong><\/span><\/p><p><span style=\"font-size: 10pt;\"><strong><span style=\"color: #339966;\">Ext.<\/span> 44371<\/strong><\/span><\/p>\t\t\t\t\t\t\t\t<\/div>\n\t\t\t\t<\/div>\n\t\t\t\t<\/div>\n\t\t<div class=\"elementor-element elementor-element-a58e6d3 e-con-full e-flex e-con e-child\" data-id=\"a58e6d3\" data-element_type=\"container\" data-e-type=\"container\" data-settings=\"{&quot;background_background&quot;:&quot;classic&quot;}\">\n\t\t\t\t<div class=\"elementor-element elementor-element-7b8d082 elementor-widget elementor-widget-heading\" data-id=\"7b8d082\" data-element_type=\"widget\" data-e-type=\"widget\" data-widget_type=\"heading.default\">\n\t\t\t\t<div class=\"elementor-widget-container\">\n\t\t\t\t\t<h2 class=\"elementor-heading-title elementor-size-default\">ACREDITACIONES<\/h2>\t\t\t\t<\/div>\n\t\t\t\t<\/div>\n\t\t\t\t<div class=\"elementor-element elementor-element-01a103b elementor-widget-divider--view-line elementor-widget elementor-widget-divider\" data-id=\"01a103b\" data-element_type=\"widget\" data-e-type=\"widget\" data-widget_type=\"divider.default\">\n\t\t\t\t<div class=\"elementor-widget-container\">\n\t\t\t\t\t\t\t<div class=\"elementor-divider\">\n\t\t\t<span class=\"elementor-divider-separator\">\n\t\t\t\t\t\t<\/span>\n\t\t<\/div>\n\t\t\t\t\t\t<\/div>\n\t\t\t\t<\/div>\n\t\t\t\t<div class=\"elementor-element elementor-element-fa18914 elementor-widget__width-initial elementor-widget elementor-widget-image\" data-id=\"fa18914\" data-element_type=\"widget\" data-e-type=\"widget\" data-widget_type=\"image.default\">\n\t\t\t\t<div class=\"elementor-widget-container\">\n\t\t\t\t\t\t\t\t\t\t\t\t\t\t\t\t<a href=\"https:\/\/ingenieria.mxl.uabc.mx\/pe_lsc\/wp-content\/uploads\/2024\/02\/certificadoconaic.pdf\" target=\"_blank\">\n\t\t\t\t\t\t\t<img decoding=\"async\" src=\"https:\/\/ingenieria.mxl.uabc.mx\/pe_lsc\/wp-content\/uploads\/2024\/02\/logo_conaic-1.jpg\" title=\"\" alt=\"\" loading=\"lazy\" \/>\t\t\t\t\t\t\t\t<\/a>\n\t\t\t\t\t\t\t\t\t\t\t\t\t\t\t<\/div>\n\t\t\t\t<\/div>\n\t\t\t\t<div class=\"elementor-element elementor-element-53c5951 elementor-widget elementor-widget-text-editor\" data-id=\"53c5951\" data-element_type=\"widget\" data-e-type=\"widget\" data-widget_type=\"text-editor.default\">\n\t\t\t\t<div class=\"elementor-widget-container\">\n\t\t\t\t\t\t\t\t\t<p><strong><span style=\"font-size: 10pt;\">Consejo Nacional de Acreditaci\u00f3n en Inform\u00e1tica y Computaci\u00f3n, A.C.<\/span><\/strong><\/p>\t\t\t\t\t\t\t\t<\/div>\n\t\t\t\t<\/div>\n\t\t\t\t<\/div>\n\t\t\t\t<\/div>\n\t\t\t\t<\/div>\n\t\t\t\t<\/div>\n\t\t","protected":false},"excerpt":{"rendered":"<p>Misi\u00f3n, Visi\u00f3n y Objetivos Misi\u00f3n \u00a0Formar profesionistas en el \u00e1rea de Tecnolog\u00edas de la Informaci\u00f3n y Comunicaci\u00f3n, aptos para desarrollar y administrar soluciones inform\u00e1ticas, evaluar el desempe\u00f1o e incidentes de seguridad en las arquitecturas de red local, implementar y administrar proyectos y servicios de software e implementar procesos en las organizaciones con liderazgo, actitud emprendedora [&hellip;]<\/p>\n","protected":false},"author":3,"featured_media":0,"parent":0,"menu_order":0,"comment_status":"closed","ping_status":"closed","template":"","meta":{"site-sidebar-layout":"no-sidebar","site-content-layout":"page-builder","ast-site-content-layout":"full-width-container","site-content-style":"default","site-sidebar-style":"default","ast-global-header-display":"","ast-banner-title-visibility":"","ast-main-header-display":"","ast-hfb-above-header-display":"","ast-hfb-below-header-display":"","ast-hfb-mobile-header-display":"","site-post-title":"disabled","ast-breadcrumbs-content":"","ast-featured-img":"disabled","footer-sml-layout":"","ast-disable-related-posts":"","theme-transparent-header-meta":"default","adv-header-id-meta":"","stick-header-meta":"","header-above-stick-meta":"","header-main-stick-meta":"","header-below-stick-meta":"","astra-migrate-meta-layouts":"set","ast-page-background-enabled":"default","ast-page-background-meta":{"desktop":{"background-color":"","background-image":"","background-repeat":"repeat","background-position":"center center","background-size":"auto","background-attachment":"scroll","background-type":"","background-media":"","overlay-type":"","overlay-color":"","overlay-opacity":"","overlay-gradient":""},"tablet":{"background-color":"","background-image":"","background-repeat":"repeat","background-position":"center center","background-size":"auto","background-attachment":"scroll","background-type":"","background-media":"","overlay-type":"","overlay-color":"","overlay-opacity":"","overlay-gradient":""},"mobile":{"background-color":"","background-image":"","background-repeat":"repeat","background-position":"center center","background-size":"auto","background-attachment":"scroll","background-type":"","background-media":"","overlay-type":"","overlay-color":"","overlay-opacity":"","overlay-gradient":""}},"ast-content-background-meta":{"desktop":{"background-color":"var(--ast-global-color-5)","background-image":"","background-repeat":"repeat","background-position":"center center","background-size":"auto","background-attachment":"scroll","background-type":"","background-media":"","overlay-type":"","overlay-color":"","overlay-opacity":"","overlay-gradient":""},"tablet":{"background-color":"var(--ast-global-color-5)","background-image":"","background-repeat":"repeat","background-position":"center center","background-size":"auto","background-attachment":"scroll","background-type":"","background-media":"","overlay-type":"","overlay-color":"","overlay-opacity":"","overlay-gradient":""},"mobile":{"background-color":"var(--ast-global-color-5)","background-image":"","background-repeat":"repeat","background-position":"center center","background-size":"auto","background-attachment":"scroll","background-type":"","background-media":"","overlay-type":"","overlay-color":"","overlay-opacity":"","overlay-gradient":""}},"footnotes":""},"class_list":["post-2671","page","type-page","status-publish","hentry"],"_links":{"self":[{"href":"https:\/\/ingenieria.mxl.uabc.mx\/pe_lsc\/wp-json\/wp\/v2\/pages\/2671","targetHints":{"allow":["GET"]}}],"collection":[{"href":"https:\/\/ingenieria.mxl.uabc.mx\/pe_lsc\/wp-json\/wp\/v2\/pages"}],"about":[{"href":"https:\/\/ingenieria.mxl.uabc.mx\/pe_lsc\/wp-json\/wp\/v2\/types\/page"}],"author":[{"embeddable":true,"href":"https:\/\/ingenieria.mxl.uabc.mx\/pe_lsc\/wp-json\/wp\/v2\/users\/3"}],"replies":[{"embeddable":true,"href":"https:\/\/ingenieria.mxl.uabc.mx\/pe_lsc\/wp-json\/wp\/v2\/comments?post=2671"}],"version-history":[{"count":247,"href":"https:\/\/ingenieria.mxl.uabc.mx\/pe_lsc\/wp-json\/wp\/v2\/pages\/2671\/revisions"}],"predecessor-version":[{"id":5140,"href":"https:\/\/ingenieria.mxl.uabc.mx\/pe_lsc\/wp-json\/wp\/v2\/pages\/2671\/revisions\/5140"}],"wp:attachment":[{"href":"https:\/\/ingenieria.mxl.uabc.mx\/pe_lsc\/wp-json\/wp\/v2\/media?parent=2671"}],"curies":[{"name":"wp","href":"https:\/\/api.w.org\/{rel}","templated":true}]}}