{"id":4089,"date":"2023-10-25T09:31:57","date_gmt":"2023-10-25T17:31:57","guid":{"rendered":"https:\/\/ingenieria.mxl.uabc.mx\/pe_lsc\/?page_id=4089"},"modified":"2024-02-29T13:27:27","modified_gmt":"2024-02-29T21:27:27","slug":"noticias-programa-educativo","status":"publish","type":"page","link":"https:\/\/ingenieria.mxl.uabc.mx\/pe_lsc\/noticias-programa-educativo\/","title":{"rendered":"Noticias Programa Educativo"},"content":{"rendered":"\t\t<div data-elementor-type=\"wp-page\" data-elementor-id=\"4089\" class=\"elementor elementor-4089\">\n\t\t\t\t<div class=\"elementor-element elementor-element-a32812a e-con-full e-flex e-con e-parent\" data-id=\"a32812a\" data-element_type=\"container\" data-e-type=\"container\">\n\t\t<div class=\"elementor-element elementor-element-d700dbe e-con-full e-flex e-con e-child\" data-id=\"d700dbe\" data-element_type=\"container\" data-e-type=\"container\">\n\t\t<div class=\"elementor-element elementor-element-7f8a134 e-con-full e-flex e-con e-child\" data-id=\"7f8a134\" data-element_type=\"container\" data-e-type=\"container\" data-settings=\"{&quot;background_background&quot;:&quot;classic&quot;}\">\n\t\t\t\t<div class=\"elementor-element elementor-element-7e30e08 elementor-widget elementor-widget-heading\" data-id=\"7e30e08\" data-element_type=\"widget\" data-e-type=\"widget\" data-widget_type=\"heading.default\">\n\t\t\t\t<div class=\"elementor-widget-container\">\n\t\t\t\t\t<h1 class=\"elementor-heading-title elementor-size-default\">Noticias del Programa Educativo<\/h1>\t\t\t\t<\/div>\n\t\t\t\t<\/div>\n\t\t\t\t<div class=\"elementor-element elementor-element-66d7613 elementor-widget-divider--view-line elementor-widget elementor-widget-divider\" data-id=\"66d7613\" data-element_type=\"widget\" data-e-type=\"widget\" data-widget_type=\"divider.default\">\n\t\t\t\t<div class=\"elementor-widget-container\">\n\t\t\t\t\t\t\t<div class=\"elementor-divider\">\n\t\t\t<span class=\"elementor-divider-separator\">\n\t\t\t\t\t\t<\/span>\n\t\t<\/div>\n\t\t\t\t\t\t<\/div>\n\t\t\t\t<\/div>\n\t\t\t\t<div class=\"elementor-element elementor-element-87700ac elementor-widget elementor-widget-eael-facebook-feed\" data-id=\"87700ac\" data-element_type=\"widget\" data-e-type=\"widget\" data-widget_type=\"eael-facebook-feed.default\">\n\t\t\t\t<div class=\"elementor-widget-container\">\n\t\t\t\t\t        <div class=\"eael-facebook-feed eael-col-4 eael-facebook-feed-card\" id=\"eael-facebook-feed-87700ac\">\n            <div class=\"eael-facebook-feed-item\">\n                    <div class=\"eael-facebook-feed-item-inner\">\n                        <header class=\"eael-facebook-feed-item-header clearfix\">\n                            <div class=\"eael-facebook-feed-item-user clearfix\">\n                                <a href=\"https:\/\/www.facebook.com\/146260455549156\" target=\"_blank\"><img decoding=\"async\" src=\"https:\/\/graph.facebook.com\/v4.0\/146260455549156\/picture\" alt=\"Sistemas Computacionales FIM UABC\" class=\"eael-facebook-feed-avatar\"><\/a>\n                                <a href=\"https:\/\/www.facebook.com\/146260455549156\" target=\"_blank\"><p class=\"eael-facebook-feed-username\">Sistemas Computacionales FIM UABC<\/p><\/a>\n                            <\/div><a href=\"https:\/\/www.facebook.com\/416101561088427\/posts\/743735604991686\" target=\"_blank\" class=\"eael-facebook-feed-post-time\"><i class=\"far fa-clock\" aria-hidden=\"true\"><\/i> junio 5, 2025<\/a><\/header><div class=\"eael-facebook-feed-item-content\">\n                                        <p class=\"eael-facebook-feed-message\"> Felicidades al primer grupo de alumnos de LSC que lograron su Certificaci\u00f3n en Mendix Developer, gracias por su esfuerzo y...<\/p>\n                                    <\/div><div class=\"eael-facebook-feed-preview-wrap\"><a href=\"https:\/\/www.facebook.com\/416101561088427\/posts\/743735604991686\" target=\"_blank\" class=\"eael-facebook-feed-preview-img\">\n\t                                                <div class=\"eael-facebook-feed-img-container\" style=\"background:url(https:\/\/scontent.fmex44-1.fna.fbcdn.net\/v\/t39.30808-6\/504413000_743735174991729_7487037492728652845_n.jpg?stp=dst-jpg_s960x960_tt6&#038;_nc_cat=103&#038;ccb=1-7&#038;_nc_sid=13d280&#038;_nc_ohc=sJp41MdQP2MQ7kNvwHYD7Zl&#038;_nc_oc=AdrRwhyjs3pXCjCKSOGTMR0DPeaeScrEZbcfKx3rm1jN6fZsZ2ivPortxa_bOFPOmgM&#038;_nc_zt=23&#038;_nc_ht=scontent.fmex44-1.fna&#038;edm=AKK4YLsEAAAA&#038;_nc_gid=vhSrBQ43L30zhEpZnfx_nQ&#038;_nc_tpa=Q5bMBQE7l4xamufOE7hV1uXmmuYqk5AR8xfPTT44gUlYp62mwUjrcrKx7HqnavvGjktIkrT9ynXJQMBBvA&#038;oh=00_Af3Nd9s6uhnwVM_MqmCG43bGupxxfuJSyFAMlf57mewqEg&#038;oe=69F2117A); background-size: 100% 100%;background-repeat: no-repeat;\">\n\t                                                    <img decoding=\"async\" class=\"eael-facebook-feed-img\" src=\"https:\/\/scontent.fmex44-1.fna.fbcdn.net\/v\/t39.30808-6\/504413000_743735174991729_7487037492728652845_n.jpg?stp=dst-jpg_s960x960_tt6&#038;_nc_cat=103&#038;ccb=1-7&#038;_nc_sid=13d280&#038;_nc_ohc=sJp41MdQP2MQ7kNvwHYD7Zl&#038;_nc_oc=AdrRwhyjs3pXCjCKSOGTMR0DPeaeScrEZbcfKx3rm1jN6fZsZ2ivPortxa_bOFPOmgM&#038;_nc_zt=23&#038;_nc_ht=scontent.fmex44-1.fna&#038;edm=AKK4YLsEAAAA&#038;_nc_gid=vhSrBQ43L30zhEpZnfx_nQ&#038;_nc_tpa=Q5bMBQE7l4xamufOE7hV1uXmmuYqk5AR8xfPTT44gUlYp62mwUjrcrKx7HqnavvGjktIkrT9ynXJQMBBvA&#038;oh=00_Af3Nd9s6uhnwVM_MqmCG43bGupxxfuJSyFAMlf57mewqEg&#038;oe=69F2117A\">\n\t                                                <\/div>\n\t                                            <\/a><\/div><footer class=\"eael-facebook-feed-item-footer\">\n                                <div class=\"clearfix\"><span class=\"eael-facebook-feed-post-likes\"><i class=\"far fa-thumbs-up\" aria-hidden=\"true\"><\/i> 0<\/span><span class=\"eael-facebook-feed-post-comments\"><i class=\"far fa-comments\" aria-hidden=\"true\"><\/i> 0<\/span><\/div>\n                            <\/footer><\/div>\n                <\/div><div class=\"eael-facebook-feed-item\">\n                    <div class=\"eael-facebook-feed-item-inner\">\n                        <header class=\"eael-facebook-feed-item-header clearfix\">\n                            <div class=\"eael-facebook-feed-item-user clearfix\">\n                                <a href=\"https:\/\/www.facebook.com\/146260455549156\" target=\"_blank\"><img decoding=\"async\" src=\"https:\/\/graph.facebook.com\/v4.0\/146260455549156\/picture\" alt=\"Sistemas Computacionales FIM UABC\" class=\"eael-facebook-feed-avatar\"><\/a>\n                                <a href=\"https:\/\/www.facebook.com\/146260455549156\" target=\"_blank\"><p class=\"eael-facebook-feed-username\">Sistemas Computacionales FIM UABC<\/p><\/a>\n                            <\/div><a href=\"https:\/\/www.facebook.com\/416101561088427\/posts\/577172781647970\" target=\"_blank\" class=\"eael-facebook-feed-post-time\"><i class=\"far fa-clock\" aria-hidden=\"true\"><\/i> octubre 28, 2024<\/a><\/header><div class=\"eael-facebook-feed-item-content\">\n                                        <p class=\"eael-facebook-feed-message\"> 57 ANIVERSARIO DE LA FIM-UABC<\/p>\n                                    <\/div><div class=\"eael-facebook-feed-preview-wrap\"><a href=\"https:\/\/www.facebook.com\/416101561088427\/posts\/577172781647970\" target=\"_blank\" class=\"eael-facebook-feed-preview-img\">\n\t                                                <div class=\"eael-facebook-feed-img-container\" style=\"background:url(); background-size: 100% 100%;background-repeat: no-repeat;\">\n\t                                                    <img decoding=\"async\" class=\"eael-facebook-feed-img\" src=\"\">\n\t                                                <\/div>\n\t                                            <\/a><\/div><footer class=\"eael-facebook-feed-item-footer\">\n                                <div class=\"clearfix\"><span class=\"eael-facebook-feed-post-likes\"><i class=\"far fa-thumbs-up\" aria-hidden=\"true\"><\/i> 0<\/span><span class=\"eael-facebook-feed-post-comments\"><i class=\"far fa-comments\" aria-hidden=\"true\"><\/i> 0<\/span><\/div>\n                            <\/footer><\/div>\n                <\/div><div class=\"eael-facebook-feed-item\">\n                    <div class=\"eael-facebook-feed-item-inner\">\n                        <header class=\"eael-facebook-feed-item-header clearfix\">\n                            <div class=\"eael-facebook-feed-item-user clearfix\">\n                                <a href=\"https:\/\/www.facebook.com\/146260455549156\" target=\"_blank\"><img decoding=\"async\" src=\"https:\/\/graph.facebook.com\/v4.0\/146260455549156\/picture\" alt=\"Sistemas Computacionales FIM UABC\" class=\"eael-facebook-feed-avatar\"><\/a>\n                                <a href=\"https:\/\/www.facebook.com\/146260455549156\" target=\"_blank\"><p class=\"eael-facebook-feed-username\">Sistemas Computacionales FIM UABC<\/p><\/a>\n                            <\/div><a href=\"https:\/\/www.facebook.com\/416101561088427\/posts\/573526155345966\" target=\"_blank\" class=\"eael-facebook-feed-post-time\"><i class=\"far fa-clock\" aria-hidden=\"true\"><\/i> octubre 23, 2024<\/a><\/header><div class=\"eael-facebook-feed-item-content\">\n                                        <p class=\"eael-facebook-feed-message\"> \ud835\udc04\ud835\udc31\ud835\udc29\ud835\udc28 \ud835\udc0f\ud835\udc2b\ud835\udc28\ud835\udc1f\ud835\udc1e\ud835\udc2c\ud835\udc22\ud835\udc28\ud835\udc27\ud835\udc1e\ud835\udc2c \ud835\udc14\ud835\udc00\ud835\udc01\ud835\udc02<\/p>\n                                    <\/div><div class=\"eael-facebook-feed-preview-wrap\"><a href=\"https:\/\/www.facebook.com\/416101561088427\/posts\/573526155345966\" target=\"_blank\" class=\"eael-facebook-feed-preview-img\">\n\t                                                <div class=\"eael-facebook-feed-img-container\" style=\"background:url(); background-size: 100% 100%;background-repeat: no-repeat;\">\n\t                                                    <img decoding=\"async\" class=\"eael-facebook-feed-img\" src=\"\">\n\t                                                <\/div>\n\t                                            <\/a><\/div><footer class=\"eael-facebook-feed-item-footer\">\n                                <div class=\"clearfix\"><span class=\"eael-facebook-feed-post-likes\"><i class=\"far fa-thumbs-up\" aria-hidden=\"true\"><\/i> 0<\/span><span class=\"eael-facebook-feed-post-comments\"><i class=\"far fa-comments\" aria-hidden=\"true\"><\/i> 0<\/span><\/div>\n                            <\/footer><\/div>\n                <\/div><div class=\"eael-facebook-feed-item\">\n                    <div class=\"eael-facebook-feed-item-inner\">\n                        <header class=\"eael-facebook-feed-item-header clearfix\">\n                            <div class=\"eael-facebook-feed-item-user clearfix\">\n                                <a href=\"https:\/\/www.facebook.com\/146260455549156\" target=\"_blank\"><img decoding=\"async\" src=\"https:\/\/graph.facebook.com\/v4.0\/146260455549156\/picture\" alt=\"Sistemas Computacionales FIM UABC\" class=\"eael-facebook-feed-avatar\"><\/a>\n                                <a href=\"https:\/\/www.facebook.com\/146260455549156\" target=\"_blank\"><p class=\"eael-facebook-feed-username\">Sistemas Computacionales FIM UABC<\/p><\/a>\n                            <\/div><a href=\"https:\/\/www.facebook.com\/416101561088427\/posts\/573525662012682\" target=\"_blank\" class=\"eael-facebook-feed-post-time\"><i class=\"far fa-clock\" aria-hidden=\"true\"><\/i> octubre 23, 2024<\/a><\/header><div class=\"eael-facebook-feed-item-content\">\n                                        <p class=\"eael-facebook-feed-message\"> Calendario de pr\u00f3ximas Convocatorias de UABC<\/p>\n                                    <\/div><div class=\"eael-facebook-feed-preview-wrap\"><a href=\"https:\/\/www.facebook.com\/416101561088427\/posts\/573525662012682\" target=\"_blank\" class=\"eael-facebook-feed-preview-img\">\n\t                                                <div class=\"eael-facebook-feed-img-container\" style=\"background:url(); background-size: 100% 100%;background-repeat: no-repeat;\">\n\t                                                    <img decoding=\"async\" class=\"eael-facebook-feed-img\" src=\"\">\n\t                                                <\/div>\n\t                                            <\/a><\/div><footer class=\"eael-facebook-feed-item-footer\">\n                                <div class=\"clearfix\"><span class=\"eael-facebook-feed-post-likes\"><i class=\"far fa-thumbs-up\" aria-hidden=\"true\"><\/i> 0<\/span><span class=\"eael-facebook-feed-post-comments\"><i class=\"far fa-comments\" aria-hidden=\"true\"><\/i> 0<\/span><\/div>\n                            <\/footer><\/div>\n                <\/div>        <\/div>\n        <div class=\"clearfix\"><\/div>\n                    <div class=\"eael-load-more-button-wrap\">\n                <button class=\"eael-load-more-button\" id=\"eael-load-more-btn-87700ac\" data-widget-id=\"87700ac\" data-post-id=\"4089\" data-page=\"1\">\n                    <span class=\"eael-btn-loader button__loader\"><\/span>\n                    <span class=\"eael_fb_load_more_text\">Mostrar m\u00e1s Noticias<\/span>\n                <\/button>\n            <\/div>\n            \t\t\t\t<\/div>\n\t\t\t\t<\/div>\n\t\t\t\t<div class=\"elementor-element elementor-element-13e981a elementor-widget elementor-widget-eael-creative-button\" data-id=\"13e981a\" data-element_type=\"widget\" data-e-type=\"widget\" data-widget_type=\"eael-creative-button.default\">\n\t\t\t\t<div class=\"elementor-widget-container\">\n\t\t\t\t\t        <div class=\"eael-creative-button-wrapper\">\n\n            <a class=\"eael-creative-button eael-creative-button--rayen eael-cb-icon-position-right\" href=\"https:\/\/www.facebook.com\/146260455549156\" target=\"_blank\" data-text=\"Ir al sitio!\">\n            \t    \n                <div class=\"creative-button-inner\">\n\n                    \n                    <span class=\"cretive-button-text\">Visita el Sitio Oficial<\/span>\n\n                                            <span class=\"eael-creative-button-icon-right\"><i aria-hidden=\"true\" class=\"fab fa-facebook\"><\/i><\/span>                                    <\/div>\n\t                        <\/a>\n        <\/div>\n        \t\t\t\t<\/div>\n\t\t\t\t<\/div>\n\t\t\t\t<\/div>\n\t\t\t\t<\/div>\n\t\t<div class=\"elementor-element elementor-element-7f413a1 e-con-full e-flex e-con e-child\" data-id=\"7f413a1\" data-element_type=\"container\" data-e-type=\"container\">\n\t\t<div class=\"elementor-element elementor-element-0f972e2 e-con-full e-flex e-con e-child\" data-id=\"0f972e2\" data-element_type=\"container\" data-e-type=\"container\" data-settings=\"{&quot;background_background&quot;:&quot;classic&quot;}\">\n\t\t\t\t<div class=\"elementor-element elementor-element-1cc6521 elementor-widget elementor-widget-heading\" data-id=\"1cc6521\" data-element_type=\"widget\" data-e-type=\"widget\" data-widget_type=\"heading.default\">\n\t\t\t\t<div class=\"elementor-widget-container\">\n\t\t\t\t\t<h2 class=\"elementor-heading-title elementor-size-default\">RESPONSABLE DEL PROGRAMA EDUCATIVO<\/h2>\t\t\t\t<\/div>\n\t\t\t\t<\/div>\n\t\t\t\t<div class=\"elementor-element elementor-element-a38254b elementor-widget-divider--view-line elementor-widget elementor-widget-divider\" data-id=\"a38254b\" data-element_type=\"widget\" data-e-type=\"widget\" data-widget_type=\"divider.default\">\n\t\t\t\t<div class=\"elementor-widget-container\">\n\t\t\t\t\t\t\t<div class=\"elementor-divider\">\n\t\t\t<span class=\"elementor-divider-separator\">\n\t\t\t\t\t\t<\/span>\n\t\t<\/div>\n\t\t\t\t\t\t<\/div>\n\t\t\t\t<\/div>\n\t\t\t\t<div class=\"elementor-element elementor-element-1312f45 elementor-widget elementor-widget-text-editor\" data-id=\"1312f45\" data-element_type=\"widget\" data-e-type=\"widget\" data-widget_type=\"text-editor.default\">\n\t\t\t\t<div class=\"elementor-widget-container\">\n\t\t\t\t\t\t\t\t\t<p><span style=\"color: #339966; font-size: 10pt;\"><strong>Dr. Jes\u00fas Eduardo Soto Vega<\/strong><\/span><br \/><span style=\"font-size: 10pt;\"><em><span style=\"color: #ffcc00;\"><strong>Responsable del Programa Educativo de\u00a0 Licenciatura en Sistemas Computacionales<\/strong><\/span><\/em><\/span><\/p><p>\u00a0<\/p><p><span style=\"font-size: 10pt;\"><strong><span style=\"color: #339966;\">Email:<\/span> <span style=\"color: #000000;\"><a style=\"color: #000000;\" href=\"mailto:lsc_fim@uabc.edu.mx\">lsc_fim@uabc.edu.mx<\/a><\/span><\/strong><\/span><br \/><span style=\"font-size: 10pt;\"><span style=\"color: #339966;\"><span style=\"color: #339966;\"><span style=\"font-size: 13.3333px;\"><b>Tel\u00e9fono<\/b><\/span><\/span><span style=\"font-size: 10pt; color: #339966;\"><b>:<\/b><\/span><\/span><b style=\"font-size: 10pt;\"> +52 (686) 841-82-35 <\/b><\/span><\/p><p><span style=\"font-size: 10pt;\"><strong><span style=\"color: #339966;\">Ext.<\/span> 44371<\/strong><\/span><\/p>\t\t\t\t\t\t\t\t<\/div>\n\t\t\t\t<\/div>\n\t\t\t\t<\/div>\n\t\t<div class=\"elementor-element elementor-element-a58e6d3 e-con-full e-flex e-con e-child\" data-id=\"a58e6d3\" data-element_type=\"container\" data-e-type=\"container\" data-settings=\"{&quot;background_background&quot;:&quot;classic&quot;}\">\n\t\t\t\t<div class=\"elementor-element elementor-element-7b8d082 elementor-widget elementor-widget-heading\" data-id=\"7b8d082\" data-element_type=\"widget\" data-e-type=\"widget\" data-widget_type=\"heading.default\">\n\t\t\t\t<div class=\"elementor-widget-container\">\n\t\t\t\t\t<h2 class=\"elementor-heading-title elementor-size-default\">ACREDITACIONES<\/h2>\t\t\t\t<\/div>\n\t\t\t\t<\/div>\n\t\t\t\t<div class=\"elementor-element elementor-element-01a103b elementor-widget-divider--view-line elementor-widget elementor-widget-divider\" data-id=\"01a103b\" data-element_type=\"widget\" data-e-type=\"widget\" data-widget_type=\"divider.default\">\n\t\t\t\t<div class=\"elementor-widget-container\">\n\t\t\t\t\t\t\t<div class=\"elementor-divider\">\n\t\t\t<span class=\"elementor-divider-separator\">\n\t\t\t\t\t\t<\/span>\n\t\t<\/div>\n\t\t\t\t\t\t<\/div>\n\t\t\t\t<\/div>\n\t\t\t\t<div class=\"elementor-element elementor-element-3fdd744 elementor-widget__width-initial elementor-widget elementor-widget-image\" data-id=\"3fdd744\" data-element_type=\"widget\" data-e-type=\"widget\" data-widget_type=\"image.default\">\n\t\t\t\t<div class=\"elementor-widget-container\">\n\t\t\t\t\t\t\t\t\t\t\t\t\t\t\t\t<a href=\"https:\/\/ingenieria.mxl.uabc.mx\/pe_lsc\/wp-content\/uploads\/2024\/02\/certificadoconaic.pdf\" target=\"_blank\">\n\t\t\t\t\t\t\t<img decoding=\"async\" src=\"https:\/\/ingenieria.mxl.uabc.mx\/pe_lsc\/wp-content\/uploads\/2024\/02\/logo_conaic-1.jpg\" title=\"\" alt=\"\" loading=\"lazy\" \/>\t\t\t\t\t\t\t\t<\/a>\n\t\t\t\t\t\t\t\t\t\t\t\t\t\t\t<\/div>\n\t\t\t\t<\/div>\n\t\t\t\t<div class=\"elementor-element elementor-element-0cfc7ae elementor-widget elementor-widget-text-editor\" data-id=\"0cfc7ae\" data-element_type=\"widget\" data-e-type=\"widget\" data-widget_type=\"text-editor.default\">\n\t\t\t\t<div class=\"elementor-widget-container\">\n\t\t\t\t\t\t\t\t\t<p><strong><span style=\"font-size: 10pt;\">Consejo Nacional de Acreditaci\u00f3n en Inform\u00e1tica y Computaci\u00f3n, A.C.<\/span><\/strong><\/p>\t\t\t\t\t\t\t\t<\/div>\n\t\t\t\t<\/div>\n\t\t\t\t<\/div>\n\t\t\t\t<\/div>\n\t\t\t\t<\/div>\n\t\t\t\t<\/div>\n\t\t","protected":false},"excerpt":{"rendered":"<p>Noticias del Programa Educativo Sistemas Computacionales FIM UABC febrero 22, 2024 https:\/\/mexicoindustry.com\/noticia\/bosch-mexico-y-la-uabc-fortalecen-la-educacion-a-traves-del-modelo-dual Bosch M\u00e9xico y la UABC fortalecen la educaci\u00f3n a trav\u00e9s del modelo Dual Bosch M\u00e9xico, empresa dedicada a la tecnolog\u00eda, reafirm\u00f3 su compromiso con la educaci\u00f3n mediante un acuerdo de colaboraci\u00f3n con la Universidad Aut\u00f3noma de Baja California (UABC) para enriquecer la formaci\u00f3n [&hellip;]<\/p>\n","protected":false},"author":3,"featured_media":0,"parent":0,"menu_order":0,"comment_status":"closed","ping_status":"closed","template":"","meta":{"site-sidebar-layout":"no-sidebar","site-content-layout":"page-builder","ast-site-content-layout":"full-width-container","site-content-style":"default","site-sidebar-style":"default","ast-global-header-display":"","ast-banner-title-visibility":"","ast-main-header-display":"","ast-hfb-above-header-display":"","ast-hfb-below-header-display":"","ast-hfb-mobile-header-display":"","site-post-title":"disabled","ast-breadcrumbs-content":"","ast-featured-img":"disabled","footer-sml-layout":"","ast-disable-related-posts":"","theme-transparent-header-meta":"default","adv-header-id-meta":"","stick-header-meta":"","header-above-stick-meta":"","header-main-stick-meta":"","header-below-stick-meta":"","astra-migrate-meta-layouts":"set","ast-page-background-enabled":"default","ast-page-background-meta":{"desktop":{"background-color":"","background-image":"","background-repeat":"repeat","background-position":"center center","background-size":"auto","background-attachment":"scroll","background-type":"","background-media":"","overlay-type":"","overlay-color":"","overlay-opacity":"","overlay-gradient":""},"tablet":{"background-color":"","background-image":"","background-repeat":"repeat","background-position":"center center","background-size":"auto","background-attachment":"scroll","background-type":"","background-media":"","overlay-type":"","overlay-color":"","overlay-opacity":"","overlay-gradient":""},"mobile":{"background-color":"","background-image":"","background-repeat":"repeat","background-position":"center center","background-size":"auto","background-attachment":"scroll","background-type":"","background-media":"","overlay-type":"","overlay-color":"","overlay-opacity":"","overlay-gradient":""}},"ast-content-background-meta":{"desktop":{"background-color":"var(--ast-global-color-5)","background-image":"","background-repeat":"repeat","background-position":"center center","background-size":"auto","background-attachment":"scroll","background-type":"","background-media":"","overlay-type":"","overlay-color":"","overlay-opacity":"","overlay-gradient":""},"tablet":{"background-color":"var(--ast-global-color-5)","background-image":"","background-repeat":"repeat","background-position":"center center","background-size":"auto","background-attachment":"scroll","background-type":"","background-media":"","overlay-type":"","overlay-color":"","overlay-opacity":"","overlay-gradient":""},"mobile":{"background-color":"var(--ast-global-color-5)","background-image":"","background-repeat":"repeat","background-position":"center center","background-size":"auto","background-attachment":"scroll","background-type":"","background-media":"","overlay-type":"","overlay-color":"","overlay-opacity":"","overlay-gradient":""}},"footnotes":""},"class_list":["post-4089","page","type-page","status-publish","hentry"],"_links":{"self":[{"href":"https:\/\/ingenieria.mxl.uabc.mx\/pe_lsc\/wp-json\/wp\/v2\/pages\/4089","targetHints":{"allow":["GET"]}}],"collection":[{"href":"https:\/\/ingenieria.mxl.uabc.mx\/pe_lsc\/wp-json\/wp\/v2\/pages"}],"about":[{"href":"https:\/\/ingenieria.mxl.uabc.mx\/pe_lsc\/wp-json\/wp\/v2\/types\/page"}],"author":[{"embeddable":true,"href":"https:\/\/ingenieria.mxl.uabc.mx\/pe_lsc\/wp-json\/wp\/v2\/users\/3"}],"replies":[{"embeddable":true,"href":"https:\/\/ingenieria.mxl.uabc.mx\/pe_lsc\/wp-json\/wp\/v2\/comments?post=4089"}],"version-history":[{"count":23,"href":"https:\/\/ingenieria.mxl.uabc.mx\/pe_lsc\/wp-json\/wp\/v2\/pages\/4089\/revisions"}],"predecessor-version":[{"id":5203,"href":"https:\/\/ingenieria.mxl.uabc.mx\/pe_lsc\/wp-json\/wp\/v2\/pages\/4089\/revisions\/5203"}],"wp:attachment":[{"href":"https:\/\/ingenieria.mxl.uabc.mx\/pe_lsc\/wp-json\/wp\/v2\/media?parent=4089"}],"curies":[{"name":"wp","href":"https:\/\/api.w.org\/{rel}","templated":true}]}}