{"id":5416,"date":"2024-06-19T10:52:20","date_gmt":"2024-06-19T18:52:20","guid":{"rendered":"https:\/\/ingenieria.mxl.uabc.mx\/pe_lsc\/?page_id=5416"},"modified":"2025-11-06T20:56:14","modified_gmt":"2025-11-07T04:56:14","slug":"egresos-ejercidos","status":"publish","type":"page","link":"https:\/\/ingenieria.mxl.uabc.mx\/pe_lsc\/egresos-ejercidos\/","title":{"rendered":"Egresos ejercidos"},"content":{"rendered":"\t\t<div data-elementor-type=\"wp-page\" data-elementor-id=\"5416\" class=\"elementor elementor-5416\">\n\t\t\t\t<div class=\"elementor-element elementor-element-a32812a e-con-full e-flex e-con e-parent\" data-id=\"a32812a\" data-element_type=\"container\" data-e-type=\"container\">\n\t\t<div class=\"elementor-element elementor-element-d700dbe e-con-full e-flex e-con e-child\" data-id=\"d700dbe\" data-element_type=\"container\" data-e-type=\"container\">\n\t\t<div class=\"elementor-element elementor-element-7f8a134 e-con-full e-flex e-con e-child\" data-id=\"7f8a134\" data-element_type=\"container\" data-e-type=\"container\" data-settings=\"{&quot;background_background&quot;:&quot;classic&quot;}\">\n\t\t\t\t<div class=\"elementor-element elementor-element-7e30e08 elementor-widget elementor-widget-heading\" data-id=\"7e30e08\" data-element_type=\"widget\" data-e-type=\"widget\" data-widget_type=\"heading.default\">\n\t\t\t\t<div class=\"elementor-widget-container\">\n\t\t\t\t\t<h1 class=\"elementor-heading-title elementor-size-default\">Egresos ejercidos<\/h1>\t\t\t\t<\/div>\n\t\t\t\t<\/div>\n\t\t\t\t<div class=\"elementor-element elementor-element-66d7613 elementor-widget-divider--view-line elementor-widget elementor-widget-divider\" data-id=\"66d7613\" data-element_type=\"widget\" data-e-type=\"widget\" data-widget_type=\"divider.default\">\n\t\t\t\t<div class=\"elementor-widget-container\">\n\t\t\t\t\t\t\t<div class=\"elementor-divider\">\n\t\t\t<span class=\"elementor-divider-separator\">\n\t\t\t\t\t\t<\/span>\n\t\t<\/div>\n\t\t\t\t\t\t<\/div>\n\t\t\t\t<\/div>\n\t\t\t\t<div class=\"elementor-element elementor-element-96db14d elementor-widget elementor-widget-text-editor\" data-id=\"96db14d\" data-element_type=\"widget\" data-e-type=\"widget\" data-widget_type=\"text-editor.default\">\n\t\t\t\t<div class=\"elementor-widget-container\">\n\t\t\t\t\t\t\t\t\t<p><span style=\"font-size: 14pt;\">En este apartado se pueden consultar los egresos ejercidos por el programa educativo y los recursos asignados en ciclos anteriores.<\/span><\/p>\t\t\t\t\t\t\t\t<\/div>\n\t\t\t\t<\/div>\n\t\t\t\t<div class=\"elementor-element elementor-element-15ff8cb elementor-widget elementor-widget-text-editor\" data-id=\"15ff8cb\" data-element_type=\"widget\" data-e-type=\"widget\" data-widget_type=\"text-editor.default\">\n\t\t\t\t<div class=\"elementor-widget-container\">\n\t\t\t\t\t\t\t\t\t<p style=\"text-align: center;\"><a href=\"https:\/\/ingenieria.mxl.uabc.mx\/pe_lsc\/wp-content\/uploads\/2025\/11\/2025-LSC.pdf\" target=\"_blank\" rel=\"noopener\"><span style=\"font-size: 14pt;\">2024<\/span><\/a><\/p><p style=\"text-align: center;\"><a href=\"https:\/\/ingenieria.mxl.uabc.mx\/pe_lsc\/wp-content\/uploads\/2024\/06\/lsc-232.pdf\" target=\"_blank\" rel=\"noopener\"><span style=\"font-size: 14pt;\">2023-2<\/span><\/a><\/p><p style=\"text-align: center;\"><a href=\"https:\/\/ingenieria.mxl.uabc.mx\/pe_lsc\/wp-content\/uploads\/2024\/06\/lsc-231.pdf\" target=\"_blank\" rel=\"noopener\"><span style=\"font-size: 14pt;\">2023-1<\/span><\/a><\/p><p style=\"text-align: center;\"><a href=\"https:\/\/ingenieria.mxl.uabc.mx\/pe_lsc\/wp-content\/uploads\/2024\/06\/lsc-222.pdf\" target=\"_blank\" rel=\"noopener\"><span style=\"font-size: 14pt;\">2022-2<\/span><\/a><\/p><p style=\"text-align: center;\"><a href=\"https:\/\/ingenieria.mxl.uabc.mx\/pe_lsc\/wp-content\/uploads\/2024\/06\/lsc-221.pdf\" target=\"_blank\" rel=\"noopener\"><span style=\"font-size: 14pt;\">2022-1<\/span><\/a><\/p><p style=\"text-align: center;\"><a href=\"https:\/\/ingenieria.mxl.uabc.mx\/pe_lsc\/wp-content\/uploads\/2024\/06\/lsc-212.pdf\" target=\"_blank\" rel=\"noopener\"><span style=\"font-size: 14pt;\">2021-2<\/span><\/a><\/p><p style=\"text-align: center;\"><a href=\"https:\/\/ingenieria.mxl.uabc.mx\/pe_lsc\/wp-content\/uploads\/2024\/06\/lsc-211.pdf\" target=\"_blank\" rel=\"noopener\"><span style=\"font-size: 14pt;\">2021-1<\/span><\/a><\/p><p style=\"text-align: center;\"><a href=\"https:\/\/ingenieria.mxl.uabc.mx\/pe_lsc\/wp-content\/uploads\/2024\/06\/lsc-202.pdf\" target=\"_blank\" rel=\"noopener\"><span style=\"font-size: 14pt;\">2020-2<\/span><\/a><\/p><p style=\"text-align: center;\"><a href=\"https:\/\/ingenieria.mxl.uabc.mx\/pe_lsc\/wp-content\/uploads\/2024\/06\/lsc-201.pdf\" target=\"_blank\" rel=\"noopener\"><span style=\"font-size: 14pt;\">2020-1<\/span><\/a><\/p><p style=\"text-align: center;\"><a href=\"https:\/\/ingenieria.mxl.uabc.mx\/pe_lsc\/wp-content\/uploads\/2024\/06\/lsc-192.pdf\" target=\"_blank\" rel=\"noopener\"><span style=\"font-size: 14pt;\">2019-2<\/span><\/a><\/p><p style=\"text-align: center;\"><a href=\"https:\/\/ingenieria.mxl.uabc.mx\/pe_lsc\/wp-content\/uploads\/2024\/06\/lsc-191.pdf\" target=\"_blank\" rel=\"noopener\"><span style=\"font-size: 14pt;\">2019-1<\/span><\/a><\/p><p style=\"text-align: center;\"><span style=\"font-size: 14pt;\">\u00a0<\/span><\/p><p style=\"text-align: center;\"><span style=\"font-size: 14pt;\">\u00a0<\/span><\/p>\t\t\t\t\t\t\t\t<\/div>\n\t\t\t\t<\/div>\n\t\t\t\t<\/div>\n\t\t\t\t<\/div>\n\t\t<div class=\"elementor-element elementor-element-7f413a1 e-con-full e-flex e-con e-child\" data-id=\"7f413a1\" data-element_type=\"container\" data-e-type=\"container\">\n\t\t<div class=\"elementor-element elementor-element-0f972e2 e-con-full e-flex e-con e-child\" data-id=\"0f972e2\" data-element_type=\"container\" data-e-type=\"container\" data-settings=\"{&quot;background_background&quot;:&quot;classic&quot;}\">\n\t\t\t\t<div class=\"elementor-element elementor-element-1cc6521 elementor-widget elementor-widget-heading\" data-id=\"1cc6521\" data-element_type=\"widget\" data-e-type=\"widget\" data-widget_type=\"heading.default\">\n\t\t\t\t<div class=\"elementor-widget-container\">\n\t\t\t\t\t<h2 class=\"elementor-heading-title elementor-size-default\">RESPONSABLE DEL PROGRAMA EDUCATIVO<\/h2>\t\t\t\t<\/div>\n\t\t\t\t<\/div>\n\t\t\t\t<div class=\"elementor-element elementor-element-a38254b elementor-widget-divider--view-line elementor-widget elementor-widget-divider\" data-id=\"a38254b\" data-element_type=\"widget\" data-e-type=\"widget\" data-widget_type=\"divider.default\">\n\t\t\t\t<div class=\"elementor-widget-container\">\n\t\t\t\t\t\t\t<div class=\"elementor-divider\">\n\t\t\t<span class=\"elementor-divider-separator\">\n\t\t\t\t\t\t<\/span>\n\t\t<\/div>\n\t\t\t\t\t\t<\/div>\n\t\t\t\t<\/div>\n\t\t\t\t<div class=\"elementor-element elementor-element-1312f45 elementor-widget elementor-widget-text-editor\" data-id=\"1312f45\" data-element_type=\"widget\" data-e-type=\"widget\" data-widget_type=\"text-editor.default\">\n\t\t\t\t<div class=\"elementor-widget-container\">\n\t\t\t\t\t\t\t\t\t<p><span style=\"color: #339966; font-size: 10pt;\"><strong>Dr. Jes\u00fas Eduardo Soto Vega<\/strong><\/span><br \/><span style=\"font-size: 10pt;\"><em><span style=\"color: #ffcc00;\"><strong>Responsable del Programa Educativo de\u00a0 Licenciatura en Sistemas Computacionales<\/strong><\/span><\/em><\/span><\/p><p>\u00a0<\/p><p><span style=\"font-size: 10pt;\"><strong><span style=\"color: #339966;\">Email:<\/span> <span style=\"color: #000000;\"><a style=\"color: #000000;\" href=\"mailto:lsc_fim@uabc.edu.mx\">lsc_fim@uabc.edu.mx<\/a><\/span><\/strong><\/span><br \/><span style=\"font-size: 10pt;\"><strong><span style=\"color: #339966;\">Telefono:<\/span> +52 (686) 841-82-35 <\/strong><\/span><\/p><p><span style=\"font-size: 10pt;\"><strong><span style=\"color: #339966;\">Ext.<\/span> 44371<\/strong><\/span><\/p>\t\t\t\t\t\t\t\t<\/div>\n\t\t\t\t<\/div>\n\t\t\t\t<\/div>\n\t\t<div class=\"elementor-element elementor-element-a58e6d3 e-con-full e-flex e-con e-child\" data-id=\"a58e6d3\" data-element_type=\"container\" data-e-type=\"container\" data-settings=\"{&quot;background_background&quot;:&quot;classic&quot;}\">\n\t\t\t\t<div class=\"elementor-element elementor-element-7b8d082 elementor-widget elementor-widget-heading\" data-id=\"7b8d082\" data-element_type=\"widget\" data-e-type=\"widget\" data-widget_type=\"heading.default\">\n\t\t\t\t<div class=\"elementor-widget-container\">\n\t\t\t\t\t<h2 class=\"elementor-heading-title elementor-size-default\">ACREDITACIONES<\/h2>\t\t\t\t<\/div>\n\t\t\t\t<\/div>\n\t\t\t\t<div class=\"elementor-element elementor-element-01a103b elementor-widget-divider--view-line elementor-widget elementor-widget-divider\" data-id=\"01a103b\" data-element_type=\"widget\" data-e-type=\"widget\" data-widget_type=\"divider.default\">\n\t\t\t\t<div class=\"elementor-widget-container\">\n\t\t\t\t\t\t\t<div class=\"elementor-divider\">\n\t\t\t<span class=\"elementor-divider-separator\">\n\t\t\t\t\t\t<\/span>\n\t\t<\/div>\n\t\t\t\t\t\t<\/div>\n\t\t\t\t<\/div>\n\t\t\t\t<div class=\"elementor-element elementor-element-fa18914 elementor-widget__width-initial elementor-widget elementor-widget-image\" data-id=\"fa18914\" data-element_type=\"widget\" data-e-type=\"widget\" data-widget_type=\"image.default\">\n\t\t\t\t<div class=\"elementor-widget-container\">\n\t\t\t\t\t\t\t\t\t\t\t\t\t\t\t\t<a href=\"https:\/\/ingenieria.mxl.uabc.mx\/pe_lsc\/wp-content\/uploads\/2024\/02\/certificadoconaic.pdf\" target=\"_blank\">\n\t\t\t\t\t\t\t<img decoding=\"async\" src=\"https:\/\/ingenieria.mxl.uabc.mx\/pe_lsc\/wp-content\/uploads\/2024\/02\/logo_conaic-1.jpg\" title=\"\" alt=\"\" loading=\"lazy\" \/>\t\t\t\t\t\t\t\t<\/a>\n\t\t\t\t\t\t\t\t\t\t\t\t\t\t\t<\/div>\n\t\t\t\t<\/div>\n\t\t\t\t<div class=\"elementor-element elementor-element-53c5951 elementor-widget elementor-widget-text-editor\" data-id=\"53c5951\" data-element_type=\"widget\" data-e-type=\"widget\" data-widget_type=\"text-editor.default\">\n\t\t\t\t<div class=\"elementor-widget-container\">\n\t\t\t\t\t\t\t\t\t<p><strong><span style=\"font-size: 10pt;\">Consejo Nacional de Acreditaci\u00f3n en Inform\u00e1tica y Computaci\u00f3n, A.C.<\/span><\/strong><\/p>\t\t\t\t\t\t\t\t<\/div>\n\t\t\t\t<\/div>\n\t\t\t\t<\/div>\n\t\t\t\t<\/div>\n\t\t\t\t<\/div>\n\t\t\t\t<\/div>\n\t\t","protected":false},"excerpt":{"rendered":"<p>Egresos ejercidos En este apartado se pueden consultar los egresos ejercidos por el programa educativo y los recursos asignados en ciclos anteriores. 2024 2023-2 2023-1 2022-2 2022-1 2021-2 2021-1 2020-2 2020-1 2019-2 2019-1 \u00a0 \u00a0 RESPONSABLE DEL PROGRAMA EDUCATIVO Dr. Jes\u00fas Eduardo Soto VegaResponsable del Programa Educativo de\u00a0 Licenciatura en Sistemas Computacionales \u00a0 Email: lsc_fim@uabc.edu.mxTelefono: [&hellip;]<\/p>\n","protected":false},"author":6,"featured_media":0,"parent":0,"menu_order":0,"comment_status":"closed","ping_status":"closed","template":"","meta":{"site-sidebar-layout":"no-sidebar","site-content-layout":"page-builder","ast-site-content-layout":"full-width-container","site-content-style":"default","site-sidebar-style":"default","ast-global-header-display":"","ast-banner-title-visibility":"","ast-main-header-display":"","ast-hfb-above-header-display":"","ast-hfb-below-header-display":"","ast-hfb-mobile-header-display":"","site-post-title":"disabled","ast-breadcrumbs-content":"","ast-featured-img":"disabled","footer-sml-layout":"","ast-disable-related-posts":"","theme-transparent-header-meta":"default","adv-header-id-meta":"","stick-header-meta":"","header-above-stick-meta":"","header-main-stick-meta":"","header-below-stick-meta":"","astra-migrate-meta-layouts":"set","ast-page-background-enabled":"default","ast-page-background-meta":{"desktop":{"background-color":"","background-image":"","background-repeat":"repeat","background-position":"center center","background-size":"auto","background-attachment":"scroll","background-type":"","background-media":"","overlay-type":"","overlay-color":"","overlay-opacity":"","overlay-gradient":""},"tablet":{"background-color":"","background-image":"","background-repeat":"repeat","background-position":"center center","background-size":"auto","background-attachment":"scroll","background-type":"","background-media":"","overlay-type":"","overlay-color":"","overlay-opacity":"","overlay-gradient":""},"mobile":{"background-color":"","background-image":"","background-repeat":"repeat","background-position":"center center","background-size":"auto","background-attachment":"scroll","background-type":"","background-media":"","overlay-type":"","overlay-color":"","overlay-opacity":"","overlay-gradient":""}},"ast-content-background-meta":{"desktop":{"background-color":"var(--ast-global-color-5)","background-image":"","background-repeat":"repeat","background-position":"center center","background-size":"auto","background-attachment":"scroll","background-type":"","background-media":"","overlay-type":"","overlay-color":"","overlay-opacity":"","overlay-gradient":""},"tablet":{"background-color":"var(--ast-global-color-5)","background-image":"","background-repeat":"repeat","background-position":"center center","background-size":"auto","background-attachment":"scroll","background-type":"","background-media":"","overlay-type":"","overlay-color":"","overlay-opacity":"","overlay-gradient":""},"mobile":{"background-color":"var(--ast-global-color-5)","background-image":"","background-repeat":"repeat","background-position":"center center","background-size":"auto","background-attachment":"scroll","background-type":"","background-media":"","overlay-type":"","overlay-color":"","overlay-opacity":"","overlay-gradient":""}},"footnotes":""},"class_list":["post-5416","page","type-page","status-publish","hentry"],"_links":{"self":[{"href":"https:\/\/ingenieria.mxl.uabc.mx\/pe_lsc\/wp-json\/wp\/v2\/pages\/5416","targetHints":{"allow":["GET"]}}],"collection":[{"href":"https:\/\/ingenieria.mxl.uabc.mx\/pe_lsc\/wp-json\/wp\/v2\/pages"}],"about":[{"href":"https:\/\/ingenieria.mxl.uabc.mx\/pe_lsc\/wp-json\/wp\/v2\/types\/page"}],"author":[{"embeddable":true,"href":"https:\/\/ingenieria.mxl.uabc.mx\/pe_lsc\/wp-json\/wp\/v2\/users\/6"}],"replies":[{"embeddable":true,"href":"https:\/\/ingenieria.mxl.uabc.mx\/pe_lsc\/wp-json\/wp\/v2\/comments?post=5416"}],"version-history":[{"count":18,"href":"https:\/\/ingenieria.mxl.uabc.mx\/pe_lsc\/wp-json\/wp\/v2\/pages\/5416\/revisions"}],"predecessor-version":[{"id":5522,"href":"https:\/\/ingenieria.mxl.uabc.mx\/pe_lsc\/wp-json\/wp\/v2\/pages\/5416\/revisions\/5522"}],"wp:attachment":[{"href":"https:\/\/ingenieria.mxl.uabc.mx\/pe_lsc\/wp-json\/wp\/v2\/media?parent=5416"}],"curies":[{"name":"wp","href":"https:\/\/api.w.org\/{rel}","templated":true}]}}