{"id":3406,"date":"2023-10-13T10:56:47","date_gmt":"2023-10-13T18:56:47","guid":{"rendered":"http:\/\/localhost\/pe_ico\/?page_id=3406"},"modified":"2025-09-10T14:24:55","modified_gmt":"2025-09-10T22:24:55","slug":"noticias-facultad","status":"publish","type":"page","link":"https:\/\/ingenieria.mxl.uabc.mx\/tc_fim\/noticias-facultad\/","title":{"rendered":"Noticias Facultad"},"content":{"rendered":"\t\t<div data-elementor-type=\"wp-page\" data-elementor-id=\"3406\" class=\"elementor elementor-3406\">\n\t\t\t\t<div class=\"elementor-element elementor-element-a32812a e-con-full e-flex e-con e-parent\" data-id=\"a32812a\" data-element_type=\"container\" data-e-type=\"container\">\n\t\t<div class=\"elementor-element elementor-element-d700dbe e-con-full e-flex e-con e-child\" data-id=\"d700dbe\" data-element_type=\"container\" data-e-type=\"container\">\n\t\t<div class=\"elementor-element elementor-element-7f8a134 e-con-full e-flex e-con e-child\" data-id=\"7f8a134\" data-element_type=\"container\" data-e-type=\"container\" data-settings=\"{&quot;background_background&quot;:&quot;classic&quot;}\">\n\t\t\t\t<div class=\"elementor-element elementor-element-7e30e08 elementor-widget elementor-widget-heading\" data-id=\"7e30e08\" data-element_type=\"widget\" data-e-type=\"widget\" data-widget_type=\"heading.default\">\n\t\t\t\t<div class=\"elementor-widget-container\">\n\t\t\t\t\t<h1 class=\"elementor-heading-title elementor-size-default\">Noticias de la Facultad de Ingenier\u00eda<\/h1>\t\t\t\t<\/div>\n\t\t\t\t<\/div>\n\t\t\t\t<div class=\"elementor-element elementor-element-66d7613 elementor-widget-divider--view-line elementor-widget elementor-widget-divider\" data-id=\"66d7613\" data-element_type=\"widget\" data-e-type=\"widget\" data-widget_type=\"divider.default\">\n\t\t\t\t<div class=\"elementor-widget-container\">\n\t\t\t\t\t\t\t<div class=\"elementor-divider\">\n\t\t\t<span class=\"elementor-divider-separator\">\n\t\t\t\t\t\t<\/span>\n\t\t<\/div>\n\t\t\t\t\t\t<\/div>\n\t\t\t\t<\/div>\n\t\t\t\t<div class=\"elementor-element elementor-element-87700ac elementor-widget elementor-widget-eael-facebook-feed\" data-id=\"87700ac\" data-element_type=\"widget\" data-e-type=\"widget\" data-widget_type=\"eael-facebook-feed.default\">\n\t\t\t\t<div class=\"elementor-widget-container\">\n\t\t\t\t\t        <div class=\"eael-facebook-feed eael-col-4 eael-facebook-feed-card\" id=\"eael-facebook-feed-87700ac\">\n            <div class=\"eael-facebook-feed-item\">\n                    <div class=\"eael-facebook-feed-item-inner\">\n                        <header class=\"eael-facebook-feed-item-header clearfix\">\n                            <div class=\"eael-facebook-feed-item-user clearfix\">\n                                <a href=\"https:\/\/www.facebook.com\/422553107793433\" target=\"_blank\"><img decoding=\"async\" src=\"https:\/\/graph.facebook.com\/v4.0\/422553107793433\/picture\" alt=\"Facultad de Ingenier\u00eda UABC Mexicali\" class=\"eael-facebook-feed-avatar\"><\/a>\n                                <a href=\"https:\/\/www.facebook.com\/422553107793433\" target=\"_blank\"><p class=\"eael-facebook-feed-username\">Facultad de Ingenier\u00eda UABC Mexicali<\/p><\/a>\n                            <\/div><a href=\"https:\/\/www.facebook.com\/848774130376702\/posts\/1454533599800749\" target=\"_blank\" class=\"eael-facebook-feed-post-time\"><i class=\"far fa-clock\" aria-hidden=\"true\"><\/i> abril 8, 2026<\/a><\/header><div class=\"eael-facebook-feed-item-content\">\n                                        <p class=\"eael-facebook-feed-message\"> \ud83c\udf3f\u2728 Pasos diarios para la paz \u2013 Abril 2026 \u2728\ud83c\udf3f Este mes te invitamos a construir la paz desde lo...<\/p>\n                                    <\/div><div class=\"eael-facebook-feed-preview-wrap\"><a href=\"https:\/\/www.facebook.com\/848774130376702\/posts\/1454533599800749\" target=\"_blank\" class=\"eael-facebook-feed-preview-img\">\n\t                                                <div class=\"eael-facebook-feed-img-container\" style=\"background:url(https:\/\/scontent.fmex44-1.fna.fbcdn.net\/v\/t39.30808-6\/668894278_1454532899800819_3985281714765500835_n.jpg?_nc_cat=107&#038;ccb=1-7&#038;_nc_sid=13d280&#038;_nc_ohc=FMhgBWF0o1gQ7kNvwGxKPRs&#038;_nc_oc=AdpVDUUUFsso6dj7hentHpT_u0ZJ47tZlt8jImLPZyrLL-SwAFSpUz-oaT7b6zpevNo&#038;_nc_zt=23&#038;_nc_ht=scontent.fmex44-1.fna&#038;edm=AKK4YLsEAAAA&#038;_nc_gid=YwAeulSpFXvCqLoASBnxPg&#038;_nc_tpa=Q5bMBQHxeAWpn6RPeMj9BRY6RZFWmfBUGphCwWifZa-xoOV9skCOW0j5rzscYzCsa6Bkl35ya9d4PtD3&#038;oh=00_Af2UflLVjXmMbHbtkHU_0PzNc2OVaEOZ80P7UiSu3Ecatw&#038;oe=69DD2EDB); background-size: 100% 100%;background-repeat: no-repeat;\">\n\t                                                    <img decoding=\"async\" class=\"eael-facebook-feed-img\" src=\"https:\/\/scontent.fmex44-1.fna.fbcdn.net\/v\/t39.30808-6\/668894278_1454532899800819_3985281714765500835_n.jpg?_nc_cat=107&#038;ccb=1-7&#038;_nc_sid=13d280&#038;_nc_ohc=FMhgBWF0o1gQ7kNvwGxKPRs&#038;_nc_oc=AdpVDUUUFsso6dj7hentHpT_u0ZJ47tZlt8jImLPZyrLL-SwAFSpUz-oaT7b6zpevNo&#038;_nc_zt=23&#038;_nc_ht=scontent.fmex44-1.fna&#038;edm=AKK4YLsEAAAA&#038;_nc_gid=YwAeulSpFXvCqLoASBnxPg&#038;_nc_tpa=Q5bMBQHxeAWpn6RPeMj9BRY6RZFWmfBUGphCwWifZa-xoOV9skCOW0j5rzscYzCsa6Bkl35ya9d4PtD3&#038;oh=00_Af2UflLVjXmMbHbtkHU_0PzNc2OVaEOZ80P7UiSu3Ecatw&#038;oe=69DD2EDB\">\n\t                                                <\/div>\n\t                                            <\/a><\/div><footer class=\"eael-facebook-feed-item-footer\">\n                                <div class=\"clearfix\"><span class=\"eael-facebook-feed-post-likes\"><i class=\"far fa-thumbs-up\" aria-hidden=\"true\"><\/i> 2<\/span><span class=\"eael-facebook-feed-post-comments\"><i class=\"far fa-comments\" aria-hidden=\"true\"><\/i> 0<\/span><\/div>\n                            <\/footer><\/div>\n                <\/div><div class=\"eael-facebook-feed-item\">\n                    <div class=\"eael-facebook-feed-item-inner\">\n                        <header class=\"eael-facebook-feed-item-header clearfix\">\n                            <div class=\"eael-facebook-feed-item-user clearfix\">\n                                <a href=\"https:\/\/www.facebook.com\/422553107793433\" target=\"_blank\"><img decoding=\"async\" src=\"https:\/\/graph.facebook.com\/v4.0\/422553107793433\/picture\" alt=\"Facultad de Ingenier\u00eda UABC Mexicali\" class=\"eael-facebook-feed-avatar\"><\/a>\n                                <a href=\"https:\/\/www.facebook.com\/422553107793433\" target=\"_blank\"><p class=\"eael-facebook-feed-username\">Facultad de Ingenier\u00eda UABC Mexicali<\/p><\/a>\n                            <\/div><a href=\"https:\/\/www.facebook.com\/848774130376702\/posts\/1454532476467528\" target=\"_blank\" class=\"eael-facebook-feed-post-time\"><i class=\"far fa-clock\" aria-hidden=\"true\"><\/i> abril 8, 2026<\/a><\/header><div class=\"eael-facebook-feed-item-content\">\n                                        <p class=\"eael-facebook-feed-message\"> \u265f\ufe0f\ud83d\udd25 \u00a1Campeones Estatales! \ud83d\udd25\u265f\ufe0f El pasado 27 de marzo se llev\u00f3 a cabo el Torneo Estatal de Ajedrez UABC 2026,...<\/p>\n                                    <\/div><div class=\"eael-facebook-feed-preview-wrap\"><a href=\"https:\/\/www.facebook.com\/848774130376702\/posts\/1454532476467528\" target=\"_blank\" class=\"eael-facebook-feed-preview-img\">\n\t                                                <div class=\"eael-facebook-feed-img-container\" style=\"background:url(https:\/\/scontent.fmex44-1.fna.fbcdn.net\/v\/t39.30808-6\/668240781_1454531953134247_1965758095935294549_n.jpg?stp=dst-jpg_s960x960_tt6&#038;_nc_cat=100&#038;ccb=1-7&#038;_nc_sid=13d280&#038;_nc_ohc=mHcfrE63fLMQ7kNvwE7bZrE&#038;_nc_oc=AdoW4hAtE-XFAkUixXGBi3vIH3GeZC0IpQacMqbGCLx7AbWFSM6iEA8PNJZTPZwSCqU&#038;_nc_zt=23&#038;_nc_ht=scontent.fmex44-1.fna&#038;edm=AKK4YLsEAAAA&#038;_nc_gid=YwAeulSpFXvCqLoASBnxPg&#038;_nc_tpa=Q5bMBQGiiKKw0jMsFejVJnznYRE5d18n9I_hT0Op_PA3SWRPKZ0co3MuS_-nsRg6zDPvG9mP23pYrVXc&#038;oh=00_Af12EF8mvIwDDLzF3RCHiL5cqFiNH-XwTpr_Dr-cG6H-9Q&#038;oe=69DD2B3A); background-size: 100% 100%;background-repeat: no-repeat;\">\n\t                                                    <img decoding=\"async\" class=\"eael-facebook-feed-img\" src=\"https:\/\/scontent.fmex44-1.fna.fbcdn.net\/v\/t39.30808-6\/668240781_1454531953134247_1965758095935294549_n.jpg?stp=dst-jpg_s960x960_tt6&#038;_nc_cat=100&#038;ccb=1-7&#038;_nc_sid=13d280&#038;_nc_ohc=mHcfrE63fLMQ7kNvwE7bZrE&#038;_nc_oc=AdoW4hAtE-XFAkUixXGBi3vIH3GeZC0IpQacMqbGCLx7AbWFSM6iEA8PNJZTPZwSCqU&#038;_nc_zt=23&#038;_nc_ht=scontent.fmex44-1.fna&#038;edm=AKK4YLsEAAAA&#038;_nc_gid=YwAeulSpFXvCqLoASBnxPg&#038;_nc_tpa=Q5bMBQGiiKKw0jMsFejVJnznYRE5d18n9I_hT0Op_PA3SWRPKZ0co3MuS_-nsRg6zDPvG9mP23pYrVXc&#038;oh=00_Af12EF8mvIwDDLzF3RCHiL5cqFiNH-XwTpr_Dr-cG6H-9Q&#038;oe=69DD2B3A\">\n\t                                                <\/div>\n\t                                            <\/a><\/div><footer class=\"eael-facebook-feed-item-footer\">\n                                <div class=\"clearfix\"><span class=\"eael-facebook-feed-post-likes\"><i class=\"far fa-thumbs-up\" aria-hidden=\"true\"><\/i> 100<\/span><span class=\"eael-facebook-feed-post-comments\"><i class=\"far fa-comments\" aria-hidden=\"true\"><\/i> 0<\/span><\/div>\n                            <\/footer><\/div>\n                <\/div><div class=\"eael-facebook-feed-item\">\n                    <div class=\"eael-facebook-feed-item-inner\">\n                        <header class=\"eael-facebook-feed-item-header clearfix\">\n                            <div class=\"eael-facebook-feed-item-user clearfix\">\n                                <a href=\"https:\/\/www.facebook.com\/422553107793433\" target=\"_blank\"><img decoding=\"async\" src=\"https:\/\/graph.facebook.com\/v4.0\/422553107793433\/picture\" alt=\"Facultad de Ingenier\u00eda UABC Mexicali\" class=\"eael-facebook-feed-avatar\"><\/a>\n                                <a href=\"https:\/\/www.facebook.com\/422553107793433\" target=\"_blank\"><p class=\"eael-facebook-feed-username\">Facultad de Ingenier\u00eda UABC Mexicali<\/p><\/a>\n                            <\/div><a href=\"https:\/\/www.facebook.com\/848774130376702\/posts\/1453685539885555\" target=\"_blank\" class=\"eael-facebook-feed-post-time\"><i class=\"far fa-clock\" aria-hidden=\"true\"><\/i> abril 6, 2026<\/a><\/header><div class=\"eael-facebook-feed-item-content\">\n                                        <p class=\"eael-facebook-feed-message\"> \ud83d\udea8 Simulacro de Evacuaci\u00f3n UABC \ud83d\udea8 La prevenci\u00f3n salva vidas. Participa en el Simulacro de Evacuaci\u00f3n en Campus Mexicali y...<\/p>\n                                    <\/div><div class=\"eael-facebook-feed-preview-wrap\"><a href=\"https:\/\/www.facebook.com\/848774130376702\/posts\/1453685539885555\" target=\"_blank\" class=\"eael-facebook-feed-preview-img\">\n\t                                                <div class=\"eael-facebook-feed-img-container\" style=\"background:url(https:\/\/scontent.fmex44-1.fna.fbcdn.net\/v\/t39.30808-6\/663229141_1453685056552270_5352886594758080641_n.jpg?stp=dst-jpg_s720x720_tt6&#038;_nc_cat=111&#038;ccb=1-7&#038;_nc_sid=13d280&#038;_nc_ohc=hokXBz3sH7YQ7kNvwG3VtA6&#038;_nc_oc=AdoNWZ6Yqh_OCvdNA_XJooEvciaFcM3i-y0_LLLxaOWuDxqvQ6v6Qhsh_4zA134QXws&#038;_nc_zt=23&#038;_nc_ht=scontent.fmex44-1.fna&#038;edm=AKK4YLsEAAAA&#038;_nc_gid=YwAeulSpFXvCqLoASBnxPg&#038;_nc_tpa=Q5bMBQEP4DoxSeqm4NEZPbf46UCeI0paq-iTHLktiT2y7imx7kQ_OSuP8FgmJrjsZFn48e5xwt5_Ecsn&#038;oh=00_Af1Nm_mb_isn3i1djO99XUrR_wY7mx9GzBBMEsbt8QBwfg&#038;oe=69DD20ED); background-size: 100% 100%;background-repeat: no-repeat;\">\n\t                                                    <img decoding=\"async\" class=\"eael-facebook-feed-img\" src=\"https:\/\/scontent.fmex44-1.fna.fbcdn.net\/v\/t39.30808-6\/663229141_1453685056552270_5352886594758080641_n.jpg?stp=dst-jpg_s720x720_tt6&#038;_nc_cat=111&#038;ccb=1-7&#038;_nc_sid=13d280&#038;_nc_ohc=hokXBz3sH7YQ7kNvwG3VtA6&#038;_nc_oc=AdoNWZ6Yqh_OCvdNA_XJooEvciaFcM3i-y0_LLLxaOWuDxqvQ6v6Qhsh_4zA134QXws&#038;_nc_zt=23&#038;_nc_ht=scontent.fmex44-1.fna&#038;edm=AKK4YLsEAAAA&#038;_nc_gid=YwAeulSpFXvCqLoASBnxPg&#038;_nc_tpa=Q5bMBQEP4DoxSeqm4NEZPbf46UCeI0paq-iTHLktiT2y7imx7kQ_OSuP8FgmJrjsZFn48e5xwt5_Ecsn&#038;oh=00_Af1Nm_mb_isn3i1djO99XUrR_wY7mx9GzBBMEsbt8QBwfg&#038;oe=69DD20ED\">\n\t                                                <\/div>\n\t                                            <\/a><\/div><footer class=\"eael-facebook-feed-item-footer\">\n                                <div class=\"clearfix\"><span class=\"eael-facebook-feed-post-likes\"><i class=\"far fa-thumbs-up\" aria-hidden=\"true\"><\/i> 11<\/span><span class=\"eael-facebook-feed-post-comments\"><i class=\"far fa-comments\" aria-hidden=\"true\"><\/i> 0<\/span><\/div>\n                            <\/footer><\/div>\n                <\/div><div class=\"eael-facebook-feed-item\">\n                    <div class=\"eael-facebook-feed-item-inner\">\n                        <header class=\"eael-facebook-feed-item-header clearfix\">\n                            <div class=\"eael-facebook-feed-item-user clearfix\">\n                                <a href=\"https:\/\/www.facebook.com\/422553107793433\" target=\"_blank\"><img decoding=\"async\" src=\"https:\/\/graph.facebook.com\/v4.0\/422553107793433\/picture\" alt=\"Facultad de Ingenier\u00eda UABC Mexicali\" class=\"eael-facebook-feed-avatar\"><\/a>\n                                <a href=\"https:\/\/www.facebook.com\/422553107793433\" target=\"_blank\"><p class=\"eael-facebook-feed-username\">Facultad de Ingenier\u00eda UABC Mexicali<\/p><\/a>\n                            <\/div><a href=\"https:\/\/www.facebook.com\/848774130376702\/posts\/1448903610363748\" target=\"_blank\" class=\"eael-facebook-feed-post-time\"><i class=\"far fa-clock\" aria-hidden=\"true\"><\/i> abril 1, 2026<\/a><\/header><div class=\"eael-facebook-feed-preview-wrap\"><a href=\"https:\/\/www.facebook.com\/848774130376702\/posts\/1448903610363748\" target=\"_blank\" class=\"eael-facebook-feed-preview-img\">\n\t                                                <div class=\"eael-facebook-feed-img-container\" style=\"background:url(); background-size: 100% 100%;background-repeat: no-repeat;\">\n\t                                                    <img decoding=\"async\" class=\"eael-facebook-feed-img\" src=\"\">\n\t                                                <\/div>\n\t                                            <\/a><\/div><footer class=\"eael-facebook-feed-item-footer\">\n                                <div class=\"clearfix\"><span class=\"eael-facebook-feed-post-likes\"><i class=\"far fa-thumbs-up\" aria-hidden=\"true\"><\/i> 0<\/span><span class=\"eael-facebook-feed-post-comments\"><i class=\"far fa-comments\" aria-hidden=\"true\"><\/i> 0<\/span><\/div>\n                            <\/footer><\/div>\n                <\/div>        <\/div>\n        <div class=\"clearfix\"><\/div>\n                    <div class=\"eael-load-more-button-wrap\">\n                <button class=\"eael-load-more-button\" id=\"eael-load-more-btn-87700ac\" data-widget-id=\"87700ac\" data-post-id=\"3406\" data-page=\"1\">\n                    <span class=\"eael-btn-loader button__loader\"><\/span>\n                    <span class=\"eael_fb_load_more_text\">Mostrar m\u00e1s Noticias<\/span>\n                <\/button>\n            <\/div>\n            \t\t\t\t<\/div>\n\t\t\t\t<\/div>\n\t\t\t\t<div class=\"elementor-element elementor-element-13e981a elementor-widget elementor-widget-eael-creative-button\" data-id=\"13e981a\" data-element_type=\"widget\" data-e-type=\"widget\" data-widget_type=\"eael-creative-button.default\">\n\t\t\t\t<div class=\"elementor-widget-container\">\n\t\t\t\t\t        <div class=\"eael-creative-button-wrapper\">\n\n            <a class=\"eael-creative-button eael-creative-button--rayen\" href=\"https:\/\/www.facebook.com\/fimuabc\" target=\"_blank\" data-text=\"Ir al sitio!\">\n            \t    \n                <div class=\"creative-button-inner\">\n\n                    \n                    <span class=\"cretive-button-text\">Visita el Sitio Oficial<\/span>\n\n                                            <span class=\"eael-creative-button-icon-right\"><i aria-hidden=\"true\" class=\"fab fa-facebook\"><\/i><\/span>                                    <\/div>\n\t                        <\/a>\n        <\/div>\n        \t\t\t\t<\/div>\n\t\t\t\t<\/div>\n\t\t\t\t<\/div>\n\t\t\t\t<\/div>\n\t\t<div class=\"elementor-element elementor-element-7f413a1 e-con-full e-flex e-con e-child\" data-id=\"7f413a1\" data-element_type=\"container\" data-e-type=\"container\">\n\t\t<div class=\"elementor-element elementor-element-c14de76 e-con-full e-flex e-con e-child\" data-id=\"c14de76\" data-element_type=\"container\" data-e-type=\"container\" data-settings=\"{&quot;background_background&quot;:&quot;classic&quot;}\">\n\t\t\t\t<div class=\"elementor-element elementor-element-ff654d2 elementor-widget elementor-widget-heading\" data-id=\"ff654d2\" data-element_type=\"widget\" data-e-type=\"widget\" data-widget_type=\"heading.default\">\n\t\t\t\t<div class=\"elementor-widget-container\">\n\t\t\t\t\t<h2 class=\"elementor-heading-title elementor-size-default\">CONTACTO<\/h2>\t\t\t\t<\/div>\n\t\t\t\t<\/div>\n\t\t\t\t<div class=\"elementor-element elementor-element-85ca0b7 elementor-widget-divider--view-line elementor-widget elementor-widget-divider\" data-id=\"85ca0b7\" data-element_type=\"widget\" data-e-type=\"widget\" data-widget_type=\"divider.default\">\n\t\t\t\t<div class=\"elementor-widget-container\">\n\t\t\t\t\t\t\t<div class=\"elementor-divider\">\n\t\t\t<span class=\"elementor-divider-separator\">\n\t\t\t\t\t\t<\/span>\n\t\t<\/div>\n\t\t\t\t\t\t<\/div>\n\t\t\t\t<\/div>\n\t\t\t\t<div class=\"elementor-element elementor-element-86be8ff elementor-widget elementor-widget-text-editor\" data-id=\"86be8ff\" data-element_type=\"widget\" data-e-type=\"widget\" data-widget_type=\"text-editor.default\">\n\t\t\t\t<div class=\"elementor-widget-container\">\n\t\t\t\t\t\t\t\t\t<p><span style=\"color: #339966; font-size: 10pt;\"><strong>Dra. Ana Dolores Mart\u00ednez Molina<\/strong><\/span><br \/><span style=\"font-size: 10pt;\"><em><span style=\"color: #ffcc00;\"><strong>Responsable de Tronco Com\u00fan<br \/><br \/><\/strong><\/span><\/em><\/span><\/p><p><span style=\"font-size: 10pt;\"><strong><span style=\"color: #339966;\">Email:<\/span> <span style=\"color: #000000;\"><a style=\"color: #000000;\" href=\"mailto:troncocomun_fim@uabc.edu.mx\">troncocomun_fim@uabc.edu.mx<\/a><\/span><\/strong><\/span><br \/><span style=\"font-size: 10pt;\"><strong><span style=\"color: #339966;\">Tel\u00e9fono:<\/span> +52 (686) 841-82-35 <\/strong><\/span><\/p><p><span style=\"font-size: 10pt;\"><strong><span style=\"color: #339966;\">Ext.<\/span> 44487<\/strong><\/span><\/p>\t\t\t\t\t\t\t\t<\/div>\n\t\t\t\t<\/div>\n\t\t\t\t<\/div>\n\t\t<div class=\"elementor-element elementor-element-b35ed14 e-con-full e-flex e-con e-child\" data-id=\"b35ed14\" data-element_type=\"container\" data-e-type=\"container\" data-settings=\"{&quot;background_background&quot;:&quot;classic&quot;}\">\n\t\t\t\t<div class=\"elementor-element elementor-element-78856cb elementor-widget elementor-widget-heading\" data-id=\"78856cb\" data-element_type=\"widget\" data-e-type=\"widget\" data-widget_type=\"heading.default\">\n\t\t\t\t<div class=\"elementor-widget-container\">\n\t\t\t\t\t<h2 class=\"elementor-heading-title elementor-size-default\">ENLACES<\/h2>\t\t\t\t<\/div>\n\t\t\t\t<\/div>\n\t\t\t\t<div class=\"elementor-element elementor-element-2ba8cfc elementor-widget-divider--view-line elementor-widget elementor-widget-divider\" data-id=\"2ba8cfc\" data-element_type=\"widget\" data-e-type=\"widget\" data-widget_type=\"divider.default\">\n\t\t\t\t<div class=\"elementor-widget-container\">\n\t\t\t\t\t\t\t<div class=\"elementor-divider\">\n\t\t\t<span class=\"elementor-divider-separator\">\n\t\t\t\t\t\t<\/span>\n\t\t<\/div>\n\t\t\t\t\t\t<\/div>\n\t\t\t\t<\/div>\n\t\t\t\t<div class=\"elementor-element elementor-element-fe60095 elementor-widget elementor-widget-text-editor\" data-id=\"fe60095\" data-element_type=\"widget\" data-e-type=\"widget\" data-widget_type=\"text-editor.default\">\n\t\t\t\t<div class=\"elementor-widget-container\">\n\t\t\t\t\t\t\t\t\t<p><span style=\"font-size: 12pt;\"><a href=\"https:\/\/www.facebook.com\/pages\/Direcci%C3%B3n-FIM-UABC\/340160902766104?fref=ts\" target=\"_blank\" rel=\"follow no noopener\">Facebook Direcci\u00f3n FIM<\/a><\/span><\/p><p><span style=\"font-size: 12pt;\"><a href=\"http:\/\/www.facebook.com\/pages\/Subdirecci%C3%B3n-de-la-Facultad-de-Ingenier%C3%ADa-Mexicali-UABC\/422553107793433\" target=\"_blank\" rel=\"follow no noopener\">Facebook Subdirecci\u00f3n FIM<\/a><\/span><\/p><p><span style=\"font-size: 12pt;\"><a href=\"https:\/\/www.facebook.com\/troncocomun.troncocomun?fref=ts\" target=\"_blank\" rel=\"follow no noopener\">Facebook Tronco Com\u00fan<\/a><\/span><\/p>\t\t\t\t\t\t\t\t<\/div>\n\t\t\t\t<\/div>\n\t\t\t\t<\/div>\n\t\t\t\t<\/div>\n\t\t\t\t<\/div>\n\t\t\t\t<\/div>\n\t\t","protected":false},"excerpt":{"rendered":"<p>Noticias de la Facultad de Ingenier\u00eda Facultad de Ingenier\u00eda UABC Mexicali septiembre 10, 2025 Rito Gurrola F\u00e9lix, Orgullo Cimarr\u00f3n.\ud83d\udc9a 202 0 Facultad de Ingenier\u00eda UABC Mexicali septiembre 10, 2025 0 0 Facultad de Ingenier\u00eda UABC Mexicali septiembre 9, 2025 La secretar\u00eda general, da a conocer la la convocatoria de los Concursos de Oposici\u00f3n Cerrado y [&hellip;]<\/p>\n","protected":false},"author":3,"featured_media":0,"parent":0,"menu_order":0,"comment_status":"closed","ping_status":"closed","template":"","meta":{"site-sidebar-layout":"no-sidebar","site-content-layout":"page-builder","ast-site-content-layout":"full-width-container","site-content-style":"default","site-sidebar-style":"default","ast-global-header-display":"","ast-banner-title-visibility":"","ast-main-header-display":"","ast-hfb-above-header-display":"","ast-hfb-below-header-display":"","ast-hfb-mobile-header-display":"","site-post-title":"disabled","ast-breadcrumbs-content":"","ast-featured-img":"disabled","footer-sml-layout":"","ast-disable-related-posts":"","theme-transparent-header-meta":"default","adv-header-id-meta":"","stick-header-meta":"","header-above-stick-meta":"","header-main-stick-meta":"","header-below-stick-meta":"","astra-migrate-meta-layouts":"set","ast-page-background-enabled":"default","ast-page-background-meta":{"desktop":{"background-color":"","background-image":"","background-repeat":"repeat","background-position":"center center","background-size":"auto","background-attachment":"scroll","background-type":"","background-media":"","overlay-type":"","overlay-color":"","overlay-opacity":"","overlay-gradient":""},"tablet":{"background-color":"","background-image":"","background-repeat":"repeat","background-position":"center center","background-size":"auto","background-attachment":"scroll","background-type":"","background-media":"","overlay-type":"","overlay-color":"","overlay-opacity":"","overlay-gradient":""},"mobile":{"background-color":"","background-image":"","background-repeat":"repeat","background-position":"center center","background-size":"auto","background-attachment":"scroll","background-type":"","background-media":"","overlay-type":"","overlay-color":"","overlay-opacity":"","overlay-gradient":""}},"ast-content-background-meta":{"desktop":{"background-color":"var(--ast-global-color-5)","background-image":"","background-repeat":"repeat","background-position":"center center","background-size":"auto","background-attachment":"scroll","background-type":"","background-media":"","overlay-type":"","overlay-color":"","overlay-opacity":"","overlay-gradient":""},"tablet":{"background-color":"var(--ast-global-color-5)","background-image":"","background-repeat":"repeat","background-position":"center center","background-size":"auto","background-attachment":"scroll","background-type":"","background-media":"","overlay-type":"","overlay-color":"","overlay-opacity":"","overlay-gradient":""},"mobile":{"background-color":"var(--ast-global-color-5)","background-image":"","background-repeat":"repeat","background-position":"center center","background-size":"auto","background-attachment":"scroll","background-type":"","background-media":"","overlay-type":"","overlay-color":"","overlay-opacity":"","overlay-gradient":""}},"footnotes":""},"class_list":["post-3406","page","type-page","status-publish","hentry"],"_links":{"self":[{"href":"https:\/\/ingenieria.mxl.uabc.mx\/tc_fim\/wp-json\/wp\/v2\/pages\/3406","targetHints":{"allow":["GET"]}}],"collection":[{"href":"https:\/\/ingenieria.mxl.uabc.mx\/tc_fim\/wp-json\/wp\/v2\/pages"}],"about":[{"href":"https:\/\/ingenieria.mxl.uabc.mx\/tc_fim\/wp-json\/wp\/v2\/types\/page"}],"author":[{"embeddable":true,"href":"https:\/\/ingenieria.mxl.uabc.mx\/tc_fim\/wp-json\/wp\/v2\/users\/3"}],"replies":[{"embeddable":true,"href":"https:\/\/ingenieria.mxl.uabc.mx\/tc_fim\/wp-json\/wp\/v2\/comments?post=3406"}],"version-history":[{"count":99,"href":"https:\/\/ingenieria.mxl.uabc.mx\/tc_fim\/wp-json\/wp\/v2\/pages\/3406\/revisions"}],"predecessor-version":[{"id":5239,"href":"https:\/\/ingenieria.mxl.uabc.mx\/tc_fim\/wp-json\/wp\/v2\/pages\/3406\/revisions\/5239"}],"wp:attachment":[{"href":"https:\/\/ingenieria.mxl.uabc.mx\/tc_fim\/wp-json\/wp\/v2\/media?parent=3406"}],"curies":[{"name":"wp","href":"https:\/\/api.w.org\/{rel}","templated":true}]}}