{"id":3951,"date":"2023-10-24T12:11:04","date_gmt":"2023-10-24T20:11:04","guid":{"rendered":"https:\/\/ingenieria.mxl.uabc.mx\/tc_fim\/?page_id=3951"},"modified":"2025-09-10T14:24:45","modified_gmt":"2025-09-10T22:24:45","slug":"mapa-curricular-2019-2","status":"publish","type":"page","link":"https:\/\/ingenieria.mxl.uabc.mx\/tc_fim\/mapa-curricular-2019-2\/","title":{"rendered":"Mapa Curricular 2019-2"},"content":{"rendered":"\t\t<div data-elementor-type=\"wp-page\" data-elementor-id=\"3951\" class=\"elementor elementor-3951\">\n\t\t\t\t<div class=\"elementor-element elementor-element-208baa7 e-con-full e-flex e-con e-parent\" data-id=\"208baa7\" data-element_type=\"container\" data-e-type=\"container\">\n\t\t<div class=\"elementor-element elementor-element-0e8d774 e-con-full e-flex e-con e-child\" data-id=\"0e8d774\" data-element_type=\"container\" data-e-type=\"container\">\n\t\t<div class=\"elementor-element elementor-element-7f8a134 e-con-full e-flex e-con e-child\" data-id=\"7f8a134\" data-element_type=\"container\" data-e-type=\"container\" data-settings=\"{&quot;background_background&quot;:&quot;classic&quot;}\">\n\t\t<div class=\"elementor-element elementor-element-3bf83d6 e-con-full e-flex e-con e-child\" data-id=\"3bf83d6\" data-element_type=\"container\" data-e-type=\"container\">\n\t\t\t\t<div class=\"elementor-element elementor-element-5972843 elementor-widget elementor-widget-heading\" data-id=\"5972843\" data-element_type=\"widget\" data-e-type=\"widget\" data-widget_type=\"heading.default\">\n\t\t\t\t<div class=\"elementor-widget-container\">\n\t\t\t\t\t<h1 class=\"elementor-heading-title elementor-size-default\">Mapa Curricular 2019-2<\/h1>\t\t\t\t<\/div>\n\t\t\t\t<\/div>\n\t\t\t\t<div class=\"elementor-element elementor-element-4180d64 elementor-view-default elementor-widget elementor-widget-icon\" data-id=\"4180d64\" data-element_type=\"widget\" data-e-type=\"widget\" data-widget_type=\"icon.default\">\n\t\t\t\t<div class=\"elementor-widget-container\">\n\t\t\t\t\t\t\t<div class=\"elementor-icon-wrapper\">\n\t\t\t<a class=\"elementor-icon\" href=\"https:\/\/ingenieria.mxl.uabc.mx\/tc_fim\/wp-content\/uploads\/2024\/02\/Tronco2019-2.fw_.png\" target=\"_blank\">\n\t\t\t<i aria-hidden=\"true\" class=\"fas fa-download\"><\/i>\t\t\t<\/a>\n\t\t<\/div>\n\t\t\t\t\t\t<\/div>\n\t\t\t\t<\/div>\n\t\t\t\t<\/div>\n\t\t\t\t<div class=\"elementor-element elementor-element-66d7613 elementor-widget-divider--view-line elementor-widget elementor-widget-divider\" data-id=\"66d7613\" data-element_type=\"widget\" data-e-type=\"widget\" data-widget_type=\"divider.default\">\n\t\t\t\t<div class=\"elementor-widget-container\">\n\t\t\t\t\t\t\t<div class=\"elementor-divider\">\n\t\t\t<span class=\"elementor-divider-separator\">\n\t\t\t\t\t\t<\/span>\n\t\t<\/div>\n\t\t\t\t\t\t<\/div>\n\t\t\t\t<\/div>\n\t\t\t\t<div class=\"elementor-element elementor-element-97ff85b elementor-widget elementor-widget-shortcode\" data-id=\"97ff85b\" data-element_type=\"widget\" data-e-type=\"widget\" data-widget_type=\"shortcode.default\">\n\t\t\t\t<div class=\"elementor-widget-container\">\n\t\t\t\t\t\t\t<div class=\"elementor-shortcode\">\n<style>\n\t#hotspot-4586 .hotspots-image-container,\n\t#hotspot-4586 .leaflet-container {\n\t\tbackground: #ffffff\t}\n\n\t#hotspot-4586 .hotspots-placeholder,\n\t.featherlight .featherlight-content.lightbox-4586 {\n\t\tbackground: #ffffff;\n\t\tborder: 0 #ffffff solid;\n\t\tcolor: #000000;\n\t}\n\n\t#hotspot-4586 .hotspot-title,\n\t#hotspot-4586 .bc-product__title a,\n\t.featherlight .featherlight-content.lightbox-4586 .hotspot-title,\n\t.featherlight .featherlight-content.lightbox-4586 .bc-product__title a {\n\t\tcolor: #000000;\n\t}\n\n\t\t\t#hotspot-4586 .hotspot-style-1 {\n\t\t\tstroke-width: 1;\n\t\t\tfill: #ffffff;\n\t\t\tfill-opacity: 0;\n\t\t\tstroke: #ffffff;\n\t\t\tstroke-opacity: 0;\n\t\t}\n\t\t#hotspot-4586 .hotspot-style-1:hover,\n\t\t#hotspot-4586 .hotspot-style-1:focus-visible,\n\t\t#hotspot-4586 .hotspot-style-1.hotspot-active {\n\t\t\tfill: #ffffff;\n\t\t\tfill-opacity: 0.81;\n\t\t\toutline: none;\n\t\t\tstroke: #ffffff;\n\t\t\tstroke-opacity: 0.81;\n\t\t}\n\t\t\t#hotspot-4586 .hotspot-default {\n\t\t\tstroke-width: 1;\n\t\t\tfill: #ffffff;\n\t\t\tfill-opacity: 0;\n\t\t\tstroke: #ffffff;\n\t\t\tstroke-opacity: 0;\n\t\t}\n\t\t#hotspot-4586 .hotspot-default:hover,\n\t\t#hotspot-4586 .hotspot-default:focus-visible,\n\t\t#hotspot-4586 .hotspot-default.hotspot-active {\n\t\t\tfill: #eeee22;\n\t\t\tfill-opacity: 0.81;\n\t\t\toutline: none;\n\t\t\tstroke: #ffffff;\n\t\t\tstroke-opacity: 0.81;\n\t\t}\n\t\t#hotspot-4586 .leaflet-tooltip,\n\t#hotspot-4586 .leaflet-rrose-content-wrapper {\n\t\tbackground: #ffffff;\n\t\tborder-color: #ffffff;\n\t\tcolor: #000000;\n\t}\n\n\t#hotspot-4586 a.leaflet-rrose-close-button {\n\t\tcolor: #000000;\n\t}\n\n\t#hotspot-4586 .leaflet-rrose-tip {\n\t\tbackground: #ffffff;\n\t}\n\n\t#hotspot-4586 .leaflet-popup-scrolled {\n\t\tborder-bottom-color: #000000;\n\t\tborder-top-color: #000000;\n\t}\n\n\t#hotspot-4586 .leaflet-tooltip-top:before {\n\t\tborder-top-color: #ffffff;\n\t}\n\n\t#hotspot-4586 .leaflet-tooltip-bottom:before {\n\t\tborder-bottom-color: #ffffff;\n\t}\n\t#hotspot-4586 .leaflet-tooltip-left:before {\n\t\tborder-left-color: #ffffff;\n\t}\n\t#hotspot-4586 .leaflet-tooltip-right:before {\n\t\tborder-right-color: #ffffff;\n\t}\n<\/style>\n\n\n\t<div class=\"hotspots-container links-only layout-left event-click\" id=\"hotspot-4586\" data-layout=\"left\" data-trigger=\"click\">\n\t\t<div class=\"hotspots-interaction\">\n\t\t\t<div class=\"hotspots-image-container\">\n\t<img\n\t\twidth=\"843\"\n\t\theight=\"984\"\n\t\tsrc=\"https:\/\/ingenieria.mxl.uabc.mx\/tc_fim\/wp-content\/uploads\/2024\/02\/Tronco2019-2.fw_.png\"\n\t\talt=\"Plan 2019-2\"\n\t\tclass=\"hotspots-image skip-lazy\"\n\t\tusemap=\"#hotspots-image-4586\"\n\t\tdata-image-title=\"Plan 2019-2\"\n\t\tdata-image-description=\"\"\n\t\tdata-event-trigger=\"click\"\n\t\tdata-always-visible=\"false\"\n\t\tdata-id=\"4586\"\n\t\tdata-no-lazy=\"1\"\n\t\tdata-lazy-src=\"\"\n\t\tdata-lazy=\"false\"\n\t\tloading=\"eager\"\n\t\tdata-skip-lazy=\"1\"\n\t\t>\n<\/div>\t\t<\/div>\n\t\t<map name=\"hotspots-image-4586\" class=\"hotspots-map\">\n\t\t\t\t\t\t\t\t\t\t\t<area\n\t\t\t\t\tshape=\"polygon\"\n\t\t\t\t\tcoords=\"100,144,100,82,192,82,192,144\"\n\t\t\t\t\thref=\"https:\/\/drive.google.com\/open?id=1zRePs1qISbDQaBVqE8YKgiKUln6mNM0x\"\n\t\t\t\t\trel=\"\"\n\t\t\t\t\ttitle=\"\"\n\t\t\t\t\talt=\"\"\n\t\t\t\t\tdata-action=\"url\"\n\t\t\t\t\tdata-color-scheme=\"\"\n\t\t\t\t\tdata-id=\"area-hotspot-4586-0\"\n\t\t\t\t\ttarget=\"_new\"\n\t\t\t\t\tclass=\"url-area\"\n\t\t\t\t\t>\n\t\t\t\t\t\t\t\t\t\t\t<area\n\t\t\t\t\tshape=\"polygon\"\n\t\t\t\t\tcoords=\"99,219,99,156,192,156,192,219\"\n\t\t\t\t\thref=\"https:\/\/drive.google.com\/open?id=1jAIb79TJRdAZ7GdjOsqOn3yxwKRda-P4\"\n\t\t\t\t\trel=\"\"\n\t\t\t\t\ttitle=\"\"\n\t\t\t\t\talt=\"\"\n\t\t\t\t\tdata-action=\"url\"\n\t\t\t\t\tdata-color-scheme=\"\"\n\t\t\t\t\tdata-id=\"area-hotspot-4586-1\"\n\t\t\t\t\ttarget=\"_new\"\n\t\t\t\t\tclass=\"url-area\"\n\t\t\t\t\t>\n\t\t\t\t\t\t\t\t\t\t\t<area\n\t\t\t\t\tshape=\"polygon\"\n\t\t\t\t\tcoords=\"100,293,100,229,192,229,192,293\"\n\t\t\t\t\thref=\"https:\/\/drive.google.com\/open?id=1U3iT9lOqO4Q9YmvquEc3n7tSunm_YAQy\"\n\t\t\t\t\trel=\"\"\n\t\t\t\t\ttitle=\"\"\n\t\t\t\t\talt=\"\"\n\t\t\t\t\tdata-action=\"url\"\n\t\t\t\t\tdata-color-scheme=\"\"\n\t\t\t\t\tdata-id=\"area-hotspot-4586-2\"\n\t\t\t\t\ttarget=\"_new\"\n\t\t\t\t\tclass=\"url-area\"\n\t\t\t\t\t>\n\t\t\t\t\t\t\t\t\t\t\t<area\n\t\t\t\t\tshape=\"polygon\"\n\t\t\t\t\tcoords=\"101,369,101,305,192,305,192,369\"\n\t\t\t\t\thref=\"https:\/\/drive.google.com\/open?id=151RtA09nE4IYZIXAhmmDLIWXwy8cjzTj\"\n\t\t\t\t\trel=\"\"\n\t\t\t\t\ttitle=\"\"\n\t\t\t\t\talt=\"\"\n\t\t\t\t\tdata-action=\"url\"\n\t\t\t\t\tdata-color-scheme=\"\"\n\t\t\t\t\tdata-id=\"area-hotspot-4586-3\"\n\t\t\t\t\ttarget=\"_new\"\n\t\t\t\t\tclass=\"url-area\"\n\t\t\t\t\t>\n\t\t\t\t\t\t\t\t\t\t\t<area\n\t\t\t\t\tshape=\"polygon\"\n\t\t\t\t\tcoords=\"99,441,99,376,192,376,192,441\"\n\t\t\t\t\thref=\"https:\/\/drive.google.com\/open?id=1dS4edDF6HEAx9MT0skPPlt8dGt9voCdv\"\n\t\t\t\t\trel=\"\"\n\t\t\t\t\ttitle=\"\"\n\t\t\t\t\talt=\"\"\n\t\t\t\t\tdata-action=\"url\"\n\t\t\t\t\tdata-color-scheme=\"\"\n\t\t\t\t\tdata-id=\"area-hotspot-4586-4\"\n\t\t\t\t\ttarget=\"_new\"\n\t\t\t\t\tclass=\"url-area\"\n\t\t\t\t\t>\n\t\t\t\t\t\t\t\t\t\t\t<area\n\t\t\t\t\tshape=\"polygon\"\n\t\t\t\t\tcoords=\"100,514,100,450,192,450,192,514\"\n\t\t\t\t\thref=\"https:\/\/drive.google.com\/open?id=1E3h4avgahPf0ox-kZdMuZW1ICFUoC9FN\"\n\t\t\t\t\trel=\"\"\n\t\t\t\t\ttitle=\"\"\n\t\t\t\t\talt=\"\"\n\t\t\t\t\tdata-action=\"url\"\n\t\t\t\t\tdata-color-scheme=\"\"\n\t\t\t\t\tdata-id=\"area-hotspot-4586-5\"\n\t\t\t\t\ttarget=\"_new\"\n\t\t\t\t\tclass=\"url-area\"\n\t\t\t\t\t>\n\t\t\t\t\t\t\t\t\t\t\t<area\n\t\t\t\t\tshape=\"polygon\"\n\t\t\t\t\tcoords=\"99,588,99,525,193,525,193,588\"\n\t\t\t\t\thref=\"https:\/\/drive.google.com\/open?id=1dHE3x75gLvMFwHj2iWj78ZCoEXMu0A0k\"\n\t\t\t\t\trel=\"\"\n\t\t\t\t\ttitle=\"\"\n\t\t\t\t\talt=\"\"\n\t\t\t\t\tdata-action=\"url\"\n\t\t\t\t\tdata-color-scheme=\"\"\n\t\t\t\t\tdata-id=\"area-hotspot-4586-6\"\n\t\t\t\t\ttarget=\"_new\"\n\t\t\t\t\tclass=\"url-area\"\n\t\t\t\t\t>\n\t\t\t\t\t\t\t\t\t\t\t<area\n\t\t\t\t\tshape=\"polygon\"\n\t\t\t\t\tcoords=\"207,145,207,83,299,83,299,145\"\n\t\t\t\t\thref=\"https:\/\/drive.google.com\/open?id=13Gyo0_X5LcNs1m6u-GfiYO3B3Xm3WYzW\"\n\t\t\t\t\trel=\"\"\n\t\t\t\t\ttitle=\"\"\n\t\t\t\t\talt=\"\"\n\t\t\t\t\tdata-action=\"url\"\n\t\t\t\t\tdata-color-scheme=\"\"\n\t\t\t\t\tdata-id=\"area-hotspot-4586-7\"\n\t\t\t\t\ttarget=\"_new\"\n\t\t\t\t\tclass=\"url-area\"\n\t\t\t\t\t>\n\t\t\t\t\t\t\t\t\t\t\t<area\n\t\t\t\t\tshape=\"polygon\"\n\t\t\t\t\tcoords=\"207,219,207,156,296,156,296,219\"\n\t\t\t\t\thref=\"https:\/\/drive.google.com\/open?id=1mAVPNcIQSJaov6Atkp3Au8btXV0ZAPMo\"\n\t\t\t\t\trel=\"\"\n\t\t\t\t\ttitle=\"\"\n\t\t\t\t\talt=\"\"\n\t\t\t\t\tdata-action=\"url\"\n\t\t\t\t\tdata-color-scheme=\"\"\n\t\t\t\t\tdata-id=\"area-hotspot-4586-8\"\n\t\t\t\t\ttarget=\"_new\"\n\t\t\t\t\tclass=\"url-area\"\n\t\t\t\t\t>\n\t\t\t\t\t\t\t\t\t\t\t<area\n\t\t\t\t\tshape=\"polygon\"\n\t\t\t\t\tcoords=\"206,292,206,230,296,230,296,292\"\n\t\t\t\t\thref=\"https:\/\/drive.google.com\/open?id=1oIU3dfJjubfKpX1QdYoxAhPy_VGCompF\"\n\t\t\t\t\trel=\"\"\n\t\t\t\t\ttitle=\"\"\n\t\t\t\t\talt=\"\"\n\t\t\t\t\tdata-action=\"url\"\n\t\t\t\t\tdata-color-scheme=\"\"\n\t\t\t\t\tdata-id=\"area-hotspot-4586-9\"\n\t\t\t\t\ttarget=\"_new\"\n\t\t\t\t\tclass=\"url-area\"\n\t\t\t\t\t>\n\t\t\t\t\t\t\t\t\t\t\t<area\n\t\t\t\t\tshape=\"polygon\"\n\t\t\t\t\tcoords=\"207,369,207,302,296,302,296,369\"\n\t\t\t\t\thref=\"https:\/\/drive.google.com\/open?id=1p4-4DyI89ssZTQMEkHw9y4ua91gYC_xQ\"\n\t\t\t\t\trel=\"\"\n\t\t\t\t\ttitle=\"\"\n\t\t\t\t\talt=\"\"\n\t\t\t\t\tdata-action=\"url\"\n\t\t\t\t\tdata-color-scheme=\"\"\n\t\t\t\t\tdata-id=\"area-hotspot-4586-10\"\n\t\t\t\t\ttarget=\"_new\"\n\t\t\t\t\tclass=\"url-area\"\n\t\t\t\t\t>\n\t\t\t\t\t\t\t\t\t\t\t<area\n\t\t\t\t\tshape=\"polygon\"\n\t\t\t\t\tcoords=\"207,441,207,377,297,377,297,441\"\n\t\t\t\t\thref=\"https:\/\/drive.google.com\/open?id=1WegT0pD4_kg1mAOQCbRv8wR9A17dxRTJ\"\n\t\t\t\t\trel=\"\"\n\t\t\t\t\ttitle=\"\"\n\t\t\t\t\talt=\"\"\n\t\t\t\t\tdata-action=\"url\"\n\t\t\t\t\tdata-color-scheme=\"\"\n\t\t\t\t\tdata-id=\"area-hotspot-4586-11\"\n\t\t\t\t\ttarget=\"_new\"\n\t\t\t\t\tclass=\"url-area\"\n\t\t\t\t\t>\n\t\t\t\t\t\t\t\t\t\t\t<area\n\t\t\t\t\tshape=\"polygon\"\n\t\t\t\t\tcoords=\"206,515,206,452,296,452,296,515\"\n\t\t\t\t\thref=\"https:\/\/drive.google.com\/open?id=1XLLaXE13eDwdVl3yBj2zriP5gB-hnCmr\"\n\t\t\t\t\trel=\"\"\n\t\t\t\t\ttitle=\"\"\n\t\t\t\t\talt=\"\"\n\t\t\t\t\tdata-action=\"url\"\n\t\t\t\t\tdata-color-scheme=\"\"\n\t\t\t\t\tdata-id=\"area-hotspot-4586-12\"\n\t\t\t\t\ttarget=\"_new\"\n\t\t\t\t\tclass=\"url-area\"\n\t\t\t\t\t>\n\t\t\t\t\t\t\t\t\t\t\t<area\n\t\t\t\t\tshape=\"polygon\"\n\t\t\t\t\tcoords=\"314,144,314,81,403,81,403,144\"\n\t\t\t\t\thref=\"https:\/\/drive.google.com\/file\/d\/1jQ8rx2SdDKmp59buEa-IEhWD9Zc39nym\/view?usp=sharing\"\n\t\t\t\t\trel=\"\"\n\t\t\t\t\ttitle=\"\"\n\t\t\t\t\talt=\"\"\n\t\t\t\t\tdata-action=\"url\"\n\t\t\t\t\tdata-color-scheme=\"\"\n\t\t\t\t\tdata-id=\"area-hotspot-4586-13\"\n\t\t\t\t\ttarget=\"_new\"\n\t\t\t\t\tclass=\"url-area\"\n\t\t\t\t\t>\n\t\t\t\t\t\t\t\t\t\t\t<area\n\t\t\t\t\tshape=\"polygon\"\n\t\t\t\t\tcoords=\"313,220,313,154,404,154,404,220\"\n\t\t\t\t\thref=\"https:\/\/drive.google.com\/open?id=11QXiRkgc7DuIr94uKey5d00G7kMYYX-D\"\n\t\t\t\t\trel=\"\"\n\t\t\t\t\ttitle=\"\"\n\t\t\t\t\talt=\"\"\n\t\t\t\t\tdata-action=\"url\"\n\t\t\t\t\tdata-color-scheme=\"\"\n\t\t\t\t\tdata-id=\"area-hotspot-4586-14\"\n\t\t\t\t\ttarget=\"_new\"\n\t\t\t\t\tclass=\"url-area\"\n\t\t\t\t\t>\n\t\t\t\t\t\t\t\t\t\t\t<area\n\t\t\t\t\tshape=\"polygon\"\n\t\t\t\t\tcoords=\"314,292,314,230,402,230,402,292\"\n\t\t\t\t\thref=\"https:\/\/drive.google.com\/open?id=1qorOMLIgE9TfUnmWpZ4H21tyjHPbqfuC\"\n\t\t\t\t\trel=\"\"\n\t\t\t\t\ttitle=\"\"\n\t\t\t\t\talt=\"\"\n\t\t\t\t\tdata-action=\"url\"\n\t\t\t\t\tdata-color-scheme=\"\"\n\t\t\t\t\tdata-id=\"area-hotspot-4586-15\"\n\t\t\t\t\ttarget=\"_new\"\n\t\t\t\t\tclass=\"url-area\"\n\t\t\t\t\t>\n\t\t\t\t\t\t\t\t\t\t\t<area\n\t\t\t\t\tshape=\"polygon\"\n\t\t\t\t\tcoords=\"314,367,314,304,403,304,403,367\"\n\t\t\t\t\thref=\"https:\/\/drive.google.com\/open?id=18IGj7w7pq2tyx6pWgFrL3hFw0WJJ7I-M\"\n\t\t\t\t\trel=\"\"\n\t\t\t\t\ttitle=\"\"\n\t\t\t\t\talt=\"\"\n\t\t\t\t\tdata-action=\"url\"\n\t\t\t\t\tdata-color-scheme=\"\"\n\t\t\t\t\tdata-id=\"area-hotspot-4586-16\"\n\t\t\t\t\ttarget=\"_new\"\n\t\t\t\t\tclass=\"url-area\"\n\t\t\t\t\t>\n\t\t\t\t\t<\/map>\n\n\t\t\n\t\t\t\t\t\t\t\t\t\t\t\t\t\t\t\t\t\t\t\t\t\t\t\t\t\t\t\t\t\t\t\t\t\t\t\t\t\t\t\t\t\t\t\t\t\t\t\t\t\t\t\t\t\t<\/div>\n\n<\/div>\n\t\t\t\t\t\t<\/div>\n\t\t\t\t<\/div>\n\t\t\t\t<\/div>\n\t\t\t\t<\/div>\n\t\t<div class=\"elementor-element elementor-element-7c36aa3 e-con-full e-flex e-con e-child\" data-id=\"7c36aa3\" data-element_type=\"container\" data-e-type=\"container\">\n\t\t<div class=\"elementor-element elementor-element-42e878f e-con-full e-flex e-con e-child\" data-id=\"42e878f\" data-element_type=\"container\" data-e-type=\"container\" data-settings=\"{&quot;background_background&quot;:&quot;classic&quot;}\">\n\t\t\t\t<div class=\"elementor-element elementor-element-a0110af elementor-widget elementor-widget-heading\" data-id=\"a0110af\" data-element_type=\"widget\" data-e-type=\"widget\" data-widget_type=\"heading.default\">\n\t\t\t\t<div class=\"elementor-widget-container\">\n\t\t\t\t\t<h2 class=\"elementor-heading-title elementor-size-default\">CONTACTO<\/h2>\t\t\t\t<\/div>\n\t\t\t\t<\/div>\n\t\t\t\t<div class=\"elementor-element elementor-element-3d7037b elementor-widget-divider--view-line elementor-widget elementor-widget-divider\" data-id=\"3d7037b\" data-element_type=\"widget\" data-e-type=\"widget\" data-widget_type=\"divider.default\">\n\t\t\t\t<div class=\"elementor-widget-container\">\n\t\t\t\t\t\t\t<div class=\"elementor-divider\">\n\t\t\t<span class=\"elementor-divider-separator\">\n\t\t\t\t\t\t<\/span>\n\t\t<\/div>\n\t\t\t\t\t\t<\/div>\n\t\t\t\t<\/div>\n\t\t\t\t<div class=\"elementor-element elementor-element-fa4edec elementor-widget elementor-widget-text-editor\" data-id=\"fa4edec\" data-element_type=\"widget\" data-e-type=\"widget\" data-widget_type=\"text-editor.default\">\n\t\t\t\t<div class=\"elementor-widget-container\">\n\t\t\t\t\t\t\t\t\t<p><span style=\"color: #339966; font-size: 10pt;\"><strong>Dra. Ana Dolores Mart\u00ednez Molina<\/strong><\/span><br \/><span style=\"font-size: 10pt;\"><em><span style=\"color: #ffcc00;\"><strong>Responsable de Tronco Com\u00fan<br \/><br \/><\/strong><\/span><\/em><\/span><\/p><p><span style=\"font-size: 10pt;\"><strong><span style=\"color: #339966;\">Email:<\/span> <span style=\"color: #000000;\"><a style=\"color: #000000;\" href=\"mailto:troncocomun_fim@uabc.edu.mx\">troncocomun_fim@uabc.edu.mx<\/a><\/span><\/strong><\/span><br \/><span style=\"font-size: 10pt;\"><strong><span style=\"color: #339966;\">Tel\u00e9fono:<\/span> +52 (686) 841-82-35 <\/strong><\/span><\/p><p><span style=\"font-size: 10pt;\"><strong><span style=\"color: #339966;\">Ext.<\/span> 44487<\/strong><\/span><\/p>\t\t\t\t\t\t\t\t<\/div>\n\t\t\t\t<\/div>\n\t\t\t\t<\/div>\n\t\t<div class=\"elementor-element elementor-element-1fb9ecb e-con-full e-flex e-con e-child\" data-id=\"1fb9ecb\" data-element_type=\"container\" data-e-type=\"container\" data-settings=\"{&quot;background_background&quot;:&quot;classic&quot;}\">\n\t\t\t\t<div class=\"elementor-element elementor-element-3eddc53 elementor-widget elementor-widget-heading\" data-id=\"3eddc53\" data-element_type=\"widget\" data-e-type=\"widget\" data-widget_type=\"heading.default\">\n\t\t\t\t<div class=\"elementor-widget-container\">\n\t\t\t\t\t<h2 class=\"elementor-heading-title elementor-size-default\">ENLACES<\/h2>\t\t\t\t<\/div>\n\t\t\t\t<\/div>\n\t\t\t\t<div class=\"elementor-element elementor-element-e8ec259 elementor-widget-divider--view-line elementor-widget elementor-widget-divider\" data-id=\"e8ec259\" data-element_type=\"widget\" data-e-type=\"widget\" data-widget_type=\"divider.default\">\n\t\t\t\t<div class=\"elementor-widget-container\">\n\t\t\t\t\t\t\t<div class=\"elementor-divider\">\n\t\t\t<span class=\"elementor-divider-separator\">\n\t\t\t\t\t\t<\/span>\n\t\t<\/div>\n\t\t\t\t\t\t<\/div>\n\t\t\t\t<\/div>\n\t\t\t\t<div class=\"elementor-element elementor-element-2fa875f elementor-widget elementor-widget-text-editor\" data-id=\"2fa875f\" data-element_type=\"widget\" data-e-type=\"widget\" data-widget_type=\"text-editor.default\">\n\t\t\t\t<div class=\"elementor-widget-container\">\n\t\t\t\t\t\t\t\t\t<p><span style=\"font-size: 12pt;\"><a href=\"https:\/\/www.facebook.com\/pages\/Direcci%C3%B3n-FIM-UABC\/340160902766104?fref=ts\" target=\"_blank\" rel=\"follow no noopener\">Facebook Direcci\u00f3n FIM<\/a><\/span><\/p><p><span style=\"font-size: 12pt;\"><a href=\"http:\/\/www.facebook.com\/pages\/Subdirecci%C3%B3n-de-la-Facultad-de-Ingenier%C3%ADa-Mexicali-UABC\/422553107793433\" target=\"_blank\" rel=\"follow no noopener\">Facebook Subdirecci\u00f3n FIM<\/a><\/span><\/p><p><span style=\"font-size: 12pt;\"><a href=\"https:\/\/www.facebook.com\/troncocomun.troncocomun?fref=ts\" target=\"_blank\" rel=\"follow no noopener\">Facebook Tronco Com\u00fan<\/a><\/span><\/p>\t\t\t\t\t\t\t\t<\/div>\n\t\t\t\t<\/div>\n\t\t\t\t<\/div>\n\t\t\t\t<\/div>\n\t\t\t\t<\/div>\n\t\t\t\t<\/div>\n\t\t","protected":false},"excerpt":{"rendered":"<p>Mapa Curricular 2019-2 CONTACTO Dra. Ana Dolores Mart\u00ednez MolinaResponsable de Tronco Com\u00fan Email: troncocomun_fim@uabc.edu.mxTel\u00e9fono: +52 (686) 841-82-35 Ext. 44487 ENLACES Facebook Direcci\u00f3n FIM Facebook Subdirecci\u00f3n FIM Facebook Tronco Com\u00fan<\/p>\n","protected":false},"author":3,"featured_media":0,"parent":0,"menu_order":0,"comment_status":"closed","ping_status":"closed","template":"","meta":{"site-sidebar-layout":"no-sidebar","site-content-layout":"page-builder","ast-site-content-layout":"full-width-container","site-content-style":"default","site-sidebar-style":"default","ast-global-header-display":"","ast-banner-title-visibility":"","ast-main-header-display":"","ast-hfb-above-header-display":"","ast-hfb-below-header-display":"","ast-hfb-mobile-header-display":"","site-post-title":"disabled","ast-breadcrumbs-content":"","ast-featured-img":"disabled","footer-sml-layout":"","ast-disable-related-posts":"","theme-transparent-header-meta":"default","adv-header-id-meta":"","stick-header-meta":"","header-above-stick-meta":"","header-main-stick-meta":"","header-below-stick-meta":"","astra-migrate-meta-layouts":"set","ast-page-background-enabled":"default","ast-page-background-meta":{"desktop":{"background-color":"","background-image":"","background-repeat":"repeat","background-position":"center center","background-size":"auto","background-attachment":"scroll","background-type":"","background-media":"","overlay-type":"","overlay-color":"","overlay-opacity":"","overlay-gradient":""},"tablet":{"background-color":"","background-image":"","background-repeat":"repeat","background-position":"center center","background-size":"auto","background-attachment":"scroll","background-type":"","background-media":"","overlay-type":"","overlay-color":"","overlay-opacity":"","overlay-gradient":""},"mobile":{"background-color":"","background-image":"","background-repeat":"repeat","background-position":"center center","background-size":"auto","background-attachment":"scroll","background-type":"","background-media":"","overlay-type":"","overlay-color":"","overlay-opacity":"","overlay-gradient":""}},"ast-content-background-meta":{"desktop":{"background-color":"var(--ast-global-color-5)","background-image":"","background-repeat":"repeat","background-position":"center center","background-size":"auto","background-attachment":"scroll","background-type":"","background-media":"","overlay-type":"","overlay-color":"","overlay-opacity":"","overlay-gradient":""},"tablet":{"background-color":"var(--ast-global-color-5)","background-image":"","background-repeat":"repeat","background-position":"center center","background-size":"auto","background-attachment":"scroll","background-type":"","background-media":"","overlay-type":"","overlay-color":"","overlay-opacity":"","overlay-gradient":""},"mobile":{"background-color":"var(--ast-global-color-5)","background-image":"","background-repeat":"repeat","background-position":"center center","background-size":"auto","background-attachment":"scroll","background-type":"","background-media":"","overlay-type":"","overlay-color":"","overlay-opacity":"","overlay-gradient":""}},"footnotes":""},"class_list":["post-3951","page","type-page","status-publish","hentry"],"_links":{"self":[{"href":"https:\/\/ingenieria.mxl.uabc.mx\/tc_fim\/wp-json\/wp\/v2\/pages\/3951","targetHints":{"allow":["GET"]}}],"collection":[{"href":"https:\/\/ingenieria.mxl.uabc.mx\/tc_fim\/wp-json\/wp\/v2\/pages"}],"about":[{"href":"https:\/\/ingenieria.mxl.uabc.mx\/tc_fim\/wp-json\/wp\/v2\/types\/page"}],"author":[{"embeddable":true,"href":"https:\/\/ingenieria.mxl.uabc.mx\/tc_fim\/wp-json\/wp\/v2\/users\/3"}],"replies":[{"embeddable":true,"href":"https:\/\/ingenieria.mxl.uabc.mx\/tc_fim\/wp-json\/wp\/v2\/comments?post=3951"}],"version-history":[{"count":27,"href":"https:\/\/ingenieria.mxl.uabc.mx\/tc_fim\/wp-json\/wp\/v2\/pages\/3951\/revisions"}],"predecessor-version":[{"id":5236,"href":"https:\/\/ingenieria.mxl.uabc.mx\/tc_fim\/wp-json\/wp\/v2\/pages\/3951\/revisions\/5236"}],"wp:attachment":[{"href":"https:\/\/ingenieria.mxl.uabc.mx\/tc_fim\/wp-json\/wp\/v2\/media?parent=3951"}],"curies":[{"name":"wp","href":"https:\/\/api.w.org\/{rel}","templated":true}]}}