{"id":4490,"date":"2024-02-21T14:41:35","date_gmt":"2024-02-21T22:41:35","guid":{"rendered":"https:\/\/ingenieria.mxl.uabc.mx\/tc_fim\/?page_id=4490"},"modified":"2025-09-10T14:26:12","modified_gmt":"2025-09-10T22:26:12","slug":"profesores","status":"publish","type":"page","link":"https:\/\/ingenieria.mxl.uabc.mx\/tc_fim\/profesores\/","title":{"rendered":"Profesores"},"content":{"rendered":"\t\t<div data-elementor-type=\"wp-page\" data-elementor-id=\"4490\" class=\"elementor elementor-4490\">\n\t\t\t\t<div class=\"elementor-element elementor-element-a32812a e-con-full e-flex e-con e-parent\" data-id=\"a32812a\" data-element_type=\"container\" data-e-type=\"container\">\n\t\t<div class=\"elementor-element elementor-element-d700dbe e-con-full e-flex e-con e-child\" data-id=\"d700dbe\" data-element_type=\"container\" data-e-type=\"container\">\n\t\t<div class=\"elementor-element elementor-element-7f8a134 e-con-full e-flex e-con e-child\" data-id=\"7f8a134\" data-element_type=\"container\" data-e-type=\"container\" data-settings=\"{&quot;background_background&quot;:&quot;classic&quot;}\">\n\t\t\t\t<div class=\"elementor-element elementor-element-7e30e08 elementor-widget elementor-widget-heading\" data-id=\"7e30e08\" data-element_type=\"widget\" data-e-type=\"widget\" data-widget_type=\"heading.default\">\n\t\t\t\t<div class=\"elementor-widget-container\">\n\t\t\t\t\t<h1 class=\"elementor-heading-title elementor-size-default\">Profesores del TC Cs. Ingenier\u00eda<\/h1>\t\t\t\t<\/div>\n\t\t\t\t<\/div>\n\t\t\t\t<div class=\"elementor-element elementor-element-66d7613 elementor-widget-divider--view-line elementor-widget elementor-widget-divider\" data-id=\"66d7613\" data-element_type=\"widget\" data-e-type=\"widget\" data-widget_type=\"divider.default\">\n\t\t\t\t<div class=\"elementor-widget-container\">\n\t\t\t\t\t\t\t<div class=\"elementor-divider\">\n\t\t\t<span class=\"elementor-divider-separator\">\n\t\t\t\t\t\t<\/span>\n\t\t<\/div>\n\t\t\t\t\t\t<\/div>\n\t\t\t\t<\/div>\n\t\t\t\t<div class=\"elementor-element elementor-element-15ff8cb elementor-widget elementor-widget-text-editor\" data-id=\"15ff8cb\" data-element_type=\"widget\" data-e-type=\"widget\" data-widget_type=\"text-editor.default\">\n\t\t\t\t<div class=\"elementor-widget-container\">\n\t\t\t\t\t\t\t\t\t<table border=\"3\"><tbody><tr style=\"background-color: #006633;\"><td style=\"text-align: center;\"><span style=\"color: #ffffff;\"><strong>\u00a0Emp.\u00a0<\/strong><\/span><\/td><td style=\"width: 250px; text-align: center;\"><span style=\"color: #ffffff;\"><strong>Nombre<\/strong><\/span><\/td><td style=\"text-align: center;\"><span style=\"color: #ffffff;\"><strong><span id=\"cloak18173\"><a href=\"mailto:Correo@uabc.edu.mx\">Correo@uabc.edu.mx<\/a><\/span><script type=\"text\/javascript\">\n \/\/<!--\n document.getElementById('cloak18173').innerHTML = '';\n var prefix = '&#109;a' + 'i&#108;' + '&#116;o';\n var path = 'hr' + 'ef' + '=';\n var addy18173 = 'C&#111;rr&#101;&#111;' + '&#64;';\n addy18173 = addy18173 + '&#117;&#97;bc' + '&#46;' + '&#101;d&#117;' + '&#46;' + 'mx';\n document.getElementById('cloak18173').innerHTML += '<a ' + path + '\\'' + prefix + ':' + addy18173 + '\\'>' + addy18173+'<\\\/a>';\n \/\/-->\n <\/script><\/strong><\/span><\/td><\/tr><tr><td><span style=\"font-size: 14pt;\">11205<\/span><\/td><td><span style=\"font-size: 14pt;\">\u00a0Gonz\u00e1lez Barajas Ma. de los \u00c1ngeles<\/span><\/td><td><span style=\"font-size: 14pt;\">\u00a0angygo@<\/span><\/td><\/tr><tr><td><span style=\"font-size: 14pt;\">11972<\/span><\/td><td><span style=\"font-size: 14pt;\">\u00a0De Las Fuentes Lara Maximiliano<\/span><\/td><td><span style=\"font-size: 14pt;\">\u00a0maximilianofuentes@<\/span><\/td><\/tr><tr><td><span style=\"font-size: 14pt;\">12866<\/span><\/td><td><span style=\"font-size: 14pt;\">\u00a0Herrera Delgado Mar\u00eda del Socorro<\/span><\/td><td><span style=\"font-size: 14pt;\">\u00a0soherrera@<\/span><\/td><\/tr><tr><td><span style=\"font-size: 14pt;\">\u00a015499<\/span><\/td><td><span style=\"font-size: 14pt;\">\u00a0Turrubiartes Reynaga Marco Aurelio\u00a0<\/span><\/td><td><span style=\"font-size: 14pt;\">\u00a0mturrubiartes@<\/span><\/td><\/tr><tr><td><span style=\"font-size: 14pt;\">16637<\/span><\/td><td><span style=\"font-size: 14pt;\">\u00a0P\u00e9rez Maciel Monceni<\/span><\/td><td><span style=\"font-size: 14pt;\">\u00a0monceni@<\/span><\/td><\/tr><tr><td><span style=\"font-size: 14pt;\">\u00a017486<\/span><\/td><td><span style=\"font-size: 14pt;\">\u00a0Mariscal Camacho Josefina<\/span><\/td><td><span style=\"font-size: 14pt;\">\u00a0josefina.mariscal@<\/span><\/td><\/tr><tr><td><span style=\"font-size: 14pt;\">17802<\/span><\/td><td><span style=\"font-size: 14pt;\">\u00a0Madrigal Liz\u00e1rraga Yohana<\/span><\/td><td><span style=\"font-size: 14pt;\">\u00a0yomadrigal@<\/span><\/td><\/tr><tr><td><span style=\"font-size: 14pt;\">19281<\/span><\/td><td><span style=\"font-size: 14pt;\">\u00a0Aguilar Salinas Wendolyn Elizabeth<\/span><\/td><td><span style=\"font-size: 14pt;\">\u00a0aguilar.wendolyn@<\/span><\/td><\/tr><tr><td><span style=\"font-size: 14pt;\">\u00a019657<\/span><\/td><td><span style=\"font-size: 14pt;\">\u00a0Mart\u00ednez Alvarado Luis Arturo\u00a0<\/span><\/td><td><span style=\"font-size: 14pt;\">\u00a0luis.martinez97@<\/span><\/td><\/tr><tr><td><span style=\"font-size: 14pt;\">22448<\/span><\/td><td><span style=\"font-size: 14pt;\">\u00a0Soto Tapiz M\u00f3nica Isabel<\/span><\/td><td><span style=\"font-size: 14pt;\">\u00a0soto.monica@<\/span><\/td><\/tr><tr><td><span style=\"font-size: 14pt;\">23560<\/span><\/td><td><span style=\"font-size: 14pt;\">\u00a0Mart\u00ednez Molina Ana Dolores<\/span><\/td><td><span style=\"font-size: 14pt;\">\u00a0ana.dolores.martinez.molina@<\/span><\/td><\/tr><tr><td><span style=\"font-size: 14pt;\">24285<\/span><\/td><td><span style=\"font-size: 14pt;\">\u00a0Justo L\u00f3pez Araceli Celina<\/span><\/td><td><span style=\"font-size: 14pt;\">\u00a0araceli.justo@<\/span><\/td><\/tr><tr><td><span style=\"font-size: 14pt;\">25561\u00a0<\/span><\/td><td><span style=\"font-size: 14pt;\">\u00a0\u00cd\u00f1iguez Monroy C\u00e9sar Gonzalo\u00a0<\/span><\/td><td><span style=\"font-size: 14pt;\">\u00a0cesar.iiguez@<\/span><\/td><\/tr><tr><td><span style=\"font-size: 14pt;\">27359<\/span><\/td><td><span style=\"font-size: 14pt;\">\u00a0\u00c1valos Gonz\u00e1lez Daniel<\/span><\/td><td><span style=\"font-size: 14pt;\">\u00a0davalos@<\/span><\/td><\/tr><tr><td><span style=\"font-size: 14pt;\">28391<\/span><\/td><td><span style=\"font-size: 14pt;\">\u00a0Liz\u00e1rraga Osuna Noemi<\/span><\/td><td><span style=\"font-size: 14pt;\">\u00a0noemi.lizarraga@<\/span><\/td><\/tr><tr><td><span style=\"font-size: 14pt;\">30494<\/span><\/td><td><span style=\"font-size: 14pt;\">\u00a0Castro Toscano Mois\u00e9s Jes\u00fas<\/span><\/td><td><span style=\"font-size: 14pt;\">\u00a0moises.jesus.castro.toscano1@<\/span><\/td><\/tr><\/tbody><\/table>\t\t\t\t\t\t\t\t<\/div>\n\t\t\t\t<\/div>\n\t\t\t\t<\/div>\n\t\t\t\t<\/div>\n\t\t<div class=\"elementor-element elementor-element-7f413a1 e-con-full e-flex e-con e-child\" data-id=\"7f413a1\" data-element_type=\"container\" data-e-type=\"container\">\n\t\t<div class=\"elementor-element elementor-element-0f972e2 e-con-full e-flex e-con e-child\" data-id=\"0f972e2\" data-element_type=\"container\" data-e-type=\"container\" data-settings=\"{&quot;background_background&quot;:&quot;classic&quot;}\">\n\t\t\t\t<div class=\"elementor-element elementor-element-1cc6521 elementor-widget elementor-widget-heading\" data-id=\"1cc6521\" data-element_type=\"widget\" data-e-type=\"widget\" data-widget_type=\"heading.default\">\n\t\t\t\t<div class=\"elementor-widget-container\">\n\t\t\t\t\t<h2 class=\"elementor-heading-title elementor-size-default\">CONTACTO<\/h2>\t\t\t\t<\/div>\n\t\t\t\t<\/div>\n\t\t\t\t<div class=\"elementor-element elementor-element-a38254b elementor-widget-divider--view-line elementor-widget elementor-widget-divider\" data-id=\"a38254b\" data-element_type=\"widget\" data-e-type=\"widget\" data-widget_type=\"divider.default\">\n\t\t\t\t<div class=\"elementor-widget-container\">\n\t\t\t\t\t\t\t<div class=\"elementor-divider\">\n\t\t\t<span class=\"elementor-divider-separator\">\n\t\t\t\t\t\t<\/span>\n\t\t<\/div>\n\t\t\t\t\t\t<\/div>\n\t\t\t\t<\/div>\n\t\t\t\t<div class=\"elementor-element elementor-element-1312f45 elementor-widget elementor-widget-text-editor\" data-id=\"1312f45\" data-element_type=\"widget\" data-e-type=\"widget\" data-widget_type=\"text-editor.default\">\n\t\t\t\t<div class=\"elementor-widget-container\">\n\t\t\t\t\t\t\t\t\t<p><span style=\"color: #339966; font-size: 10pt;\"><strong>Dra. Ana Dolores Mart\u00ednez Molina<\/strong><\/span><br \/><span style=\"font-size: 10pt;\"><em><span style=\"color: #ffcc00;\"><strong>Responsable de Tronco Com\u00fan<br \/><br \/><\/strong><\/span><\/em><\/span><\/p><p><span style=\"font-size: 10pt;\"><strong><span style=\"color: #339966;\">Email:<\/span> <span style=\"color: #000000;\"><a style=\"color: #000000;\" href=\"mailto:troncocomun_fim@uabc.edu.mx\">troncocomun_fim@uabc.edu.mx<\/a><\/span><\/strong><\/span><br \/><span style=\"font-size: 10pt;\"><strong><span style=\"color: #339966;\">Tel\u00e9fono:<\/span> +52 (686) 841-82-35 <\/strong><\/span><\/p><p><span style=\"font-size: 10pt;\"><strong><span style=\"color: #339966;\">Ext.<\/span> 44487<\/strong><\/span><\/p>\t\t\t\t\t\t\t\t<\/div>\n\t\t\t\t<\/div>\n\t\t\t\t<\/div>\n\t\t<div class=\"elementor-element elementor-element-a58e6d3 e-con-full e-flex e-con e-child\" data-id=\"a58e6d3\" data-element_type=\"container\" data-e-type=\"container\" data-settings=\"{&quot;background_background&quot;:&quot;classic&quot;}\">\n\t\t\t\t<div class=\"elementor-element elementor-element-7b8d082 elementor-widget elementor-widget-heading\" data-id=\"7b8d082\" data-element_type=\"widget\" data-e-type=\"widget\" data-widget_type=\"heading.default\">\n\t\t\t\t<div class=\"elementor-widget-container\">\n\t\t\t\t\t<h2 class=\"elementor-heading-title elementor-size-default\">ENLACES<\/h2>\t\t\t\t<\/div>\n\t\t\t\t<\/div>\n\t\t\t\t<div class=\"elementor-element elementor-element-01a103b elementor-widget-divider--view-line elementor-widget elementor-widget-divider\" data-id=\"01a103b\" data-element_type=\"widget\" data-e-type=\"widget\" data-widget_type=\"divider.default\">\n\t\t\t\t<div class=\"elementor-widget-container\">\n\t\t\t\t\t\t\t<div class=\"elementor-divider\">\n\t\t\t<span class=\"elementor-divider-separator\">\n\t\t\t\t\t\t<\/span>\n\t\t<\/div>\n\t\t\t\t\t\t<\/div>\n\t\t\t\t<\/div>\n\t\t\t\t<div class=\"elementor-element elementor-element-424f77f elementor-widget elementor-widget-text-editor\" data-id=\"424f77f\" data-element_type=\"widget\" data-e-type=\"widget\" data-widget_type=\"text-editor.default\">\n\t\t\t\t<div class=\"elementor-widget-container\">\n\t\t\t\t\t\t\t\t\t<p><span style=\"font-size: 12pt;\"><a href=\"https:\/\/www.facebook.com\/pages\/Direcci%C3%B3n-FIM-UABC\/340160902766104?fref=ts\" target=\"_blank\" rel=\"follow no noopener\">Facebook Direcci\u00f3n FIM<\/a><\/span><\/p><p><span style=\"font-size: 12pt;\"><a href=\"http:\/\/www.facebook.com\/pages\/Subdirecci%C3%B3n-de-la-Facultad-de-Ingenier%C3%ADa-Mexicali-UABC\/422553107793433\" target=\"_blank\" rel=\"follow no noopener\">Facebook Subdirecci\u00f3n FIM<\/a><\/span><\/p><p><span style=\"font-size: 12pt;\"><a href=\"https:\/\/www.facebook.com\/troncocomun.troncocomun?fref=ts\" target=\"_blank\" rel=\"follow no noopener\">Facebook Tronco Com\u00fan<\/a><\/span><\/p>\t\t\t\t\t\t\t\t<\/div>\n\t\t\t\t<\/div>\n\t\t\t\t<\/div>\n\t\t\t\t<\/div>\n\t\t\t\t<\/div>\n\t\t\t\t<\/div>\n\t\t","protected":false},"excerpt":{"rendered":"<p>Profesores del TC Cs. Ingenier\u00eda \u00a0Emp.\u00a0 Nombre Correo@uabc.edu.mx 11205 \u00a0Gonz\u00e1lez Barajas Ma. de los \u00c1ngeles \u00a0angygo@ 11972 \u00a0De Las Fuentes Lara Maximiliano \u00a0maximilianofuentes@ 12866 \u00a0Herrera Delgado Mar\u00eda del Socorro \u00a0soherrera@ \u00a015499 \u00a0Turrubiartes Reynaga Marco Aurelio\u00a0 \u00a0mturrubiartes@ 16637 \u00a0P\u00e9rez Maciel Monceni \u00a0monceni@ \u00a017486 \u00a0Mariscal Camacho Josefina \u00a0josefina.mariscal@ 17802 \u00a0Madrigal Liz\u00e1rraga Yohana \u00a0yomadrigal@ 19281 \u00a0Aguilar Salinas Wendolyn [&hellip;]<\/p>\n","protected":false},"author":3,"featured_media":0,"parent":0,"menu_order":0,"comment_status":"closed","ping_status":"closed","template":"","meta":{"site-sidebar-layout":"no-sidebar","site-content-layout":"page-builder","ast-site-content-layout":"full-width-container","site-content-style":"default","site-sidebar-style":"default","ast-global-header-display":"","ast-banner-title-visibility":"","ast-main-header-display":"","ast-hfb-above-header-display":"","ast-hfb-below-header-display":"","ast-hfb-mobile-header-display":"","site-post-title":"disabled","ast-breadcrumbs-content":"","ast-featured-img":"disabled","footer-sml-layout":"","ast-disable-related-posts":"","theme-transparent-header-meta":"default","adv-header-id-meta":"","stick-header-meta":"","header-above-stick-meta":"","header-main-stick-meta":"","header-below-stick-meta":"","astra-migrate-meta-layouts":"set","ast-page-background-enabled":"default","ast-page-background-meta":{"desktop":{"background-color":"","background-image":"","background-repeat":"repeat","background-position":"center center","background-size":"auto","background-attachment":"scroll","background-type":"","background-media":"","overlay-type":"","overlay-color":"","overlay-opacity":"","overlay-gradient":""},"tablet":{"background-color":"","background-image":"","background-repeat":"repeat","background-position":"center center","background-size":"auto","background-attachment":"scroll","background-type":"","background-media":"","overlay-type":"","overlay-color":"","overlay-opacity":"","overlay-gradient":""},"mobile":{"background-color":"","background-image":"","background-repeat":"repeat","background-position":"center center","background-size":"auto","background-attachment":"scroll","background-type":"","background-media":"","overlay-type":"","overlay-color":"","overlay-opacity":"","overlay-gradient":""}},"ast-content-background-meta":{"desktop":{"background-color":"var(--ast-global-color-5)","background-image":"","background-repeat":"repeat","background-position":"center center","background-size":"auto","background-attachment":"scroll","background-type":"","background-media":"","overlay-type":"","overlay-color":"","overlay-opacity":"","overlay-gradient":""},"tablet":{"background-color":"var(--ast-global-color-5)","background-image":"","background-repeat":"repeat","background-position":"center center","background-size":"auto","background-attachment":"scroll","background-type":"","background-media":"","overlay-type":"","overlay-color":"","overlay-opacity":"","overlay-gradient":""},"mobile":{"background-color":"var(--ast-global-color-5)","background-image":"","background-repeat":"repeat","background-position":"center center","background-size":"auto","background-attachment":"scroll","background-type":"","background-media":"","overlay-type":"","overlay-color":"","overlay-opacity":"","overlay-gradient":""}},"footnotes":""},"class_list":["post-4490","page","type-page","status-publish","hentry"],"_links":{"self":[{"href":"https:\/\/ingenieria.mxl.uabc.mx\/tc_fim\/wp-json\/wp\/v2\/pages\/4490","targetHints":{"allow":["GET"]}}],"collection":[{"href":"https:\/\/ingenieria.mxl.uabc.mx\/tc_fim\/wp-json\/wp\/v2\/pages"}],"about":[{"href":"https:\/\/ingenieria.mxl.uabc.mx\/tc_fim\/wp-json\/wp\/v2\/types\/page"}],"author":[{"embeddable":true,"href":"https:\/\/ingenieria.mxl.uabc.mx\/tc_fim\/wp-json\/wp\/v2\/users\/3"}],"replies":[{"embeddable":true,"href":"https:\/\/ingenieria.mxl.uabc.mx\/tc_fim\/wp-json\/wp\/v2\/comments?post=4490"}],"version-history":[{"count":16,"href":"https:\/\/ingenieria.mxl.uabc.mx\/tc_fim\/wp-json\/wp\/v2\/pages\/4490\/revisions"}],"predecessor-version":[{"id":5248,"href":"https:\/\/ingenieria.mxl.uabc.mx\/tc_fim\/wp-json\/wp\/v2\/pages\/4490\/revisions\/5248"}],"wp:attachment":[{"href":"https:\/\/ingenieria.mxl.uabc.mx\/tc_fim\/wp-json\/wp\/v2\/media?parent=4490"}],"curies":[{"name":"wp","href":"https:\/\/api.w.org\/{rel}","templated":true}]}}