{"id":4524,"date":"2024-02-21T15:26:33","date_gmt":"2024-02-21T23:26:33","guid":{"rendered":"https:\/\/ingenieria.mxl.uabc.mx\/tc_fim\/?page_id=4524"},"modified":"2025-09-10T14:27:10","modified_gmt":"2025-09-10T22:27:10","slug":"tutoria-subasta-alumnos","status":"publish","type":"page","link":"https:\/\/ingenieria.mxl.uabc.mx\/tc_fim\/tutoria-subasta-alumnos\/","title":{"rendered":"Tutoria y Subasta &#8211; Alumnos"},"content":{"rendered":"\t\t<div data-elementor-type=\"wp-page\" data-elementor-id=\"4524\" class=\"elementor elementor-4524\">\n\t\t\t\t<div class=\"elementor-element elementor-element-a32812a e-con-full e-flex e-con e-parent\" data-id=\"a32812a\" data-element_type=\"container\" data-e-type=\"container\">\n\t\t<div class=\"elementor-element elementor-element-d700dbe e-con-full e-flex e-con e-child\" data-id=\"d700dbe\" data-element_type=\"container\" data-e-type=\"container\">\n\t\t<div class=\"elementor-element elementor-element-7f8a134 e-con-full e-flex e-con e-child\" data-id=\"7f8a134\" data-element_type=\"container\" data-e-type=\"container\" data-settings=\"{&quot;background_background&quot;:&quot;classic&quot;}\">\n\t\t\t\t<div class=\"elementor-element elementor-element-7e30e08 elementor-widget elementor-widget-heading\" data-id=\"7e30e08\" data-element_type=\"widget\" data-e-type=\"widget\" data-widget_type=\"heading.default\">\n\t\t\t\t<div class=\"elementor-widget-container\">\n\t\t\t\t\t<h1 class=\"elementor-heading-title elementor-size-default\">Tutor\u00edas y Subasta<\/h1>\t\t\t\t<\/div>\n\t\t\t\t<\/div>\n\t\t\t\t<div class=\"elementor-element elementor-element-66d7613 elementor-widget-divider--view-line elementor-widget elementor-widget-divider\" data-id=\"66d7613\" data-element_type=\"widget\" data-e-type=\"widget\" data-widget_type=\"divider.default\">\n\t\t\t\t<div class=\"elementor-widget-container\">\n\t\t\t\t\t\t\t<div class=\"elementor-divider\">\n\t\t\t<span class=\"elementor-divider-separator\">\n\t\t\t\t\t\t<\/span>\n\t\t<\/div>\n\t\t\t\t\t\t<\/div>\n\t\t\t\t<\/div>\n\t\t\t\t<div class=\"elementor-element elementor-element-15ff8cb elementor-widget elementor-widget-text-editor\" data-id=\"15ff8cb\" data-element_type=\"widget\" data-e-type=\"widget\" data-widget_type=\"text-editor.default\">\n\t\t\t\t<div class=\"elementor-widget-container\">\n\t\t\t\t\t\t\t\t\t<div><span style=\"font-size: 14pt;\">En esta secci\u00f3n encontrar\u00e1s informaci\u00f3n sobre tutor\u00edas y subasta, importante para el proceso de reinscripci\u00f3n. A continuaci\u00f3n se muestran los pasos que debes seguir para llevar a cabo este proceso.<\/span><\/div><div>\u00a0<\/div><ol><li><p><span style=\"font-size: 14pt;\">Entrar al Sistema Institucional de tutor\u00edas (SIT)\u00a0<a href=\"https:\/\/tutorias.uabc.mx\/\" target=\"_blank\" rel=\"noopener noreferrer\">https:\/\/tutorias.uabc.mx<\/a>\u00a0y revisar\u00a0qui\u00e9n es el tutor y horario de atenci\u00f3n. Por el momento la atenci\u00f3n se realizar\u00e1 por\u00a0correo electr\u00f3nico.<\/span><\/p><\/li><li><p><span style=\"font-size: 14pt;\">Descargar el formato de tutor\u00eda\u00a0y seleccionar las materias que quieres llevar el\u00a0siguiente semestre para que el tutor las autorice. El\u00a0formato de tutor\u00eda para el\u00a0<strong>PLAN 2019-2<\/strong>\u00a0lo puedes descargar en\u00a0<a href=\"https:\/\/ingenieria.mxl.uabc.mx\/tc_fim\/wp-content\/uploads\/2024\/02\/formato_tutorias_tronco_comun.pdf\" target=\"_blank\" rel=\"noopener noreferrer\">este enlace<\/a>.<\/span><\/p><\/li><li><p><span style=\"font-size: 14pt;\">Enviar tu formato lleno por correo a tu tutor en la fecha indicada para tu tutor\u00eda.\u00a0Durante la tutor\u00eda en l\u00ednea podr\u00e1s consultar dudas con tu tutor.<\/span><\/p><\/li><li><p><span style=\"font-size: 14pt;\">Despu\u00e9s de la tutor\u00eda en l\u00ednea solo debes esperar la fecha de la subasta, a la cual\u00a0podr\u00e1s ingresar a trav\u00e9s de la p\u00e1gina\u00a0<a href=\"https:\/\/reinscripciones.uabc.edu.mx\/\" target=\"_blank\" rel=\"noopener noreferrer\">http:\/\/reinscripciones.uabc.edu.mx\/<\/a><\/span><\/p><\/li><\/ol><p><span style=\"font-size: 14pt;\">Este tr\u00e1mite\u00a0<strong>NO<\/strong>\u00a0tiene costo.<\/span><\/p>\t\t\t\t\t\t\t\t<\/div>\n\t\t\t\t<\/div>\n\t\t\t\t<\/div>\n\t\t\t\t<\/div>\n\t\t<div class=\"elementor-element elementor-element-7f413a1 e-con-full e-flex e-con e-child\" data-id=\"7f413a1\" data-element_type=\"container\" data-e-type=\"container\">\n\t\t<div class=\"elementor-element elementor-element-0f972e2 e-con-full e-flex e-con e-child\" data-id=\"0f972e2\" data-element_type=\"container\" data-e-type=\"container\" data-settings=\"{&quot;background_background&quot;:&quot;classic&quot;}\">\n\t\t\t\t<div class=\"elementor-element elementor-element-1cc6521 elementor-widget elementor-widget-heading\" data-id=\"1cc6521\" data-element_type=\"widget\" data-e-type=\"widget\" data-widget_type=\"heading.default\">\n\t\t\t\t<div class=\"elementor-widget-container\">\n\t\t\t\t\t<h2 class=\"elementor-heading-title elementor-size-default\">CONTACTO<\/h2>\t\t\t\t<\/div>\n\t\t\t\t<\/div>\n\t\t\t\t<div class=\"elementor-element elementor-element-a38254b elementor-widget-divider--view-line elementor-widget elementor-widget-divider\" data-id=\"a38254b\" data-element_type=\"widget\" data-e-type=\"widget\" data-widget_type=\"divider.default\">\n\t\t\t\t<div class=\"elementor-widget-container\">\n\t\t\t\t\t\t\t<div class=\"elementor-divider\">\n\t\t\t<span class=\"elementor-divider-separator\">\n\t\t\t\t\t\t<\/span>\n\t\t<\/div>\n\t\t\t\t\t\t<\/div>\n\t\t\t\t<\/div>\n\t\t\t\t<div class=\"elementor-element elementor-element-1312f45 elementor-widget elementor-widget-text-editor\" data-id=\"1312f45\" data-element_type=\"widget\" data-e-type=\"widget\" data-widget_type=\"text-editor.default\">\n\t\t\t\t<div class=\"elementor-widget-container\">\n\t\t\t\t\t\t\t\t\t<p><span style=\"color: #339966; font-size: 10pt;\"><strong>Dra. Ana Dolores Mart\u00ednez Molina<\/strong><\/span><br \/><span style=\"font-size: 10pt;\"><em><span style=\"color: #ffcc00;\"><strong>Responsable de Tronco Com\u00fan<br \/><br \/><\/strong><\/span><\/em><\/span><\/p><p><span style=\"font-size: 10pt;\"><strong><span style=\"color: #339966;\">Email:<\/span> <span style=\"color: #000000;\"><a style=\"color: #000000;\" href=\"mailto:troncocomun_fim@uabc.edu.mx\">troncocomun_fim@uabc.edu.mx<\/a><\/span><\/strong><\/span><br \/><span style=\"font-size: 10pt;\"><strong><span style=\"color: #339966;\">Tel\u00e9fono:<\/span> +52 (686) 841-82-35 <\/strong><\/span><\/p><p><span style=\"font-size: 10pt;\"><strong><span style=\"color: #339966;\">Ext.<\/span> 44487<\/strong><\/span><\/p>\t\t\t\t\t\t\t\t<\/div>\n\t\t\t\t<\/div>\n\t\t\t\t<\/div>\n\t\t<div class=\"elementor-element elementor-element-a58e6d3 e-con-full e-flex e-con e-child\" data-id=\"a58e6d3\" data-element_type=\"container\" data-e-type=\"container\" data-settings=\"{&quot;background_background&quot;:&quot;classic&quot;}\">\n\t\t\t\t<div class=\"elementor-element elementor-element-7b8d082 elementor-widget elementor-widget-heading\" data-id=\"7b8d082\" data-element_type=\"widget\" data-e-type=\"widget\" data-widget_type=\"heading.default\">\n\t\t\t\t<div class=\"elementor-widget-container\">\n\t\t\t\t\t<h2 class=\"elementor-heading-title elementor-size-default\">ENLACES<\/h2>\t\t\t\t<\/div>\n\t\t\t\t<\/div>\n\t\t\t\t<div class=\"elementor-element elementor-element-01a103b elementor-widget-divider--view-line elementor-widget elementor-widget-divider\" data-id=\"01a103b\" data-element_type=\"widget\" data-e-type=\"widget\" data-widget_type=\"divider.default\">\n\t\t\t\t<div class=\"elementor-widget-container\">\n\t\t\t\t\t\t\t<div class=\"elementor-divider\">\n\t\t\t<span class=\"elementor-divider-separator\">\n\t\t\t\t\t\t<\/span>\n\t\t<\/div>\n\t\t\t\t\t\t<\/div>\n\t\t\t\t<\/div>\n\t\t\t\t<div class=\"elementor-element elementor-element-424f77f elementor-widget elementor-widget-text-editor\" data-id=\"424f77f\" data-element_type=\"widget\" data-e-type=\"widget\" data-widget_type=\"text-editor.default\">\n\t\t\t\t<div class=\"elementor-widget-container\">\n\t\t\t\t\t\t\t\t\t<p><span style=\"font-size: 12pt;\"><a href=\"https:\/\/www.facebook.com\/pages\/Direcci%C3%B3n-FIM-UABC\/340160902766104?fref=ts\" target=\"_blank\" rel=\"follow no noopener\">Facebook Direcci\u00f3n FIM<\/a><\/span><\/p><p><span style=\"font-size: 12pt;\"><a href=\"http:\/\/www.facebook.com\/pages\/Subdirecci%C3%B3n-de-la-Facultad-de-Ingenier%C3%ADa-Mexicali-UABC\/422553107793433\" target=\"_blank\" rel=\"follow no noopener\">Facebook Subdirecci\u00f3n FIM<\/a><\/span><\/p><p><span style=\"font-size: 12pt;\"><a href=\"https:\/\/www.facebook.com\/troncocomun.troncocomun?fref=ts\" target=\"_blank\" rel=\"follow no noopener\">Facebook Tronco Com\u00fan<\/a><\/span><\/p>\t\t\t\t\t\t\t\t<\/div>\n\t\t\t\t<\/div>\n\t\t\t\t<\/div>\n\t\t\t\t<\/div>\n\t\t\t\t<\/div>\n\t\t\t\t<\/div>\n\t\t","protected":false},"excerpt":{"rendered":"<p>Tutor\u00edas y Subasta En esta secci\u00f3n encontrar\u00e1s informaci\u00f3n sobre tutor\u00edas y subasta, importante para el proceso de reinscripci\u00f3n. A continuaci\u00f3n se muestran los pasos que debes seguir para llevar a cabo este proceso.\u00a0 Entrar al Sistema Institucional de tutor\u00edas (SIT)\u00a0https:\/\/tutorias.uabc.mx\u00a0y revisar\u00a0qui\u00e9n es el tutor y horario de atenci\u00f3n. Por el momento la atenci\u00f3n se realizar\u00e1 [&hellip;]<\/p>\n","protected":false},"author":3,"featured_media":0,"parent":0,"menu_order":0,"comment_status":"closed","ping_status":"closed","template":"","meta":{"site-sidebar-layout":"no-sidebar","site-content-layout":"page-builder","ast-site-content-layout":"full-width-container","site-content-style":"default","site-sidebar-style":"default","ast-global-header-display":"","ast-banner-title-visibility":"","ast-main-header-display":"","ast-hfb-above-header-display":"","ast-hfb-below-header-display":"","ast-hfb-mobile-header-display":"","site-post-title":"disabled","ast-breadcrumbs-content":"","ast-featured-img":"disabled","footer-sml-layout":"","ast-disable-related-posts":"","theme-transparent-header-meta":"default","adv-header-id-meta":"","stick-header-meta":"","header-above-stick-meta":"","header-main-stick-meta":"","header-below-stick-meta":"","astra-migrate-meta-layouts":"set","ast-page-background-enabled":"default","ast-page-background-meta":{"desktop":{"background-color":"","background-image":"","background-repeat":"repeat","background-position":"center center","background-size":"auto","background-attachment":"scroll","background-type":"","background-media":"","overlay-type":"","overlay-color":"","overlay-opacity":"","overlay-gradient":""},"tablet":{"background-color":"","background-image":"","background-repeat":"repeat","background-position":"center center","background-size":"auto","background-attachment":"scroll","background-type":"","background-media":"","overlay-type":"","overlay-color":"","overlay-opacity":"","overlay-gradient":""},"mobile":{"background-color":"","background-image":"","background-repeat":"repeat","background-position":"center center","background-size":"auto","background-attachment":"scroll","background-type":"","background-media":"","overlay-type":"","overlay-color":"","overlay-opacity":"","overlay-gradient":""}},"ast-content-background-meta":{"desktop":{"background-color":"var(--ast-global-color-5)","background-image":"","background-repeat":"repeat","background-position":"center center","background-size":"auto","background-attachment":"scroll","background-type":"","background-media":"","overlay-type":"","overlay-color":"","overlay-opacity":"","overlay-gradient":""},"tablet":{"background-color":"var(--ast-global-color-5)","background-image":"","background-repeat":"repeat","background-position":"center center","background-size":"auto","background-attachment":"scroll","background-type":"","background-media":"","overlay-type":"","overlay-color":"","overlay-opacity":"","overlay-gradient":""},"mobile":{"background-color":"var(--ast-global-color-5)","background-image":"","background-repeat":"repeat","background-position":"center center","background-size":"auto","background-attachment":"scroll","background-type":"","background-media":"","overlay-type":"","overlay-color":"","overlay-opacity":"","overlay-gradient":""}},"footnotes":""},"class_list":["post-4524","page","type-page","status-publish","hentry"],"_links":{"self":[{"href":"https:\/\/ingenieria.mxl.uabc.mx\/tc_fim\/wp-json\/wp\/v2\/pages\/4524","targetHints":{"allow":["GET"]}}],"collection":[{"href":"https:\/\/ingenieria.mxl.uabc.mx\/tc_fim\/wp-json\/wp\/v2\/pages"}],"about":[{"href":"https:\/\/ingenieria.mxl.uabc.mx\/tc_fim\/wp-json\/wp\/v2\/types\/page"}],"author":[{"embeddable":true,"href":"https:\/\/ingenieria.mxl.uabc.mx\/tc_fim\/wp-json\/wp\/v2\/users\/3"}],"replies":[{"embeddable":true,"href":"https:\/\/ingenieria.mxl.uabc.mx\/tc_fim\/wp-json\/wp\/v2\/comments?post=4524"}],"version-history":[{"count":10,"href":"https:\/\/ingenieria.mxl.uabc.mx\/tc_fim\/wp-json\/wp\/v2\/pages\/4524\/revisions"}],"predecessor-version":[{"id":5266,"href":"https:\/\/ingenieria.mxl.uabc.mx\/tc_fim\/wp-json\/wp\/v2\/pages\/4524\/revisions\/5266"}],"wp:attachment":[{"href":"https:\/\/ingenieria.mxl.uabc.mx\/tc_fim\/wp-json\/wp\/v2\/media?parent=4524"}],"curies":[{"name":"wp","href":"https:\/\/api.w.org\/{rel}","templated":true}]}}