{"id":4665,"date":"2024-02-23T12:36:28","date_gmt":"2024-02-23T20:36:28","guid":{"rendered":"https:\/\/ingenieria.mxl.uabc.mx\/tc_fim\/?page_id=4665"},"modified":"2025-09-10T14:25:21","modified_gmt":"2025-09-10T22:25:21","slug":"planes-de-clase","status":"publish","type":"page","link":"https:\/\/ingenieria.mxl.uabc.mx\/tc_fim\/planes-de-clase\/","title":{"rendered":"Planes de Clase"},"content":{"rendered":"\t\t<div data-elementor-type=\"wp-page\" data-elementor-id=\"4665\" class=\"elementor elementor-4665\">\n\t\t\t\t<div class=\"elementor-element elementor-element-a32812a e-con-full e-flex e-con e-parent\" data-id=\"a32812a\" data-element_type=\"container\" data-e-type=\"container\">\n\t\t<div class=\"elementor-element elementor-element-d700dbe e-con-full e-flex e-con e-child\" data-id=\"d700dbe\" data-element_type=\"container\" data-e-type=\"container\">\n\t\t<div class=\"elementor-element elementor-element-7f8a134 e-con-full e-flex e-con e-child\" data-id=\"7f8a134\" data-element_type=\"container\" data-e-type=\"container\" data-settings=\"{&quot;background_background&quot;:&quot;classic&quot;}\">\n\t\t\t\t<div class=\"elementor-element elementor-element-7e30e08 elementor-widget elementor-widget-heading\" data-id=\"7e30e08\" data-element_type=\"widget\" data-e-type=\"widget\" data-widget_type=\"heading.default\">\n\t\t\t\t<div class=\"elementor-widget-container\">\n\t\t\t\t\t<h1 class=\"elementor-heading-title elementor-size-default\">Planes de Clases<\/h1>\t\t\t\t<\/div>\n\t\t\t\t<\/div>\n\t\t\t\t<div class=\"elementor-element elementor-element-66d7613 elementor-widget-divider--view-line elementor-widget elementor-widget-divider\" data-id=\"66d7613\" data-element_type=\"widget\" data-e-type=\"widget\" data-widget_type=\"divider.default\">\n\t\t\t\t<div class=\"elementor-widget-container\">\n\t\t\t\t\t\t\t<div class=\"elementor-divider\">\n\t\t\t<span class=\"elementor-divider-separator\">\n\t\t\t\t\t\t<\/span>\n\t\t<\/div>\n\t\t\t\t\t\t<\/div>\n\t\t\t\t<\/div>\n\t\t\t\t<div class=\"elementor-element elementor-element-15ff8cb elementor-widget elementor-widget-text-editor\" data-id=\"15ff8cb\" data-element_type=\"widget\" data-e-type=\"widget\" data-widget_type=\"text-editor.default\">\n\t\t\t\t<div class=\"elementor-widget-container\">\n\t\t\t\t\t\t\t\t\t<p><span style=\"font-size: 14pt;\">En esta secci\u00f3n encontrar\u00e1 los planes de clases de las unidades de aprendizaje correspondientes a Tronco Com\u00fan. Estos planes de clase han sido elaborados por docentes de esta \u00e1rea.<\/span><\/p><p>\u00a0<\/p><p><span style=\"font-size: 14pt;\">Puede usarlos como gu\u00eda para impartir sus clases y puede hacer las observaciones que considere necesarias dirigi\u00e9ndose al coordinador de la unidad de aprendizaje.<\/span><\/p><p>\u00a0<\/p><p><span style=\"font-size: 14pt;\">Puedes descargar el Plan de Clase haciendo clic en el enlace correspondiente al plan de clase que necesites.<\/span><\/p><p>\u00a0<\/p><p><span style=\"font-size: 14pt;\">PRIMER SEMESTRE<\/span><\/p><ul><li><span style=\"font-size: 14pt;\">Plan de clase de la unidad de aprendizaje\u00a0<a href=\"https:\/\/drive.google.com\/file\/d\/1SJKJ-xMiX-Td4eRRD8z4peoFpz7dtNgs\/view?usp=drive_link\" target=\"_blank\" rel=\"noopener noreferrer\">C\u00e1lculo Diferencial<\/a><\/span><\/li><li><span style=\"font-size: 14pt;\">Plan de clase de la unidad de aprendizaje\u00a0<a href=\"https:\/\/drive.google.com\/file\/d\/1HSa76QipaVnS6lkyplZLtL259Wz7wRSI\/view?usp=drive_link\" target=\"_blank\" rel=\"noopener noreferrer\">\u00c1lgebra Superior<\/a><\/span><\/li><li><span style=\"font-size: 14pt;\">Plan de clase de la unidad de aprendizaje\u00a0<a href=\"https:\/\/drive.google.com\/file\/d\/1YGtpRx63NKw1oBbCLh2KtNg-h1KJGQ3b\/view?usp=drive_link\" target=\"_blank\" rel=\"noopener noreferrer\">Metodolog\u00eda de la Programaci\u00f3n<\/a><\/span><\/li><li><span style=\"font-size: 14pt;\">Plan de clase de la unidad de aprendizaje Comunicaci\u00f3n Oral y Escrita<\/span><\/li><li><span style=\"font-size: 14pt;\">Plan de clase de la unidad de aprendizaje\u00a0<a href=\"https:\/\/drive.google.com\/file\/d\/1FcBNZPCXUrzr8714vxwaHSJoTzOb08wz\/view?usp=drive_link\" target=\"_blank\" rel=\"noopener noreferrer\">Introducci\u00f3n a la Ingenier\u00eda<\/a><\/span><\/li><li><span style=\"font-size: 14pt;\">Plan de clase de la unidad de aprendizaje Desarrollo Profesional del Ingeniero<\/span><\/li><li><span style=\"font-size: 14pt;\">Plan de clase de la unidad de aprendizaje\u00a0<a href=\"https:\/\/drive.google.com\/file\/d\/1VjN0NGNs4pwBVvB2h6w2jf8SC4LWzZKU\/view?usp=drive_link\" target=\"_blank\" rel=\"noopener noreferrer\">Ingl\u00e9s I<\/a><\/span><\/li><\/ul><p><span style=\"font-size: 14pt;\">SEGUNDO SEMESTRE<\/span><\/p><ul><li><span style=\"font-size: 14pt;\">Plan de clase de la unidad de aprendizaje\u00a0<a href=\"https:\/\/drive.google.com\/file\/d\/16ba81Z5Mg90i2o2A5ZU0bkpOyCqBYrJA\/view\" target=\"_blank\" rel=\"noopener noreferrer\">C\u00e1lculo Integral<\/a><\/span><\/li><li><span style=\"font-size: 14pt;\">Plan de clase de la unidad de aprendizaje\u00a0<a href=\"https:\/\/drive.google.com\/file\/d\/1dSg7irjbNQ1lhdsqyWwZYerfnKnDZErS\/view?usp=drive_link\" target=\"_blank\" rel=\"noopener noreferrer\">Probabilidad y Estad\u00edstica<\/a><\/span><\/li><li><span style=\"font-size: 14pt;\">Plan de clase de la unidad de aprendizaje\u00a0<a href=\"https:\/\/drive.google.com\/file\/d\/18J65VpTStztTDQ7upK1ZpVjQ1TSp5z2q\/view?usp=drive_link\" target=\"_blank\" rel=\"noopener noreferrer\">Mec\u00e1nica Vectorial<\/a><\/span><\/li><li><span style=\"font-size: 14pt;\">Plan de clase de la unidad de aprendizaje\u00a0<a href=\"https:\/\/drive.google.com\/file\/d\/1ii2kmjLX7rLyHZypO-ICXlfr_lM56sIf\/view?usp=drive_link\" target=\"_blank\" rel=\"noopener noreferrer\">Qu\u00edmica<\/a><\/span><\/li><li><span style=\"font-size: 14pt;\">Plan de clase de la unidad de aprendizaje\u00a0<a href=\"https:\/\/drive.google.com\/file\/d\/1JLQvepHNZZUy1sGBNsxD2DLx-oVI2f_M\/view?usp=drive_link\" target=\"_blank\" rel=\"noopener noreferrer\">Programaci\u00f3n y M\u00e9todos Num\u00e9ricos<\/a><\/span><\/li><li><span style=\"font-size: 14pt;\">Plan de clase de la unidad de aprendizaje\u00a0<a href=\"https:\/\/drive.google.com\/file\/d\/1Ioh4_eptgj638OBHhW4svfBxCdqz9gLU\/view?usp=drive_link\" target=\"_blank\" rel=\"noopener noreferrer\">Ingl\u00e9s II<\/a><\/span><\/li><\/ul><p><span style=\"font-size: 14pt;\">TERCER SEMESTRE<\/span><\/p><ul><li><span style=\"font-size: 14pt;\">Plan de clase de la unidad de aprendizaje\u00a0<a href=\"https:\/\/drive.google.com\/file\/d\/1JNUXsZNDF--EsfxPMAlRO2eOG5SPyYpq\/view?usp=drive_link\" target=\"_blank\" rel=\"noopener noreferrer\">C\u00e1lculo Multivariable<\/a><\/span><\/li><li><span style=\"font-size: 14pt;\">Plan de clase de la unidad de aprendizaje\u00a0<a href=\"https:\/\/drive.google.com\/file\/d\/1iVY6F-zk4Aygb8kwzIDnJT6d9CDAqiSa\/view?usp=drive_link\" target=\"_blank\" rel=\"noopener noreferrer\">Ecuaciones Diferenciales<\/a><\/span><\/li><li><span style=\"font-size: 14pt;\">Plan de clase de la unidad de aprendizaje\u00a0<a href=\"https:\/\/drive.google.com\/file\/d\/1YHH6QXiI4cPT9Ren0iFSMmsBzsAg6X2G\/view?usp=drive_link\" target=\"_blank\" rel=\"noopener noreferrer\">Electricidad y Magnetismo<\/a><\/span><\/li><li><span style=\"font-size: 14pt;\">Plan de clase de la unidad de aprendizaje\u00a0<a href=\"https:\/\/drive.google.com\/file\/d\/1Gc6hNa0hbc8thJ8VsnA6cFWlTFvaf5cY\/view?usp=drive_link\" target=\"_blank\" rel=\"noopener noreferrer\">Metodolog\u00eda de la Investigaci\u00f3n<\/a><\/span><\/li><\/ul>\t\t\t\t\t\t\t\t<\/div>\n\t\t\t\t<\/div>\n\t\t\t\t<\/div>\n\t\t\t\t<\/div>\n\t\t<div class=\"elementor-element elementor-element-7f413a1 e-con-full e-flex e-con e-child\" data-id=\"7f413a1\" data-element_type=\"container\" data-e-type=\"container\">\n\t\t<div class=\"elementor-element elementor-element-0f972e2 e-con-full e-flex e-con e-child\" data-id=\"0f972e2\" data-element_type=\"container\" data-e-type=\"container\" data-settings=\"{&quot;background_background&quot;:&quot;classic&quot;}\">\n\t\t\t\t<div class=\"elementor-element elementor-element-1cc6521 elementor-widget elementor-widget-heading\" data-id=\"1cc6521\" data-element_type=\"widget\" data-e-type=\"widget\" data-widget_type=\"heading.default\">\n\t\t\t\t<div class=\"elementor-widget-container\">\n\t\t\t\t\t<h2 class=\"elementor-heading-title elementor-size-default\">CONTACTO<\/h2>\t\t\t\t<\/div>\n\t\t\t\t<\/div>\n\t\t\t\t<div class=\"elementor-element elementor-element-a38254b elementor-widget-divider--view-line elementor-widget elementor-widget-divider\" data-id=\"a38254b\" data-element_type=\"widget\" data-e-type=\"widget\" data-widget_type=\"divider.default\">\n\t\t\t\t<div class=\"elementor-widget-container\">\n\t\t\t\t\t\t\t<div class=\"elementor-divider\">\n\t\t\t<span class=\"elementor-divider-separator\">\n\t\t\t\t\t\t<\/span>\n\t\t<\/div>\n\t\t\t\t\t\t<\/div>\n\t\t\t\t<\/div>\n\t\t\t\t<div class=\"elementor-element elementor-element-1312f45 elementor-widget elementor-widget-text-editor\" data-id=\"1312f45\" data-element_type=\"widget\" data-e-type=\"widget\" data-widget_type=\"text-editor.default\">\n\t\t\t\t<div class=\"elementor-widget-container\">\n\t\t\t\t\t\t\t\t\t<p><span style=\"color: #339966; font-size: 10pt;\"><strong>Dra. Ana Dolores Mart\u00ednez Molina<\/strong><\/span><br \/><span style=\"font-size: 10pt;\"><em><span style=\"color: #ffcc00;\"><strong>Responsable de Tronco Com\u00fan<br \/><br \/><\/strong><\/span><\/em><\/span><\/p><p><span style=\"font-size: 10pt;\"><strong><span style=\"color: #339966;\">Email:<\/span> <span style=\"color: #000000;\"><a style=\"color: #000000;\" href=\"mailto:troncocomun_fim@uabc.edu.mx\">troncocomun_fim@uabc.edu.mx<\/a><\/span><\/strong><\/span><br \/><span style=\"font-size: 10pt;\"><strong><span style=\"color: #339966;\">Tel\u00e9fono:<\/span> +52 (686) 841-82-35 <\/strong><\/span><\/p><p><span style=\"font-size: 10pt;\"><strong><span style=\"color: #339966;\">Ext.<\/span> 44487<\/strong><\/span><\/p>\t\t\t\t\t\t\t\t<\/div>\n\t\t\t\t<\/div>\n\t\t\t\t<\/div>\n\t\t<div class=\"elementor-element elementor-element-a58e6d3 e-con-full e-flex e-con e-child\" data-id=\"a58e6d3\" data-element_type=\"container\" data-e-type=\"container\" data-settings=\"{&quot;background_background&quot;:&quot;classic&quot;}\">\n\t\t\t\t<div class=\"elementor-element elementor-element-7b8d082 elementor-widget elementor-widget-heading\" data-id=\"7b8d082\" data-element_type=\"widget\" data-e-type=\"widget\" data-widget_type=\"heading.default\">\n\t\t\t\t<div class=\"elementor-widget-container\">\n\t\t\t\t\t<h2 class=\"elementor-heading-title elementor-size-default\">ENLACES<\/h2>\t\t\t\t<\/div>\n\t\t\t\t<\/div>\n\t\t\t\t<div class=\"elementor-element elementor-element-01a103b elementor-widget-divider--view-line elementor-widget elementor-widget-divider\" data-id=\"01a103b\" data-element_type=\"widget\" data-e-type=\"widget\" data-widget_type=\"divider.default\">\n\t\t\t\t<div class=\"elementor-widget-container\">\n\t\t\t\t\t\t\t<div class=\"elementor-divider\">\n\t\t\t<span class=\"elementor-divider-separator\">\n\t\t\t\t\t\t<\/span>\n\t\t<\/div>\n\t\t\t\t\t\t<\/div>\n\t\t\t\t<\/div>\n\t\t\t\t<div class=\"elementor-element elementor-element-424f77f elementor-widget elementor-widget-text-editor\" data-id=\"424f77f\" data-element_type=\"widget\" data-e-type=\"widget\" data-widget_type=\"text-editor.default\">\n\t\t\t\t<div class=\"elementor-widget-container\">\n\t\t\t\t\t\t\t\t\t<p><span style=\"font-size: 12pt;\"><a href=\"https:\/\/www.facebook.com\/pages\/Direcci%C3%B3n-FIM-UABC\/340160902766104?fref=ts\" target=\"_blank\" rel=\"follow no noopener\">Facebook Direcci\u00f3n FIM<\/a><\/span><\/p><p><span style=\"font-size: 12pt;\"><a href=\"http:\/\/www.facebook.com\/pages\/Subdirecci%C3%B3n-de-la-Facultad-de-Ingenier%C3%ADa-Mexicali-UABC\/422553107793433\" target=\"_blank\" rel=\"follow no noopener\">Facebook Subdirecci\u00f3n FIM<\/a><\/span><\/p><p><span style=\"font-size: 12pt;\"><a href=\"https:\/\/www.facebook.com\/troncocomun.troncocomun?fref=ts\" target=\"_blank\" rel=\"follow no noopener\">Facebook Tronco Com\u00fan<\/a><\/span><\/p>\t\t\t\t\t\t\t\t<\/div>\n\t\t\t\t<\/div>\n\t\t\t\t<\/div>\n\t\t\t\t<\/div>\n\t\t\t\t<\/div>\n\t\t\t\t<\/div>\n\t\t","protected":false},"excerpt":{"rendered":"<p>Planes de Clases En esta secci\u00f3n encontrar\u00e1 los planes de clases de las unidades de aprendizaje correspondientes a Tronco Com\u00fan. Estos planes de clase han sido elaborados por docentes de esta \u00e1rea. \u00a0 Puede usarlos como gu\u00eda para impartir sus clases y puede hacer las observaciones que considere necesarias dirigi\u00e9ndose al coordinador de la unidad [&hellip;]<\/p>\n","protected":false},"author":3,"featured_media":0,"parent":0,"menu_order":0,"comment_status":"closed","ping_status":"closed","template":"","meta":{"site-sidebar-layout":"no-sidebar","site-content-layout":"page-builder","ast-site-content-layout":"full-width-container","site-content-style":"default","site-sidebar-style":"default","ast-global-header-display":"","ast-banner-title-visibility":"","ast-main-header-display":"","ast-hfb-above-header-display":"","ast-hfb-below-header-display":"","ast-hfb-mobile-header-display":"","site-post-title":"disabled","ast-breadcrumbs-content":"","ast-featured-img":"disabled","footer-sml-layout":"","ast-disable-related-posts":"","theme-transparent-header-meta":"default","adv-header-id-meta":"","stick-header-meta":"","header-above-stick-meta":"","header-main-stick-meta":"","header-below-stick-meta":"","astra-migrate-meta-layouts":"set","ast-page-background-enabled":"default","ast-page-background-meta":{"desktop":{"background-color":"","background-image":"","background-repeat":"repeat","background-position":"center center","background-size":"auto","background-attachment":"scroll","background-type":"","background-media":"","overlay-type":"","overlay-color":"","overlay-opacity":"","overlay-gradient":""},"tablet":{"background-color":"","background-image":"","background-repeat":"repeat","background-position":"center center","background-size":"auto","background-attachment":"scroll","background-type":"","background-media":"","overlay-type":"","overlay-color":"","overlay-opacity":"","overlay-gradient":""},"mobile":{"background-color":"","background-image":"","background-repeat":"repeat","background-position":"center center","background-size":"auto","background-attachment":"scroll","background-type":"","background-media":"","overlay-type":"","overlay-color":"","overlay-opacity":"","overlay-gradient":""}},"ast-content-background-meta":{"desktop":{"background-color":"var(--ast-global-color-5)","background-image":"","background-repeat":"repeat","background-position":"center center","background-size":"auto","background-attachment":"scroll","background-type":"","background-media":"","overlay-type":"","overlay-color":"","overlay-opacity":"","overlay-gradient":""},"tablet":{"background-color":"var(--ast-global-color-5)","background-image":"","background-repeat":"repeat","background-position":"center center","background-size":"auto","background-attachment":"scroll","background-type":"","background-media":"","overlay-type":"","overlay-color":"","overlay-opacity":"","overlay-gradient":""},"mobile":{"background-color":"var(--ast-global-color-5)","background-image":"","background-repeat":"repeat","background-position":"center center","background-size":"auto","background-attachment":"scroll","background-type":"","background-media":"","overlay-type":"","overlay-color":"","overlay-opacity":"","overlay-gradient":""}},"footnotes":""},"class_list":["post-4665","page","type-page","status-publish","hentry"],"_links":{"self":[{"href":"https:\/\/ingenieria.mxl.uabc.mx\/tc_fim\/wp-json\/wp\/v2\/pages\/4665","targetHints":{"allow":["GET"]}}],"collection":[{"href":"https:\/\/ingenieria.mxl.uabc.mx\/tc_fim\/wp-json\/wp\/v2\/pages"}],"about":[{"href":"https:\/\/ingenieria.mxl.uabc.mx\/tc_fim\/wp-json\/wp\/v2\/types\/page"}],"author":[{"embeddable":true,"href":"https:\/\/ingenieria.mxl.uabc.mx\/tc_fim\/wp-json\/wp\/v2\/users\/3"}],"replies":[{"embeddable":true,"href":"https:\/\/ingenieria.mxl.uabc.mx\/tc_fim\/wp-json\/wp\/v2\/comments?post=4665"}],"version-history":[{"count":10,"href":"https:\/\/ingenieria.mxl.uabc.mx\/tc_fim\/wp-json\/wp\/v2\/pages\/4665\/revisions"}],"predecessor-version":[{"id":5245,"href":"https:\/\/ingenieria.mxl.uabc.mx\/tc_fim\/wp-json\/wp\/v2\/pages\/4665\/revisions\/5245"}],"wp:attachment":[{"href":"https:\/\/ingenieria.mxl.uabc.mx\/tc_fim\/wp-json\/wp\/v2\/media?parent=4665"}],"curies":[{"name":"wp","href":"https:\/\/api.w.org\/{rel}","templated":true}]}}