{"id":4709,"date":"2024-02-23T12:58:44","date_gmt":"2024-02-23T20:58:44","guid":{"rendered":"https:\/\/ingenieria.mxl.uabc.mx\/tc_fim\/?page_id=4709"},"modified":"2026-01-09T15:47:57","modified_gmt":"2026-01-09T23:47:57","slug":"reportes-tecnicos-ava-funciones","status":"publish","type":"page","link":"https:\/\/ingenieria.mxl.uabc.mx\/tc_fim\/reportes-tecnicos-ava-funciones\/","title":{"rendered":"Reportes Tecnicos &#8211; AVA Funciones y Derivadas"},"content":{"rendered":"\t\t<div data-elementor-type=\"wp-page\" data-elementor-id=\"4709\" class=\"elementor elementor-4709\">\n\t\t\t\t<div class=\"elementor-element elementor-element-a32812a e-con-full e-flex e-con e-parent\" data-id=\"a32812a\" data-element_type=\"container\" data-e-type=\"container\">\n\t\t<div class=\"elementor-element elementor-element-d700dbe e-con-full e-flex e-con e-child\" data-id=\"d700dbe\" data-element_type=\"container\" data-e-type=\"container\">\n\t\t<div class=\"elementor-element elementor-element-7f8a134 e-con-full e-flex e-con e-child\" data-id=\"7f8a134\" data-element_type=\"container\" data-e-type=\"container\" data-settings=\"{&quot;background_background&quot;:&quot;classic&quot;}\">\n\t\t\t\t<div class=\"elementor-element elementor-element-7e30e08 elementor-widget elementor-widget-heading\" data-id=\"7e30e08\" data-element_type=\"widget\" data-e-type=\"widget\" data-widget_type=\"heading.default\">\n\t\t\t\t<div class=\"elementor-widget-container\">\n\t\t\t\t\t<h1 class=\"elementor-heading-title elementor-size-default\">AVA Funciones y derivadas<\/h1>\t\t\t\t<\/div>\n\t\t\t\t<\/div>\n\t\t\t\t<div class=\"elementor-element elementor-element-66d7613 elementor-widget-divider--view-line elementor-widget elementor-widget-divider\" data-id=\"66d7613\" data-element_type=\"widget\" data-e-type=\"widget\" data-widget_type=\"divider.default\">\n\t\t\t\t<div class=\"elementor-widget-container\">\n\t\t\t\t\t\t\t<div class=\"elementor-divider\">\n\t\t\t<span class=\"elementor-divider-separator\">\n\t\t\t\t\t\t<\/span>\n\t\t<\/div>\n\t\t\t\t\t\t<\/div>\n\t\t\t\t<\/div>\n\t\t\t\t<div class=\"elementor-element elementor-element-15ff8cb elementor-widget elementor-widget-text-editor\" data-id=\"15ff8cb\" data-element_type=\"widget\" data-e-type=\"widget\" data-widget_type=\"text-editor.default\">\n\t\t\t\t<div class=\"elementor-widget-container\">\n\t\t\t\t\t\t\t\t\t<p><span style=\"font-size: 14pt;\">El Ambiente Virtual de Aprendizaje (AVA) Funciones y Derivadas, tiene el prop\u00f3sito de\u00a0mejorar las habilidades matem\u00e1ticas, espec\u00edficamente en el campo del c\u00e1lculo\u00a0diferencial, de manera que el desempe\u00f1o de los estudiantes en los cursos\u00a0subsecuentes como c\u00e1lculo integral, multivariable y ecuaciones diferenciales sea m\u00e1s\u00a0provechoso y obtengan mejores rendimientos.<br \/><br \/><\/span><span style=\"font-size: 14pt;\">El AVA se desarrolla completamente en la plataforma Blackboard y contiene recursos, materiales y aplicaciones que los alumnos pueden utilizar, tambi\u00e9n incluye sondeos programados (que pueden hacer hasta en dos intentos conservando la puntuaci\u00f3n m\u00e1s alta) para cada meta y de cada unidad.<br \/><br \/><\/span><span style=\"font-size: 14pt;\">El resultado de dichos sondeos conforma la calificaci\u00f3n del estudiante en el AVA.\u00a0Dichas calificaciones son notificadas en tiempo y forma a su respectivo profesor de\u00a0C\u00e1lculo Integral al igual que se muestran a la Academia de Matem\u00e1ticas las estad\u00edsticas\u00a0correspondientes.<br \/><br \/><\/span><\/p><ul><li><span style=\"font-size: 14pt;\">Reporte T\u00e9cnico AVA Funciones y Derivadas 2025-2 (<a href=\"https:\/\/drive.google.com\/file\/d\/15ZxTxeCFP9T2BOv4FU74nRFxXZpzuzEY\/view?usp=drive_link\" target=\"_blank\" rel=\"noopener noreferrer\">Descargar Reporte<\/a>)<\/span><\/li><li><span style=\"font-size: 14pt;\">Reporte T\u00e9cnico AVA Funciones y Derivadas 2025-1 (<a href=\"https:\/\/drive.google.com\/file\/d\/1coCQL-6pfg06Xe8JOJUld8dcxVz-6pKF\/view?usp=drive_link\" target=\"_blank\" rel=\"noopener noreferrer\">Descargar Reporte<\/a>)<\/span><\/li><li><span style=\"font-size: 14pt;\">Reporte T\u00e9cnico AVA Funciones y Derivadas 2024-2 (<a href=\"https:\/\/drive.google.com\/file\/d\/1VXVgAMDYrR6JX7LQhxonmNoeq4E6J1ny\/view?usp=drive_link\" target=\"_blank\" rel=\"noopener noreferrer\">Descargar Reporte<\/a>)<\/span><\/li><li><span style=\"font-size: 14pt;\">Reporte T\u00e9cnico AVA Funciones y Derivadas 2024-1 (<a href=\"https:\/\/drive.google.com\/file\/d\/1DxpqbnkIt5kiHuJp07t7KeEMsiLnc7-7\/view?usp=drive_link\" target=\"_blank\" rel=\"noopener noreferrer\">Descargar Reporte<\/a>)<\/span><\/li><li><span style=\"font-size: 14pt;\">Reporte T\u00e9cnico AVA Funciones y Derivadas 2023-2 (<a href=\"https:\/\/drive.google.com\/file\/d\/1u9CrjvptvdxDczLuABFnKJK134XacFaJ\/view?usp=drive_link\" target=\"_blank\" rel=\"noopener noreferrer\">Descargar Reporte<\/a>)<\/span><\/li><li><span style=\"font-size: 14pt;\">Reporte T\u00e9cnico AVA Funciones y Derivadas 2023-1 (<a href=\"https:\/\/drive.google.com\/file\/d\/17Oy6E8Ja55f2LhBGbg0toc1hCGxmU0I0\/view?usp=drive_link\" target=\"_blank\" rel=\"noopener noreferrer\">Descargar Reporte<\/a>)<\/span><\/li><li><span style=\"font-size: 14pt;\">Reporte T\u00e9cnico AVA Funciones y Derivadas 2022-2 (<a href=\"https:\/\/drive.google.com\/file\/d\/13qR0nxkg345ZH-pvhPN-rzhN7JF7f6V2\/view?usp=drive_link\" target=\"_blank\" rel=\"noopener noreferrer\">Descargar Reporte<\/a>)<\/span><\/li><li><span style=\"font-size: 14pt;\">Reporte T\u00e9cnico AVA Funciones y Derivadas 2022-1 (<a href=\"https:\/\/drive.google.com\/file\/d\/1HD4RB6x1lFCD1M912sL2XS5OFY8GjAoe\/view?usp=drive_link\" target=\"_blank\" rel=\"noopener noreferrer\">Descargar Reporte<\/a>)<\/span><\/li><li><span style=\"font-size: 14pt;\">Reporte T\u00e9cnico AVA Funciones y Derivadas 2021-2 (<a href=\"https:\/\/drive.google.com\/file\/d\/1YxbH-3lePFNC5osbULAfOdaFqDulxw5A\/view?usp=drive_link\" target=\"_blank\" rel=\"noopener noreferrer\">Descargar Reporte<\/a>)<\/span><\/li><li><span style=\"font-size: 14pt;\">Reporte T\u00e9cnico AVA Funciones y Derivadas 2021-1 (<a href=\"https:\/\/drive.google.com\/file\/d\/1E64xX3dhQwDpelYdoCO0gombq7A0DXlR\/view?usp=drive_link\" target=\"_blank\" rel=\"noopener noreferrer\">Descargar Reporte<\/a>)<\/span><\/li><\/ul>\t\t\t\t\t\t\t\t<\/div>\n\t\t\t\t<\/div>\n\t\t\t\t<\/div>\n\t\t\t\t<\/div>\n\t\t<div class=\"elementor-element elementor-element-7f413a1 e-con-full e-flex e-con e-child\" data-id=\"7f413a1\" data-element_type=\"container\" data-e-type=\"container\">\n\t\t<div class=\"elementor-element elementor-element-0f972e2 e-con-full e-flex e-con e-child\" data-id=\"0f972e2\" data-element_type=\"container\" data-e-type=\"container\" data-settings=\"{&quot;background_background&quot;:&quot;classic&quot;}\">\n\t\t\t\t<div class=\"elementor-element elementor-element-1cc6521 elementor-widget elementor-widget-heading\" data-id=\"1cc6521\" data-element_type=\"widget\" data-e-type=\"widget\" data-widget_type=\"heading.default\">\n\t\t\t\t<div class=\"elementor-widget-container\">\n\t\t\t\t\t<h2 class=\"elementor-heading-title elementor-size-default\">CONTACTO<\/h2>\t\t\t\t<\/div>\n\t\t\t\t<\/div>\n\t\t\t\t<div class=\"elementor-element elementor-element-a38254b elementor-widget-divider--view-line elementor-widget elementor-widget-divider\" data-id=\"a38254b\" data-element_type=\"widget\" data-e-type=\"widget\" data-widget_type=\"divider.default\">\n\t\t\t\t<div class=\"elementor-widget-container\">\n\t\t\t\t\t\t\t<div class=\"elementor-divider\">\n\t\t\t<span class=\"elementor-divider-separator\">\n\t\t\t\t\t\t<\/span>\n\t\t<\/div>\n\t\t\t\t\t\t<\/div>\n\t\t\t\t<\/div>\n\t\t\t\t<div class=\"elementor-element elementor-element-1312f45 elementor-widget elementor-widget-text-editor\" data-id=\"1312f45\" data-element_type=\"widget\" data-e-type=\"widget\" data-widget_type=\"text-editor.default\">\n\t\t\t\t<div class=\"elementor-widget-container\">\n\t\t\t\t\t\t\t\t\t<p><span style=\"color: #339966; font-size: 10pt;\"><strong>Dra. Ana Dolores Mart\u00ednez Molina<\/strong><\/span><br \/><span style=\"font-size: 10pt;\"><em><span style=\"color: #ffcc00;\"><strong>Responsable de Tronco Com\u00fan<br \/><br \/><\/strong><\/span><\/em><\/span><\/p><p><span style=\"font-size: 10pt;\"><strong><span style=\"color: #339966;\">Email:<\/span> <span style=\"color: #000000;\"><a style=\"color: #000000;\" href=\"mailto:troncocomun_fim@uabc.edu.mx\">troncocomun_fim@uabc.edu.mx<\/a><\/span><\/strong><\/span><br \/><span style=\"font-size: 10pt;\"><strong><span style=\"color: #339966;\">Tel\u00e9fono:<\/span> +52 (686) 841-82-35 <\/strong><\/span><\/p><p><span style=\"font-size: 10pt;\"><strong><span style=\"color: #339966;\">Ext.<\/span> 44487<\/strong><\/span><\/p>\t\t\t\t\t\t\t\t<\/div>\n\t\t\t\t<\/div>\n\t\t\t\t<\/div>\n\t\t<div class=\"elementor-element elementor-element-a58e6d3 e-con-full e-flex e-con e-child\" data-id=\"a58e6d3\" data-element_type=\"container\" data-e-type=\"container\" data-settings=\"{&quot;background_background&quot;:&quot;classic&quot;}\">\n\t\t\t\t<div class=\"elementor-element elementor-element-7b8d082 elementor-widget elementor-widget-heading\" data-id=\"7b8d082\" data-element_type=\"widget\" data-e-type=\"widget\" data-widget_type=\"heading.default\">\n\t\t\t\t<div class=\"elementor-widget-container\">\n\t\t\t\t\t<h2 class=\"elementor-heading-title elementor-size-default\">ENLACES<\/h2>\t\t\t\t<\/div>\n\t\t\t\t<\/div>\n\t\t\t\t<div class=\"elementor-element elementor-element-01a103b elementor-widget-divider--view-line elementor-widget elementor-widget-divider\" data-id=\"01a103b\" data-element_type=\"widget\" data-e-type=\"widget\" data-widget_type=\"divider.default\">\n\t\t\t\t<div class=\"elementor-widget-container\">\n\t\t\t\t\t\t\t<div class=\"elementor-divider\">\n\t\t\t<span class=\"elementor-divider-separator\">\n\t\t\t\t\t\t<\/span>\n\t\t<\/div>\n\t\t\t\t\t\t<\/div>\n\t\t\t\t<\/div>\n\t\t\t\t<div class=\"elementor-element elementor-element-424f77f elementor-widget elementor-widget-text-editor\" data-id=\"424f77f\" data-element_type=\"widget\" data-e-type=\"widget\" data-widget_type=\"text-editor.default\">\n\t\t\t\t<div class=\"elementor-widget-container\">\n\t\t\t\t\t\t\t\t\t<p><span style=\"font-size: 12pt;\"><a href=\"https:\/\/www.facebook.com\/pages\/Direcci%C3%B3n-FIM-UABC\/340160902766104?fref=ts\" target=\"_blank\" rel=\"follow no noopener\">Facebook Direcci\u00f3n FIM<\/a><\/span><\/p><p><span style=\"font-size: 12pt;\"><a href=\"http:\/\/www.facebook.com\/pages\/Subdirecci%C3%B3n-de-la-Facultad-de-Ingenier%C3%ADa-Mexicali-UABC\/422553107793433\" target=\"_blank\" rel=\"follow no noopener\">Facebook Subdirecci\u00f3n FIM<\/a><\/span><\/p><p><span style=\"font-size: 12pt;\"><a href=\"https:\/\/www.facebook.com\/troncocomun.troncocomun?fref=ts\" target=\"_blank\" rel=\"follow no noopener\">Facebook Tronco Com\u00fan<\/a><\/span><\/p>\t\t\t\t\t\t\t\t<\/div>\n\t\t\t\t<\/div>\n\t\t\t\t<\/div>\n\t\t\t\t<\/div>\n\t\t\t\t<\/div>\n\t\t\t\t<\/div>\n\t\t","protected":false},"excerpt":{"rendered":"<p>AVA Funciones y derivadas El Ambiente Virtual de Aprendizaje (AVA) Funciones y Derivadas, tiene el prop\u00f3sito de\u00a0mejorar las habilidades matem\u00e1ticas, espec\u00edficamente en el campo del c\u00e1lculo\u00a0diferencial, de manera que el desempe\u00f1o de los estudiantes en los cursos\u00a0subsecuentes como c\u00e1lculo integral, multivariable y ecuaciones diferenciales sea m\u00e1s\u00a0provechoso y obtengan mejores rendimientos. El AVA se desarrolla completamente [&hellip;]<\/p>\n","protected":false},"author":3,"featured_media":0,"parent":0,"menu_order":0,"comment_status":"closed","ping_status":"closed","template":"","meta":{"site-sidebar-layout":"no-sidebar","site-content-layout":"page-builder","ast-site-content-layout":"full-width-container","site-content-style":"default","site-sidebar-style":"default","ast-global-header-display":"","ast-banner-title-visibility":"","ast-main-header-display":"","ast-hfb-above-header-display":"","ast-hfb-below-header-display":"","ast-hfb-mobile-header-display":"","site-post-title":"disabled","ast-breadcrumbs-content":"","ast-featured-img":"disabled","footer-sml-layout":"","ast-disable-related-posts":"","theme-transparent-header-meta":"default","adv-header-id-meta":"","stick-header-meta":"","header-above-stick-meta":"","header-main-stick-meta":"","header-below-stick-meta":"","astra-migrate-meta-layouts":"set","ast-page-background-enabled":"default","ast-page-background-meta":{"desktop":{"background-color":"","background-image":"","background-repeat":"repeat","background-position":"center center","background-size":"auto","background-attachment":"scroll","background-type":"","background-media":"","overlay-type":"","overlay-color":"","overlay-opacity":"","overlay-gradient":""},"tablet":{"background-color":"","background-image":"","background-repeat":"repeat","background-position":"center center","background-size":"auto","background-attachment":"scroll","background-type":"","background-media":"","overlay-type":"","overlay-color":"","overlay-opacity":"","overlay-gradient":""},"mobile":{"background-color":"","background-image":"","background-repeat":"repeat","background-position":"center center","background-size":"auto","background-attachment":"scroll","background-type":"","background-media":"","overlay-type":"","overlay-color":"","overlay-opacity":"","overlay-gradient":""}},"ast-content-background-meta":{"desktop":{"background-color":"var(--ast-global-color-5)","background-image":"","background-repeat":"repeat","background-position":"center center","background-size":"auto","background-attachment":"scroll","background-type":"","background-media":"","overlay-type":"","overlay-color":"","overlay-opacity":"","overlay-gradient":""},"tablet":{"background-color":"var(--ast-global-color-5)","background-image":"","background-repeat":"repeat","background-position":"center center","background-size":"auto","background-attachment":"scroll","background-type":"","background-media":"","overlay-type":"","overlay-color":"","overlay-opacity":"","overlay-gradient":""},"mobile":{"background-color":"var(--ast-global-color-5)","background-image":"","background-repeat":"repeat","background-position":"center center","background-size":"auto","background-attachment":"scroll","background-type":"","background-media":"","overlay-type":"","overlay-color":"","overlay-opacity":"","overlay-gradient":""}},"footnotes":""},"class_list":["post-4709","page","type-page","status-publish","hentry"],"_links":{"self":[{"href":"https:\/\/ingenieria.mxl.uabc.mx\/tc_fim\/wp-json\/wp\/v2\/pages\/4709","targetHints":{"allow":["GET"]}}],"collection":[{"href":"https:\/\/ingenieria.mxl.uabc.mx\/tc_fim\/wp-json\/wp\/v2\/pages"}],"about":[{"href":"https:\/\/ingenieria.mxl.uabc.mx\/tc_fim\/wp-json\/wp\/v2\/types\/page"}],"author":[{"embeddable":true,"href":"https:\/\/ingenieria.mxl.uabc.mx\/tc_fim\/wp-json\/wp\/v2\/users\/3"}],"replies":[{"embeddable":true,"href":"https:\/\/ingenieria.mxl.uabc.mx\/tc_fim\/wp-json\/wp\/v2\/comments?post=4709"}],"version-history":[{"count":37,"href":"https:\/\/ingenieria.mxl.uabc.mx\/tc_fim\/wp-json\/wp\/v2\/pages\/4709\/revisions"}],"predecessor-version":[{"id":5325,"href":"https:\/\/ingenieria.mxl.uabc.mx\/tc_fim\/wp-json\/wp\/v2\/pages\/4709\/revisions\/5325"}],"wp:attachment":[{"href":"https:\/\/ingenieria.mxl.uabc.mx\/tc_fim\/wp-json\/wp\/v2\/media?parent=4709"}],"curies":[{"name":"wp","href":"https:\/\/api.w.org\/{rel}","templated":true}]}}